{"id":58249,"date":"2026-04-29T08:59:19","date_gmt":"2026-04-29T05:59:19","guid":{"rendered":"https:\/\/miumjau.ee\/?post_type=product&#038;p=58249"},"modified":"2026-04-29T09:05:03","modified_gmt":"2026-04-29T06:05:03","slug":"ibero-natural-mini-adult-ar-iberijas-cukas-un-jera-galu-3-kg-kopeeri","status":"publish","type":"product","link":"https:\/\/miumjau.ee\/lv\/produkts\/ibero-natural-mini-adult-ar-iberijas-cukas-un-jera-galu-3-kg-kopeeri\/","title":{"rendered":"Ibero Natural Mini Adult ar Ib\u0113rijas c\u016bkas un j\u0113ra ga\u013cu 12kg"},"content":{"rendered":"","protected":false},"excerpt":{"rendered":"<p data-start=\"100\" data-end=\"670\">Suns, t\u0101pat k\u0101 t\u0101 sen\u010di vilki, prasa daudzveid\u012bgu bar\u012bbu, kas nodro\u0161ina visas nepiecie\u0161am\u0101s uzturvielas un uztur to lielisk\u0101 form\u0101. Ibero NATURAL bar\u012bbas rad\u012b\u0161anas iedvesma n\u0101kusi no Ib\u0113rijas vilkiem, kuri sav\u0101 dzimten\u0113 med\u012b galvenok\u0101rt pusm\u012bl\u0101s meln\u0101s c\u016bkas, bet ar\u012b j\u0113rus, brie\u017eus un citus z\u012bd\u012bt\u0101jus. \u0160o dabisko ciklu iev\u0113ro ar\u012b m\u016bsdienu su\u0146u baro\u0161anas tendences, kur Ibero NATURAL superpremium klases bar\u012bbas ra\u017eo\u0161an\u0101 tiek izmantotas tikai kvalitat\u012bvas, viet\u0113j\u0101s Sp\u0101nijas saimniec\u012bb\u0101s audz\u0113tas dab\u012bgas sast\u0101vda\u013cas. Galven\u0101s sast\u0101vda\u013cas ir Ib\u0113rijas c\u016bkas un j\u0113ra ga\u013ca.<\/p>\n<p data-start=\"672\" data-end=\"773\">Ibero NATURAL pieaugu\u0161o mazu un mini \u0161\u0137ir\u0146u su\u0146iem (l\u012bdz 10\u202fkg). Piem\u0113rots su\u0146iem no 1 gada vecuma.<\/p>\n<p data-start=\"775\" data-end=\"1237\">Ibero Natural graudi satur zemu graudu daudzumu \u2013 graudos tiek izmantots tikai br\u016bnais r\u012bss. Pilngraudu r\u012bss netiek apstr\u0101d\u0101ts, t\u0101d\u0113j\u0101di saglab\u0101jot vair\u0101k \u0161\u0137iedrvielu (svar\u012bgi norm\u0101lai gremo\u0161anai), prote\u012bnus, fosforu, mang\u0101nu, dzelzi un magniju. Bar\u012bba ir hipoaler\u0123iska \u2013 nesatur sast\u0101vda\u013cas ar aler\u0123ijas potenci\u0101lu, piem\u0113ram, soju, kvie\u0161us, kukur\u016bzu, liellopa vai vistas ga\u013cu, blakusproduktus, cukuru, m\u0101ksl\u012bgus konservantus, aromatiz\u0113t\u0101jus, kr\u0101svielas vai \u0122MO.<\/p>\n<p data-start=\"1239\" data-end=\"1345\">100\u202f% dab\u012bga bar\u012bba, kas satur tikai augstas kvalit\u0101tes sast\u0101vda\u013cas no Sp\u0101nijas re\u0123ion\u0101l\u0101m saimniec\u012bb\u0101m.<\/p>\n<p data-start=\"1347\" data-end=\"1445\">Vair\u0101k nek\u0101 18\u202fkg svaigas Ib\u0113rijas c\u016bkas un j\u0113ra ga\u013cas izmantoti 12\u202fkg saus\u0101s bar\u012bbas ra\u017eo\u0161anai.<\/p>\n<p data-start=\"1447\" data-end=\"1604\">Hipoaler\u0123iska \u2013 nesatur izplat\u012btas aler\u0123ijas izraiso\u0161as sast\u0101vda\u013cas (liellopa ga\u013ca, vistas olbaltums, kvie\u0161i, kukur\u016bza, ola, soja), blakusproduktus un \u0122MO.<\/p>\n<p data-start=\"1606\" data-end=\"1752\">Bez glut\u0113na \u2013 graudu viet\u0101 tiek izmantots pilngraudu br\u016bnais r\u012bss, kas atbalsta gremo\u0161anu, pateicoties \u0161\u0137iedrviel\u0101m un saglab\u0101taj\u0101m uzturviel\u0101m.<\/p>\n<p data-start=\"1754\" data-end=\"1816\">Bez m\u0101ksl\u012bgiem konservantiem, kr\u0101sviel\u0101m un aromatiz\u0113t\u0101jiem.<\/p>\n<p data-start=\"1818\" data-end=\"2001\">Pievienotas funkcion\u0101las sast\u0101vda\u013cas: alus raugs (MOS, \u03b2-glik\u0101ni), zivju e\u013c\u013ca (omega\u20113), inul\u012bns (FOS), glikozam\u012bns, hondroit\u012bns, juka, j\u016bras a\u013c\u0123es, \u010dia s\u0113klas, karobu milti, taur\u012bns.<\/p>\n<p data-start=\"2003\" data-end=\"2510\"><strong data-start=\"2003\" data-end=\"2015\">Sast\u0101vs:<\/strong> kalt\u0113ta Ib\u0113rijas c\u016bkas un j\u0113ra ga\u013ca (38\u202f%), br\u016bnais r\u012bss (28\u202f%), putnu tauki (10\u202f%), zir\u0146i (8\u202f%), karobu milti (2\u202f%), kalt\u0113ta bietes masa (2\u202f%), ol\u012bvu ekstrakts, alus raugs un rauga ekstrakti (MOS un \u03b2-glik\u0101nu avots), zir\u0146u \u0161\u0137iedra, hidroliz\u0113ts c\u016bkas olbaltums, zivju e\u013c\u013ca (omega\u20113 avots), inul\u012bns (FOS avots), \u010dia s\u0113klas (omega\u20113 un \u0161\u0137iedrvielu avots), j\u016bras a\u013c\u0123es (Ascophyllum nodosum), hidroliz\u0113ti j\u016bras mo\u0161\u0137i (glikozam\u012bna avots), hidroliz\u0113ts skrimslis (kondro\u012bt\u012bna avots), Yucca schidigera.<\/p>\n<p data-start=\"2512\" data-end=\"2691\"><strong data-start=\"2512\" data-end=\"2537\">Anal\u012btiskais sast\u0101vs:<\/strong> kopprote\u012bns 29\u202f%, koptauki 16\u202f%, kop\u0161\u0137iedra 2,5\u202f%, koppele 7,6\u202f%, kalcijs 1,75\u202f%, fosfors 1\u202f%, mitrums 9\u202f%, glikozam\u012bns 320\u202fmg\/kg, hondroit\u012bns 200\u202fmg\/kg.<\/p>\n<p data-start=\"2693\" data-end=\"2942\"><strong data-start=\"2693\" data-end=\"2706\">Piedevas:<\/strong> A vitam\u012bns 15\u202f000\u202fIU\/kg, D3 vitam\u012bns 1\u202f800\u202fIU\/kg, E vitam\u012bns 200\u202fmg\/kg, C vitam\u012bns 100\u202fmg\/kg, L-karnit\u012bns 40\u202fmg\/kg, taur\u012bns 500\u202fmg\/kg, dzelzs 75\u202fmg\/kg, var\u0161 10\u202fmg\/kg, mang\u0101ns 25\u202fmg\/kg, cinks 110\u202fmg\/kg, jods 2\u202fmg\/kg, sel\u0113ns 0,1\u202fmg\/kg.<\/p>\n<p data-start=\"2944\" data-end=\"2993\"><strong data-start=\"2944\" data-end=\"2978\">Metaboliski pieejam\u0101 ener\u0123ija:<\/strong> 3\u202f825\u202fkcal\/kg.<\/p>\n","protected":false},"featured_media":58254,"template":"","meta":[],"product_brand":[],"product_cat":[573,575],"product_tag":[],"class_list":{"0":"post-58249","1":"product","2":"type-product","3":"status-publish","4":"has-post-thumbnail","6":"product_cat-kaup24-lv","7":"product_cat-sausa-bariba-suniem","9":"first","10":"instock","11":"taxable","12":"shipping-taxable","13":"purchasable","14":"product-type-simple"},"yoast_head":"<!-- This site is optimized with the Yoast SEO plugin v27.4 - https:\/\/yoast.com\/product\/yoast-seo-wordpress\/ -->\n<title>Ibero Natural Mini Adult ar Ib\u0113rijas c\u016bkas un j\u0113ra ga\u013cu 12kg - MiuMjau<\/title>\n<meta name=\"robots\" content=\"index, follow, max-snippet:-1, max-image-preview:large, max-video-preview:-1\" \/>\n<link rel=\"canonical\" href=\"https:\/\/miumjau.ee\/lv\/produkts\/ibero-natural-mini-adult-ar-iberijas-cukas-un-jera-galu-3-kg-kopeeri\/\" \/>\n<meta property=\"og:locale\" content=\"lv_LV\" \/>\n<meta property=\"og:type\" content=\"article\" \/>\n<meta property=\"og:title\" content=\"Ibero Natural Mini Adult ar Ib\u0113rijas c\u016bkas un j\u0113ra ga\u013cu 12kg - MiuMjau\" \/>\n<meta property=\"og:description\" content=\"Suns, t\u0101pat k\u0101 t\u0101 sen\u010di vilki, prasa daudzveid\u012bgu bar\u012bbu, kas nodro\u0161ina visas nepiecie\u0161am\u0101s uzturvielas un uztur to lielisk\u0101 form\u0101. Ibero NATURAL bar\u012bbas rad\u012b\u0161anas iedvesma n\u0101kusi no Ib\u0113rijas vilkiem, kuri sav\u0101 dzimten\u0113 med\u012b galvenok\u0101rt pusm\u012bl\u0101s meln\u0101s c\u016bkas, bet ar\u012b j\u0113rus, brie\u017eus un citus z\u012bd\u012bt\u0101jus. \u0160o dabisko ciklu iev\u0113ro ar\u012b m\u016bsdienu su\u0146u baro\u0161anas tendences, kur Ibero NATURAL superpremium klases bar\u012bbas ra\u017eo\u0161an\u0101 tiek izmantotas tikai kvalitat\u012bvas, viet\u0113j\u0101s Sp\u0101nijas saimniec\u012bb\u0101s audz\u0113tas dab\u012bgas sast\u0101vda\u013cas. Galven\u0101s sast\u0101vda\u013cas ir Ib\u0113rijas c\u016bkas un j\u0113ra ga\u013ca. Ibero NATURAL pieaugu\u0161o mazu un mini \u0161\u0137ir\u0146u su\u0146iem (l\u012bdz 10\u202fkg). Piem\u0113rots su\u0146iem no 1 gada vecuma. Ibero Natural graudi satur zemu graudu daudzumu \u2013 graudos tiek izmantots tikai br\u016bnais r\u012bss. Pilngraudu r\u012bss netiek apstr\u0101d\u0101ts, t\u0101d\u0113j\u0101di saglab\u0101jot vair\u0101k \u0161\u0137iedrvielu (svar\u012bgi norm\u0101lai gremo\u0161anai), prote\u012bnus, fosforu, mang\u0101nu, dzelzi un magniju. Bar\u012bba ir hipoaler\u0123iska \u2013 nesatur sast\u0101vda\u013cas ar aler\u0123ijas potenci\u0101lu, piem\u0113ram, soju, kvie\u0161us, kukur\u016bzu, liellopa vai vistas ga\u013cu, blakusproduktus, cukuru, m\u0101ksl\u012bgus konservantus, aromatiz\u0113t\u0101jus, kr\u0101svielas vai \u0122MO. 100\u202f% dab\u012bga bar\u012bba, kas satur tikai augstas kvalit\u0101tes sast\u0101vda\u013cas no Sp\u0101nijas re\u0123ion\u0101l\u0101m saimniec\u012bb\u0101m. Vair\u0101k nek\u0101 18\u202fkg svaigas Ib\u0113rijas c\u016bkas un j\u0113ra ga\u013cas izmantoti 12\u202fkg saus\u0101s bar\u012bbas ra\u017eo\u0161anai. Hipoaler\u0123iska \u2013 nesatur izplat\u012btas aler\u0123ijas izraiso\u0161as sast\u0101vda\u013cas (liellopa ga\u013ca, vistas olbaltums, kvie\u0161i, kukur\u016bza, ola, soja), blakusproduktus un \u0122MO. Bez glut\u0113na \u2013 graudu viet\u0101 tiek izmantots pilngraudu br\u016bnais r\u012bss, kas atbalsta gremo\u0161anu, pateicoties \u0161\u0137iedrviel\u0101m un saglab\u0101taj\u0101m uzturviel\u0101m. Bez m\u0101ksl\u012bgiem konservantiem, kr\u0101sviel\u0101m un aromatiz\u0113t\u0101jiem. Pievienotas funkcion\u0101las sast\u0101vda\u013cas: alus raugs (MOS, \u03b2-glik\u0101ni), zivju e\u013c\u013ca (omega\u20113), inul\u012bns (FOS), glikozam\u012bns, hondroit\u012bns, juka, j\u016bras a\u013c\u0123es, \u010dia s\u0113klas, karobu milti, taur\u012bns. Sast\u0101vs: kalt\u0113ta Ib\u0113rijas c\u016bkas un j\u0113ra ga\u013ca (38\u202f%), br\u016bnais r\u012bss (28\u202f%), putnu tauki (10\u202f%), zir\u0146i (8\u202f%), karobu milti (2\u202f%), kalt\u0113ta bietes masa (2\u202f%), ol\u012bvu ekstrakts, alus raugs un rauga ekstrakti (MOS un \u03b2-glik\u0101nu avots), zir\u0146u \u0161\u0137iedra, hidroliz\u0113ts c\u016bkas olbaltums, zivju e\u013c\u013ca (omega\u20113 avots), inul\u012bns (FOS avots), \u010dia s\u0113klas (omega\u20113 un \u0161\u0137iedrvielu avots), j\u016bras a\u013c\u0123es (Ascophyllum nodosum), hidroliz\u0113ti j\u016bras mo\u0161\u0137i (glikozam\u012bna avots), hidroliz\u0113ts skrimslis (kondro\u012bt\u012bna avots), Yucca schidigera. Anal\u012btiskais sast\u0101vs: kopprote\u012bns 29\u202f%, koptauki 16\u202f%, kop\u0161\u0137iedra 2,5\u202f%, koppele 7,6\u202f%, kalcijs 1,75\u202f%, fosfors 1\u202f%, mitrums 9\u202f%, glikozam\u012bns 320\u202fmg\/kg, hondroit\u012bns 200\u202fmg\/kg. Piedevas: A vitam\u012bns 15\u202f000\u202fIU\/kg, D3 vitam\u012bns 1\u202f800\u202fIU\/kg, E vitam\u012bns 200\u202fmg\/kg, C vitam\u012bns 100\u202fmg\/kg, L-karnit\u012bns 40\u202fmg\/kg, taur\u012bns 500\u202fmg\/kg, dzelzs 75\u202fmg\/kg, var\u0161 10\u202fmg\/kg, mang\u0101ns 25\u202fmg\/kg, cinks 110\u202fmg\/kg, jods 2\u202fmg\/kg, sel\u0113ns 0,1\u202fmg\/kg. Metaboliski pieejam\u0101 ener\u0123ija: 3\u202f825\u202fkcal\/kg.\" \/>\n<meta property=\"og:url\" content=\"https:\/\/miumjau.ee\/lv\/produkts\/ibero-natural-mini-adult-ar-iberijas-cukas-un-jera-galu-3-kg-kopeeri\/\" \/>\n<meta property=\"og:site_name\" content=\"MiuMjau\" \/>\n<meta property=\"article:publisher\" content=\"https:\/\/www.facebook.com\/miumjaupood\/\" \/>\n<meta property=\"article:modified_time\" content=\"2026-04-29T06:05:03+00:00\" \/>\n<meta property=\"og:image\" content=\"https:\/\/miumjau.ee\/wp-content\/uploads\/2026\/04\/ibero-mini-adult-12kg.jpg\" \/>\n\t<meta property=\"og:image:width\" content=\"600\" \/>\n\t<meta property=\"og:image:height\" content=\"800\" \/>\n\t<meta property=\"og:image:type\" content=\"image\/jpeg\" \/>\n<meta name=\"twitter:card\" content=\"summary_large_image\" \/>\n<script type=\"application\/ld+json\" class=\"yoast-schema-graph\">{\"@context\":\"https:\\\/\\\/schema.org\",\"@graph\":[{\"@type\":\"WebPage\",\"@id\":\"https:\\\/\\\/miumjau.ee\\\/lv\\\/produkts\\\/ibero-natural-mini-adult-ar-iberijas-cukas-un-jera-galu-3-kg-kopeeri\\\/\",\"url\":\"https:\\\/\\\/miumjau.ee\\\/lv\\\/produkts\\\/ibero-natural-mini-adult-ar-iberijas-cukas-un-jera-galu-3-kg-kopeeri\\\/\",\"name\":\"Ibero Natural Mini Adult ar Ib\u0113rijas c\u016bkas un j\u0113ra ga\u013cu 12kg - MiuMjau\",\"isPartOf\":{\"@id\":\"https:\\\/\\\/miumjau.ee\\\/#website\"},\"primaryImageOfPage\":{\"@id\":\"https:\\\/\\\/miumjau.ee\\\/lv\\\/produkts\\\/ibero-natural-mini-adult-ar-iberijas-cukas-un-jera-galu-3-kg-kopeeri\\\/#primaryimage\"},\"image\":{\"@id\":\"https:\\\/\\\/miumjau.ee\\\/lv\\\/produkts\\\/ibero-natural-mini-adult-ar-iberijas-cukas-un-jera-galu-3-kg-kopeeri\\\/#primaryimage\"},\"thumbnailUrl\":\"https:\\\/\\\/miumjau.ee\\\/wp-content\\\/uploads\\\/2026\\\/04\\\/ibero-mini-adult-12kg.jpg\",\"datePublished\":\"2026-04-29T05:59:19+00:00\",\"dateModified\":\"2026-04-29T06:05:03+00:00\",\"breadcrumb\":{\"@id\":\"https:\\\/\\\/miumjau.ee\\\/lv\\\/produkts\\\/ibero-natural-mini-adult-ar-iberijas-cukas-un-jera-galu-3-kg-kopeeri\\\/#breadcrumb\"},\"inLanguage\":\"lv-LV\",\"potentialAction\":[{\"@type\":\"ReadAction\",\"target\":[\"https:\\\/\\\/miumjau.ee\\\/lv\\\/produkts\\\/ibero-natural-mini-adult-ar-iberijas-cukas-un-jera-galu-3-kg-kopeeri\\\/\"]}]},{\"@type\":\"ImageObject\",\"inLanguage\":\"lv-LV\",\"@id\":\"https:\\\/\\\/miumjau.ee\\\/lv\\\/produkts\\\/ibero-natural-mini-adult-ar-iberijas-cukas-un-jera-galu-3-kg-kopeeri\\\/#primaryimage\",\"url\":\"https:\\\/\\\/miumjau.ee\\\/wp-content\\\/uploads\\\/2026\\\/04\\\/ibero-mini-adult-12kg.jpg\",\"contentUrl\":\"https:\\\/\\\/miumjau.ee\\\/wp-content\\\/uploads\\\/2026\\\/04\\\/ibero-mini-adult-12kg.jpg\",\"width\":600,\"height\":800,\"caption\":\"Ibero Natural Mini Adult Ibeeria sea ja lambaga 12kg\"},{\"@type\":\"BreadcrumbList\",\"@id\":\"https:\\\/\\\/miumjau.ee\\\/lv\\\/produkts\\\/ibero-natural-mini-adult-ar-iberijas-cukas-un-jera-galu-3-kg-kopeeri\\\/#breadcrumb\",\"itemListElement\":[{\"@type\":\"ListItem\",\"position\":1,\"name\":\"Home\",\"item\":\"https:\\\/\\\/miumjau.ee\\\/lv\\\/\"},{\"@type\":\"ListItem\",\"position\":2,\"name\":\"Veikals\",\"item\":\"https:\\\/\\\/miumjau.ee\\\/lv\\\/veikals\\\/\"},{\"@type\":\"ListItem\",\"position\":3,\"name\":\"Ibero Natural Mini Adult ar Ib\u0113rijas c\u016bkas un j\u0113ra ga\u013cu 12kg\"}]},{\"@type\":\"WebSite\",\"@id\":\"https:\\\/\\\/miumjau.ee\\\/#website\",\"url\":\"https:\\\/\\\/miumjau.ee\\\/\",\"name\":\"MiuMjau\",\"description\":\"Kraapimispuud kassidele\",\"publisher\":{\"@id\":\"https:\\\/\\\/miumjau.ee\\\/#organization\"},\"potentialAction\":[{\"@type\":\"SearchAction\",\"target\":{\"@type\":\"EntryPoint\",\"urlTemplate\":\"https:\\\/\\\/miumjau.ee\\\/?s={search_term_string}\"},\"query-input\":{\"@type\":\"PropertyValueSpecification\",\"valueRequired\":true,\"valueName\":\"search_term_string\"}}],\"inLanguage\":\"lv-LV\"},{\"@type\":\"Organization\",\"@id\":\"https:\\\/\\\/miumjau.ee\\\/#organization\",\"name\":\"MiuMjau O\u00dc\",\"url\":\"https:\\\/\\\/miumjau.ee\\\/\",\"logo\":{\"@type\":\"ImageObject\",\"inLanguage\":\"lv-LV\",\"@id\":\"https:\\\/\\\/miumjau.ee\\\/#\\\/schema\\\/logo\\\/image\\\/\",\"url\":\"https:\\\/\\\/miumjau.ee\\\/wp-content\\\/uploads\\\/2022\\\/04\\\/MiuMjau-logo-kollane.png\",\"contentUrl\":\"https:\\\/\\\/miumjau.ee\\\/wp-content\\\/uploads\\\/2022\\\/04\\\/MiuMjau-logo-kollane.png\",\"width\":219,\"height\":100,\"caption\":\"MiuMjau O\u00dc\"},\"image\":{\"@id\":\"https:\\\/\\\/miumjau.ee\\\/#\\\/schema\\\/logo\\\/image\\\/\"},\"sameAs\":[\"https:\\\/\\\/www.facebook.com\\\/miumjaupood\\\/\"]}]}<\/script>\n<!-- \/ Yoast SEO plugin. -->","yoast_head_json":{"title":"Ibero Natural Mini Adult ar Ib\u0113rijas c\u016bkas un j\u0113ra ga\u013cu 12kg - MiuMjau","robots":{"index":"index","follow":"follow","max-snippet":"max-snippet:-1","max-image-preview":"max-image-preview:large","max-video-preview":"max-video-preview:-1"},"canonical":"https:\/\/miumjau.ee\/lv\/produkts\/ibero-natural-mini-adult-ar-iberijas-cukas-un-jera-galu-3-kg-kopeeri\/","og_locale":"lv_LV","og_type":"article","og_title":"Ibero Natural Mini Adult ar Ib\u0113rijas c\u016bkas un j\u0113ra ga\u013cu 12kg - MiuMjau","og_description":"Suns, t\u0101pat k\u0101 t\u0101 sen\u010di vilki, prasa daudzveid\u012bgu bar\u012bbu, kas nodro\u0161ina visas nepiecie\u0161am\u0101s uzturvielas un uztur to lielisk\u0101 form\u0101. Ibero NATURAL bar\u012bbas rad\u012b\u0161anas iedvesma n\u0101kusi no Ib\u0113rijas vilkiem, kuri sav\u0101 dzimten\u0113 med\u012b galvenok\u0101rt pusm\u012bl\u0101s meln\u0101s c\u016bkas, bet ar\u012b j\u0113rus, brie\u017eus un citus z\u012bd\u012bt\u0101jus. \u0160o dabisko ciklu iev\u0113ro ar\u012b m\u016bsdienu su\u0146u baro\u0161anas tendences, kur Ibero NATURAL superpremium klases bar\u012bbas ra\u017eo\u0161an\u0101 tiek izmantotas tikai kvalitat\u012bvas, viet\u0113j\u0101s Sp\u0101nijas saimniec\u012bb\u0101s audz\u0113tas dab\u012bgas sast\u0101vda\u013cas. Galven\u0101s sast\u0101vda\u013cas ir Ib\u0113rijas c\u016bkas un j\u0113ra ga\u013ca. Ibero NATURAL pieaugu\u0161o mazu un mini \u0161\u0137ir\u0146u su\u0146iem (l\u012bdz 10\u202fkg). Piem\u0113rots su\u0146iem no 1 gada vecuma. Ibero Natural graudi satur zemu graudu daudzumu \u2013 graudos tiek izmantots tikai br\u016bnais r\u012bss. Pilngraudu r\u012bss netiek apstr\u0101d\u0101ts, t\u0101d\u0113j\u0101di saglab\u0101jot vair\u0101k \u0161\u0137iedrvielu (svar\u012bgi norm\u0101lai gremo\u0161anai), prote\u012bnus, fosforu, mang\u0101nu, dzelzi un magniju. Bar\u012bba ir hipoaler\u0123iska \u2013 nesatur sast\u0101vda\u013cas ar aler\u0123ijas potenci\u0101lu, piem\u0113ram, soju, kvie\u0161us, kukur\u016bzu, liellopa vai vistas ga\u013cu, blakusproduktus, cukuru, m\u0101ksl\u012bgus konservantus, aromatiz\u0113t\u0101jus, kr\u0101svielas vai \u0122MO. 100\u202f% dab\u012bga bar\u012bba, kas satur tikai augstas kvalit\u0101tes sast\u0101vda\u013cas no Sp\u0101nijas re\u0123ion\u0101l\u0101m saimniec\u012bb\u0101m. Vair\u0101k nek\u0101 18\u202fkg svaigas Ib\u0113rijas c\u016bkas un j\u0113ra ga\u013cas izmantoti 12\u202fkg saus\u0101s bar\u012bbas ra\u017eo\u0161anai. Hipoaler\u0123iska \u2013 nesatur izplat\u012btas aler\u0123ijas izraiso\u0161as sast\u0101vda\u013cas (liellopa ga\u013ca, vistas olbaltums, kvie\u0161i, kukur\u016bza, ola, soja), blakusproduktus un \u0122MO. Bez glut\u0113na \u2013 graudu viet\u0101 tiek izmantots pilngraudu br\u016bnais r\u012bss, kas atbalsta gremo\u0161anu, pateicoties \u0161\u0137iedrviel\u0101m un saglab\u0101taj\u0101m uzturviel\u0101m. Bez m\u0101ksl\u012bgiem konservantiem, kr\u0101sviel\u0101m un aromatiz\u0113t\u0101jiem. Pievienotas funkcion\u0101las sast\u0101vda\u013cas: alus raugs (MOS, \u03b2-glik\u0101ni), zivju e\u013c\u013ca (omega\u20113), inul\u012bns (FOS), glikozam\u012bns, hondroit\u012bns, juka, j\u016bras a\u013c\u0123es, \u010dia s\u0113klas, karobu milti, taur\u012bns. Sast\u0101vs: kalt\u0113ta Ib\u0113rijas c\u016bkas un j\u0113ra ga\u013ca (38\u202f%), br\u016bnais r\u012bss (28\u202f%), putnu tauki (10\u202f%), zir\u0146i (8\u202f%), karobu milti (2\u202f%), kalt\u0113ta bietes masa (2\u202f%), ol\u012bvu ekstrakts, alus raugs un rauga ekstrakti (MOS un \u03b2-glik\u0101nu avots), zir\u0146u \u0161\u0137iedra, hidroliz\u0113ts c\u016bkas olbaltums, zivju e\u013c\u013ca (omega\u20113 avots), inul\u012bns (FOS avots), \u010dia s\u0113klas (omega\u20113 un \u0161\u0137iedrvielu avots), j\u016bras a\u013c\u0123es (Ascophyllum nodosum), hidroliz\u0113ti j\u016bras mo\u0161\u0137i (glikozam\u012bna avots), hidroliz\u0113ts skrimslis (kondro\u012bt\u012bna avots), Yucca schidigera. Anal\u012btiskais sast\u0101vs: kopprote\u012bns 29\u202f%, koptauki 16\u202f%, kop\u0161\u0137iedra 2,5\u202f%, koppele 7,6\u202f%, kalcijs 1,75\u202f%, fosfors 1\u202f%, mitrums 9\u202f%, glikozam\u012bns 320\u202fmg\/kg, hondroit\u012bns 200\u202fmg\/kg. Piedevas: A vitam\u012bns 15\u202f000\u202fIU\/kg, D3 vitam\u012bns 1\u202f800\u202fIU\/kg, E vitam\u012bns 200\u202fmg\/kg, C vitam\u012bns 100\u202fmg\/kg, L-karnit\u012bns 40\u202fmg\/kg, taur\u012bns 500\u202fmg\/kg, dzelzs 75\u202fmg\/kg, var\u0161 10\u202fmg\/kg, mang\u0101ns 25\u202fmg\/kg, cinks 110\u202fmg\/kg, jods 2\u202fmg\/kg, sel\u0113ns 0,1\u202fmg\/kg. Metaboliski pieejam\u0101 ener\u0123ija: 3\u202f825\u202fkcal\/kg.","og_url":"https:\/\/miumjau.ee\/lv\/produkts\/ibero-natural-mini-adult-ar-iberijas-cukas-un-jera-galu-3-kg-kopeeri\/","og_site_name":"MiuMjau","article_publisher":"https:\/\/www.facebook.com\/miumjaupood\/","article_modified_time":"2026-04-29T06:05:03+00:00","og_image":[{"width":600,"height":800,"url":"https:\/\/miumjau.ee\/wp-content\/uploads\/2026\/04\/ibero-mini-adult-12kg.jpg","type":"image\/jpeg"}],"twitter_card":"summary_large_image","schema":{"@context":"https:\/\/schema.org","@graph":[{"@type":"WebPage","@id":"https:\/\/miumjau.ee\/lv\/produkts\/ibero-natural-mini-adult-ar-iberijas-cukas-un-jera-galu-3-kg-kopeeri\/","url":"https:\/\/miumjau.ee\/lv\/produkts\/ibero-natural-mini-adult-ar-iberijas-cukas-un-jera-galu-3-kg-kopeeri\/","name":"Ibero Natural Mini Adult ar Ib\u0113rijas c\u016bkas un j\u0113ra ga\u013cu 12kg - MiuMjau","isPartOf":{"@id":"https:\/\/miumjau.ee\/#website"},"primaryImageOfPage":{"@id":"https:\/\/miumjau.ee\/lv\/produkts\/ibero-natural-mini-adult-ar-iberijas-cukas-un-jera-galu-3-kg-kopeeri\/#primaryimage"},"image":{"@id":"https:\/\/miumjau.ee\/lv\/produkts\/ibero-natural-mini-adult-ar-iberijas-cukas-un-jera-galu-3-kg-kopeeri\/#primaryimage"},"thumbnailUrl":"https:\/\/miumjau.ee\/wp-content\/uploads\/2026\/04\/ibero-mini-adult-12kg.jpg","datePublished":"2026-04-29T05:59:19+00:00","dateModified":"2026-04-29T06:05:03+00:00","breadcrumb":{"@id":"https:\/\/miumjau.ee\/lv\/produkts\/ibero-natural-mini-adult-ar-iberijas-cukas-un-jera-galu-3-kg-kopeeri\/#breadcrumb"},"inLanguage":"lv-LV","potentialAction":[{"@type":"ReadAction","target":["https:\/\/miumjau.ee\/lv\/produkts\/ibero-natural-mini-adult-ar-iberijas-cukas-un-jera-galu-3-kg-kopeeri\/"]}]},{"@type":"ImageObject","inLanguage":"lv-LV","@id":"https:\/\/miumjau.ee\/lv\/produkts\/ibero-natural-mini-adult-ar-iberijas-cukas-un-jera-galu-3-kg-kopeeri\/#primaryimage","url":"https:\/\/miumjau.ee\/wp-content\/uploads\/2026\/04\/ibero-mini-adult-12kg.jpg","contentUrl":"https:\/\/miumjau.ee\/wp-content\/uploads\/2026\/04\/ibero-mini-adult-12kg.jpg","width":600,"height":800,"caption":"Ibero Natural Mini Adult Ibeeria sea ja lambaga 12kg"},{"@type":"BreadcrumbList","@id":"https:\/\/miumjau.ee\/lv\/produkts\/ibero-natural-mini-adult-ar-iberijas-cukas-un-jera-galu-3-kg-kopeeri\/#breadcrumb","itemListElement":[{"@type":"ListItem","position":1,"name":"Home","item":"https:\/\/miumjau.ee\/lv\/"},{"@type":"ListItem","position":2,"name":"Veikals","item":"https:\/\/miumjau.ee\/lv\/veikals\/"},{"@type":"ListItem","position":3,"name":"Ibero Natural Mini Adult ar Ib\u0113rijas c\u016bkas un j\u0113ra ga\u013cu 12kg"}]},{"@type":"WebSite","@id":"https:\/\/miumjau.ee\/#website","url":"https:\/\/miumjau.ee\/","name":"MiuMjau","description":"Kraapimispuud kassidele","publisher":{"@id":"https:\/\/miumjau.ee\/#organization"},"potentialAction":[{"@type":"SearchAction","target":{"@type":"EntryPoint","urlTemplate":"https:\/\/miumjau.ee\/?s={search_term_string}"},"query-input":{"@type":"PropertyValueSpecification","valueRequired":true,"valueName":"search_term_string"}}],"inLanguage":"lv-LV"},{"@type":"Organization","@id":"https:\/\/miumjau.ee\/#organization","name":"MiuMjau O\u00dc","url":"https:\/\/miumjau.ee\/","logo":{"@type":"ImageObject","inLanguage":"lv-LV","@id":"https:\/\/miumjau.ee\/#\/schema\/logo\/image\/","url":"https:\/\/miumjau.ee\/wp-content\/uploads\/2022\/04\/MiuMjau-logo-kollane.png","contentUrl":"https:\/\/miumjau.ee\/wp-content\/uploads\/2022\/04\/MiuMjau-logo-kollane.png","width":219,"height":100,"caption":"MiuMjau O\u00dc"},"image":{"@id":"https:\/\/miumjau.ee\/#\/schema\/logo\/image\/"},"sameAs":["https:\/\/www.facebook.com\/miumjaupood\/"]}]}},"_links":{"self":[{"href":"https:\/\/miumjau.ee\/lv\/wp-json\/wp\/v2\/product\/58249","targetHints":{"allow":["GET"]}}],"collection":[{"href":"https:\/\/miumjau.ee\/lv\/wp-json\/wp\/v2\/product"}],"about":[{"href":"https:\/\/miumjau.ee\/lv\/wp-json\/wp\/v2\/types\/product"}],"wp:featuredmedia":[{"embeddable":true,"href":"https:\/\/miumjau.ee\/lv\/wp-json\/wp\/v2\/media\/58254"}],"wp:attachment":[{"href":"https:\/\/miumjau.ee\/lv\/wp-json\/wp\/v2\/media?parent=58249"}],"wp:term":[{"taxonomy":"product_brand","embeddable":true,"href":"https:\/\/miumjau.ee\/lv\/wp-json\/wp\/v2\/product_brand?post=58249"},{"taxonomy":"product_cat","embeddable":true,"href":"https:\/\/miumjau.ee\/lv\/wp-json\/wp\/v2\/product_cat?post=58249"},{"taxonomy":"product_tag","embeddable":true,"href":"https:\/\/miumjau.ee\/lv\/wp-json\/wp\/v2\/product_tag?post=58249"}],"curies":[{"name":"wp","href":"https:\/\/api.w.org\/{rel}","templated":true}]}}