{"id":57801,"date":"2026-04-08T11:33:56","date_gmt":"2026-04-08T08:33:56","guid":{"rendered":"https:\/\/miumjau.ee\/toode\/mesanas-rotallieta-dog-comets-ufo-ring\/"},"modified":"2026-04-08T11:33:56","modified_gmt":"2026-04-08T08:33:56","slug":"mesanas-rotallieta-dog-comets-ufo-ring","status":"publish","type":"product","link":"https:\/\/miumjau.ee\/lv\/produkts\/mesanas-rotallieta-dog-comets-ufo-ring\/","title":{"rendered":"Me\u0161anas rota\u013clieta Dog Comets Ufo Ring"},"content":{"rendered":"","protected":false},"excerpt":{"rendered":"<p data-start=\"639\" data-end=\"869\">Dodieties dab\u0101 piedz\u012bvojum\u0101 ar savu suni un noteikti pa\u0146emiet l\u012bdzi jautru me\u0161anas rota\u013clietu! To ir viegli paman\u012bt spilgt\u0101s kr\u0101sas d\u0113\u013c. Lido labi, \u0113rta un viegli metama, un pats svar\u012bg\u0101kais \u2013 t\u0101 peld uz \u016bdens virsmas un negrimst!<\/p>\n<p data-start=\"871\" data-end=\"893\">Izm\u0113ri: 19 x 19 x 3 cm<\/p>\n","protected":false},"featured_media":57061,"template":"","meta":[],"product_brand":[],"product_cat":[592],"product_tag":[],"class_list":{"0":"post-57801","1":"product","2":"type-product","3":"status-publish","4":"has-post-thumbnail","6":"product_cat-rotallietas-suniem","8":"first","9":"instock","10":"taxable","11":"shipping-taxable","12":"purchasable","13":"product-type-simple"},"yoast_head":"<!-- This site is optimized with the Yoast SEO plugin v27.2 - https:\/\/yoast.com\/product\/yoast-seo-wordpress\/ -->\n<title>Me\u0161anas rota\u013clieta Dog Comets Ufo Ring - MiuMjau<\/title>\n<meta name=\"robots\" content=\"index, follow, max-snippet:-1, max-image-preview:large, max-video-preview:-1\" \/>\n<link rel=\"canonical\" href=\"https:\/\/miumjau.ee\/lv\/produkts\/mesanas-rotallieta-dog-comets-ufo-ring\/\" \/>\n<meta property=\"og:locale\" content=\"lv_LV\" \/>\n<meta property=\"og:type\" content=\"article\" \/>\n<meta property=\"og:title\" content=\"Me\u0161anas rota\u013clieta Dog Comets Ufo Ring - MiuMjau\" \/>\n<meta property=\"og:description\" content=\"Dodieties dab\u0101 piedz\u012bvojum\u0101 ar savu suni un noteikti pa\u0146emiet l\u012bdzi jautru me\u0161anas rota\u013clietu! To ir viegli paman\u012bt spilgt\u0101s kr\u0101sas d\u0113\u013c. Lido labi, \u0113rta un viegli metama, un pats svar\u012bg\u0101kais \u2013 t\u0101 peld uz \u016bdens virsmas un negrimst! Izm\u0113ri: 19 x 19 x 3 cm\" \/>\n<meta property=\"og:url\" content=\"https:\/\/miumjau.ee\/lv\/produkts\/mesanas-rotallieta-dog-comets-ufo-ring\/\" \/>\n<meta property=\"og:site_name\" content=\"MiuMjau\" \/>\n<meta property=\"article:publisher\" content=\"https:\/\/www.facebook.com\/miumjaupood\/\" \/>\n<meta property=\"og:image\" content=\"https:\/\/miumjau.ee\/wp-content\/uploads\/2026\/04\/manguasi-koerale-dog-comets-ufo-green3.jpg\" \/>\n\t<meta property=\"og:image:width\" content=\"600\" \/>\n\t<meta property=\"og:image:height\" content=\"800\" \/>\n\t<meta property=\"og:image:type\" content=\"image\/jpeg\" \/>\n<meta name=\"twitter:card\" content=\"summary_large_image\" \/>\n<script type=\"application\/ld+json\" class=\"yoast-schema-graph\">{\"@context\":\"https:\/\/schema.org\",\"@graph\":[{\"@type\":\"WebPage\",\"@id\":\"https:\/\/miumjau.ee\/lv\/produkts\/mesanas-rotallieta-dog-comets-ufo-ring\/\",\"url\":\"https:\/\/miumjau.ee\/lv\/produkts\/mesanas-rotallieta-dog-comets-ufo-ring\/\",\"name\":\"Me\u0161anas rota\u013clieta Dog Comets Ufo Ring - MiuMjau\",\"isPartOf\":{\"@id\":\"https:\/\/miumjau.ee\/#website\"},\"primaryImageOfPage\":{\"@id\":\"https:\/\/miumjau.ee\/lv\/produkts\/mesanas-rotallieta-dog-comets-ufo-ring\/#primaryimage\"},\"image\":{\"@id\":\"https:\/\/miumjau.ee\/lv\/produkts\/mesanas-rotallieta-dog-comets-ufo-ring\/#primaryimage\"},\"thumbnailUrl\":\"https:\/\/miumjau.ee\/wp-content\/uploads\/2026\/04\/manguasi-koerale-dog-comets-ufo-green3.jpg\",\"datePublished\":\"2026-04-08T08:33:56+00:00\",\"breadcrumb\":{\"@id\":\"https:\/\/miumjau.ee\/lv\/produkts\/mesanas-rotallieta-dog-comets-ufo-ring\/#breadcrumb\"},\"inLanguage\":\"lv-LV\",\"potentialAction\":[{\"@type\":\"ReadAction\",\"target\":[\"https:\/\/miumjau.ee\/lv\/produkts\/mesanas-rotallieta-dog-comets-ufo-ring\/\"]}]},{\"@type\":\"ImageObject\",\"inLanguage\":\"lv-LV\",\"@id\":\"https:\/\/miumjau.ee\/lv\/produkts\/mesanas-rotallieta-dog-comets-ufo-ring\/#primaryimage\",\"url\":\"https:\/\/miumjau.ee\/wp-content\/uploads\/2026\/04\/manguasi-koerale-dog-comets-ufo-green3.jpg\",\"contentUrl\":\"https:\/\/miumjau.ee\/wp-content\/uploads\/2026\/04\/manguasi-koerale-dog-comets-ufo-green3.jpg\",\"width\":600,\"height\":800,\"caption\":\"Viskem\u00e4nguasi Dog Comets Ufo Ring\"},{\"@type\":\"BreadcrumbList\",\"@id\":\"https:\/\/miumjau.ee\/lv\/produkts\/mesanas-rotallieta-dog-comets-ufo-ring\/#breadcrumb\",\"itemListElement\":[{\"@type\":\"ListItem\",\"position\":1,\"name\":\"Home\",\"item\":\"https:\/\/miumjau.ee\/lv\/\"},{\"@type\":\"ListItem\",\"position\":2,\"name\":\"Veikals\",\"item\":\"https:\/\/miumjau.ee\/lv\/veikals\/\"},{\"@type\":\"ListItem\",\"position\":3,\"name\":\"Me\u0161anas rota\u013clieta Dog Comets Ufo Ring\"}]},{\"@type\":\"WebSite\",\"@id\":\"https:\/\/miumjau.ee\/#website\",\"url\":\"https:\/\/miumjau.ee\/\",\"name\":\"MiuMjau\",\"description\":\"Kraapimispuud kassidele\",\"publisher\":{\"@id\":\"https:\/\/miumjau.ee\/#organization\"},\"potentialAction\":[{\"@type\":\"SearchAction\",\"target\":{\"@type\":\"EntryPoint\",\"urlTemplate\":\"https:\/\/miumjau.ee\/?s={search_term_string}\"},\"query-input\":{\"@type\":\"PropertyValueSpecification\",\"valueRequired\":true,\"valueName\":\"search_term_string\"}}],\"inLanguage\":\"lv-LV\"},{\"@type\":\"Organization\",\"@id\":\"https:\/\/miumjau.ee\/#organization\",\"name\":\"MiuMjau O\u00dc\",\"url\":\"https:\/\/miumjau.ee\/\",\"logo\":{\"@type\":\"ImageObject\",\"inLanguage\":\"lv-LV\",\"@id\":\"https:\/\/miumjau.ee\/#\/schema\/logo\/image\/\",\"url\":\"https:\/\/miumjau.ee\/wp-content\/uploads\/2022\/04\/MiuMjau-logo-kollane.png\",\"contentUrl\":\"https:\/\/miumjau.ee\/wp-content\/uploads\/2022\/04\/MiuMjau-logo-kollane.png\",\"width\":219,\"height\":100,\"caption\":\"MiuMjau O\u00dc\"},\"image\":{\"@id\":\"https:\/\/miumjau.ee\/#\/schema\/logo\/image\/\"},\"sameAs\":[\"https:\/\/www.facebook.com\/miumjaupood\/\"]}]}<\/script>\n<!-- \/ Yoast SEO plugin. -->","yoast_head_json":{"title":"Me\u0161anas rota\u013clieta Dog Comets Ufo Ring - MiuMjau","robots":{"index":"index","follow":"follow","max-snippet":"max-snippet:-1","max-image-preview":"max-image-preview:large","max-video-preview":"max-video-preview:-1"},"canonical":"https:\/\/miumjau.ee\/lv\/produkts\/mesanas-rotallieta-dog-comets-ufo-ring\/","og_locale":"lv_LV","og_type":"article","og_title":"Me\u0161anas rota\u013clieta Dog Comets Ufo Ring - MiuMjau","og_description":"Dodieties dab\u0101 piedz\u012bvojum\u0101 ar savu suni un noteikti pa\u0146emiet l\u012bdzi jautru me\u0161anas rota\u013clietu! To ir viegli paman\u012bt spilgt\u0101s kr\u0101sas d\u0113\u013c. Lido labi, \u0113rta un viegli metama, un pats svar\u012bg\u0101kais \u2013 t\u0101 peld uz \u016bdens virsmas un negrimst! Izm\u0113ri: 19 x 19 x 3 cm","og_url":"https:\/\/miumjau.ee\/lv\/produkts\/mesanas-rotallieta-dog-comets-ufo-ring\/","og_site_name":"MiuMjau","article_publisher":"https:\/\/www.facebook.com\/miumjaupood\/","og_image":[{"width":600,"height":800,"url":"https:\/\/miumjau.ee\/wp-content\/uploads\/2026\/04\/manguasi-koerale-dog-comets-ufo-green3.jpg","type":"image\/jpeg"}],"twitter_card":"summary_large_image","schema":{"@context":"https:\/\/schema.org","@graph":[{"@type":"WebPage","@id":"https:\/\/miumjau.ee\/lv\/produkts\/mesanas-rotallieta-dog-comets-ufo-ring\/","url":"https:\/\/miumjau.ee\/lv\/produkts\/mesanas-rotallieta-dog-comets-ufo-ring\/","name":"Me\u0161anas rota\u013clieta Dog Comets Ufo Ring - MiuMjau","isPartOf":{"@id":"https:\/\/miumjau.ee\/#website"},"primaryImageOfPage":{"@id":"https:\/\/miumjau.ee\/lv\/produkts\/mesanas-rotallieta-dog-comets-ufo-ring\/#primaryimage"},"image":{"@id":"https:\/\/miumjau.ee\/lv\/produkts\/mesanas-rotallieta-dog-comets-ufo-ring\/#primaryimage"},"thumbnailUrl":"https:\/\/miumjau.ee\/wp-content\/uploads\/2026\/04\/manguasi-koerale-dog-comets-ufo-green3.jpg","datePublished":"2026-04-08T08:33:56+00:00","breadcrumb":{"@id":"https:\/\/miumjau.ee\/lv\/produkts\/mesanas-rotallieta-dog-comets-ufo-ring\/#breadcrumb"},"inLanguage":"lv-LV","potentialAction":[{"@type":"ReadAction","target":["https:\/\/miumjau.ee\/lv\/produkts\/mesanas-rotallieta-dog-comets-ufo-ring\/"]}]},{"@type":"ImageObject","inLanguage":"lv-LV","@id":"https:\/\/miumjau.ee\/lv\/produkts\/mesanas-rotallieta-dog-comets-ufo-ring\/#primaryimage","url":"https:\/\/miumjau.ee\/wp-content\/uploads\/2026\/04\/manguasi-koerale-dog-comets-ufo-green3.jpg","contentUrl":"https:\/\/miumjau.ee\/wp-content\/uploads\/2026\/04\/manguasi-koerale-dog-comets-ufo-green3.jpg","width":600,"height":800,"caption":"Viskem\u00e4nguasi Dog Comets Ufo Ring"},{"@type":"BreadcrumbList","@id":"https:\/\/miumjau.ee\/lv\/produkts\/mesanas-rotallieta-dog-comets-ufo-ring\/#breadcrumb","itemListElement":[{"@type":"ListItem","position":1,"name":"Home","item":"https:\/\/miumjau.ee\/lv\/"},{"@type":"ListItem","position":2,"name":"Veikals","item":"https:\/\/miumjau.ee\/lv\/veikals\/"},{"@type":"ListItem","position":3,"name":"Me\u0161anas rota\u013clieta Dog Comets Ufo Ring"}]},{"@type":"WebSite","@id":"https:\/\/miumjau.ee\/#website","url":"https:\/\/miumjau.ee\/","name":"MiuMjau","description":"Kraapimispuud kassidele","publisher":{"@id":"https:\/\/miumjau.ee\/#organization"},"potentialAction":[{"@type":"SearchAction","target":{"@type":"EntryPoint","urlTemplate":"https:\/\/miumjau.ee\/?s={search_term_string}"},"query-input":{"@type":"PropertyValueSpecification","valueRequired":true,"valueName":"search_term_string"}}],"inLanguage":"lv-LV"},{"@type":"Organization","@id":"https:\/\/miumjau.ee\/#organization","name":"MiuMjau O\u00dc","url":"https:\/\/miumjau.ee\/","logo":{"@type":"ImageObject","inLanguage":"lv-LV","@id":"https:\/\/miumjau.ee\/#\/schema\/logo\/image\/","url":"https:\/\/miumjau.ee\/wp-content\/uploads\/2022\/04\/MiuMjau-logo-kollane.png","contentUrl":"https:\/\/miumjau.ee\/wp-content\/uploads\/2022\/04\/MiuMjau-logo-kollane.png","width":219,"height":100,"caption":"MiuMjau O\u00dc"},"image":{"@id":"https:\/\/miumjau.ee\/#\/schema\/logo\/image\/"},"sameAs":["https:\/\/www.facebook.com\/miumjaupood\/"]}]}},"_links":{"self":[{"href":"https:\/\/miumjau.ee\/lv\/wp-json\/wp\/v2\/product\/57801","targetHints":{"allow":["GET"]}}],"collection":[{"href":"https:\/\/miumjau.ee\/lv\/wp-json\/wp\/v2\/product"}],"about":[{"href":"https:\/\/miumjau.ee\/lv\/wp-json\/wp\/v2\/types\/product"}],"wp:featuredmedia":[{"embeddable":true,"href":"https:\/\/miumjau.ee\/lv\/wp-json\/wp\/v2\/media\/57061"}],"wp:attachment":[{"href":"https:\/\/miumjau.ee\/lv\/wp-json\/wp\/v2\/media?parent=57801"}],"wp:term":[{"taxonomy":"product_brand","embeddable":true,"href":"https:\/\/miumjau.ee\/lv\/wp-json\/wp\/v2\/product_brand?post=57801"},{"taxonomy":"product_cat","embeddable":true,"href":"https:\/\/miumjau.ee\/lv\/wp-json\/wp\/v2\/product_cat?post=57801"},{"taxonomy":"product_tag","embeddable":true,"href":"https:\/\/miumjau.ee\/lv\/wp-json\/wp\/v2\/product_tag?post=57801"}],"curies":[{"name":"wp","href":"https:\/\/api.w.org\/{rel}","templated":true}]}}