{"id":57789,"date":"2026-04-08T14:18:24","date_gmt":"2026-04-08T11:18:24","guid":{"rendered":"https:\/\/miumjau.ee\/toode\/brieza-rags-frigera-1-gab-xl\/"},"modified":"2026-04-08T14:18:24","modified_gmt":"2026-04-08T11:18:24","slug":"brieza-rags-frigera-1-gab-xl","status":"publish","type":"product","link":"https:\/\/miumjau.ee\/lv\/produkts\/brieza-rags-frigera-1-gab-xl\/","title":{"rendered":"Brie\u017ea rags Frigera 1 gab. XL"},"content":{"rendered":"","protected":false},"excerpt":{"rendered":"<p data-start=\"2222\" data-end=\"2419\">Ko j\u016bs iedom\u0101jaties, dom\u0101jot par piln\u012bgi dabisku un sugai atbilsto\u0161u ko\u0161\u013c\u0101jamo k\u0101rumu? Protams \u2013 brie\u017ea ragus! Tie lieliski atbilst su\u0146u dabiskajai uzved\u012bbai, kad tie med\u012b un ap\u0113d laup\u012bjumu veselu.<\/p>\n<p data-start=\"2421\" data-end=\"2659\">friGERA brie\u017ea ragi ir saudz\u012bgi kalt\u0113ti, lai rad\u012btu gar\u0161\u012bgu k\u0101rumu j\u016bsu m\u012blulim. To ciet\u012bbas d\u0113\u013c tie ir ide\u0101li piem\u0113roti su\u0146iem ar paaugstin\u0101tu ko\u0161\u013c\u0101\u0161anas vajadz\u012bbu. Ko\u0161\u013c\u0101\u0161ana pal\u012bdz no\u0146emt zobu aplikumu un ilgsto\u0161i nodarbina j\u016bsu draugu!<\/p>\n<p data-start=\"2661\" data-end=\"2849\">Turkl\u0101t \u2013 vai zin\u0101j\u0101t, ka brie\u017ea ragi ir bag\u0101ti ar svar\u012bg\u0101m uzturviel\u0101m, piem\u0113ram, kalciju, magniju, fosforu, dzelzi un cinku? \u0160ie miner\u0101li ir b\u016btiski j\u016bsu su\u0146a kaulu un musku\u013cu vesel\u012bbai.<\/p>\n<p data-start=\"2851\" data-end=\"2933\">Vairs nevilcinieties un \u013caujiet savam sunim sekot saviem pirmatn\u0113jiem instinktiem!<\/p>\n<p data-start=\"2935\" data-end=\"3161\">Baro\u0161anas nor\u0101d\u012bjumi: Dodiet starp \u0113dienreiz\u0113m k\u0101 k\u0101rumu vai atl\u012bdz\u012bbu k\u0101 da\u013cu no sabalans\u0113ta uztura. Vienm\u0113r uzraugiet suni baro\u0161anas laik\u0101. Vienm\u0113r nodro\u0161iniet pietiekami daudz svaiga \u016bdens.<br data-start=\"3127\" data-end=\"3130\" \/>Nav piem\u0113rots cilv\u0113ku p\u0101rtikai.<\/p>\n<p data-start=\"3163\" data-end=\"3234\">Anal\u012btisk\u0101s sast\u0101vda\u013cas: Olbaltumvielas 37,5%; Tauki 0,2%; Mitrums 9,1%<\/p>\n","protected":false},"featured_media":57130,"template":"","meta":[],"product_brand":[],"product_cat":[576],"product_tag":[],"class_list":{"0":"post-57789","1":"product","2":"type-product","3":"status-publish","4":"has-post-thumbnail","6":"product_cat-naski-suniem","8":"first","9":"instock","10":"taxable","11":"shipping-taxable","12":"purchasable","13":"product-type-simple"},"yoast_head":"<!-- This site is optimized with the Yoast SEO plugin v27.2 - https:\/\/yoast.com\/product\/yoast-seo-wordpress\/ -->\n<title>Brie\u017ea rags Frigera 1 gab. XL - MiuMjau<\/title>\n<meta name=\"robots\" content=\"index, follow, max-snippet:-1, max-image-preview:large, max-video-preview:-1\" \/>\n<link rel=\"canonical\" href=\"https:\/\/miumjau.ee\/lv\/produkts\/brieza-rags-frigera-1-gab-xl\/\" \/>\n<meta property=\"og:locale\" content=\"lv_LV\" \/>\n<meta property=\"og:type\" content=\"article\" \/>\n<meta property=\"og:title\" content=\"Brie\u017ea rags Frigera 1 gab. XL - MiuMjau\" \/>\n<meta property=\"og:description\" content=\"Ko j\u016bs iedom\u0101jaties, dom\u0101jot par piln\u012bgi dabisku un sugai atbilsto\u0161u ko\u0161\u013c\u0101jamo k\u0101rumu? Protams \u2013 brie\u017ea ragus! Tie lieliski atbilst su\u0146u dabiskajai uzved\u012bbai, kad tie med\u012b un ap\u0113d laup\u012bjumu veselu. friGERA brie\u017ea ragi ir saudz\u012bgi kalt\u0113ti, lai rad\u012btu gar\u0161\u012bgu k\u0101rumu j\u016bsu m\u012blulim. To ciet\u012bbas d\u0113\u013c tie ir ide\u0101li piem\u0113roti su\u0146iem ar paaugstin\u0101tu ko\u0161\u013c\u0101\u0161anas vajadz\u012bbu. Ko\u0161\u013c\u0101\u0161ana pal\u012bdz no\u0146emt zobu aplikumu un ilgsto\u0161i nodarbina j\u016bsu draugu! Turkl\u0101t \u2013 vai zin\u0101j\u0101t, ka brie\u017ea ragi ir bag\u0101ti ar svar\u012bg\u0101m uzturviel\u0101m, piem\u0113ram, kalciju, magniju, fosforu, dzelzi un cinku? \u0160ie miner\u0101li ir b\u016btiski j\u016bsu su\u0146a kaulu un musku\u013cu vesel\u012bbai. Vairs nevilcinieties un \u013caujiet savam sunim sekot saviem pirmatn\u0113jiem instinktiem! Baro\u0161anas nor\u0101d\u012bjumi: Dodiet starp \u0113dienreiz\u0113m k\u0101 k\u0101rumu vai atl\u012bdz\u012bbu k\u0101 da\u013cu no sabalans\u0113ta uztura. Vienm\u0113r uzraugiet suni baro\u0161anas laik\u0101. Vienm\u0113r nodro\u0161iniet pietiekami daudz svaiga \u016bdens.Nav piem\u0113rots cilv\u0113ku p\u0101rtikai. Anal\u012btisk\u0101s sast\u0101vda\u013cas: Olbaltumvielas 37,5%; Tauki 0,2%; Mitrums 9,1%\" \/>\n<meta property=\"og:url\" content=\"https:\/\/miumjau.ee\/lv\/produkts\/brieza-rags-frigera-1-gab-xl\/\" \/>\n<meta property=\"og:site_name\" content=\"MiuMjau\" \/>\n<meta property=\"article:publisher\" content=\"https:\/\/www.facebook.com\/miumjaupood\/\" \/>\n<meta property=\"og:image\" content=\"https:\/\/miumjau.ee\/wp-content\/uploads\/2026\/04\/hirve-sarv-xl.jpg\" \/>\n\t<meta property=\"og:image:width\" content=\"600\" \/>\n\t<meta property=\"og:image:height\" content=\"800\" \/>\n\t<meta property=\"og:image:type\" content=\"image\/jpeg\" \/>\n<meta name=\"twitter:card\" content=\"summary_large_image\" \/>\n<script type=\"application\/ld+json\" class=\"yoast-schema-graph\">{\"@context\":\"https:\/\/schema.org\",\"@graph\":[{\"@type\":\"WebPage\",\"@id\":\"https:\/\/miumjau.ee\/lv\/produkts\/brieza-rags-frigera-1-gab-xl\/\",\"url\":\"https:\/\/miumjau.ee\/lv\/produkts\/brieza-rags-frigera-1-gab-xl\/\",\"name\":\"Brie\u017ea rags Frigera 1 gab. XL - MiuMjau\",\"isPartOf\":{\"@id\":\"https:\/\/miumjau.ee\/#website\"},\"primaryImageOfPage\":{\"@id\":\"https:\/\/miumjau.ee\/lv\/produkts\/brieza-rags-frigera-1-gab-xl\/#primaryimage\"},\"image\":{\"@id\":\"https:\/\/miumjau.ee\/lv\/produkts\/brieza-rags-frigera-1-gab-xl\/#primaryimage\"},\"thumbnailUrl\":\"https:\/\/miumjau.ee\/wp-content\/uploads\/2026\/04\/hirve-sarv-xl.jpg\",\"datePublished\":\"2026-04-08T11:18:24+00:00\",\"breadcrumb\":{\"@id\":\"https:\/\/miumjau.ee\/lv\/produkts\/brieza-rags-frigera-1-gab-xl\/#breadcrumb\"},\"inLanguage\":\"lv-LV\",\"potentialAction\":[{\"@type\":\"ReadAction\",\"target\":[\"https:\/\/miumjau.ee\/lv\/produkts\/brieza-rags-frigera-1-gab-xl\/\"]}]},{\"@type\":\"ImageObject\",\"inLanguage\":\"lv-LV\",\"@id\":\"https:\/\/miumjau.ee\/lv\/produkts\/brieza-rags-frigera-1-gab-xl\/#primaryimage\",\"url\":\"https:\/\/miumjau.ee\/wp-content\/uploads\/2026\/04\/hirve-sarv-xl.jpg\",\"contentUrl\":\"https:\/\/miumjau.ee\/wp-content\/uploads\/2026\/04\/hirve-sarv-xl.jpg\",\"width\":600,\"height\":800,\"caption\":\"Hirve sarv Frigera 1tk, XL\"},{\"@type\":\"BreadcrumbList\",\"@id\":\"https:\/\/miumjau.ee\/lv\/produkts\/brieza-rags-frigera-1-gab-xl\/#breadcrumb\",\"itemListElement\":[{\"@type\":\"ListItem\",\"position\":1,\"name\":\"Home\",\"item\":\"https:\/\/miumjau.ee\/lv\/\"},{\"@type\":\"ListItem\",\"position\":2,\"name\":\"Veikals\",\"item\":\"https:\/\/miumjau.ee\/lv\/veikals\/\"},{\"@type\":\"ListItem\",\"position\":3,\"name\":\"Brie\u017ea rags Frigera 1 gab. XL\"}]},{\"@type\":\"WebSite\",\"@id\":\"https:\/\/miumjau.ee\/#website\",\"url\":\"https:\/\/miumjau.ee\/\",\"name\":\"MiuMjau\",\"description\":\"Kraapimispuud kassidele\",\"publisher\":{\"@id\":\"https:\/\/miumjau.ee\/#organization\"},\"potentialAction\":[{\"@type\":\"SearchAction\",\"target\":{\"@type\":\"EntryPoint\",\"urlTemplate\":\"https:\/\/miumjau.ee\/?s={search_term_string}\"},\"query-input\":{\"@type\":\"PropertyValueSpecification\",\"valueRequired\":true,\"valueName\":\"search_term_string\"}}],\"inLanguage\":\"lv-LV\"},{\"@type\":\"Organization\",\"@id\":\"https:\/\/miumjau.ee\/#organization\",\"name\":\"MiuMjau O\u00dc\",\"url\":\"https:\/\/miumjau.ee\/\",\"logo\":{\"@type\":\"ImageObject\",\"inLanguage\":\"lv-LV\",\"@id\":\"https:\/\/miumjau.ee\/#\/schema\/logo\/image\/\",\"url\":\"https:\/\/miumjau.ee\/wp-content\/uploads\/2022\/04\/MiuMjau-logo-kollane.png\",\"contentUrl\":\"https:\/\/miumjau.ee\/wp-content\/uploads\/2022\/04\/MiuMjau-logo-kollane.png\",\"width\":219,\"height\":100,\"caption\":\"MiuMjau O\u00dc\"},\"image\":{\"@id\":\"https:\/\/miumjau.ee\/#\/schema\/logo\/image\/\"},\"sameAs\":[\"https:\/\/www.facebook.com\/miumjaupood\/\"]}]}<\/script>\n<!-- \/ Yoast SEO plugin. -->","yoast_head_json":{"title":"Brie\u017ea rags Frigera 1 gab. XL - MiuMjau","robots":{"index":"index","follow":"follow","max-snippet":"max-snippet:-1","max-image-preview":"max-image-preview:large","max-video-preview":"max-video-preview:-1"},"canonical":"https:\/\/miumjau.ee\/lv\/produkts\/brieza-rags-frigera-1-gab-xl\/","og_locale":"lv_LV","og_type":"article","og_title":"Brie\u017ea rags Frigera 1 gab. XL - MiuMjau","og_description":"Ko j\u016bs iedom\u0101jaties, dom\u0101jot par piln\u012bgi dabisku un sugai atbilsto\u0161u ko\u0161\u013c\u0101jamo k\u0101rumu? Protams \u2013 brie\u017ea ragus! Tie lieliski atbilst su\u0146u dabiskajai uzved\u012bbai, kad tie med\u012b un ap\u0113d laup\u012bjumu veselu. friGERA brie\u017ea ragi ir saudz\u012bgi kalt\u0113ti, lai rad\u012btu gar\u0161\u012bgu k\u0101rumu j\u016bsu m\u012blulim. To ciet\u012bbas d\u0113\u013c tie ir ide\u0101li piem\u0113roti su\u0146iem ar paaugstin\u0101tu ko\u0161\u013c\u0101\u0161anas vajadz\u012bbu. Ko\u0161\u013c\u0101\u0161ana pal\u012bdz no\u0146emt zobu aplikumu un ilgsto\u0161i nodarbina j\u016bsu draugu! Turkl\u0101t \u2013 vai zin\u0101j\u0101t, ka brie\u017ea ragi ir bag\u0101ti ar svar\u012bg\u0101m uzturviel\u0101m, piem\u0113ram, kalciju, magniju, fosforu, dzelzi un cinku? \u0160ie miner\u0101li ir b\u016btiski j\u016bsu su\u0146a kaulu un musku\u013cu vesel\u012bbai. Vairs nevilcinieties un \u013caujiet savam sunim sekot saviem pirmatn\u0113jiem instinktiem! Baro\u0161anas nor\u0101d\u012bjumi: Dodiet starp \u0113dienreiz\u0113m k\u0101 k\u0101rumu vai atl\u012bdz\u012bbu k\u0101 da\u013cu no sabalans\u0113ta uztura. Vienm\u0113r uzraugiet suni baro\u0161anas laik\u0101. Vienm\u0113r nodro\u0161iniet pietiekami daudz svaiga \u016bdens.Nav piem\u0113rots cilv\u0113ku p\u0101rtikai. Anal\u012btisk\u0101s sast\u0101vda\u013cas: Olbaltumvielas 37,5%; Tauki 0,2%; Mitrums 9,1%","og_url":"https:\/\/miumjau.ee\/lv\/produkts\/brieza-rags-frigera-1-gab-xl\/","og_site_name":"MiuMjau","article_publisher":"https:\/\/www.facebook.com\/miumjaupood\/","og_image":[{"width":600,"height":800,"url":"https:\/\/miumjau.ee\/wp-content\/uploads\/2026\/04\/hirve-sarv-xl.jpg","type":"image\/jpeg"}],"twitter_card":"summary_large_image","schema":{"@context":"https:\/\/schema.org","@graph":[{"@type":"WebPage","@id":"https:\/\/miumjau.ee\/lv\/produkts\/brieza-rags-frigera-1-gab-xl\/","url":"https:\/\/miumjau.ee\/lv\/produkts\/brieza-rags-frigera-1-gab-xl\/","name":"Brie\u017ea rags Frigera 1 gab. XL - MiuMjau","isPartOf":{"@id":"https:\/\/miumjau.ee\/#website"},"primaryImageOfPage":{"@id":"https:\/\/miumjau.ee\/lv\/produkts\/brieza-rags-frigera-1-gab-xl\/#primaryimage"},"image":{"@id":"https:\/\/miumjau.ee\/lv\/produkts\/brieza-rags-frigera-1-gab-xl\/#primaryimage"},"thumbnailUrl":"https:\/\/miumjau.ee\/wp-content\/uploads\/2026\/04\/hirve-sarv-xl.jpg","datePublished":"2026-04-08T11:18:24+00:00","breadcrumb":{"@id":"https:\/\/miumjau.ee\/lv\/produkts\/brieza-rags-frigera-1-gab-xl\/#breadcrumb"},"inLanguage":"lv-LV","potentialAction":[{"@type":"ReadAction","target":["https:\/\/miumjau.ee\/lv\/produkts\/brieza-rags-frigera-1-gab-xl\/"]}]},{"@type":"ImageObject","inLanguage":"lv-LV","@id":"https:\/\/miumjau.ee\/lv\/produkts\/brieza-rags-frigera-1-gab-xl\/#primaryimage","url":"https:\/\/miumjau.ee\/wp-content\/uploads\/2026\/04\/hirve-sarv-xl.jpg","contentUrl":"https:\/\/miumjau.ee\/wp-content\/uploads\/2026\/04\/hirve-sarv-xl.jpg","width":600,"height":800,"caption":"Hirve sarv Frigera 1tk, XL"},{"@type":"BreadcrumbList","@id":"https:\/\/miumjau.ee\/lv\/produkts\/brieza-rags-frigera-1-gab-xl\/#breadcrumb","itemListElement":[{"@type":"ListItem","position":1,"name":"Home","item":"https:\/\/miumjau.ee\/lv\/"},{"@type":"ListItem","position":2,"name":"Veikals","item":"https:\/\/miumjau.ee\/lv\/veikals\/"},{"@type":"ListItem","position":3,"name":"Brie\u017ea rags Frigera 1 gab. XL"}]},{"@type":"WebSite","@id":"https:\/\/miumjau.ee\/#website","url":"https:\/\/miumjau.ee\/","name":"MiuMjau","description":"Kraapimispuud kassidele","publisher":{"@id":"https:\/\/miumjau.ee\/#organization"},"potentialAction":[{"@type":"SearchAction","target":{"@type":"EntryPoint","urlTemplate":"https:\/\/miumjau.ee\/?s={search_term_string}"},"query-input":{"@type":"PropertyValueSpecification","valueRequired":true,"valueName":"search_term_string"}}],"inLanguage":"lv-LV"},{"@type":"Organization","@id":"https:\/\/miumjau.ee\/#organization","name":"MiuMjau O\u00dc","url":"https:\/\/miumjau.ee\/","logo":{"@type":"ImageObject","inLanguage":"lv-LV","@id":"https:\/\/miumjau.ee\/#\/schema\/logo\/image\/","url":"https:\/\/miumjau.ee\/wp-content\/uploads\/2022\/04\/MiuMjau-logo-kollane.png","contentUrl":"https:\/\/miumjau.ee\/wp-content\/uploads\/2022\/04\/MiuMjau-logo-kollane.png","width":219,"height":100,"caption":"MiuMjau O\u00dc"},"image":{"@id":"https:\/\/miumjau.ee\/#\/schema\/logo\/image\/"},"sameAs":["https:\/\/www.facebook.com\/miumjaupood\/"]}]}},"_links":{"self":[{"href":"https:\/\/miumjau.ee\/lv\/wp-json\/wp\/v2\/product\/57789","targetHints":{"allow":["GET"]}}],"collection":[{"href":"https:\/\/miumjau.ee\/lv\/wp-json\/wp\/v2\/product"}],"about":[{"href":"https:\/\/miumjau.ee\/lv\/wp-json\/wp\/v2\/types\/product"}],"wp:featuredmedia":[{"embeddable":true,"href":"https:\/\/miumjau.ee\/lv\/wp-json\/wp\/v2\/media\/57130"}],"wp:attachment":[{"href":"https:\/\/miumjau.ee\/lv\/wp-json\/wp\/v2\/media?parent=57789"}],"wp:term":[{"taxonomy":"product_brand","embeddable":true,"href":"https:\/\/miumjau.ee\/lv\/wp-json\/wp\/v2\/product_brand?post=57789"},{"taxonomy":"product_cat","embeddable":true,"href":"https:\/\/miumjau.ee\/lv\/wp-json\/wp\/v2\/product_cat?post=57789"},{"taxonomy":"product_tag","embeddable":true,"href":"https:\/\/miumjau.ee\/lv\/wp-json\/wp\/v2\/product_tag?post=57789"}],"curies":[{"name":"wp","href":"https:\/\/api.w.org\/{rel}","templated":true}]}}