{"id":57775,"date":"2026-04-08T14:18:34","date_gmt":"2026-04-08T11:18:34","guid":{"rendered":"https:\/\/miumjau.ee\/toode\/bifela-rags-s-frigera-1-gab\/"},"modified":"2026-04-08T14:18:34","modified_gmt":"2026-04-08T11:18:34","slug":"bifela-rags-s-frigera-1-gab","status":"publish","type":"product","link":"https:\/\/miumjau.ee\/lv\/produkts\/bifela-rags-s-frigera-1-gab\/","title":{"rendered":"Bife\u013ca rags S Frigera, 1 gab."},"content":{"rendered":"","protected":false},"excerpt":{"rendered":"<p data-start=\"2577\" data-end=\"2814\">Vai j\u016bsu suns sagrau\u017e katru k\u0101rumu da\u017eu sekun\u017eu laik\u0101? Vai esat jau izm\u0113\u0123in\u0101ju\u0161i visus dab\u012bgos ko\u0161\u013c\u0101\u0161anas k\u0101rumus? Nemekl\u0113jiet t\u0101l\u0101k \u2013 friGERA bife\u013ca ragu gali ir pieejams ko\u0161\u013c\u0101jamais k\u0101rums, kas nepiecie\u0161ams j\u016bsu \u010detrk\u0101jainajam draugam!<\/p>\n<p data-start=\"2816\" data-end=\"3274\">M\u016bsu bife\u013ca ragu gali n\u0101k no br\u012bvi audz\u0113tiem, ar z\u0101li barotiem bife\u013ciem. P\u0113c sav\u0101k\u0161anas tie tiek m\u0113rc\u0113ti karst\u0101 \u016bden\u012b, att\u012br\u012bti un nosl\u012bp\u0113ti, lai no\u0146emtu as\u0101s malas, p\u0113c tam r\u016bp\u012bgi iz\u017e\u0101v\u0113ti. Bife\u013ca ragu gali sast\u0101v no \u013coti iztur\u012bga kerat\u012bna un var kalpot ned\u0113\u013cas vai pat m\u0113ne\u0161us. Tas padara tos \u012bpa\u0161i piem\u0113rotus nemier\u012bgiem su\u0146iem ar sp\u0113c\u012bgu ko\u0161\u013c\u0101\u0161anas vajadz\u012bbu, jo intens\u012bva ko\u0161\u013c\u0101\u0161ana atbr\u012bvo daudz endorf\u012bnu. Tas pal\u012bdz sunim justies laim\u012bgam un mier\u012bgam.<\/p>\n<p data-start=\"3276\" data-end=\"3444\">T\u0101 k\u0101 tie ir ar zemu tauku saturu, bet bag\u0101ti ar olbaltumviel\u0101m, kalciju un fosforu, tie b\u016btiski neietekm\u0113 su\u0146a svaru, bet atbalsta vesel\u012bgu kaulu un musku\u013cu att\u012bst\u012bbu!<\/p>\n<p data-start=\"3446\" data-end=\"3462\">Neto svars: 80 g<\/p>\n<p data-start=\"3464\" data-end=\"3485\">Sast\u0101vs: 100% bifelis<\/p>\n<p data-start=\"3487\" data-end=\"3713\">Baro\u0161anas nor\u0101d\u012bjumi: Dodiet starp \u0113dienreiz\u0113m k\u0101 k\u0101rumu vai atl\u012bdz\u012bbu k\u0101 da\u013cu no sabalans\u0113ta uztura. Vienm\u0113r uzraugiet suni baro\u0161anas laik\u0101. Vienm\u0113r nodro\u0161iniet pietiekami daudz svaiga \u016bdens.<br data-start=\"3679\" data-end=\"3682\" \/>Nav piem\u0113rots cilv\u0113ku p\u0101rtikai.<\/p>\n<p data-start=\"3715\" data-end=\"3784\">Anal\u012btisk\u0101s sast\u0101vda\u013cas: Olbaltumvielas 82,5%; Tauki 4,5%; Mitrums 5%<\/p>\n","protected":false},"featured_media":57142,"template":"","meta":[],"product_brand":[],"product_cat":[576],"product_tag":[],"class_list":{"0":"post-57775","1":"product","2":"type-product","3":"status-publish","4":"has-post-thumbnail","6":"product_cat-naski-suniem","8":"first","9":"instock","10":"taxable","11":"shipping-taxable","12":"purchasable","13":"product-type-simple"},"yoast_head":"<!-- This site is optimized with the Yoast SEO plugin v27.2 - https:\/\/yoast.com\/product\/yoast-seo-wordpress\/ -->\n<title>Bife\u013ca rags S Frigera, 1 gab. - MiuMjau<\/title>\n<meta name=\"robots\" content=\"index, follow, max-snippet:-1, max-image-preview:large, max-video-preview:-1\" \/>\n<link rel=\"canonical\" href=\"https:\/\/miumjau.ee\/lv\/produkts\/bifela-rags-s-frigera-1-gab\/\" \/>\n<meta property=\"og:locale\" content=\"lv_LV\" \/>\n<meta property=\"og:type\" content=\"article\" \/>\n<meta property=\"og:title\" content=\"Bife\u013ca rags S Frigera, 1 gab. - MiuMjau\" \/>\n<meta property=\"og:description\" content=\"Vai j\u016bsu suns sagrau\u017e katru k\u0101rumu da\u017eu sekun\u017eu laik\u0101? Vai esat jau izm\u0113\u0123in\u0101ju\u0161i visus dab\u012bgos ko\u0161\u013c\u0101\u0161anas k\u0101rumus? Nemekl\u0113jiet t\u0101l\u0101k \u2013 friGERA bife\u013ca ragu gali ir pieejams ko\u0161\u013c\u0101jamais k\u0101rums, kas nepiecie\u0161ams j\u016bsu \u010detrk\u0101jainajam draugam! M\u016bsu bife\u013ca ragu gali n\u0101k no br\u012bvi audz\u0113tiem, ar z\u0101li barotiem bife\u013ciem. P\u0113c sav\u0101k\u0161anas tie tiek m\u0113rc\u0113ti karst\u0101 \u016bden\u012b, att\u012br\u012bti un nosl\u012bp\u0113ti, lai no\u0146emtu as\u0101s malas, p\u0113c tam r\u016bp\u012bgi iz\u017e\u0101v\u0113ti. Bife\u013ca ragu gali sast\u0101v no \u013coti iztur\u012bga kerat\u012bna un var kalpot ned\u0113\u013cas vai pat m\u0113ne\u0161us. Tas padara tos \u012bpa\u0161i piem\u0113rotus nemier\u012bgiem su\u0146iem ar sp\u0113c\u012bgu ko\u0161\u013c\u0101\u0161anas vajadz\u012bbu, jo intens\u012bva ko\u0161\u013c\u0101\u0161ana atbr\u012bvo daudz endorf\u012bnu. Tas pal\u012bdz sunim justies laim\u012bgam un mier\u012bgam. T\u0101 k\u0101 tie ir ar zemu tauku saturu, bet bag\u0101ti ar olbaltumviel\u0101m, kalciju un fosforu, tie b\u016btiski neietekm\u0113 su\u0146a svaru, bet atbalsta vesel\u012bgu kaulu un musku\u013cu att\u012bst\u012bbu! Neto svars: 80 g Sast\u0101vs: 100% bifelis Baro\u0161anas nor\u0101d\u012bjumi: Dodiet starp \u0113dienreiz\u0113m k\u0101 k\u0101rumu vai atl\u012bdz\u012bbu k\u0101 da\u013cu no sabalans\u0113ta uztura. Vienm\u0113r uzraugiet suni baro\u0161anas laik\u0101. Vienm\u0113r nodro\u0161iniet pietiekami daudz svaiga \u016bdens.Nav piem\u0113rots cilv\u0113ku p\u0101rtikai. Anal\u012btisk\u0101s sast\u0101vda\u013cas: Olbaltumvielas 82,5%; Tauki 4,5%; Mitrums 5%\" \/>\n<meta property=\"og:url\" content=\"https:\/\/miumjau.ee\/lv\/produkts\/bifela-rags-s-frigera-1-gab\/\" \/>\n<meta property=\"og:site_name\" content=\"MiuMjau\" \/>\n<meta property=\"article:publisher\" content=\"https:\/\/www.facebook.com\/miumjaupood\/\" \/>\n<meta property=\"og:image\" content=\"https:\/\/miumjau.ee\/wp-content\/uploads\/2026\/04\/puhvli-sarv-S.jpg\" \/>\n\t<meta property=\"og:image:width\" content=\"600\" \/>\n\t<meta property=\"og:image:height\" content=\"800\" \/>\n\t<meta property=\"og:image:type\" content=\"image\/jpeg\" \/>\n<meta name=\"twitter:card\" content=\"summary_large_image\" \/>\n<script type=\"application\/ld+json\" class=\"yoast-schema-graph\">{\"@context\":\"https:\/\/schema.org\",\"@graph\":[{\"@type\":\"WebPage\",\"@id\":\"https:\/\/miumjau.ee\/lv\/produkts\/bifela-rags-s-frigera-1-gab\/\",\"url\":\"https:\/\/miumjau.ee\/lv\/produkts\/bifela-rags-s-frigera-1-gab\/\",\"name\":\"Bife\u013ca rags S Frigera, 1 gab. - MiuMjau\",\"isPartOf\":{\"@id\":\"https:\/\/miumjau.ee\/#website\"},\"primaryImageOfPage\":{\"@id\":\"https:\/\/miumjau.ee\/lv\/produkts\/bifela-rags-s-frigera-1-gab\/#primaryimage\"},\"image\":{\"@id\":\"https:\/\/miumjau.ee\/lv\/produkts\/bifela-rags-s-frigera-1-gab\/#primaryimage\"},\"thumbnailUrl\":\"https:\/\/miumjau.ee\/wp-content\/uploads\/2026\/04\/puhvli-sarv-S.jpg\",\"datePublished\":\"2026-04-08T11:18:34+00:00\",\"breadcrumb\":{\"@id\":\"https:\/\/miumjau.ee\/lv\/produkts\/bifela-rags-s-frigera-1-gab\/#breadcrumb\"},\"inLanguage\":\"lv-LV\",\"potentialAction\":[{\"@type\":\"ReadAction\",\"target\":[\"https:\/\/miumjau.ee\/lv\/produkts\/bifela-rags-s-frigera-1-gab\/\"]}]},{\"@type\":\"ImageObject\",\"inLanguage\":\"lv-LV\",\"@id\":\"https:\/\/miumjau.ee\/lv\/produkts\/bifela-rags-s-frigera-1-gab\/#primaryimage\",\"url\":\"https:\/\/miumjau.ee\/wp-content\/uploads\/2026\/04\/puhvli-sarv-S.jpg\",\"contentUrl\":\"https:\/\/miumjau.ee\/wp-content\/uploads\/2026\/04\/puhvli-sarv-S.jpg\",\"width\":600,\"height\":800,\"caption\":\"P\u00fchvli sarv S Frigera, 1 tk\"},{\"@type\":\"BreadcrumbList\",\"@id\":\"https:\/\/miumjau.ee\/lv\/produkts\/bifela-rags-s-frigera-1-gab\/#breadcrumb\",\"itemListElement\":[{\"@type\":\"ListItem\",\"position\":1,\"name\":\"Home\",\"item\":\"https:\/\/miumjau.ee\/lv\/\"},{\"@type\":\"ListItem\",\"position\":2,\"name\":\"Veikals\",\"item\":\"https:\/\/miumjau.ee\/lv\/veikals\/\"},{\"@type\":\"ListItem\",\"position\":3,\"name\":\"Bife\u013ca rags S Frigera, 1 gab.\"}]},{\"@type\":\"WebSite\",\"@id\":\"https:\/\/miumjau.ee\/#website\",\"url\":\"https:\/\/miumjau.ee\/\",\"name\":\"MiuMjau\",\"description\":\"Kraapimispuud kassidele\",\"publisher\":{\"@id\":\"https:\/\/miumjau.ee\/#organization\"},\"potentialAction\":[{\"@type\":\"SearchAction\",\"target\":{\"@type\":\"EntryPoint\",\"urlTemplate\":\"https:\/\/miumjau.ee\/?s={search_term_string}\"},\"query-input\":{\"@type\":\"PropertyValueSpecification\",\"valueRequired\":true,\"valueName\":\"search_term_string\"}}],\"inLanguage\":\"lv-LV\"},{\"@type\":\"Organization\",\"@id\":\"https:\/\/miumjau.ee\/#organization\",\"name\":\"MiuMjau O\u00dc\",\"url\":\"https:\/\/miumjau.ee\/\",\"logo\":{\"@type\":\"ImageObject\",\"inLanguage\":\"lv-LV\",\"@id\":\"https:\/\/miumjau.ee\/#\/schema\/logo\/image\/\",\"url\":\"https:\/\/miumjau.ee\/wp-content\/uploads\/2022\/04\/MiuMjau-logo-kollane.png\",\"contentUrl\":\"https:\/\/miumjau.ee\/wp-content\/uploads\/2022\/04\/MiuMjau-logo-kollane.png\",\"width\":219,\"height\":100,\"caption\":\"MiuMjau O\u00dc\"},\"image\":{\"@id\":\"https:\/\/miumjau.ee\/#\/schema\/logo\/image\/\"},\"sameAs\":[\"https:\/\/www.facebook.com\/miumjaupood\/\"]}]}<\/script>\n<!-- \/ Yoast SEO plugin. -->","yoast_head_json":{"title":"Bife\u013ca rags S Frigera, 1 gab. - MiuMjau","robots":{"index":"index","follow":"follow","max-snippet":"max-snippet:-1","max-image-preview":"max-image-preview:large","max-video-preview":"max-video-preview:-1"},"canonical":"https:\/\/miumjau.ee\/lv\/produkts\/bifela-rags-s-frigera-1-gab\/","og_locale":"lv_LV","og_type":"article","og_title":"Bife\u013ca rags S Frigera, 1 gab. - MiuMjau","og_description":"Vai j\u016bsu suns sagrau\u017e katru k\u0101rumu da\u017eu sekun\u017eu laik\u0101? Vai esat jau izm\u0113\u0123in\u0101ju\u0161i visus dab\u012bgos ko\u0161\u013c\u0101\u0161anas k\u0101rumus? Nemekl\u0113jiet t\u0101l\u0101k \u2013 friGERA bife\u013ca ragu gali ir pieejams ko\u0161\u013c\u0101jamais k\u0101rums, kas nepiecie\u0161ams j\u016bsu \u010detrk\u0101jainajam draugam! M\u016bsu bife\u013ca ragu gali n\u0101k no br\u012bvi audz\u0113tiem, ar z\u0101li barotiem bife\u013ciem. P\u0113c sav\u0101k\u0161anas tie tiek m\u0113rc\u0113ti karst\u0101 \u016bden\u012b, att\u012br\u012bti un nosl\u012bp\u0113ti, lai no\u0146emtu as\u0101s malas, p\u0113c tam r\u016bp\u012bgi iz\u017e\u0101v\u0113ti. Bife\u013ca ragu gali sast\u0101v no \u013coti iztur\u012bga kerat\u012bna un var kalpot ned\u0113\u013cas vai pat m\u0113ne\u0161us. Tas padara tos \u012bpa\u0161i piem\u0113rotus nemier\u012bgiem su\u0146iem ar sp\u0113c\u012bgu ko\u0161\u013c\u0101\u0161anas vajadz\u012bbu, jo intens\u012bva ko\u0161\u013c\u0101\u0161ana atbr\u012bvo daudz endorf\u012bnu. Tas pal\u012bdz sunim justies laim\u012bgam un mier\u012bgam. T\u0101 k\u0101 tie ir ar zemu tauku saturu, bet bag\u0101ti ar olbaltumviel\u0101m, kalciju un fosforu, tie b\u016btiski neietekm\u0113 su\u0146a svaru, bet atbalsta vesel\u012bgu kaulu un musku\u013cu att\u012bst\u012bbu! Neto svars: 80 g Sast\u0101vs: 100% bifelis Baro\u0161anas nor\u0101d\u012bjumi: Dodiet starp \u0113dienreiz\u0113m k\u0101 k\u0101rumu vai atl\u012bdz\u012bbu k\u0101 da\u013cu no sabalans\u0113ta uztura. Vienm\u0113r uzraugiet suni baro\u0161anas laik\u0101. Vienm\u0113r nodro\u0161iniet pietiekami daudz svaiga \u016bdens.Nav piem\u0113rots cilv\u0113ku p\u0101rtikai. Anal\u012btisk\u0101s sast\u0101vda\u013cas: Olbaltumvielas 82,5%; Tauki 4,5%; Mitrums 5%","og_url":"https:\/\/miumjau.ee\/lv\/produkts\/bifela-rags-s-frigera-1-gab\/","og_site_name":"MiuMjau","article_publisher":"https:\/\/www.facebook.com\/miumjaupood\/","og_image":[{"width":600,"height":800,"url":"https:\/\/miumjau.ee\/wp-content\/uploads\/2026\/04\/puhvli-sarv-S.jpg","type":"image\/jpeg"}],"twitter_card":"summary_large_image","schema":{"@context":"https:\/\/schema.org","@graph":[{"@type":"WebPage","@id":"https:\/\/miumjau.ee\/lv\/produkts\/bifela-rags-s-frigera-1-gab\/","url":"https:\/\/miumjau.ee\/lv\/produkts\/bifela-rags-s-frigera-1-gab\/","name":"Bife\u013ca rags S Frigera, 1 gab. - MiuMjau","isPartOf":{"@id":"https:\/\/miumjau.ee\/#website"},"primaryImageOfPage":{"@id":"https:\/\/miumjau.ee\/lv\/produkts\/bifela-rags-s-frigera-1-gab\/#primaryimage"},"image":{"@id":"https:\/\/miumjau.ee\/lv\/produkts\/bifela-rags-s-frigera-1-gab\/#primaryimage"},"thumbnailUrl":"https:\/\/miumjau.ee\/wp-content\/uploads\/2026\/04\/puhvli-sarv-S.jpg","datePublished":"2026-04-08T11:18:34+00:00","breadcrumb":{"@id":"https:\/\/miumjau.ee\/lv\/produkts\/bifela-rags-s-frigera-1-gab\/#breadcrumb"},"inLanguage":"lv-LV","potentialAction":[{"@type":"ReadAction","target":["https:\/\/miumjau.ee\/lv\/produkts\/bifela-rags-s-frigera-1-gab\/"]}]},{"@type":"ImageObject","inLanguage":"lv-LV","@id":"https:\/\/miumjau.ee\/lv\/produkts\/bifela-rags-s-frigera-1-gab\/#primaryimage","url":"https:\/\/miumjau.ee\/wp-content\/uploads\/2026\/04\/puhvli-sarv-S.jpg","contentUrl":"https:\/\/miumjau.ee\/wp-content\/uploads\/2026\/04\/puhvli-sarv-S.jpg","width":600,"height":800,"caption":"P\u00fchvli sarv S Frigera, 1 tk"},{"@type":"BreadcrumbList","@id":"https:\/\/miumjau.ee\/lv\/produkts\/bifela-rags-s-frigera-1-gab\/#breadcrumb","itemListElement":[{"@type":"ListItem","position":1,"name":"Home","item":"https:\/\/miumjau.ee\/lv\/"},{"@type":"ListItem","position":2,"name":"Veikals","item":"https:\/\/miumjau.ee\/lv\/veikals\/"},{"@type":"ListItem","position":3,"name":"Bife\u013ca rags S Frigera, 1 gab."}]},{"@type":"WebSite","@id":"https:\/\/miumjau.ee\/#website","url":"https:\/\/miumjau.ee\/","name":"MiuMjau","description":"Kraapimispuud kassidele","publisher":{"@id":"https:\/\/miumjau.ee\/#organization"},"potentialAction":[{"@type":"SearchAction","target":{"@type":"EntryPoint","urlTemplate":"https:\/\/miumjau.ee\/?s={search_term_string}"},"query-input":{"@type":"PropertyValueSpecification","valueRequired":true,"valueName":"search_term_string"}}],"inLanguage":"lv-LV"},{"@type":"Organization","@id":"https:\/\/miumjau.ee\/#organization","name":"MiuMjau O\u00dc","url":"https:\/\/miumjau.ee\/","logo":{"@type":"ImageObject","inLanguage":"lv-LV","@id":"https:\/\/miumjau.ee\/#\/schema\/logo\/image\/","url":"https:\/\/miumjau.ee\/wp-content\/uploads\/2022\/04\/MiuMjau-logo-kollane.png","contentUrl":"https:\/\/miumjau.ee\/wp-content\/uploads\/2022\/04\/MiuMjau-logo-kollane.png","width":219,"height":100,"caption":"MiuMjau O\u00dc"},"image":{"@id":"https:\/\/miumjau.ee\/#\/schema\/logo\/image\/"},"sameAs":["https:\/\/www.facebook.com\/miumjaupood\/"]}]}},"_links":{"self":[{"href":"https:\/\/miumjau.ee\/lv\/wp-json\/wp\/v2\/product\/57775","targetHints":{"allow":["GET"]}}],"collection":[{"href":"https:\/\/miumjau.ee\/lv\/wp-json\/wp\/v2\/product"}],"about":[{"href":"https:\/\/miumjau.ee\/lv\/wp-json\/wp\/v2\/types\/product"}],"wp:featuredmedia":[{"embeddable":true,"href":"https:\/\/miumjau.ee\/lv\/wp-json\/wp\/v2\/media\/57142"}],"wp:attachment":[{"href":"https:\/\/miumjau.ee\/lv\/wp-json\/wp\/v2\/media?parent=57775"}],"wp:term":[{"taxonomy":"product_brand","embeddable":true,"href":"https:\/\/miumjau.ee\/lv\/wp-json\/wp\/v2\/product_brand?post=57775"},{"taxonomy":"product_cat","embeddable":true,"href":"https:\/\/miumjau.ee\/lv\/wp-json\/wp\/v2\/product_cat?post=57775"},{"taxonomy":"product_tag","embeddable":true,"href":"https:\/\/miumjau.ee\/lv\/wp-json\/wp\/v2\/product_tag?post=57775"}],"curies":[{"name":"wp","href":"https:\/\/api.w.org\/{rel}","templated":true}]}}