{"id":57765,"date":"2026-04-08T14:18:39","date_gmt":"2026-04-08T11:18:39","guid":{"rendered":"https:\/\/miumjau.ee\/toode\/liellopa-galvas-ada-60-cm-frigera-1-gab\/"},"modified":"2026-04-08T14:18:39","modified_gmt":"2026-04-08T11:18:39","slug":"liellopa-galvas-ada-60-cm-frigera-1-gab","status":"publish","type":"product","link":"https:\/\/miumjau.ee\/lv\/produkts\/liellopa-galvas-ada-60-cm-frigera-1-gab\/","title":{"rendered":"Liellopa galvas \u0101da 60 cm Frigera, 1 gab."},"content":{"rendered":"","protected":false},"excerpt":{"rendered":"<p data-start=\"2490\" data-end=\"2593\">\u012asts na\u0161\u0137is ko\u0161\u013c\u0101\u0161anai: friGERA liellopa \u0101da \u2013 ide\u0101li piem\u0113rota su\u0146iem ar sp\u0113c\u012bgu ko\u0161\u013c\u0101\u0161anas vajadz\u012bbu!<\/p>\n<p data-start=\"2595\" data-end=\"3035\">M\u016bsu liellopa \u0101da ir gar\u0161\u012bgs k\u0101rums, kas izgatavots no saudz\u012bgi kalt\u0113tas dab\u012bgas \u0101das no br\u012bvi audz\u0113tiem liellopiem, kurus izmanto ar\u012b cilv\u0113ku p\u0101rtik\u0101. \u0160ie dz\u012bvnieki tiek audz\u0113ti bez pievienot\u0101m antibiotik\u0101m, stero\u012bdiem vai hormoniem \u2013 dabisk\u0101k vairs nevar b\u016bt! \u0160is k\u0101rums ir bag\u0101ts ar olbaltumviel\u0101m, ar zemu tauku saturu un nesatur m\u0101ksl\u012bg\u0101s kr\u0101svielas vai konservantus. Augstais kolag\u0113na saturs pal\u012bdz uztur\u0113t vesel\u012bgu \u0101du un apmatojumu.<\/p>\n<p data-start=\"3037\" data-end=\"3250\">T\u0101 k\u0101 j\u016bsu \u010detrk\u0101jainajam draugam, ko\u0161\u013c\u0101jot, ir j\u0101pieliek p\u016bles, lai \u0101du m\u012bkstin\u0101tu, \u0161is k\u0101rums ar savu rakstur\u012bgo smar\u017eu ir lielisks veids, k\u0101 k\u0101du laiku nodarbin\u0101t suni un vienlaikus stiprin\u0101t t\u0101 \u017eok\u013ca musku\u013cus!<\/p>\n<p data-start=\"3252\" data-end=\"3277\">Neto svars: apm\u0113ram 200 g<\/p>\n<p data-start=\"3279\" data-end=\"3301\">Sast\u0101vs: 100% liellops<\/p>\n<p data-start=\"3303\" data-end=\"3527\">Baro\u0161anas nor\u0101d\u012bjumi: Dodiet starp \u0113dienreiz\u0113m k\u0101 k\u0101rumu vai atl\u012bdz\u012bbu k\u0101 da\u013cu no sabalans\u0113ta uztura. Vienm\u0113r uzraugiet suni baro\u0161anas laik\u0101. Vienm\u0113r nodro\u0161iniet pietiekami daudz svaiga \u016bdens. Nav piem\u0113rots cilv\u0113ku p\u0101rtikai.<\/p>\n<p data-start=\"3529\" data-end=\"3600\">Anal\u012btisk\u0101s sast\u0101vda\u013cas: Olbaltumvielas 86,5%; Tauki 3,3%; Mitrums 9,2%<\/p>\n<p data-start=\"3602\" data-end=\"3678\">PS: Garuma d\u0113\u013c nes\u016bt\u0101m uz pakom\u0101tiem, bet pieg\u0101de ar kurjeru ir iesp\u0113jama \ud83d\ude42<\/p>\n","protected":false},"featured_media":57148,"template":"","meta":[],"product_brand":[],"product_cat":[576],"product_tag":[],"class_list":{"0":"post-57765","1":"product","2":"type-product","3":"status-publish","4":"has-post-thumbnail","6":"product_cat-naski-suniem","7":"product_shipping_class-pakiautomaati-sobimatu-lv","9":"first","10":"instock","11":"taxable","12":"shipping-taxable","13":"purchasable","14":"product-type-simple"},"yoast_head":"<!-- This site is optimized with the Yoast SEO plugin v27.2 - https:\/\/yoast.com\/product\/yoast-seo-wordpress\/ -->\n<title>Liellopa galvas \u0101da 60 cm Frigera, 1 gab. - MiuMjau<\/title>\n<meta name=\"robots\" content=\"index, follow, max-snippet:-1, max-image-preview:large, max-video-preview:-1\" \/>\n<link rel=\"canonical\" href=\"https:\/\/miumjau.ee\/lv\/produkts\/liellopa-galvas-ada-60-cm-frigera-1-gab\/\" \/>\n<meta property=\"og:locale\" content=\"lv_LV\" \/>\n<meta property=\"og:type\" content=\"article\" \/>\n<meta property=\"og:title\" content=\"Liellopa galvas \u0101da 60 cm Frigera, 1 gab. - MiuMjau\" \/>\n<meta property=\"og:description\" content=\"\u012asts na\u0161\u0137is ko\u0161\u013c\u0101\u0161anai: friGERA liellopa \u0101da \u2013 ide\u0101li piem\u0113rota su\u0146iem ar sp\u0113c\u012bgu ko\u0161\u013c\u0101\u0161anas vajadz\u012bbu! M\u016bsu liellopa \u0101da ir gar\u0161\u012bgs k\u0101rums, kas izgatavots no saudz\u012bgi kalt\u0113tas dab\u012bgas \u0101das no br\u012bvi audz\u0113tiem liellopiem, kurus izmanto ar\u012b cilv\u0113ku p\u0101rtik\u0101. \u0160ie dz\u012bvnieki tiek audz\u0113ti bez pievienot\u0101m antibiotik\u0101m, stero\u012bdiem vai hormoniem \u2013 dabisk\u0101k vairs nevar b\u016bt! \u0160is k\u0101rums ir bag\u0101ts ar olbaltumviel\u0101m, ar zemu tauku saturu un nesatur m\u0101ksl\u012bg\u0101s kr\u0101svielas vai konservantus. Augstais kolag\u0113na saturs pal\u012bdz uztur\u0113t vesel\u012bgu \u0101du un apmatojumu. T\u0101 k\u0101 j\u016bsu \u010detrk\u0101jainajam draugam, ko\u0161\u013c\u0101jot, ir j\u0101pieliek p\u016bles, lai \u0101du m\u012bkstin\u0101tu, \u0161is k\u0101rums ar savu rakstur\u012bgo smar\u017eu ir lielisks veids, k\u0101 k\u0101du laiku nodarbin\u0101t suni un vienlaikus stiprin\u0101t t\u0101 \u017eok\u013ca musku\u013cus! Neto svars: apm\u0113ram 200 g Sast\u0101vs: 100% liellops Baro\u0161anas nor\u0101d\u012bjumi: Dodiet starp \u0113dienreiz\u0113m k\u0101 k\u0101rumu vai atl\u012bdz\u012bbu k\u0101 da\u013cu no sabalans\u0113ta uztura. Vienm\u0113r uzraugiet suni baro\u0161anas laik\u0101. Vienm\u0113r nodro\u0161iniet pietiekami daudz svaiga \u016bdens. Nav piem\u0113rots cilv\u0113ku p\u0101rtikai. Anal\u012btisk\u0101s sast\u0101vda\u013cas: Olbaltumvielas 86,5%; Tauki 3,3%; Mitrums 9,2% PS: Garuma d\u0113\u013c nes\u016bt\u0101m uz pakom\u0101tiem, bet pieg\u0101de ar kurjeru ir iesp\u0113jama :)\" \/>\n<meta property=\"og:url\" content=\"https:\/\/miumjau.ee\/lv\/produkts\/liellopa-galvas-ada-60-cm-frigera-1-gab\/\" \/>\n<meta property=\"og:site_name\" content=\"MiuMjau\" \/>\n<meta property=\"article:publisher\" content=\"https:\/\/www.facebook.com\/miumjaupood\/\" \/>\n<meta property=\"og:image\" content=\"https:\/\/miumjau.ee\/wp-content\/uploads\/2026\/04\/veise-peanahk-60cm.jpg\" \/>\n\t<meta property=\"og:image:width\" content=\"600\" \/>\n\t<meta property=\"og:image:height\" content=\"800\" \/>\n\t<meta property=\"og:image:type\" content=\"image\/jpeg\" \/>\n<meta name=\"twitter:card\" content=\"summary_large_image\" \/>\n<script type=\"application\/ld+json\" class=\"yoast-schema-graph\">{\"@context\":\"https:\/\/schema.org\",\"@graph\":[{\"@type\":\"WebPage\",\"@id\":\"https:\/\/miumjau.ee\/lv\/produkts\/liellopa-galvas-ada-60-cm-frigera-1-gab\/\",\"url\":\"https:\/\/miumjau.ee\/lv\/produkts\/liellopa-galvas-ada-60-cm-frigera-1-gab\/\",\"name\":\"Liellopa galvas \u0101da 60 cm Frigera, 1 gab. - MiuMjau\",\"isPartOf\":{\"@id\":\"https:\/\/miumjau.ee\/#website\"},\"primaryImageOfPage\":{\"@id\":\"https:\/\/miumjau.ee\/lv\/produkts\/liellopa-galvas-ada-60-cm-frigera-1-gab\/#primaryimage\"},\"image\":{\"@id\":\"https:\/\/miumjau.ee\/lv\/produkts\/liellopa-galvas-ada-60-cm-frigera-1-gab\/#primaryimage\"},\"thumbnailUrl\":\"https:\/\/miumjau.ee\/wp-content\/uploads\/2026\/04\/veise-peanahk-60cm.jpg\",\"datePublished\":\"2026-04-08T11:18:39+00:00\",\"breadcrumb\":{\"@id\":\"https:\/\/miumjau.ee\/lv\/produkts\/liellopa-galvas-ada-60-cm-frigera-1-gab\/#breadcrumb\"},\"inLanguage\":\"lv-LV\",\"potentialAction\":[{\"@type\":\"ReadAction\",\"target\":[\"https:\/\/miumjau.ee\/lv\/produkts\/liellopa-galvas-ada-60-cm-frigera-1-gab\/\"]}]},{\"@type\":\"ImageObject\",\"inLanguage\":\"lv-LV\",\"@id\":\"https:\/\/miumjau.ee\/lv\/produkts\/liellopa-galvas-ada-60-cm-frigera-1-gab\/#primaryimage\",\"url\":\"https:\/\/miumjau.ee\/wp-content\/uploads\/2026\/04\/veise-peanahk-60cm.jpg\",\"contentUrl\":\"https:\/\/miumjau.ee\/wp-content\/uploads\/2026\/04\/veise-peanahk-60cm.jpg\",\"width\":600,\"height\":800,\"caption\":\"Veise peanahk 60cm Frigera, 1tk\"},{\"@type\":\"BreadcrumbList\",\"@id\":\"https:\/\/miumjau.ee\/lv\/produkts\/liellopa-galvas-ada-60-cm-frigera-1-gab\/#breadcrumb\",\"itemListElement\":[{\"@type\":\"ListItem\",\"position\":1,\"name\":\"Home\",\"item\":\"https:\/\/miumjau.ee\/lv\/\"},{\"@type\":\"ListItem\",\"position\":2,\"name\":\"Veikals\",\"item\":\"https:\/\/miumjau.ee\/lv\/veikals\/\"},{\"@type\":\"ListItem\",\"position\":3,\"name\":\"Liellopa galvas \u0101da 60 cm Frigera, 1 gab.\"}]},{\"@type\":\"WebSite\",\"@id\":\"https:\/\/miumjau.ee\/#website\",\"url\":\"https:\/\/miumjau.ee\/\",\"name\":\"MiuMjau\",\"description\":\"Kraapimispuud kassidele\",\"publisher\":{\"@id\":\"https:\/\/miumjau.ee\/#organization\"},\"potentialAction\":[{\"@type\":\"SearchAction\",\"target\":{\"@type\":\"EntryPoint\",\"urlTemplate\":\"https:\/\/miumjau.ee\/?s={search_term_string}\"},\"query-input\":{\"@type\":\"PropertyValueSpecification\",\"valueRequired\":true,\"valueName\":\"search_term_string\"}}],\"inLanguage\":\"lv-LV\"},{\"@type\":\"Organization\",\"@id\":\"https:\/\/miumjau.ee\/#organization\",\"name\":\"MiuMjau O\u00dc\",\"url\":\"https:\/\/miumjau.ee\/\",\"logo\":{\"@type\":\"ImageObject\",\"inLanguage\":\"lv-LV\",\"@id\":\"https:\/\/miumjau.ee\/#\/schema\/logo\/image\/\",\"url\":\"https:\/\/miumjau.ee\/wp-content\/uploads\/2022\/04\/MiuMjau-logo-kollane.png\",\"contentUrl\":\"https:\/\/miumjau.ee\/wp-content\/uploads\/2022\/04\/MiuMjau-logo-kollane.png\",\"width\":219,\"height\":100,\"caption\":\"MiuMjau O\u00dc\"},\"image\":{\"@id\":\"https:\/\/miumjau.ee\/#\/schema\/logo\/image\/\"},\"sameAs\":[\"https:\/\/www.facebook.com\/miumjaupood\/\"]}]}<\/script>\n<!-- \/ Yoast SEO plugin. -->","yoast_head_json":{"title":"Liellopa galvas \u0101da 60 cm Frigera, 1 gab. - MiuMjau","robots":{"index":"index","follow":"follow","max-snippet":"max-snippet:-1","max-image-preview":"max-image-preview:large","max-video-preview":"max-video-preview:-1"},"canonical":"https:\/\/miumjau.ee\/lv\/produkts\/liellopa-galvas-ada-60-cm-frigera-1-gab\/","og_locale":"lv_LV","og_type":"article","og_title":"Liellopa galvas \u0101da 60 cm Frigera, 1 gab. - MiuMjau","og_description":"\u012asts na\u0161\u0137is ko\u0161\u013c\u0101\u0161anai: friGERA liellopa \u0101da \u2013 ide\u0101li piem\u0113rota su\u0146iem ar sp\u0113c\u012bgu ko\u0161\u013c\u0101\u0161anas vajadz\u012bbu! M\u016bsu liellopa \u0101da ir gar\u0161\u012bgs k\u0101rums, kas izgatavots no saudz\u012bgi kalt\u0113tas dab\u012bgas \u0101das no br\u012bvi audz\u0113tiem liellopiem, kurus izmanto ar\u012b cilv\u0113ku p\u0101rtik\u0101. \u0160ie dz\u012bvnieki tiek audz\u0113ti bez pievienot\u0101m antibiotik\u0101m, stero\u012bdiem vai hormoniem \u2013 dabisk\u0101k vairs nevar b\u016bt! \u0160is k\u0101rums ir bag\u0101ts ar olbaltumviel\u0101m, ar zemu tauku saturu un nesatur m\u0101ksl\u012bg\u0101s kr\u0101svielas vai konservantus. Augstais kolag\u0113na saturs pal\u012bdz uztur\u0113t vesel\u012bgu \u0101du un apmatojumu. T\u0101 k\u0101 j\u016bsu \u010detrk\u0101jainajam draugam, ko\u0161\u013c\u0101jot, ir j\u0101pieliek p\u016bles, lai \u0101du m\u012bkstin\u0101tu, \u0161is k\u0101rums ar savu rakstur\u012bgo smar\u017eu ir lielisks veids, k\u0101 k\u0101du laiku nodarbin\u0101t suni un vienlaikus stiprin\u0101t t\u0101 \u017eok\u013ca musku\u013cus! Neto svars: apm\u0113ram 200 g Sast\u0101vs: 100% liellops Baro\u0161anas nor\u0101d\u012bjumi: Dodiet starp \u0113dienreiz\u0113m k\u0101 k\u0101rumu vai atl\u012bdz\u012bbu k\u0101 da\u013cu no sabalans\u0113ta uztura. Vienm\u0113r uzraugiet suni baro\u0161anas laik\u0101. Vienm\u0113r nodro\u0161iniet pietiekami daudz svaiga \u016bdens. Nav piem\u0113rots cilv\u0113ku p\u0101rtikai. Anal\u012btisk\u0101s sast\u0101vda\u013cas: Olbaltumvielas 86,5%; Tauki 3,3%; Mitrums 9,2% PS: Garuma d\u0113\u013c nes\u016bt\u0101m uz pakom\u0101tiem, bet pieg\u0101de ar kurjeru ir iesp\u0113jama :)","og_url":"https:\/\/miumjau.ee\/lv\/produkts\/liellopa-galvas-ada-60-cm-frigera-1-gab\/","og_site_name":"MiuMjau","article_publisher":"https:\/\/www.facebook.com\/miumjaupood\/","og_image":[{"width":600,"height":800,"url":"https:\/\/miumjau.ee\/wp-content\/uploads\/2026\/04\/veise-peanahk-60cm.jpg","type":"image\/jpeg"}],"twitter_card":"summary_large_image","schema":{"@context":"https:\/\/schema.org","@graph":[{"@type":"WebPage","@id":"https:\/\/miumjau.ee\/lv\/produkts\/liellopa-galvas-ada-60-cm-frigera-1-gab\/","url":"https:\/\/miumjau.ee\/lv\/produkts\/liellopa-galvas-ada-60-cm-frigera-1-gab\/","name":"Liellopa galvas \u0101da 60 cm Frigera, 1 gab. - MiuMjau","isPartOf":{"@id":"https:\/\/miumjau.ee\/#website"},"primaryImageOfPage":{"@id":"https:\/\/miumjau.ee\/lv\/produkts\/liellopa-galvas-ada-60-cm-frigera-1-gab\/#primaryimage"},"image":{"@id":"https:\/\/miumjau.ee\/lv\/produkts\/liellopa-galvas-ada-60-cm-frigera-1-gab\/#primaryimage"},"thumbnailUrl":"https:\/\/miumjau.ee\/wp-content\/uploads\/2026\/04\/veise-peanahk-60cm.jpg","datePublished":"2026-04-08T11:18:39+00:00","breadcrumb":{"@id":"https:\/\/miumjau.ee\/lv\/produkts\/liellopa-galvas-ada-60-cm-frigera-1-gab\/#breadcrumb"},"inLanguage":"lv-LV","potentialAction":[{"@type":"ReadAction","target":["https:\/\/miumjau.ee\/lv\/produkts\/liellopa-galvas-ada-60-cm-frigera-1-gab\/"]}]},{"@type":"ImageObject","inLanguage":"lv-LV","@id":"https:\/\/miumjau.ee\/lv\/produkts\/liellopa-galvas-ada-60-cm-frigera-1-gab\/#primaryimage","url":"https:\/\/miumjau.ee\/wp-content\/uploads\/2026\/04\/veise-peanahk-60cm.jpg","contentUrl":"https:\/\/miumjau.ee\/wp-content\/uploads\/2026\/04\/veise-peanahk-60cm.jpg","width":600,"height":800,"caption":"Veise peanahk 60cm Frigera, 1tk"},{"@type":"BreadcrumbList","@id":"https:\/\/miumjau.ee\/lv\/produkts\/liellopa-galvas-ada-60-cm-frigera-1-gab\/#breadcrumb","itemListElement":[{"@type":"ListItem","position":1,"name":"Home","item":"https:\/\/miumjau.ee\/lv\/"},{"@type":"ListItem","position":2,"name":"Veikals","item":"https:\/\/miumjau.ee\/lv\/veikals\/"},{"@type":"ListItem","position":3,"name":"Liellopa galvas \u0101da 60 cm Frigera, 1 gab."}]},{"@type":"WebSite","@id":"https:\/\/miumjau.ee\/#website","url":"https:\/\/miumjau.ee\/","name":"MiuMjau","description":"Kraapimispuud kassidele","publisher":{"@id":"https:\/\/miumjau.ee\/#organization"},"potentialAction":[{"@type":"SearchAction","target":{"@type":"EntryPoint","urlTemplate":"https:\/\/miumjau.ee\/?s={search_term_string}"},"query-input":{"@type":"PropertyValueSpecification","valueRequired":true,"valueName":"search_term_string"}}],"inLanguage":"lv-LV"},{"@type":"Organization","@id":"https:\/\/miumjau.ee\/#organization","name":"MiuMjau O\u00dc","url":"https:\/\/miumjau.ee\/","logo":{"@type":"ImageObject","inLanguage":"lv-LV","@id":"https:\/\/miumjau.ee\/#\/schema\/logo\/image\/","url":"https:\/\/miumjau.ee\/wp-content\/uploads\/2022\/04\/MiuMjau-logo-kollane.png","contentUrl":"https:\/\/miumjau.ee\/wp-content\/uploads\/2022\/04\/MiuMjau-logo-kollane.png","width":219,"height":100,"caption":"MiuMjau O\u00dc"},"image":{"@id":"https:\/\/miumjau.ee\/#\/schema\/logo\/image\/"},"sameAs":["https:\/\/www.facebook.com\/miumjaupood\/"]}]}},"_links":{"self":[{"href":"https:\/\/miumjau.ee\/lv\/wp-json\/wp\/v2\/product\/57765","targetHints":{"allow":["GET"]}}],"collection":[{"href":"https:\/\/miumjau.ee\/lv\/wp-json\/wp\/v2\/product"}],"about":[{"href":"https:\/\/miumjau.ee\/lv\/wp-json\/wp\/v2\/types\/product"}],"wp:featuredmedia":[{"embeddable":true,"href":"https:\/\/miumjau.ee\/lv\/wp-json\/wp\/v2\/media\/57148"}],"wp:attachment":[{"href":"https:\/\/miumjau.ee\/lv\/wp-json\/wp\/v2\/media?parent=57765"}],"wp:term":[{"taxonomy":"product_brand","embeddable":true,"href":"https:\/\/miumjau.ee\/lv\/wp-json\/wp\/v2\/product_brand?post=57765"},{"taxonomy":"product_cat","embeddable":true,"href":"https:\/\/miumjau.ee\/lv\/wp-json\/wp\/v2\/product_cat?post=57765"},{"taxonomy":"product_tag","embeddable":true,"href":"https:\/\/miumjau.ee\/lv\/wp-json\/wp\/v2\/product_tag?post=57765"}],"curies":[{"name":"wp","href":"https:\/\/api.w.org\/{rel}","templated":true}]}}