{"id":57750,"date":"2026-04-08T14:18:42","date_gmt":"2026-04-08T11:18:42","guid":{"rendered":"https:\/\/miumjau.ee\/toode\/jera-rags-frigera-1-gab\/"},"modified":"2026-04-08T14:18:42","modified_gmt":"2026-04-08T11:18:42","slug":"jera-rags-frigera-1-gab","status":"publish","type":"product","link":"https:\/\/miumjau.ee\/lv\/produkts\/jera-rags-frigera-1-gab\/","title":{"rendered":"J\u0113ra rags Frigera, 1 gab."},"content":{"rendered":"","protected":false},"excerpt":{"rendered":"<p data-start=\"3434\" data-end=\"3660\">Vai j\u016bsu suns ap\u0113d katru k\u0101rumu da\u017eu sekun\u017eu laik\u0101? Vai esat jau izm\u0113\u0123in\u0101ju\u0161i visus dab\u012bgos ko\u0161\u013c\u0101jamos k\u0101rumus? Nemekl\u0113jiet t\u0101l\u0101k \u2013 Frigera j\u0113ra rags ir pieejams ko\u0161\u013c\u0101jamais k\u0101rums, kas j\u016bsu p\u016bkainajam draugam ir nepiecie\u0161ams!<\/p>\n<p data-start=\"3662\" data-end=\"4136\">M\u016bsu j\u0113ra ragi n\u0101k no br\u012bvi tur\u0113tiem, ar z\u0101li barotiem j\u0113riem. P\u0113c sav\u0101k\u0161anas tie tiek m\u0113rc\u0113ti karst\u0101 \u016bden\u012b, t\u012br\u012bti un pul\u0113ti, lai no\u0146emtu asas malas, p\u0113c tam r\u016bp\u012bgi \u017e\u0101v\u0113ti. J\u0113ra ragi sast\u0101v no \u013coti iztur\u012bga kerat\u012bna un var kalpot ned\u0113\u013c\u0101m vai pat m\u0113ne\u0161iem (atkar\u012bb\u0101 no su\u0146a izm\u0113ra un intereses). Tas padara tos \u012bpa\u0161i piem\u0113rotus nemier\u012bgiem su\u0146iem ar sp\u0113c\u012bgu ko\u0161\u013c\u0101\u0161anas vajadz\u012bbu, jo intens\u012bva ko\u0161\u013c\u0101\u0161ana atbr\u012bvo daudz endorf\u012bnu. Tas pal\u012bdz sunim justies laim\u012bgam un mier\u012bgam.<\/p>\n<p data-start=\"4138\" data-end=\"4306\">T\u0101 k\u0101 tie ir ar zemu tauku saturu, bet bag\u0101ti ar olbaltumviel\u0101m, kalciju un fosforu, tie b\u016btiski neietekm\u0113 su\u0146a svaru, bet atbalsta vesel\u012bgu kaulu un musku\u013cu att\u012bst\u012bbu.<\/p>\n<p data-start=\"4308\" data-end=\"4664\">Padoms: j\u016bs varat piepild\u012bt raga galus ar jebko, kas sunim gar\u0161o \u2013 su\u0146u pastu, ga\u013cas pild\u012bjumu, mitro bar\u012bbu utt. Iesp\u0113jas ir bezgal\u012bgas! Tas ir lielisks un pieejams veids, k\u0101 iem\u0101c\u012bt pareizu ko\u0161\u013c\u0101\u0161anas uzved\u012bbu. P\u0113c pild\u012bjuma izlieto\u0161anas viet\u0101 nepaliek bezv\u0113rt\u012bga sint\u0113tiska rota\u013clieta \u2013 tuk\u0161ais rags var kalpot k\u0101 papildu balva p\u0113c apm\u0101c\u012bbas un rota\u013c\u0101m.<\/p>\n<p data-start=\"4666\" data-end=\"4697\">100% j\u0113rs un svars apm\u0113ram 80 g<\/p>\n<p data-start=\"4699\" data-end=\"4903\">Baro\u0161anas nor\u0101d\u012bjumi<br data-start=\"4719\" data-end=\"4722\" \/>Dot k\u0101 k\u0101rumu vai balvu starp \u0113dienreiz\u0113m sabalans\u0113tas di\u0113tas ietvaros. Vienm\u0113r uzraudz\u012bt suni \u0113\u0161anas laik\u0101. Nodro\u0161in\u0101t pietiekami daudz svaiga \u016bdens. Nav piem\u0113rots cilv\u0113ku uzturam.<\/p>\n<p data-start=\"4905\" data-end=\"4972\">Anal\u012btiskie komponenti: Prote\u012bns 76,26 %; Tauki 2 %; Mitrums 7,93 %<\/p>\n","protected":false},"featured_media":57136,"template":"","meta":[],"product_brand":[],"product_cat":[576],"product_tag":[],"class_list":{"0":"post-57750","1":"product","2":"type-product","3":"status-publish","4":"has-post-thumbnail","6":"product_cat-naski-suniem","8":"first","9":"instock","10":"taxable","11":"shipping-taxable","12":"purchasable","13":"product-type-simple"},"yoast_head":"<!-- This site is optimized with the Yoast SEO plugin v27.2 - https:\/\/yoast.com\/product\/yoast-seo-wordpress\/ -->\n<title>J\u0113ra rags Frigera, 1 gab. - MiuMjau<\/title>\n<meta name=\"robots\" content=\"index, follow, max-snippet:-1, max-image-preview:large, max-video-preview:-1\" \/>\n<link rel=\"canonical\" href=\"https:\/\/miumjau.ee\/lv\/produkts\/jera-rags-frigera-1-gab\/\" \/>\n<meta property=\"og:locale\" content=\"lv_LV\" \/>\n<meta property=\"og:type\" content=\"article\" \/>\n<meta property=\"og:title\" content=\"J\u0113ra rags Frigera, 1 gab. - MiuMjau\" \/>\n<meta property=\"og:description\" content=\"Vai j\u016bsu suns ap\u0113d katru k\u0101rumu da\u017eu sekun\u017eu laik\u0101? Vai esat jau izm\u0113\u0123in\u0101ju\u0161i visus dab\u012bgos ko\u0161\u013c\u0101jamos k\u0101rumus? Nemekl\u0113jiet t\u0101l\u0101k \u2013 Frigera j\u0113ra rags ir pieejams ko\u0161\u013c\u0101jamais k\u0101rums, kas j\u016bsu p\u016bkainajam draugam ir nepiecie\u0161ams! M\u016bsu j\u0113ra ragi n\u0101k no br\u012bvi tur\u0113tiem, ar z\u0101li barotiem j\u0113riem. P\u0113c sav\u0101k\u0161anas tie tiek m\u0113rc\u0113ti karst\u0101 \u016bden\u012b, t\u012br\u012bti un pul\u0113ti, lai no\u0146emtu asas malas, p\u0113c tam r\u016bp\u012bgi \u017e\u0101v\u0113ti. J\u0113ra ragi sast\u0101v no \u013coti iztur\u012bga kerat\u012bna un var kalpot ned\u0113\u013c\u0101m vai pat m\u0113ne\u0161iem (atkar\u012bb\u0101 no su\u0146a izm\u0113ra un intereses). Tas padara tos \u012bpa\u0161i piem\u0113rotus nemier\u012bgiem su\u0146iem ar sp\u0113c\u012bgu ko\u0161\u013c\u0101\u0161anas vajadz\u012bbu, jo intens\u012bva ko\u0161\u013c\u0101\u0161ana atbr\u012bvo daudz endorf\u012bnu. Tas pal\u012bdz sunim justies laim\u012bgam un mier\u012bgam. T\u0101 k\u0101 tie ir ar zemu tauku saturu, bet bag\u0101ti ar olbaltumviel\u0101m, kalciju un fosforu, tie b\u016btiski neietekm\u0113 su\u0146a svaru, bet atbalsta vesel\u012bgu kaulu un musku\u013cu att\u012bst\u012bbu. Padoms: j\u016bs varat piepild\u012bt raga galus ar jebko, kas sunim gar\u0161o \u2013 su\u0146u pastu, ga\u013cas pild\u012bjumu, mitro bar\u012bbu utt. Iesp\u0113jas ir bezgal\u012bgas! Tas ir lielisks un pieejams veids, k\u0101 iem\u0101c\u012bt pareizu ko\u0161\u013c\u0101\u0161anas uzved\u012bbu. P\u0113c pild\u012bjuma izlieto\u0161anas viet\u0101 nepaliek bezv\u0113rt\u012bga sint\u0113tiska rota\u013clieta \u2013 tuk\u0161ais rags var kalpot k\u0101 papildu balva p\u0113c apm\u0101c\u012bbas un rota\u013c\u0101m. 100% j\u0113rs un svars apm\u0113ram 80 g Baro\u0161anas nor\u0101d\u012bjumiDot k\u0101 k\u0101rumu vai balvu starp \u0113dienreiz\u0113m sabalans\u0113tas di\u0113tas ietvaros. Vienm\u0113r uzraudz\u012bt suni \u0113\u0161anas laik\u0101. Nodro\u0161in\u0101t pietiekami daudz svaiga \u016bdens. Nav piem\u0113rots cilv\u0113ku uzturam. Anal\u012btiskie komponenti: Prote\u012bns 76,26 %; Tauki 2 %; Mitrums 7,93 %\" \/>\n<meta property=\"og:url\" content=\"https:\/\/miumjau.ee\/lv\/produkts\/jera-rags-frigera-1-gab\/\" \/>\n<meta property=\"og:site_name\" content=\"MiuMjau\" \/>\n<meta property=\"article:publisher\" content=\"https:\/\/www.facebook.com\/miumjaupood\/\" \/>\n<meta property=\"og:image\" content=\"https:\/\/miumjau.ee\/wp-content\/uploads\/2026\/04\/lamba-sarv-frigera.jpg\" \/>\n\t<meta property=\"og:image:width\" content=\"600\" \/>\n\t<meta property=\"og:image:height\" content=\"800\" \/>\n\t<meta property=\"og:image:type\" content=\"image\/jpeg\" \/>\n<meta name=\"twitter:card\" content=\"summary_large_image\" \/>\n<script type=\"application\/ld+json\" class=\"yoast-schema-graph\">{\"@context\":\"https:\/\/schema.org\",\"@graph\":[{\"@type\":\"WebPage\",\"@id\":\"https:\/\/miumjau.ee\/lv\/produkts\/jera-rags-frigera-1-gab\/\",\"url\":\"https:\/\/miumjau.ee\/lv\/produkts\/jera-rags-frigera-1-gab\/\",\"name\":\"J\u0113ra rags Frigera, 1 gab. - MiuMjau\",\"isPartOf\":{\"@id\":\"https:\/\/miumjau.ee\/#website\"},\"primaryImageOfPage\":{\"@id\":\"https:\/\/miumjau.ee\/lv\/produkts\/jera-rags-frigera-1-gab\/#primaryimage\"},\"image\":{\"@id\":\"https:\/\/miumjau.ee\/lv\/produkts\/jera-rags-frigera-1-gab\/#primaryimage\"},\"thumbnailUrl\":\"https:\/\/miumjau.ee\/wp-content\/uploads\/2026\/04\/lamba-sarv-frigera.jpg\",\"datePublished\":\"2026-04-08T11:18:42+00:00\",\"breadcrumb\":{\"@id\":\"https:\/\/miumjau.ee\/lv\/produkts\/jera-rags-frigera-1-gab\/#breadcrumb\"},\"inLanguage\":\"lv-LV\",\"potentialAction\":[{\"@type\":\"ReadAction\",\"target\":[\"https:\/\/miumjau.ee\/lv\/produkts\/jera-rags-frigera-1-gab\/\"]}]},{\"@type\":\"ImageObject\",\"inLanguage\":\"lv-LV\",\"@id\":\"https:\/\/miumjau.ee\/lv\/produkts\/jera-rags-frigera-1-gab\/#primaryimage\",\"url\":\"https:\/\/miumjau.ee\/wp-content\/uploads\/2026\/04\/lamba-sarv-frigera.jpg\",\"contentUrl\":\"https:\/\/miumjau.ee\/wp-content\/uploads\/2026\/04\/lamba-sarv-frigera.jpg\",\"width\":600,\"height\":800,\"caption\":\"Lamba sarv Frigera, 1 tk\"},{\"@type\":\"BreadcrumbList\",\"@id\":\"https:\/\/miumjau.ee\/lv\/produkts\/jera-rags-frigera-1-gab\/#breadcrumb\",\"itemListElement\":[{\"@type\":\"ListItem\",\"position\":1,\"name\":\"Home\",\"item\":\"https:\/\/miumjau.ee\/lv\/\"},{\"@type\":\"ListItem\",\"position\":2,\"name\":\"Veikals\",\"item\":\"https:\/\/miumjau.ee\/lv\/veikals\/\"},{\"@type\":\"ListItem\",\"position\":3,\"name\":\"J\u0113ra rags Frigera, 1 gab.\"}]},{\"@type\":\"WebSite\",\"@id\":\"https:\/\/miumjau.ee\/#website\",\"url\":\"https:\/\/miumjau.ee\/\",\"name\":\"MiuMjau\",\"description\":\"Kraapimispuud kassidele\",\"publisher\":{\"@id\":\"https:\/\/miumjau.ee\/#organization\"},\"potentialAction\":[{\"@type\":\"SearchAction\",\"target\":{\"@type\":\"EntryPoint\",\"urlTemplate\":\"https:\/\/miumjau.ee\/?s={search_term_string}\"},\"query-input\":{\"@type\":\"PropertyValueSpecification\",\"valueRequired\":true,\"valueName\":\"search_term_string\"}}],\"inLanguage\":\"lv-LV\"},{\"@type\":\"Organization\",\"@id\":\"https:\/\/miumjau.ee\/#organization\",\"name\":\"MiuMjau O\u00dc\",\"url\":\"https:\/\/miumjau.ee\/\",\"logo\":{\"@type\":\"ImageObject\",\"inLanguage\":\"lv-LV\",\"@id\":\"https:\/\/miumjau.ee\/#\/schema\/logo\/image\/\",\"url\":\"https:\/\/miumjau.ee\/wp-content\/uploads\/2022\/04\/MiuMjau-logo-kollane.png\",\"contentUrl\":\"https:\/\/miumjau.ee\/wp-content\/uploads\/2022\/04\/MiuMjau-logo-kollane.png\",\"width\":219,\"height\":100,\"caption\":\"MiuMjau O\u00dc\"},\"image\":{\"@id\":\"https:\/\/miumjau.ee\/#\/schema\/logo\/image\/\"},\"sameAs\":[\"https:\/\/www.facebook.com\/miumjaupood\/\"]}]}<\/script>\n<!-- \/ Yoast SEO plugin. -->","yoast_head_json":{"title":"J\u0113ra rags Frigera, 1 gab. - MiuMjau","robots":{"index":"index","follow":"follow","max-snippet":"max-snippet:-1","max-image-preview":"max-image-preview:large","max-video-preview":"max-video-preview:-1"},"canonical":"https:\/\/miumjau.ee\/lv\/produkts\/jera-rags-frigera-1-gab\/","og_locale":"lv_LV","og_type":"article","og_title":"J\u0113ra rags Frigera, 1 gab. - MiuMjau","og_description":"Vai j\u016bsu suns ap\u0113d katru k\u0101rumu da\u017eu sekun\u017eu laik\u0101? Vai esat jau izm\u0113\u0123in\u0101ju\u0161i visus dab\u012bgos ko\u0161\u013c\u0101jamos k\u0101rumus? Nemekl\u0113jiet t\u0101l\u0101k \u2013 Frigera j\u0113ra rags ir pieejams ko\u0161\u013c\u0101jamais k\u0101rums, kas j\u016bsu p\u016bkainajam draugam ir nepiecie\u0161ams! M\u016bsu j\u0113ra ragi n\u0101k no br\u012bvi tur\u0113tiem, ar z\u0101li barotiem j\u0113riem. P\u0113c sav\u0101k\u0161anas tie tiek m\u0113rc\u0113ti karst\u0101 \u016bden\u012b, t\u012br\u012bti un pul\u0113ti, lai no\u0146emtu asas malas, p\u0113c tam r\u016bp\u012bgi \u017e\u0101v\u0113ti. J\u0113ra ragi sast\u0101v no \u013coti iztur\u012bga kerat\u012bna un var kalpot ned\u0113\u013c\u0101m vai pat m\u0113ne\u0161iem (atkar\u012bb\u0101 no su\u0146a izm\u0113ra un intereses). Tas padara tos \u012bpa\u0161i piem\u0113rotus nemier\u012bgiem su\u0146iem ar sp\u0113c\u012bgu ko\u0161\u013c\u0101\u0161anas vajadz\u012bbu, jo intens\u012bva ko\u0161\u013c\u0101\u0161ana atbr\u012bvo daudz endorf\u012bnu. Tas pal\u012bdz sunim justies laim\u012bgam un mier\u012bgam. T\u0101 k\u0101 tie ir ar zemu tauku saturu, bet bag\u0101ti ar olbaltumviel\u0101m, kalciju un fosforu, tie b\u016btiski neietekm\u0113 su\u0146a svaru, bet atbalsta vesel\u012bgu kaulu un musku\u013cu att\u012bst\u012bbu. Padoms: j\u016bs varat piepild\u012bt raga galus ar jebko, kas sunim gar\u0161o \u2013 su\u0146u pastu, ga\u013cas pild\u012bjumu, mitro bar\u012bbu utt. Iesp\u0113jas ir bezgal\u012bgas! Tas ir lielisks un pieejams veids, k\u0101 iem\u0101c\u012bt pareizu ko\u0161\u013c\u0101\u0161anas uzved\u012bbu. P\u0113c pild\u012bjuma izlieto\u0161anas viet\u0101 nepaliek bezv\u0113rt\u012bga sint\u0113tiska rota\u013clieta \u2013 tuk\u0161ais rags var kalpot k\u0101 papildu balva p\u0113c apm\u0101c\u012bbas un rota\u013c\u0101m. 100% j\u0113rs un svars apm\u0113ram 80 g Baro\u0161anas nor\u0101d\u012bjumiDot k\u0101 k\u0101rumu vai balvu starp \u0113dienreiz\u0113m sabalans\u0113tas di\u0113tas ietvaros. Vienm\u0113r uzraudz\u012bt suni \u0113\u0161anas laik\u0101. Nodro\u0161in\u0101t pietiekami daudz svaiga \u016bdens. Nav piem\u0113rots cilv\u0113ku uzturam. Anal\u012btiskie komponenti: Prote\u012bns 76,26 %; Tauki 2 %; Mitrums 7,93 %","og_url":"https:\/\/miumjau.ee\/lv\/produkts\/jera-rags-frigera-1-gab\/","og_site_name":"MiuMjau","article_publisher":"https:\/\/www.facebook.com\/miumjaupood\/","og_image":[{"width":600,"height":800,"url":"https:\/\/miumjau.ee\/wp-content\/uploads\/2026\/04\/lamba-sarv-frigera.jpg","type":"image\/jpeg"}],"twitter_card":"summary_large_image","schema":{"@context":"https:\/\/schema.org","@graph":[{"@type":"WebPage","@id":"https:\/\/miumjau.ee\/lv\/produkts\/jera-rags-frigera-1-gab\/","url":"https:\/\/miumjau.ee\/lv\/produkts\/jera-rags-frigera-1-gab\/","name":"J\u0113ra rags Frigera, 1 gab. - MiuMjau","isPartOf":{"@id":"https:\/\/miumjau.ee\/#website"},"primaryImageOfPage":{"@id":"https:\/\/miumjau.ee\/lv\/produkts\/jera-rags-frigera-1-gab\/#primaryimage"},"image":{"@id":"https:\/\/miumjau.ee\/lv\/produkts\/jera-rags-frigera-1-gab\/#primaryimage"},"thumbnailUrl":"https:\/\/miumjau.ee\/wp-content\/uploads\/2026\/04\/lamba-sarv-frigera.jpg","datePublished":"2026-04-08T11:18:42+00:00","breadcrumb":{"@id":"https:\/\/miumjau.ee\/lv\/produkts\/jera-rags-frigera-1-gab\/#breadcrumb"},"inLanguage":"lv-LV","potentialAction":[{"@type":"ReadAction","target":["https:\/\/miumjau.ee\/lv\/produkts\/jera-rags-frigera-1-gab\/"]}]},{"@type":"ImageObject","inLanguage":"lv-LV","@id":"https:\/\/miumjau.ee\/lv\/produkts\/jera-rags-frigera-1-gab\/#primaryimage","url":"https:\/\/miumjau.ee\/wp-content\/uploads\/2026\/04\/lamba-sarv-frigera.jpg","contentUrl":"https:\/\/miumjau.ee\/wp-content\/uploads\/2026\/04\/lamba-sarv-frigera.jpg","width":600,"height":800,"caption":"Lamba sarv Frigera, 1 tk"},{"@type":"BreadcrumbList","@id":"https:\/\/miumjau.ee\/lv\/produkts\/jera-rags-frigera-1-gab\/#breadcrumb","itemListElement":[{"@type":"ListItem","position":1,"name":"Home","item":"https:\/\/miumjau.ee\/lv\/"},{"@type":"ListItem","position":2,"name":"Veikals","item":"https:\/\/miumjau.ee\/lv\/veikals\/"},{"@type":"ListItem","position":3,"name":"J\u0113ra rags Frigera, 1 gab."}]},{"@type":"WebSite","@id":"https:\/\/miumjau.ee\/#website","url":"https:\/\/miumjau.ee\/","name":"MiuMjau","description":"Kraapimispuud kassidele","publisher":{"@id":"https:\/\/miumjau.ee\/#organization"},"potentialAction":[{"@type":"SearchAction","target":{"@type":"EntryPoint","urlTemplate":"https:\/\/miumjau.ee\/?s={search_term_string}"},"query-input":{"@type":"PropertyValueSpecification","valueRequired":true,"valueName":"search_term_string"}}],"inLanguage":"lv-LV"},{"@type":"Organization","@id":"https:\/\/miumjau.ee\/#organization","name":"MiuMjau O\u00dc","url":"https:\/\/miumjau.ee\/","logo":{"@type":"ImageObject","inLanguage":"lv-LV","@id":"https:\/\/miumjau.ee\/#\/schema\/logo\/image\/","url":"https:\/\/miumjau.ee\/wp-content\/uploads\/2022\/04\/MiuMjau-logo-kollane.png","contentUrl":"https:\/\/miumjau.ee\/wp-content\/uploads\/2022\/04\/MiuMjau-logo-kollane.png","width":219,"height":100,"caption":"MiuMjau O\u00dc"},"image":{"@id":"https:\/\/miumjau.ee\/#\/schema\/logo\/image\/"},"sameAs":["https:\/\/www.facebook.com\/miumjaupood\/"]}]}},"_links":{"self":[{"href":"https:\/\/miumjau.ee\/lv\/wp-json\/wp\/v2\/product\/57750","targetHints":{"allow":["GET"]}}],"collection":[{"href":"https:\/\/miumjau.ee\/lv\/wp-json\/wp\/v2\/product"}],"about":[{"href":"https:\/\/miumjau.ee\/lv\/wp-json\/wp\/v2\/types\/product"}],"wp:featuredmedia":[{"embeddable":true,"href":"https:\/\/miumjau.ee\/lv\/wp-json\/wp\/v2\/media\/57136"}],"wp:attachment":[{"href":"https:\/\/miumjau.ee\/lv\/wp-json\/wp\/v2\/media?parent=57750"}],"wp:term":[{"taxonomy":"product_brand","embeddable":true,"href":"https:\/\/miumjau.ee\/lv\/wp-json\/wp\/v2\/product_brand?post=57750"},{"taxonomy":"product_cat","embeddable":true,"href":"https:\/\/miumjau.ee\/lv\/wp-json\/wp\/v2\/product_cat?post=57750"},{"taxonomy":"product_tag","embeddable":true,"href":"https:\/\/miumjau.ee\/lv\/wp-json\/wp\/v2\/product_tag?post=57750"}],"curies":[{"name":"wp","href":"https:\/\/api.w.org\/{rel}","templated":true}]}}