{"id":57739,"date":"2026-04-10T15:08:44","date_gmt":"2026-04-10T12:08:44","guid":{"rendered":"https:\/\/miumjau.ee\/toode\/ontario-sensitive-monoproteina-titara-pastete-ar-saldo-kartupeli-6x400g\/"},"modified":"2026-04-10T15:08:44","modified_gmt":"2026-04-10T12:08:44","slug":"ontario-sensitive-monoproteina-titara-pastete-ar-saldo-kartupeli-6x400g","status":"publish","type":"product","link":"https:\/\/miumjau.ee\/lv\/produkts\/ontario-sensitive-monoproteina-titara-pastete-ar-saldo-kartupeli-6x400g\/","title":{"rendered":"Ontario Sensitive monoprote\u012bna t\u012btara past\u0113te ar saldo kartupeli 6x400g"},"content":{"rendered":"","protected":false},"excerpt":{"rendered":"<p data-start=\"4894\" data-end=\"4996\">Super premium pilnv\u0113rt\u012bga bar\u012bba pieaugu\u0161iem su\u0146iem vis\u0101m \u0161\u0137irn\u0113m, tostarp su\u0146iem ar jut\u012bgu gremo\u0161anu.<\/p>\n<p data-start=\"4998\" data-end=\"5192\">Monoprote\u012bna t\u012btara past\u0113te ar saldo kartupeli ir \u012bpa\u0161i izstr\u0101d\u0101ta su\u0146iem ar p\u0101rtikas nepanes\u012bbu. T\u0101 satur 91% ga\u013cas un buljona un dab\u012bgus gar\u0161augus, kas atbalsta organisma att\u012br\u012b\u0161an\u0101s procesus.<\/p>\n<p data-start=\"5194\" data-end=\"5598\">Monoprote\u012bns noz\u012bm\u0113 vienu ga\u013cas veidu, t\u0101p\u0113c bar\u012bba ir piem\u0113rota su\u0146iem ar jut\u012bgu gremo\u0161anu un aler\u0123ij\u0101m. Augstais kvalitat\u012bvas ga\u013cas un buljona saturs nodro\u0161ina lielisku gar\u0161u katr\u0101 malt\u012bt\u0113. Maigais sast\u0101vs nekairina un ir piem\u0113rots pat \u013coti jut\u012bgiem su\u0146iem. Vitam\u012bniem sabalans\u0113ts sast\u0101vs atbalsta sp\u0113c\u012bgu imunit\u0101ti un dz\u012bvotsp\u0113ju. Kvalitat\u012bvi prote\u012bni pal\u012bdz uztur\u0113t sp\u0113ku, labu formu un musku\u013cu masu.<\/p>\n<p data-start=\"5600\" data-end=\"5927\">T\u012btars k\u0101 monoprote\u012bns ir \u013coti maiga un liesa ga\u013ca, kas piem\u0113rota optim\u0101la svara un labas formas uztur\u0113\u0161anai. Saldais kartupelis ir gar\u0161\u012bgs ener\u0123ijas avots, bag\u0101ts ar antioksidantiem un vitam\u012bniem. Timi\u0101ns un rozmar\u012bns atbalsta gremo\u0161anu, imunit\u0101ti un dabisku konserv\u0113\u0161anu. Pienene atbalsta aknu un nieru vesel\u012bbu un vielmai\u0146u.<\/p>\n<p data-start=\"5929\" data-end=\"6156\">Recepte ir izstr\u0101d\u0101ta su\u0146iem, kuri slikti panes vair\u0101kus prote\u012bnus vai graudus. Pateicoties t\u012btara monoprote\u012bnam un saldajam kartupelim, samazin\u0101s gremo\u0161anas trauc\u0113jumu risks. Bar\u012bbu ieteicams lietot ilgtermi\u0146\u0101 jut\u012bgiem su\u0146iem.<\/p>\n<p data-start=\"6158\" data-end=\"6355\">Sast\u0101vs:<br data-start=\"6166\" data-end=\"6169\" \/>T\u012btars 70 %, buljons 21.82 %, saldais kartupelis 5 %, saulespu\u0137u e\u013c\u013ca 1.5 %, miner\u0101lvielas 0.7 %, lins\u0113klu e\u013c\u013ca 0.5 %, inul\u012bns 0.4 %, timi\u0101ns 0.025 %, rozmar\u012bns 0.025 %, pienene 0.025 %.<\/p>\n<p data-start=\"6357\" data-end=\"6462\">Anal\u012btiskie komponenti:<br data-start=\"6380\" data-end=\"6383\" \/>Kopprote\u012bns 10.4 %, tauki 9.8 %, pelni 1 %, \u0161\u0137iedrvielas 0.6 %, mitrums 78.2 %.<\/p>\n<p data-start=\"6464\" data-end=\"6737\">Piedevas:<br data-start=\"6473\" data-end=\"6476\" \/>Uzturvielu piedevas uz 1 kg: A vitam\u012bns 10,000 SV, D vitam\u012bns 450 SV, E vitam\u012bns 150 SV, B1 vitam\u012bns 1.2 mg, B2 vitam\u012bns 2.2 mg, B3 vitam\u012bns 15 mg, B6 vitam\u012bns 1.1 mg, var\u0161 6 mg, jods 0.8 mg, cinks 50 mg, mang\u0101ns 23 mg, hol\u012bna hlor\u012bds 700 mg, folijsk\u0101be 300 \u03bcg.<\/p>\n<p data-start=\"6739\" data-end=\"6853\">Tehnolo\u0123isk\u0101s piedevas: gu\u0101ra sve\u0137i 9 g.<br data-start=\"6779\" data-end=\"6782\" \/>SV = starptautisk\u0101s vien\u012bbas.<br data-start=\"6811\" data-end=\"6814\" \/>Metaboliz\u0113jam\u0101 ener\u0123ija: 1,070 kcal\/kg.<\/p>\n","protected":false},"featured_media":57425,"template":"","meta":[],"product_brand":[],"product_cat":[577],"product_tag":[],"class_list":{"0":"post-57739","1":"product","2":"type-product","3":"status-publish","4":"has-post-thumbnail","6":"product_cat-mitra-bariba-suniem","8":"first","9":"instock","10":"sale","11":"taxable","12":"shipping-taxable","13":"purchasable","14":"product-type-simple"},"yoast_head":"<!-- This site is optimized with the Yoast SEO plugin v27.2 - https:\/\/yoast.com\/product\/yoast-seo-wordpress\/ -->\n<title>Ontario Sensitive monoprote\u012bna t\u012btara past\u0113te ar saldo kartupeli 6x400g - MiuMjau<\/title>\n<meta name=\"robots\" content=\"index, follow, max-snippet:-1, max-image-preview:large, max-video-preview:-1\" \/>\n<link rel=\"canonical\" href=\"https:\/\/miumjau.ee\/lv\/produkts\/ontario-sensitive-monoproteina-titara-pastete-ar-saldo-kartupeli-6x400g\/\" \/>\n<meta property=\"og:locale\" content=\"lv_LV\" \/>\n<meta property=\"og:type\" content=\"article\" \/>\n<meta property=\"og:title\" content=\"Ontario Sensitive monoprote\u012bna t\u012btara past\u0113te ar saldo kartupeli 6x400g - MiuMjau\" \/>\n<meta property=\"og:description\" content=\"Super premium pilnv\u0113rt\u012bga bar\u012bba pieaugu\u0161iem su\u0146iem vis\u0101m \u0161\u0137irn\u0113m, tostarp su\u0146iem ar jut\u012bgu gremo\u0161anu. Monoprote\u012bna t\u012btara past\u0113te ar saldo kartupeli ir \u012bpa\u0161i izstr\u0101d\u0101ta su\u0146iem ar p\u0101rtikas nepanes\u012bbu. T\u0101 satur 91% ga\u013cas un buljona un dab\u012bgus gar\u0161augus, kas atbalsta organisma att\u012br\u012b\u0161an\u0101s procesus. Monoprote\u012bns noz\u012bm\u0113 vienu ga\u013cas veidu, t\u0101p\u0113c bar\u012bba ir piem\u0113rota su\u0146iem ar jut\u012bgu gremo\u0161anu un aler\u0123ij\u0101m. Augstais kvalitat\u012bvas ga\u013cas un buljona saturs nodro\u0161ina lielisku gar\u0161u katr\u0101 malt\u012bt\u0113. Maigais sast\u0101vs nekairina un ir piem\u0113rots pat \u013coti jut\u012bgiem su\u0146iem. Vitam\u012bniem sabalans\u0113ts sast\u0101vs atbalsta sp\u0113c\u012bgu imunit\u0101ti un dz\u012bvotsp\u0113ju. Kvalitat\u012bvi prote\u012bni pal\u012bdz uztur\u0113t sp\u0113ku, labu formu un musku\u013cu masu. T\u012btars k\u0101 monoprote\u012bns ir \u013coti maiga un liesa ga\u013ca, kas piem\u0113rota optim\u0101la svara un labas formas uztur\u0113\u0161anai. Saldais kartupelis ir gar\u0161\u012bgs ener\u0123ijas avots, bag\u0101ts ar antioksidantiem un vitam\u012bniem. Timi\u0101ns un rozmar\u012bns atbalsta gremo\u0161anu, imunit\u0101ti un dabisku konserv\u0113\u0161anu. Pienene atbalsta aknu un nieru vesel\u012bbu un vielmai\u0146u. Recepte ir izstr\u0101d\u0101ta su\u0146iem, kuri slikti panes vair\u0101kus prote\u012bnus vai graudus. Pateicoties t\u012btara monoprote\u012bnam un saldajam kartupelim, samazin\u0101s gremo\u0161anas trauc\u0113jumu risks. Bar\u012bbu ieteicams lietot ilgtermi\u0146\u0101 jut\u012bgiem su\u0146iem. Sast\u0101vs:T\u012btars 70 %, buljons 21.82 %, saldais kartupelis 5 %, saulespu\u0137u e\u013c\u013ca 1.5 %, miner\u0101lvielas 0.7 %, lins\u0113klu e\u013c\u013ca 0.5 %, inul\u012bns 0.4 %, timi\u0101ns 0.025 %, rozmar\u012bns 0.025 %, pienene 0.025 %. Anal\u012btiskie komponenti:Kopprote\u012bns 10.4 %, tauki 9.8 %, pelni 1 %, \u0161\u0137iedrvielas 0.6 %, mitrums 78.2 %. Piedevas:Uzturvielu piedevas uz 1 kg: A vitam\u012bns 10,000 SV, D vitam\u012bns 450 SV, E vitam\u012bns 150 SV, B1 vitam\u012bns 1.2 mg, B2 vitam\u012bns 2.2 mg, B3 vitam\u012bns 15 mg, B6 vitam\u012bns 1.1 mg, var\u0161 6 mg, jods 0.8 mg, cinks 50 mg, mang\u0101ns 23 mg, hol\u012bna hlor\u012bds 700 mg, folijsk\u0101be 300 \u03bcg. Tehnolo\u0123isk\u0101s piedevas: gu\u0101ra sve\u0137i 9 g.SV = starptautisk\u0101s vien\u012bbas.Metaboliz\u0113jam\u0101 ener\u0123ija: 1,070 kcal\/kg.\" \/>\n<meta property=\"og:url\" content=\"https:\/\/miumjau.ee\/lv\/produkts\/ontario-sensitive-monoproteina-titara-pastete-ar-saldo-kartupeli-6x400g\/\" \/>\n<meta property=\"og:site_name\" content=\"MiuMjau\" \/>\n<meta property=\"article:publisher\" content=\"https:\/\/www.facebook.com\/miumjaupood\/\" \/>\n<meta property=\"og:image\" content=\"https:\/\/miumjau.ee\/wp-content\/uploads\/2026\/04\/ontario-monoproteein-koertele-kalkun.jpg\" \/>\n\t<meta property=\"og:image:width\" content=\"600\" \/>\n\t<meta property=\"og:image:height\" content=\"800\" \/>\n\t<meta property=\"og:image:type\" content=\"image\/jpeg\" \/>\n<meta name=\"twitter:card\" content=\"summary_large_image\" \/>\n<script type=\"application\/ld+json\" class=\"yoast-schema-graph\">{\"@context\":\"https:\/\/schema.org\",\"@graph\":[{\"@type\":\"WebPage\",\"@id\":\"https:\/\/miumjau.ee\/lv\/produkts\/ontario-sensitive-monoproteina-titara-pastete-ar-saldo-kartupeli-6x400g\/\",\"url\":\"https:\/\/miumjau.ee\/lv\/produkts\/ontario-sensitive-monoproteina-titara-pastete-ar-saldo-kartupeli-6x400g\/\",\"name\":\"Ontario Sensitive monoprote\u012bna t\u012btara past\u0113te ar saldo kartupeli 6x400g - MiuMjau\",\"isPartOf\":{\"@id\":\"https:\/\/miumjau.ee\/#website\"},\"primaryImageOfPage\":{\"@id\":\"https:\/\/miumjau.ee\/lv\/produkts\/ontario-sensitive-monoproteina-titara-pastete-ar-saldo-kartupeli-6x400g\/#primaryimage\"},\"image\":{\"@id\":\"https:\/\/miumjau.ee\/lv\/produkts\/ontario-sensitive-monoproteina-titara-pastete-ar-saldo-kartupeli-6x400g\/#primaryimage\"},\"thumbnailUrl\":\"https:\/\/miumjau.ee\/wp-content\/uploads\/2026\/04\/ontario-monoproteein-koertele-kalkun.jpg\",\"datePublished\":\"2026-04-10T12:08:44+00:00\",\"breadcrumb\":{\"@id\":\"https:\/\/miumjau.ee\/lv\/produkts\/ontario-sensitive-monoproteina-titara-pastete-ar-saldo-kartupeli-6x400g\/#breadcrumb\"},\"inLanguage\":\"lv-LV\",\"potentialAction\":[{\"@type\":\"ReadAction\",\"target\":[\"https:\/\/miumjau.ee\/lv\/produkts\/ontario-sensitive-monoproteina-titara-pastete-ar-saldo-kartupeli-6x400g\/\"]}]},{\"@type\":\"ImageObject\",\"inLanguage\":\"lv-LV\",\"@id\":\"https:\/\/miumjau.ee\/lv\/produkts\/ontario-sensitive-monoproteina-titara-pastete-ar-saldo-kartupeli-6x400g\/#primaryimage\",\"url\":\"https:\/\/miumjau.ee\/wp-content\/uploads\/2026\/04\/ontario-monoproteein-koertele-kalkun.jpg\",\"contentUrl\":\"https:\/\/miumjau.ee\/wp-content\/uploads\/2026\/04\/ontario-monoproteein-koertele-kalkun.jpg\",\"width\":600,\"height\":800,\"caption\":\"Ontario Sensitive monoproteiin kalkunipatee bataadiga 6x 400g\"},{\"@type\":\"BreadcrumbList\",\"@id\":\"https:\/\/miumjau.ee\/lv\/produkts\/ontario-sensitive-monoproteina-titara-pastete-ar-saldo-kartupeli-6x400g\/#breadcrumb\",\"itemListElement\":[{\"@type\":\"ListItem\",\"position\":1,\"name\":\"Home\",\"item\":\"https:\/\/miumjau.ee\/lv\/\"},{\"@type\":\"ListItem\",\"position\":2,\"name\":\"Veikals\",\"item\":\"https:\/\/miumjau.ee\/lv\/veikals\/\"},{\"@type\":\"ListItem\",\"position\":3,\"name\":\"Ontario Sensitive monoprote\u012bna t\u012btara past\u0113te ar saldo kartupeli 6x400g\"}]},{\"@type\":\"WebSite\",\"@id\":\"https:\/\/miumjau.ee\/#website\",\"url\":\"https:\/\/miumjau.ee\/\",\"name\":\"MiuMjau\",\"description\":\"Kraapimispuud kassidele\",\"publisher\":{\"@id\":\"https:\/\/miumjau.ee\/#organization\"},\"potentialAction\":[{\"@type\":\"SearchAction\",\"target\":{\"@type\":\"EntryPoint\",\"urlTemplate\":\"https:\/\/miumjau.ee\/?s={search_term_string}\"},\"query-input\":{\"@type\":\"PropertyValueSpecification\",\"valueRequired\":true,\"valueName\":\"search_term_string\"}}],\"inLanguage\":\"lv-LV\"},{\"@type\":\"Organization\",\"@id\":\"https:\/\/miumjau.ee\/#organization\",\"name\":\"MiuMjau O\u00dc\",\"url\":\"https:\/\/miumjau.ee\/\",\"logo\":{\"@type\":\"ImageObject\",\"inLanguage\":\"lv-LV\",\"@id\":\"https:\/\/miumjau.ee\/#\/schema\/logo\/image\/\",\"url\":\"https:\/\/miumjau.ee\/wp-content\/uploads\/2022\/04\/MiuMjau-logo-kollane.png\",\"contentUrl\":\"https:\/\/miumjau.ee\/wp-content\/uploads\/2022\/04\/MiuMjau-logo-kollane.png\",\"width\":219,\"height\":100,\"caption\":\"MiuMjau O\u00dc\"},\"image\":{\"@id\":\"https:\/\/miumjau.ee\/#\/schema\/logo\/image\/\"},\"sameAs\":[\"https:\/\/www.facebook.com\/miumjaupood\/\"]}]}<\/script>\n<!-- \/ Yoast SEO plugin. -->","yoast_head_json":{"title":"Ontario Sensitive monoprote\u012bna t\u012btara past\u0113te ar saldo kartupeli 6x400g - MiuMjau","robots":{"index":"index","follow":"follow","max-snippet":"max-snippet:-1","max-image-preview":"max-image-preview:large","max-video-preview":"max-video-preview:-1"},"canonical":"https:\/\/miumjau.ee\/lv\/produkts\/ontario-sensitive-monoproteina-titara-pastete-ar-saldo-kartupeli-6x400g\/","og_locale":"lv_LV","og_type":"article","og_title":"Ontario Sensitive monoprote\u012bna t\u012btara past\u0113te ar saldo kartupeli 6x400g - MiuMjau","og_description":"Super premium pilnv\u0113rt\u012bga bar\u012bba pieaugu\u0161iem su\u0146iem vis\u0101m \u0161\u0137irn\u0113m, tostarp su\u0146iem ar jut\u012bgu gremo\u0161anu. Monoprote\u012bna t\u012btara past\u0113te ar saldo kartupeli ir \u012bpa\u0161i izstr\u0101d\u0101ta su\u0146iem ar p\u0101rtikas nepanes\u012bbu. T\u0101 satur 91% ga\u013cas un buljona un dab\u012bgus gar\u0161augus, kas atbalsta organisma att\u012br\u012b\u0161an\u0101s procesus. Monoprote\u012bns noz\u012bm\u0113 vienu ga\u013cas veidu, t\u0101p\u0113c bar\u012bba ir piem\u0113rota su\u0146iem ar jut\u012bgu gremo\u0161anu un aler\u0123ij\u0101m. Augstais kvalitat\u012bvas ga\u013cas un buljona saturs nodro\u0161ina lielisku gar\u0161u katr\u0101 malt\u012bt\u0113. Maigais sast\u0101vs nekairina un ir piem\u0113rots pat \u013coti jut\u012bgiem su\u0146iem. Vitam\u012bniem sabalans\u0113ts sast\u0101vs atbalsta sp\u0113c\u012bgu imunit\u0101ti un dz\u012bvotsp\u0113ju. Kvalitat\u012bvi prote\u012bni pal\u012bdz uztur\u0113t sp\u0113ku, labu formu un musku\u013cu masu. T\u012btars k\u0101 monoprote\u012bns ir \u013coti maiga un liesa ga\u013ca, kas piem\u0113rota optim\u0101la svara un labas formas uztur\u0113\u0161anai. Saldais kartupelis ir gar\u0161\u012bgs ener\u0123ijas avots, bag\u0101ts ar antioksidantiem un vitam\u012bniem. Timi\u0101ns un rozmar\u012bns atbalsta gremo\u0161anu, imunit\u0101ti un dabisku konserv\u0113\u0161anu. Pienene atbalsta aknu un nieru vesel\u012bbu un vielmai\u0146u. Recepte ir izstr\u0101d\u0101ta su\u0146iem, kuri slikti panes vair\u0101kus prote\u012bnus vai graudus. Pateicoties t\u012btara monoprote\u012bnam un saldajam kartupelim, samazin\u0101s gremo\u0161anas trauc\u0113jumu risks. Bar\u012bbu ieteicams lietot ilgtermi\u0146\u0101 jut\u012bgiem su\u0146iem. Sast\u0101vs:T\u012btars 70 %, buljons 21.82 %, saldais kartupelis 5 %, saulespu\u0137u e\u013c\u013ca 1.5 %, miner\u0101lvielas 0.7 %, lins\u0113klu e\u013c\u013ca 0.5 %, inul\u012bns 0.4 %, timi\u0101ns 0.025 %, rozmar\u012bns 0.025 %, pienene 0.025 %. Anal\u012btiskie komponenti:Kopprote\u012bns 10.4 %, tauki 9.8 %, pelni 1 %, \u0161\u0137iedrvielas 0.6 %, mitrums 78.2 %. Piedevas:Uzturvielu piedevas uz 1 kg: A vitam\u012bns 10,000 SV, D vitam\u012bns 450 SV, E vitam\u012bns 150 SV, B1 vitam\u012bns 1.2 mg, B2 vitam\u012bns 2.2 mg, B3 vitam\u012bns 15 mg, B6 vitam\u012bns 1.1 mg, var\u0161 6 mg, jods 0.8 mg, cinks 50 mg, mang\u0101ns 23 mg, hol\u012bna hlor\u012bds 700 mg, folijsk\u0101be 300 \u03bcg. Tehnolo\u0123isk\u0101s piedevas: gu\u0101ra sve\u0137i 9 g.SV = starptautisk\u0101s vien\u012bbas.Metaboliz\u0113jam\u0101 ener\u0123ija: 1,070 kcal\/kg.","og_url":"https:\/\/miumjau.ee\/lv\/produkts\/ontario-sensitive-monoproteina-titara-pastete-ar-saldo-kartupeli-6x400g\/","og_site_name":"MiuMjau","article_publisher":"https:\/\/www.facebook.com\/miumjaupood\/","og_image":[{"width":600,"height":800,"url":"https:\/\/miumjau.ee\/wp-content\/uploads\/2026\/04\/ontario-monoproteein-koertele-kalkun.jpg","type":"image\/jpeg"}],"twitter_card":"summary_large_image","schema":{"@context":"https:\/\/schema.org","@graph":[{"@type":"WebPage","@id":"https:\/\/miumjau.ee\/lv\/produkts\/ontario-sensitive-monoproteina-titara-pastete-ar-saldo-kartupeli-6x400g\/","url":"https:\/\/miumjau.ee\/lv\/produkts\/ontario-sensitive-monoproteina-titara-pastete-ar-saldo-kartupeli-6x400g\/","name":"Ontario Sensitive monoprote\u012bna t\u012btara past\u0113te ar saldo kartupeli 6x400g - MiuMjau","isPartOf":{"@id":"https:\/\/miumjau.ee\/#website"},"primaryImageOfPage":{"@id":"https:\/\/miumjau.ee\/lv\/produkts\/ontario-sensitive-monoproteina-titara-pastete-ar-saldo-kartupeli-6x400g\/#primaryimage"},"image":{"@id":"https:\/\/miumjau.ee\/lv\/produkts\/ontario-sensitive-monoproteina-titara-pastete-ar-saldo-kartupeli-6x400g\/#primaryimage"},"thumbnailUrl":"https:\/\/miumjau.ee\/wp-content\/uploads\/2026\/04\/ontario-monoproteein-koertele-kalkun.jpg","datePublished":"2026-04-10T12:08:44+00:00","breadcrumb":{"@id":"https:\/\/miumjau.ee\/lv\/produkts\/ontario-sensitive-monoproteina-titara-pastete-ar-saldo-kartupeli-6x400g\/#breadcrumb"},"inLanguage":"lv-LV","potentialAction":[{"@type":"ReadAction","target":["https:\/\/miumjau.ee\/lv\/produkts\/ontario-sensitive-monoproteina-titara-pastete-ar-saldo-kartupeli-6x400g\/"]}]},{"@type":"ImageObject","inLanguage":"lv-LV","@id":"https:\/\/miumjau.ee\/lv\/produkts\/ontario-sensitive-monoproteina-titara-pastete-ar-saldo-kartupeli-6x400g\/#primaryimage","url":"https:\/\/miumjau.ee\/wp-content\/uploads\/2026\/04\/ontario-monoproteein-koertele-kalkun.jpg","contentUrl":"https:\/\/miumjau.ee\/wp-content\/uploads\/2026\/04\/ontario-monoproteein-koertele-kalkun.jpg","width":600,"height":800,"caption":"Ontario Sensitive monoproteiin kalkunipatee bataadiga 6x 400g"},{"@type":"BreadcrumbList","@id":"https:\/\/miumjau.ee\/lv\/produkts\/ontario-sensitive-monoproteina-titara-pastete-ar-saldo-kartupeli-6x400g\/#breadcrumb","itemListElement":[{"@type":"ListItem","position":1,"name":"Home","item":"https:\/\/miumjau.ee\/lv\/"},{"@type":"ListItem","position":2,"name":"Veikals","item":"https:\/\/miumjau.ee\/lv\/veikals\/"},{"@type":"ListItem","position":3,"name":"Ontario Sensitive monoprote\u012bna t\u012btara past\u0113te ar saldo kartupeli 6x400g"}]},{"@type":"WebSite","@id":"https:\/\/miumjau.ee\/#website","url":"https:\/\/miumjau.ee\/","name":"MiuMjau","description":"Kraapimispuud kassidele","publisher":{"@id":"https:\/\/miumjau.ee\/#organization"},"potentialAction":[{"@type":"SearchAction","target":{"@type":"EntryPoint","urlTemplate":"https:\/\/miumjau.ee\/?s={search_term_string}"},"query-input":{"@type":"PropertyValueSpecification","valueRequired":true,"valueName":"search_term_string"}}],"inLanguage":"lv-LV"},{"@type":"Organization","@id":"https:\/\/miumjau.ee\/#organization","name":"MiuMjau O\u00dc","url":"https:\/\/miumjau.ee\/","logo":{"@type":"ImageObject","inLanguage":"lv-LV","@id":"https:\/\/miumjau.ee\/#\/schema\/logo\/image\/","url":"https:\/\/miumjau.ee\/wp-content\/uploads\/2022\/04\/MiuMjau-logo-kollane.png","contentUrl":"https:\/\/miumjau.ee\/wp-content\/uploads\/2022\/04\/MiuMjau-logo-kollane.png","width":219,"height":100,"caption":"MiuMjau O\u00dc"},"image":{"@id":"https:\/\/miumjau.ee\/#\/schema\/logo\/image\/"},"sameAs":["https:\/\/www.facebook.com\/miumjaupood\/"]}]}},"_links":{"self":[{"href":"https:\/\/miumjau.ee\/lv\/wp-json\/wp\/v2\/product\/57739","targetHints":{"allow":["GET"]}}],"collection":[{"href":"https:\/\/miumjau.ee\/lv\/wp-json\/wp\/v2\/product"}],"about":[{"href":"https:\/\/miumjau.ee\/lv\/wp-json\/wp\/v2\/types\/product"}],"wp:featuredmedia":[{"embeddable":true,"href":"https:\/\/miumjau.ee\/lv\/wp-json\/wp\/v2\/media\/57425"}],"wp:attachment":[{"href":"https:\/\/miumjau.ee\/lv\/wp-json\/wp\/v2\/media?parent=57739"}],"wp:term":[{"taxonomy":"product_brand","embeddable":true,"href":"https:\/\/miumjau.ee\/lv\/wp-json\/wp\/v2\/product_brand?post=57739"},{"taxonomy":"product_cat","embeddable":true,"href":"https:\/\/miumjau.ee\/lv\/wp-json\/wp\/v2\/product_cat?post=57739"},{"taxonomy":"product_tag","embeddable":true,"href":"https:\/\/miumjau.ee\/lv\/wp-json\/wp\/v2\/product_tag?post=57739"}],"curies":[{"name":"wp","href":"https:\/\/api.w.org\/{rel}","templated":true}]}}