{"id":57734,"date":"2026-04-10T15:08:49","date_gmt":"2026-04-10T12:08:49","guid":{"rendered":"https:\/\/miumjau.ee\/toode\/ontario-sensitive-monoproteina-piles-pastete-ar-kirbi-6x400g\/"},"modified":"2026-04-10T15:08:49","modified_gmt":"2026-04-10T12:08:49","slug":"ontario-sensitive-monoproteina-piles-pastete-ar-kirbi-6x400g","status":"publish","type":"product","link":"https:\/\/miumjau.ee\/lv\/produkts\/ontario-sensitive-monoproteina-piles-pastete-ar-kirbi-6x400g\/","title":{"rendered":"Ontario Sensitive monoprote\u012bna p\u012bles past\u0113te ar \u0137irbi 6x400g"},"content":{"rendered":"","protected":false},"excerpt":{"rendered":"<p data-start=\"4178\" data-end=\"4280\">Super premium pilnv\u0113rt\u012bga bar\u012bba pieaugu\u0161iem su\u0146iem vis\u0101m \u0161\u0137irn\u0113m, tostarp su\u0146iem ar jut\u012bgu gremo\u0161anu.<\/p>\n<p data-start=\"4282\" data-end=\"4504\">Monoprote\u012bna p\u012bles past\u0113te ar 91% ga\u013cas un buljona ir ide\u0101la izv\u0113le su\u0146iem ar jut\u012bgu gremo\u0161anu. T\u0101 ir bag\u0101tin\u0101ta ar \u0137irbi, kas atbalsta imunit\u0101ti un veicina sp\u012bd\u012bgu apmatojumu. Barojo\u0161a, gar\u0161\u012bga un dro\u0161a bar\u012bba j\u016bsu sunim.<\/p>\n<p data-start=\"4506\" data-end=\"4763\">Monoprote\u012bns noz\u012bm\u0113 vienu ga\u013cas veidu, t\u0101p\u0113c bar\u012bba ir piem\u0113rota su\u0146iem ar jut\u012bgu gremo\u0161anu un aler\u0123ij\u0101m. 91% ga\u013cas un buljona nodro\u0161ina augstu ga\u013cas saturu lieliskai gar\u0161ai. Maig\u0101 recepte ir labi panesama. Sabalans\u0113ts vitam\u012bnu sast\u0101vs atbalsta im\u016bnsist\u0113mu.<\/p>\n<p data-start=\"4765\" data-end=\"5092\">P\u012bles monoprote\u012bns ir gar\u0161\u012bgs un uzturviel\u0101m bag\u0101ts olbaltumvielu avots. \u0136irbis ir beta-karot\u012bna, vitam\u012bnu, miner\u0101lvielu un \u0161\u0137iedrvielu avots, kas atbalsta zarnu darb\u012bbu. Timi\u0101ns un rozmar\u012bns atbalsta gremo\u0161anu, imunit\u0101ti un dabisku konserv\u0113\u0161anu. Kumel\u012bte nomierina gremo\u0161anas un nervu sist\u0113mu un tai ir pretiekaisuma \u012bpa\u0161\u012bbas.<\/p>\n<p data-start=\"5094\" data-end=\"5312\">P\u012bles monoprote\u012bns ar \u0137irbi ir lieliska izv\u0113le su\u0146iem ar jut\u012bgu gremo\u0161anu. Tauksk\u0101bes atbalsta vesel\u012bgu \u0101du un sp\u012bd\u012bgu apmatojumu. Bar\u012bba ieteicama k\u0101 dro\u0161s un \u012bpa\u0161i gar\u0161\u012bgs papildin\u0101jums monoprote\u012bna sausajai bar\u012bbai.<\/p>\n<p data-start=\"5314\" data-end=\"5498\">Sast\u0101vs:<br data-start=\"5322\" data-end=\"5325\" \/>P\u012ble 70 %, buljons 21,82 %, \u0137irbis 5 %, saulespu\u0137u e\u013c\u013ca 1,5 %, miner\u0101lvielas 0,7 %, lins\u0113klu e\u013c\u013ca 0,5 %, inul\u012bns 0,4 %, timi\u0101ns 0,025 %, rozmar\u012bns 0,025 %, kumel\u012bte 0,025 %.<\/p>\n<p data-start=\"5500\" data-end=\"5610\">Anal\u012btiskie komponenti:<br data-start=\"5523\" data-end=\"5526\" \/>Kopprote\u012bns 10,8 %, tauku saturs 9,8 %, pelni 1 %, \u0161\u0137iedrvielas 0,4 %, mitrums 78 %.<\/p>\n<p data-start=\"5612\" data-end=\"5961\">Piedevas:<br data-start=\"5621\" data-end=\"5624\" \/>Uzturvielu piedevas uz 1 kg: A vitam\u012bns 10 000 SV, D vitam\u012bns 450 SV, E vitam\u012bns 150 SV, B1 vitam\u012bns 1,2 mg, B2 vitam\u012bns 2,2 mg, B3 vitam\u012bns 15 mg, B6 vitam\u012bns 1,1 mg, var\u0161 (vara sulf\u0101ts pentahidr\u0101ts) 6 mg, jods (k\u0101lija jod\u012bds) 0,8 mg, cinks (cinka oks\u012bds) 50 mg, mang\u0101ns (mang\u0101na oks\u012bds) 23 mg, hol\u012bna hlor\u012bds 700 mg, folijsk\u0101be 300 \u03bcg.<\/p>\n","protected":false},"featured_media":57437,"template":"","meta":[],"product_brand":[],"product_cat":[577],"product_tag":[],"class_list":{"0":"post-57734","1":"product","2":"type-product","3":"status-publish","4":"has-post-thumbnail","6":"product_cat-mitra-bariba-suniem","8":"first","9":"instock","10":"sale","11":"taxable","12":"shipping-taxable","13":"purchasable","14":"product-type-simple"},"yoast_head":"<!-- This site is optimized with the Yoast SEO plugin v27.2 - https:\/\/yoast.com\/product\/yoast-seo-wordpress\/ -->\n<title>Ontario Sensitive monoprote\u012bna p\u012bles past\u0113te ar \u0137irbi 6x400g - MiuMjau<\/title>\n<meta name=\"robots\" content=\"index, follow, max-snippet:-1, max-image-preview:large, max-video-preview:-1\" \/>\n<link rel=\"canonical\" href=\"https:\/\/miumjau.ee\/lv\/produkts\/ontario-sensitive-monoproteina-piles-pastete-ar-kirbi-6x400g\/\" \/>\n<meta property=\"og:locale\" content=\"lv_LV\" \/>\n<meta property=\"og:type\" content=\"article\" \/>\n<meta property=\"og:title\" content=\"Ontario Sensitive monoprote\u012bna p\u012bles past\u0113te ar \u0137irbi 6x400g - MiuMjau\" \/>\n<meta property=\"og:description\" content=\"Super premium pilnv\u0113rt\u012bga bar\u012bba pieaugu\u0161iem su\u0146iem vis\u0101m \u0161\u0137irn\u0113m, tostarp su\u0146iem ar jut\u012bgu gremo\u0161anu. Monoprote\u012bna p\u012bles past\u0113te ar 91% ga\u013cas un buljona ir ide\u0101la izv\u0113le su\u0146iem ar jut\u012bgu gremo\u0161anu. T\u0101 ir bag\u0101tin\u0101ta ar \u0137irbi, kas atbalsta imunit\u0101ti un veicina sp\u012bd\u012bgu apmatojumu. Barojo\u0161a, gar\u0161\u012bga un dro\u0161a bar\u012bba j\u016bsu sunim. Monoprote\u012bns noz\u012bm\u0113 vienu ga\u013cas veidu, t\u0101p\u0113c bar\u012bba ir piem\u0113rota su\u0146iem ar jut\u012bgu gremo\u0161anu un aler\u0123ij\u0101m. 91% ga\u013cas un buljona nodro\u0161ina augstu ga\u013cas saturu lieliskai gar\u0161ai. Maig\u0101 recepte ir labi panesama. Sabalans\u0113ts vitam\u012bnu sast\u0101vs atbalsta im\u016bnsist\u0113mu. P\u012bles monoprote\u012bns ir gar\u0161\u012bgs un uzturviel\u0101m bag\u0101ts olbaltumvielu avots. \u0136irbis ir beta-karot\u012bna, vitam\u012bnu, miner\u0101lvielu un \u0161\u0137iedrvielu avots, kas atbalsta zarnu darb\u012bbu. Timi\u0101ns un rozmar\u012bns atbalsta gremo\u0161anu, imunit\u0101ti un dabisku konserv\u0113\u0161anu. Kumel\u012bte nomierina gremo\u0161anas un nervu sist\u0113mu un tai ir pretiekaisuma \u012bpa\u0161\u012bbas. P\u012bles monoprote\u012bns ar \u0137irbi ir lieliska izv\u0113le su\u0146iem ar jut\u012bgu gremo\u0161anu. Tauksk\u0101bes atbalsta vesel\u012bgu \u0101du un sp\u012bd\u012bgu apmatojumu. Bar\u012bba ieteicama k\u0101 dro\u0161s un \u012bpa\u0161i gar\u0161\u012bgs papildin\u0101jums monoprote\u012bna sausajai bar\u012bbai. Sast\u0101vs:P\u012ble 70 %, buljons 21,82 %, \u0137irbis 5 %, saulespu\u0137u e\u013c\u013ca 1,5 %, miner\u0101lvielas 0,7 %, lins\u0113klu e\u013c\u013ca 0,5 %, inul\u012bns 0,4 %, timi\u0101ns 0,025 %, rozmar\u012bns 0,025 %, kumel\u012bte 0,025 %. Anal\u012btiskie komponenti:Kopprote\u012bns 10,8 %, tauku saturs 9,8 %, pelni 1 %, \u0161\u0137iedrvielas 0,4 %, mitrums 78 %. Piedevas:Uzturvielu piedevas uz 1 kg: A vitam\u012bns 10 000 SV, D vitam\u012bns 450 SV, E vitam\u012bns 150 SV, B1 vitam\u012bns 1,2 mg, B2 vitam\u012bns 2,2 mg, B3 vitam\u012bns 15 mg, B6 vitam\u012bns 1,1 mg, var\u0161 (vara sulf\u0101ts pentahidr\u0101ts) 6 mg, jods (k\u0101lija jod\u012bds) 0,8 mg, cinks (cinka oks\u012bds) 50 mg, mang\u0101ns (mang\u0101na oks\u012bds) 23 mg, hol\u012bna hlor\u012bds 700 mg, folijsk\u0101be 300 \u03bcg.\" \/>\n<meta property=\"og:url\" content=\"https:\/\/miumjau.ee\/lv\/produkts\/ontario-sensitive-monoproteina-piles-pastete-ar-kirbi-6x400g\/\" \/>\n<meta property=\"og:site_name\" content=\"MiuMjau\" \/>\n<meta property=\"article:publisher\" content=\"https:\/\/www.facebook.com\/miumjaupood\/\" \/>\n<meta property=\"og:image\" content=\"https:\/\/miumjau.ee\/wp-content\/uploads\/2026\/04\/ontario-monoproteein-koertele-part-1.jpg\" \/>\n\t<meta property=\"og:image:width\" content=\"600\" \/>\n\t<meta property=\"og:image:height\" content=\"800\" \/>\n\t<meta property=\"og:image:type\" content=\"image\/jpeg\" \/>\n<meta name=\"twitter:card\" content=\"summary_large_image\" \/>\n<script type=\"application\/ld+json\" class=\"yoast-schema-graph\">{\"@context\":\"https:\/\/schema.org\",\"@graph\":[{\"@type\":\"WebPage\",\"@id\":\"https:\/\/miumjau.ee\/lv\/produkts\/ontario-sensitive-monoproteina-piles-pastete-ar-kirbi-6x400g\/\",\"url\":\"https:\/\/miumjau.ee\/lv\/produkts\/ontario-sensitive-monoproteina-piles-pastete-ar-kirbi-6x400g\/\",\"name\":\"Ontario Sensitive monoprote\u012bna p\u012bles past\u0113te ar \u0137irbi 6x400g - MiuMjau\",\"isPartOf\":{\"@id\":\"https:\/\/miumjau.ee\/#website\"},\"primaryImageOfPage\":{\"@id\":\"https:\/\/miumjau.ee\/lv\/produkts\/ontario-sensitive-monoproteina-piles-pastete-ar-kirbi-6x400g\/#primaryimage\"},\"image\":{\"@id\":\"https:\/\/miumjau.ee\/lv\/produkts\/ontario-sensitive-monoproteina-piles-pastete-ar-kirbi-6x400g\/#primaryimage\"},\"thumbnailUrl\":\"https:\/\/miumjau.ee\/wp-content\/uploads\/2026\/04\/ontario-monoproteein-koertele-part-1.jpg\",\"datePublished\":\"2026-04-10T12:08:49+00:00\",\"breadcrumb\":{\"@id\":\"https:\/\/miumjau.ee\/lv\/produkts\/ontario-sensitive-monoproteina-piles-pastete-ar-kirbi-6x400g\/#breadcrumb\"},\"inLanguage\":\"lv-LV\",\"potentialAction\":[{\"@type\":\"ReadAction\",\"target\":[\"https:\/\/miumjau.ee\/lv\/produkts\/ontario-sensitive-monoproteina-piles-pastete-ar-kirbi-6x400g\/\"]}]},{\"@type\":\"ImageObject\",\"inLanguage\":\"lv-LV\",\"@id\":\"https:\/\/miumjau.ee\/lv\/produkts\/ontario-sensitive-monoproteina-piles-pastete-ar-kirbi-6x400g\/#primaryimage\",\"url\":\"https:\/\/miumjau.ee\/wp-content\/uploads\/2026\/04\/ontario-monoproteein-koertele-part-1.jpg\",\"contentUrl\":\"https:\/\/miumjau.ee\/wp-content\/uploads\/2026\/04\/ontario-monoproteein-koertele-part-1.jpg\",\"width\":600,\"height\":800,\"caption\":\"Ontario Sensitive monoproteiin pardipatee k\u00f5rvitsaga 6x 400g\"},{\"@type\":\"BreadcrumbList\",\"@id\":\"https:\/\/miumjau.ee\/lv\/produkts\/ontario-sensitive-monoproteina-piles-pastete-ar-kirbi-6x400g\/#breadcrumb\",\"itemListElement\":[{\"@type\":\"ListItem\",\"position\":1,\"name\":\"Home\",\"item\":\"https:\/\/miumjau.ee\/lv\/\"},{\"@type\":\"ListItem\",\"position\":2,\"name\":\"Veikals\",\"item\":\"https:\/\/miumjau.ee\/lv\/veikals\/\"},{\"@type\":\"ListItem\",\"position\":3,\"name\":\"Ontario Sensitive monoprote\u012bna p\u012bles past\u0113te ar \u0137irbi 6x400g\"}]},{\"@type\":\"WebSite\",\"@id\":\"https:\/\/miumjau.ee\/#website\",\"url\":\"https:\/\/miumjau.ee\/\",\"name\":\"MiuMjau\",\"description\":\"Kraapimispuud kassidele\",\"publisher\":{\"@id\":\"https:\/\/miumjau.ee\/#organization\"},\"potentialAction\":[{\"@type\":\"SearchAction\",\"target\":{\"@type\":\"EntryPoint\",\"urlTemplate\":\"https:\/\/miumjau.ee\/?s={search_term_string}\"},\"query-input\":{\"@type\":\"PropertyValueSpecification\",\"valueRequired\":true,\"valueName\":\"search_term_string\"}}],\"inLanguage\":\"lv-LV\"},{\"@type\":\"Organization\",\"@id\":\"https:\/\/miumjau.ee\/#organization\",\"name\":\"MiuMjau O\u00dc\",\"url\":\"https:\/\/miumjau.ee\/\",\"logo\":{\"@type\":\"ImageObject\",\"inLanguage\":\"lv-LV\",\"@id\":\"https:\/\/miumjau.ee\/#\/schema\/logo\/image\/\",\"url\":\"https:\/\/miumjau.ee\/wp-content\/uploads\/2022\/04\/MiuMjau-logo-kollane.png\",\"contentUrl\":\"https:\/\/miumjau.ee\/wp-content\/uploads\/2022\/04\/MiuMjau-logo-kollane.png\",\"width\":219,\"height\":100,\"caption\":\"MiuMjau O\u00dc\"},\"image\":{\"@id\":\"https:\/\/miumjau.ee\/#\/schema\/logo\/image\/\"},\"sameAs\":[\"https:\/\/www.facebook.com\/miumjaupood\/\"]}]}<\/script>\n<!-- \/ Yoast SEO plugin. -->","yoast_head_json":{"title":"Ontario Sensitive monoprote\u012bna p\u012bles past\u0113te ar \u0137irbi 6x400g - MiuMjau","robots":{"index":"index","follow":"follow","max-snippet":"max-snippet:-1","max-image-preview":"max-image-preview:large","max-video-preview":"max-video-preview:-1"},"canonical":"https:\/\/miumjau.ee\/lv\/produkts\/ontario-sensitive-monoproteina-piles-pastete-ar-kirbi-6x400g\/","og_locale":"lv_LV","og_type":"article","og_title":"Ontario Sensitive monoprote\u012bna p\u012bles past\u0113te ar \u0137irbi 6x400g - MiuMjau","og_description":"Super premium pilnv\u0113rt\u012bga bar\u012bba pieaugu\u0161iem su\u0146iem vis\u0101m \u0161\u0137irn\u0113m, tostarp su\u0146iem ar jut\u012bgu gremo\u0161anu. Monoprote\u012bna p\u012bles past\u0113te ar 91% ga\u013cas un buljona ir ide\u0101la izv\u0113le su\u0146iem ar jut\u012bgu gremo\u0161anu. T\u0101 ir bag\u0101tin\u0101ta ar \u0137irbi, kas atbalsta imunit\u0101ti un veicina sp\u012bd\u012bgu apmatojumu. Barojo\u0161a, gar\u0161\u012bga un dro\u0161a bar\u012bba j\u016bsu sunim. Monoprote\u012bns noz\u012bm\u0113 vienu ga\u013cas veidu, t\u0101p\u0113c bar\u012bba ir piem\u0113rota su\u0146iem ar jut\u012bgu gremo\u0161anu un aler\u0123ij\u0101m. 91% ga\u013cas un buljona nodro\u0161ina augstu ga\u013cas saturu lieliskai gar\u0161ai. Maig\u0101 recepte ir labi panesama. Sabalans\u0113ts vitam\u012bnu sast\u0101vs atbalsta im\u016bnsist\u0113mu. P\u012bles monoprote\u012bns ir gar\u0161\u012bgs un uzturviel\u0101m bag\u0101ts olbaltumvielu avots. \u0136irbis ir beta-karot\u012bna, vitam\u012bnu, miner\u0101lvielu un \u0161\u0137iedrvielu avots, kas atbalsta zarnu darb\u012bbu. Timi\u0101ns un rozmar\u012bns atbalsta gremo\u0161anu, imunit\u0101ti un dabisku konserv\u0113\u0161anu. Kumel\u012bte nomierina gremo\u0161anas un nervu sist\u0113mu un tai ir pretiekaisuma \u012bpa\u0161\u012bbas. P\u012bles monoprote\u012bns ar \u0137irbi ir lieliska izv\u0113le su\u0146iem ar jut\u012bgu gremo\u0161anu. Tauksk\u0101bes atbalsta vesel\u012bgu \u0101du un sp\u012bd\u012bgu apmatojumu. Bar\u012bba ieteicama k\u0101 dro\u0161s un \u012bpa\u0161i gar\u0161\u012bgs papildin\u0101jums monoprote\u012bna sausajai bar\u012bbai. Sast\u0101vs:P\u012ble 70 %, buljons 21,82 %, \u0137irbis 5 %, saulespu\u0137u e\u013c\u013ca 1,5 %, miner\u0101lvielas 0,7 %, lins\u0113klu e\u013c\u013ca 0,5 %, inul\u012bns 0,4 %, timi\u0101ns 0,025 %, rozmar\u012bns 0,025 %, kumel\u012bte 0,025 %. Anal\u012btiskie komponenti:Kopprote\u012bns 10,8 %, tauku saturs 9,8 %, pelni 1 %, \u0161\u0137iedrvielas 0,4 %, mitrums 78 %. Piedevas:Uzturvielu piedevas uz 1 kg: A vitam\u012bns 10 000 SV, D vitam\u012bns 450 SV, E vitam\u012bns 150 SV, B1 vitam\u012bns 1,2 mg, B2 vitam\u012bns 2,2 mg, B3 vitam\u012bns 15 mg, B6 vitam\u012bns 1,1 mg, var\u0161 (vara sulf\u0101ts pentahidr\u0101ts) 6 mg, jods (k\u0101lija jod\u012bds) 0,8 mg, cinks (cinka oks\u012bds) 50 mg, mang\u0101ns (mang\u0101na oks\u012bds) 23 mg, hol\u012bna hlor\u012bds 700 mg, folijsk\u0101be 300 \u03bcg.","og_url":"https:\/\/miumjau.ee\/lv\/produkts\/ontario-sensitive-monoproteina-piles-pastete-ar-kirbi-6x400g\/","og_site_name":"MiuMjau","article_publisher":"https:\/\/www.facebook.com\/miumjaupood\/","og_image":[{"width":600,"height":800,"url":"https:\/\/miumjau.ee\/wp-content\/uploads\/2026\/04\/ontario-monoproteein-koertele-part-1.jpg","type":"image\/jpeg"}],"twitter_card":"summary_large_image","schema":{"@context":"https:\/\/schema.org","@graph":[{"@type":"WebPage","@id":"https:\/\/miumjau.ee\/lv\/produkts\/ontario-sensitive-monoproteina-piles-pastete-ar-kirbi-6x400g\/","url":"https:\/\/miumjau.ee\/lv\/produkts\/ontario-sensitive-monoproteina-piles-pastete-ar-kirbi-6x400g\/","name":"Ontario Sensitive monoprote\u012bna p\u012bles past\u0113te ar \u0137irbi 6x400g - MiuMjau","isPartOf":{"@id":"https:\/\/miumjau.ee\/#website"},"primaryImageOfPage":{"@id":"https:\/\/miumjau.ee\/lv\/produkts\/ontario-sensitive-monoproteina-piles-pastete-ar-kirbi-6x400g\/#primaryimage"},"image":{"@id":"https:\/\/miumjau.ee\/lv\/produkts\/ontario-sensitive-monoproteina-piles-pastete-ar-kirbi-6x400g\/#primaryimage"},"thumbnailUrl":"https:\/\/miumjau.ee\/wp-content\/uploads\/2026\/04\/ontario-monoproteein-koertele-part-1.jpg","datePublished":"2026-04-10T12:08:49+00:00","breadcrumb":{"@id":"https:\/\/miumjau.ee\/lv\/produkts\/ontario-sensitive-monoproteina-piles-pastete-ar-kirbi-6x400g\/#breadcrumb"},"inLanguage":"lv-LV","potentialAction":[{"@type":"ReadAction","target":["https:\/\/miumjau.ee\/lv\/produkts\/ontario-sensitive-monoproteina-piles-pastete-ar-kirbi-6x400g\/"]}]},{"@type":"ImageObject","inLanguage":"lv-LV","@id":"https:\/\/miumjau.ee\/lv\/produkts\/ontario-sensitive-monoproteina-piles-pastete-ar-kirbi-6x400g\/#primaryimage","url":"https:\/\/miumjau.ee\/wp-content\/uploads\/2026\/04\/ontario-monoproteein-koertele-part-1.jpg","contentUrl":"https:\/\/miumjau.ee\/wp-content\/uploads\/2026\/04\/ontario-monoproteein-koertele-part-1.jpg","width":600,"height":800,"caption":"Ontario Sensitive monoproteiin pardipatee k\u00f5rvitsaga 6x 400g"},{"@type":"BreadcrumbList","@id":"https:\/\/miumjau.ee\/lv\/produkts\/ontario-sensitive-monoproteina-piles-pastete-ar-kirbi-6x400g\/#breadcrumb","itemListElement":[{"@type":"ListItem","position":1,"name":"Home","item":"https:\/\/miumjau.ee\/lv\/"},{"@type":"ListItem","position":2,"name":"Veikals","item":"https:\/\/miumjau.ee\/lv\/veikals\/"},{"@type":"ListItem","position":3,"name":"Ontario Sensitive monoprote\u012bna p\u012bles past\u0113te ar \u0137irbi 6x400g"}]},{"@type":"WebSite","@id":"https:\/\/miumjau.ee\/#website","url":"https:\/\/miumjau.ee\/","name":"MiuMjau","description":"Kraapimispuud kassidele","publisher":{"@id":"https:\/\/miumjau.ee\/#organization"},"potentialAction":[{"@type":"SearchAction","target":{"@type":"EntryPoint","urlTemplate":"https:\/\/miumjau.ee\/?s={search_term_string}"},"query-input":{"@type":"PropertyValueSpecification","valueRequired":true,"valueName":"search_term_string"}}],"inLanguage":"lv-LV"},{"@type":"Organization","@id":"https:\/\/miumjau.ee\/#organization","name":"MiuMjau O\u00dc","url":"https:\/\/miumjau.ee\/","logo":{"@type":"ImageObject","inLanguage":"lv-LV","@id":"https:\/\/miumjau.ee\/#\/schema\/logo\/image\/","url":"https:\/\/miumjau.ee\/wp-content\/uploads\/2022\/04\/MiuMjau-logo-kollane.png","contentUrl":"https:\/\/miumjau.ee\/wp-content\/uploads\/2022\/04\/MiuMjau-logo-kollane.png","width":219,"height":100,"caption":"MiuMjau O\u00dc"},"image":{"@id":"https:\/\/miumjau.ee\/#\/schema\/logo\/image\/"},"sameAs":["https:\/\/www.facebook.com\/miumjaupood\/"]}]}},"_links":{"self":[{"href":"https:\/\/miumjau.ee\/lv\/wp-json\/wp\/v2\/product\/57734","targetHints":{"allow":["GET"]}}],"collection":[{"href":"https:\/\/miumjau.ee\/lv\/wp-json\/wp\/v2\/product"}],"about":[{"href":"https:\/\/miumjau.ee\/lv\/wp-json\/wp\/v2\/types\/product"}],"wp:featuredmedia":[{"embeddable":true,"href":"https:\/\/miumjau.ee\/lv\/wp-json\/wp\/v2\/media\/57437"}],"wp:attachment":[{"href":"https:\/\/miumjau.ee\/lv\/wp-json\/wp\/v2\/media?parent=57734"}],"wp:term":[{"taxonomy":"product_brand","embeddable":true,"href":"https:\/\/miumjau.ee\/lv\/wp-json\/wp\/v2\/product_brand?post=57734"},{"taxonomy":"product_cat","embeddable":true,"href":"https:\/\/miumjau.ee\/lv\/wp-json\/wp\/v2\/product_cat?post=57734"},{"taxonomy":"product_tag","embeddable":true,"href":"https:\/\/miumjau.ee\/lv\/wp-json\/wp\/v2\/product_tag?post=57734"}],"curies":[{"name":"wp","href":"https:\/\/api.w.org\/{rel}","templated":true}]}}