{"id":57729,"date":"2026-04-12T10:55:43","date_gmt":"2026-04-12T07:55:43","guid":{"rendered":"https:\/\/miumjau.ee\/toode\/uniq-pets-virtulisi-suniem-ar-vistu-un-kokosriekstu-10-x-50-g\/"},"modified":"2026-04-12T10:55:43","modified_gmt":"2026-04-12T07:55:43","slug":"uniq-pets-virtulisi-suniem-ar-vistu-un-kokosriekstu-10-x-50-g","status":"publish","type":"product","link":"https:\/\/miumjau.ee\/lv\/produkts\/uniq-pets-virtulisi-suniem-ar-vistu-un-kokosriekstu-10-x-50-g\/","title":{"rendered":"Uniq Pets virtul\u012b\u0161i su\u0146iem ar vistu un kokosriekstu, 10 x 50 g"},"content":{"rendered":"","protected":false},"excerpt":{"rendered":"<p data-start=\"3953\" data-end=\"4249\">Fantastiski gardumi ar diametru 7 cm. Tie nesatur \u0101das sloksnes, kuru ko\u0161\u013c\u0101\u0161ana var b\u016bt b\u012bstama. Viegli sadal\u0101s mut\u0113 un ir patie\u0161\u0101m pat\u012bkami un dro\u0161i. M\u016bsu haskijs apstiprin\u0101ja 100%! Piem\u0113rots ar\u012b kuc\u0113niem ar lielu ko\u0161\u013c\u0101\u0161anas vajadz\u012bbu no 3 m\u0113ne\u0161u vecuma. Olbaltumviel\u0101m bag\u0101ts k\u0101rums j\u016bsu sunim.<\/p>\n<p data-start=\"4251\" data-end=\"4347\">Ciet\u0101 un ga\u013c\u012bg\u0101 tekst\u016bra nodro\u0161ina aizraujo\u0161u ko\u0161\u013c\u0101\u0161anu, kas apmierina su\u0146a dabiskos instinktus.<\/p>\n<p data-start=\"4349\" data-end=\"4411\">Uniq Pets virtul\u012b\u0161i su\u0146iem ar vistu un kokosriekstu, 10 x 50 g<\/p>\n<p data-start=\"4413\" data-end=\"5292\">Produkta \u012bpa\u0161\u012bbas:<br data-start=\"4431\" data-end=\"4434\" \/>Satur vistu \u2013 augstas kvalit\u0101tes prote\u012bna avots musku\u013cu un ener\u0123ijas uztur\u0113\u0161anai.<br data-start=\"4515\" data-end=\"4518\" \/>Kokosriekstu e\u013c\u013ca \u2013 pie\u0161\u0137ir dab\u012bgu saldumu un atbalsta \u0101das, apmatojuma un gremo\u0161anas vesel\u012bbu.<br data-start=\"4613\" data-end=\"4616\" \/>R\u012bsu milti un citi dab\u012bgie cietes avoti \u2013 viegli sagremojami og\u013chidr\u0101ti ener\u0123ijas uztur\u0113\u0161anai, piem\u0113roti su\u0146iem bez graudu aler\u0123ijas.<br data-start=\"4749\" data-end=\"4752\" \/>Olu dzeltenuma pulveris \u2013 bag\u0101ts ar biot\u012bnu un vitam\u012bniem, atbalsta \u0101das, apmatojuma un visp\u0101r\u0113jo vitalit\u0101ti.<br data-start=\"4861\" data-end=\"4864\" \/>Virtu\u013ca forma (7 cm) \u2013 unik\u0101la gredzenveida forma veicina ko\u0161\u013c\u0101\u0161anu un pal\u012bdz samazin\u0101t aplikumu un zobakmeni.<br data-start=\"4974\" data-end=\"4977\" \/>Individu\u0101li iepakoti (10 gab. iepakojum\u0101) \u2013 nodro\u0161ina svaigumu, nov\u0113r\u0161 pies\u0101r\u0146ojumu un ir \u0113rti l\u012bdzi \u0146em\u0161anai vai dal\u012b\u0161anai.<br data-start=\"5101\" data-end=\"5104\" \/>Kolag\u0113ns \u2013 atbalsta loc\u012btavu vesel\u012bbu un kust\u012bgumu.<br data-start=\"5155\" data-end=\"5158\" \/>Ide\u0101li treni\u0146iem vai k\u0101 d\u0101vana \u2013 jautra forma un porciju iepakojumi ir lieliski piem\u0113roti k\u0101 balva, svin\u012bb\u0101m vai m\u012blu\u013ca palutin\u0101\u0161anai.<\/p>\n<p data-start=\"5294\" data-end=\"5702\">Sast\u0101vs: R\u012bsu milti \u2013 29,36 %; vistas ga\u013ca \u2013 20 %; zir\u0146u ciete \u2013 10 %; augu glicer\u012bns \u2013 10 %; kalcija karbon\u0101ts \u2013 9 %; saldo kartupe\u013cu ciete \u2013 5 %; tapiokas ciete \u2013 5 %; kartupe\u013cu ciete \u2013 5 %; kukur\u016bzas milti \u2013 3 %; olu dzeltenuma pulveris \u2013 2 %; rafin\u0113ta augu e\u013c\u013ca \u2013 0,5 %; kolag\u0113ns (no liellopa) \u2013 0,5 %; kokosriekstu e\u013c\u013ca \u2013 0,5 %; k\u0101lija sorb\u0101ts \u2013 0,1 %; E vitam\u012bns \u2013 0,03 %; rozmar\u012bna ekstrakts \u2013 0,01 %.<\/p>\n<p data-start=\"5704\" data-end=\"5813\">Anal\u012btisk\u0101s sast\u0101vda\u013cas: Kopprote\u012bns \u2013 12 %; koptauki \u2013 2 %; \u0161\u0137iedrvielas \u2013 2 %; pelni \u2013 9 %; mitrums \u2013 16 %.<\/p>\n","protected":false},"featured_media":57497,"template":"","meta":[],"product_brand":[],"product_cat":[576],"product_tag":[],"class_list":{"0":"post-57729","1":"product","2":"type-product","3":"status-publish","4":"has-post-thumbnail","6":"product_cat-naski-suniem","8":"first","9":"instock","10":"taxable","11":"shipping-taxable","12":"purchasable","13":"product-type-simple"},"yoast_head":"<!-- This site is optimized with the Yoast SEO plugin v27.2 - https:\/\/yoast.com\/product\/yoast-seo-wordpress\/ -->\n<title>Uniq Pets virtul\u012b\u0161i su\u0146iem ar vistu un kokosriekstu, 10 x 50 g - MiuMjau<\/title>\n<meta name=\"robots\" content=\"index, follow, max-snippet:-1, max-image-preview:large, max-video-preview:-1\" \/>\n<link rel=\"canonical\" href=\"https:\/\/miumjau.ee\/lv\/produkts\/uniq-pets-virtulisi-suniem-ar-vistu-un-kokosriekstu-10-x-50-g\/\" \/>\n<meta property=\"og:locale\" content=\"lv_LV\" \/>\n<meta property=\"og:type\" content=\"article\" \/>\n<meta property=\"og:title\" content=\"Uniq Pets virtul\u012b\u0161i su\u0146iem ar vistu un kokosriekstu, 10 x 50 g - MiuMjau\" \/>\n<meta property=\"og:description\" content=\"Fantastiski gardumi ar diametru 7 cm. Tie nesatur \u0101das sloksnes, kuru ko\u0161\u013c\u0101\u0161ana var b\u016bt b\u012bstama. Viegli sadal\u0101s mut\u0113 un ir patie\u0161\u0101m pat\u012bkami un dro\u0161i. M\u016bsu haskijs apstiprin\u0101ja 100%! Piem\u0113rots ar\u012b kuc\u0113niem ar lielu ko\u0161\u013c\u0101\u0161anas vajadz\u012bbu no 3 m\u0113ne\u0161u vecuma. Olbaltumviel\u0101m bag\u0101ts k\u0101rums j\u016bsu sunim. Ciet\u0101 un ga\u013c\u012bg\u0101 tekst\u016bra nodro\u0161ina aizraujo\u0161u ko\u0161\u013c\u0101\u0161anu, kas apmierina su\u0146a dabiskos instinktus. Uniq Pets virtul\u012b\u0161i su\u0146iem ar vistu un kokosriekstu, 10 x 50 g Produkta \u012bpa\u0161\u012bbas:Satur vistu \u2013 augstas kvalit\u0101tes prote\u012bna avots musku\u013cu un ener\u0123ijas uztur\u0113\u0161anai.Kokosriekstu e\u013c\u013ca \u2013 pie\u0161\u0137ir dab\u012bgu saldumu un atbalsta \u0101das, apmatojuma un gremo\u0161anas vesel\u012bbu.R\u012bsu milti un citi dab\u012bgie cietes avoti \u2013 viegli sagremojami og\u013chidr\u0101ti ener\u0123ijas uztur\u0113\u0161anai, piem\u0113roti su\u0146iem bez graudu aler\u0123ijas.Olu dzeltenuma pulveris \u2013 bag\u0101ts ar biot\u012bnu un vitam\u012bniem, atbalsta \u0101das, apmatojuma un visp\u0101r\u0113jo vitalit\u0101ti.Virtu\u013ca forma (7 cm) \u2013 unik\u0101la gredzenveida forma veicina ko\u0161\u013c\u0101\u0161anu un pal\u012bdz samazin\u0101t aplikumu un zobakmeni.Individu\u0101li iepakoti (10 gab. iepakojum\u0101) \u2013 nodro\u0161ina svaigumu, nov\u0113r\u0161 pies\u0101r\u0146ojumu un ir \u0113rti l\u012bdzi \u0146em\u0161anai vai dal\u012b\u0161anai.Kolag\u0113ns \u2013 atbalsta loc\u012btavu vesel\u012bbu un kust\u012bgumu.Ide\u0101li treni\u0146iem vai k\u0101 d\u0101vana \u2013 jautra forma un porciju iepakojumi ir lieliski piem\u0113roti k\u0101 balva, svin\u012bb\u0101m vai m\u012blu\u013ca palutin\u0101\u0161anai. Sast\u0101vs: R\u012bsu milti \u2013 29,36 %; vistas ga\u013ca \u2013 20 %; zir\u0146u ciete \u2013 10 %; augu glicer\u012bns \u2013 10 %; kalcija karbon\u0101ts \u2013 9 %; saldo kartupe\u013cu ciete \u2013 5 %; tapiokas ciete \u2013 5 %; kartupe\u013cu ciete \u2013 5 %; kukur\u016bzas milti \u2013 3 %; olu dzeltenuma pulveris \u2013 2 %; rafin\u0113ta augu e\u013c\u013ca \u2013 0,5 %; kolag\u0113ns (no liellopa) \u2013 0,5 %; kokosriekstu e\u013c\u013ca \u2013 0,5 %; k\u0101lija sorb\u0101ts \u2013 0,1 %; E vitam\u012bns \u2013 0,03 %; rozmar\u012bna ekstrakts \u2013 0,01 %. Anal\u012btisk\u0101s sast\u0101vda\u013cas: Kopprote\u012bns \u2013 12 %; koptauki \u2013 2 %; \u0161\u0137iedrvielas \u2013 2 %; pelni \u2013 9 %; mitrums \u2013 16 %.\" \/>\n<meta property=\"og:url\" content=\"https:\/\/miumjau.ee\/lv\/produkts\/uniq-pets-virtulisi-suniem-ar-vistu-un-kokosriekstu-10-x-50-g\/\" \/>\n<meta property=\"og:site_name\" content=\"MiuMjau\" \/>\n<meta property=\"article:publisher\" content=\"https:\/\/www.facebook.com\/miumjaupood\/\" \/>\n<meta property=\"og:image\" content=\"https:\/\/miumjau.ee\/wp-content\/uploads\/2026\/04\/uniq-soorik-kookosega4.jpg\" \/>\n\t<meta property=\"og:image:width\" content=\"600\" \/>\n\t<meta property=\"og:image:height\" content=\"800\" \/>\n\t<meta property=\"og:image:type\" content=\"image\/jpeg\" \/>\n<meta name=\"twitter:card\" content=\"summary_large_image\" \/>\n<script type=\"application\/ld+json\" class=\"yoast-schema-graph\">{\"@context\":\"https:\/\/schema.org\",\"@graph\":[{\"@type\":\"WebPage\",\"@id\":\"https:\/\/miumjau.ee\/lv\/produkts\/uniq-pets-virtulisi-suniem-ar-vistu-un-kokosriekstu-10-x-50-g\/\",\"url\":\"https:\/\/miumjau.ee\/lv\/produkts\/uniq-pets-virtulisi-suniem-ar-vistu-un-kokosriekstu-10-x-50-g\/\",\"name\":\"Uniq Pets virtul\u012b\u0161i su\u0146iem ar vistu un kokosriekstu, 10 x 50 g - MiuMjau\",\"isPartOf\":{\"@id\":\"https:\/\/miumjau.ee\/#website\"},\"primaryImageOfPage\":{\"@id\":\"https:\/\/miumjau.ee\/lv\/produkts\/uniq-pets-virtulisi-suniem-ar-vistu-un-kokosriekstu-10-x-50-g\/#primaryimage\"},\"image\":{\"@id\":\"https:\/\/miumjau.ee\/lv\/produkts\/uniq-pets-virtulisi-suniem-ar-vistu-un-kokosriekstu-10-x-50-g\/#primaryimage\"},\"thumbnailUrl\":\"https:\/\/miumjau.ee\/wp-content\/uploads\/2026\/04\/uniq-soorik-kookosega4.jpg\",\"datePublished\":\"2026-04-12T07:55:43+00:00\",\"breadcrumb\":{\"@id\":\"https:\/\/miumjau.ee\/lv\/produkts\/uniq-pets-virtulisi-suniem-ar-vistu-un-kokosriekstu-10-x-50-g\/#breadcrumb\"},\"inLanguage\":\"lv-LV\",\"potentialAction\":[{\"@type\":\"ReadAction\",\"target\":[\"https:\/\/miumjau.ee\/lv\/produkts\/uniq-pets-virtulisi-suniem-ar-vistu-un-kokosriekstu-10-x-50-g\/\"]}]},{\"@type\":\"ImageObject\",\"inLanguage\":\"lv-LV\",\"@id\":\"https:\/\/miumjau.ee\/lv\/produkts\/uniq-pets-virtulisi-suniem-ar-vistu-un-kokosriekstu-10-x-50-g\/#primaryimage\",\"url\":\"https:\/\/miumjau.ee\/wp-content\/uploads\/2026\/04\/uniq-soorik-kookosega4.jpg\",\"contentUrl\":\"https:\/\/miumjau.ee\/wp-content\/uploads\/2026\/04\/uniq-soorik-kookosega4.jpg\",\"width\":600,\"height\":800,\"caption\":\"Uniq Pets s\u00f5\u00f5rikud koertele kana ja kookosega, 10x50g\"},{\"@type\":\"BreadcrumbList\",\"@id\":\"https:\/\/miumjau.ee\/lv\/produkts\/uniq-pets-virtulisi-suniem-ar-vistu-un-kokosriekstu-10-x-50-g\/#breadcrumb\",\"itemListElement\":[{\"@type\":\"ListItem\",\"position\":1,\"name\":\"Home\",\"item\":\"https:\/\/miumjau.ee\/lv\/\"},{\"@type\":\"ListItem\",\"position\":2,\"name\":\"Veikals\",\"item\":\"https:\/\/miumjau.ee\/lv\/veikals\/\"},{\"@type\":\"ListItem\",\"position\":3,\"name\":\"Uniq Pets virtul\u012b\u0161i su\u0146iem ar vistu un kokosriekstu, 10 x 50 g\"}]},{\"@type\":\"WebSite\",\"@id\":\"https:\/\/miumjau.ee\/#website\",\"url\":\"https:\/\/miumjau.ee\/\",\"name\":\"MiuMjau\",\"description\":\"Kraapimispuud kassidele\",\"publisher\":{\"@id\":\"https:\/\/miumjau.ee\/#organization\"},\"potentialAction\":[{\"@type\":\"SearchAction\",\"target\":{\"@type\":\"EntryPoint\",\"urlTemplate\":\"https:\/\/miumjau.ee\/?s={search_term_string}\"},\"query-input\":{\"@type\":\"PropertyValueSpecification\",\"valueRequired\":true,\"valueName\":\"search_term_string\"}}],\"inLanguage\":\"lv-LV\"},{\"@type\":\"Organization\",\"@id\":\"https:\/\/miumjau.ee\/#organization\",\"name\":\"MiuMjau O\u00dc\",\"url\":\"https:\/\/miumjau.ee\/\",\"logo\":{\"@type\":\"ImageObject\",\"inLanguage\":\"lv-LV\",\"@id\":\"https:\/\/miumjau.ee\/#\/schema\/logo\/image\/\",\"url\":\"https:\/\/miumjau.ee\/wp-content\/uploads\/2022\/04\/MiuMjau-logo-kollane.png\",\"contentUrl\":\"https:\/\/miumjau.ee\/wp-content\/uploads\/2022\/04\/MiuMjau-logo-kollane.png\",\"width\":219,\"height\":100,\"caption\":\"MiuMjau O\u00dc\"},\"image\":{\"@id\":\"https:\/\/miumjau.ee\/#\/schema\/logo\/image\/\"},\"sameAs\":[\"https:\/\/www.facebook.com\/miumjaupood\/\"]}]}<\/script>\n<!-- \/ Yoast SEO plugin. -->","yoast_head_json":{"title":"Uniq Pets virtul\u012b\u0161i su\u0146iem ar vistu un kokosriekstu, 10 x 50 g - MiuMjau","robots":{"index":"index","follow":"follow","max-snippet":"max-snippet:-1","max-image-preview":"max-image-preview:large","max-video-preview":"max-video-preview:-1"},"canonical":"https:\/\/miumjau.ee\/lv\/produkts\/uniq-pets-virtulisi-suniem-ar-vistu-un-kokosriekstu-10-x-50-g\/","og_locale":"lv_LV","og_type":"article","og_title":"Uniq Pets virtul\u012b\u0161i su\u0146iem ar vistu un kokosriekstu, 10 x 50 g - MiuMjau","og_description":"Fantastiski gardumi ar diametru 7 cm. Tie nesatur \u0101das sloksnes, kuru ko\u0161\u013c\u0101\u0161ana var b\u016bt b\u012bstama. Viegli sadal\u0101s mut\u0113 un ir patie\u0161\u0101m pat\u012bkami un dro\u0161i. M\u016bsu haskijs apstiprin\u0101ja 100%! Piem\u0113rots ar\u012b kuc\u0113niem ar lielu ko\u0161\u013c\u0101\u0161anas vajadz\u012bbu no 3 m\u0113ne\u0161u vecuma. Olbaltumviel\u0101m bag\u0101ts k\u0101rums j\u016bsu sunim. Ciet\u0101 un ga\u013c\u012bg\u0101 tekst\u016bra nodro\u0161ina aizraujo\u0161u ko\u0161\u013c\u0101\u0161anu, kas apmierina su\u0146a dabiskos instinktus. Uniq Pets virtul\u012b\u0161i su\u0146iem ar vistu un kokosriekstu, 10 x 50 g Produkta \u012bpa\u0161\u012bbas:Satur vistu \u2013 augstas kvalit\u0101tes prote\u012bna avots musku\u013cu un ener\u0123ijas uztur\u0113\u0161anai.Kokosriekstu e\u013c\u013ca \u2013 pie\u0161\u0137ir dab\u012bgu saldumu un atbalsta \u0101das, apmatojuma un gremo\u0161anas vesel\u012bbu.R\u012bsu milti un citi dab\u012bgie cietes avoti \u2013 viegli sagremojami og\u013chidr\u0101ti ener\u0123ijas uztur\u0113\u0161anai, piem\u0113roti su\u0146iem bez graudu aler\u0123ijas.Olu dzeltenuma pulveris \u2013 bag\u0101ts ar biot\u012bnu un vitam\u012bniem, atbalsta \u0101das, apmatojuma un visp\u0101r\u0113jo vitalit\u0101ti.Virtu\u013ca forma (7 cm) \u2013 unik\u0101la gredzenveida forma veicina ko\u0161\u013c\u0101\u0161anu un pal\u012bdz samazin\u0101t aplikumu un zobakmeni.Individu\u0101li iepakoti (10 gab. iepakojum\u0101) \u2013 nodro\u0161ina svaigumu, nov\u0113r\u0161 pies\u0101r\u0146ojumu un ir \u0113rti l\u012bdzi \u0146em\u0161anai vai dal\u012b\u0161anai.Kolag\u0113ns \u2013 atbalsta loc\u012btavu vesel\u012bbu un kust\u012bgumu.Ide\u0101li treni\u0146iem vai k\u0101 d\u0101vana \u2013 jautra forma un porciju iepakojumi ir lieliski piem\u0113roti k\u0101 balva, svin\u012bb\u0101m vai m\u012blu\u013ca palutin\u0101\u0161anai. Sast\u0101vs: R\u012bsu milti \u2013 29,36 %; vistas ga\u013ca \u2013 20 %; zir\u0146u ciete \u2013 10 %; augu glicer\u012bns \u2013 10 %; kalcija karbon\u0101ts \u2013 9 %; saldo kartupe\u013cu ciete \u2013 5 %; tapiokas ciete \u2013 5 %; kartupe\u013cu ciete \u2013 5 %; kukur\u016bzas milti \u2013 3 %; olu dzeltenuma pulveris \u2013 2 %; rafin\u0113ta augu e\u013c\u013ca \u2013 0,5 %; kolag\u0113ns (no liellopa) \u2013 0,5 %; kokosriekstu e\u013c\u013ca \u2013 0,5 %; k\u0101lija sorb\u0101ts \u2013 0,1 %; E vitam\u012bns \u2013 0,03 %; rozmar\u012bna ekstrakts \u2013 0,01 %. Anal\u012btisk\u0101s sast\u0101vda\u013cas: Kopprote\u012bns \u2013 12 %; koptauki \u2013 2 %; \u0161\u0137iedrvielas \u2013 2 %; pelni \u2013 9 %; mitrums \u2013 16 %.","og_url":"https:\/\/miumjau.ee\/lv\/produkts\/uniq-pets-virtulisi-suniem-ar-vistu-un-kokosriekstu-10-x-50-g\/","og_site_name":"MiuMjau","article_publisher":"https:\/\/www.facebook.com\/miumjaupood\/","og_image":[{"width":600,"height":800,"url":"https:\/\/miumjau.ee\/wp-content\/uploads\/2026\/04\/uniq-soorik-kookosega4.jpg","type":"image\/jpeg"}],"twitter_card":"summary_large_image","schema":{"@context":"https:\/\/schema.org","@graph":[{"@type":"WebPage","@id":"https:\/\/miumjau.ee\/lv\/produkts\/uniq-pets-virtulisi-suniem-ar-vistu-un-kokosriekstu-10-x-50-g\/","url":"https:\/\/miumjau.ee\/lv\/produkts\/uniq-pets-virtulisi-suniem-ar-vistu-un-kokosriekstu-10-x-50-g\/","name":"Uniq Pets virtul\u012b\u0161i su\u0146iem ar vistu un kokosriekstu, 10 x 50 g - MiuMjau","isPartOf":{"@id":"https:\/\/miumjau.ee\/#website"},"primaryImageOfPage":{"@id":"https:\/\/miumjau.ee\/lv\/produkts\/uniq-pets-virtulisi-suniem-ar-vistu-un-kokosriekstu-10-x-50-g\/#primaryimage"},"image":{"@id":"https:\/\/miumjau.ee\/lv\/produkts\/uniq-pets-virtulisi-suniem-ar-vistu-un-kokosriekstu-10-x-50-g\/#primaryimage"},"thumbnailUrl":"https:\/\/miumjau.ee\/wp-content\/uploads\/2026\/04\/uniq-soorik-kookosega4.jpg","datePublished":"2026-04-12T07:55:43+00:00","breadcrumb":{"@id":"https:\/\/miumjau.ee\/lv\/produkts\/uniq-pets-virtulisi-suniem-ar-vistu-un-kokosriekstu-10-x-50-g\/#breadcrumb"},"inLanguage":"lv-LV","potentialAction":[{"@type":"ReadAction","target":["https:\/\/miumjau.ee\/lv\/produkts\/uniq-pets-virtulisi-suniem-ar-vistu-un-kokosriekstu-10-x-50-g\/"]}]},{"@type":"ImageObject","inLanguage":"lv-LV","@id":"https:\/\/miumjau.ee\/lv\/produkts\/uniq-pets-virtulisi-suniem-ar-vistu-un-kokosriekstu-10-x-50-g\/#primaryimage","url":"https:\/\/miumjau.ee\/wp-content\/uploads\/2026\/04\/uniq-soorik-kookosega4.jpg","contentUrl":"https:\/\/miumjau.ee\/wp-content\/uploads\/2026\/04\/uniq-soorik-kookosega4.jpg","width":600,"height":800,"caption":"Uniq Pets s\u00f5\u00f5rikud koertele kana ja kookosega, 10x50g"},{"@type":"BreadcrumbList","@id":"https:\/\/miumjau.ee\/lv\/produkts\/uniq-pets-virtulisi-suniem-ar-vistu-un-kokosriekstu-10-x-50-g\/#breadcrumb","itemListElement":[{"@type":"ListItem","position":1,"name":"Home","item":"https:\/\/miumjau.ee\/lv\/"},{"@type":"ListItem","position":2,"name":"Veikals","item":"https:\/\/miumjau.ee\/lv\/veikals\/"},{"@type":"ListItem","position":3,"name":"Uniq Pets virtul\u012b\u0161i su\u0146iem ar vistu un kokosriekstu, 10 x 50 g"}]},{"@type":"WebSite","@id":"https:\/\/miumjau.ee\/#website","url":"https:\/\/miumjau.ee\/","name":"MiuMjau","description":"Kraapimispuud kassidele","publisher":{"@id":"https:\/\/miumjau.ee\/#organization"},"potentialAction":[{"@type":"SearchAction","target":{"@type":"EntryPoint","urlTemplate":"https:\/\/miumjau.ee\/?s={search_term_string}"},"query-input":{"@type":"PropertyValueSpecification","valueRequired":true,"valueName":"search_term_string"}}],"inLanguage":"lv-LV"},{"@type":"Organization","@id":"https:\/\/miumjau.ee\/#organization","name":"MiuMjau O\u00dc","url":"https:\/\/miumjau.ee\/","logo":{"@type":"ImageObject","inLanguage":"lv-LV","@id":"https:\/\/miumjau.ee\/#\/schema\/logo\/image\/","url":"https:\/\/miumjau.ee\/wp-content\/uploads\/2022\/04\/MiuMjau-logo-kollane.png","contentUrl":"https:\/\/miumjau.ee\/wp-content\/uploads\/2022\/04\/MiuMjau-logo-kollane.png","width":219,"height":100,"caption":"MiuMjau O\u00dc"},"image":{"@id":"https:\/\/miumjau.ee\/#\/schema\/logo\/image\/"},"sameAs":["https:\/\/www.facebook.com\/miumjaupood\/"]}]}},"_links":{"self":[{"href":"https:\/\/miumjau.ee\/lv\/wp-json\/wp\/v2\/product\/57729","targetHints":{"allow":["GET"]}}],"collection":[{"href":"https:\/\/miumjau.ee\/lv\/wp-json\/wp\/v2\/product"}],"about":[{"href":"https:\/\/miumjau.ee\/lv\/wp-json\/wp\/v2\/types\/product"}],"wp:featuredmedia":[{"embeddable":true,"href":"https:\/\/miumjau.ee\/lv\/wp-json\/wp\/v2\/media\/57497"}],"wp:attachment":[{"href":"https:\/\/miumjau.ee\/lv\/wp-json\/wp\/v2\/media?parent=57729"}],"wp:term":[{"taxonomy":"product_brand","embeddable":true,"href":"https:\/\/miumjau.ee\/lv\/wp-json\/wp\/v2\/product_brand?post=57729"},{"taxonomy":"product_cat","embeddable":true,"href":"https:\/\/miumjau.ee\/lv\/wp-json\/wp\/v2\/product_cat?post=57729"},{"taxonomy":"product_tag","embeddable":true,"href":"https:\/\/miumjau.ee\/lv\/wp-json\/wp\/v2\/product_tag?post=57729"}],"curies":[{"name":"wp","href":"https:\/\/api.w.org\/{rel}","templated":true}]}}