{"id":57724,"date":"2026-04-12T10:56:21","date_gmt":"2026-04-12T07:56:21","guid":{"rendered":"https:\/\/miumjau.ee\/toode\/uniq-pets-virtulisi-suniem-ar-pili-un-zemenem-10-x-50-g\/"},"modified":"2026-04-12T10:56:21","modified_gmt":"2026-04-12T07:56:21","slug":"uniq-pets-virtulisi-suniem-ar-pili-un-zemenem-10-x-50-g","status":"publish","type":"product","link":"https:\/\/miumjau.ee\/lv\/produkts\/uniq-pets-virtulisi-suniem-ar-pili-un-zemenem-10-x-50-g\/","title":{"rendered":"Uniq Pets virtul\u012b\u0161i su\u0146iem ar p\u012bli un zemen\u0113m, 10 x 50 g"},"content":{"rendered":"","protected":false},"excerpt":{"rendered":"<p data-start=\"3952\" data-end=\"4248\">Fantastiski gardumi ar diametru 7 cm. Tie nesatur \u0101das sloksnes, kuru ko\u0161\u013c\u0101\u0161ana var b\u016bt b\u012bstama. Viegli sadal\u0101s mut\u0113 un ir patie\u0161\u0101m pat\u012bkami un dro\u0161i. M\u016bsu haskijs apstiprin\u0101ja 100%! Piem\u0113rots ar\u012b kuc\u0113niem ar lielu ko\u0161\u013c\u0101\u0161anas vajadz\u012bbu no 3 m\u0113ne\u0161u vecuma. Olbaltumviel\u0101m bag\u0101ts k\u0101rums j\u016bsu sunim.<\/p>\n<p data-start=\"4250\" data-end=\"4346\">Ciet\u0101 un ga\u013c\u012bg\u0101 tekst\u016bra nodro\u0161ina aizraujo\u0161u ko\u0161\u013c\u0101\u0161anu, kas apmierina su\u0146a dabiskos instinktus.<\/p>\n<p data-start=\"4348\" data-end=\"4404\">Uniq Pets virtul\u012b\u0161i su\u0146iem ar p\u012bli un zemen\u0113m, 10 x 50 g<\/p>\n<p data-start=\"4406\" data-end=\"5235\">Produkta \u012bpa\u0161\u012bbas:<br data-start=\"4424\" data-end=\"4427\" \/>P\u012bles ga\u013ca \u2013 liesa un jauna prote\u012bna avots, piem\u0113rota su\u0146iem ar aler\u0123ij\u0101m vai jut\u012bbu pret ierastajiem prote\u012bniem (piem., vista vai liellops). Atbalsta musku\u013cu vesel\u012bbu un ener\u0123ijas l\u012bmeni.<br data-start=\"4615\" data-end=\"4618\" \/>Zeme\u0146u pulveris \u2013 pie\u0161\u0137ir dab\u012bgu aug\u013cu saldumu un padara k\u0101rumu \u012bpa\u0161i pievilc\u012bgu.<br data-start=\"4699\" data-end=\"4702\" \/>P\u012bles un zeme\u0146u kombin\u0101cija \u2013 unik\u0101ls s\u0101\u013c\u0101 un sald\u0101 savienojums, kas pat\u012bk ar\u012b izv\u0113l\u012bgiem su\u0146iem.<br data-start=\"4799\" data-end=\"4802\" \/>Virtu\u013ca forma (7 cm) \u2013 gredzenveida dizains veicina ko\u0161\u013c\u0101\u0161anu un pal\u012bdz samazin\u0101t aplikuma un zobakmens veido\u0161anos.<br data-start=\"4917\" data-end=\"4920\" \/>Individu\u0101li iepakoti (10 gab. iepakojum\u0101) \u2013 nodro\u0161ina svaigumu, nov\u0113r\u0161 pies\u0101r\u0146ojumu un ir \u0113rti l\u012bdzi \u0146em\u0161anai vai dal\u012b\u0161anai.<br data-start=\"5044\" data-end=\"5047\" \/>Kolag\u0113ns \u2013 atbalsta loc\u012btavu vesel\u012bbu un kust\u012bgumu.<br data-start=\"5098\" data-end=\"5101\" \/>Ide\u0101li treni\u0146iem vai k\u0101 d\u0101vana \u2013 jautra forma un porciju iepakojumi ir lieliski piem\u0113roti k\u0101 balva, svin\u012bb\u0101m vai m\u012blu\u013ca palutin\u0101\u0161anai.<\/p>\n<p data-start=\"5237\" data-end=\"5665\">Sast\u0101vs: R\u012bsu milti \u2013 32,71 %; p\u012bles ga\u013ca \u2013 20 %; zir\u0146u ciete \u2013 15 %; augu glicer\u012bns \u2013 10 %; saldo kartupe\u013cu ciete \u2013 5 %; tapiokas ciete \u2013 5 %; kartupe\u013cu ciete \u2013 5 %; kukur\u016bzas milti \u2013 3 %; olu dzeltenuma pulveris \u2013 2 %; kalcija karbon\u0101ts \u2013 1 %; rafin\u0113ta augu e\u013c\u013ca \u2013 0,5 %; kolag\u0113ns (no liellopa) \u2013 0,5 %; k\u0101lija sorb\u0101ts \u2013 0,1 %; karm\u012bns E120 \u2013 0,1 %; zeme\u0146u pulveris \u2013 0,05 %; E vitam\u012bns \u2013 0,03 %; rozmar\u012bna ekstrakts \u2013 0,01 %.<\/p>\n<p data-start=\"5667\" data-end=\"5776\">Anal\u012btisk\u0101s sast\u0101vda\u013cas: Kopprote\u012bns \u2013 12 %; koptauki \u2013 2 %; \u0161\u0137iedrvielas \u2013 2 %; pelni \u2013 4 %; mitrums \u2013 16 %.<\/p>\n","protected":false},"featured_media":57503,"template":"","meta":[],"product_brand":[],"product_cat":[576],"product_tag":[],"class_list":{"0":"post-57724","1":"product","2":"type-product","3":"status-publish","4":"has-post-thumbnail","6":"product_cat-naski-suniem","8":"first","9":"instock","10":"taxable","11":"shipping-taxable","12":"purchasable","13":"product-type-simple"},"yoast_head":"<!-- This site is optimized with the Yoast SEO plugin v27.2 - https:\/\/yoast.com\/product\/yoast-seo-wordpress\/ -->\n<title>Uniq Pets virtul\u012b\u0161i su\u0146iem ar p\u012bli un zemen\u0113m, 10 x 50 g - MiuMjau<\/title>\n<meta name=\"robots\" content=\"index, follow, max-snippet:-1, max-image-preview:large, max-video-preview:-1\" \/>\n<link rel=\"canonical\" href=\"https:\/\/miumjau.ee\/lv\/produkts\/uniq-pets-virtulisi-suniem-ar-pili-un-zemenem-10-x-50-g\/\" \/>\n<meta property=\"og:locale\" content=\"lv_LV\" \/>\n<meta property=\"og:type\" content=\"article\" \/>\n<meta property=\"og:title\" content=\"Uniq Pets virtul\u012b\u0161i su\u0146iem ar p\u012bli un zemen\u0113m, 10 x 50 g - MiuMjau\" \/>\n<meta property=\"og:description\" content=\"Fantastiski gardumi ar diametru 7 cm. Tie nesatur \u0101das sloksnes, kuru ko\u0161\u013c\u0101\u0161ana var b\u016bt b\u012bstama. Viegli sadal\u0101s mut\u0113 un ir patie\u0161\u0101m pat\u012bkami un dro\u0161i. M\u016bsu haskijs apstiprin\u0101ja 100%! Piem\u0113rots ar\u012b kuc\u0113niem ar lielu ko\u0161\u013c\u0101\u0161anas vajadz\u012bbu no 3 m\u0113ne\u0161u vecuma. Olbaltumviel\u0101m bag\u0101ts k\u0101rums j\u016bsu sunim. Ciet\u0101 un ga\u013c\u012bg\u0101 tekst\u016bra nodro\u0161ina aizraujo\u0161u ko\u0161\u013c\u0101\u0161anu, kas apmierina su\u0146a dabiskos instinktus. Uniq Pets virtul\u012b\u0161i su\u0146iem ar p\u012bli un zemen\u0113m, 10 x 50 g Produkta \u012bpa\u0161\u012bbas:P\u012bles ga\u013ca \u2013 liesa un jauna prote\u012bna avots, piem\u0113rota su\u0146iem ar aler\u0123ij\u0101m vai jut\u012bbu pret ierastajiem prote\u012bniem (piem., vista vai liellops). Atbalsta musku\u013cu vesel\u012bbu un ener\u0123ijas l\u012bmeni.Zeme\u0146u pulveris \u2013 pie\u0161\u0137ir dab\u012bgu aug\u013cu saldumu un padara k\u0101rumu \u012bpa\u0161i pievilc\u012bgu.P\u012bles un zeme\u0146u kombin\u0101cija \u2013 unik\u0101ls s\u0101\u013c\u0101 un sald\u0101 savienojums, kas pat\u012bk ar\u012b izv\u0113l\u012bgiem su\u0146iem.Virtu\u013ca forma (7 cm) \u2013 gredzenveida dizains veicina ko\u0161\u013c\u0101\u0161anu un pal\u012bdz samazin\u0101t aplikuma un zobakmens veido\u0161anos.Individu\u0101li iepakoti (10 gab. iepakojum\u0101) \u2013 nodro\u0161ina svaigumu, nov\u0113r\u0161 pies\u0101r\u0146ojumu un ir \u0113rti l\u012bdzi \u0146em\u0161anai vai dal\u012b\u0161anai.Kolag\u0113ns \u2013 atbalsta loc\u012btavu vesel\u012bbu un kust\u012bgumu.Ide\u0101li treni\u0146iem vai k\u0101 d\u0101vana \u2013 jautra forma un porciju iepakojumi ir lieliski piem\u0113roti k\u0101 balva, svin\u012bb\u0101m vai m\u012blu\u013ca palutin\u0101\u0161anai. Sast\u0101vs: R\u012bsu milti \u2013 32,71 %; p\u012bles ga\u013ca \u2013 20 %; zir\u0146u ciete \u2013 15 %; augu glicer\u012bns \u2013 10 %; saldo kartupe\u013cu ciete \u2013 5 %; tapiokas ciete \u2013 5 %; kartupe\u013cu ciete \u2013 5 %; kukur\u016bzas milti \u2013 3 %; olu dzeltenuma pulveris \u2013 2 %; kalcija karbon\u0101ts \u2013 1 %; rafin\u0113ta augu e\u013c\u013ca \u2013 0,5 %; kolag\u0113ns (no liellopa) \u2013 0,5 %; k\u0101lija sorb\u0101ts \u2013 0,1 %; karm\u012bns E120 \u2013 0,1 %; zeme\u0146u pulveris \u2013 0,05 %; E vitam\u012bns \u2013 0,03 %; rozmar\u012bna ekstrakts \u2013 0,01 %. Anal\u012btisk\u0101s sast\u0101vda\u013cas: Kopprote\u012bns \u2013 12 %; koptauki \u2013 2 %; \u0161\u0137iedrvielas \u2013 2 %; pelni \u2013 4 %; mitrums \u2013 16 %.\" \/>\n<meta property=\"og:url\" content=\"https:\/\/miumjau.ee\/lv\/produkts\/uniq-pets-virtulisi-suniem-ar-pili-un-zemenem-10-x-50-g\/\" \/>\n<meta property=\"og:site_name\" content=\"MiuMjau\" \/>\n<meta property=\"article:publisher\" content=\"https:\/\/www.facebook.com\/miumjaupood\/\" \/>\n<meta property=\"og:image\" content=\"https:\/\/miumjau.ee\/wp-content\/uploads\/2026\/04\/uniq-soorik-maasikaga1.jpg\" \/>\n\t<meta property=\"og:image:width\" content=\"600\" \/>\n\t<meta property=\"og:image:height\" content=\"800\" \/>\n\t<meta property=\"og:image:type\" content=\"image\/jpeg\" \/>\n<meta name=\"twitter:card\" content=\"summary_large_image\" \/>\n<script type=\"application\/ld+json\" class=\"yoast-schema-graph\">{\"@context\":\"https:\/\/schema.org\",\"@graph\":[{\"@type\":\"WebPage\",\"@id\":\"https:\/\/miumjau.ee\/lv\/produkts\/uniq-pets-virtulisi-suniem-ar-pili-un-zemenem-10-x-50-g\/\",\"url\":\"https:\/\/miumjau.ee\/lv\/produkts\/uniq-pets-virtulisi-suniem-ar-pili-un-zemenem-10-x-50-g\/\",\"name\":\"Uniq Pets virtul\u012b\u0161i su\u0146iem ar p\u012bli un zemen\u0113m, 10 x 50 g - MiuMjau\",\"isPartOf\":{\"@id\":\"https:\/\/miumjau.ee\/#website\"},\"primaryImageOfPage\":{\"@id\":\"https:\/\/miumjau.ee\/lv\/produkts\/uniq-pets-virtulisi-suniem-ar-pili-un-zemenem-10-x-50-g\/#primaryimage\"},\"image\":{\"@id\":\"https:\/\/miumjau.ee\/lv\/produkts\/uniq-pets-virtulisi-suniem-ar-pili-un-zemenem-10-x-50-g\/#primaryimage\"},\"thumbnailUrl\":\"https:\/\/miumjau.ee\/wp-content\/uploads\/2026\/04\/uniq-soorik-maasikaga1.jpg\",\"datePublished\":\"2026-04-12T07:56:21+00:00\",\"breadcrumb\":{\"@id\":\"https:\/\/miumjau.ee\/lv\/produkts\/uniq-pets-virtulisi-suniem-ar-pili-un-zemenem-10-x-50-g\/#breadcrumb\"},\"inLanguage\":\"lv-LV\",\"potentialAction\":[{\"@type\":\"ReadAction\",\"target\":[\"https:\/\/miumjau.ee\/lv\/produkts\/uniq-pets-virtulisi-suniem-ar-pili-un-zemenem-10-x-50-g\/\"]}]},{\"@type\":\"ImageObject\",\"inLanguage\":\"lv-LV\",\"@id\":\"https:\/\/miumjau.ee\/lv\/produkts\/uniq-pets-virtulisi-suniem-ar-pili-un-zemenem-10-x-50-g\/#primaryimage\",\"url\":\"https:\/\/miumjau.ee\/wp-content\/uploads\/2026\/04\/uniq-soorik-maasikaga1.jpg\",\"contentUrl\":\"https:\/\/miumjau.ee\/wp-content\/uploads\/2026\/04\/uniq-soorik-maasikaga1.jpg\",\"width\":600,\"height\":800,\"caption\":\"Uniq Pets s\u00f5\u00f5rikud koertele pardi ja maasikaga, 10x50g\"},{\"@type\":\"BreadcrumbList\",\"@id\":\"https:\/\/miumjau.ee\/lv\/produkts\/uniq-pets-virtulisi-suniem-ar-pili-un-zemenem-10-x-50-g\/#breadcrumb\",\"itemListElement\":[{\"@type\":\"ListItem\",\"position\":1,\"name\":\"Home\",\"item\":\"https:\/\/miumjau.ee\/lv\/\"},{\"@type\":\"ListItem\",\"position\":2,\"name\":\"Veikals\",\"item\":\"https:\/\/miumjau.ee\/lv\/veikals\/\"},{\"@type\":\"ListItem\",\"position\":3,\"name\":\"Uniq Pets virtul\u012b\u0161i su\u0146iem ar p\u012bli un zemen\u0113m, 10 x 50 g\"}]},{\"@type\":\"WebSite\",\"@id\":\"https:\/\/miumjau.ee\/#website\",\"url\":\"https:\/\/miumjau.ee\/\",\"name\":\"MiuMjau\",\"description\":\"Kraapimispuud kassidele\",\"publisher\":{\"@id\":\"https:\/\/miumjau.ee\/#organization\"},\"potentialAction\":[{\"@type\":\"SearchAction\",\"target\":{\"@type\":\"EntryPoint\",\"urlTemplate\":\"https:\/\/miumjau.ee\/?s={search_term_string}\"},\"query-input\":{\"@type\":\"PropertyValueSpecification\",\"valueRequired\":true,\"valueName\":\"search_term_string\"}}],\"inLanguage\":\"lv-LV\"},{\"@type\":\"Organization\",\"@id\":\"https:\/\/miumjau.ee\/#organization\",\"name\":\"MiuMjau O\u00dc\",\"url\":\"https:\/\/miumjau.ee\/\",\"logo\":{\"@type\":\"ImageObject\",\"inLanguage\":\"lv-LV\",\"@id\":\"https:\/\/miumjau.ee\/#\/schema\/logo\/image\/\",\"url\":\"https:\/\/miumjau.ee\/wp-content\/uploads\/2022\/04\/MiuMjau-logo-kollane.png\",\"contentUrl\":\"https:\/\/miumjau.ee\/wp-content\/uploads\/2022\/04\/MiuMjau-logo-kollane.png\",\"width\":219,\"height\":100,\"caption\":\"MiuMjau O\u00dc\"},\"image\":{\"@id\":\"https:\/\/miumjau.ee\/#\/schema\/logo\/image\/\"},\"sameAs\":[\"https:\/\/www.facebook.com\/miumjaupood\/\"]}]}<\/script>\n<!-- \/ Yoast SEO plugin. -->","yoast_head_json":{"title":"Uniq Pets virtul\u012b\u0161i su\u0146iem ar p\u012bli un zemen\u0113m, 10 x 50 g - MiuMjau","robots":{"index":"index","follow":"follow","max-snippet":"max-snippet:-1","max-image-preview":"max-image-preview:large","max-video-preview":"max-video-preview:-1"},"canonical":"https:\/\/miumjau.ee\/lv\/produkts\/uniq-pets-virtulisi-suniem-ar-pili-un-zemenem-10-x-50-g\/","og_locale":"lv_LV","og_type":"article","og_title":"Uniq Pets virtul\u012b\u0161i su\u0146iem ar p\u012bli un zemen\u0113m, 10 x 50 g - MiuMjau","og_description":"Fantastiski gardumi ar diametru 7 cm. Tie nesatur \u0101das sloksnes, kuru ko\u0161\u013c\u0101\u0161ana var b\u016bt b\u012bstama. Viegli sadal\u0101s mut\u0113 un ir patie\u0161\u0101m pat\u012bkami un dro\u0161i. M\u016bsu haskijs apstiprin\u0101ja 100%! Piem\u0113rots ar\u012b kuc\u0113niem ar lielu ko\u0161\u013c\u0101\u0161anas vajadz\u012bbu no 3 m\u0113ne\u0161u vecuma. Olbaltumviel\u0101m bag\u0101ts k\u0101rums j\u016bsu sunim. Ciet\u0101 un ga\u013c\u012bg\u0101 tekst\u016bra nodro\u0161ina aizraujo\u0161u ko\u0161\u013c\u0101\u0161anu, kas apmierina su\u0146a dabiskos instinktus. Uniq Pets virtul\u012b\u0161i su\u0146iem ar p\u012bli un zemen\u0113m, 10 x 50 g Produkta \u012bpa\u0161\u012bbas:P\u012bles ga\u013ca \u2013 liesa un jauna prote\u012bna avots, piem\u0113rota su\u0146iem ar aler\u0123ij\u0101m vai jut\u012bbu pret ierastajiem prote\u012bniem (piem., vista vai liellops). Atbalsta musku\u013cu vesel\u012bbu un ener\u0123ijas l\u012bmeni.Zeme\u0146u pulveris \u2013 pie\u0161\u0137ir dab\u012bgu aug\u013cu saldumu un padara k\u0101rumu \u012bpa\u0161i pievilc\u012bgu.P\u012bles un zeme\u0146u kombin\u0101cija \u2013 unik\u0101ls s\u0101\u013c\u0101 un sald\u0101 savienojums, kas pat\u012bk ar\u012b izv\u0113l\u012bgiem su\u0146iem.Virtu\u013ca forma (7 cm) \u2013 gredzenveida dizains veicina ko\u0161\u013c\u0101\u0161anu un pal\u012bdz samazin\u0101t aplikuma un zobakmens veido\u0161anos.Individu\u0101li iepakoti (10 gab. iepakojum\u0101) \u2013 nodro\u0161ina svaigumu, nov\u0113r\u0161 pies\u0101r\u0146ojumu un ir \u0113rti l\u012bdzi \u0146em\u0161anai vai dal\u012b\u0161anai.Kolag\u0113ns \u2013 atbalsta loc\u012btavu vesel\u012bbu un kust\u012bgumu.Ide\u0101li treni\u0146iem vai k\u0101 d\u0101vana \u2013 jautra forma un porciju iepakojumi ir lieliski piem\u0113roti k\u0101 balva, svin\u012bb\u0101m vai m\u012blu\u013ca palutin\u0101\u0161anai. Sast\u0101vs: R\u012bsu milti \u2013 32,71 %; p\u012bles ga\u013ca \u2013 20 %; zir\u0146u ciete \u2013 15 %; augu glicer\u012bns \u2013 10 %; saldo kartupe\u013cu ciete \u2013 5 %; tapiokas ciete \u2013 5 %; kartupe\u013cu ciete \u2013 5 %; kukur\u016bzas milti \u2013 3 %; olu dzeltenuma pulveris \u2013 2 %; kalcija karbon\u0101ts \u2013 1 %; rafin\u0113ta augu e\u013c\u013ca \u2013 0,5 %; kolag\u0113ns (no liellopa) \u2013 0,5 %; k\u0101lija sorb\u0101ts \u2013 0,1 %; karm\u012bns E120 \u2013 0,1 %; zeme\u0146u pulveris \u2013 0,05 %; E vitam\u012bns \u2013 0,03 %; rozmar\u012bna ekstrakts \u2013 0,01 %. Anal\u012btisk\u0101s sast\u0101vda\u013cas: Kopprote\u012bns \u2013 12 %; koptauki \u2013 2 %; \u0161\u0137iedrvielas \u2013 2 %; pelni \u2013 4 %; mitrums \u2013 16 %.","og_url":"https:\/\/miumjau.ee\/lv\/produkts\/uniq-pets-virtulisi-suniem-ar-pili-un-zemenem-10-x-50-g\/","og_site_name":"MiuMjau","article_publisher":"https:\/\/www.facebook.com\/miumjaupood\/","og_image":[{"width":600,"height":800,"url":"https:\/\/miumjau.ee\/wp-content\/uploads\/2026\/04\/uniq-soorik-maasikaga1.jpg","type":"image\/jpeg"}],"twitter_card":"summary_large_image","schema":{"@context":"https:\/\/schema.org","@graph":[{"@type":"WebPage","@id":"https:\/\/miumjau.ee\/lv\/produkts\/uniq-pets-virtulisi-suniem-ar-pili-un-zemenem-10-x-50-g\/","url":"https:\/\/miumjau.ee\/lv\/produkts\/uniq-pets-virtulisi-suniem-ar-pili-un-zemenem-10-x-50-g\/","name":"Uniq Pets virtul\u012b\u0161i su\u0146iem ar p\u012bli un zemen\u0113m, 10 x 50 g - MiuMjau","isPartOf":{"@id":"https:\/\/miumjau.ee\/#website"},"primaryImageOfPage":{"@id":"https:\/\/miumjau.ee\/lv\/produkts\/uniq-pets-virtulisi-suniem-ar-pili-un-zemenem-10-x-50-g\/#primaryimage"},"image":{"@id":"https:\/\/miumjau.ee\/lv\/produkts\/uniq-pets-virtulisi-suniem-ar-pili-un-zemenem-10-x-50-g\/#primaryimage"},"thumbnailUrl":"https:\/\/miumjau.ee\/wp-content\/uploads\/2026\/04\/uniq-soorik-maasikaga1.jpg","datePublished":"2026-04-12T07:56:21+00:00","breadcrumb":{"@id":"https:\/\/miumjau.ee\/lv\/produkts\/uniq-pets-virtulisi-suniem-ar-pili-un-zemenem-10-x-50-g\/#breadcrumb"},"inLanguage":"lv-LV","potentialAction":[{"@type":"ReadAction","target":["https:\/\/miumjau.ee\/lv\/produkts\/uniq-pets-virtulisi-suniem-ar-pili-un-zemenem-10-x-50-g\/"]}]},{"@type":"ImageObject","inLanguage":"lv-LV","@id":"https:\/\/miumjau.ee\/lv\/produkts\/uniq-pets-virtulisi-suniem-ar-pili-un-zemenem-10-x-50-g\/#primaryimage","url":"https:\/\/miumjau.ee\/wp-content\/uploads\/2026\/04\/uniq-soorik-maasikaga1.jpg","contentUrl":"https:\/\/miumjau.ee\/wp-content\/uploads\/2026\/04\/uniq-soorik-maasikaga1.jpg","width":600,"height":800,"caption":"Uniq Pets s\u00f5\u00f5rikud koertele pardi ja maasikaga, 10x50g"},{"@type":"BreadcrumbList","@id":"https:\/\/miumjau.ee\/lv\/produkts\/uniq-pets-virtulisi-suniem-ar-pili-un-zemenem-10-x-50-g\/#breadcrumb","itemListElement":[{"@type":"ListItem","position":1,"name":"Home","item":"https:\/\/miumjau.ee\/lv\/"},{"@type":"ListItem","position":2,"name":"Veikals","item":"https:\/\/miumjau.ee\/lv\/veikals\/"},{"@type":"ListItem","position":3,"name":"Uniq Pets virtul\u012b\u0161i su\u0146iem ar p\u012bli un zemen\u0113m, 10 x 50 g"}]},{"@type":"WebSite","@id":"https:\/\/miumjau.ee\/#website","url":"https:\/\/miumjau.ee\/","name":"MiuMjau","description":"Kraapimispuud kassidele","publisher":{"@id":"https:\/\/miumjau.ee\/#organization"},"potentialAction":[{"@type":"SearchAction","target":{"@type":"EntryPoint","urlTemplate":"https:\/\/miumjau.ee\/?s={search_term_string}"},"query-input":{"@type":"PropertyValueSpecification","valueRequired":true,"valueName":"search_term_string"}}],"inLanguage":"lv-LV"},{"@type":"Organization","@id":"https:\/\/miumjau.ee\/#organization","name":"MiuMjau O\u00dc","url":"https:\/\/miumjau.ee\/","logo":{"@type":"ImageObject","inLanguage":"lv-LV","@id":"https:\/\/miumjau.ee\/#\/schema\/logo\/image\/","url":"https:\/\/miumjau.ee\/wp-content\/uploads\/2022\/04\/MiuMjau-logo-kollane.png","contentUrl":"https:\/\/miumjau.ee\/wp-content\/uploads\/2022\/04\/MiuMjau-logo-kollane.png","width":219,"height":100,"caption":"MiuMjau O\u00dc"},"image":{"@id":"https:\/\/miumjau.ee\/#\/schema\/logo\/image\/"},"sameAs":["https:\/\/www.facebook.com\/miumjaupood\/"]}]}},"_links":{"self":[{"href":"https:\/\/miumjau.ee\/lv\/wp-json\/wp\/v2\/product\/57724","targetHints":{"allow":["GET"]}}],"collection":[{"href":"https:\/\/miumjau.ee\/lv\/wp-json\/wp\/v2\/product"}],"about":[{"href":"https:\/\/miumjau.ee\/lv\/wp-json\/wp\/v2\/types\/product"}],"wp:featuredmedia":[{"embeddable":true,"href":"https:\/\/miumjau.ee\/lv\/wp-json\/wp\/v2\/media\/57503"}],"wp:attachment":[{"href":"https:\/\/miumjau.ee\/lv\/wp-json\/wp\/v2\/media?parent=57724"}],"wp:term":[{"taxonomy":"product_brand","embeddable":true,"href":"https:\/\/miumjau.ee\/lv\/wp-json\/wp\/v2\/product_brand?post=57724"},{"taxonomy":"product_cat","embeddable":true,"href":"https:\/\/miumjau.ee\/lv\/wp-json\/wp\/v2\/product_cat?post=57724"},{"taxonomy":"product_tag","embeddable":true,"href":"https:\/\/miumjau.ee\/lv\/wp-json\/wp\/v2\/product_tag?post=57724"}],"curies":[{"name":"wp","href":"https:\/\/api.w.org\/{rel}","templated":true}]}}