{"id":57719,"date":"2026-04-12T11:15:59","date_gmt":"2026-04-12T08:15:59","guid":{"rendered":"https:\/\/miumjau.ee\/toode\/smarzas-neitralizetajs-pakaisiem-ar-vanilu-un-meloni-400-g\/"},"modified":"2026-04-12T11:15:59","modified_gmt":"2026-04-12T08:15:59","slug":"smarzas-neitralizetajs-pakaisiem-ar-vanilu-un-meloni-400-g","status":"publish","type":"product","link":"https:\/\/miumjau.ee\/lv\/produkts\/smarzas-neitralizetajs-pakaisiem-ar-vanilu-un-meloni-400-g\/","title":{"rendered":"Smar\u017eas neitraliz\u0113t\u0101js pakai\u0161iem ar vani\u013cu un meloni, 400 g"},"content":{"rendered":"","protected":false},"excerpt":{"rendered":"<p data-start=\"1593\" data-end=\"1874\">Smar\u017eas neitraliz\u0113jo\u0161ais pulveris paredz\u0113ts lieto\u0161anai ka\u0137u pakai\u0161os. Tas nov\u0113r\u0161 nepat\u012bkamas smakas un pagarina pakai\u0161u kalpo\u0161anas laiku. Pulveris kav\u0113 bakt\u0113riju izplat\u012b\u0161anos, kas savuk\u0101rt pal\u0113nina nepat\u012bkamu smaku veido\u0161anos. Izbaudi pat\u012bkamu arom\u0101tu un aizmirsti par ur\u012bna smaku.<\/p>\n<p data-start=\"1876\" data-end=\"2248\">Lieto\u0161anas instrukcija<br data-start=\"1898\" data-end=\"1901\" \/>P\u0113c pakai\u0161u kastes iztuk\u0161o\u0161anas r\u016bp\u012bgi to izt\u012briet un nosusiniet. Ieb\u0113riet pietiekamu daudzumu jaunu pakai\u0161u un iemaisiet smar\u017eas neitraliz\u0113t\u0101ju. To var pievienot p\u0113c vajadz\u012bbas, atkar\u012bb\u0101 no pakai\u0161u st\u0101vok\u013ca. Viena iepakojuma pietiek l\u012bdz 20 lieto\u0161anas reiz\u0113m (aptuveni 3 m\u0113ne\u0161iem). Produktu var lietot ar jebkuriem ka\u0137u pakai\u0161iem un tas ir dro\u0161s.<\/p>\n<p data-start=\"2250\" data-end=\"2299\">Daudzums: 400 g<br data-start=\"2265\" data-end=\"2268\" \/>Ra\u017eot\u0101js: Beaphar, N\u012bderlande<\/p>\n","protected":false},"featured_media":57528,"template":"","meta":[],"product_brand":[],"product_cat":[565],"product_tag":[],"class_list":{"0":"post-57719","1":"product","2":"type-product","3":"status-publish","4":"has-post-thumbnail","6":"product_cat-odu-un-smaku-kontrole","8":"first","9":"instock","10":"taxable","11":"shipping-taxable","12":"purchasable","13":"product-type-simple"},"yoast_head":"<!-- This site is optimized with the Yoast SEO plugin v27.2 - https:\/\/yoast.com\/product\/yoast-seo-wordpress\/ -->\n<title>Smar\u017eas neitraliz\u0113t\u0101js pakai\u0161iem ar vani\u013cu un meloni, 400 g - MiuMjau<\/title>\n<meta name=\"robots\" content=\"index, follow, max-snippet:-1, max-image-preview:large, max-video-preview:-1\" \/>\n<link rel=\"canonical\" href=\"https:\/\/miumjau.ee\/lv\/produkts\/smarzas-neitralizetajs-pakaisiem-ar-vanilu-un-meloni-400-g\/\" \/>\n<meta property=\"og:locale\" content=\"lv_LV\" \/>\n<meta property=\"og:type\" content=\"article\" \/>\n<meta property=\"og:title\" content=\"Smar\u017eas neitraliz\u0113t\u0101js pakai\u0161iem ar vani\u013cu un meloni, 400 g - MiuMjau\" \/>\n<meta property=\"og:description\" content=\"Smar\u017eas neitraliz\u0113jo\u0161ais pulveris paredz\u0113ts lieto\u0161anai ka\u0137u pakai\u0161os. Tas nov\u0113r\u0161 nepat\u012bkamas smakas un pagarina pakai\u0161u kalpo\u0161anas laiku. Pulveris kav\u0113 bakt\u0113riju izplat\u012b\u0161anos, kas savuk\u0101rt pal\u0113nina nepat\u012bkamu smaku veido\u0161anos. Izbaudi pat\u012bkamu arom\u0101tu un aizmirsti par ur\u012bna smaku. Lieto\u0161anas instrukcijaP\u0113c pakai\u0161u kastes iztuk\u0161o\u0161anas r\u016bp\u012bgi to izt\u012briet un nosusiniet. Ieb\u0113riet pietiekamu daudzumu jaunu pakai\u0161u un iemaisiet smar\u017eas neitraliz\u0113t\u0101ju. To var pievienot p\u0113c vajadz\u012bbas, atkar\u012bb\u0101 no pakai\u0161u st\u0101vok\u013ca. Viena iepakojuma pietiek l\u012bdz 20 lieto\u0161anas reiz\u0113m (aptuveni 3 m\u0113ne\u0161iem). Produktu var lietot ar jebkuriem ka\u0137u pakai\u0161iem un tas ir dro\u0161s. Daudzums: 400 gRa\u017eot\u0101js: Beaphar, N\u012bderlande\" \/>\n<meta property=\"og:url\" content=\"https:\/\/miumjau.ee\/lv\/produkts\/smarzas-neitralizetajs-pakaisiem-ar-vanilu-un-meloni-400-g\/\" \/>\n<meta property=\"og:site_name\" content=\"MiuMjau\" \/>\n<meta property=\"article:publisher\" content=\"https:\/\/www.facebook.com\/miumjaupood\/\" \/>\n<meta property=\"og:image\" content=\"https:\/\/miumjau.ee\/wp-content\/uploads\/2026\/04\/lohnaeemaldaja-beaphar-vanill2.jpg\" \/>\n\t<meta property=\"og:image:width\" content=\"600\" \/>\n\t<meta property=\"og:image:height\" content=\"800\" \/>\n\t<meta property=\"og:image:type\" content=\"image\/jpeg\" \/>\n<meta name=\"twitter:card\" content=\"summary_large_image\" \/>\n<script type=\"application\/ld+json\" class=\"yoast-schema-graph\">{\"@context\":\"https:\/\/schema.org\",\"@graph\":[{\"@type\":\"WebPage\",\"@id\":\"https:\/\/miumjau.ee\/lv\/produkts\/smarzas-neitralizetajs-pakaisiem-ar-vanilu-un-meloni-400-g\/\",\"url\":\"https:\/\/miumjau.ee\/lv\/produkts\/smarzas-neitralizetajs-pakaisiem-ar-vanilu-un-meloni-400-g\/\",\"name\":\"Smar\u017eas neitraliz\u0113t\u0101js pakai\u0161iem ar vani\u013cu un meloni, 400 g - MiuMjau\",\"isPartOf\":{\"@id\":\"https:\/\/miumjau.ee\/#website\"},\"primaryImageOfPage\":{\"@id\":\"https:\/\/miumjau.ee\/lv\/produkts\/smarzas-neitralizetajs-pakaisiem-ar-vanilu-un-meloni-400-g\/#primaryimage\"},\"image\":{\"@id\":\"https:\/\/miumjau.ee\/lv\/produkts\/smarzas-neitralizetajs-pakaisiem-ar-vanilu-un-meloni-400-g\/#primaryimage\"},\"thumbnailUrl\":\"https:\/\/miumjau.ee\/wp-content\/uploads\/2026\/04\/lohnaeemaldaja-beaphar-vanill2.jpg\",\"datePublished\":\"2026-04-12T08:15:59+00:00\",\"breadcrumb\":{\"@id\":\"https:\/\/miumjau.ee\/lv\/produkts\/smarzas-neitralizetajs-pakaisiem-ar-vanilu-un-meloni-400-g\/#breadcrumb\"},\"inLanguage\":\"lv-LV\",\"potentialAction\":[{\"@type\":\"ReadAction\",\"target\":[\"https:\/\/miumjau.ee\/lv\/produkts\/smarzas-neitralizetajs-pakaisiem-ar-vanilu-un-meloni-400-g\/\"]}]},{\"@type\":\"ImageObject\",\"inLanguage\":\"lv-LV\",\"@id\":\"https:\/\/miumjau.ee\/lv\/produkts\/smarzas-neitralizetajs-pakaisiem-ar-vanilu-un-meloni-400-g\/#primaryimage\",\"url\":\"https:\/\/miumjau.ee\/wp-content\/uploads\/2026\/04\/lohnaeemaldaja-beaphar-vanill2.jpg\",\"contentUrl\":\"https:\/\/miumjau.ee\/wp-content\/uploads\/2026\/04\/lohnaeemaldaja-beaphar-vanill2.jpg\",\"width\":600,\"height\":800,\"caption\":\"L\u00f5hnade neutraliseerija liivale vanilli ja meloniga, 400g\"},{\"@type\":\"BreadcrumbList\",\"@id\":\"https:\/\/miumjau.ee\/lv\/produkts\/smarzas-neitralizetajs-pakaisiem-ar-vanilu-un-meloni-400-g\/#breadcrumb\",\"itemListElement\":[{\"@type\":\"ListItem\",\"position\":1,\"name\":\"Home\",\"item\":\"https:\/\/miumjau.ee\/lv\/\"},{\"@type\":\"ListItem\",\"position\":2,\"name\":\"Veikals\",\"item\":\"https:\/\/miumjau.ee\/lv\/veikals\/\"},{\"@type\":\"ListItem\",\"position\":3,\"name\":\"Smar\u017eas neitraliz\u0113t\u0101js pakai\u0161iem ar vani\u013cu un meloni, 400 g\"}]},{\"@type\":\"WebSite\",\"@id\":\"https:\/\/miumjau.ee\/#website\",\"url\":\"https:\/\/miumjau.ee\/\",\"name\":\"MiuMjau\",\"description\":\"Kraapimispuud kassidele\",\"publisher\":{\"@id\":\"https:\/\/miumjau.ee\/#organization\"},\"potentialAction\":[{\"@type\":\"SearchAction\",\"target\":{\"@type\":\"EntryPoint\",\"urlTemplate\":\"https:\/\/miumjau.ee\/?s={search_term_string}\"},\"query-input\":{\"@type\":\"PropertyValueSpecification\",\"valueRequired\":true,\"valueName\":\"search_term_string\"}}],\"inLanguage\":\"lv-LV\"},{\"@type\":\"Organization\",\"@id\":\"https:\/\/miumjau.ee\/#organization\",\"name\":\"MiuMjau O\u00dc\",\"url\":\"https:\/\/miumjau.ee\/\",\"logo\":{\"@type\":\"ImageObject\",\"inLanguage\":\"lv-LV\",\"@id\":\"https:\/\/miumjau.ee\/#\/schema\/logo\/image\/\",\"url\":\"https:\/\/miumjau.ee\/wp-content\/uploads\/2022\/04\/MiuMjau-logo-kollane.png\",\"contentUrl\":\"https:\/\/miumjau.ee\/wp-content\/uploads\/2022\/04\/MiuMjau-logo-kollane.png\",\"width\":219,\"height\":100,\"caption\":\"MiuMjau O\u00dc\"},\"image\":{\"@id\":\"https:\/\/miumjau.ee\/#\/schema\/logo\/image\/\"},\"sameAs\":[\"https:\/\/www.facebook.com\/miumjaupood\/\"]}]}<\/script>\n<!-- \/ Yoast SEO plugin. -->","yoast_head_json":{"title":"Smar\u017eas neitraliz\u0113t\u0101js pakai\u0161iem ar vani\u013cu un meloni, 400 g - MiuMjau","robots":{"index":"index","follow":"follow","max-snippet":"max-snippet:-1","max-image-preview":"max-image-preview:large","max-video-preview":"max-video-preview:-1"},"canonical":"https:\/\/miumjau.ee\/lv\/produkts\/smarzas-neitralizetajs-pakaisiem-ar-vanilu-un-meloni-400-g\/","og_locale":"lv_LV","og_type":"article","og_title":"Smar\u017eas neitraliz\u0113t\u0101js pakai\u0161iem ar vani\u013cu un meloni, 400 g - MiuMjau","og_description":"Smar\u017eas neitraliz\u0113jo\u0161ais pulveris paredz\u0113ts lieto\u0161anai ka\u0137u pakai\u0161os. Tas nov\u0113r\u0161 nepat\u012bkamas smakas un pagarina pakai\u0161u kalpo\u0161anas laiku. Pulveris kav\u0113 bakt\u0113riju izplat\u012b\u0161anos, kas savuk\u0101rt pal\u0113nina nepat\u012bkamu smaku veido\u0161anos. Izbaudi pat\u012bkamu arom\u0101tu un aizmirsti par ur\u012bna smaku. Lieto\u0161anas instrukcijaP\u0113c pakai\u0161u kastes iztuk\u0161o\u0161anas r\u016bp\u012bgi to izt\u012briet un nosusiniet. Ieb\u0113riet pietiekamu daudzumu jaunu pakai\u0161u un iemaisiet smar\u017eas neitraliz\u0113t\u0101ju. To var pievienot p\u0113c vajadz\u012bbas, atkar\u012bb\u0101 no pakai\u0161u st\u0101vok\u013ca. Viena iepakojuma pietiek l\u012bdz 20 lieto\u0161anas reiz\u0113m (aptuveni 3 m\u0113ne\u0161iem). Produktu var lietot ar jebkuriem ka\u0137u pakai\u0161iem un tas ir dro\u0161s. Daudzums: 400 gRa\u017eot\u0101js: Beaphar, N\u012bderlande","og_url":"https:\/\/miumjau.ee\/lv\/produkts\/smarzas-neitralizetajs-pakaisiem-ar-vanilu-un-meloni-400-g\/","og_site_name":"MiuMjau","article_publisher":"https:\/\/www.facebook.com\/miumjaupood\/","og_image":[{"width":600,"height":800,"url":"https:\/\/miumjau.ee\/wp-content\/uploads\/2026\/04\/lohnaeemaldaja-beaphar-vanill2.jpg","type":"image\/jpeg"}],"twitter_card":"summary_large_image","schema":{"@context":"https:\/\/schema.org","@graph":[{"@type":"WebPage","@id":"https:\/\/miumjau.ee\/lv\/produkts\/smarzas-neitralizetajs-pakaisiem-ar-vanilu-un-meloni-400-g\/","url":"https:\/\/miumjau.ee\/lv\/produkts\/smarzas-neitralizetajs-pakaisiem-ar-vanilu-un-meloni-400-g\/","name":"Smar\u017eas neitraliz\u0113t\u0101js pakai\u0161iem ar vani\u013cu un meloni, 400 g - MiuMjau","isPartOf":{"@id":"https:\/\/miumjau.ee\/#website"},"primaryImageOfPage":{"@id":"https:\/\/miumjau.ee\/lv\/produkts\/smarzas-neitralizetajs-pakaisiem-ar-vanilu-un-meloni-400-g\/#primaryimage"},"image":{"@id":"https:\/\/miumjau.ee\/lv\/produkts\/smarzas-neitralizetajs-pakaisiem-ar-vanilu-un-meloni-400-g\/#primaryimage"},"thumbnailUrl":"https:\/\/miumjau.ee\/wp-content\/uploads\/2026\/04\/lohnaeemaldaja-beaphar-vanill2.jpg","datePublished":"2026-04-12T08:15:59+00:00","breadcrumb":{"@id":"https:\/\/miumjau.ee\/lv\/produkts\/smarzas-neitralizetajs-pakaisiem-ar-vanilu-un-meloni-400-g\/#breadcrumb"},"inLanguage":"lv-LV","potentialAction":[{"@type":"ReadAction","target":["https:\/\/miumjau.ee\/lv\/produkts\/smarzas-neitralizetajs-pakaisiem-ar-vanilu-un-meloni-400-g\/"]}]},{"@type":"ImageObject","inLanguage":"lv-LV","@id":"https:\/\/miumjau.ee\/lv\/produkts\/smarzas-neitralizetajs-pakaisiem-ar-vanilu-un-meloni-400-g\/#primaryimage","url":"https:\/\/miumjau.ee\/wp-content\/uploads\/2026\/04\/lohnaeemaldaja-beaphar-vanill2.jpg","contentUrl":"https:\/\/miumjau.ee\/wp-content\/uploads\/2026\/04\/lohnaeemaldaja-beaphar-vanill2.jpg","width":600,"height":800,"caption":"L\u00f5hnade neutraliseerija liivale vanilli ja meloniga, 400g"},{"@type":"BreadcrumbList","@id":"https:\/\/miumjau.ee\/lv\/produkts\/smarzas-neitralizetajs-pakaisiem-ar-vanilu-un-meloni-400-g\/#breadcrumb","itemListElement":[{"@type":"ListItem","position":1,"name":"Home","item":"https:\/\/miumjau.ee\/lv\/"},{"@type":"ListItem","position":2,"name":"Veikals","item":"https:\/\/miumjau.ee\/lv\/veikals\/"},{"@type":"ListItem","position":3,"name":"Smar\u017eas neitraliz\u0113t\u0101js pakai\u0161iem ar vani\u013cu un meloni, 400 g"}]},{"@type":"WebSite","@id":"https:\/\/miumjau.ee\/#website","url":"https:\/\/miumjau.ee\/","name":"MiuMjau","description":"Kraapimispuud kassidele","publisher":{"@id":"https:\/\/miumjau.ee\/#organization"},"potentialAction":[{"@type":"SearchAction","target":{"@type":"EntryPoint","urlTemplate":"https:\/\/miumjau.ee\/?s={search_term_string}"},"query-input":{"@type":"PropertyValueSpecification","valueRequired":true,"valueName":"search_term_string"}}],"inLanguage":"lv-LV"},{"@type":"Organization","@id":"https:\/\/miumjau.ee\/#organization","name":"MiuMjau O\u00dc","url":"https:\/\/miumjau.ee\/","logo":{"@type":"ImageObject","inLanguage":"lv-LV","@id":"https:\/\/miumjau.ee\/#\/schema\/logo\/image\/","url":"https:\/\/miumjau.ee\/wp-content\/uploads\/2022\/04\/MiuMjau-logo-kollane.png","contentUrl":"https:\/\/miumjau.ee\/wp-content\/uploads\/2022\/04\/MiuMjau-logo-kollane.png","width":219,"height":100,"caption":"MiuMjau O\u00dc"},"image":{"@id":"https:\/\/miumjau.ee\/#\/schema\/logo\/image\/"},"sameAs":["https:\/\/www.facebook.com\/miumjaupood\/"]}]}},"_links":{"self":[{"href":"https:\/\/miumjau.ee\/lv\/wp-json\/wp\/v2\/product\/57719","targetHints":{"allow":["GET"]}}],"collection":[{"href":"https:\/\/miumjau.ee\/lv\/wp-json\/wp\/v2\/product"}],"about":[{"href":"https:\/\/miumjau.ee\/lv\/wp-json\/wp\/v2\/types\/product"}],"wp:featuredmedia":[{"embeddable":true,"href":"https:\/\/miumjau.ee\/lv\/wp-json\/wp\/v2\/media\/57528"}],"wp:attachment":[{"href":"https:\/\/miumjau.ee\/lv\/wp-json\/wp\/v2\/media?parent=57719"}],"wp:term":[{"taxonomy":"product_brand","embeddable":true,"href":"https:\/\/miumjau.ee\/lv\/wp-json\/wp\/v2\/product_brand?post=57719"},{"taxonomy":"product_cat","embeddable":true,"href":"https:\/\/miumjau.ee\/lv\/wp-json\/wp\/v2\/product_cat?post=57719"},{"taxonomy":"product_tag","embeddable":true,"href":"https:\/\/miumjau.ee\/lv\/wp-json\/wp\/v2\/product_tag?post=57719"}],"curies":[{"name":"wp","href":"https:\/\/api.w.org\/{rel}","templated":true}]}}