{"id":57714,"date":"2026-04-12T11:20:40","date_gmt":"2026-04-12T08:20:40","guid":{"rendered":"https:\/\/miumjau.ee\/toode\/applaws-konservu-asorti-zivis-zeleja-12-x-70-g\/"},"modified":"2026-04-12T11:20:40","modified_gmt":"2026-04-12T08:20:40","slug":"applaws-konservu-asorti-zivis-zeleja-12-x-70-g","status":"publish","type":"product","link":"https:\/\/miumjau.ee\/lv\/produkts\/applaws-konservu-asorti-zivis-zeleja-12-x-70-g\/","title":{"rendered":"Applaws konservu asorti zivis \u017eelej\u0101, 12 x 70 g"},"content":{"rendered":"","protected":false},"excerpt":{"rendered":"<p data-start=\"2520\" data-end=\"2748\">Papildbar\u012bba ka\u0137iem, piln\u012bb\u0101 dab\u012bga un nesatur neko citu k\u0101 tikai uzskait\u012bt\u0101s sast\u0101vda\u013cas. Viens no ka\u0137u iecien\u012bt\u0101kajiem z\u012bmoliem!<br data-start=\"2650\" data-end=\"2653\" \/>Satur 12 konservus: 4 x tun\u010da fileja, 4 x tun\u010da fileja ar lasi, 4 x tun\u010da fileja ar j\u016brasz\u0101l\u0113m.<\/p>\n<p data-start=\"2750\" data-end=\"2907\">Ieteicam\u0101 dienas deva un baro\u0161anas nor\u0101d\u012bjumi<br data-start=\"2795\" data-end=\"2798\" \/>Baro\u0161anas vadl\u012bnijas atbilsto\u0161i ka\u0137a svaram: 0\u20133 kg: 1 konservs \/ 3\u20135 kg: 2 konservi \/ virs 5 kg: 3 konservi.<\/p>\n<p data-start=\"2909\" data-end=\"3223\">Sast\u0101vs:<br data-start=\"2917\" data-end=\"2920\" \/>4x Tun\u010da fileja: Tun\u010da fileja* 60 %, r\u012bsu milti*, augu izcelsmes \u017eelejveida viela.<br data-start=\"3002\" data-end=\"3005\" \/>4x Tun\u010da fileja ar lasi: Tun\u010da fileja* 55 %, lasis* 5 %, r\u012bsu milti*, augu izcelsmes \u017eelejveida viela.<br data-start=\"3107\" data-end=\"3110\" \/>4x Tun\u010da fileja ar j\u016brasz\u0101l\u0113m: Tun\u010da fileja* 56 %, j\u016brasz\u0101les* 4 %, r\u012bsu milti*, augu izcelsmes \u017eelejveida viela.<\/p>\n<p data-start=\"3225\" data-end=\"3532\">Anal\u012btisk\u0101s sast\u0101vda\u013cas:<br data-start=\"3249\" data-end=\"3252\" \/>Tun\u010da fileja: Prote\u012bns 13 %, \u0161\u0137iedrvielas 0,1 %, tauki 1 %, pelni 1 %, mitrums 84 %.<br data-start=\"3336\" data-end=\"3339\" \/>Tun\u010da fileja ar lasi: Prote\u012bns 12 %, \u0161\u0137iedrvielas 0,1 %, tauki 2 %, pelni 1 %, mitrums 84 %.<br data-start=\"3431\" data-end=\"3434\" \/>Tun\u010da fileja ar j\u016brasz\u0101l\u0113m: Prote\u012bns 12 %, \u0161\u0137iedrvielas 0,1 %, tauki 1 %, pelni 1 %, mitrums 85 %.<\/p>\n<p data-start=\"3534\" data-end=\"3697\">Uzglab\u0101\u0161anas nosac\u012bjumi<br data-start=\"3557\" data-end=\"3560\" \/>Uzglab\u0101t v\u0113s\u0101 un saus\u0101 viet\u0101. Vienm\u0113r nodro\u0161iniet t\u012bru un svaigu dzeramo \u016bdeni.<br data-start=\"3639\" data-end=\"3642\" \/>Der\u012bguma termi\u0146\u0161 un partijas nr.: skat\u012bt uz iepakojuma.<\/p>\n","protected":false},"featured_media":57536,"template":"","meta":[],"product_brand":[],"product_cat":[571],"product_tag":[],"class_list":{"0":"post-57714","1":"product","2":"type-product","3":"status-publish","4":"has-post-thumbnail","6":"product_cat-mitra-bariba","8":"first","9":"instock","10":"taxable","11":"shipping-taxable","12":"purchasable","13":"product-type-simple"},"yoast_head":"<!-- This site is optimized with the Yoast SEO plugin v27.2 - https:\/\/yoast.com\/product\/yoast-seo-wordpress\/ -->\n<title>Applaws konservu asorti zivis \u017eelej\u0101, 12 x 70 g - MiuMjau<\/title>\n<meta name=\"robots\" content=\"index, follow, max-snippet:-1, max-image-preview:large, max-video-preview:-1\" \/>\n<link rel=\"canonical\" href=\"https:\/\/miumjau.ee\/lv\/produkts\/applaws-konservu-asorti-zivis-zeleja-12-x-70-g\/\" \/>\n<meta property=\"og:locale\" content=\"lv_LV\" \/>\n<meta property=\"og:type\" content=\"article\" \/>\n<meta property=\"og:title\" content=\"Applaws konservu asorti zivis \u017eelej\u0101, 12 x 70 g - MiuMjau\" \/>\n<meta property=\"og:description\" content=\"Papildbar\u012bba ka\u0137iem, piln\u012bb\u0101 dab\u012bga un nesatur neko citu k\u0101 tikai uzskait\u012bt\u0101s sast\u0101vda\u013cas. Viens no ka\u0137u iecien\u012bt\u0101kajiem z\u012bmoliem!Satur 12 konservus: 4 x tun\u010da fileja, 4 x tun\u010da fileja ar lasi, 4 x tun\u010da fileja ar j\u016brasz\u0101l\u0113m. Ieteicam\u0101 dienas deva un baro\u0161anas nor\u0101d\u012bjumiBaro\u0161anas vadl\u012bnijas atbilsto\u0161i ka\u0137a svaram: 0\u20133 kg: 1 konservs \/ 3\u20135 kg: 2 konservi \/ virs 5 kg: 3 konservi. Sast\u0101vs:4x Tun\u010da fileja: Tun\u010da fileja* 60 %, r\u012bsu milti*, augu izcelsmes \u017eelejveida viela.4x Tun\u010da fileja ar lasi: Tun\u010da fileja* 55 %, lasis* 5 %, r\u012bsu milti*, augu izcelsmes \u017eelejveida viela.4x Tun\u010da fileja ar j\u016brasz\u0101l\u0113m: Tun\u010da fileja* 56 %, j\u016brasz\u0101les* 4 %, r\u012bsu milti*, augu izcelsmes \u017eelejveida viela. Anal\u012btisk\u0101s sast\u0101vda\u013cas:Tun\u010da fileja: Prote\u012bns 13 %, \u0161\u0137iedrvielas 0,1 %, tauki 1 %, pelni 1 %, mitrums 84 %.Tun\u010da fileja ar lasi: Prote\u012bns 12 %, \u0161\u0137iedrvielas 0,1 %, tauki 2 %, pelni 1 %, mitrums 84 %.Tun\u010da fileja ar j\u016brasz\u0101l\u0113m: Prote\u012bns 12 %, \u0161\u0137iedrvielas 0,1 %, tauki 1 %, pelni 1 %, mitrums 85 %. Uzglab\u0101\u0161anas nosac\u012bjumiUzglab\u0101t v\u0113s\u0101 un saus\u0101 viet\u0101. Vienm\u0113r nodro\u0161iniet t\u012bru un svaigu dzeramo \u016bdeni.Der\u012bguma termi\u0146\u0161 un partijas nr.: skat\u012bt uz iepakojuma.\" \/>\n<meta property=\"og:url\" content=\"https:\/\/miumjau.ee\/lv\/produkts\/applaws-konservu-asorti-zivis-zeleja-12-x-70-g\/\" \/>\n<meta property=\"og:site_name\" content=\"MiuMjau\" \/>\n<meta property=\"article:publisher\" content=\"https:\/\/www.facebook.com\/miumjaupood\/\" \/>\n<meta property=\"og:image\" content=\"https:\/\/miumjau.ee\/wp-content\/uploads\/2026\/04\/applaws-tuna-tarrendis-12x70g.jpg\" \/>\n\t<meta property=\"og:image:width\" content=\"600\" \/>\n\t<meta property=\"og:image:height\" content=\"800\" \/>\n\t<meta property=\"og:image:type\" content=\"image\/jpeg\" \/>\n<meta name=\"twitter:card\" content=\"summary_large_image\" \/>\n<script type=\"application\/ld+json\" class=\"yoast-schema-graph\">{\"@context\":\"https:\/\/schema.org\",\"@graph\":[{\"@type\":\"WebPage\",\"@id\":\"https:\/\/miumjau.ee\/lv\/produkts\/applaws-konservu-asorti-zivis-zeleja-12-x-70-g\/\",\"url\":\"https:\/\/miumjau.ee\/lv\/produkts\/applaws-konservu-asorti-zivis-zeleja-12-x-70-g\/\",\"name\":\"Applaws konservu asorti zivis \u017eelej\u0101, 12 x 70 g - MiuMjau\",\"isPartOf\":{\"@id\":\"https:\/\/miumjau.ee\/#website\"},\"primaryImageOfPage\":{\"@id\":\"https:\/\/miumjau.ee\/lv\/produkts\/applaws-konservu-asorti-zivis-zeleja-12-x-70-g\/#primaryimage\"},\"image\":{\"@id\":\"https:\/\/miumjau.ee\/lv\/produkts\/applaws-konservu-asorti-zivis-zeleja-12-x-70-g\/#primaryimage\"},\"thumbnailUrl\":\"https:\/\/miumjau.ee\/wp-content\/uploads\/2026\/04\/applaws-tuna-tarrendis-12x70g.jpg\",\"datePublished\":\"2026-04-12T08:20:40+00:00\",\"breadcrumb\":{\"@id\":\"https:\/\/miumjau.ee\/lv\/produkts\/applaws-konservu-asorti-zivis-zeleja-12-x-70-g\/#breadcrumb\"},\"inLanguage\":\"lv-LV\",\"potentialAction\":[{\"@type\":\"ReadAction\",\"target\":[\"https:\/\/miumjau.ee\/lv\/produkts\/applaws-konservu-asorti-zivis-zeleja-12-x-70-g\/\"]}]},{\"@type\":\"ImageObject\",\"inLanguage\":\"lv-LV\",\"@id\":\"https:\/\/miumjau.ee\/lv\/produkts\/applaws-konservu-asorti-zivis-zeleja-12-x-70-g\/#primaryimage\",\"url\":\"https:\/\/miumjau.ee\/wp-content\/uploads\/2026\/04\/applaws-tuna-tarrendis-12x70g.jpg\",\"contentUrl\":\"https:\/\/miumjau.ee\/wp-content\/uploads\/2026\/04\/applaws-tuna-tarrendis-12x70g.jpg\",\"width\":600,\"height\":800,\"caption\":\"Applaws konservide assortii kala tarrendis, 12x70g\"},{\"@type\":\"BreadcrumbList\",\"@id\":\"https:\/\/miumjau.ee\/lv\/produkts\/applaws-konservu-asorti-zivis-zeleja-12-x-70-g\/#breadcrumb\",\"itemListElement\":[{\"@type\":\"ListItem\",\"position\":1,\"name\":\"Home\",\"item\":\"https:\/\/miumjau.ee\/lv\/\"},{\"@type\":\"ListItem\",\"position\":2,\"name\":\"Veikals\",\"item\":\"https:\/\/miumjau.ee\/lv\/veikals\/\"},{\"@type\":\"ListItem\",\"position\":3,\"name\":\"Applaws konservu asorti zivis \u017eelej\u0101, 12 x 70 g\"}]},{\"@type\":\"WebSite\",\"@id\":\"https:\/\/miumjau.ee\/#website\",\"url\":\"https:\/\/miumjau.ee\/\",\"name\":\"MiuMjau\",\"description\":\"Kraapimispuud kassidele\",\"publisher\":{\"@id\":\"https:\/\/miumjau.ee\/#organization\"},\"potentialAction\":[{\"@type\":\"SearchAction\",\"target\":{\"@type\":\"EntryPoint\",\"urlTemplate\":\"https:\/\/miumjau.ee\/?s={search_term_string}\"},\"query-input\":{\"@type\":\"PropertyValueSpecification\",\"valueRequired\":true,\"valueName\":\"search_term_string\"}}],\"inLanguage\":\"lv-LV\"},{\"@type\":\"Organization\",\"@id\":\"https:\/\/miumjau.ee\/#organization\",\"name\":\"MiuMjau O\u00dc\",\"url\":\"https:\/\/miumjau.ee\/\",\"logo\":{\"@type\":\"ImageObject\",\"inLanguage\":\"lv-LV\",\"@id\":\"https:\/\/miumjau.ee\/#\/schema\/logo\/image\/\",\"url\":\"https:\/\/miumjau.ee\/wp-content\/uploads\/2022\/04\/MiuMjau-logo-kollane.png\",\"contentUrl\":\"https:\/\/miumjau.ee\/wp-content\/uploads\/2022\/04\/MiuMjau-logo-kollane.png\",\"width\":219,\"height\":100,\"caption\":\"MiuMjau O\u00dc\"},\"image\":{\"@id\":\"https:\/\/miumjau.ee\/#\/schema\/logo\/image\/\"},\"sameAs\":[\"https:\/\/www.facebook.com\/miumjaupood\/\"]}]}<\/script>\n<!-- \/ Yoast SEO plugin. -->","yoast_head_json":{"title":"Applaws konservu asorti zivis \u017eelej\u0101, 12 x 70 g - MiuMjau","robots":{"index":"index","follow":"follow","max-snippet":"max-snippet:-1","max-image-preview":"max-image-preview:large","max-video-preview":"max-video-preview:-1"},"canonical":"https:\/\/miumjau.ee\/lv\/produkts\/applaws-konservu-asorti-zivis-zeleja-12-x-70-g\/","og_locale":"lv_LV","og_type":"article","og_title":"Applaws konservu asorti zivis \u017eelej\u0101, 12 x 70 g - MiuMjau","og_description":"Papildbar\u012bba ka\u0137iem, piln\u012bb\u0101 dab\u012bga un nesatur neko citu k\u0101 tikai uzskait\u012bt\u0101s sast\u0101vda\u013cas. Viens no ka\u0137u iecien\u012bt\u0101kajiem z\u012bmoliem!Satur 12 konservus: 4 x tun\u010da fileja, 4 x tun\u010da fileja ar lasi, 4 x tun\u010da fileja ar j\u016brasz\u0101l\u0113m. Ieteicam\u0101 dienas deva un baro\u0161anas nor\u0101d\u012bjumiBaro\u0161anas vadl\u012bnijas atbilsto\u0161i ka\u0137a svaram: 0\u20133 kg: 1 konservs \/ 3\u20135 kg: 2 konservi \/ virs 5 kg: 3 konservi. Sast\u0101vs:4x Tun\u010da fileja: Tun\u010da fileja* 60 %, r\u012bsu milti*, augu izcelsmes \u017eelejveida viela.4x Tun\u010da fileja ar lasi: Tun\u010da fileja* 55 %, lasis* 5 %, r\u012bsu milti*, augu izcelsmes \u017eelejveida viela.4x Tun\u010da fileja ar j\u016brasz\u0101l\u0113m: Tun\u010da fileja* 56 %, j\u016brasz\u0101les* 4 %, r\u012bsu milti*, augu izcelsmes \u017eelejveida viela. Anal\u012btisk\u0101s sast\u0101vda\u013cas:Tun\u010da fileja: Prote\u012bns 13 %, \u0161\u0137iedrvielas 0,1 %, tauki 1 %, pelni 1 %, mitrums 84 %.Tun\u010da fileja ar lasi: Prote\u012bns 12 %, \u0161\u0137iedrvielas 0,1 %, tauki 2 %, pelni 1 %, mitrums 84 %.Tun\u010da fileja ar j\u016brasz\u0101l\u0113m: Prote\u012bns 12 %, \u0161\u0137iedrvielas 0,1 %, tauki 1 %, pelni 1 %, mitrums 85 %. Uzglab\u0101\u0161anas nosac\u012bjumiUzglab\u0101t v\u0113s\u0101 un saus\u0101 viet\u0101. Vienm\u0113r nodro\u0161iniet t\u012bru un svaigu dzeramo \u016bdeni.Der\u012bguma termi\u0146\u0161 un partijas nr.: skat\u012bt uz iepakojuma.","og_url":"https:\/\/miumjau.ee\/lv\/produkts\/applaws-konservu-asorti-zivis-zeleja-12-x-70-g\/","og_site_name":"MiuMjau","article_publisher":"https:\/\/www.facebook.com\/miumjaupood\/","og_image":[{"width":600,"height":800,"url":"https:\/\/miumjau.ee\/wp-content\/uploads\/2026\/04\/applaws-tuna-tarrendis-12x70g.jpg","type":"image\/jpeg"}],"twitter_card":"summary_large_image","schema":{"@context":"https:\/\/schema.org","@graph":[{"@type":"WebPage","@id":"https:\/\/miumjau.ee\/lv\/produkts\/applaws-konservu-asorti-zivis-zeleja-12-x-70-g\/","url":"https:\/\/miumjau.ee\/lv\/produkts\/applaws-konservu-asorti-zivis-zeleja-12-x-70-g\/","name":"Applaws konservu asorti zivis \u017eelej\u0101, 12 x 70 g - MiuMjau","isPartOf":{"@id":"https:\/\/miumjau.ee\/#website"},"primaryImageOfPage":{"@id":"https:\/\/miumjau.ee\/lv\/produkts\/applaws-konservu-asorti-zivis-zeleja-12-x-70-g\/#primaryimage"},"image":{"@id":"https:\/\/miumjau.ee\/lv\/produkts\/applaws-konservu-asorti-zivis-zeleja-12-x-70-g\/#primaryimage"},"thumbnailUrl":"https:\/\/miumjau.ee\/wp-content\/uploads\/2026\/04\/applaws-tuna-tarrendis-12x70g.jpg","datePublished":"2026-04-12T08:20:40+00:00","breadcrumb":{"@id":"https:\/\/miumjau.ee\/lv\/produkts\/applaws-konservu-asorti-zivis-zeleja-12-x-70-g\/#breadcrumb"},"inLanguage":"lv-LV","potentialAction":[{"@type":"ReadAction","target":["https:\/\/miumjau.ee\/lv\/produkts\/applaws-konservu-asorti-zivis-zeleja-12-x-70-g\/"]}]},{"@type":"ImageObject","inLanguage":"lv-LV","@id":"https:\/\/miumjau.ee\/lv\/produkts\/applaws-konservu-asorti-zivis-zeleja-12-x-70-g\/#primaryimage","url":"https:\/\/miumjau.ee\/wp-content\/uploads\/2026\/04\/applaws-tuna-tarrendis-12x70g.jpg","contentUrl":"https:\/\/miumjau.ee\/wp-content\/uploads\/2026\/04\/applaws-tuna-tarrendis-12x70g.jpg","width":600,"height":800,"caption":"Applaws konservide assortii kala tarrendis, 12x70g"},{"@type":"BreadcrumbList","@id":"https:\/\/miumjau.ee\/lv\/produkts\/applaws-konservu-asorti-zivis-zeleja-12-x-70-g\/#breadcrumb","itemListElement":[{"@type":"ListItem","position":1,"name":"Home","item":"https:\/\/miumjau.ee\/lv\/"},{"@type":"ListItem","position":2,"name":"Veikals","item":"https:\/\/miumjau.ee\/lv\/veikals\/"},{"@type":"ListItem","position":3,"name":"Applaws konservu asorti zivis \u017eelej\u0101, 12 x 70 g"}]},{"@type":"WebSite","@id":"https:\/\/miumjau.ee\/#website","url":"https:\/\/miumjau.ee\/","name":"MiuMjau","description":"Kraapimispuud kassidele","publisher":{"@id":"https:\/\/miumjau.ee\/#organization"},"potentialAction":[{"@type":"SearchAction","target":{"@type":"EntryPoint","urlTemplate":"https:\/\/miumjau.ee\/?s={search_term_string}"},"query-input":{"@type":"PropertyValueSpecification","valueRequired":true,"valueName":"search_term_string"}}],"inLanguage":"lv-LV"},{"@type":"Organization","@id":"https:\/\/miumjau.ee\/#organization","name":"MiuMjau O\u00dc","url":"https:\/\/miumjau.ee\/","logo":{"@type":"ImageObject","inLanguage":"lv-LV","@id":"https:\/\/miumjau.ee\/#\/schema\/logo\/image\/","url":"https:\/\/miumjau.ee\/wp-content\/uploads\/2022\/04\/MiuMjau-logo-kollane.png","contentUrl":"https:\/\/miumjau.ee\/wp-content\/uploads\/2022\/04\/MiuMjau-logo-kollane.png","width":219,"height":100,"caption":"MiuMjau O\u00dc"},"image":{"@id":"https:\/\/miumjau.ee\/#\/schema\/logo\/image\/"},"sameAs":["https:\/\/www.facebook.com\/miumjaupood\/"]}]}},"_links":{"self":[{"href":"https:\/\/miumjau.ee\/lv\/wp-json\/wp\/v2\/product\/57714","targetHints":{"allow":["GET"]}}],"collection":[{"href":"https:\/\/miumjau.ee\/lv\/wp-json\/wp\/v2\/product"}],"about":[{"href":"https:\/\/miumjau.ee\/lv\/wp-json\/wp\/v2\/types\/product"}],"wp:featuredmedia":[{"embeddable":true,"href":"https:\/\/miumjau.ee\/lv\/wp-json\/wp\/v2\/media\/57536"}],"wp:attachment":[{"href":"https:\/\/miumjau.ee\/lv\/wp-json\/wp\/v2\/media?parent=57714"}],"wp:term":[{"taxonomy":"product_brand","embeddable":true,"href":"https:\/\/miumjau.ee\/lv\/wp-json\/wp\/v2\/product_brand?post=57714"},{"taxonomy":"product_cat","embeddable":true,"href":"https:\/\/miumjau.ee\/lv\/wp-json\/wp\/v2\/product_cat?post=57714"},{"taxonomy":"product_tag","embeddable":true,"href":"https:\/\/miumjau.ee\/lv\/wp-json\/wp\/v2\/product_tag?post=57714"}],"curies":[{"name":"wp","href":"https:\/\/api.w.org\/{rel}","templated":true}]}}