{"id":57709,"date":"2026-04-12T13:55:19","date_gmt":"2026-04-12T10:55:19","guid":{"rendered":"https:\/\/miumjau.ee\/toode\/carnilove-crunchy-snack-ar-jeru-un-kazenem-50-g\/"},"modified":"2026-04-12T13:55:19","modified_gmt":"2026-04-12T10:55:19","slug":"carnilove-crunchy-snack-ar-jeru-un-kazenem-50-g","status":"publish","type":"product","link":"https:\/\/miumjau.ee\/lv\/produkts\/carnilove-crunchy-snack-ar-jeru-un-kazenem-50-g\/","title":{"rendered":"Carnilove Crunchy Snack ar j\u0113ru un kazen\u0113m, 50 g"},"content":{"rendered":"","protected":false},"excerpt":{"rendered":"<p data-start=\"3072\" data-end=\"3167\">Ar Carnilove \u012bpa\u0161i gardo k\u0101rumu vari iekarot sava ka\u0137a sirdi. Reiz\u0113m ar\u012b na\u0161\u0137o\u0161an\u0101s ir at\u013cauta.<\/p>\n<p data-start=\"3169\" data-end=\"3484\">Krauk\u0161\u0137\u012bgi gardumi ar j\u0113ra ga\u013cu \u2013 viegli sagremojams, augstas kvalit\u0101tes olbaltumvielu avots, piem\u0113rots jut\u012bgiem un istabas ka\u0137iem.<br data-start=\"3300\" data-end=\"3303\" \/>J\u0113ra ga\u013ca pal\u012bdz uztur\u0113t stabilu ener\u0123ijas l\u012bmeni un organisma visp\u0101r\u0113jo vitalit\u0101ti.<br data-start=\"3387\" data-end=\"3390\" \/>Kazenes nodro\u0161ina dabiskus antioksidantus, kas pal\u012bdz stiprin\u0101t organisma dabisko aizsardz\u012bbu.<\/p>\n<p data-start=\"3486\" data-end=\"3685\">Sast\u0101vs: J\u0113ra prote\u012bni (26 %), zir\u0146i, kartupe\u013cu ciete, zir\u0146u prote\u012bni, vistas tauki, s\u016bkalas, \u017e\u0101v\u0113ts \u0137irbis, hidroliz\u0113tas vistas aknas, lins\u0113klas, rap\u0161u e\u013c\u013ca, k\u0101lija hlor\u012bds, \u017e\u0101v\u0113tas kazenes (0,5 %).<\/p>\n<p data-start=\"3687\" data-end=\"3880\">Anal\u012btisk\u0101s sast\u0101vda\u013cas: Kopprote\u012bns 28,0 %, koptauki 14,0 %, pelni 9,0 %, \u0161\u0137iedrvielas 1,9 %, mitrums 10,0 %, kalcijs 1,8 %, fosfors 1,2 %, omega-3 tauksk\u0101bes 0,15 %, omega-6 tauksk\u0101bes 2,5 %.<\/p>\n<p data-start=\"3882\" data-end=\"3989\">Piedevas: Tehnolo\u0123isk\u0101s piedevas: tokoferolu ekstrakts no augu e\u013c\u013c\u0101m (1b306(i)), askorbilpalmit\u0101ts (1b304).<\/p>\n<p data-start=\"3991\" data-end=\"4043\">Metaboliz\u0113jam\u0101 ener\u0123ija: 3666 kcal\/kg (15338 kJ\/kg).<\/p>\n<p data-start=\"4045\" data-end=\"4391\">Baro\u0161anas ieteikumi: Dodiet k\u0101 gardumu vai balvu pozit\u012bvai motiv\u0101cijai. \u0145emiet v\u0113r\u0101, ka \u0161is produkts neaizst\u0101j pilnv\u0113rt\u012bgu bar\u012bbu. Vienm\u0113r nodro\u0161iniet svaigu dzeramo \u016bdeni. Ieteicam\u0101 dienas deva nor\u0101d\u012bta baro\u0161anas tabul\u0101. Nep\u0101rsniedziet daudzumu. Uzglab\u0101t v\u0113s\u0101 un saus\u0101 viet\u0101, pasarg\u0101t no tie\u0161iem saules stariem. Atv\u0113rtu iepakojumu cie\u0161i aizv\u0113rt.<\/p>\n<p data-start=\"4393\" data-end=\"4489\">Baro\u0161anas tabula<br data-start=\"4409\" data-end=\"4412\" \/>Ka\u0137a svars (kg) 1\u20132 3\u20134 4\u20136 Vair\u0101k par 6<br data-start=\"4452\" data-end=\"4455\" \/>Gardumu daudzums dien\u0101 5 8 10 15<\/p>\n","protected":false},"featured_media":57558,"template":"","meta":[],"product_brand":[],"product_cat":[570],"product_tag":[],"class_list":{"0":"post-57709","1":"product","2":"type-product","3":"status-publish","4":"has-post-thumbnail","6":"product_cat-naski","8":"first","9":"instock","10":"taxable","11":"shipping-taxable","12":"purchasable","13":"product-type-simple"},"yoast_head":"<!-- This site is optimized with the Yoast SEO plugin v27.4 - https:\/\/yoast.com\/product\/yoast-seo-wordpress\/ -->\n<title>Carnilove Crunchy Snack ar j\u0113ru un kazen\u0113m, 50 g - MiuMjau<\/title>\n<meta name=\"robots\" content=\"index, follow, max-snippet:-1, max-image-preview:large, max-video-preview:-1\" \/>\n<link rel=\"canonical\" href=\"https:\/\/miumjau.ee\/lv\/produkts\/carnilove-crunchy-snack-ar-jeru-un-kazenem-50-g\/\" \/>\n<meta property=\"og:locale\" content=\"lv_LV\" \/>\n<meta property=\"og:type\" content=\"article\" \/>\n<meta property=\"og:title\" content=\"Carnilove Crunchy Snack ar j\u0113ru un kazen\u0113m, 50 g - MiuMjau\" \/>\n<meta property=\"og:description\" content=\"Ar Carnilove \u012bpa\u0161i gardo k\u0101rumu vari iekarot sava ka\u0137a sirdi. Reiz\u0113m ar\u012b na\u0161\u0137o\u0161an\u0101s ir at\u013cauta. Krauk\u0161\u0137\u012bgi gardumi ar j\u0113ra ga\u013cu \u2013 viegli sagremojams, augstas kvalit\u0101tes olbaltumvielu avots, piem\u0113rots jut\u012bgiem un istabas ka\u0137iem.J\u0113ra ga\u013ca pal\u012bdz uztur\u0113t stabilu ener\u0123ijas l\u012bmeni un organisma visp\u0101r\u0113jo vitalit\u0101ti.Kazenes nodro\u0161ina dabiskus antioksidantus, kas pal\u012bdz stiprin\u0101t organisma dabisko aizsardz\u012bbu. Sast\u0101vs: J\u0113ra prote\u012bni (26 %), zir\u0146i, kartupe\u013cu ciete, zir\u0146u prote\u012bni, vistas tauki, s\u016bkalas, \u017e\u0101v\u0113ts \u0137irbis, hidroliz\u0113tas vistas aknas, lins\u0113klas, rap\u0161u e\u013c\u013ca, k\u0101lija hlor\u012bds, \u017e\u0101v\u0113tas kazenes (0,5 %). Anal\u012btisk\u0101s sast\u0101vda\u013cas: Kopprote\u012bns 28,0 %, koptauki 14,0 %, pelni 9,0 %, \u0161\u0137iedrvielas 1,9 %, mitrums 10,0 %, kalcijs 1,8 %, fosfors 1,2 %, omega-3 tauksk\u0101bes 0,15 %, omega-6 tauksk\u0101bes 2,5 %. Piedevas: Tehnolo\u0123isk\u0101s piedevas: tokoferolu ekstrakts no augu e\u013c\u013c\u0101m (1b306(i)), askorbilpalmit\u0101ts (1b304). Metaboliz\u0113jam\u0101 ener\u0123ija: 3666 kcal\/kg (15338 kJ\/kg). Baro\u0161anas ieteikumi: Dodiet k\u0101 gardumu vai balvu pozit\u012bvai motiv\u0101cijai. \u0145emiet v\u0113r\u0101, ka \u0161is produkts neaizst\u0101j pilnv\u0113rt\u012bgu bar\u012bbu. Vienm\u0113r nodro\u0161iniet svaigu dzeramo \u016bdeni. Ieteicam\u0101 dienas deva nor\u0101d\u012bta baro\u0161anas tabul\u0101. Nep\u0101rsniedziet daudzumu. Uzglab\u0101t v\u0113s\u0101 un saus\u0101 viet\u0101, pasarg\u0101t no tie\u0161iem saules stariem. Atv\u0113rtu iepakojumu cie\u0161i aizv\u0113rt. Baro\u0161anas tabulaKa\u0137a svars (kg) 1\u20132 3\u20134 4\u20136 Vair\u0101k par 6Gardumu daudzums dien\u0101 5 8 10 15\" \/>\n<meta property=\"og:url\" content=\"https:\/\/miumjau.ee\/lv\/produkts\/carnilove-crunchy-snack-ar-jeru-un-kazenem-50-g\/\" \/>\n<meta property=\"og:site_name\" content=\"MiuMjau\" \/>\n<meta property=\"article:publisher\" content=\"https:\/\/www.facebook.com\/miumjaupood\/\" \/>\n<meta property=\"og:image\" content=\"https:\/\/miumjau.ee\/wp-content\/uploads\/2026\/04\/CARNILOVE-Cat-CRUNCHY-Snack-Lamb-enriched-with-Blackberries_50G-1.jpg\" \/>\n\t<meta property=\"og:image:width\" content=\"600\" \/>\n\t<meta property=\"og:image:height\" content=\"800\" \/>\n\t<meta property=\"og:image:type\" content=\"image\/jpeg\" \/>\n<meta name=\"twitter:card\" content=\"summary_large_image\" \/>\n<script type=\"application\/ld+json\" class=\"yoast-schema-graph\">{\"@context\":\"https:\\\/\\\/schema.org\",\"@graph\":[{\"@type\":\"WebPage\",\"@id\":\"https:\\\/\\\/miumjau.ee\\\/lv\\\/produkts\\\/carnilove-crunchy-snack-ar-jeru-un-kazenem-50-g\\\/\",\"url\":\"https:\\\/\\\/miumjau.ee\\\/lv\\\/produkts\\\/carnilove-crunchy-snack-ar-jeru-un-kazenem-50-g\\\/\",\"name\":\"Carnilove Crunchy Snack ar j\u0113ru un kazen\u0113m, 50 g - MiuMjau\",\"isPartOf\":{\"@id\":\"https:\\\/\\\/miumjau.ee\\\/#website\"},\"primaryImageOfPage\":{\"@id\":\"https:\\\/\\\/miumjau.ee\\\/lv\\\/produkts\\\/carnilove-crunchy-snack-ar-jeru-un-kazenem-50-g\\\/#primaryimage\"},\"image\":{\"@id\":\"https:\\\/\\\/miumjau.ee\\\/lv\\\/produkts\\\/carnilove-crunchy-snack-ar-jeru-un-kazenem-50-g\\\/#primaryimage\"},\"thumbnailUrl\":\"https:\\\/\\\/miumjau.ee\\\/wp-content\\\/uploads\\\/2026\\\/04\\\/CARNILOVE-Cat-CRUNCHY-Snack-Lamb-enriched-with-Blackberries_50G-1.jpg\",\"datePublished\":\"2026-04-12T10:55:19+00:00\",\"breadcrumb\":{\"@id\":\"https:\\\/\\\/miumjau.ee\\\/lv\\\/produkts\\\/carnilove-crunchy-snack-ar-jeru-un-kazenem-50-g\\\/#breadcrumb\"},\"inLanguage\":\"lv-LV\",\"potentialAction\":[{\"@type\":\"ReadAction\",\"target\":[\"https:\\\/\\\/miumjau.ee\\\/lv\\\/produkts\\\/carnilove-crunchy-snack-ar-jeru-un-kazenem-50-g\\\/\"]}]},{\"@type\":\"ImageObject\",\"inLanguage\":\"lv-LV\",\"@id\":\"https:\\\/\\\/miumjau.ee\\\/lv\\\/produkts\\\/carnilove-crunchy-snack-ar-jeru-un-kazenem-50-g\\\/#primaryimage\",\"url\":\"https:\\\/\\\/miumjau.ee\\\/wp-content\\\/uploads\\\/2026\\\/04\\\/CARNILOVE-Cat-CRUNCHY-Snack-Lamb-enriched-with-Blackberries_50G-1.jpg\",\"contentUrl\":\"https:\\\/\\\/miumjau.ee\\\/wp-content\\\/uploads\\\/2026\\\/04\\\/CARNILOVE-Cat-CRUNCHY-Snack-Lamb-enriched-with-Blackberries_50G-1.jpg\",\"width\":600,\"height\":800,\"caption\":\"Carnilove Crunchy Snack lamba ja p\u00f5ldmarjaga, 50g\"},{\"@type\":\"BreadcrumbList\",\"@id\":\"https:\\\/\\\/miumjau.ee\\\/lv\\\/produkts\\\/carnilove-crunchy-snack-ar-jeru-un-kazenem-50-g\\\/#breadcrumb\",\"itemListElement\":[{\"@type\":\"ListItem\",\"position\":1,\"name\":\"Home\",\"item\":\"https:\\\/\\\/miumjau.ee\\\/lv\\\/\"},{\"@type\":\"ListItem\",\"position\":2,\"name\":\"Veikals\",\"item\":\"https:\\\/\\\/miumjau.ee\\\/lv\\\/veikals\\\/\"},{\"@type\":\"ListItem\",\"position\":3,\"name\":\"Carnilove Crunchy Snack ar j\u0113ru un kazen\u0113m, 50 g\"}]},{\"@type\":\"WebSite\",\"@id\":\"https:\\\/\\\/miumjau.ee\\\/#website\",\"url\":\"https:\\\/\\\/miumjau.ee\\\/\",\"name\":\"MiuMjau\",\"description\":\"Kraapimispuud kassidele\",\"publisher\":{\"@id\":\"https:\\\/\\\/miumjau.ee\\\/#organization\"},\"potentialAction\":[{\"@type\":\"SearchAction\",\"target\":{\"@type\":\"EntryPoint\",\"urlTemplate\":\"https:\\\/\\\/miumjau.ee\\\/?s={search_term_string}\"},\"query-input\":{\"@type\":\"PropertyValueSpecification\",\"valueRequired\":true,\"valueName\":\"search_term_string\"}}],\"inLanguage\":\"lv-LV\"},{\"@type\":\"Organization\",\"@id\":\"https:\\\/\\\/miumjau.ee\\\/#organization\",\"name\":\"MiuMjau O\u00dc\",\"url\":\"https:\\\/\\\/miumjau.ee\\\/\",\"logo\":{\"@type\":\"ImageObject\",\"inLanguage\":\"lv-LV\",\"@id\":\"https:\\\/\\\/miumjau.ee\\\/#\\\/schema\\\/logo\\\/image\\\/\",\"url\":\"https:\\\/\\\/miumjau.ee\\\/wp-content\\\/uploads\\\/2022\\\/04\\\/MiuMjau-logo-kollane.png\",\"contentUrl\":\"https:\\\/\\\/miumjau.ee\\\/wp-content\\\/uploads\\\/2022\\\/04\\\/MiuMjau-logo-kollane.png\",\"width\":219,\"height\":100,\"caption\":\"MiuMjau O\u00dc\"},\"image\":{\"@id\":\"https:\\\/\\\/miumjau.ee\\\/#\\\/schema\\\/logo\\\/image\\\/\"},\"sameAs\":[\"https:\\\/\\\/www.facebook.com\\\/miumjaupood\\\/\"]}]}<\/script>\n<!-- \/ Yoast SEO plugin. -->","yoast_head_json":{"title":"Carnilove Crunchy Snack ar j\u0113ru un kazen\u0113m, 50 g - MiuMjau","robots":{"index":"index","follow":"follow","max-snippet":"max-snippet:-1","max-image-preview":"max-image-preview:large","max-video-preview":"max-video-preview:-1"},"canonical":"https:\/\/miumjau.ee\/lv\/produkts\/carnilove-crunchy-snack-ar-jeru-un-kazenem-50-g\/","og_locale":"lv_LV","og_type":"article","og_title":"Carnilove Crunchy Snack ar j\u0113ru un kazen\u0113m, 50 g - MiuMjau","og_description":"Ar Carnilove \u012bpa\u0161i gardo k\u0101rumu vari iekarot sava ka\u0137a sirdi. Reiz\u0113m ar\u012b na\u0161\u0137o\u0161an\u0101s ir at\u013cauta. Krauk\u0161\u0137\u012bgi gardumi ar j\u0113ra ga\u013cu \u2013 viegli sagremojams, augstas kvalit\u0101tes olbaltumvielu avots, piem\u0113rots jut\u012bgiem un istabas ka\u0137iem.J\u0113ra ga\u013ca pal\u012bdz uztur\u0113t stabilu ener\u0123ijas l\u012bmeni un organisma visp\u0101r\u0113jo vitalit\u0101ti.Kazenes nodro\u0161ina dabiskus antioksidantus, kas pal\u012bdz stiprin\u0101t organisma dabisko aizsardz\u012bbu. Sast\u0101vs: J\u0113ra prote\u012bni (26 %), zir\u0146i, kartupe\u013cu ciete, zir\u0146u prote\u012bni, vistas tauki, s\u016bkalas, \u017e\u0101v\u0113ts \u0137irbis, hidroliz\u0113tas vistas aknas, lins\u0113klas, rap\u0161u e\u013c\u013ca, k\u0101lija hlor\u012bds, \u017e\u0101v\u0113tas kazenes (0,5 %). Anal\u012btisk\u0101s sast\u0101vda\u013cas: Kopprote\u012bns 28,0 %, koptauki 14,0 %, pelni 9,0 %, \u0161\u0137iedrvielas 1,9 %, mitrums 10,0 %, kalcijs 1,8 %, fosfors 1,2 %, omega-3 tauksk\u0101bes 0,15 %, omega-6 tauksk\u0101bes 2,5 %. Piedevas: Tehnolo\u0123isk\u0101s piedevas: tokoferolu ekstrakts no augu e\u013c\u013c\u0101m (1b306(i)), askorbilpalmit\u0101ts (1b304). Metaboliz\u0113jam\u0101 ener\u0123ija: 3666 kcal\/kg (15338 kJ\/kg). Baro\u0161anas ieteikumi: Dodiet k\u0101 gardumu vai balvu pozit\u012bvai motiv\u0101cijai. \u0145emiet v\u0113r\u0101, ka \u0161is produkts neaizst\u0101j pilnv\u0113rt\u012bgu bar\u012bbu. Vienm\u0113r nodro\u0161iniet svaigu dzeramo \u016bdeni. Ieteicam\u0101 dienas deva nor\u0101d\u012bta baro\u0161anas tabul\u0101. Nep\u0101rsniedziet daudzumu. Uzglab\u0101t v\u0113s\u0101 un saus\u0101 viet\u0101, pasarg\u0101t no tie\u0161iem saules stariem. Atv\u0113rtu iepakojumu cie\u0161i aizv\u0113rt. Baro\u0161anas tabulaKa\u0137a svars (kg) 1\u20132 3\u20134 4\u20136 Vair\u0101k par 6Gardumu daudzums dien\u0101 5 8 10 15","og_url":"https:\/\/miumjau.ee\/lv\/produkts\/carnilove-crunchy-snack-ar-jeru-un-kazenem-50-g\/","og_site_name":"MiuMjau","article_publisher":"https:\/\/www.facebook.com\/miumjaupood\/","og_image":[{"width":600,"height":800,"url":"https:\/\/miumjau.ee\/wp-content\/uploads\/2026\/04\/CARNILOVE-Cat-CRUNCHY-Snack-Lamb-enriched-with-Blackberries_50G-1.jpg","type":"image\/jpeg"}],"twitter_card":"summary_large_image","schema":{"@context":"https:\/\/schema.org","@graph":[{"@type":"WebPage","@id":"https:\/\/miumjau.ee\/lv\/produkts\/carnilove-crunchy-snack-ar-jeru-un-kazenem-50-g\/","url":"https:\/\/miumjau.ee\/lv\/produkts\/carnilove-crunchy-snack-ar-jeru-un-kazenem-50-g\/","name":"Carnilove Crunchy Snack ar j\u0113ru un kazen\u0113m, 50 g - MiuMjau","isPartOf":{"@id":"https:\/\/miumjau.ee\/#website"},"primaryImageOfPage":{"@id":"https:\/\/miumjau.ee\/lv\/produkts\/carnilove-crunchy-snack-ar-jeru-un-kazenem-50-g\/#primaryimage"},"image":{"@id":"https:\/\/miumjau.ee\/lv\/produkts\/carnilove-crunchy-snack-ar-jeru-un-kazenem-50-g\/#primaryimage"},"thumbnailUrl":"https:\/\/miumjau.ee\/wp-content\/uploads\/2026\/04\/CARNILOVE-Cat-CRUNCHY-Snack-Lamb-enriched-with-Blackberries_50G-1.jpg","datePublished":"2026-04-12T10:55:19+00:00","breadcrumb":{"@id":"https:\/\/miumjau.ee\/lv\/produkts\/carnilove-crunchy-snack-ar-jeru-un-kazenem-50-g\/#breadcrumb"},"inLanguage":"lv-LV","potentialAction":[{"@type":"ReadAction","target":["https:\/\/miumjau.ee\/lv\/produkts\/carnilove-crunchy-snack-ar-jeru-un-kazenem-50-g\/"]}]},{"@type":"ImageObject","inLanguage":"lv-LV","@id":"https:\/\/miumjau.ee\/lv\/produkts\/carnilove-crunchy-snack-ar-jeru-un-kazenem-50-g\/#primaryimage","url":"https:\/\/miumjau.ee\/wp-content\/uploads\/2026\/04\/CARNILOVE-Cat-CRUNCHY-Snack-Lamb-enriched-with-Blackberries_50G-1.jpg","contentUrl":"https:\/\/miumjau.ee\/wp-content\/uploads\/2026\/04\/CARNILOVE-Cat-CRUNCHY-Snack-Lamb-enriched-with-Blackberries_50G-1.jpg","width":600,"height":800,"caption":"Carnilove Crunchy Snack lamba ja p\u00f5ldmarjaga, 50g"},{"@type":"BreadcrumbList","@id":"https:\/\/miumjau.ee\/lv\/produkts\/carnilove-crunchy-snack-ar-jeru-un-kazenem-50-g\/#breadcrumb","itemListElement":[{"@type":"ListItem","position":1,"name":"Home","item":"https:\/\/miumjau.ee\/lv\/"},{"@type":"ListItem","position":2,"name":"Veikals","item":"https:\/\/miumjau.ee\/lv\/veikals\/"},{"@type":"ListItem","position":3,"name":"Carnilove Crunchy Snack ar j\u0113ru un kazen\u0113m, 50 g"}]},{"@type":"WebSite","@id":"https:\/\/miumjau.ee\/#website","url":"https:\/\/miumjau.ee\/","name":"MiuMjau","description":"Kraapimispuud kassidele","publisher":{"@id":"https:\/\/miumjau.ee\/#organization"},"potentialAction":[{"@type":"SearchAction","target":{"@type":"EntryPoint","urlTemplate":"https:\/\/miumjau.ee\/?s={search_term_string}"},"query-input":{"@type":"PropertyValueSpecification","valueRequired":true,"valueName":"search_term_string"}}],"inLanguage":"lv-LV"},{"@type":"Organization","@id":"https:\/\/miumjau.ee\/#organization","name":"MiuMjau O\u00dc","url":"https:\/\/miumjau.ee\/","logo":{"@type":"ImageObject","inLanguage":"lv-LV","@id":"https:\/\/miumjau.ee\/#\/schema\/logo\/image\/","url":"https:\/\/miumjau.ee\/wp-content\/uploads\/2022\/04\/MiuMjau-logo-kollane.png","contentUrl":"https:\/\/miumjau.ee\/wp-content\/uploads\/2022\/04\/MiuMjau-logo-kollane.png","width":219,"height":100,"caption":"MiuMjau O\u00dc"},"image":{"@id":"https:\/\/miumjau.ee\/#\/schema\/logo\/image\/"},"sameAs":["https:\/\/www.facebook.com\/miumjaupood\/"]}]}},"_links":{"self":[{"href":"https:\/\/miumjau.ee\/lv\/wp-json\/wp\/v2\/product\/57709","targetHints":{"allow":["GET"]}}],"collection":[{"href":"https:\/\/miumjau.ee\/lv\/wp-json\/wp\/v2\/product"}],"about":[{"href":"https:\/\/miumjau.ee\/lv\/wp-json\/wp\/v2\/types\/product"}],"wp:featuredmedia":[{"embeddable":true,"href":"https:\/\/miumjau.ee\/lv\/wp-json\/wp\/v2\/media\/57558"}],"wp:attachment":[{"href":"https:\/\/miumjau.ee\/lv\/wp-json\/wp\/v2\/media?parent=57709"}],"wp:term":[{"taxonomy":"product_brand","embeddable":true,"href":"https:\/\/miumjau.ee\/lv\/wp-json\/wp\/v2\/product_brand?post=57709"},{"taxonomy":"product_cat","embeddable":true,"href":"https:\/\/miumjau.ee\/lv\/wp-json\/wp\/v2\/product_cat?post=57709"},{"taxonomy":"product_tag","embeddable":true,"href":"https:\/\/miumjau.ee\/lv\/wp-json\/wp\/v2\/product_tag?post=57709"}],"curies":[{"name":"wp","href":"https:\/\/api.w.org\/{rel}","templated":true}]}}