{"id":57704,"date":"2026-04-12T13:59:39","date_gmt":"2026-04-12T10:59:39","guid":{"rendered":"https:\/\/miumjau.ee\/toode\/carnilove-crunchy-snack-ar-pili-un-avenem-50-g\/"},"modified":"2026-04-12T13:59:39","modified_gmt":"2026-04-12T10:59:39","slug":"carnilove-crunchy-snack-ar-pili-un-avenem-50-g","status":"publish","type":"product","link":"https:\/\/miumjau.ee\/lv\/produkts\/carnilove-crunchy-snack-ar-pili-un-avenem-50-g\/","title":{"rendered":"Carnilove Crunchy Snack ar p\u012bli un aven\u0113m, 50 g"},"content":{"rendered":"","protected":false},"excerpt":{"rendered":"<p data-start=\"3065\" data-end=\"3197\">Ar Carnilove \u012bpa\u0161i gardo k\u0101rumu vari iekarot sava ka\u0137a sirdi. Krauk\u0161\u0137\u012bgs gardums, kas noteikti k\u013c\u016bs par tava ka\u0137a jauno iecien\u012bt\u0101ko.<\/p>\n<p data-start=\"3199\" data-end=\"3487\">Krauk\u0161\u0137\u012bgi gardumi ar p\u012bli \u2013 olbaltumviel\u0101m bag\u0101ts, augstas kvalit\u0101tes na\u0161\u0137is izv\u0113l\u012bgiem un akt\u012bviem ka\u0137iem.<br data-start=\"3307\" data-end=\"3310\" \/>P\u012bles ga\u013ca pal\u012bdz uztur\u0113t musku\u013cu st\u0101vokli un ikdienas vitalit\u0101ti.<br data-start=\"3376\" data-end=\"3379\" \/>Avenes nodro\u0161ina dabiskus antioksidantus, kas pal\u012bdz stiprin\u0101t imunit\u0101ti un organisma visp\u0101r\u0113jo aizsardz\u012bbu.<\/p>\n<p data-start=\"3489\" data-end=\"3688\">Sast\u0101vs: P\u012bles prote\u012bni (26 %), zir\u0146i, kartupe\u013cu ciete, zir\u0146u prote\u012bni, vistas tauki, s\u016bkalas, \u017e\u0101v\u0113ts \u0137irbis, hidroliz\u0113tas vistas aknas, lins\u0113klas, rap\u0161u e\u013c\u013ca, k\u0101lija hlor\u012bds, \u017e\u0101v\u0113tas avenes (0,5 %).<\/p>\n<p data-start=\"3690\" data-end=\"3883\">Anal\u012btisk\u0101s sast\u0101vda\u013cas: Kopprote\u012bns 29,0 %, koptauki 14,0 %, pelni 7,5 %, \u0161\u0137iedrvielas 2,0 %, mitrums 10,0 %, kalcijs 1,6 %, fosfors 1,1 %, omega-3 tauksk\u0101bes 0,15 %, omega-6 tauksk\u0101bes 2,8 %.<\/p>\n<p data-start=\"3885\" data-end=\"3992\">Piedevas: Tehnolo\u0123isk\u0101s piedevas: tokoferolu ekstrakts no augu e\u013c\u013c\u0101m (1b306(i)), askorbilpalmit\u0101ts (1b304).<\/p>\n<p data-start=\"3994\" data-end=\"4046\">Metaboliz\u0113jam\u0101 ener\u0123ija: 3720 kcal\/kg (15566 kJ\/kg).<\/p>\n<p data-start=\"4048\" data-end=\"4394\">Baro\u0161anas ieteikumi: Dodiet k\u0101 gardumu vai balvu pozit\u012bvai motiv\u0101cijai. \u0145emiet v\u0113r\u0101, ka \u0161is produkts neaizst\u0101j pilnv\u0113rt\u012bgu bar\u012bbu. Vienm\u0113r nodro\u0161iniet svaigu dzeramo \u016bdeni. Ieteicam\u0101 dienas deva nor\u0101d\u012bta baro\u0161anas tabul\u0101. Nep\u0101rsniedziet daudzumu. Uzglab\u0101t v\u0113s\u0101 un saus\u0101 viet\u0101, pasarg\u0101t no tie\u0161iem saules stariem. Atv\u0113rtu iepakojumu cie\u0161i aizv\u0113rt.<\/p>\n<p data-start=\"4396\" data-end=\"4492\">Baro\u0161anas tabula<br data-start=\"4412\" data-end=\"4415\" \/>Ka\u0137a svars (kg) 1\u20132 3\u20134 4\u20136 Vair\u0101k par 6<br data-start=\"4455\" data-end=\"4458\" \/>Gardumu daudzums dien\u0101 5 8 10 15<\/p>\n","protected":false},"featured_media":57552,"template":"","meta":[],"product_brand":[],"product_cat":[570],"product_tag":[],"class_list":{"0":"post-57704","1":"product","2":"type-product","3":"status-publish","4":"has-post-thumbnail","6":"product_cat-naski","8":"first","9":"instock","10":"taxable","11":"shipping-taxable","12":"purchasable","13":"product-type-simple"},"yoast_head":"<!-- This site is optimized with the Yoast SEO plugin v27.4 - https:\/\/yoast.com\/product\/yoast-seo-wordpress\/ -->\n<title>Carnilove Crunchy Snack ar p\u012bli un aven\u0113m, 50 g - MiuMjau<\/title>\n<meta name=\"robots\" content=\"index, follow, max-snippet:-1, max-image-preview:large, max-video-preview:-1\" \/>\n<link rel=\"canonical\" href=\"https:\/\/miumjau.ee\/lv\/produkts\/carnilove-crunchy-snack-ar-pili-un-avenem-50-g\/\" \/>\n<meta property=\"og:locale\" content=\"lv_LV\" \/>\n<meta property=\"og:type\" content=\"article\" \/>\n<meta property=\"og:title\" content=\"Carnilove Crunchy Snack ar p\u012bli un aven\u0113m, 50 g - MiuMjau\" \/>\n<meta property=\"og:description\" content=\"Ar Carnilove \u012bpa\u0161i gardo k\u0101rumu vari iekarot sava ka\u0137a sirdi. Krauk\u0161\u0137\u012bgs gardums, kas noteikti k\u013c\u016bs par tava ka\u0137a jauno iecien\u012bt\u0101ko. Krauk\u0161\u0137\u012bgi gardumi ar p\u012bli \u2013 olbaltumviel\u0101m bag\u0101ts, augstas kvalit\u0101tes na\u0161\u0137is izv\u0113l\u012bgiem un akt\u012bviem ka\u0137iem.P\u012bles ga\u013ca pal\u012bdz uztur\u0113t musku\u013cu st\u0101vokli un ikdienas vitalit\u0101ti.Avenes nodro\u0161ina dabiskus antioksidantus, kas pal\u012bdz stiprin\u0101t imunit\u0101ti un organisma visp\u0101r\u0113jo aizsardz\u012bbu. Sast\u0101vs: P\u012bles prote\u012bni (26 %), zir\u0146i, kartupe\u013cu ciete, zir\u0146u prote\u012bni, vistas tauki, s\u016bkalas, \u017e\u0101v\u0113ts \u0137irbis, hidroliz\u0113tas vistas aknas, lins\u0113klas, rap\u0161u e\u013c\u013ca, k\u0101lija hlor\u012bds, \u017e\u0101v\u0113tas avenes (0,5 %). Anal\u012btisk\u0101s sast\u0101vda\u013cas: Kopprote\u012bns 29,0 %, koptauki 14,0 %, pelni 7,5 %, \u0161\u0137iedrvielas 2,0 %, mitrums 10,0 %, kalcijs 1,6 %, fosfors 1,1 %, omega-3 tauksk\u0101bes 0,15 %, omega-6 tauksk\u0101bes 2,8 %. Piedevas: Tehnolo\u0123isk\u0101s piedevas: tokoferolu ekstrakts no augu e\u013c\u013c\u0101m (1b306(i)), askorbilpalmit\u0101ts (1b304). Metaboliz\u0113jam\u0101 ener\u0123ija: 3720 kcal\/kg (15566 kJ\/kg). Baro\u0161anas ieteikumi: Dodiet k\u0101 gardumu vai balvu pozit\u012bvai motiv\u0101cijai. \u0145emiet v\u0113r\u0101, ka \u0161is produkts neaizst\u0101j pilnv\u0113rt\u012bgu bar\u012bbu. Vienm\u0113r nodro\u0161iniet svaigu dzeramo \u016bdeni. Ieteicam\u0101 dienas deva nor\u0101d\u012bta baro\u0161anas tabul\u0101. Nep\u0101rsniedziet daudzumu. Uzglab\u0101t v\u0113s\u0101 un saus\u0101 viet\u0101, pasarg\u0101t no tie\u0161iem saules stariem. Atv\u0113rtu iepakojumu cie\u0161i aizv\u0113rt. Baro\u0161anas tabulaKa\u0137a svars (kg) 1\u20132 3\u20134 4\u20136 Vair\u0101k par 6Gardumu daudzums dien\u0101 5 8 10 15\" \/>\n<meta property=\"og:url\" content=\"https:\/\/miumjau.ee\/lv\/produkts\/carnilove-crunchy-snack-ar-pili-un-avenem-50-g\/\" \/>\n<meta property=\"og:site_name\" content=\"MiuMjau\" \/>\n<meta property=\"article:publisher\" content=\"https:\/\/www.facebook.com\/miumjaupood\/\" \/>\n<meta property=\"og:image\" content=\"https:\/\/miumjau.ee\/wp-content\/uploads\/2026\/04\/CARNILOVE-Cat-CRUNCHY-Snack-Duck-enriched-with-Raspberries_50G-1.jpg\" \/>\n\t<meta property=\"og:image:width\" content=\"600\" \/>\n\t<meta property=\"og:image:height\" content=\"800\" \/>\n\t<meta property=\"og:image:type\" content=\"image\/jpeg\" \/>\n<meta name=\"twitter:card\" content=\"summary_large_image\" \/>\n<script type=\"application\/ld+json\" class=\"yoast-schema-graph\">{\"@context\":\"https:\\\/\\\/schema.org\",\"@graph\":[{\"@type\":\"WebPage\",\"@id\":\"https:\\\/\\\/miumjau.ee\\\/lv\\\/produkts\\\/carnilove-crunchy-snack-ar-pili-un-avenem-50-g\\\/\",\"url\":\"https:\\\/\\\/miumjau.ee\\\/lv\\\/produkts\\\/carnilove-crunchy-snack-ar-pili-un-avenem-50-g\\\/\",\"name\":\"Carnilove Crunchy Snack ar p\u012bli un aven\u0113m, 50 g - MiuMjau\",\"isPartOf\":{\"@id\":\"https:\\\/\\\/miumjau.ee\\\/#website\"},\"primaryImageOfPage\":{\"@id\":\"https:\\\/\\\/miumjau.ee\\\/lv\\\/produkts\\\/carnilove-crunchy-snack-ar-pili-un-avenem-50-g\\\/#primaryimage\"},\"image\":{\"@id\":\"https:\\\/\\\/miumjau.ee\\\/lv\\\/produkts\\\/carnilove-crunchy-snack-ar-pili-un-avenem-50-g\\\/#primaryimage\"},\"thumbnailUrl\":\"https:\\\/\\\/miumjau.ee\\\/wp-content\\\/uploads\\\/2026\\\/04\\\/CARNILOVE-Cat-CRUNCHY-Snack-Duck-enriched-with-Raspberries_50G-1.jpg\",\"datePublished\":\"2026-04-12T10:59:39+00:00\",\"breadcrumb\":{\"@id\":\"https:\\\/\\\/miumjau.ee\\\/lv\\\/produkts\\\/carnilove-crunchy-snack-ar-pili-un-avenem-50-g\\\/#breadcrumb\"},\"inLanguage\":\"lv-LV\",\"potentialAction\":[{\"@type\":\"ReadAction\",\"target\":[\"https:\\\/\\\/miumjau.ee\\\/lv\\\/produkts\\\/carnilove-crunchy-snack-ar-pili-un-avenem-50-g\\\/\"]}]},{\"@type\":\"ImageObject\",\"inLanguage\":\"lv-LV\",\"@id\":\"https:\\\/\\\/miumjau.ee\\\/lv\\\/produkts\\\/carnilove-crunchy-snack-ar-pili-un-avenem-50-g\\\/#primaryimage\",\"url\":\"https:\\\/\\\/miumjau.ee\\\/wp-content\\\/uploads\\\/2026\\\/04\\\/CARNILOVE-Cat-CRUNCHY-Snack-Duck-enriched-with-Raspberries_50G-1.jpg\",\"contentUrl\":\"https:\\\/\\\/miumjau.ee\\\/wp-content\\\/uploads\\\/2026\\\/04\\\/CARNILOVE-Cat-CRUNCHY-Snack-Duck-enriched-with-Raspberries_50G-1.jpg\",\"width\":600,\"height\":800,\"caption\":\"Carnilove Crunchy Snack pardi ja vaarikatega, 50g\"},{\"@type\":\"BreadcrumbList\",\"@id\":\"https:\\\/\\\/miumjau.ee\\\/lv\\\/produkts\\\/carnilove-crunchy-snack-ar-pili-un-avenem-50-g\\\/#breadcrumb\",\"itemListElement\":[{\"@type\":\"ListItem\",\"position\":1,\"name\":\"Home\",\"item\":\"https:\\\/\\\/miumjau.ee\\\/lv\\\/\"},{\"@type\":\"ListItem\",\"position\":2,\"name\":\"Veikals\",\"item\":\"https:\\\/\\\/miumjau.ee\\\/lv\\\/veikals\\\/\"},{\"@type\":\"ListItem\",\"position\":3,\"name\":\"Carnilove Crunchy Snack ar p\u012bli un aven\u0113m, 50 g\"}]},{\"@type\":\"WebSite\",\"@id\":\"https:\\\/\\\/miumjau.ee\\\/#website\",\"url\":\"https:\\\/\\\/miumjau.ee\\\/\",\"name\":\"MiuMjau\",\"description\":\"Kraapimispuud kassidele\",\"publisher\":{\"@id\":\"https:\\\/\\\/miumjau.ee\\\/#organization\"},\"potentialAction\":[{\"@type\":\"SearchAction\",\"target\":{\"@type\":\"EntryPoint\",\"urlTemplate\":\"https:\\\/\\\/miumjau.ee\\\/?s={search_term_string}\"},\"query-input\":{\"@type\":\"PropertyValueSpecification\",\"valueRequired\":true,\"valueName\":\"search_term_string\"}}],\"inLanguage\":\"lv-LV\"},{\"@type\":\"Organization\",\"@id\":\"https:\\\/\\\/miumjau.ee\\\/#organization\",\"name\":\"MiuMjau O\u00dc\",\"url\":\"https:\\\/\\\/miumjau.ee\\\/\",\"logo\":{\"@type\":\"ImageObject\",\"inLanguage\":\"lv-LV\",\"@id\":\"https:\\\/\\\/miumjau.ee\\\/#\\\/schema\\\/logo\\\/image\\\/\",\"url\":\"https:\\\/\\\/miumjau.ee\\\/wp-content\\\/uploads\\\/2022\\\/04\\\/MiuMjau-logo-kollane.png\",\"contentUrl\":\"https:\\\/\\\/miumjau.ee\\\/wp-content\\\/uploads\\\/2022\\\/04\\\/MiuMjau-logo-kollane.png\",\"width\":219,\"height\":100,\"caption\":\"MiuMjau O\u00dc\"},\"image\":{\"@id\":\"https:\\\/\\\/miumjau.ee\\\/#\\\/schema\\\/logo\\\/image\\\/\"},\"sameAs\":[\"https:\\\/\\\/www.facebook.com\\\/miumjaupood\\\/\"]}]}<\/script>\n<!-- \/ Yoast SEO plugin. -->","yoast_head_json":{"title":"Carnilove Crunchy Snack ar p\u012bli un aven\u0113m, 50 g - MiuMjau","robots":{"index":"index","follow":"follow","max-snippet":"max-snippet:-1","max-image-preview":"max-image-preview:large","max-video-preview":"max-video-preview:-1"},"canonical":"https:\/\/miumjau.ee\/lv\/produkts\/carnilove-crunchy-snack-ar-pili-un-avenem-50-g\/","og_locale":"lv_LV","og_type":"article","og_title":"Carnilove Crunchy Snack ar p\u012bli un aven\u0113m, 50 g - MiuMjau","og_description":"Ar Carnilove \u012bpa\u0161i gardo k\u0101rumu vari iekarot sava ka\u0137a sirdi. Krauk\u0161\u0137\u012bgs gardums, kas noteikti k\u013c\u016bs par tava ka\u0137a jauno iecien\u012bt\u0101ko. Krauk\u0161\u0137\u012bgi gardumi ar p\u012bli \u2013 olbaltumviel\u0101m bag\u0101ts, augstas kvalit\u0101tes na\u0161\u0137is izv\u0113l\u012bgiem un akt\u012bviem ka\u0137iem.P\u012bles ga\u013ca pal\u012bdz uztur\u0113t musku\u013cu st\u0101vokli un ikdienas vitalit\u0101ti.Avenes nodro\u0161ina dabiskus antioksidantus, kas pal\u012bdz stiprin\u0101t imunit\u0101ti un organisma visp\u0101r\u0113jo aizsardz\u012bbu. Sast\u0101vs: P\u012bles prote\u012bni (26 %), zir\u0146i, kartupe\u013cu ciete, zir\u0146u prote\u012bni, vistas tauki, s\u016bkalas, \u017e\u0101v\u0113ts \u0137irbis, hidroliz\u0113tas vistas aknas, lins\u0113klas, rap\u0161u e\u013c\u013ca, k\u0101lija hlor\u012bds, \u017e\u0101v\u0113tas avenes (0,5 %). Anal\u012btisk\u0101s sast\u0101vda\u013cas: Kopprote\u012bns 29,0 %, koptauki 14,0 %, pelni 7,5 %, \u0161\u0137iedrvielas 2,0 %, mitrums 10,0 %, kalcijs 1,6 %, fosfors 1,1 %, omega-3 tauksk\u0101bes 0,15 %, omega-6 tauksk\u0101bes 2,8 %. Piedevas: Tehnolo\u0123isk\u0101s piedevas: tokoferolu ekstrakts no augu e\u013c\u013c\u0101m (1b306(i)), askorbilpalmit\u0101ts (1b304). Metaboliz\u0113jam\u0101 ener\u0123ija: 3720 kcal\/kg (15566 kJ\/kg). Baro\u0161anas ieteikumi: Dodiet k\u0101 gardumu vai balvu pozit\u012bvai motiv\u0101cijai. \u0145emiet v\u0113r\u0101, ka \u0161is produkts neaizst\u0101j pilnv\u0113rt\u012bgu bar\u012bbu. Vienm\u0113r nodro\u0161iniet svaigu dzeramo \u016bdeni. Ieteicam\u0101 dienas deva nor\u0101d\u012bta baro\u0161anas tabul\u0101. Nep\u0101rsniedziet daudzumu. Uzglab\u0101t v\u0113s\u0101 un saus\u0101 viet\u0101, pasarg\u0101t no tie\u0161iem saules stariem. Atv\u0113rtu iepakojumu cie\u0161i aizv\u0113rt. Baro\u0161anas tabulaKa\u0137a svars (kg) 1\u20132 3\u20134 4\u20136 Vair\u0101k par 6Gardumu daudzums dien\u0101 5 8 10 15","og_url":"https:\/\/miumjau.ee\/lv\/produkts\/carnilove-crunchy-snack-ar-pili-un-avenem-50-g\/","og_site_name":"MiuMjau","article_publisher":"https:\/\/www.facebook.com\/miumjaupood\/","og_image":[{"width":600,"height":800,"url":"https:\/\/miumjau.ee\/wp-content\/uploads\/2026\/04\/CARNILOVE-Cat-CRUNCHY-Snack-Duck-enriched-with-Raspberries_50G-1.jpg","type":"image\/jpeg"}],"twitter_card":"summary_large_image","schema":{"@context":"https:\/\/schema.org","@graph":[{"@type":"WebPage","@id":"https:\/\/miumjau.ee\/lv\/produkts\/carnilove-crunchy-snack-ar-pili-un-avenem-50-g\/","url":"https:\/\/miumjau.ee\/lv\/produkts\/carnilove-crunchy-snack-ar-pili-un-avenem-50-g\/","name":"Carnilove Crunchy Snack ar p\u012bli un aven\u0113m, 50 g - MiuMjau","isPartOf":{"@id":"https:\/\/miumjau.ee\/#website"},"primaryImageOfPage":{"@id":"https:\/\/miumjau.ee\/lv\/produkts\/carnilove-crunchy-snack-ar-pili-un-avenem-50-g\/#primaryimage"},"image":{"@id":"https:\/\/miumjau.ee\/lv\/produkts\/carnilove-crunchy-snack-ar-pili-un-avenem-50-g\/#primaryimage"},"thumbnailUrl":"https:\/\/miumjau.ee\/wp-content\/uploads\/2026\/04\/CARNILOVE-Cat-CRUNCHY-Snack-Duck-enriched-with-Raspberries_50G-1.jpg","datePublished":"2026-04-12T10:59:39+00:00","breadcrumb":{"@id":"https:\/\/miumjau.ee\/lv\/produkts\/carnilove-crunchy-snack-ar-pili-un-avenem-50-g\/#breadcrumb"},"inLanguage":"lv-LV","potentialAction":[{"@type":"ReadAction","target":["https:\/\/miumjau.ee\/lv\/produkts\/carnilove-crunchy-snack-ar-pili-un-avenem-50-g\/"]}]},{"@type":"ImageObject","inLanguage":"lv-LV","@id":"https:\/\/miumjau.ee\/lv\/produkts\/carnilove-crunchy-snack-ar-pili-un-avenem-50-g\/#primaryimage","url":"https:\/\/miumjau.ee\/wp-content\/uploads\/2026\/04\/CARNILOVE-Cat-CRUNCHY-Snack-Duck-enriched-with-Raspberries_50G-1.jpg","contentUrl":"https:\/\/miumjau.ee\/wp-content\/uploads\/2026\/04\/CARNILOVE-Cat-CRUNCHY-Snack-Duck-enriched-with-Raspberries_50G-1.jpg","width":600,"height":800,"caption":"Carnilove Crunchy Snack pardi ja vaarikatega, 50g"},{"@type":"BreadcrumbList","@id":"https:\/\/miumjau.ee\/lv\/produkts\/carnilove-crunchy-snack-ar-pili-un-avenem-50-g\/#breadcrumb","itemListElement":[{"@type":"ListItem","position":1,"name":"Home","item":"https:\/\/miumjau.ee\/lv\/"},{"@type":"ListItem","position":2,"name":"Veikals","item":"https:\/\/miumjau.ee\/lv\/veikals\/"},{"@type":"ListItem","position":3,"name":"Carnilove Crunchy Snack ar p\u012bli un aven\u0113m, 50 g"}]},{"@type":"WebSite","@id":"https:\/\/miumjau.ee\/#website","url":"https:\/\/miumjau.ee\/","name":"MiuMjau","description":"Kraapimispuud kassidele","publisher":{"@id":"https:\/\/miumjau.ee\/#organization"},"potentialAction":[{"@type":"SearchAction","target":{"@type":"EntryPoint","urlTemplate":"https:\/\/miumjau.ee\/?s={search_term_string}"},"query-input":{"@type":"PropertyValueSpecification","valueRequired":true,"valueName":"search_term_string"}}],"inLanguage":"lv-LV"},{"@type":"Organization","@id":"https:\/\/miumjau.ee\/#organization","name":"MiuMjau O\u00dc","url":"https:\/\/miumjau.ee\/","logo":{"@type":"ImageObject","inLanguage":"lv-LV","@id":"https:\/\/miumjau.ee\/#\/schema\/logo\/image\/","url":"https:\/\/miumjau.ee\/wp-content\/uploads\/2022\/04\/MiuMjau-logo-kollane.png","contentUrl":"https:\/\/miumjau.ee\/wp-content\/uploads\/2022\/04\/MiuMjau-logo-kollane.png","width":219,"height":100,"caption":"MiuMjau O\u00dc"},"image":{"@id":"https:\/\/miumjau.ee\/#\/schema\/logo\/image\/"},"sameAs":["https:\/\/www.facebook.com\/miumjaupood\/"]}]}},"_links":{"self":[{"href":"https:\/\/miumjau.ee\/lv\/wp-json\/wp\/v2\/product\/57704","targetHints":{"allow":["GET"]}}],"collection":[{"href":"https:\/\/miumjau.ee\/lv\/wp-json\/wp\/v2\/product"}],"about":[{"href":"https:\/\/miumjau.ee\/lv\/wp-json\/wp\/v2\/types\/product"}],"wp:featuredmedia":[{"embeddable":true,"href":"https:\/\/miumjau.ee\/lv\/wp-json\/wp\/v2\/media\/57552"}],"wp:attachment":[{"href":"https:\/\/miumjau.ee\/lv\/wp-json\/wp\/v2\/media?parent=57704"}],"wp:term":[{"taxonomy":"product_brand","embeddable":true,"href":"https:\/\/miumjau.ee\/lv\/wp-json\/wp\/v2\/product_brand?post=57704"},{"taxonomy":"product_cat","embeddable":true,"href":"https:\/\/miumjau.ee\/lv\/wp-json\/wp\/v2\/product_cat?post=57704"},{"taxonomy":"product_tag","embeddable":true,"href":"https:\/\/miumjau.ee\/lv\/wp-json\/wp\/v2\/product_tag?post=57704"}],"curies":[{"name":"wp","href":"https:\/\/api.w.org\/{rel}","templated":true}]}}