{"id":57694,"date":"2026-04-12T13:53:10","date_gmt":"2026-04-12T10:53:10","guid":{"rendered":"https:\/\/miumjau.ee\/toode\/carnilove-soft-snack-ar-sardinem-un-zemenem-50-g\/"},"modified":"2026-04-12T13:53:10","modified_gmt":"2026-04-12T10:53:10","slug":"carnilove-soft-snack-ar-sardinem-un-zemenem-50-g","status":"publish","type":"product","link":"https:\/\/miumjau.ee\/lv\/produkts\/carnilove-soft-snack-ar-sardinem-un-zemenem-50-g\/","title":{"rendered":"Carnilove Soft Snack ar sard\u012bn\u0113m un zemen\u0113m, 50 g"},"content":{"rendered":"","protected":false},"excerpt":{"rendered":"<p data-start=\"3266\" data-end=\"3361\">Ar Carnilove \u012bpa\u0161i gardo k\u0101rumu vari iekarot sava ka\u0137a sirdi. Reiz\u0113m ar\u012b na\u0161\u0137o\u0161an\u0101s ir at\u013cauta.<\/p>\n<p data-start=\"3363\" data-end=\"3725\">\u00b7 M\u012bksti kumosi ar sard\u012bn\u0113m \u2013 augstas kvalit\u0101tes olbaltumvielu avots ar bag\u0101t\u012bgu zivju gar\u0161u.<br data-start=\"3456\" data-end=\"3459\" \/>\u00b7 Bag\u0101tin\u0101ts ar hidroliz\u0113t\u0101m vistas akn\u0101m \u2013 papildu gar\u0161ai un lab\u0101kai ap\u0113dam\u012bbai.<br data-start=\"3540\" data-end=\"3543\" \/>\u00b7 Kolag\u0113ns nodro\u0161ina m\u012bkstu tekst\u016bru un pal\u012bdz uztur\u0113t \u0101das un apmatojuma st\u0101vokli.<br data-start=\"3626\" data-end=\"3629\" \/>\u00b7 Zemenes nodro\u0161ina dabiskus antioksidantus, kas pal\u012bdz uztur\u0113t organisma visp\u0101r\u0113jo aizsardz\u012bbu.<\/p>\n<p data-start=\"3727\" data-end=\"3917\">Sast\u0101vs: Sard\u012b\u0146u prote\u012bns (26 %), dzeltenie zir\u0146i, augu glicer\u012bns, hidroliz\u0113tas vistas aknas, hidroliz\u0113ti vistas prote\u012bni, s\u016bkalas, kolag\u0113ns, melase, k\u0101lija hlor\u012bds, \u017e\u0101v\u0113tas zemenes (0,5 %).<\/p>\n<p data-start=\"3919\" data-end=\"4111\">Anal\u012btisk\u0101s sast\u0101vda\u013cas: Kopprote\u012bns 26,0 %, koptauki 4,0 %, pelni 7,5 %, \u0161\u0137iedrvielas 1,5 %, mitrums 17,0 %, kalcijs 1,0 %, fosfors 0,9 %, omega-3 tauksk\u0101bes 0,4 %, omega-6 tauksk\u0101bes 0,15 %.<\/p>\n<p data-start=\"4113\" data-end=\"4269\">Piedevas \/ 1 kg: Uzturvielu piedevas: C vitam\u012bns (3a312) 35 mg. Tehnolo\u0123isk\u0101s piedevas: citronsk\u0101be (1a330), DL-\u0101bolsk\u0101be (1a296) un k\u0101lija sorb\u0101ts (1k202).<\/p>\n<p data-start=\"4271\" data-end=\"4323\">Metaboliz\u0113jam\u0101 ener\u0123ija: 3014 kcal\/kg (12609 kJ\/kg).<\/p>\n<p data-start=\"4325\" data-end=\"4671\">Baro\u0161anas ieteikumi: Dodiet k\u0101 gardumu vai balvu pozit\u012bvai motiv\u0101cijai. \u0145emiet v\u0113r\u0101, ka \u0161is produkts neaizst\u0101j pilnv\u0113rt\u012bgu bar\u012bbu. Vienm\u0113r nodro\u0161iniet svaigu dzeramo \u016bdeni. Ieteicam\u0101 dienas deva nor\u0101d\u012bta baro\u0161anas tabul\u0101. Nep\u0101rsniedziet daudzumu. Uzglab\u0101t v\u0113s\u0101 un saus\u0101 viet\u0101, pasarg\u0101t no tie\u0161iem saules stariem. Atv\u0113rtu iepakojumu cie\u0161i aizv\u0113rt.<\/p>\n<p data-start=\"4673\" data-end=\"4769\">Baro\u0161anas tabula<br data-start=\"4689\" data-end=\"4692\" \/>Ka\u0137a svars (kg) 1\u20132 3\u20134 4\u20136 Vair\u0101k par 6<br data-start=\"4732\" data-end=\"4735\" \/>Gardumu daudzums dien\u0101 5 8 10 15<\/p>\n","protected":false},"featured_media":57570,"template":"","meta":[],"product_brand":[],"product_cat":[570],"product_tag":[],"class_list":{"0":"post-57694","1":"product","2":"type-product","3":"status-publish","4":"has-post-thumbnail","6":"product_cat-naski","8":"first","9":"instock","10":"taxable","11":"shipping-taxable","12":"purchasable","13":"product-type-simple"},"yoast_head":"<!-- This site is optimized with the Yoast SEO plugin v27.4 - https:\/\/yoast.com\/product\/yoast-seo-wordpress\/ -->\n<title>Carnilove Soft Snack ar sard\u012bn\u0113m un zemen\u0113m, 50 g - MiuMjau<\/title>\n<meta name=\"robots\" content=\"index, follow, max-snippet:-1, max-image-preview:large, max-video-preview:-1\" \/>\n<link rel=\"canonical\" href=\"https:\/\/miumjau.ee\/lv\/produkts\/carnilove-soft-snack-ar-sardinem-un-zemenem-50-g\/\" \/>\n<meta property=\"og:locale\" content=\"lv_LV\" \/>\n<meta property=\"og:type\" content=\"article\" \/>\n<meta property=\"og:title\" content=\"Carnilove Soft Snack ar sard\u012bn\u0113m un zemen\u0113m, 50 g - MiuMjau\" \/>\n<meta property=\"og:description\" content=\"Ar Carnilove \u012bpa\u0161i gardo k\u0101rumu vari iekarot sava ka\u0137a sirdi. Reiz\u0113m ar\u012b na\u0161\u0137o\u0161an\u0101s ir at\u013cauta. \u00b7 M\u012bksti kumosi ar sard\u012bn\u0113m \u2013 augstas kvalit\u0101tes olbaltumvielu avots ar bag\u0101t\u012bgu zivju gar\u0161u.\u00b7 Bag\u0101tin\u0101ts ar hidroliz\u0113t\u0101m vistas akn\u0101m \u2013 papildu gar\u0161ai un lab\u0101kai ap\u0113dam\u012bbai.\u00b7 Kolag\u0113ns nodro\u0161ina m\u012bkstu tekst\u016bru un pal\u012bdz uztur\u0113t \u0101das un apmatojuma st\u0101vokli.\u00b7 Zemenes nodro\u0161ina dabiskus antioksidantus, kas pal\u012bdz uztur\u0113t organisma visp\u0101r\u0113jo aizsardz\u012bbu. Sast\u0101vs: Sard\u012b\u0146u prote\u012bns (26 %), dzeltenie zir\u0146i, augu glicer\u012bns, hidroliz\u0113tas vistas aknas, hidroliz\u0113ti vistas prote\u012bni, s\u016bkalas, kolag\u0113ns, melase, k\u0101lija hlor\u012bds, \u017e\u0101v\u0113tas zemenes (0,5 %). Anal\u012btisk\u0101s sast\u0101vda\u013cas: Kopprote\u012bns 26,0 %, koptauki 4,0 %, pelni 7,5 %, \u0161\u0137iedrvielas 1,5 %, mitrums 17,0 %, kalcijs 1,0 %, fosfors 0,9 %, omega-3 tauksk\u0101bes 0,4 %, omega-6 tauksk\u0101bes 0,15 %. Piedevas \/ 1 kg: Uzturvielu piedevas: C vitam\u012bns (3a312) 35 mg. Tehnolo\u0123isk\u0101s piedevas: citronsk\u0101be (1a330), DL-\u0101bolsk\u0101be (1a296) un k\u0101lija sorb\u0101ts (1k202). Metaboliz\u0113jam\u0101 ener\u0123ija: 3014 kcal\/kg (12609 kJ\/kg). Baro\u0161anas ieteikumi: Dodiet k\u0101 gardumu vai balvu pozit\u012bvai motiv\u0101cijai. \u0145emiet v\u0113r\u0101, ka \u0161is produkts neaizst\u0101j pilnv\u0113rt\u012bgu bar\u012bbu. Vienm\u0113r nodro\u0161iniet svaigu dzeramo \u016bdeni. Ieteicam\u0101 dienas deva nor\u0101d\u012bta baro\u0161anas tabul\u0101. Nep\u0101rsniedziet daudzumu. Uzglab\u0101t v\u0113s\u0101 un saus\u0101 viet\u0101, pasarg\u0101t no tie\u0161iem saules stariem. Atv\u0113rtu iepakojumu cie\u0161i aizv\u0113rt. Baro\u0161anas tabulaKa\u0137a svars (kg) 1\u20132 3\u20134 4\u20136 Vair\u0101k par 6Gardumu daudzums dien\u0101 5 8 10 15\" \/>\n<meta property=\"og:url\" content=\"https:\/\/miumjau.ee\/lv\/produkts\/carnilove-soft-snack-ar-sardinem-un-zemenem-50-g\/\" \/>\n<meta property=\"og:site_name\" content=\"MiuMjau\" \/>\n<meta property=\"article:publisher\" content=\"https:\/\/www.facebook.com\/miumjaupood\/\" \/>\n<meta property=\"og:image\" content=\"https:\/\/miumjau.ee\/wp-content\/uploads\/2026\/04\/CARNILOVE-Cat-SOFT-Snack-Sardine-enriched-with-Strawberry_50G-1.jpg\" \/>\n\t<meta property=\"og:image:width\" content=\"600\" \/>\n\t<meta property=\"og:image:height\" content=\"800\" \/>\n\t<meta property=\"og:image:type\" content=\"image\/jpeg\" \/>\n<meta name=\"twitter:card\" content=\"summary_large_image\" \/>\n<script type=\"application\/ld+json\" class=\"yoast-schema-graph\">{\"@context\":\"https:\\\/\\\/schema.org\",\"@graph\":[{\"@type\":\"WebPage\",\"@id\":\"https:\\\/\\\/miumjau.ee\\\/lv\\\/produkts\\\/carnilove-soft-snack-ar-sardinem-un-zemenem-50-g\\\/\",\"url\":\"https:\\\/\\\/miumjau.ee\\\/lv\\\/produkts\\\/carnilove-soft-snack-ar-sardinem-un-zemenem-50-g\\\/\",\"name\":\"Carnilove Soft Snack ar sard\u012bn\u0113m un zemen\u0113m, 50 g - MiuMjau\",\"isPartOf\":{\"@id\":\"https:\\\/\\\/miumjau.ee\\\/#website\"},\"primaryImageOfPage\":{\"@id\":\"https:\\\/\\\/miumjau.ee\\\/lv\\\/produkts\\\/carnilove-soft-snack-ar-sardinem-un-zemenem-50-g\\\/#primaryimage\"},\"image\":{\"@id\":\"https:\\\/\\\/miumjau.ee\\\/lv\\\/produkts\\\/carnilove-soft-snack-ar-sardinem-un-zemenem-50-g\\\/#primaryimage\"},\"thumbnailUrl\":\"https:\\\/\\\/miumjau.ee\\\/wp-content\\\/uploads\\\/2026\\\/04\\\/CARNILOVE-Cat-SOFT-Snack-Sardine-enriched-with-Strawberry_50G-1.jpg\",\"datePublished\":\"2026-04-12T10:53:10+00:00\",\"breadcrumb\":{\"@id\":\"https:\\\/\\\/miumjau.ee\\\/lv\\\/produkts\\\/carnilove-soft-snack-ar-sardinem-un-zemenem-50-g\\\/#breadcrumb\"},\"inLanguage\":\"lv-LV\",\"potentialAction\":[{\"@type\":\"ReadAction\",\"target\":[\"https:\\\/\\\/miumjau.ee\\\/lv\\\/produkts\\\/carnilove-soft-snack-ar-sardinem-un-zemenem-50-g\\\/\"]}]},{\"@type\":\"ImageObject\",\"inLanguage\":\"lv-LV\",\"@id\":\"https:\\\/\\\/miumjau.ee\\\/lv\\\/produkts\\\/carnilove-soft-snack-ar-sardinem-un-zemenem-50-g\\\/#primaryimage\",\"url\":\"https:\\\/\\\/miumjau.ee\\\/wp-content\\\/uploads\\\/2026\\\/04\\\/CARNILOVE-Cat-SOFT-Snack-Sardine-enriched-with-Strawberry_50G-1.jpg\",\"contentUrl\":\"https:\\\/\\\/miumjau.ee\\\/wp-content\\\/uploads\\\/2026\\\/04\\\/CARNILOVE-Cat-SOFT-Snack-Sardine-enriched-with-Strawberry_50G-1.jpg\",\"width\":600,\"height\":800,\"caption\":\"Carnilove Soft Snack sardiin maasikatega, 50g\"},{\"@type\":\"BreadcrumbList\",\"@id\":\"https:\\\/\\\/miumjau.ee\\\/lv\\\/produkts\\\/carnilove-soft-snack-ar-sardinem-un-zemenem-50-g\\\/#breadcrumb\",\"itemListElement\":[{\"@type\":\"ListItem\",\"position\":1,\"name\":\"Home\",\"item\":\"https:\\\/\\\/miumjau.ee\\\/lv\\\/\"},{\"@type\":\"ListItem\",\"position\":2,\"name\":\"Veikals\",\"item\":\"https:\\\/\\\/miumjau.ee\\\/lv\\\/veikals\\\/\"},{\"@type\":\"ListItem\",\"position\":3,\"name\":\"Carnilove Soft Snack ar sard\u012bn\u0113m un zemen\u0113m, 50 g\"}]},{\"@type\":\"WebSite\",\"@id\":\"https:\\\/\\\/miumjau.ee\\\/#website\",\"url\":\"https:\\\/\\\/miumjau.ee\\\/\",\"name\":\"MiuMjau\",\"description\":\"Kraapimispuud kassidele\",\"publisher\":{\"@id\":\"https:\\\/\\\/miumjau.ee\\\/#organization\"},\"potentialAction\":[{\"@type\":\"SearchAction\",\"target\":{\"@type\":\"EntryPoint\",\"urlTemplate\":\"https:\\\/\\\/miumjau.ee\\\/?s={search_term_string}\"},\"query-input\":{\"@type\":\"PropertyValueSpecification\",\"valueRequired\":true,\"valueName\":\"search_term_string\"}}],\"inLanguage\":\"lv-LV\"},{\"@type\":\"Organization\",\"@id\":\"https:\\\/\\\/miumjau.ee\\\/#organization\",\"name\":\"MiuMjau O\u00dc\",\"url\":\"https:\\\/\\\/miumjau.ee\\\/\",\"logo\":{\"@type\":\"ImageObject\",\"inLanguage\":\"lv-LV\",\"@id\":\"https:\\\/\\\/miumjau.ee\\\/#\\\/schema\\\/logo\\\/image\\\/\",\"url\":\"https:\\\/\\\/miumjau.ee\\\/wp-content\\\/uploads\\\/2022\\\/04\\\/MiuMjau-logo-kollane.png\",\"contentUrl\":\"https:\\\/\\\/miumjau.ee\\\/wp-content\\\/uploads\\\/2022\\\/04\\\/MiuMjau-logo-kollane.png\",\"width\":219,\"height\":100,\"caption\":\"MiuMjau O\u00dc\"},\"image\":{\"@id\":\"https:\\\/\\\/miumjau.ee\\\/#\\\/schema\\\/logo\\\/image\\\/\"},\"sameAs\":[\"https:\\\/\\\/www.facebook.com\\\/miumjaupood\\\/\"]}]}<\/script>\n<!-- \/ Yoast SEO plugin. -->","yoast_head_json":{"title":"Carnilove Soft Snack ar sard\u012bn\u0113m un zemen\u0113m, 50 g - MiuMjau","robots":{"index":"index","follow":"follow","max-snippet":"max-snippet:-1","max-image-preview":"max-image-preview:large","max-video-preview":"max-video-preview:-1"},"canonical":"https:\/\/miumjau.ee\/lv\/produkts\/carnilove-soft-snack-ar-sardinem-un-zemenem-50-g\/","og_locale":"lv_LV","og_type":"article","og_title":"Carnilove Soft Snack ar sard\u012bn\u0113m un zemen\u0113m, 50 g - MiuMjau","og_description":"Ar Carnilove \u012bpa\u0161i gardo k\u0101rumu vari iekarot sava ka\u0137a sirdi. Reiz\u0113m ar\u012b na\u0161\u0137o\u0161an\u0101s ir at\u013cauta. \u00b7 M\u012bksti kumosi ar sard\u012bn\u0113m \u2013 augstas kvalit\u0101tes olbaltumvielu avots ar bag\u0101t\u012bgu zivju gar\u0161u.\u00b7 Bag\u0101tin\u0101ts ar hidroliz\u0113t\u0101m vistas akn\u0101m \u2013 papildu gar\u0161ai un lab\u0101kai ap\u0113dam\u012bbai.\u00b7 Kolag\u0113ns nodro\u0161ina m\u012bkstu tekst\u016bru un pal\u012bdz uztur\u0113t \u0101das un apmatojuma st\u0101vokli.\u00b7 Zemenes nodro\u0161ina dabiskus antioksidantus, kas pal\u012bdz uztur\u0113t organisma visp\u0101r\u0113jo aizsardz\u012bbu. Sast\u0101vs: Sard\u012b\u0146u prote\u012bns (26 %), dzeltenie zir\u0146i, augu glicer\u012bns, hidroliz\u0113tas vistas aknas, hidroliz\u0113ti vistas prote\u012bni, s\u016bkalas, kolag\u0113ns, melase, k\u0101lija hlor\u012bds, \u017e\u0101v\u0113tas zemenes (0,5 %). Anal\u012btisk\u0101s sast\u0101vda\u013cas: Kopprote\u012bns 26,0 %, koptauki 4,0 %, pelni 7,5 %, \u0161\u0137iedrvielas 1,5 %, mitrums 17,0 %, kalcijs 1,0 %, fosfors 0,9 %, omega-3 tauksk\u0101bes 0,4 %, omega-6 tauksk\u0101bes 0,15 %. Piedevas \/ 1 kg: Uzturvielu piedevas: C vitam\u012bns (3a312) 35 mg. Tehnolo\u0123isk\u0101s piedevas: citronsk\u0101be (1a330), DL-\u0101bolsk\u0101be (1a296) un k\u0101lija sorb\u0101ts (1k202). Metaboliz\u0113jam\u0101 ener\u0123ija: 3014 kcal\/kg (12609 kJ\/kg). Baro\u0161anas ieteikumi: Dodiet k\u0101 gardumu vai balvu pozit\u012bvai motiv\u0101cijai. \u0145emiet v\u0113r\u0101, ka \u0161is produkts neaizst\u0101j pilnv\u0113rt\u012bgu bar\u012bbu. Vienm\u0113r nodro\u0161iniet svaigu dzeramo \u016bdeni. Ieteicam\u0101 dienas deva nor\u0101d\u012bta baro\u0161anas tabul\u0101. Nep\u0101rsniedziet daudzumu. Uzglab\u0101t v\u0113s\u0101 un saus\u0101 viet\u0101, pasarg\u0101t no tie\u0161iem saules stariem. Atv\u0113rtu iepakojumu cie\u0161i aizv\u0113rt. Baro\u0161anas tabulaKa\u0137a svars (kg) 1\u20132 3\u20134 4\u20136 Vair\u0101k par 6Gardumu daudzums dien\u0101 5 8 10 15","og_url":"https:\/\/miumjau.ee\/lv\/produkts\/carnilove-soft-snack-ar-sardinem-un-zemenem-50-g\/","og_site_name":"MiuMjau","article_publisher":"https:\/\/www.facebook.com\/miumjaupood\/","og_image":[{"width":600,"height":800,"url":"https:\/\/miumjau.ee\/wp-content\/uploads\/2026\/04\/CARNILOVE-Cat-SOFT-Snack-Sardine-enriched-with-Strawberry_50G-1.jpg","type":"image\/jpeg"}],"twitter_card":"summary_large_image","schema":{"@context":"https:\/\/schema.org","@graph":[{"@type":"WebPage","@id":"https:\/\/miumjau.ee\/lv\/produkts\/carnilove-soft-snack-ar-sardinem-un-zemenem-50-g\/","url":"https:\/\/miumjau.ee\/lv\/produkts\/carnilove-soft-snack-ar-sardinem-un-zemenem-50-g\/","name":"Carnilove Soft Snack ar sard\u012bn\u0113m un zemen\u0113m, 50 g - MiuMjau","isPartOf":{"@id":"https:\/\/miumjau.ee\/#website"},"primaryImageOfPage":{"@id":"https:\/\/miumjau.ee\/lv\/produkts\/carnilove-soft-snack-ar-sardinem-un-zemenem-50-g\/#primaryimage"},"image":{"@id":"https:\/\/miumjau.ee\/lv\/produkts\/carnilove-soft-snack-ar-sardinem-un-zemenem-50-g\/#primaryimage"},"thumbnailUrl":"https:\/\/miumjau.ee\/wp-content\/uploads\/2026\/04\/CARNILOVE-Cat-SOFT-Snack-Sardine-enriched-with-Strawberry_50G-1.jpg","datePublished":"2026-04-12T10:53:10+00:00","breadcrumb":{"@id":"https:\/\/miumjau.ee\/lv\/produkts\/carnilove-soft-snack-ar-sardinem-un-zemenem-50-g\/#breadcrumb"},"inLanguage":"lv-LV","potentialAction":[{"@type":"ReadAction","target":["https:\/\/miumjau.ee\/lv\/produkts\/carnilove-soft-snack-ar-sardinem-un-zemenem-50-g\/"]}]},{"@type":"ImageObject","inLanguage":"lv-LV","@id":"https:\/\/miumjau.ee\/lv\/produkts\/carnilove-soft-snack-ar-sardinem-un-zemenem-50-g\/#primaryimage","url":"https:\/\/miumjau.ee\/wp-content\/uploads\/2026\/04\/CARNILOVE-Cat-SOFT-Snack-Sardine-enriched-with-Strawberry_50G-1.jpg","contentUrl":"https:\/\/miumjau.ee\/wp-content\/uploads\/2026\/04\/CARNILOVE-Cat-SOFT-Snack-Sardine-enriched-with-Strawberry_50G-1.jpg","width":600,"height":800,"caption":"Carnilove Soft Snack sardiin maasikatega, 50g"},{"@type":"BreadcrumbList","@id":"https:\/\/miumjau.ee\/lv\/produkts\/carnilove-soft-snack-ar-sardinem-un-zemenem-50-g\/#breadcrumb","itemListElement":[{"@type":"ListItem","position":1,"name":"Home","item":"https:\/\/miumjau.ee\/lv\/"},{"@type":"ListItem","position":2,"name":"Veikals","item":"https:\/\/miumjau.ee\/lv\/veikals\/"},{"@type":"ListItem","position":3,"name":"Carnilove Soft Snack ar sard\u012bn\u0113m un zemen\u0113m, 50 g"}]},{"@type":"WebSite","@id":"https:\/\/miumjau.ee\/#website","url":"https:\/\/miumjau.ee\/","name":"MiuMjau","description":"Kraapimispuud kassidele","publisher":{"@id":"https:\/\/miumjau.ee\/#organization"},"potentialAction":[{"@type":"SearchAction","target":{"@type":"EntryPoint","urlTemplate":"https:\/\/miumjau.ee\/?s={search_term_string}"},"query-input":{"@type":"PropertyValueSpecification","valueRequired":true,"valueName":"search_term_string"}}],"inLanguage":"lv-LV"},{"@type":"Organization","@id":"https:\/\/miumjau.ee\/#organization","name":"MiuMjau O\u00dc","url":"https:\/\/miumjau.ee\/","logo":{"@type":"ImageObject","inLanguage":"lv-LV","@id":"https:\/\/miumjau.ee\/#\/schema\/logo\/image\/","url":"https:\/\/miumjau.ee\/wp-content\/uploads\/2022\/04\/MiuMjau-logo-kollane.png","contentUrl":"https:\/\/miumjau.ee\/wp-content\/uploads\/2022\/04\/MiuMjau-logo-kollane.png","width":219,"height":100,"caption":"MiuMjau O\u00dc"},"image":{"@id":"https:\/\/miumjau.ee\/#\/schema\/logo\/image\/"},"sameAs":["https:\/\/www.facebook.com\/miumjaupood\/"]}]}},"_links":{"self":[{"href":"https:\/\/miumjau.ee\/lv\/wp-json\/wp\/v2\/product\/57694","targetHints":{"allow":["GET"]}}],"collection":[{"href":"https:\/\/miumjau.ee\/lv\/wp-json\/wp\/v2\/product"}],"about":[{"href":"https:\/\/miumjau.ee\/lv\/wp-json\/wp\/v2\/types\/product"}],"wp:featuredmedia":[{"embeddable":true,"href":"https:\/\/miumjau.ee\/lv\/wp-json\/wp\/v2\/media\/57570"}],"wp:attachment":[{"href":"https:\/\/miumjau.ee\/lv\/wp-json\/wp\/v2\/media?parent=57694"}],"wp:term":[{"taxonomy":"product_brand","embeddable":true,"href":"https:\/\/miumjau.ee\/lv\/wp-json\/wp\/v2\/product_brand?post=57694"},{"taxonomy":"product_cat","embeddable":true,"href":"https:\/\/miumjau.ee\/lv\/wp-json\/wp\/v2\/product_cat?post=57694"},{"taxonomy":"product_tag","embeddable":true,"href":"https:\/\/miumjau.ee\/lv\/wp-json\/wp\/v2\/product_tag?post=57694"}],"curies":[{"name":"wp","href":"https:\/\/api.w.org\/{rel}","templated":true}]}}