{"id":57677,"date":"2026-04-12T14:35:43","date_gmt":"2026-04-12T11:35:43","guid":{"rendered":"https:\/\/miumjau.ee\/toode\/carnilove-crunchy-snack-ar-mezacuku-un-mezroziti-200-g\/"},"modified":"2026-04-12T14:35:43","modified_gmt":"2026-04-12T11:35:43","slug":"carnilove-crunchy-snack-ar-mezacuku-un-mezroziti-200-g","status":"publish","type":"product","link":"https:\/\/miumjau.ee\/lv\/produkts\/carnilove-crunchy-snack-ar-mezacuku-un-mezroziti-200-g\/","title":{"rendered":"Carnilove Crunchy Snack ar me\u017eac\u016bku un me\u017eroz\u012bti, 200 g"},"content":{"rendered":"","protected":false},"excerpt":{"rendered":"<p data-start=\"2976\" data-end=\"3260\">Vai tavs suns ir akt\u012bvs? Me\u017eac\u016bkas ga\u013ca ir liesa, bet uzturviel\u0101m bag\u0101ta olbaltumvielu avots, kas atbalsta musku\u013cu st\u0101vokli. C vitam\u012bns no me\u017eroz\u012btes nodro\u0161ina dabiskus antioksidantus, kas stiprina imunit\u0101ti. Turkl\u0101t \u0161is gardums ir bez graudiem. Kvalitat\u012bvs gardums vislab\u0101kaj\u0101 veid\u0101!<\/p>\n<p data-start=\"3262\" data-end=\"3564\">Sast\u0101vs: Me\u017eac\u016bka 50 % (me\u017eac\u016bkas olbaltumvielas 35 %, hidroliz\u0113tas me\u017eac\u016bkas olbaltumvielas 15 %), \u0137irbis (15 %), dzeltenie zir\u0146i (8 %), \u017e\u0101v\u0113ta \u0101bolu masa (5 %), burk\u0101ni (5 %), turku zir\u0146i (4 %), \u017e\u0101v\u0113tas me\u017eroz\u012btes (4 %), vistas tauki (4 %), lins\u0113klas (2 %), \u017e\u0101v\u0113ti spin\u0101ti (2 %), lins\u0113klu e\u013c\u013ca (1 %).<\/p>\n<p data-start=\"3566\" data-end=\"3758\">Anal\u012btisk\u0101s sast\u0101vda\u013cas: Kopprote\u012bns 32,0 %, koptauki 12,0 %, pelni 7,0 %, \u0161\u0137iedrvielas 1,5 %, mitrums 10,0 %, kalcijs 1,1 %, fosfors 0,7 %, omega-3 tauksk\u0101bes 0,3 %, omega-6 tauksk\u0101bes 1,9 %.<\/p>\n<p data-start=\"3760\" data-end=\"3867\">Piedevas: Tehnolo\u0123isk\u0101s piedevas: tokoferolu ekstrakti no augu e\u013c\u013c\u0101m (1b306(i)), askorbilpalmit\u0101ts (1b304).<\/p>\n<p data-start=\"3869\" data-end=\"3908\">Metaboliz\u0113jam\u0101 ener\u0123ija: 3 710 kcal\/kg.<\/p>\n<p data-start=\"3910\" data-end=\"4256\">Baro\u0161anas ieteikumi: Dodiet k\u0101 gardumu vai balvu pozit\u012bvai motiv\u0101cijai. \u0145emiet v\u0113r\u0101, ka \u0161is produkts neaizst\u0101j pilnv\u0113rt\u012bgu bar\u012bbu. Vienm\u0113r nodro\u0161iniet svaigu dzeramo \u016bdeni. Ieteicam\u0101 dienas deva nor\u0101d\u012bta baro\u0161anas tabul\u0101. Nep\u0101rsniedziet daudzumu. Uzglab\u0101t v\u0113s\u0101 un saus\u0101 viet\u0101, pasarg\u0101t no tie\u0161iem saules stariem. Atv\u0113rtu iepakojumu cie\u0161i aizv\u0113rt.<\/p>\n<p data-start=\"4258\" data-end=\"4374\">Baro\u0161anas tabula<br data-start=\"4274\" data-end=\"4277\" \/>Su\u0146a svars (kg) 5 10 15 20 25 30 40 50 60 70 80 90<br data-start=\"4327\" data-end=\"4330\" \/>Gardumu daudzums dien\u0101 5 10 12 15 20 22 25<\/p>\n","protected":false},"featured_media":57588,"template":"","meta":[],"product_brand":[],"product_cat":[576],"product_tag":[],"class_list":{"0":"post-57677","1":"product","2":"type-product","3":"status-publish","4":"has-post-thumbnail","6":"product_cat-naski-suniem","8":"first","9":"instock","10":"taxable","11":"shipping-taxable","12":"purchasable","13":"product-type-simple"},"yoast_head":"<!-- This site is optimized with the Yoast SEO plugin v27.4 - https:\/\/yoast.com\/product\/yoast-seo-wordpress\/ -->\n<title>Carnilove Crunchy Snack ar me\u017eac\u016bku un me\u017eroz\u012bti, 200 g - MiuMjau<\/title>\n<meta name=\"robots\" content=\"index, follow, max-snippet:-1, max-image-preview:large, max-video-preview:-1\" \/>\n<link rel=\"canonical\" href=\"https:\/\/miumjau.ee\/lv\/produkts\/carnilove-crunchy-snack-ar-mezacuku-un-mezroziti-200-g\/\" \/>\n<meta property=\"og:locale\" content=\"lv_LV\" \/>\n<meta property=\"og:type\" content=\"article\" \/>\n<meta property=\"og:title\" content=\"Carnilove Crunchy Snack ar me\u017eac\u016bku un me\u017eroz\u012bti, 200 g - MiuMjau\" \/>\n<meta property=\"og:description\" content=\"Vai tavs suns ir akt\u012bvs? Me\u017eac\u016bkas ga\u013ca ir liesa, bet uzturviel\u0101m bag\u0101ta olbaltumvielu avots, kas atbalsta musku\u013cu st\u0101vokli. C vitam\u012bns no me\u017eroz\u012btes nodro\u0161ina dabiskus antioksidantus, kas stiprina imunit\u0101ti. Turkl\u0101t \u0161is gardums ir bez graudiem. Kvalitat\u012bvs gardums vislab\u0101kaj\u0101 veid\u0101! Sast\u0101vs: Me\u017eac\u016bka 50 % (me\u017eac\u016bkas olbaltumvielas 35 %, hidroliz\u0113tas me\u017eac\u016bkas olbaltumvielas 15 %), \u0137irbis (15 %), dzeltenie zir\u0146i (8 %), \u017e\u0101v\u0113ta \u0101bolu masa (5 %), burk\u0101ni (5 %), turku zir\u0146i (4 %), \u017e\u0101v\u0113tas me\u017eroz\u012btes (4 %), vistas tauki (4 %), lins\u0113klas (2 %), \u017e\u0101v\u0113ti spin\u0101ti (2 %), lins\u0113klu e\u013c\u013ca (1 %). Anal\u012btisk\u0101s sast\u0101vda\u013cas: Kopprote\u012bns 32,0 %, koptauki 12,0 %, pelni 7,0 %, \u0161\u0137iedrvielas 1,5 %, mitrums 10,0 %, kalcijs 1,1 %, fosfors 0,7 %, omega-3 tauksk\u0101bes 0,3 %, omega-6 tauksk\u0101bes 1,9 %. Piedevas: Tehnolo\u0123isk\u0101s piedevas: tokoferolu ekstrakti no augu e\u013c\u013c\u0101m (1b306(i)), askorbilpalmit\u0101ts (1b304). Metaboliz\u0113jam\u0101 ener\u0123ija: 3 710 kcal\/kg. Baro\u0161anas ieteikumi: Dodiet k\u0101 gardumu vai balvu pozit\u012bvai motiv\u0101cijai. \u0145emiet v\u0113r\u0101, ka \u0161is produkts neaizst\u0101j pilnv\u0113rt\u012bgu bar\u012bbu. Vienm\u0113r nodro\u0161iniet svaigu dzeramo \u016bdeni. Ieteicam\u0101 dienas deva nor\u0101d\u012bta baro\u0161anas tabul\u0101. Nep\u0101rsniedziet daudzumu. Uzglab\u0101t v\u0113s\u0101 un saus\u0101 viet\u0101, pasarg\u0101t no tie\u0161iem saules stariem. Atv\u0113rtu iepakojumu cie\u0161i aizv\u0113rt. Baro\u0161anas tabulaSu\u0146a svars (kg) 5 10 15 20 25 30 40 50 60 70 80 90Gardumu daudzums dien\u0101 5 10 12 15 20 22 25\" \/>\n<meta property=\"og:url\" content=\"https:\/\/miumjau.ee\/lv\/produkts\/carnilove-crunchy-snack-ar-mezacuku-un-mezroziti-200-g\/\" \/>\n<meta property=\"og:site_name\" content=\"MiuMjau\" \/>\n<meta property=\"article:publisher\" content=\"https:\/\/www.facebook.com\/miumjaupood\/\" \/>\n<meta property=\"og:image\" content=\"https:\/\/miumjau.ee\/wp-content\/uploads\/2026\/04\/CARNILOVE-Dog-CRUNCHY-Snack-Wild-Boar-with-Rosehips_200G-1.jpg\" \/>\n\t<meta property=\"og:image:width\" content=\"600\" \/>\n\t<meta property=\"og:image:height\" content=\"800\" \/>\n\t<meta property=\"og:image:type\" content=\"image\/jpeg\" \/>\n<meta name=\"twitter:card\" content=\"summary_large_image\" \/>\n<script type=\"application\/ld+json\" class=\"yoast-schema-graph\">{\"@context\":\"https:\\\/\\\/schema.org\",\"@graph\":[{\"@type\":\"WebPage\",\"@id\":\"https:\\\/\\\/miumjau.ee\\\/lv\\\/produkts\\\/carnilove-crunchy-snack-ar-mezacuku-un-mezroziti-200-g\\\/\",\"url\":\"https:\\\/\\\/miumjau.ee\\\/lv\\\/produkts\\\/carnilove-crunchy-snack-ar-mezacuku-un-mezroziti-200-g\\\/\",\"name\":\"Carnilove Crunchy Snack ar me\u017eac\u016bku un me\u017eroz\u012bti, 200 g - MiuMjau\",\"isPartOf\":{\"@id\":\"https:\\\/\\\/miumjau.ee\\\/#website\"},\"primaryImageOfPage\":{\"@id\":\"https:\\\/\\\/miumjau.ee\\\/lv\\\/produkts\\\/carnilove-crunchy-snack-ar-mezacuku-un-mezroziti-200-g\\\/#primaryimage\"},\"image\":{\"@id\":\"https:\\\/\\\/miumjau.ee\\\/lv\\\/produkts\\\/carnilove-crunchy-snack-ar-mezacuku-un-mezroziti-200-g\\\/#primaryimage\"},\"thumbnailUrl\":\"https:\\\/\\\/miumjau.ee\\\/wp-content\\\/uploads\\\/2026\\\/04\\\/CARNILOVE-Dog-CRUNCHY-Snack-Wild-Boar-with-Rosehips_200G-1.jpg\",\"datePublished\":\"2026-04-12T11:35:43+00:00\",\"breadcrumb\":{\"@id\":\"https:\\\/\\\/miumjau.ee\\\/lv\\\/produkts\\\/carnilove-crunchy-snack-ar-mezacuku-un-mezroziti-200-g\\\/#breadcrumb\"},\"inLanguage\":\"lv-LV\",\"potentialAction\":[{\"@type\":\"ReadAction\",\"target\":[\"https:\\\/\\\/miumjau.ee\\\/lv\\\/produkts\\\/carnilove-crunchy-snack-ar-mezacuku-un-mezroziti-200-g\\\/\"]}]},{\"@type\":\"ImageObject\",\"inLanguage\":\"lv-LV\",\"@id\":\"https:\\\/\\\/miumjau.ee\\\/lv\\\/produkts\\\/carnilove-crunchy-snack-ar-mezacuku-un-mezroziti-200-g\\\/#primaryimage\",\"url\":\"https:\\\/\\\/miumjau.ee\\\/wp-content\\\/uploads\\\/2026\\\/04\\\/CARNILOVE-Dog-CRUNCHY-Snack-Wild-Boar-with-Rosehips_200G-1.jpg\",\"contentUrl\":\"https:\\\/\\\/miumjau.ee\\\/wp-content\\\/uploads\\\/2026\\\/04\\\/CARNILOVE-Dog-CRUNCHY-Snack-Wild-Boar-with-Rosehips_200G-1.jpg\",\"width\":600,\"height\":800,\"caption\":\"Carnilove Crunchy Snack metssea ja kibuvitsaga, 200g\"},{\"@type\":\"BreadcrumbList\",\"@id\":\"https:\\\/\\\/miumjau.ee\\\/lv\\\/produkts\\\/carnilove-crunchy-snack-ar-mezacuku-un-mezroziti-200-g\\\/#breadcrumb\",\"itemListElement\":[{\"@type\":\"ListItem\",\"position\":1,\"name\":\"Home\",\"item\":\"https:\\\/\\\/miumjau.ee\\\/lv\\\/\"},{\"@type\":\"ListItem\",\"position\":2,\"name\":\"Veikals\",\"item\":\"https:\\\/\\\/miumjau.ee\\\/lv\\\/veikals\\\/\"},{\"@type\":\"ListItem\",\"position\":3,\"name\":\"Carnilove Crunchy Snack ar me\u017eac\u016bku un me\u017eroz\u012bti, 200 g\"}]},{\"@type\":\"WebSite\",\"@id\":\"https:\\\/\\\/miumjau.ee\\\/#website\",\"url\":\"https:\\\/\\\/miumjau.ee\\\/\",\"name\":\"MiuMjau\",\"description\":\"Kraapimispuud kassidele\",\"publisher\":{\"@id\":\"https:\\\/\\\/miumjau.ee\\\/#organization\"},\"potentialAction\":[{\"@type\":\"SearchAction\",\"target\":{\"@type\":\"EntryPoint\",\"urlTemplate\":\"https:\\\/\\\/miumjau.ee\\\/?s={search_term_string}\"},\"query-input\":{\"@type\":\"PropertyValueSpecification\",\"valueRequired\":true,\"valueName\":\"search_term_string\"}}],\"inLanguage\":\"lv-LV\"},{\"@type\":\"Organization\",\"@id\":\"https:\\\/\\\/miumjau.ee\\\/#organization\",\"name\":\"MiuMjau O\u00dc\",\"url\":\"https:\\\/\\\/miumjau.ee\\\/\",\"logo\":{\"@type\":\"ImageObject\",\"inLanguage\":\"lv-LV\",\"@id\":\"https:\\\/\\\/miumjau.ee\\\/#\\\/schema\\\/logo\\\/image\\\/\",\"url\":\"https:\\\/\\\/miumjau.ee\\\/wp-content\\\/uploads\\\/2022\\\/04\\\/MiuMjau-logo-kollane.png\",\"contentUrl\":\"https:\\\/\\\/miumjau.ee\\\/wp-content\\\/uploads\\\/2022\\\/04\\\/MiuMjau-logo-kollane.png\",\"width\":219,\"height\":100,\"caption\":\"MiuMjau O\u00dc\"},\"image\":{\"@id\":\"https:\\\/\\\/miumjau.ee\\\/#\\\/schema\\\/logo\\\/image\\\/\"},\"sameAs\":[\"https:\\\/\\\/www.facebook.com\\\/miumjaupood\\\/\"]}]}<\/script>\n<!-- \/ Yoast SEO plugin. -->","yoast_head_json":{"title":"Carnilove Crunchy Snack ar me\u017eac\u016bku un me\u017eroz\u012bti, 200 g - MiuMjau","robots":{"index":"index","follow":"follow","max-snippet":"max-snippet:-1","max-image-preview":"max-image-preview:large","max-video-preview":"max-video-preview:-1"},"canonical":"https:\/\/miumjau.ee\/lv\/produkts\/carnilove-crunchy-snack-ar-mezacuku-un-mezroziti-200-g\/","og_locale":"lv_LV","og_type":"article","og_title":"Carnilove Crunchy Snack ar me\u017eac\u016bku un me\u017eroz\u012bti, 200 g - MiuMjau","og_description":"Vai tavs suns ir akt\u012bvs? Me\u017eac\u016bkas ga\u013ca ir liesa, bet uzturviel\u0101m bag\u0101ta olbaltumvielu avots, kas atbalsta musku\u013cu st\u0101vokli. C vitam\u012bns no me\u017eroz\u012btes nodro\u0161ina dabiskus antioksidantus, kas stiprina imunit\u0101ti. Turkl\u0101t \u0161is gardums ir bez graudiem. Kvalitat\u012bvs gardums vislab\u0101kaj\u0101 veid\u0101! Sast\u0101vs: Me\u017eac\u016bka 50 % (me\u017eac\u016bkas olbaltumvielas 35 %, hidroliz\u0113tas me\u017eac\u016bkas olbaltumvielas 15 %), \u0137irbis (15 %), dzeltenie zir\u0146i (8 %), \u017e\u0101v\u0113ta \u0101bolu masa (5 %), burk\u0101ni (5 %), turku zir\u0146i (4 %), \u017e\u0101v\u0113tas me\u017eroz\u012btes (4 %), vistas tauki (4 %), lins\u0113klas (2 %), \u017e\u0101v\u0113ti spin\u0101ti (2 %), lins\u0113klu e\u013c\u013ca (1 %). Anal\u012btisk\u0101s sast\u0101vda\u013cas: Kopprote\u012bns 32,0 %, koptauki 12,0 %, pelni 7,0 %, \u0161\u0137iedrvielas 1,5 %, mitrums 10,0 %, kalcijs 1,1 %, fosfors 0,7 %, omega-3 tauksk\u0101bes 0,3 %, omega-6 tauksk\u0101bes 1,9 %. Piedevas: Tehnolo\u0123isk\u0101s piedevas: tokoferolu ekstrakti no augu e\u013c\u013c\u0101m (1b306(i)), askorbilpalmit\u0101ts (1b304). Metaboliz\u0113jam\u0101 ener\u0123ija: 3 710 kcal\/kg. Baro\u0161anas ieteikumi: Dodiet k\u0101 gardumu vai balvu pozit\u012bvai motiv\u0101cijai. \u0145emiet v\u0113r\u0101, ka \u0161is produkts neaizst\u0101j pilnv\u0113rt\u012bgu bar\u012bbu. Vienm\u0113r nodro\u0161iniet svaigu dzeramo \u016bdeni. Ieteicam\u0101 dienas deva nor\u0101d\u012bta baro\u0161anas tabul\u0101. Nep\u0101rsniedziet daudzumu. Uzglab\u0101t v\u0113s\u0101 un saus\u0101 viet\u0101, pasarg\u0101t no tie\u0161iem saules stariem. Atv\u0113rtu iepakojumu cie\u0161i aizv\u0113rt. Baro\u0161anas tabulaSu\u0146a svars (kg) 5 10 15 20 25 30 40 50 60 70 80 90Gardumu daudzums dien\u0101 5 10 12 15 20 22 25","og_url":"https:\/\/miumjau.ee\/lv\/produkts\/carnilove-crunchy-snack-ar-mezacuku-un-mezroziti-200-g\/","og_site_name":"MiuMjau","article_publisher":"https:\/\/www.facebook.com\/miumjaupood\/","og_image":[{"width":600,"height":800,"url":"https:\/\/miumjau.ee\/wp-content\/uploads\/2026\/04\/CARNILOVE-Dog-CRUNCHY-Snack-Wild-Boar-with-Rosehips_200G-1.jpg","type":"image\/jpeg"}],"twitter_card":"summary_large_image","schema":{"@context":"https:\/\/schema.org","@graph":[{"@type":"WebPage","@id":"https:\/\/miumjau.ee\/lv\/produkts\/carnilove-crunchy-snack-ar-mezacuku-un-mezroziti-200-g\/","url":"https:\/\/miumjau.ee\/lv\/produkts\/carnilove-crunchy-snack-ar-mezacuku-un-mezroziti-200-g\/","name":"Carnilove Crunchy Snack ar me\u017eac\u016bku un me\u017eroz\u012bti, 200 g - MiuMjau","isPartOf":{"@id":"https:\/\/miumjau.ee\/#website"},"primaryImageOfPage":{"@id":"https:\/\/miumjau.ee\/lv\/produkts\/carnilove-crunchy-snack-ar-mezacuku-un-mezroziti-200-g\/#primaryimage"},"image":{"@id":"https:\/\/miumjau.ee\/lv\/produkts\/carnilove-crunchy-snack-ar-mezacuku-un-mezroziti-200-g\/#primaryimage"},"thumbnailUrl":"https:\/\/miumjau.ee\/wp-content\/uploads\/2026\/04\/CARNILOVE-Dog-CRUNCHY-Snack-Wild-Boar-with-Rosehips_200G-1.jpg","datePublished":"2026-04-12T11:35:43+00:00","breadcrumb":{"@id":"https:\/\/miumjau.ee\/lv\/produkts\/carnilove-crunchy-snack-ar-mezacuku-un-mezroziti-200-g\/#breadcrumb"},"inLanguage":"lv-LV","potentialAction":[{"@type":"ReadAction","target":["https:\/\/miumjau.ee\/lv\/produkts\/carnilove-crunchy-snack-ar-mezacuku-un-mezroziti-200-g\/"]}]},{"@type":"ImageObject","inLanguage":"lv-LV","@id":"https:\/\/miumjau.ee\/lv\/produkts\/carnilove-crunchy-snack-ar-mezacuku-un-mezroziti-200-g\/#primaryimage","url":"https:\/\/miumjau.ee\/wp-content\/uploads\/2026\/04\/CARNILOVE-Dog-CRUNCHY-Snack-Wild-Boar-with-Rosehips_200G-1.jpg","contentUrl":"https:\/\/miumjau.ee\/wp-content\/uploads\/2026\/04\/CARNILOVE-Dog-CRUNCHY-Snack-Wild-Boar-with-Rosehips_200G-1.jpg","width":600,"height":800,"caption":"Carnilove Crunchy Snack metssea ja kibuvitsaga, 200g"},{"@type":"BreadcrumbList","@id":"https:\/\/miumjau.ee\/lv\/produkts\/carnilove-crunchy-snack-ar-mezacuku-un-mezroziti-200-g\/#breadcrumb","itemListElement":[{"@type":"ListItem","position":1,"name":"Home","item":"https:\/\/miumjau.ee\/lv\/"},{"@type":"ListItem","position":2,"name":"Veikals","item":"https:\/\/miumjau.ee\/lv\/veikals\/"},{"@type":"ListItem","position":3,"name":"Carnilove Crunchy Snack ar me\u017eac\u016bku un me\u017eroz\u012bti, 200 g"}]},{"@type":"WebSite","@id":"https:\/\/miumjau.ee\/#website","url":"https:\/\/miumjau.ee\/","name":"MiuMjau","description":"Kraapimispuud kassidele","publisher":{"@id":"https:\/\/miumjau.ee\/#organization"},"potentialAction":[{"@type":"SearchAction","target":{"@type":"EntryPoint","urlTemplate":"https:\/\/miumjau.ee\/?s={search_term_string}"},"query-input":{"@type":"PropertyValueSpecification","valueRequired":true,"valueName":"search_term_string"}}],"inLanguage":"lv-LV"},{"@type":"Organization","@id":"https:\/\/miumjau.ee\/#organization","name":"MiuMjau O\u00dc","url":"https:\/\/miumjau.ee\/","logo":{"@type":"ImageObject","inLanguage":"lv-LV","@id":"https:\/\/miumjau.ee\/#\/schema\/logo\/image\/","url":"https:\/\/miumjau.ee\/wp-content\/uploads\/2022\/04\/MiuMjau-logo-kollane.png","contentUrl":"https:\/\/miumjau.ee\/wp-content\/uploads\/2022\/04\/MiuMjau-logo-kollane.png","width":219,"height":100,"caption":"MiuMjau O\u00dc"},"image":{"@id":"https:\/\/miumjau.ee\/#\/schema\/logo\/image\/"},"sameAs":["https:\/\/www.facebook.com\/miumjaupood\/"]}]}},"_links":{"self":[{"href":"https:\/\/miumjau.ee\/lv\/wp-json\/wp\/v2\/product\/57677","targetHints":{"allow":["GET"]}}],"collection":[{"href":"https:\/\/miumjau.ee\/lv\/wp-json\/wp\/v2\/product"}],"about":[{"href":"https:\/\/miumjau.ee\/lv\/wp-json\/wp\/v2\/types\/product"}],"wp:featuredmedia":[{"embeddable":true,"href":"https:\/\/miumjau.ee\/lv\/wp-json\/wp\/v2\/media\/57588"}],"wp:attachment":[{"href":"https:\/\/miumjau.ee\/lv\/wp-json\/wp\/v2\/media?parent=57677"}],"wp:term":[{"taxonomy":"product_brand","embeddable":true,"href":"https:\/\/miumjau.ee\/lv\/wp-json\/wp\/v2\/product_brand?post=57677"},{"taxonomy":"product_cat","embeddable":true,"href":"https:\/\/miumjau.ee\/lv\/wp-json\/wp\/v2\/product_cat?post=57677"},{"taxonomy":"product_tag","embeddable":true,"href":"https:\/\/miumjau.ee\/lv\/wp-json\/wp\/v2\/product_tag?post=57677"}],"curies":[{"name":"wp","href":"https:\/\/api.w.org\/{rel}","templated":true}]}}