{"id":57647,"date":"2026-04-15T15:55:42","date_gmt":"2026-04-15T12:55:42","guid":{"rendered":"https:\/\/miumjau.ee\/?post_type=product&#038;p=57647"},"modified":"2026-04-15T16:23:09","modified_gmt":"2026-04-15T13:23:09","slug":"brit-premium-by-nature-sunu-konservi-liellopa-gala-un-kungis-400-g-kopeeri","status":"publish","type":"product","link":"https:\/\/miumjau.ee\/lv\/produkts\/brit-premium-by-nature-sunu-konservi-liellopa-gala-un-kungis-400-g-kopeeri\/","title":{"rendered":"Brit Premium by Nature su\u0146u konservi \u2013 liellopa ga\u013ca un ku\u0146\u0123is 6&#215;400 g"},"content":{"rendered":"","protected":false},"excerpt":{"rendered":"<p data-start=\"2329\" data-end=\"2545\">Ide\u0101ls papildin\u0101jums sausi\u0146iem. Var lietot k\u0101 pilnv\u0113rt\u012bgu bar\u012bbu vai uzkodu un pie\u0161\u0137ir papildus gar\u0161u sausi\u0146iem. Uzlabo apet\u012bti un hidrat\u0101ciju. Satur kolag\u0113nu vesel\u0101m loc\u012btav\u0101m, k\u0101 ar\u012b la\u0161a e\u013c\u013cu, aug\u013cus un gar\u0161augus.<\/p>\n<p data-start=\"2547\" data-end=\"2585\">Pilnv\u0113rt\u012bga bar\u012bba pieaugu\u0161iem su\u0146iem.<\/p>\n<p data-start=\"2587\" data-end=\"2745\"><strong data-start=\"2587\" data-end=\"2629\">Lieliska sagremojam\u012bba un izcila gar\u0161a<\/strong><br data-start=\"2629\" data-end=\"2632\" \/><strong data-start=\"2632\" data-end=\"2693\">Sabalan\u00ads\u0113ts uzturvielu, vitam\u012bnu un miner\u0101lvielu sast\u0101vs<\/strong><br data-start=\"2693\" data-end=\"2696\" \/><strong data-start=\"2696\" data-end=\"2745\">BEZ GRAUDIEM \u2013 BEZ PIEVIENOTAS S\u0100LS \u2013 BEZ \u0122MO<\/strong><\/p>\n<p data-start=\"2747\" data-end=\"2867\"><strong data-start=\"2747\" data-end=\"2759\">Sast\u0101vs:<\/strong> liellopa ga\u013ca (36%), vista (22%), ku\u0146\u0123is (4%), kolag\u0113ns (1%), zir\u0146u milti, lignoceluloze, la\u0161a e\u013c\u013ca (0,5%).<\/p>\n<p data-start=\"2869\" data-end=\"3026\"><strong data-start=\"2869\" data-end=\"2897\">Anal\u012btisk\u0101s sast\u0101vda\u013cas:<\/strong> kopprote\u012bns 9,0 %, koptauki 6,5 %, \u0161\u0137iedrvielas 0,4 %, pelni 2,7 %, mitrums 78,0 %, kalcijs 0,3 %, fosfors 0,3 %, n\u0101trijs 0,5 %.<\/p>\n<p data-start=\"3028\" data-end=\"3269\"><strong data-start=\"3028\" data-end=\"3048\">Uztura piedevas:<\/strong> D3 vitam\u012bns (3a672a) 200 SV, D3 vitam\u012bns (3a671) 200 SV, E vitam\u012bns (3a700) 100 mg, B1 vitam\u012bns (3a821) 1,3 mg, biot\u012bns (3a880) 0,5 mg, cinks (3b606) 10 mg, dzelzs (3b106) 8 mg, mang\u0101ns (3b504) 2 mg, jods (3b201) 0,5 mg.<\/p>\n<p data-start=\"3271\" data-end=\"3314\"><strong data-start=\"3271\" data-end=\"3299\">Metaboliz\u0113jam\u0101 ener\u0123ija:<\/strong> 1 065 kcal\/kg.<\/p>\n","protected":false},"featured_media":57658,"template":"","meta":[],"product_brand":[],"product_cat":[577],"product_tag":[],"class_list":{"0":"post-57647","1":"product","2":"type-product","3":"status-publish","4":"has-post-thumbnail","6":"product_cat-mitra-bariba-suniem","8":"first","9":"instock","10":"taxable","11":"shipping-taxable","12":"purchasable","13":"product-type-simple"},"yoast_head":"<!-- This site is optimized with the Yoast SEO plugin v27.2 - https:\/\/yoast.com\/product\/yoast-seo-wordpress\/ -->\n<title>Brit Premium by Nature su\u0146u konservi \u2013 liellopa ga\u013ca un ku\u0146\u0123is 6x400 g - MiuMjau<\/title>\n<meta name=\"robots\" content=\"index, follow, max-snippet:-1, max-image-preview:large, max-video-preview:-1\" \/>\n<link rel=\"canonical\" href=\"https:\/\/miumjau.ee\/lv\/produkts\/brit-premium-by-nature-sunu-konservi-liellopa-gala-un-kungis-400-g-kopeeri\/\" \/>\n<meta property=\"og:locale\" content=\"lv_LV\" \/>\n<meta property=\"og:type\" content=\"article\" \/>\n<meta property=\"og:title\" content=\"Brit Premium by Nature su\u0146u konservi \u2013 liellopa ga\u013ca un ku\u0146\u0123is 6x400 g - MiuMjau\" \/>\n<meta property=\"og:description\" content=\"Ide\u0101ls papildin\u0101jums sausi\u0146iem. Var lietot k\u0101 pilnv\u0113rt\u012bgu bar\u012bbu vai uzkodu un pie\u0161\u0137ir papildus gar\u0161u sausi\u0146iem. Uzlabo apet\u012bti un hidrat\u0101ciju. Satur kolag\u0113nu vesel\u0101m loc\u012btav\u0101m, k\u0101 ar\u012b la\u0161a e\u013c\u013cu, aug\u013cus un gar\u0161augus. Pilnv\u0113rt\u012bga bar\u012bba pieaugu\u0161iem su\u0146iem. Lieliska sagremojam\u012bba un izcila gar\u0161aSabalan\u00ads\u0113ts uzturvielu, vitam\u012bnu un miner\u0101lvielu sast\u0101vsBEZ GRAUDIEM \u2013 BEZ PIEVIENOTAS S\u0100LS \u2013 BEZ \u0122MO Sast\u0101vs: liellopa ga\u013ca (36%), vista (22%), ku\u0146\u0123is (4%), kolag\u0113ns (1%), zir\u0146u milti, lignoceluloze, la\u0161a e\u013c\u013ca (0,5%). Anal\u012btisk\u0101s sast\u0101vda\u013cas: kopprote\u012bns 9,0 %, koptauki 6,5 %, \u0161\u0137iedrvielas 0,4 %, pelni 2,7 %, mitrums 78,0 %, kalcijs 0,3 %, fosfors 0,3 %, n\u0101trijs 0,5 %. Uztura piedevas: D3 vitam\u012bns (3a672a) 200 SV, D3 vitam\u012bns (3a671) 200 SV, E vitam\u012bns (3a700) 100 mg, B1 vitam\u012bns (3a821) 1,3 mg, biot\u012bns (3a880) 0,5 mg, cinks (3b606) 10 mg, dzelzs (3b106) 8 mg, mang\u0101ns (3b504) 2 mg, jods (3b201) 0,5 mg. Metaboliz\u0113jam\u0101 ener\u0123ija: 1 065 kcal\/kg.\" \/>\n<meta property=\"og:url\" content=\"https:\/\/miumjau.ee\/lv\/produkts\/brit-premium-by-nature-sunu-konservi-liellopa-gala-un-kungis-400-g-kopeeri\/\" \/>\n<meta property=\"og:site_name\" content=\"MiuMjau\" \/>\n<meta property=\"article:publisher\" content=\"https:\/\/www.facebook.com\/miumjaupood\/\" \/>\n<meta property=\"article:modified_time\" content=\"2026-04-15T13:23:09+00:00\" \/>\n<meta property=\"og:image\" content=\"https:\/\/miumjau.ee\/wp-content\/uploads\/2026\/04\/brit-konserv-koertele-beef-tripe.jpg\" \/>\n\t<meta property=\"og:image:width\" content=\"600\" \/>\n\t<meta property=\"og:image:height\" content=\"800\" \/>\n\t<meta property=\"og:image:type\" content=\"image\/jpeg\" \/>\n<meta name=\"twitter:card\" content=\"summary_large_image\" \/>\n<script type=\"application\/ld+json\" class=\"yoast-schema-graph\">{\"@context\":\"https:\/\/schema.org\",\"@graph\":[{\"@type\":\"WebPage\",\"@id\":\"https:\/\/miumjau.ee\/lv\/produkts\/brit-premium-by-nature-sunu-konservi-liellopa-gala-un-kungis-400-g-kopeeri\/\",\"url\":\"https:\/\/miumjau.ee\/lv\/produkts\/brit-premium-by-nature-sunu-konservi-liellopa-gala-un-kungis-400-g-kopeeri\/\",\"name\":\"Brit Premium by Nature su\u0146u konservi \u2013 liellopa ga\u013ca un ku\u0146\u0123is 6x400 g - MiuMjau\",\"isPartOf\":{\"@id\":\"https:\/\/miumjau.ee\/#website\"},\"primaryImageOfPage\":{\"@id\":\"https:\/\/miumjau.ee\/lv\/produkts\/brit-premium-by-nature-sunu-konservi-liellopa-gala-un-kungis-400-g-kopeeri\/#primaryimage\"},\"image\":{\"@id\":\"https:\/\/miumjau.ee\/lv\/produkts\/brit-premium-by-nature-sunu-konservi-liellopa-gala-un-kungis-400-g-kopeeri\/#primaryimage\"},\"thumbnailUrl\":\"https:\/\/miumjau.ee\/wp-content\/uploads\/2026\/04\/brit-konserv-koertele-beef-tripe.jpg\",\"datePublished\":\"2026-04-15T12:55:42+00:00\",\"dateModified\":\"2026-04-15T13:23:09+00:00\",\"breadcrumb\":{\"@id\":\"https:\/\/miumjau.ee\/lv\/produkts\/brit-premium-by-nature-sunu-konservi-liellopa-gala-un-kungis-400-g-kopeeri\/#breadcrumb\"},\"inLanguage\":\"lv-LV\",\"potentialAction\":[{\"@type\":\"ReadAction\",\"target\":[\"https:\/\/miumjau.ee\/lv\/produkts\/brit-premium-by-nature-sunu-konservi-liellopa-gala-un-kungis-400-g-kopeeri\/\"]}]},{\"@type\":\"ImageObject\",\"inLanguage\":\"lv-LV\",\"@id\":\"https:\/\/miumjau.ee\/lv\/produkts\/brit-premium-by-nature-sunu-konservi-liellopa-gala-un-kungis-400-g-kopeeri\/#primaryimage\",\"url\":\"https:\/\/miumjau.ee\/wp-content\/uploads\/2026\/04\/brit-konserv-koertele-beef-tripe.jpg\",\"contentUrl\":\"https:\/\/miumjau.ee\/wp-content\/uploads\/2026\/04\/brit-konserv-koertele-beef-tripe.jpg\",\"width\":600,\"height\":800,\"caption\":\"Brit Premium by Nature koerakonserv veise ja maoga 6x400g\"},{\"@type\":\"BreadcrumbList\",\"@id\":\"https:\/\/miumjau.ee\/lv\/produkts\/brit-premium-by-nature-sunu-konservi-liellopa-gala-un-kungis-400-g-kopeeri\/#breadcrumb\",\"itemListElement\":[{\"@type\":\"ListItem\",\"position\":1,\"name\":\"Home\",\"item\":\"https:\/\/miumjau.ee\/lv\/\"},{\"@type\":\"ListItem\",\"position\":2,\"name\":\"Veikals\",\"item\":\"https:\/\/miumjau.ee\/lv\/veikals\/\"},{\"@type\":\"ListItem\",\"position\":3,\"name\":\"Brit Premium by Nature su\u0146u konservi \u2013 liellopa ga\u013ca un ku\u0146\u0123is 6&#215;400 g\"}]},{\"@type\":\"WebSite\",\"@id\":\"https:\/\/miumjau.ee\/#website\",\"url\":\"https:\/\/miumjau.ee\/\",\"name\":\"MiuMjau\",\"description\":\"Kraapimispuud kassidele\",\"publisher\":{\"@id\":\"https:\/\/miumjau.ee\/#organization\"},\"potentialAction\":[{\"@type\":\"SearchAction\",\"target\":{\"@type\":\"EntryPoint\",\"urlTemplate\":\"https:\/\/miumjau.ee\/?s={search_term_string}\"},\"query-input\":{\"@type\":\"PropertyValueSpecification\",\"valueRequired\":true,\"valueName\":\"search_term_string\"}}],\"inLanguage\":\"lv-LV\"},{\"@type\":\"Organization\",\"@id\":\"https:\/\/miumjau.ee\/#organization\",\"name\":\"MiuMjau O\u00dc\",\"url\":\"https:\/\/miumjau.ee\/\",\"logo\":{\"@type\":\"ImageObject\",\"inLanguage\":\"lv-LV\",\"@id\":\"https:\/\/miumjau.ee\/#\/schema\/logo\/image\/\",\"url\":\"https:\/\/miumjau.ee\/wp-content\/uploads\/2022\/04\/MiuMjau-logo-kollane.png\",\"contentUrl\":\"https:\/\/miumjau.ee\/wp-content\/uploads\/2022\/04\/MiuMjau-logo-kollane.png\",\"width\":219,\"height\":100,\"caption\":\"MiuMjau O\u00dc\"},\"image\":{\"@id\":\"https:\/\/miumjau.ee\/#\/schema\/logo\/image\/\"},\"sameAs\":[\"https:\/\/www.facebook.com\/miumjaupood\/\"]}]}<\/script>\n<!-- \/ Yoast SEO plugin. -->","yoast_head_json":{"title":"Brit Premium by Nature su\u0146u konservi \u2013 liellopa ga\u013ca un ku\u0146\u0123is 6x400 g - MiuMjau","robots":{"index":"index","follow":"follow","max-snippet":"max-snippet:-1","max-image-preview":"max-image-preview:large","max-video-preview":"max-video-preview:-1"},"canonical":"https:\/\/miumjau.ee\/lv\/produkts\/brit-premium-by-nature-sunu-konservi-liellopa-gala-un-kungis-400-g-kopeeri\/","og_locale":"lv_LV","og_type":"article","og_title":"Brit Premium by Nature su\u0146u konservi \u2013 liellopa ga\u013ca un ku\u0146\u0123is 6x400 g - MiuMjau","og_description":"Ide\u0101ls papildin\u0101jums sausi\u0146iem. Var lietot k\u0101 pilnv\u0113rt\u012bgu bar\u012bbu vai uzkodu un pie\u0161\u0137ir papildus gar\u0161u sausi\u0146iem. Uzlabo apet\u012bti un hidrat\u0101ciju. Satur kolag\u0113nu vesel\u0101m loc\u012btav\u0101m, k\u0101 ar\u012b la\u0161a e\u013c\u013cu, aug\u013cus un gar\u0161augus. Pilnv\u0113rt\u012bga bar\u012bba pieaugu\u0161iem su\u0146iem. Lieliska sagremojam\u012bba un izcila gar\u0161aSabalan\u00ads\u0113ts uzturvielu, vitam\u012bnu un miner\u0101lvielu sast\u0101vsBEZ GRAUDIEM \u2013 BEZ PIEVIENOTAS S\u0100LS \u2013 BEZ \u0122MO Sast\u0101vs: liellopa ga\u013ca (36%), vista (22%), ku\u0146\u0123is (4%), kolag\u0113ns (1%), zir\u0146u milti, lignoceluloze, la\u0161a e\u013c\u013ca (0,5%). Anal\u012btisk\u0101s sast\u0101vda\u013cas: kopprote\u012bns 9,0 %, koptauki 6,5 %, \u0161\u0137iedrvielas 0,4 %, pelni 2,7 %, mitrums 78,0 %, kalcijs 0,3 %, fosfors 0,3 %, n\u0101trijs 0,5 %. Uztura piedevas: D3 vitam\u012bns (3a672a) 200 SV, D3 vitam\u012bns (3a671) 200 SV, E vitam\u012bns (3a700) 100 mg, B1 vitam\u012bns (3a821) 1,3 mg, biot\u012bns (3a880) 0,5 mg, cinks (3b606) 10 mg, dzelzs (3b106) 8 mg, mang\u0101ns (3b504) 2 mg, jods (3b201) 0,5 mg. Metaboliz\u0113jam\u0101 ener\u0123ija: 1 065 kcal\/kg.","og_url":"https:\/\/miumjau.ee\/lv\/produkts\/brit-premium-by-nature-sunu-konservi-liellopa-gala-un-kungis-400-g-kopeeri\/","og_site_name":"MiuMjau","article_publisher":"https:\/\/www.facebook.com\/miumjaupood\/","article_modified_time":"2026-04-15T13:23:09+00:00","og_image":[{"width":600,"height":800,"url":"https:\/\/miumjau.ee\/wp-content\/uploads\/2026\/04\/brit-konserv-koertele-beef-tripe.jpg","type":"image\/jpeg"}],"twitter_card":"summary_large_image","schema":{"@context":"https:\/\/schema.org","@graph":[{"@type":"WebPage","@id":"https:\/\/miumjau.ee\/lv\/produkts\/brit-premium-by-nature-sunu-konservi-liellopa-gala-un-kungis-400-g-kopeeri\/","url":"https:\/\/miumjau.ee\/lv\/produkts\/brit-premium-by-nature-sunu-konservi-liellopa-gala-un-kungis-400-g-kopeeri\/","name":"Brit Premium by Nature su\u0146u konservi \u2013 liellopa ga\u013ca un ku\u0146\u0123is 6x400 g - MiuMjau","isPartOf":{"@id":"https:\/\/miumjau.ee\/#website"},"primaryImageOfPage":{"@id":"https:\/\/miumjau.ee\/lv\/produkts\/brit-premium-by-nature-sunu-konservi-liellopa-gala-un-kungis-400-g-kopeeri\/#primaryimage"},"image":{"@id":"https:\/\/miumjau.ee\/lv\/produkts\/brit-premium-by-nature-sunu-konservi-liellopa-gala-un-kungis-400-g-kopeeri\/#primaryimage"},"thumbnailUrl":"https:\/\/miumjau.ee\/wp-content\/uploads\/2026\/04\/brit-konserv-koertele-beef-tripe.jpg","datePublished":"2026-04-15T12:55:42+00:00","dateModified":"2026-04-15T13:23:09+00:00","breadcrumb":{"@id":"https:\/\/miumjau.ee\/lv\/produkts\/brit-premium-by-nature-sunu-konservi-liellopa-gala-un-kungis-400-g-kopeeri\/#breadcrumb"},"inLanguage":"lv-LV","potentialAction":[{"@type":"ReadAction","target":["https:\/\/miumjau.ee\/lv\/produkts\/brit-premium-by-nature-sunu-konservi-liellopa-gala-un-kungis-400-g-kopeeri\/"]}]},{"@type":"ImageObject","inLanguage":"lv-LV","@id":"https:\/\/miumjau.ee\/lv\/produkts\/brit-premium-by-nature-sunu-konservi-liellopa-gala-un-kungis-400-g-kopeeri\/#primaryimage","url":"https:\/\/miumjau.ee\/wp-content\/uploads\/2026\/04\/brit-konserv-koertele-beef-tripe.jpg","contentUrl":"https:\/\/miumjau.ee\/wp-content\/uploads\/2026\/04\/brit-konserv-koertele-beef-tripe.jpg","width":600,"height":800,"caption":"Brit Premium by Nature koerakonserv veise ja maoga 6x400g"},{"@type":"BreadcrumbList","@id":"https:\/\/miumjau.ee\/lv\/produkts\/brit-premium-by-nature-sunu-konservi-liellopa-gala-un-kungis-400-g-kopeeri\/#breadcrumb","itemListElement":[{"@type":"ListItem","position":1,"name":"Home","item":"https:\/\/miumjau.ee\/lv\/"},{"@type":"ListItem","position":2,"name":"Veikals","item":"https:\/\/miumjau.ee\/lv\/veikals\/"},{"@type":"ListItem","position":3,"name":"Brit Premium by Nature su\u0146u konservi \u2013 liellopa ga\u013ca un ku\u0146\u0123is 6&#215;400 g"}]},{"@type":"WebSite","@id":"https:\/\/miumjau.ee\/#website","url":"https:\/\/miumjau.ee\/","name":"MiuMjau","description":"Kraapimispuud kassidele","publisher":{"@id":"https:\/\/miumjau.ee\/#organization"},"potentialAction":[{"@type":"SearchAction","target":{"@type":"EntryPoint","urlTemplate":"https:\/\/miumjau.ee\/?s={search_term_string}"},"query-input":{"@type":"PropertyValueSpecification","valueRequired":true,"valueName":"search_term_string"}}],"inLanguage":"lv-LV"},{"@type":"Organization","@id":"https:\/\/miumjau.ee\/#organization","name":"MiuMjau O\u00dc","url":"https:\/\/miumjau.ee\/","logo":{"@type":"ImageObject","inLanguage":"lv-LV","@id":"https:\/\/miumjau.ee\/#\/schema\/logo\/image\/","url":"https:\/\/miumjau.ee\/wp-content\/uploads\/2022\/04\/MiuMjau-logo-kollane.png","contentUrl":"https:\/\/miumjau.ee\/wp-content\/uploads\/2022\/04\/MiuMjau-logo-kollane.png","width":219,"height":100,"caption":"MiuMjau O\u00dc"},"image":{"@id":"https:\/\/miumjau.ee\/#\/schema\/logo\/image\/"},"sameAs":["https:\/\/www.facebook.com\/miumjaupood\/"]}]}},"_links":{"self":[{"href":"https:\/\/miumjau.ee\/lv\/wp-json\/wp\/v2\/product\/57647","targetHints":{"allow":["GET"]}}],"collection":[{"href":"https:\/\/miumjau.ee\/lv\/wp-json\/wp\/v2\/product"}],"about":[{"href":"https:\/\/miumjau.ee\/lv\/wp-json\/wp\/v2\/types\/product"}],"wp:featuredmedia":[{"embeddable":true,"href":"https:\/\/miumjau.ee\/lv\/wp-json\/wp\/v2\/media\/57658"}],"wp:attachment":[{"href":"https:\/\/miumjau.ee\/lv\/wp-json\/wp\/v2\/media?parent=57647"}],"wp:term":[{"taxonomy":"product_brand","embeddable":true,"href":"https:\/\/miumjau.ee\/lv\/wp-json\/wp\/v2\/product_brand?post=57647"},{"taxonomy":"product_cat","embeddable":true,"href":"https:\/\/miumjau.ee\/lv\/wp-json\/wp\/v2\/product_cat?post=57647"},{"taxonomy":"product_tag","embeddable":true,"href":"https:\/\/miumjau.ee\/lv\/wp-json\/wp\/v2\/product_tag?post=57647"}],"curies":[{"name":"wp","href":"https:\/\/api.w.org\/{rel}","templated":true}]}}