{"id":56591,"date":"2022-04-13T14:39:53","date_gmt":"2022-04-13T11:39:53","guid":{"rendered":"https:\/\/miumjau.ee\/toode\/skrapesanas-koks-147-cm-18003-peleks\/"},"modified":"2022-04-13T14:39:53","modified_gmt":"2022-04-13T11:39:53","slug":"skrapesanas-koks-147-cm-18003-peleks","status":"publish","type":"product","link":"https:\/\/miumjau.ee\/lv\/produkts\/skrapesanas-koks-147-cm-18003-peleks\/","title":{"rendered":"Skr\u0101p\u0113\u0161anas koks 147 cm, 18003, pel\u0113ks"},"content":{"rendered":"","protected":false},"excerpt":{"rendered":"<p data-start=\"81\" data-end=\"323\">Modelis ir paredz\u0113ts ka\u0137iem l\u012bdz vid\u0113jam svaram. \u013boti lieliem ka\u0137iem iesak\u0101m izv\u0113l\u0113ties citus mode\u013cus.<br data-start=\"183\" data-end=\"186\" \/>Piez\u012bme: \u0145emiet v\u0113r\u0101, ka apak\u0161\u0113jie skr\u0101p\u0113\u0161anas stabi ir t\u0101di pa\u0161i k\u0101 vid\u0113jie \u2013 gan apak\u0161\u0101, gan aug\u0161\u0113j\u0101 mal\u0101 ir m\u012bksts pl\u012b\u0161a p\u0101rkl\u0101jums.<\/p>\n<p data-start=\"325\" data-end=\"630\">Pamatnes izm\u0113ri: 60,5 \u00d7 46 cm<br data-start=\"354\" data-end=\"357\" \/>M\u0101ji\u0146as izm\u0113ri: 41 \u00d7 41 cm<br data-start=\"383\" data-end=\"386\" \/>Izb\u012bd\u012bt\u0101 groza diametrs: 28 cm<br data-start=\"416\" data-end=\"419\" \/>Aug\u0161\u0113jo platformu diametrs: 28 cm<br data-start=\"452\" data-end=\"455\" data-is-only-node=\"\" \/>Produkta augstums: 147 cm<br data-start=\"480\" data-end=\"483\" \/>Svars bez iepakojuma: 14,6 kg, ar iepakojumu: 15,6 kg<br data-start=\"536\" data-end=\"539\" \/>Iepakojuma izm\u0113ri: 62 \u00d7 47 \u00d7 22 cm<br data-start=\"573\" data-end=\"576\" \/>Sp\u0113les auklas novietojums uz pamatnes var main\u012bties.<\/p>\n","protected":false},"featured_media":56599,"template":"","meta":[],"product_brand":[],"product_cat":[584],"product_tag":[],"class_list":{"0":"post-56591","1":"product","2":"type-product","3":"status-publish","4":"has-post-thumbnail","6":"product_cat-lieli-skrapesanas-koki","7":"product_shipping_class-pakiautomaati-sobimatu-lv","9":"first","10":"instock","11":"sale","12":"taxable","13":"shipping-taxable","14":"purchasable","15":"product-type-simple"},"yoast_head":"<!-- This site is optimized with the Yoast SEO plugin v27.2 - https:\/\/yoast.com\/product\/yoast-seo-wordpress\/ -->\n<title>Skr\u0101p\u0113\u0161anas koks 147 cm, 18003, pel\u0113ks - MiuMjau<\/title>\n<meta name=\"robots\" content=\"index, follow, max-snippet:-1, max-image-preview:large, max-video-preview:-1\" \/>\n<link rel=\"canonical\" href=\"https:\/\/miumjau.ee\/lv\/produkts\/skrapesanas-koks-147-cm-18003-peleks\/\" \/>\n<meta property=\"og:locale\" content=\"lv_LV\" \/>\n<meta property=\"og:type\" content=\"article\" \/>\n<meta property=\"og:title\" content=\"Skr\u0101p\u0113\u0161anas koks 147 cm, 18003, pel\u0113ks - MiuMjau\" \/>\n<meta property=\"og:description\" content=\"Modelis ir paredz\u0113ts ka\u0137iem l\u012bdz vid\u0113jam svaram. \u013boti lieliem ka\u0137iem iesak\u0101m izv\u0113l\u0113ties citus mode\u013cus.Piez\u012bme: \u0145emiet v\u0113r\u0101, ka apak\u0161\u0113jie skr\u0101p\u0113\u0161anas stabi ir t\u0101di pa\u0161i k\u0101 vid\u0113jie \u2013 gan apak\u0161\u0101, gan aug\u0161\u0113j\u0101 mal\u0101 ir m\u012bksts pl\u012b\u0161a p\u0101rkl\u0101jums. Pamatnes izm\u0113ri: 60,5 \u00d7 46 cmM\u0101ji\u0146as izm\u0113ri: 41 \u00d7 41 cmIzb\u012bd\u012bt\u0101 groza diametrs: 28 cmAug\u0161\u0113jo platformu diametrs: 28 cmProdukta augstums: 147 cmSvars bez iepakojuma: 14,6 kg, ar iepakojumu: 15,6 kgIepakojuma izm\u0113ri: 62 \u00d7 47 \u00d7 22 cmSp\u0113les auklas novietojums uz pamatnes var main\u012bties.\" \/>\n<meta property=\"og:url\" content=\"https:\/\/miumjau.ee\/lv\/produkts\/skrapesanas-koks-147-cm-18003-peleks\/\" \/>\n<meta property=\"og:site_name\" content=\"MiuMjau\" \/>\n<meta property=\"article:publisher\" content=\"https:\/\/www.facebook.com\/miumjaupood\/\" \/>\n<meta property=\"og:image\" content=\"https:\/\/miumjau.ee\/wp-content\/uploads\/2022\/04\/kraapimispuu-18003-7.jpg\" \/>\n\t<meta property=\"og:image:width\" content=\"600\" \/>\n\t<meta property=\"og:image:height\" content=\"600\" \/>\n\t<meta property=\"og:image:type\" content=\"image\/jpeg\" \/>\n<meta name=\"twitter:card\" content=\"summary_large_image\" \/>\n<script type=\"application\/ld+json\" class=\"yoast-schema-graph\">{\"@context\":\"https:\/\/schema.org\",\"@graph\":[{\"@type\":\"WebPage\",\"@id\":\"https:\/\/miumjau.ee\/lv\/produkts\/skrapesanas-koks-147-cm-18003-peleks\/\",\"url\":\"https:\/\/miumjau.ee\/lv\/produkts\/skrapesanas-koks-147-cm-18003-peleks\/\",\"name\":\"Skr\u0101p\u0113\u0161anas koks 147 cm, 18003, pel\u0113ks - MiuMjau\",\"isPartOf\":{\"@id\":\"https:\/\/miumjau.ee\/#website\"},\"primaryImageOfPage\":{\"@id\":\"https:\/\/miumjau.ee\/lv\/produkts\/skrapesanas-koks-147-cm-18003-peleks\/#primaryimage\"},\"image\":{\"@id\":\"https:\/\/miumjau.ee\/lv\/produkts\/skrapesanas-koks-147-cm-18003-peleks\/#primaryimage\"},\"thumbnailUrl\":\"https:\/\/miumjau.ee\/wp-content\/uploads\/2022\/04\/kraapimispuu-18003-7.jpg\",\"datePublished\":\"2022-04-13T11:39:53+00:00\",\"breadcrumb\":{\"@id\":\"https:\/\/miumjau.ee\/lv\/produkts\/skrapesanas-koks-147-cm-18003-peleks\/#breadcrumb\"},\"inLanguage\":\"lv-LV\",\"potentialAction\":[{\"@type\":\"ReadAction\",\"target\":[\"https:\/\/miumjau.ee\/lv\/produkts\/skrapesanas-koks-147-cm-18003-peleks\/\"]}]},{\"@type\":\"ImageObject\",\"inLanguage\":\"lv-LV\",\"@id\":\"https:\/\/miumjau.ee\/lv\/produkts\/skrapesanas-koks-147-cm-18003-peleks\/#primaryimage\",\"url\":\"https:\/\/miumjau.ee\/wp-content\/uploads\/2022\/04\/kraapimispuu-18003-7.jpg\",\"contentUrl\":\"https:\/\/miumjau.ee\/wp-content\/uploads\/2022\/04\/kraapimispuu-18003-7.jpg\",\"width\":600,\"height\":600},{\"@type\":\"BreadcrumbList\",\"@id\":\"https:\/\/miumjau.ee\/lv\/produkts\/skrapesanas-koks-147-cm-18003-peleks\/#breadcrumb\",\"itemListElement\":[{\"@type\":\"ListItem\",\"position\":1,\"name\":\"Home\",\"item\":\"https:\/\/miumjau.ee\/lv\/\"},{\"@type\":\"ListItem\",\"position\":2,\"name\":\"Veikals\",\"item\":\"https:\/\/miumjau.ee\/lv\/veikals\/\"},{\"@type\":\"ListItem\",\"position\":3,\"name\":\"Skr\u0101p\u0113\u0161anas koks 147 cm, 18003, pel\u0113ks\"}]},{\"@type\":\"WebSite\",\"@id\":\"https:\/\/miumjau.ee\/#website\",\"url\":\"https:\/\/miumjau.ee\/\",\"name\":\"MiuMjau\",\"description\":\"Kraapimispuud kassidele\",\"publisher\":{\"@id\":\"https:\/\/miumjau.ee\/#organization\"},\"potentialAction\":[{\"@type\":\"SearchAction\",\"target\":{\"@type\":\"EntryPoint\",\"urlTemplate\":\"https:\/\/miumjau.ee\/?s={search_term_string}\"},\"query-input\":{\"@type\":\"PropertyValueSpecification\",\"valueRequired\":true,\"valueName\":\"search_term_string\"}}],\"inLanguage\":\"lv-LV\"},{\"@type\":\"Organization\",\"@id\":\"https:\/\/miumjau.ee\/#organization\",\"name\":\"MiuMjau O\u00dc\",\"url\":\"https:\/\/miumjau.ee\/\",\"logo\":{\"@type\":\"ImageObject\",\"inLanguage\":\"lv-LV\",\"@id\":\"https:\/\/miumjau.ee\/#\/schema\/logo\/image\/\",\"url\":\"https:\/\/miumjau.ee\/wp-content\/uploads\/2022\/04\/MiuMjau-logo-kollane.png\",\"contentUrl\":\"https:\/\/miumjau.ee\/wp-content\/uploads\/2022\/04\/MiuMjau-logo-kollane.png\",\"width\":219,\"height\":100,\"caption\":\"MiuMjau O\u00dc\"},\"image\":{\"@id\":\"https:\/\/miumjau.ee\/#\/schema\/logo\/image\/\"},\"sameAs\":[\"https:\/\/www.facebook.com\/miumjaupood\/\"]}]}<\/script>\n<!-- \/ Yoast SEO plugin. -->","yoast_head_json":{"title":"Skr\u0101p\u0113\u0161anas koks 147 cm, 18003, pel\u0113ks - MiuMjau","robots":{"index":"index","follow":"follow","max-snippet":"max-snippet:-1","max-image-preview":"max-image-preview:large","max-video-preview":"max-video-preview:-1"},"canonical":"https:\/\/miumjau.ee\/lv\/produkts\/skrapesanas-koks-147-cm-18003-peleks\/","og_locale":"lv_LV","og_type":"article","og_title":"Skr\u0101p\u0113\u0161anas koks 147 cm, 18003, pel\u0113ks - MiuMjau","og_description":"Modelis ir paredz\u0113ts ka\u0137iem l\u012bdz vid\u0113jam svaram. \u013boti lieliem ka\u0137iem iesak\u0101m izv\u0113l\u0113ties citus mode\u013cus.Piez\u012bme: \u0145emiet v\u0113r\u0101, ka apak\u0161\u0113jie skr\u0101p\u0113\u0161anas stabi ir t\u0101di pa\u0161i k\u0101 vid\u0113jie \u2013 gan apak\u0161\u0101, gan aug\u0161\u0113j\u0101 mal\u0101 ir m\u012bksts pl\u012b\u0161a p\u0101rkl\u0101jums. Pamatnes izm\u0113ri: 60,5 \u00d7 46 cmM\u0101ji\u0146as izm\u0113ri: 41 \u00d7 41 cmIzb\u012bd\u012bt\u0101 groza diametrs: 28 cmAug\u0161\u0113jo platformu diametrs: 28 cmProdukta augstums: 147 cmSvars bez iepakojuma: 14,6 kg, ar iepakojumu: 15,6 kgIepakojuma izm\u0113ri: 62 \u00d7 47 \u00d7 22 cmSp\u0113les auklas novietojums uz pamatnes var main\u012bties.","og_url":"https:\/\/miumjau.ee\/lv\/produkts\/skrapesanas-koks-147-cm-18003-peleks\/","og_site_name":"MiuMjau","article_publisher":"https:\/\/www.facebook.com\/miumjaupood\/","og_image":[{"width":600,"height":600,"url":"https:\/\/miumjau.ee\/wp-content\/uploads\/2022\/04\/kraapimispuu-18003-7.jpg","type":"image\/jpeg"}],"twitter_card":"summary_large_image","schema":{"@context":"https:\/\/schema.org","@graph":[{"@type":"WebPage","@id":"https:\/\/miumjau.ee\/lv\/produkts\/skrapesanas-koks-147-cm-18003-peleks\/","url":"https:\/\/miumjau.ee\/lv\/produkts\/skrapesanas-koks-147-cm-18003-peleks\/","name":"Skr\u0101p\u0113\u0161anas koks 147 cm, 18003, pel\u0113ks - MiuMjau","isPartOf":{"@id":"https:\/\/miumjau.ee\/#website"},"primaryImageOfPage":{"@id":"https:\/\/miumjau.ee\/lv\/produkts\/skrapesanas-koks-147-cm-18003-peleks\/#primaryimage"},"image":{"@id":"https:\/\/miumjau.ee\/lv\/produkts\/skrapesanas-koks-147-cm-18003-peleks\/#primaryimage"},"thumbnailUrl":"https:\/\/miumjau.ee\/wp-content\/uploads\/2022\/04\/kraapimispuu-18003-7.jpg","datePublished":"2022-04-13T11:39:53+00:00","breadcrumb":{"@id":"https:\/\/miumjau.ee\/lv\/produkts\/skrapesanas-koks-147-cm-18003-peleks\/#breadcrumb"},"inLanguage":"lv-LV","potentialAction":[{"@type":"ReadAction","target":["https:\/\/miumjau.ee\/lv\/produkts\/skrapesanas-koks-147-cm-18003-peleks\/"]}]},{"@type":"ImageObject","inLanguage":"lv-LV","@id":"https:\/\/miumjau.ee\/lv\/produkts\/skrapesanas-koks-147-cm-18003-peleks\/#primaryimage","url":"https:\/\/miumjau.ee\/wp-content\/uploads\/2022\/04\/kraapimispuu-18003-7.jpg","contentUrl":"https:\/\/miumjau.ee\/wp-content\/uploads\/2022\/04\/kraapimispuu-18003-7.jpg","width":600,"height":600},{"@type":"BreadcrumbList","@id":"https:\/\/miumjau.ee\/lv\/produkts\/skrapesanas-koks-147-cm-18003-peleks\/#breadcrumb","itemListElement":[{"@type":"ListItem","position":1,"name":"Home","item":"https:\/\/miumjau.ee\/lv\/"},{"@type":"ListItem","position":2,"name":"Veikals","item":"https:\/\/miumjau.ee\/lv\/veikals\/"},{"@type":"ListItem","position":3,"name":"Skr\u0101p\u0113\u0161anas koks 147 cm, 18003, pel\u0113ks"}]},{"@type":"WebSite","@id":"https:\/\/miumjau.ee\/#website","url":"https:\/\/miumjau.ee\/","name":"MiuMjau","description":"Kraapimispuud kassidele","publisher":{"@id":"https:\/\/miumjau.ee\/#organization"},"potentialAction":[{"@type":"SearchAction","target":{"@type":"EntryPoint","urlTemplate":"https:\/\/miumjau.ee\/?s={search_term_string}"},"query-input":{"@type":"PropertyValueSpecification","valueRequired":true,"valueName":"search_term_string"}}],"inLanguage":"lv-LV"},{"@type":"Organization","@id":"https:\/\/miumjau.ee\/#organization","name":"MiuMjau O\u00dc","url":"https:\/\/miumjau.ee\/","logo":{"@type":"ImageObject","inLanguage":"lv-LV","@id":"https:\/\/miumjau.ee\/#\/schema\/logo\/image\/","url":"https:\/\/miumjau.ee\/wp-content\/uploads\/2022\/04\/MiuMjau-logo-kollane.png","contentUrl":"https:\/\/miumjau.ee\/wp-content\/uploads\/2022\/04\/MiuMjau-logo-kollane.png","width":219,"height":100,"caption":"MiuMjau O\u00dc"},"image":{"@id":"https:\/\/miumjau.ee\/#\/schema\/logo\/image\/"},"sameAs":["https:\/\/www.facebook.com\/miumjaupood\/"]}]}},"_links":{"self":[{"href":"https:\/\/miumjau.ee\/lv\/wp-json\/wp\/v2\/product\/56591","targetHints":{"allow":["GET"]}}],"collection":[{"href":"https:\/\/miumjau.ee\/lv\/wp-json\/wp\/v2\/product"}],"about":[{"href":"https:\/\/miumjau.ee\/lv\/wp-json\/wp\/v2\/types\/product"}],"wp:featuredmedia":[{"embeddable":true,"href":"https:\/\/miumjau.ee\/lv\/wp-json\/wp\/v2\/media\/56599"}],"wp:attachment":[{"href":"https:\/\/miumjau.ee\/lv\/wp-json\/wp\/v2\/media?parent=56591"}],"wp:term":[{"taxonomy":"product_brand","embeddable":true,"href":"https:\/\/miumjau.ee\/lv\/wp-json\/wp\/v2\/product_brand?post=56591"},{"taxonomy":"product_cat","embeddable":true,"href":"https:\/\/miumjau.ee\/lv\/wp-json\/wp\/v2\/product_cat?post=56591"},{"taxonomy":"product_tag","embeddable":true,"href":"https:\/\/miumjau.ee\/lv\/wp-json\/wp\/v2\/product_tag?post=56591"}],"curies":[{"name":"wp","href":"https:\/\/api.w.org\/{rel}","templated":true}]}}