{"id":56588,"date":"2024-01-01T14:10:31","date_gmt":"2024-01-01T12:10:31","guid":{"rendered":"https:\/\/miumjau.ee\/toode\/skrapesanas-stabs-kapelesanas-sienai-2080-melns\/"},"modified":"2024-01-01T14:10:31","modified_gmt":"2024-01-01T12:10:31","slug":"skrapesanas-stabs-kapelesanas-sienai-2080-melns","status":"publish","type":"product","link":"https:\/\/miumjau.ee\/lv\/produkts\/skrapesanas-stabs-kapelesanas-sienai-2080-melns\/","title":{"rendered":"Skr\u0101p\u0113\u0161anas stabs k\u0101pel\u0113\u0161anas sienai 2080, melns"},"content":{"rendered":"","protected":false},"excerpt":{"rendered":"<p data-start=\"91\" data-end=\"530\">Skr\u0101p\u0113\u0161anas stabs Post 2080 no z\u012bmola Petrebels ir paredz\u0113ts lieto\u0161anai k\u0101 viens no elementiem ka\u0137a k\u0101pel\u0113\u0161anas sien\u0101. Stabi ir tr\u012bs da\u017e\u0101dos diametros. \u0160is stabs ir pat 20 cm biezs un 80 cm augsts. Savienojot elementus, ir iesp\u0113jams piestiprin\u0101t pie sienas garu skr\u0101p\u0113\u0161anas un k\u0101pel\u0113\u0161anas cauruli, ar kuru, piem\u0113ram, var sasniegt ligzdu pie griestiem. Visus elementus var kombin\u0113t p\u0113c sav\u0101m un ka\u0137a vajadz\u012bb\u0101m. Tikai fant\u0101zija ir robe\u017ea!<\/p>\n<p data-start=\"532\" data-end=\"856\">\u0160is produkts galvenok\u0101rt paredz\u0113ts eso\u0161\u0101 komplekta pagarin\u0101\u0161anai. Ja jums jau ir ieg\u0101d\u0101ts Climb 2080 komplekts (skr\u0101p\u0113\u0161anas caurule ar sienas stiprin\u0101jumiem), tad var ieg\u0101d\u0101ties papildu da\u013cas, lai \u0161o cauruli pagarin\u0101tu. Papildus iesp\u0113jams uzst\u0101d\u012bt papildu pak\u0101pienus un kar\u0101jamos grozus. L\u016bdzu, skatiet ilustr\u0113jo\u0161o att\u0113lu.<\/p>\n<p data-start=\"858\" data-end=\"997\">Produkta svars: 4,2 kg<br data-start=\"880\" data-end=\"883\" \/>Diametrs: 20 cm<br data-start=\"898\" data-end=\"901\" \/>Augstums: 80 cm<br data-start=\"916\" data-end=\"919\" \/>V\u012btne: M10 (v\u012bt\u0146u stie\u0146us p\u0101rdod gandr\u012bz visos b\u016bvniec\u012bbas veikalos Latvij\u0101)<\/p>\n<p data-start=\"999\" data-end=\"1079\" data-is-last-node=\"\" data-is-only-node=\"\">Petrebels ir N\u012bderlandes kvalit\u0101tes z\u012bmols, no kura j\u016bs nepiedz\u012bvosiet vil\u0161anos!<\/p>\n","protected":false},"featured_media":56590,"template":"","meta":[],"product_brand":[],"product_cat":[593],"product_tag":[],"class_list":{"0":"post-56588","1":"product","2":"type-product","3":"status-publish","4":"has-post-thumbnail","6":"product_cat-kapelesanas-siena-kakiem","7":"product_shipping_class-pakiautomaati-sobimatu-lv","9":"first","10":"instock","11":"taxable","12":"shipping-taxable","13":"purchasable","14":"product-type-simple"},"yoast_head":"<!-- This site is optimized with the Yoast SEO plugin v27.2 - https:\/\/yoast.com\/product\/yoast-seo-wordpress\/ -->\n<title>Skr\u0101p\u0113\u0161anas stabs k\u0101pel\u0113\u0161anas sienai 2080, melns - MiuMjau<\/title>\n<meta name=\"robots\" content=\"index, follow, max-snippet:-1, max-image-preview:large, max-video-preview:-1\" \/>\n<link rel=\"canonical\" href=\"https:\/\/miumjau.ee\/lv\/produkts\/skrapesanas-stabs-kapelesanas-sienai-2080-melns\/\" \/>\n<meta property=\"og:locale\" content=\"lv_LV\" \/>\n<meta property=\"og:type\" content=\"article\" \/>\n<meta property=\"og:title\" content=\"Skr\u0101p\u0113\u0161anas stabs k\u0101pel\u0113\u0161anas sienai 2080, melns - MiuMjau\" \/>\n<meta property=\"og:description\" content=\"Skr\u0101p\u0113\u0161anas stabs Post 2080 no z\u012bmola Petrebels ir paredz\u0113ts lieto\u0161anai k\u0101 viens no elementiem ka\u0137a k\u0101pel\u0113\u0161anas sien\u0101. Stabi ir tr\u012bs da\u017e\u0101dos diametros. \u0160is stabs ir pat 20 cm biezs un 80 cm augsts. Savienojot elementus, ir iesp\u0113jams piestiprin\u0101t pie sienas garu skr\u0101p\u0113\u0161anas un k\u0101pel\u0113\u0161anas cauruli, ar kuru, piem\u0113ram, var sasniegt ligzdu pie griestiem. Visus elementus var kombin\u0113t p\u0113c sav\u0101m un ka\u0137a vajadz\u012bb\u0101m. Tikai fant\u0101zija ir robe\u017ea! \u0160is produkts galvenok\u0101rt paredz\u0113ts eso\u0161\u0101 komplekta pagarin\u0101\u0161anai. Ja jums jau ir ieg\u0101d\u0101ts Climb 2080 komplekts (skr\u0101p\u0113\u0161anas caurule ar sienas stiprin\u0101jumiem), tad var ieg\u0101d\u0101ties papildu da\u013cas, lai \u0161o cauruli pagarin\u0101tu. Papildus iesp\u0113jams uzst\u0101d\u012bt papildu pak\u0101pienus un kar\u0101jamos grozus. L\u016bdzu, skatiet ilustr\u0113jo\u0161o att\u0113lu. Produkta svars: 4,2 kgDiametrs: 20 cmAugstums: 80 cmV\u012btne: M10 (v\u012bt\u0146u stie\u0146us p\u0101rdod gandr\u012bz visos b\u016bvniec\u012bbas veikalos Latvij\u0101) Petrebels ir N\u012bderlandes kvalit\u0101tes z\u012bmols, no kura j\u016bs nepiedz\u012bvosiet vil\u0161anos!\" \/>\n<meta property=\"og:url\" content=\"https:\/\/miumjau.ee\/lv\/produkts\/skrapesanas-stabs-kapelesanas-sienai-2080-melns\/\" \/>\n<meta property=\"og:site_name\" content=\"MiuMjau\" \/>\n<meta property=\"article:publisher\" content=\"https:\/\/www.facebook.com\/miumjaupood\/\" \/>\n<meta property=\"og:image\" content=\"https:\/\/miumjau.ee\/wp-content\/uploads\/2023\/12\/kraapimispost-20803.jpg\" \/>\n\t<meta property=\"og:image:width\" content=\"600\" \/>\n\t<meta property=\"og:image:height\" content=\"800\" \/>\n\t<meta property=\"og:image:type\" content=\"image\/jpeg\" \/>\n<meta name=\"twitter:card\" content=\"summary_large_image\" \/>\n<script type=\"application\/ld+json\" class=\"yoast-schema-graph\">{\"@context\":\"https:\/\/schema.org\",\"@graph\":[{\"@type\":\"WebPage\",\"@id\":\"https:\/\/miumjau.ee\/lv\/produkts\/skrapesanas-stabs-kapelesanas-sienai-2080-melns\/\",\"url\":\"https:\/\/miumjau.ee\/lv\/produkts\/skrapesanas-stabs-kapelesanas-sienai-2080-melns\/\",\"name\":\"Skr\u0101p\u0113\u0161anas stabs k\u0101pel\u0113\u0161anas sienai 2080, melns - MiuMjau\",\"isPartOf\":{\"@id\":\"https:\/\/miumjau.ee\/#website\"},\"primaryImageOfPage\":{\"@id\":\"https:\/\/miumjau.ee\/lv\/produkts\/skrapesanas-stabs-kapelesanas-sienai-2080-melns\/#primaryimage\"},\"image\":{\"@id\":\"https:\/\/miumjau.ee\/lv\/produkts\/skrapesanas-stabs-kapelesanas-sienai-2080-melns\/#primaryimage\"},\"thumbnailUrl\":\"https:\/\/miumjau.ee\/wp-content\/uploads\/2023\/12\/kraapimispost-20803.jpg\",\"datePublished\":\"2024-01-01T12:10:31+00:00\",\"breadcrumb\":{\"@id\":\"https:\/\/miumjau.ee\/lv\/produkts\/skrapesanas-stabs-kapelesanas-sienai-2080-melns\/#breadcrumb\"},\"inLanguage\":\"lv-LV\",\"potentialAction\":[{\"@type\":\"ReadAction\",\"target\":[\"https:\/\/miumjau.ee\/lv\/produkts\/skrapesanas-stabs-kapelesanas-sienai-2080-melns\/\"]}]},{\"@type\":\"ImageObject\",\"inLanguage\":\"lv-LV\",\"@id\":\"https:\/\/miumjau.ee\/lv\/produkts\/skrapesanas-stabs-kapelesanas-sienai-2080-melns\/#primaryimage\",\"url\":\"https:\/\/miumjau.ee\/wp-content\/uploads\/2023\/12\/kraapimispost-20803.jpg\",\"contentUrl\":\"https:\/\/miumjau.ee\/wp-content\/uploads\/2023\/12\/kraapimispost-20803.jpg\",\"width\":600,\"height\":800},{\"@type\":\"BreadcrumbList\",\"@id\":\"https:\/\/miumjau.ee\/lv\/produkts\/skrapesanas-stabs-kapelesanas-sienai-2080-melns\/#breadcrumb\",\"itemListElement\":[{\"@type\":\"ListItem\",\"position\":1,\"name\":\"Home\",\"item\":\"https:\/\/miumjau.ee\/lv\/\"},{\"@type\":\"ListItem\",\"position\":2,\"name\":\"Veikals\",\"item\":\"https:\/\/miumjau.ee\/lv\/veikals\/\"},{\"@type\":\"ListItem\",\"position\":3,\"name\":\"Skr\u0101p\u0113\u0161anas stabs k\u0101pel\u0113\u0161anas sienai 2080, melns\"}]},{\"@type\":\"WebSite\",\"@id\":\"https:\/\/miumjau.ee\/#website\",\"url\":\"https:\/\/miumjau.ee\/\",\"name\":\"MiuMjau\",\"description\":\"Kraapimispuud kassidele\",\"publisher\":{\"@id\":\"https:\/\/miumjau.ee\/#organization\"},\"potentialAction\":[{\"@type\":\"SearchAction\",\"target\":{\"@type\":\"EntryPoint\",\"urlTemplate\":\"https:\/\/miumjau.ee\/?s={search_term_string}\"},\"query-input\":{\"@type\":\"PropertyValueSpecification\",\"valueRequired\":true,\"valueName\":\"search_term_string\"}}],\"inLanguage\":\"lv-LV\"},{\"@type\":\"Organization\",\"@id\":\"https:\/\/miumjau.ee\/#organization\",\"name\":\"MiuMjau O\u00dc\",\"url\":\"https:\/\/miumjau.ee\/\",\"logo\":{\"@type\":\"ImageObject\",\"inLanguage\":\"lv-LV\",\"@id\":\"https:\/\/miumjau.ee\/#\/schema\/logo\/image\/\",\"url\":\"https:\/\/miumjau.ee\/wp-content\/uploads\/2022\/04\/MiuMjau-logo-kollane.png\",\"contentUrl\":\"https:\/\/miumjau.ee\/wp-content\/uploads\/2022\/04\/MiuMjau-logo-kollane.png\",\"width\":219,\"height\":100,\"caption\":\"MiuMjau O\u00dc\"},\"image\":{\"@id\":\"https:\/\/miumjau.ee\/#\/schema\/logo\/image\/\"},\"sameAs\":[\"https:\/\/www.facebook.com\/miumjaupood\/\"]}]}<\/script>\n<!-- \/ Yoast SEO plugin. -->","yoast_head_json":{"title":"Skr\u0101p\u0113\u0161anas stabs k\u0101pel\u0113\u0161anas sienai 2080, melns - MiuMjau","robots":{"index":"index","follow":"follow","max-snippet":"max-snippet:-1","max-image-preview":"max-image-preview:large","max-video-preview":"max-video-preview:-1"},"canonical":"https:\/\/miumjau.ee\/lv\/produkts\/skrapesanas-stabs-kapelesanas-sienai-2080-melns\/","og_locale":"lv_LV","og_type":"article","og_title":"Skr\u0101p\u0113\u0161anas stabs k\u0101pel\u0113\u0161anas sienai 2080, melns - MiuMjau","og_description":"Skr\u0101p\u0113\u0161anas stabs Post 2080 no z\u012bmola Petrebels ir paredz\u0113ts lieto\u0161anai k\u0101 viens no elementiem ka\u0137a k\u0101pel\u0113\u0161anas sien\u0101. Stabi ir tr\u012bs da\u017e\u0101dos diametros. \u0160is stabs ir pat 20 cm biezs un 80 cm augsts. Savienojot elementus, ir iesp\u0113jams piestiprin\u0101t pie sienas garu skr\u0101p\u0113\u0161anas un k\u0101pel\u0113\u0161anas cauruli, ar kuru, piem\u0113ram, var sasniegt ligzdu pie griestiem. Visus elementus var kombin\u0113t p\u0113c sav\u0101m un ka\u0137a vajadz\u012bb\u0101m. Tikai fant\u0101zija ir robe\u017ea! \u0160is produkts galvenok\u0101rt paredz\u0113ts eso\u0161\u0101 komplekta pagarin\u0101\u0161anai. Ja jums jau ir ieg\u0101d\u0101ts Climb 2080 komplekts (skr\u0101p\u0113\u0161anas caurule ar sienas stiprin\u0101jumiem), tad var ieg\u0101d\u0101ties papildu da\u013cas, lai \u0161o cauruli pagarin\u0101tu. Papildus iesp\u0113jams uzst\u0101d\u012bt papildu pak\u0101pienus un kar\u0101jamos grozus. L\u016bdzu, skatiet ilustr\u0113jo\u0161o att\u0113lu. Produkta svars: 4,2 kgDiametrs: 20 cmAugstums: 80 cmV\u012btne: M10 (v\u012bt\u0146u stie\u0146us p\u0101rdod gandr\u012bz visos b\u016bvniec\u012bbas veikalos Latvij\u0101) Petrebels ir N\u012bderlandes kvalit\u0101tes z\u012bmols, no kura j\u016bs nepiedz\u012bvosiet vil\u0161anos!","og_url":"https:\/\/miumjau.ee\/lv\/produkts\/skrapesanas-stabs-kapelesanas-sienai-2080-melns\/","og_site_name":"MiuMjau","article_publisher":"https:\/\/www.facebook.com\/miumjaupood\/","og_image":[{"width":600,"height":800,"url":"https:\/\/miumjau.ee\/wp-content\/uploads\/2023\/12\/kraapimispost-20803.jpg","type":"image\/jpeg"}],"twitter_card":"summary_large_image","schema":{"@context":"https:\/\/schema.org","@graph":[{"@type":"WebPage","@id":"https:\/\/miumjau.ee\/lv\/produkts\/skrapesanas-stabs-kapelesanas-sienai-2080-melns\/","url":"https:\/\/miumjau.ee\/lv\/produkts\/skrapesanas-stabs-kapelesanas-sienai-2080-melns\/","name":"Skr\u0101p\u0113\u0161anas stabs k\u0101pel\u0113\u0161anas sienai 2080, melns - MiuMjau","isPartOf":{"@id":"https:\/\/miumjau.ee\/#website"},"primaryImageOfPage":{"@id":"https:\/\/miumjau.ee\/lv\/produkts\/skrapesanas-stabs-kapelesanas-sienai-2080-melns\/#primaryimage"},"image":{"@id":"https:\/\/miumjau.ee\/lv\/produkts\/skrapesanas-stabs-kapelesanas-sienai-2080-melns\/#primaryimage"},"thumbnailUrl":"https:\/\/miumjau.ee\/wp-content\/uploads\/2023\/12\/kraapimispost-20803.jpg","datePublished":"2024-01-01T12:10:31+00:00","breadcrumb":{"@id":"https:\/\/miumjau.ee\/lv\/produkts\/skrapesanas-stabs-kapelesanas-sienai-2080-melns\/#breadcrumb"},"inLanguage":"lv-LV","potentialAction":[{"@type":"ReadAction","target":["https:\/\/miumjau.ee\/lv\/produkts\/skrapesanas-stabs-kapelesanas-sienai-2080-melns\/"]}]},{"@type":"ImageObject","inLanguage":"lv-LV","@id":"https:\/\/miumjau.ee\/lv\/produkts\/skrapesanas-stabs-kapelesanas-sienai-2080-melns\/#primaryimage","url":"https:\/\/miumjau.ee\/wp-content\/uploads\/2023\/12\/kraapimispost-20803.jpg","contentUrl":"https:\/\/miumjau.ee\/wp-content\/uploads\/2023\/12\/kraapimispost-20803.jpg","width":600,"height":800},{"@type":"BreadcrumbList","@id":"https:\/\/miumjau.ee\/lv\/produkts\/skrapesanas-stabs-kapelesanas-sienai-2080-melns\/#breadcrumb","itemListElement":[{"@type":"ListItem","position":1,"name":"Home","item":"https:\/\/miumjau.ee\/lv\/"},{"@type":"ListItem","position":2,"name":"Veikals","item":"https:\/\/miumjau.ee\/lv\/veikals\/"},{"@type":"ListItem","position":3,"name":"Skr\u0101p\u0113\u0161anas stabs k\u0101pel\u0113\u0161anas sienai 2080, melns"}]},{"@type":"WebSite","@id":"https:\/\/miumjau.ee\/#website","url":"https:\/\/miumjau.ee\/","name":"MiuMjau","description":"Kraapimispuud kassidele","publisher":{"@id":"https:\/\/miumjau.ee\/#organization"},"potentialAction":[{"@type":"SearchAction","target":{"@type":"EntryPoint","urlTemplate":"https:\/\/miumjau.ee\/?s={search_term_string}"},"query-input":{"@type":"PropertyValueSpecification","valueRequired":true,"valueName":"search_term_string"}}],"inLanguage":"lv-LV"},{"@type":"Organization","@id":"https:\/\/miumjau.ee\/#organization","name":"MiuMjau O\u00dc","url":"https:\/\/miumjau.ee\/","logo":{"@type":"ImageObject","inLanguage":"lv-LV","@id":"https:\/\/miumjau.ee\/#\/schema\/logo\/image\/","url":"https:\/\/miumjau.ee\/wp-content\/uploads\/2022\/04\/MiuMjau-logo-kollane.png","contentUrl":"https:\/\/miumjau.ee\/wp-content\/uploads\/2022\/04\/MiuMjau-logo-kollane.png","width":219,"height":100,"caption":"MiuMjau O\u00dc"},"image":{"@id":"https:\/\/miumjau.ee\/#\/schema\/logo\/image\/"},"sameAs":["https:\/\/www.facebook.com\/miumjaupood\/"]}]}},"_links":{"self":[{"href":"https:\/\/miumjau.ee\/lv\/wp-json\/wp\/v2\/product\/56588","targetHints":{"allow":["GET"]}}],"collection":[{"href":"https:\/\/miumjau.ee\/lv\/wp-json\/wp\/v2\/product"}],"about":[{"href":"https:\/\/miumjau.ee\/lv\/wp-json\/wp\/v2\/types\/product"}],"wp:featuredmedia":[{"embeddable":true,"href":"https:\/\/miumjau.ee\/lv\/wp-json\/wp\/v2\/media\/56590"}],"wp:attachment":[{"href":"https:\/\/miumjau.ee\/lv\/wp-json\/wp\/v2\/media?parent=56588"}],"wp:term":[{"taxonomy":"product_brand","embeddable":true,"href":"https:\/\/miumjau.ee\/lv\/wp-json\/wp\/v2\/product_brand?post=56588"},{"taxonomy":"product_cat","embeddable":true,"href":"https:\/\/miumjau.ee\/lv\/wp-json\/wp\/v2\/product_cat?post=56588"},{"taxonomy":"product_tag","embeddable":true,"href":"https:\/\/miumjau.ee\/lv\/wp-json\/wp\/v2\/product_tag?post=56588"}],"curies":[{"name":"wp","href":"https:\/\/api.w.org\/{rel}","templated":true}]}}