{"id":56521,"date":"2023-12-28T03:41:15","date_gmt":"2023-12-28T01:41:15","guid":{"rendered":"https:\/\/miumjau.ee\/toode\/kaku-plaukts-petrebels-wave-70-old-grey\/"},"modified":"2023-12-28T03:41:15","modified_gmt":"2023-12-28T01:41:15","slug":"kaku-plaukts-petrebels-wave-70-old-grey","status":"publish","type":"product","link":"https:\/\/miumjau.ee\/lv\/produkts\/kaku-plaukts-petrebels-wave-70-old-grey\/","title":{"rendered":"Ka\u0137u plaukts Petrebels Wave 70, old grey"},"content":{"rendered":"","protected":false},"excerpt":{"rendered":"<p data-start=\"83\" data-end=\"122\">\u012apa\u0161a atp\u016btas vieta ka\u0137iem pie sienas<\/p>\n<p data-start=\"124\" data-end=\"917\">Wave 70 ir gaum\u012bgi izliekts plaukts ar spilvenu, kas ir da\u013ca no m\u016bsu Wall of Rebels kolekcijas. Produktu s\u0113rija ir paredz\u0113ta ka\u0137iem gul\u0113\u0161anai, sp\u0113l\u0113\u0161anai, k\u0101pel\u0113\u0161anai un ar\u012b skr\u0101p\u0113\u0161anai. Visus elementus var kombin\u0113t bezgal\u012bgi, piel\u0101gojot tos sav\u0101m un ka\u0137a vajadz\u012bb\u0101m. Vai j\u016bsu ka\u0137is ir maz\u0101k akt\u012bvs vai vec\u0101ks? Tad piestipriniet Wave 70 tuv\u0101k gr\u012bdai. Ja j\u016bsu ka\u0137im pat\u012bk gul\u0113t augstu un vi\u0146\u0161 izbauda k\u0101du interesantu k\u0101pel\u0113\u0161anas piedz\u012bvojumu, izvietojiet sienas plauktu p\u0113c iesp\u0113jas augst\u0101k. P\u0101rliecinieties, ka ka\u0137is var viegli piek\u013c\u016bt, savienojot to ar citiem stil\u012bgiem k\u0101pel\u0113\u0161anas elementiem, piem\u0113ram, pak\u0101pieniem, horizont\u0101l\u0113m, k\u0101pn\u0113m vai tilti\u0146u. Vai m\u0101j\u0101 ir vair\u0101ki ka\u0137i? Protams, ar\u012b vi\u0146us var iepriecin\u0101t ar \u0113rtu gu\u013cvietu \u2013 Moon 40 ir m\u0101j\u012bgs, Relax 50 un Curve 70 \u2013 lieli un m\u012bksti.<\/p>\n<p data-start=\"919\" data-end=\"1123\">Izm\u0113ri \u2013 garums 70 cm, platums 20 cm, augstums 35 cm<br data-start=\"971\" data-end=\"974\" \/>Produkta svars \u2013 3,5 kg<br data-start=\"997\" data-end=\"1000\" \/>Plaukts izgatavots no iztur\u012bga eikalipta finiera<br data-start=\"1048\" data-end=\"1051\" \/>Spilvens 2,5 cm biezs, piestiprin\u0101ms ar klik\u0161\u0137i, p\u0101rvalks ir mazg\u0101jams<\/p>\n<p data-start=\"1125\" data-end=\"1191\" data-is-last-node=\"\" data-is-only-node=\"\">Visas nepiecie\u0161am\u0101s sast\u0101vda\u013cas sienas stiprin\u0101\u0161anai ir komplekt\u0101!<\/p>\n","protected":false},"featured_media":56522,"template":"","meta":[],"product_brand":[],"product_cat":[593,573],"product_tag":[],"class_list":{"0":"post-56521","1":"product","2":"type-product","3":"status-publish","4":"has-post-thumbnail","6":"product_cat-kapelesanas-siena-kakiem","7":"product_cat-kaup24-lv","8":"product_shipping_class-pakiautomaati-sobimatu-lv","10":"first","11":"instock","12":"sale","13":"taxable","14":"shipping-taxable","15":"purchasable","16":"product-type-simple"},"yoast_head":"<!-- This site is optimized with the Yoast SEO plugin v27.4 - https:\/\/yoast.com\/product\/yoast-seo-wordpress\/ -->\n<title>Ka\u0137u plaukts Petrebels Wave 70, old grey - MiuMjau<\/title>\n<meta name=\"robots\" content=\"index, follow, max-snippet:-1, max-image-preview:large, max-video-preview:-1\" \/>\n<link rel=\"canonical\" href=\"https:\/\/miumjau.ee\/lv\/produkts\/kaku-plaukts-petrebels-wave-70-old-grey\/\" \/>\n<meta property=\"og:locale\" content=\"lv_LV\" \/>\n<meta property=\"og:type\" content=\"article\" \/>\n<meta property=\"og:title\" content=\"Ka\u0137u plaukts Petrebels Wave 70, old grey - MiuMjau\" \/>\n<meta property=\"og:description\" content=\"\u012apa\u0161a atp\u016btas vieta ka\u0137iem pie sienas Wave 70 ir gaum\u012bgi izliekts plaukts ar spilvenu, kas ir da\u013ca no m\u016bsu Wall of Rebels kolekcijas. Produktu s\u0113rija ir paredz\u0113ta ka\u0137iem gul\u0113\u0161anai, sp\u0113l\u0113\u0161anai, k\u0101pel\u0113\u0161anai un ar\u012b skr\u0101p\u0113\u0161anai. Visus elementus var kombin\u0113t bezgal\u012bgi, piel\u0101gojot tos sav\u0101m un ka\u0137a vajadz\u012bb\u0101m. Vai j\u016bsu ka\u0137is ir maz\u0101k akt\u012bvs vai vec\u0101ks? Tad piestipriniet Wave 70 tuv\u0101k gr\u012bdai. Ja j\u016bsu ka\u0137im pat\u012bk gul\u0113t augstu un vi\u0146\u0161 izbauda k\u0101du interesantu k\u0101pel\u0113\u0161anas piedz\u012bvojumu, izvietojiet sienas plauktu p\u0113c iesp\u0113jas augst\u0101k. P\u0101rliecinieties, ka ka\u0137is var viegli piek\u013c\u016bt, savienojot to ar citiem stil\u012bgiem k\u0101pel\u0113\u0161anas elementiem, piem\u0113ram, pak\u0101pieniem, horizont\u0101l\u0113m, k\u0101pn\u0113m vai tilti\u0146u. Vai m\u0101j\u0101 ir vair\u0101ki ka\u0137i? Protams, ar\u012b vi\u0146us var iepriecin\u0101t ar \u0113rtu gu\u013cvietu \u2013 Moon 40 ir m\u0101j\u012bgs, Relax 50 un Curve 70 \u2013 lieli un m\u012bksti. Izm\u0113ri \u2013 garums 70 cm, platums 20 cm, augstums 35 cmProdukta svars \u2013 3,5 kgPlaukts izgatavots no iztur\u012bga eikalipta finieraSpilvens 2,5 cm biezs, piestiprin\u0101ms ar klik\u0161\u0137i, p\u0101rvalks ir mazg\u0101jams Visas nepiecie\u0161am\u0101s sast\u0101vda\u013cas sienas stiprin\u0101\u0161anai ir komplekt\u0101!\" \/>\n<meta property=\"og:url\" content=\"https:\/\/miumjau.ee\/lv\/produkts\/kaku-plaukts-petrebels-wave-70-old-grey\/\" \/>\n<meta property=\"og:site_name\" content=\"MiuMjau\" \/>\n<meta property=\"article:publisher\" content=\"https:\/\/www.facebook.com\/miumjaupood\/\" \/>\n<meta property=\"og:image\" content=\"https:\/\/miumjau.ee\/wp-content\/uploads\/2023\/12\/kassi-riiul-wave703.jpg\" \/>\n\t<meta property=\"og:image:width\" content=\"600\" \/>\n\t<meta property=\"og:image:height\" content=\"800\" \/>\n\t<meta property=\"og:image:type\" content=\"image\/jpeg\" \/>\n<meta name=\"twitter:card\" content=\"summary_large_image\" \/>\n<script type=\"application\/ld+json\" class=\"yoast-schema-graph\">{\"@context\":\"https:\\\/\\\/schema.org\",\"@graph\":[{\"@type\":\"WebPage\",\"@id\":\"https:\\\/\\\/miumjau.ee\\\/lv\\\/produkts\\\/kaku-plaukts-petrebels-wave-70-old-grey\\\/\",\"url\":\"https:\\\/\\\/miumjau.ee\\\/lv\\\/produkts\\\/kaku-plaukts-petrebels-wave-70-old-grey\\\/\",\"name\":\"Ka\u0137u plaukts Petrebels Wave 70, old grey - MiuMjau\",\"isPartOf\":{\"@id\":\"https:\\\/\\\/miumjau.ee\\\/#website\"},\"primaryImageOfPage\":{\"@id\":\"https:\\\/\\\/miumjau.ee\\\/lv\\\/produkts\\\/kaku-plaukts-petrebels-wave-70-old-grey\\\/#primaryimage\"},\"image\":{\"@id\":\"https:\\\/\\\/miumjau.ee\\\/lv\\\/produkts\\\/kaku-plaukts-petrebels-wave-70-old-grey\\\/#primaryimage\"},\"thumbnailUrl\":\"https:\\\/\\\/miumjau.ee\\\/wp-content\\\/uploads\\\/2023\\\/12\\\/kassi-riiul-wave703.jpg\",\"datePublished\":\"2023-12-28T01:41:15+00:00\",\"breadcrumb\":{\"@id\":\"https:\\\/\\\/miumjau.ee\\\/lv\\\/produkts\\\/kaku-plaukts-petrebels-wave-70-old-grey\\\/#breadcrumb\"},\"inLanguage\":\"lv-LV\",\"potentialAction\":[{\"@type\":\"ReadAction\",\"target\":[\"https:\\\/\\\/miumjau.ee\\\/lv\\\/produkts\\\/kaku-plaukts-petrebels-wave-70-old-grey\\\/\"]}]},{\"@type\":\"ImageObject\",\"inLanguage\":\"lv-LV\",\"@id\":\"https:\\\/\\\/miumjau.ee\\\/lv\\\/produkts\\\/kaku-plaukts-petrebels-wave-70-old-grey\\\/#primaryimage\",\"url\":\"https:\\\/\\\/miumjau.ee\\\/wp-content\\\/uploads\\\/2023\\\/12\\\/kassi-riiul-wave703.jpg\",\"contentUrl\":\"https:\\\/\\\/miumjau.ee\\\/wp-content\\\/uploads\\\/2023\\\/12\\\/kassi-riiul-wave703.jpg\",\"width\":600,\"height\":800},{\"@type\":\"BreadcrumbList\",\"@id\":\"https:\\\/\\\/miumjau.ee\\\/lv\\\/produkts\\\/kaku-plaukts-petrebels-wave-70-old-grey\\\/#breadcrumb\",\"itemListElement\":[{\"@type\":\"ListItem\",\"position\":1,\"name\":\"Home\",\"item\":\"https:\\\/\\\/miumjau.ee\\\/lv\\\/\"},{\"@type\":\"ListItem\",\"position\":2,\"name\":\"Veikals\",\"item\":\"https:\\\/\\\/miumjau.ee\\\/lv\\\/veikals\\\/\"},{\"@type\":\"ListItem\",\"position\":3,\"name\":\"Ka\u0137u plaukts Petrebels Wave 70, old grey\"}]},{\"@type\":\"WebSite\",\"@id\":\"https:\\\/\\\/miumjau.ee\\\/#website\",\"url\":\"https:\\\/\\\/miumjau.ee\\\/\",\"name\":\"MiuMjau\",\"description\":\"Kraapimispuud kassidele\",\"publisher\":{\"@id\":\"https:\\\/\\\/miumjau.ee\\\/#organization\"},\"potentialAction\":[{\"@type\":\"SearchAction\",\"target\":{\"@type\":\"EntryPoint\",\"urlTemplate\":\"https:\\\/\\\/miumjau.ee\\\/?s={search_term_string}\"},\"query-input\":{\"@type\":\"PropertyValueSpecification\",\"valueRequired\":true,\"valueName\":\"search_term_string\"}}],\"inLanguage\":\"lv-LV\"},{\"@type\":\"Organization\",\"@id\":\"https:\\\/\\\/miumjau.ee\\\/#organization\",\"name\":\"MiuMjau O\u00dc\",\"url\":\"https:\\\/\\\/miumjau.ee\\\/\",\"logo\":{\"@type\":\"ImageObject\",\"inLanguage\":\"lv-LV\",\"@id\":\"https:\\\/\\\/miumjau.ee\\\/#\\\/schema\\\/logo\\\/image\\\/\",\"url\":\"https:\\\/\\\/miumjau.ee\\\/wp-content\\\/uploads\\\/2022\\\/04\\\/MiuMjau-logo-kollane.png\",\"contentUrl\":\"https:\\\/\\\/miumjau.ee\\\/wp-content\\\/uploads\\\/2022\\\/04\\\/MiuMjau-logo-kollane.png\",\"width\":219,\"height\":100,\"caption\":\"MiuMjau O\u00dc\"},\"image\":{\"@id\":\"https:\\\/\\\/miumjau.ee\\\/#\\\/schema\\\/logo\\\/image\\\/\"},\"sameAs\":[\"https:\\\/\\\/www.facebook.com\\\/miumjaupood\\\/\"]}]}<\/script>\n<!-- \/ Yoast SEO plugin. -->","yoast_head_json":{"title":"Ka\u0137u plaukts Petrebels Wave 70, old grey - MiuMjau","robots":{"index":"index","follow":"follow","max-snippet":"max-snippet:-1","max-image-preview":"max-image-preview:large","max-video-preview":"max-video-preview:-1"},"canonical":"https:\/\/miumjau.ee\/lv\/produkts\/kaku-plaukts-petrebels-wave-70-old-grey\/","og_locale":"lv_LV","og_type":"article","og_title":"Ka\u0137u plaukts Petrebels Wave 70, old grey - MiuMjau","og_description":"\u012apa\u0161a atp\u016btas vieta ka\u0137iem pie sienas Wave 70 ir gaum\u012bgi izliekts plaukts ar spilvenu, kas ir da\u013ca no m\u016bsu Wall of Rebels kolekcijas. Produktu s\u0113rija ir paredz\u0113ta ka\u0137iem gul\u0113\u0161anai, sp\u0113l\u0113\u0161anai, k\u0101pel\u0113\u0161anai un ar\u012b skr\u0101p\u0113\u0161anai. Visus elementus var kombin\u0113t bezgal\u012bgi, piel\u0101gojot tos sav\u0101m un ka\u0137a vajadz\u012bb\u0101m. Vai j\u016bsu ka\u0137is ir maz\u0101k akt\u012bvs vai vec\u0101ks? Tad piestipriniet Wave 70 tuv\u0101k gr\u012bdai. Ja j\u016bsu ka\u0137im pat\u012bk gul\u0113t augstu un vi\u0146\u0161 izbauda k\u0101du interesantu k\u0101pel\u0113\u0161anas piedz\u012bvojumu, izvietojiet sienas plauktu p\u0113c iesp\u0113jas augst\u0101k. P\u0101rliecinieties, ka ka\u0137is var viegli piek\u013c\u016bt, savienojot to ar citiem stil\u012bgiem k\u0101pel\u0113\u0161anas elementiem, piem\u0113ram, pak\u0101pieniem, horizont\u0101l\u0113m, k\u0101pn\u0113m vai tilti\u0146u. Vai m\u0101j\u0101 ir vair\u0101ki ka\u0137i? Protams, ar\u012b vi\u0146us var iepriecin\u0101t ar \u0113rtu gu\u013cvietu \u2013 Moon 40 ir m\u0101j\u012bgs, Relax 50 un Curve 70 \u2013 lieli un m\u012bksti. Izm\u0113ri \u2013 garums 70 cm, platums 20 cm, augstums 35 cmProdukta svars \u2013 3,5 kgPlaukts izgatavots no iztur\u012bga eikalipta finieraSpilvens 2,5 cm biezs, piestiprin\u0101ms ar klik\u0161\u0137i, p\u0101rvalks ir mazg\u0101jams Visas nepiecie\u0161am\u0101s sast\u0101vda\u013cas sienas stiprin\u0101\u0161anai ir komplekt\u0101!","og_url":"https:\/\/miumjau.ee\/lv\/produkts\/kaku-plaukts-petrebels-wave-70-old-grey\/","og_site_name":"MiuMjau","article_publisher":"https:\/\/www.facebook.com\/miumjaupood\/","og_image":[{"width":600,"height":800,"url":"https:\/\/miumjau.ee\/wp-content\/uploads\/2023\/12\/kassi-riiul-wave703.jpg","type":"image\/jpeg"}],"twitter_card":"summary_large_image","schema":{"@context":"https:\/\/schema.org","@graph":[{"@type":"WebPage","@id":"https:\/\/miumjau.ee\/lv\/produkts\/kaku-plaukts-petrebels-wave-70-old-grey\/","url":"https:\/\/miumjau.ee\/lv\/produkts\/kaku-plaukts-petrebels-wave-70-old-grey\/","name":"Ka\u0137u plaukts Petrebels Wave 70, old grey - MiuMjau","isPartOf":{"@id":"https:\/\/miumjau.ee\/#website"},"primaryImageOfPage":{"@id":"https:\/\/miumjau.ee\/lv\/produkts\/kaku-plaukts-petrebels-wave-70-old-grey\/#primaryimage"},"image":{"@id":"https:\/\/miumjau.ee\/lv\/produkts\/kaku-plaukts-petrebels-wave-70-old-grey\/#primaryimage"},"thumbnailUrl":"https:\/\/miumjau.ee\/wp-content\/uploads\/2023\/12\/kassi-riiul-wave703.jpg","datePublished":"2023-12-28T01:41:15+00:00","breadcrumb":{"@id":"https:\/\/miumjau.ee\/lv\/produkts\/kaku-plaukts-petrebels-wave-70-old-grey\/#breadcrumb"},"inLanguage":"lv-LV","potentialAction":[{"@type":"ReadAction","target":["https:\/\/miumjau.ee\/lv\/produkts\/kaku-plaukts-petrebels-wave-70-old-grey\/"]}]},{"@type":"ImageObject","inLanguage":"lv-LV","@id":"https:\/\/miumjau.ee\/lv\/produkts\/kaku-plaukts-petrebels-wave-70-old-grey\/#primaryimage","url":"https:\/\/miumjau.ee\/wp-content\/uploads\/2023\/12\/kassi-riiul-wave703.jpg","contentUrl":"https:\/\/miumjau.ee\/wp-content\/uploads\/2023\/12\/kassi-riiul-wave703.jpg","width":600,"height":800},{"@type":"BreadcrumbList","@id":"https:\/\/miumjau.ee\/lv\/produkts\/kaku-plaukts-petrebels-wave-70-old-grey\/#breadcrumb","itemListElement":[{"@type":"ListItem","position":1,"name":"Home","item":"https:\/\/miumjau.ee\/lv\/"},{"@type":"ListItem","position":2,"name":"Veikals","item":"https:\/\/miumjau.ee\/lv\/veikals\/"},{"@type":"ListItem","position":3,"name":"Ka\u0137u plaukts Petrebels Wave 70, old grey"}]},{"@type":"WebSite","@id":"https:\/\/miumjau.ee\/#website","url":"https:\/\/miumjau.ee\/","name":"MiuMjau","description":"Kraapimispuud kassidele","publisher":{"@id":"https:\/\/miumjau.ee\/#organization"},"potentialAction":[{"@type":"SearchAction","target":{"@type":"EntryPoint","urlTemplate":"https:\/\/miumjau.ee\/?s={search_term_string}"},"query-input":{"@type":"PropertyValueSpecification","valueRequired":true,"valueName":"search_term_string"}}],"inLanguage":"lv-LV"},{"@type":"Organization","@id":"https:\/\/miumjau.ee\/#organization","name":"MiuMjau O\u00dc","url":"https:\/\/miumjau.ee\/","logo":{"@type":"ImageObject","inLanguage":"lv-LV","@id":"https:\/\/miumjau.ee\/#\/schema\/logo\/image\/","url":"https:\/\/miumjau.ee\/wp-content\/uploads\/2022\/04\/MiuMjau-logo-kollane.png","contentUrl":"https:\/\/miumjau.ee\/wp-content\/uploads\/2022\/04\/MiuMjau-logo-kollane.png","width":219,"height":100,"caption":"MiuMjau O\u00dc"},"image":{"@id":"https:\/\/miumjau.ee\/#\/schema\/logo\/image\/"},"sameAs":["https:\/\/www.facebook.com\/miumjaupood\/"]}]}},"_links":{"self":[{"href":"https:\/\/miumjau.ee\/lv\/wp-json\/wp\/v2\/product\/56521","targetHints":{"allow":["GET"]}}],"collection":[{"href":"https:\/\/miumjau.ee\/lv\/wp-json\/wp\/v2\/product"}],"about":[{"href":"https:\/\/miumjau.ee\/lv\/wp-json\/wp\/v2\/types\/product"}],"wp:featuredmedia":[{"embeddable":true,"href":"https:\/\/miumjau.ee\/lv\/wp-json\/wp\/v2\/media\/56522"}],"wp:attachment":[{"href":"https:\/\/miumjau.ee\/lv\/wp-json\/wp\/v2\/media?parent=56521"}],"wp:term":[{"taxonomy":"product_brand","embeddable":true,"href":"https:\/\/miumjau.ee\/lv\/wp-json\/wp\/v2\/product_brand?post=56521"},{"taxonomy":"product_cat","embeddable":true,"href":"https:\/\/miumjau.ee\/lv\/wp-json\/wp\/v2\/product_cat?post=56521"},{"taxonomy":"product_tag","embeddable":true,"href":"https:\/\/miumjau.ee\/lv\/wp-json\/wp\/v2\/product_tag?post=56521"}],"curies":[{"name":"wp","href":"https:\/\/api.w.org\/{rel}","templated":true}]}}