{"id":56482,"date":"2023-12-26T21:35:29","date_gmt":"2023-12-26T19:35:29","guid":{"rendered":"https:\/\/miumjau.ee\/toode\/kaku-plaukts-relax-50-petrebels-old-grey\/"},"modified":"2023-12-26T21:35:29","modified_gmt":"2023-12-26T19:35:29","slug":"kaku-plaukts-relax-50-petrebels-old-grey","status":"publish","type":"product","link":"https:\/\/miumjau.ee\/lv\/produkts\/kaku-plaukts-relax-50-petrebels-old-grey\/","title":{"rendered":"Ka\u0137u plaukts Relax 50 PETREBELS, old grey"},"content":{"rendered":"","protected":false},"excerpt":{"rendered":"<p data-start=\"81\" data-end=\"555\">Ka\u0137u plaukts Relax 50 no N\u012bderlandes z\u012bmola PETREBELS ir viens no elementiem, ko var izmantot, veidojot ka\u0137a k\u0101pel\u0113\u0161anas sienu. Parasti sienas elementus izmanto, ja m\u0101j\u0101s ir b\u0113rni vai su\u0146i, kas var kait\u0113t ka\u0137im un padar\u012bt to nervozu. Lai to nov\u0113rstu, iesp\u0113jams izveidot dro\u0161u vidi ka\u0137im virs gr\u012bdas. M\u016bsu PetREBELS sienas elementu kategorij\u0101 atrad\u012bsiet visu nepiecie\u0161amo, lai iedotu va\u013cu savai fant\u0101zijai un uzb\u016bv\u0113tu ka\u0137im k\u0101pel\u0113\u0161anas sist\u0113mu, kas atbilst vi\u0146a vajadz\u012bb\u0101m.<\/p>\n<p data-start=\"557\" data-end=\"632\">Izm\u0113ri: 50 \u00d7 35 \u00d7 6 cm (garums, platums, augstums)<br data-start=\"607\" data-end=\"610\" \/>Produkta svars: 2 kg<\/p>\n<p data-start=\"634\" data-end=\"761\">M\u012bksta un gluda platforma ka\u0137im, kas piestiprin\u0101ma pie sienas. Platformu var izmantot gan k\u0101 nov\u0113ro\u0161anas vietu, gan gu\u013cvietu.<\/p>\n<p data-start=\"763\" data-end=\"1326\">Produktu s\u0113rija ir paredz\u0113ta ka\u0137iem gul\u0113\u0161anai, sp\u0113l\u0113\u0161anai, k\u0101pel\u0113\u0161anai un ar\u012b skr\u0101p\u0113\u0161anai. Visus elementus var kombin\u0113t bezgal\u012bgi, piel\u0101gojot tos sav\u0101m un ka\u0137a vajadz\u012bb\u0101m. Vai j\u016bsu ka\u0137is ir maz\u0101k akt\u012bvs vai vec\u0101ks? Tad piestipriniet Relax 50 tuv\u0101k gr\u012bdai. Ja j\u016bsu ka\u0137im pat\u012bk gul\u0113t augstu un vi\u0146\u0161 izbauda k\u0101du interesantu k\u0101pel\u0113\u0161anas piedz\u012bvojumu, izvietojiet sienas plauktu p\u0113c iesp\u0113jas augst\u0101k. P\u0101rliecinieties, ka ka\u0137is viegli var tam piek\u013c\u016bt, savienojot to ar citiem stil\u012bgiem k\u0101pel\u0113\u0161anas elementiem, piem\u0113ram, pak\u0101pieniem, horizont\u0101l\u0113m, k\u0101pn\u0113m vai tilti\u0146u.<\/p>\n<p data-start=\"1328\" data-end=\"1508\" data-is-last-node=\"\" data-is-only-node=\"\">M\u012bksts p\u0101rkl\u0101jums ir 4 cm biezs, piestiprin\u0101ms ar spiedpog\u0101m un mazg\u0101jams ve\u013cas ma\u0161\u012bn\u0101 saska\u0146\u0101 ar nor\u0101d\u012bjumiem.<br data-start=\"1439\" data-end=\"1442\" \/>Visas nepiecie\u0161am\u0101s sast\u0101vda\u013cas sienas stiprin\u0101\u0161anai ir komplekt\u0101!<\/p>\n","protected":false},"featured_media":56489,"template":"","meta":[],"product_brand":[],"product_cat":[593,573],"product_tag":[],"class_list":{"0":"post-56482","1":"product","2":"type-product","3":"status-publish","4":"has-post-thumbnail","6":"product_cat-kapelesanas-siena-kakiem","7":"product_cat-kaup24-lv","9":"first","10":"instock","11":"sale","12":"taxable","13":"shipping-taxable","14":"purchasable","15":"product-type-simple"},"yoast_head":"<!-- This site is optimized with the Yoast SEO plugin v27.4 - https:\/\/yoast.com\/product\/yoast-seo-wordpress\/ -->\n<title>Ka\u0137u plaukts Relax 50 PETREBELS, old grey - MiuMjau<\/title>\n<meta name=\"robots\" content=\"index, follow, max-snippet:-1, max-image-preview:large, max-video-preview:-1\" \/>\n<link rel=\"canonical\" href=\"https:\/\/miumjau.ee\/lv\/produkts\/kaku-plaukts-relax-50-petrebels-old-grey\/\" \/>\n<meta property=\"og:locale\" content=\"lv_LV\" \/>\n<meta property=\"og:type\" content=\"article\" \/>\n<meta property=\"og:title\" content=\"Ka\u0137u plaukts Relax 50 PETREBELS, old grey - MiuMjau\" \/>\n<meta property=\"og:description\" content=\"Ka\u0137u plaukts Relax 50 no N\u012bderlandes z\u012bmola PETREBELS ir viens no elementiem, ko var izmantot, veidojot ka\u0137a k\u0101pel\u0113\u0161anas sienu. Parasti sienas elementus izmanto, ja m\u0101j\u0101s ir b\u0113rni vai su\u0146i, kas var kait\u0113t ka\u0137im un padar\u012bt to nervozu. Lai to nov\u0113rstu, iesp\u0113jams izveidot dro\u0161u vidi ka\u0137im virs gr\u012bdas. M\u016bsu PetREBELS sienas elementu kategorij\u0101 atrad\u012bsiet visu nepiecie\u0161amo, lai iedotu va\u013cu savai fant\u0101zijai un uzb\u016bv\u0113tu ka\u0137im k\u0101pel\u0113\u0161anas sist\u0113mu, kas atbilst vi\u0146a vajadz\u012bb\u0101m. Izm\u0113ri: 50 \u00d7 35 \u00d7 6 cm (garums, platums, augstums)Produkta svars: 2 kg M\u012bksta un gluda platforma ka\u0137im, kas piestiprin\u0101ma pie sienas. Platformu var izmantot gan k\u0101 nov\u0113ro\u0161anas vietu, gan gu\u013cvietu. Produktu s\u0113rija ir paredz\u0113ta ka\u0137iem gul\u0113\u0161anai, sp\u0113l\u0113\u0161anai, k\u0101pel\u0113\u0161anai un ar\u012b skr\u0101p\u0113\u0161anai. Visus elementus var kombin\u0113t bezgal\u012bgi, piel\u0101gojot tos sav\u0101m un ka\u0137a vajadz\u012bb\u0101m. Vai j\u016bsu ka\u0137is ir maz\u0101k akt\u012bvs vai vec\u0101ks? Tad piestipriniet Relax 50 tuv\u0101k gr\u012bdai. Ja j\u016bsu ka\u0137im pat\u012bk gul\u0113t augstu un vi\u0146\u0161 izbauda k\u0101du interesantu k\u0101pel\u0113\u0161anas piedz\u012bvojumu, izvietojiet sienas plauktu p\u0113c iesp\u0113jas augst\u0101k. P\u0101rliecinieties, ka ka\u0137is viegli var tam piek\u013c\u016bt, savienojot to ar citiem stil\u012bgiem k\u0101pel\u0113\u0161anas elementiem, piem\u0113ram, pak\u0101pieniem, horizont\u0101l\u0113m, k\u0101pn\u0113m vai tilti\u0146u. M\u012bksts p\u0101rkl\u0101jums ir 4 cm biezs, piestiprin\u0101ms ar spiedpog\u0101m un mazg\u0101jams ve\u013cas ma\u0161\u012bn\u0101 saska\u0146\u0101 ar nor\u0101d\u012bjumiem.Visas nepiecie\u0161am\u0101s sast\u0101vda\u013cas sienas stiprin\u0101\u0161anai ir komplekt\u0101!\" \/>\n<meta property=\"og:url\" content=\"https:\/\/miumjau.ee\/lv\/produkts\/kaku-plaukts-relax-50-petrebels-old-grey\/\" \/>\n<meta property=\"og:site_name\" content=\"MiuMjau\" \/>\n<meta property=\"article:publisher\" content=\"https:\/\/www.facebook.com\/miumjaupood\/\" \/>\n<meta property=\"og:image\" content=\"https:\/\/miumjau.ee\/wp-content\/uploads\/2023\/12\/lamamisplatvorm-relax503.jpg\" \/>\n\t<meta property=\"og:image:width\" content=\"600\" \/>\n\t<meta property=\"og:image:height\" content=\"800\" \/>\n\t<meta property=\"og:image:type\" content=\"image\/jpeg\" \/>\n<meta name=\"twitter:card\" content=\"summary_large_image\" \/>\n<script type=\"application\/ld+json\" class=\"yoast-schema-graph\">{\"@context\":\"https:\\\/\\\/schema.org\",\"@graph\":[{\"@type\":\"WebPage\",\"@id\":\"https:\\\/\\\/miumjau.ee\\\/lv\\\/produkts\\\/kaku-plaukts-relax-50-petrebels-old-grey\\\/\",\"url\":\"https:\\\/\\\/miumjau.ee\\\/lv\\\/produkts\\\/kaku-plaukts-relax-50-petrebels-old-grey\\\/\",\"name\":\"Ka\u0137u plaukts Relax 50 PETREBELS, old grey - MiuMjau\",\"isPartOf\":{\"@id\":\"https:\\\/\\\/miumjau.ee\\\/#website\"},\"primaryImageOfPage\":{\"@id\":\"https:\\\/\\\/miumjau.ee\\\/lv\\\/produkts\\\/kaku-plaukts-relax-50-petrebels-old-grey\\\/#primaryimage\"},\"image\":{\"@id\":\"https:\\\/\\\/miumjau.ee\\\/lv\\\/produkts\\\/kaku-plaukts-relax-50-petrebels-old-grey\\\/#primaryimage\"},\"thumbnailUrl\":\"https:\\\/\\\/miumjau.ee\\\/wp-content\\\/uploads\\\/2023\\\/12\\\/lamamisplatvorm-relax503.jpg\",\"datePublished\":\"2023-12-26T19:35:29+00:00\",\"breadcrumb\":{\"@id\":\"https:\\\/\\\/miumjau.ee\\\/lv\\\/produkts\\\/kaku-plaukts-relax-50-petrebels-old-grey\\\/#breadcrumb\"},\"inLanguage\":\"lv-LV\",\"potentialAction\":[{\"@type\":\"ReadAction\",\"target\":[\"https:\\\/\\\/miumjau.ee\\\/lv\\\/produkts\\\/kaku-plaukts-relax-50-petrebels-old-grey\\\/\"]}]},{\"@type\":\"ImageObject\",\"inLanguage\":\"lv-LV\",\"@id\":\"https:\\\/\\\/miumjau.ee\\\/lv\\\/produkts\\\/kaku-plaukts-relax-50-petrebels-old-grey\\\/#primaryimage\",\"url\":\"https:\\\/\\\/miumjau.ee\\\/wp-content\\\/uploads\\\/2023\\\/12\\\/lamamisplatvorm-relax503.jpg\",\"contentUrl\":\"https:\\\/\\\/miumjau.ee\\\/wp-content\\\/uploads\\\/2023\\\/12\\\/lamamisplatvorm-relax503.jpg\",\"width\":600,\"height\":800},{\"@type\":\"BreadcrumbList\",\"@id\":\"https:\\\/\\\/miumjau.ee\\\/lv\\\/produkts\\\/kaku-plaukts-relax-50-petrebels-old-grey\\\/#breadcrumb\",\"itemListElement\":[{\"@type\":\"ListItem\",\"position\":1,\"name\":\"Home\",\"item\":\"https:\\\/\\\/miumjau.ee\\\/lv\\\/\"},{\"@type\":\"ListItem\",\"position\":2,\"name\":\"Veikals\",\"item\":\"https:\\\/\\\/miumjau.ee\\\/lv\\\/veikals\\\/\"},{\"@type\":\"ListItem\",\"position\":3,\"name\":\"Ka\u0137u plaukts Relax 50 PETREBELS, old grey\"}]},{\"@type\":\"WebSite\",\"@id\":\"https:\\\/\\\/miumjau.ee\\\/#website\",\"url\":\"https:\\\/\\\/miumjau.ee\\\/\",\"name\":\"MiuMjau\",\"description\":\"Kraapimispuud kassidele\",\"publisher\":{\"@id\":\"https:\\\/\\\/miumjau.ee\\\/#organization\"},\"potentialAction\":[{\"@type\":\"SearchAction\",\"target\":{\"@type\":\"EntryPoint\",\"urlTemplate\":\"https:\\\/\\\/miumjau.ee\\\/?s={search_term_string}\"},\"query-input\":{\"@type\":\"PropertyValueSpecification\",\"valueRequired\":true,\"valueName\":\"search_term_string\"}}],\"inLanguage\":\"lv-LV\"},{\"@type\":\"Organization\",\"@id\":\"https:\\\/\\\/miumjau.ee\\\/#organization\",\"name\":\"MiuMjau O\u00dc\",\"url\":\"https:\\\/\\\/miumjau.ee\\\/\",\"logo\":{\"@type\":\"ImageObject\",\"inLanguage\":\"lv-LV\",\"@id\":\"https:\\\/\\\/miumjau.ee\\\/#\\\/schema\\\/logo\\\/image\\\/\",\"url\":\"https:\\\/\\\/miumjau.ee\\\/wp-content\\\/uploads\\\/2022\\\/04\\\/MiuMjau-logo-kollane.png\",\"contentUrl\":\"https:\\\/\\\/miumjau.ee\\\/wp-content\\\/uploads\\\/2022\\\/04\\\/MiuMjau-logo-kollane.png\",\"width\":219,\"height\":100,\"caption\":\"MiuMjau O\u00dc\"},\"image\":{\"@id\":\"https:\\\/\\\/miumjau.ee\\\/#\\\/schema\\\/logo\\\/image\\\/\"},\"sameAs\":[\"https:\\\/\\\/www.facebook.com\\\/miumjaupood\\\/\"]}]}<\/script>\n<!-- \/ Yoast SEO plugin. -->","yoast_head_json":{"title":"Ka\u0137u plaukts Relax 50 PETREBELS, old grey - MiuMjau","robots":{"index":"index","follow":"follow","max-snippet":"max-snippet:-1","max-image-preview":"max-image-preview:large","max-video-preview":"max-video-preview:-1"},"canonical":"https:\/\/miumjau.ee\/lv\/produkts\/kaku-plaukts-relax-50-petrebels-old-grey\/","og_locale":"lv_LV","og_type":"article","og_title":"Ka\u0137u plaukts Relax 50 PETREBELS, old grey - MiuMjau","og_description":"Ka\u0137u plaukts Relax 50 no N\u012bderlandes z\u012bmola PETREBELS ir viens no elementiem, ko var izmantot, veidojot ka\u0137a k\u0101pel\u0113\u0161anas sienu. Parasti sienas elementus izmanto, ja m\u0101j\u0101s ir b\u0113rni vai su\u0146i, kas var kait\u0113t ka\u0137im un padar\u012bt to nervozu. Lai to nov\u0113rstu, iesp\u0113jams izveidot dro\u0161u vidi ka\u0137im virs gr\u012bdas. M\u016bsu PetREBELS sienas elementu kategorij\u0101 atrad\u012bsiet visu nepiecie\u0161amo, lai iedotu va\u013cu savai fant\u0101zijai un uzb\u016bv\u0113tu ka\u0137im k\u0101pel\u0113\u0161anas sist\u0113mu, kas atbilst vi\u0146a vajadz\u012bb\u0101m. Izm\u0113ri: 50 \u00d7 35 \u00d7 6 cm (garums, platums, augstums)Produkta svars: 2 kg M\u012bksta un gluda platforma ka\u0137im, kas piestiprin\u0101ma pie sienas. Platformu var izmantot gan k\u0101 nov\u0113ro\u0161anas vietu, gan gu\u013cvietu. Produktu s\u0113rija ir paredz\u0113ta ka\u0137iem gul\u0113\u0161anai, sp\u0113l\u0113\u0161anai, k\u0101pel\u0113\u0161anai un ar\u012b skr\u0101p\u0113\u0161anai. Visus elementus var kombin\u0113t bezgal\u012bgi, piel\u0101gojot tos sav\u0101m un ka\u0137a vajadz\u012bb\u0101m. Vai j\u016bsu ka\u0137is ir maz\u0101k akt\u012bvs vai vec\u0101ks? Tad piestipriniet Relax 50 tuv\u0101k gr\u012bdai. Ja j\u016bsu ka\u0137im pat\u012bk gul\u0113t augstu un vi\u0146\u0161 izbauda k\u0101du interesantu k\u0101pel\u0113\u0161anas piedz\u012bvojumu, izvietojiet sienas plauktu p\u0113c iesp\u0113jas augst\u0101k. P\u0101rliecinieties, ka ka\u0137is viegli var tam piek\u013c\u016bt, savienojot to ar citiem stil\u012bgiem k\u0101pel\u0113\u0161anas elementiem, piem\u0113ram, pak\u0101pieniem, horizont\u0101l\u0113m, k\u0101pn\u0113m vai tilti\u0146u. M\u012bksts p\u0101rkl\u0101jums ir 4 cm biezs, piestiprin\u0101ms ar spiedpog\u0101m un mazg\u0101jams ve\u013cas ma\u0161\u012bn\u0101 saska\u0146\u0101 ar nor\u0101d\u012bjumiem.Visas nepiecie\u0161am\u0101s sast\u0101vda\u013cas sienas stiprin\u0101\u0161anai ir komplekt\u0101!","og_url":"https:\/\/miumjau.ee\/lv\/produkts\/kaku-plaukts-relax-50-petrebels-old-grey\/","og_site_name":"MiuMjau","article_publisher":"https:\/\/www.facebook.com\/miumjaupood\/","og_image":[{"width":600,"height":800,"url":"https:\/\/miumjau.ee\/wp-content\/uploads\/2023\/12\/lamamisplatvorm-relax503.jpg","type":"image\/jpeg"}],"twitter_card":"summary_large_image","schema":{"@context":"https:\/\/schema.org","@graph":[{"@type":"WebPage","@id":"https:\/\/miumjau.ee\/lv\/produkts\/kaku-plaukts-relax-50-petrebels-old-grey\/","url":"https:\/\/miumjau.ee\/lv\/produkts\/kaku-plaukts-relax-50-petrebels-old-grey\/","name":"Ka\u0137u plaukts Relax 50 PETREBELS, old grey - MiuMjau","isPartOf":{"@id":"https:\/\/miumjau.ee\/#website"},"primaryImageOfPage":{"@id":"https:\/\/miumjau.ee\/lv\/produkts\/kaku-plaukts-relax-50-petrebels-old-grey\/#primaryimage"},"image":{"@id":"https:\/\/miumjau.ee\/lv\/produkts\/kaku-plaukts-relax-50-petrebels-old-grey\/#primaryimage"},"thumbnailUrl":"https:\/\/miumjau.ee\/wp-content\/uploads\/2023\/12\/lamamisplatvorm-relax503.jpg","datePublished":"2023-12-26T19:35:29+00:00","breadcrumb":{"@id":"https:\/\/miumjau.ee\/lv\/produkts\/kaku-plaukts-relax-50-petrebels-old-grey\/#breadcrumb"},"inLanguage":"lv-LV","potentialAction":[{"@type":"ReadAction","target":["https:\/\/miumjau.ee\/lv\/produkts\/kaku-plaukts-relax-50-petrebels-old-grey\/"]}]},{"@type":"ImageObject","inLanguage":"lv-LV","@id":"https:\/\/miumjau.ee\/lv\/produkts\/kaku-plaukts-relax-50-petrebels-old-grey\/#primaryimage","url":"https:\/\/miumjau.ee\/wp-content\/uploads\/2023\/12\/lamamisplatvorm-relax503.jpg","contentUrl":"https:\/\/miumjau.ee\/wp-content\/uploads\/2023\/12\/lamamisplatvorm-relax503.jpg","width":600,"height":800},{"@type":"BreadcrumbList","@id":"https:\/\/miumjau.ee\/lv\/produkts\/kaku-plaukts-relax-50-petrebels-old-grey\/#breadcrumb","itemListElement":[{"@type":"ListItem","position":1,"name":"Home","item":"https:\/\/miumjau.ee\/lv\/"},{"@type":"ListItem","position":2,"name":"Veikals","item":"https:\/\/miumjau.ee\/lv\/veikals\/"},{"@type":"ListItem","position":3,"name":"Ka\u0137u plaukts Relax 50 PETREBELS, old grey"}]},{"@type":"WebSite","@id":"https:\/\/miumjau.ee\/#website","url":"https:\/\/miumjau.ee\/","name":"MiuMjau","description":"Kraapimispuud kassidele","publisher":{"@id":"https:\/\/miumjau.ee\/#organization"},"potentialAction":[{"@type":"SearchAction","target":{"@type":"EntryPoint","urlTemplate":"https:\/\/miumjau.ee\/?s={search_term_string}"},"query-input":{"@type":"PropertyValueSpecification","valueRequired":true,"valueName":"search_term_string"}}],"inLanguage":"lv-LV"},{"@type":"Organization","@id":"https:\/\/miumjau.ee\/#organization","name":"MiuMjau O\u00dc","url":"https:\/\/miumjau.ee\/","logo":{"@type":"ImageObject","inLanguage":"lv-LV","@id":"https:\/\/miumjau.ee\/#\/schema\/logo\/image\/","url":"https:\/\/miumjau.ee\/wp-content\/uploads\/2022\/04\/MiuMjau-logo-kollane.png","contentUrl":"https:\/\/miumjau.ee\/wp-content\/uploads\/2022\/04\/MiuMjau-logo-kollane.png","width":219,"height":100,"caption":"MiuMjau O\u00dc"},"image":{"@id":"https:\/\/miumjau.ee\/#\/schema\/logo\/image\/"},"sameAs":["https:\/\/www.facebook.com\/miumjaupood\/"]}]}},"_links":{"self":[{"href":"https:\/\/miumjau.ee\/lv\/wp-json\/wp\/v2\/product\/56482","targetHints":{"allow":["GET"]}}],"collection":[{"href":"https:\/\/miumjau.ee\/lv\/wp-json\/wp\/v2\/product"}],"about":[{"href":"https:\/\/miumjau.ee\/lv\/wp-json\/wp\/v2\/types\/product"}],"wp:featuredmedia":[{"embeddable":true,"href":"https:\/\/miumjau.ee\/lv\/wp-json\/wp\/v2\/media\/56489"}],"wp:attachment":[{"href":"https:\/\/miumjau.ee\/lv\/wp-json\/wp\/v2\/media?parent=56482"}],"wp:term":[{"taxonomy":"product_brand","embeddable":true,"href":"https:\/\/miumjau.ee\/lv\/wp-json\/wp\/v2\/product_brand?post=56482"},{"taxonomy":"product_cat","embeddable":true,"href":"https:\/\/miumjau.ee\/lv\/wp-json\/wp\/v2\/product_cat?post=56482"},{"taxonomy":"product_tag","embeddable":true,"href":"https:\/\/miumjau.ee\/lv\/wp-json\/wp\/v2\/product_tag?post=56482"}],"curies":[{"name":"wp","href":"https:\/\/api.w.org\/{rel}","templated":true}]}}