{"id":56438,"date":"2023-12-26T20:52:15","date_gmt":"2023-12-26T18:52:15","guid":{"rendered":"https:\/\/miumjau.ee\/toode\/kaku-ligzda-pie-sienas-moon-40-petrebels-venge\/"},"modified":"2023-12-26T20:52:15","modified_gmt":"2023-12-26T18:52:15","slug":"kaku-ligzda-pie-sienas-moon-40-petrebels-venge","status":"publish","type":"product","link":"https:\/\/miumjau.ee\/lv\/produkts\/kaku-ligzda-pie-sienas-moon-40-petrebels-venge\/","title":{"rendered":"Ka\u0137u ligzda pie sienas Moon 40 PETREBELS, venge"},"content":{"rendered":"","protected":false},"excerpt":{"rendered":"<p data-start=\"90\" data-end=\"541\">Sienas ligzda, modelis Moon 40, ir viens no elementiem, ko var izmantot, veidojot ka\u0137a k\u0101pel\u0113\u0161anas sienu. Parasti sienas elementus izmanto, ja m\u0101j\u0101s ir b\u0113rni vai su\u0146i, kas var kait\u0113t ka\u0137im un padar\u012bt to nervozu. Lai to nov\u0113rstu, iesp\u0113jams izveidot dro\u0161u vidi ka\u0137im virs zemes. M\u016bsu Petrebels sienas elementu kategorij\u0101 atrad\u012bsiet visu nepiecie\u0161amo, lai iedotu va\u013cu savai fant\u0101zijai un uzb\u016bv\u0113tu ka\u0137im k\u0101pel\u0113\u0161anas sist\u0113mu, kas atbilst vi\u0146a vajadz\u012bb\u0101m.<\/p>\n<p data-start=\"543\" data-end=\"601\">Moon 40 izm\u0113ri: 40 \u00d7 40 \u00d7 35 cm<br data-start=\"574\" data-end=\"577\" \/>Produkta svars: 4,2 kg<\/p>\n<p data-start=\"603\" data-end=\"1083\">Apa\u013cas formas ka\u0137u ligzda ir m\u012b\u013ca un m\u012bksta, un, protams, ar sienas stiprin\u0101jumu. Visa produktu s\u0113rija ir paredz\u0113ta ka\u0137iem gul\u0113\u0161anai, sp\u0113l\u0113\u0161anai, k\u0101pel\u0113\u0161anai, skrie\u0161anai un skr\u0101p\u0113\u0161anai. Visus elementus var kombin\u0113t bezgal\u012bgi. Piestipriniet ligzdu zem\u0101k pie gr\u012bdas, ja j\u016bsu ka\u0137is ir vec\u0101ks vai maz\u0101k akt\u012bvs. Vai j\u016bsu ka\u0137is ir akt\u012bvs? Tad kar\u0101jiet ligzdu augst\u0101k un savienojiet to ar Wall of Rebels praktiskajiem k\u0101pel\u0113\u0161anas elementiem \u2013 piem\u0113ram, pak\u0101pieniem, k\u0101pn\u0113m vai tilti\u0146u.<\/p>\n<p data-start=\"1085\" data-end=\"1349\" data-is-last-node=\"\" data-is-only-node=\"\">Izm\u0113ri \u2013 garums 40 cm, platums 40 cm, augstums 35 cm<br data-start=\"1137\" data-end=\"1140\" \/>Ligzda ir veidota no viengabala eikalipta finiera<br data-start=\"1189\" data-end=\"1192\" \/>M\u012bksts p\u0101rkl\u0101jums ir 2,5 cm biezs, ar aizdares spiedpog\u0101m, un to var mazg\u0101t ve\u013cas ma\u0161\u012bn\u0101<br data-start=\"1280\" data-end=\"1283\" \/>Visas nepiecie\u0161am\u0101s sast\u0101vda\u013cas sienas stiprin\u0101\u0161anai ir komplekt\u0101!<\/p>\n","protected":false},"featured_media":56449,"template":"","meta":[],"product_brand":[],"product_cat":[593,573],"product_tag":[],"class_list":{"0":"post-56438","1":"product","2":"type-product","3":"status-publish","4":"has-post-thumbnail","6":"product_cat-kapelesanas-siena-kakiem","7":"product_cat-kaup24-lv","8":"product_shipping_class-pakiautomaati-sobimatu-lv","10":"first","11":"instock","12":"sale","13":"taxable","14":"shipping-taxable","15":"purchasable","16":"product-type-simple"},"yoast_head":"<!-- This site is optimized with the Yoast SEO plugin v27.4 - https:\/\/yoast.com\/product\/yoast-seo-wordpress\/ -->\n<title>Ka\u0137u ligzda pie sienas Moon 40 PETREBELS, venge - MiuMjau<\/title>\n<meta name=\"robots\" content=\"index, follow, max-snippet:-1, max-image-preview:large, max-video-preview:-1\" \/>\n<link rel=\"canonical\" href=\"https:\/\/miumjau.ee\/lv\/produkts\/kaku-ligzda-pie-sienas-moon-40-petrebels-venge\/\" \/>\n<meta property=\"og:locale\" content=\"lv_LV\" \/>\n<meta property=\"og:type\" content=\"article\" \/>\n<meta property=\"og:title\" content=\"Ka\u0137u ligzda pie sienas Moon 40 PETREBELS, venge - MiuMjau\" \/>\n<meta property=\"og:description\" content=\"Sienas ligzda, modelis Moon 40, ir viens no elementiem, ko var izmantot, veidojot ka\u0137a k\u0101pel\u0113\u0161anas sienu. Parasti sienas elementus izmanto, ja m\u0101j\u0101s ir b\u0113rni vai su\u0146i, kas var kait\u0113t ka\u0137im un padar\u012bt to nervozu. Lai to nov\u0113rstu, iesp\u0113jams izveidot dro\u0161u vidi ka\u0137im virs zemes. M\u016bsu Petrebels sienas elementu kategorij\u0101 atrad\u012bsiet visu nepiecie\u0161amo, lai iedotu va\u013cu savai fant\u0101zijai un uzb\u016bv\u0113tu ka\u0137im k\u0101pel\u0113\u0161anas sist\u0113mu, kas atbilst vi\u0146a vajadz\u012bb\u0101m. Moon 40 izm\u0113ri: 40 \u00d7 40 \u00d7 35 cmProdukta svars: 4,2 kg Apa\u013cas formas ka\u0137u ligzda ir m\u012b\u013ca un m\u012bksta, un, protams, ar sienas stiprin\u0101jumu. Visa produktu s\u0113rija ir paredz\u0113ta ka\u0137iem gul\u0113\u0161anai, sp\u0113l\u0113\u0161anai, k\u0101pel\u0113\u0161anai, skrie\u0161anai un skr\u0101p\u0113\u0161anai. Visus elementus var kombin\u0113t bezgal\u012bgi. Piestipriniet ligzdu zem\u0101k pie gr\u012bdas, ja j\u016bsu ka\u0137is ir vec\u0101ks vai maz\u0101k akt\u012bvs. Vai j\u016bsu ka\u0137is ir akt\u012bvs? Tad kar\u0101jiet ligzdu augst\u0101k un savienojiet to ar Wall of Rebels praktiskajiem k\u0101pel\u0113\u0161anas elementiem \u2013 piem\u0113ram, pak\u0101pieniem, k\u0101pn\u0113m vai tilti\u0146u. Izm\u0113ri \u2013 garums 40 cm, platums 40 cm, augstums 35 cmLigzda ir veidota no viengabala eikalipta finieraM\u012bksts p\u0101rkl\u0101jums ir 2,5 cm biezs, ar aizdares spiedpog\u0101m, un to var mazg\u0101t ve\u013cas ma\u0161\u012bn\u0101Visas nepiecie\u0161am\u0101s sast\u0101vda\u013cas sienas stiprin\u0101\u0161anai ir komplekt\u0101!\" \/>\n<meta property=\"og:url\" content=\"https:\/\/miumjau.ee\/lv\/produkts\/kaku-ligzda-pie-sienas-moon-40-petrebels-venge\/\" \/>\n<meta property=\"og:site_name\" content=\"MiuMjau\" \/>\n<meta property=\"article:publisher\" content=\"https:\/\/www.facebook.com\/miumjaupood\/\" \/>\n<meta property=\"og:image\" content=\"https:\/\/miumjau.ee\/wp-content\/uploads\/2023\/12\/kassi-riiul-moon401.jpg\" \/>\n\t<meta property=\"og:image:width\" content=\"600\" \/>\n\t<meta property=\"og:image:height\" content=\"800\" \/>\n\t<meta property=\"og:image:type\" content=\"image\/jpeg\" \/>\n<meta name=\"twitter:card\" content=\"summary_large_image\" \/>\n<script type=\"application\/ld+json\" class=\"yoast-schema-graph\">{\"@context\":\"https:\\\/\\\/schema.org\",\"@graph\":[{\"@type\":\"WebPage\",\"@id\":\"https:\\\/\\\/miumjau.ee\\\/lv\\\/produkts\\\/kaku-ligzda-pie-sienas-moon-40-petrebels-venge\\\/\",\"url\":\"https:\\\/\\\/miumjau.ee\\\/lv\\\/produkts\\\/kaku-ligzda-pie-sienas-moon-40-petrebels-venge\\\/\",\"name\":\"Ka\u0137u ligzda pie sienas Moon 40 PETREBELS, venge - MiuMjau\",\"isPartOf\":{\"@id\":\"https:\\\/\\\/miumjau.ee\\\/#website\"},\"primaryImageOfPage\":{\"@id\":\"https:\\\/\\\/miumjau.ee\\\/lv\\\/produkts\\\/kaku-ligzda-pie-sienas-moon-40-petrebels-venge\\\/#primaryimage\"},\"image\":{\"@id\":\"https:\\\/\\\/miumjau.ee\\\/lv\\\/produkts\\\/kaku-ligzda-pie-sienas-moon-40-petrebels-venge\\\/#primaryimage\"},\"thumbnailUrl\":\"https:\\\/\\\/miumjau.ee\\\/wp-content\\\/uploads\\\/2023\\\/12\\\/kassi-riiul-moon401.jpg\",\"datePublished\":\"2023-12-26T18:52:15+00:00\",\"breadcrumb\":{\"@id\":\"https:\\\/\\\/miumjau.ee\\\/lv\\\/produkts\\\/kaku-ligzda-pie-sienas-moon-40-petrebels-venge\\\/#breadcrumb\"},\"inLanguage\":\"lv-LV\",\"potentialAction\":[{\"@type\":\"ReadAction\",\"target\":[\"https:\\\/\\\/miumjau.ee\\\/lv\\\/produkts\\\/kaku-ligzda-pie-sienas-moon-40-petrebels-venge\\\/\"]}]},{\"@type\":\"ImageObject\",\"inLanguage\":\"lv-LV\",\"@id\":\"https:\\\/\\\/miumjau.ee\\\/lv\\\/produkts\\\/kaku-ligzda-pie-sienas-moon-40-petrebels-venge\\\/#primaryimage\",\"url\":\"https:\\\/\\\/miumjau.ee\\\/wp-content\\\/uploads\\\/2023\\\/12\\\/kassi-riiul-moon401.jpg\",\"contentUrl\":\"https:\\\/\\\/miumjau.ee\\\/wp-content\\\/uploads\\\/2023\\\/12\\\/kassi-riiul-moon401.jpg\",\"width\":600,\"height\":800},{\"@type\":\"BreadcrumbList\",\"@id\":\"https:\\\/\\\/miumjau.ee\\\/lv\\\/produkts\\\/kaku-ligzda-pie-sienas-moon-40-petrebels-venge\\\/#breadcrumb\",\"itemListElement\":[{\"@type\":\"ListItem\",\"position\":1,\"name\":\"Home\",\"item\":\"https:\\\/\\\/miumjau.ee\\\/lv\\\/\"},{\"@type\":\"ListItem\",\"position\":2,\"name\":\"Veikals\",\"item\":\"https:\\\/\\\/miumjau.ee\\\/lv\\\/veikals\\\/\"},{\"@type\":\"ListItem\",\"position\":3,\"name\":\"Ka\u0137u ligzda pie sienas Moon 40 PETREBELS, venge\"}]},{\"@type\":\"WebSite\",\"@id\":\"https:\\\/\\\/miumjau.ee\\\/#website\",\"url\":\"https:\\\/\\\/miumjau.ee\\\/\",\"name\":\"MiuMjau\",\"description\":\"Kraapimispuud kassidele\",\"publisher\":{\"@id\":\"https:\\\/\\\/miumjau.ee\\\/#organization\"},\"potentialAction\":[{\"@type\":\"SearchAction\",\"target\":{\"@type\":\"EntryPoint\",\"urlTemplate\":\"https:\\\/\\\/miumjau.ee\\\/?s={search_term_string}\"},\"query-input\":{\"@type\":\"PropertyValueSpecification\",\"valueRequired\":true,\"valueName\":\"search_term_string\"}}],\"inLanguage\":\"lv-LV\"},{\"@type\":\"Organization\",\"@id\":\"https:\\\/\\\/miumjau.ee\\\/#organization\",\"name\":\"MiuMjau O\u00dc\",\"url\":\"https:\\\/\\\/miumjau.ee\\\/\",\"logo\":{\"@type\":\"ImageObject\",\"inLanguage\":\"lv-LV\",\"@id\":\"https:\\\/\\\/miumjau.ee\\\/#\\\/schema\\\/logo\\\/image\\\/\",\"url\":\"https:\\\/\\\/miumjau.ee\\\/wp-content\\\/uploads\\\/2022\\\/04\\\/MiuMjau-logo-kollane.png\",\"contentUrl\":\"https:\\\/\\\/miumjau.ee\\\/wp-content\\\/uploads\\\/2022\\\/04\\\/MiuMjau-logo-kollane.png\",\"width\":219,\"height\":100,\"caption\":\"MiuMjau O\u00dc\"},\"image\":{\"@id\":\"https:\\\/\\\/miumjau.ee\\\/#\\\/schema\\\/logo\\\/image\\\/\"},\"sameAs\":[\"https:\\\/\\\/www.facebook.com\\\/miumjaupood\\\/\"]}]}<\/script>\n<!-- \/ Yoast SEO plugin. -->","yoast_head_json":{"title":"Ka\u0137u ligzda pie sienas Moon 40 PETREBELS, venge - MiuMjau","robots":{"index":"index","follow":"follow","max-snippet":"max-snippet:-1","max-image-preview":"max-image-preview:large","max-video-preview":"max-video-preview:-1"},"canonical":"https:\/\/miumjau.ee\/lv\/produkts\/kaku-ligzda-pie-sienas-moon-40-petrebels-venge\/","og_locale":"lv_LV","og_type":"article","og_title":"Ka\u0137u ligzda pie sienas Moon 40 PETREBELS, venge - MiuMjau","og_description":"Sienas ligzda, modelis Moon 40, ir viens no elementiem, ko var izmantot, veidojot ka\u0137a k\u0101pel\u0113\u0161anas sienu. Parasti sienas elementus izmanto, ja m\u0101j\u0101s ir b\u0113rni vai su\u0146i, kas var kait\u0113t ka\u0137im un padar\u012bt to nervozu. Lai to nov\u0113rstu, iesp\u0113jams izveidot dro\u0161u vidi ka\u0137im virs zemes. M\u016bsu Petrebels sienas elementu kategorij\u0101 atrad\u012bsiet visu nepiecie\u0161amo, lai iedotu va\u013cu savai fant\u0101zijai un uzb\u016bv\u0113tu ka\u0137im k\u0101pel\u0113\u0161anas sist\u0113mu, kas atbilst vi\u0146a vajadz\u012bb\u0101m. Moon 40 izm\u0113ri: 40 \u00d7 40 \u00d7 35 cmProdukta svars: 4,2 kg Apa\u013cas formas ka\u0137u ligzda ir m\u012b\u013ca un m\u012bksta, un, protams, ar sienas stiprin\u0101jumu. Visa produktu s\u0113rija ir paredz\u0113ta ka\u0137iem gul\u0113\u0161anai, sp\u0113l\u0113\u0161anai, k\u0101pel\u0113\u0161anai, skrie\u0161anai un skr\u0101p\u0113\u0161anai. Visus elementus var kombin\u0113t bezgal\u012bgi. Piestipriniet ligzdu zem\u0101k pie gr\u012bdas, ja j\u016bsu ka\u0137is ir vec\u0101ks vai maz\u0101k akt\u012bvs. Vai j\u016bsu ka\u0137is ir akt\u012bvs? Tad kar\u0101jiet ligzdu augst\u0101k un savienojiet to ar Wall of Rebels praktiskajiem k\u0101pel\u0113\u0161anas elementiem \u2013 piem\u0113ram, pak\u0101pieniem, k\u0101pn\u0113m vai tilti\u0146u. Izm\u0113ri \u2013 garums 40 cm, platums 40 cm, augstums 35 cmLigzda ir veidota no viengabala eikalipta finieraM\u012bksts p\u0101rkl\u0101jums ir 2,5 cm biezs, ar aizdares spiedpog\u0101m, un to var mazg\u0101t ve\u013cas ma\u0161\u012bn\u0101Visas nepiecie\u0161am\u0101s sast\u0101vda\u013cas sienas stiprin\u0101\u0161anai ir komplekt\u0101!","og_url":"https:\/\/miumjau.ee\/lv\/produkts\/kaku-ligzda-pie-sienas-moon-40-petrebels-venge\/","og_site_name":"MiuMjau","article_publisher":"https:\/\/www.facebook.com\/miumjaupood\/","og_image":[{"width":600,"height":800,"url":"https:\/\/miumjau.ee\/wp-content\/uploads\/2023\/12\/kassi-riiul-moon401.jpg","type":"image\/jpeg"}],"twitter_card":"summary_large_image","schema":{"@context":"https:\/\/schema.org","@graph":[{"@type":"WebPage","@id":"https:\/\/miumjau.ee\/lv\/produkts\/kaku-ligzda-pie-sienas-moon-40-petrebels-venge\/","url":"https:\/\/miumjau.ee\/lv\/produkts\/kaku-ligzda-pie-sienas-moon-40-petrebels-venge\/","name":"Ka\u0137u ligzda pie sienas Moon 40 PETREBELS, venge - MiuMjau","isPartOf":{"@id":"https:\/\/miumjau.ee\/#website"},"primaryImageOfPage":{"@id":"https:\/\/miumjau.ee\/lv\/produkts\/kaku-ligzda-pie-sienas-moon-40-petrebels-venge\/#primaryimage"},"image":{"@id":"https:\/\/miumjau.ee\/lv\/produkts\/kaku-ligzda-pie-sienas-moon-40-petrebels-venge\/#primaryimage"},"thumbnailUrl":"https:\/\/miumjau.ee\/wp-content\/uploads\/2023\/12\/kassi-riiul-moon401.jpg","datePublished":"2023-12-26T18:52:15+00:00","breadcrumb":{"@id":"https:\/\/miumjau.ee\/lv\/produkts\/kaku-ligzda-pie-sienas-moon-40-petrebels-venge\/#breadcrumb"},"inLanguage":"lv-LV","potentialAction":[{"@type":"ReadAction","target":["https:\/\/miumjau.ee\/lv\/produkts\/kaku-ligzda-pie-sienas-moon-40-petrebels-venge\/"]}]},{"@type":"ImageObject","inLanguage":"lv-LV","@id":"https:\/\/miumjau.ee\/lv\/produkts\/kaku-ligzda-pie-sienas-moon-40-petrebels-venge\/#primaryimage","url":"https:\/\/miumjau.ee\/wp-content\/uploads\/2023\/12\/kassi-riiul-moon401.jpg","contentUrl":"https:\/\/miumjau.ee\/wp-content\/uploads\/2023\/12\/kassi-riiul-moon401.jpg","width":600,"height":800},{"@type":"BreadcrumbList","@id":"https:\/\/miumjau.ee\/lv\/produkts\/kaku-ligzda-pie-sienas-moon-40-petrebels-venge\/#breadcrumb","itemListElement":[{"@type":"ListItem","position":1,"name":"Home","item":"https:\/\/miumjau.ee\/lv\/"},{"@type":"ListItem","position":2,"name":"Veikals","item":"https:\/\/miumjau.ee\/lv\/veikals\/"},{"@type":"ListItem","position":3,"name":"Ka\u0137u ligzda pie sienas Moon 40 PETREBELS, venge"}]},{"@type":"WebSite","@id":"https:\/\/miumjau.ee\/#website","url":"https:\/\/miumjau.ee\/","name":"MiuMjau","description":"Kraapimispuud kassidele","publisher":{"@id":"https:\/\/miumjau.ee\/#organization"},"potentialAction":[{"@type":"SearchAction","target":{"@type":"EntryPoint","urlTemplate":"https:\/\/miumjau.ee\/?s={search_term_string}"},"query-input":{"@type":"PropertyValueSpecification","valueRequired":true,"valueName":"search_term_string"}}],"inLanguage":"lv-LV"},{"@type":"Organization","@id":"https:\/\/miumjau.ee\/#organization","name":"MiuMjau O\u00dc","url":"https:\/\/miumjau.ee\/","logo":{"@type":"ImageObject","inLanguage":"lv-LV","@id":"https:\/\/miumjau.ee\/#\/schema\/logo\/image\/","url":"https:\/\/miumjau.ee\/wp-content\/uploads\/2022\/04\/MiuMjau-logo-kollane.png","contentUrl":"https:\/\/miumjau.ee\/wp-content\/uploads\/2022\/04\/MiuMjau-logo-kollane.png","width":219,"height":100,"caption":"MiuMjau O\u00dc"},"image":{"@id":"https:\/\/miumjau.ee\/#\/schema\/logo\/image\/"},"sameAs":["https:\/\/www.facebook.com\/miumjaupood\/"]}]}},"_links":{"self":[{"href":"https:\/\/miumjau.ee\/lv\/wp-json\/wp\/v2\/product\/56438","targetHints":{"allow":["GET"]}}],"collection":[{"href":"https:\/\/miumjau.ee\/lv\/wp-json\/wp\/v2\/product"}],"about":[{"href":"https:\/\/miumjau.ee\/lv\/wp-json\/wp\/v2\/types\/product"}],"wp:featuredmedia":[{"embeddable":true,"href":"https:\/\/miumjau.ee\/lv\/wp-json\/wp\/v2\/media\/56449"}],"wp:attachment":[{"href":"https:\/\/miumjau.ee\/lv\/wp-json\/wp\/v2\/media?parent=56438"}],"wp:term":[{"taxonomy":"product_brand","embeddable":true,"href":"https:\/\/miumjau.ee\/lv\/wp-json\/wp\/v2\/product_brand?post=56438"},{"taxonomy":"product_cat","embeddable":true,"href":"https:\/\/miumjau.ee\/lv\/wp-json\/wp\/v2\/product_cat?post=56438"},{"taxonomy":"product_tag","embeddable":true,"href":"https:\/\/miumjau.ee\/lv\/wp-json\/wp\/v2\/product_tag?post=56438"}],"curies":[{"name":"wp","href":"https:\/\/api.w.org\/{rel}","templated":true}]}}