{"id":56434,"date":"2023-11-11T13:09:34","date_gmt":"2023-11-11T11:09:34","guid":{"rendered":"https:\/\/miumjau.ee\/toode\/kaku-rotallieta-funky-rebels-3-gab-peleka\/"},"modified":"2023-11-11T13:09:34","modified_gmt":"2023-11-11T11:09:34","slug":"kaku-rotallieta-funky-rebels-3-gab-peleka","status":"publish","type":"product","link":"https:\/\/miumjau.ee\/lv\/produkts\/kaku-rotallieta-funky-rebels-3-gab-peleka\/","title":{"rendered":"Ka\u0137u rota\u013clieta Funky Rebels 3 gab., pel\u0113ka"},"content":{"rendered":"","protected":false},"excerpt":{"rendered":"<p data-start=\"86\" data-end=\"509\">Ka\u0137u rota\u013clieta Funky Rebels ir ar aukli\u0146u, to var izmantot k\u0101 rezerves rota\u013clietu Petrebels skr\u0101p\u0113\u0161anas kokiem, ja iepriek\u0161\u0113j\u0101 rota\u013clieta ir boj\u0101ta. T\u0101pat to var izmantot ar\u012b citu z\u012bmolu skr\u0101p\u0113\u0161anas kokiem, kuriem ir atbilsto\u0161a piestiprin\u0101\u0161anas vieta. M\u0113s visi zin\u0101m, ka pie skr\u0101p\u0113\u0161anas kokiem piestiprin\u0101t\u0101s rota\u013clietas ir \u012bsti hitu objekti, un t\u0101s sa\u0146em visliel\u0101ko slodzi, t\u0101p\u0113c t\u0101s laiku pa laikam vajadz\u0113tu nomain\u012bt.<\/p>\n<p data-start=\"511\" data-end=\"564\">Funky Rebels komplekt\u0101 ir 3 rota\u013clietas vienlaikus.<\/p>\n<p data-start=\"566\" data-end=\"641\"><strong data-start=\"566\" data-end=\"599\">\u012aPA\u0160I M\u012a\u013bA BUMBI\u0145A AR SPALV\u0100M<\/strong> moment\u0101ni piesaista j\u016bsu ka\u0137a uzman\u012bbu!<\/p>\n<p data-start=\"643\" data-end=\"967\">T\u0101 ir kvalitat\u012bva rota\u013clieta, kas pat ac\u012bm sniedz prieku. Ka\u0137iem rota\u013clietas ir svar\u012bgas, jo sp\u0113l\u0113\u0161an\u0101s uztur vi\u0146us akt\u012bvus un laim\u012bgus. Ikviens ka\u0137u m\u012b\u013cot\u0101js zina, ka ka\u0137i m\u012bl gan spalvas, gan m\u012bkstas bumbi\u0146as \u2013 \u0161eit t\u0101s apvienotas vien\u0101 rota\u013cliet\u0101. \u013boti jautra rota\u013clieta, kurai piestiprinot var b\u016bt rado\u0161s pielietojums.<\/p>\n<p data-start=\"969\" data-end=\"996\">Izm\u0113ri: aptuveni 6 \u00d7 6 cm<\/p>\n<p data-start=\"998\" data-end=\"1017\" data-is-last-node=\"\" data-is-only-node=\"\">Ir uzreiz pieejams!<\/p>\n","protected":false},"featured_media":56435,"template":"","meta":[],"product_brand":[],"product_cat":[590],"product_tag":[],"class_list":{"0":"post-56434","1":"product","2":"type-product","3":"status-publish","4":"has-post-thumbnail","6":"product_cat-kaku-rotallietas","8":"first","9":"instock","10":"taxable","11":"shipping-taxable","12":"purchasable","13":"product-type-simple"},"yoast_head":"<!-- This site is optimized with the Yoast SEO plugin v27.4 - https:\/\/yoast.com\/product\/yoast-seo-wordpress\/ -->\n<title>Ka\u0137u rota\u013clieta Funky Rebels 3 gab., pel\u0113ka - MiuMjau<\/title>\n<meta name=\"robots\" content=\"index, follow, max-snippet:-1, max-image-preview:large, max-video-preview:-1\" \/>\n<link rel=\"canonical\" href=\"https:\/\/miumjau.ee\/lv\/produkts\/kaku-rotallieta-funky-rebels-3-gab-peleka\/\" \/>\n<meta property=\"og:locale\" content=\"lv_LV\" \/>\n<meta property=\"og:type\" content=\"article\" \/>\n<meta property=\"og:title\" content=\"Ka\u0137u rota\u013clieta Funky Rebels 3 gab., pel\u0113ka - MiuMjau\" \/>\n<meta property=\"og:description\" content=\"Ka\u0137u rota\u013clieta Funky Rebels ir ar aukli\u0146u, to var izmantot k\u0101 rezerves rota\u013clietu Petrebels skr\u0101p\u0113\u0161anas kokiem, ja iepriek\u0161\u0113j\u0101 rota\u013clieta ir boj\u0101ta. T\u0101pat to var izmantot ar\u012b citu z\u012bmolu skr\u0101p\u0113\u0161anas kokiem, kuriem ir atbilsto\u0161a piestiprin\u0101\u0161anas vieta. M\u0113s visi zin\u0101m, ka pie skr\u0101p\u0113\u0161anas kokiem piestiprin\u0101t\u0101s rota\u013clietas ir \u012bsti hitu objekti, un t\u0101s sa\u0146em visliel\u0101ko slodzi, t\u0101p\u0113c t\u0101s laiku pa laikam vajadz\u0113tu nomain\u012bt. Funky Rebels komplekt\u0101 ir 3 rota\u013clietas vienlaikus. \u012aPA\u0160I M\u012a\u013bA BUMBI\u0145A AR SPALV\u0100M moment\u0101ni piesaista j\u016bsu ka\u0137a uzman\u012bbu! T\u0101 ir kvalitat\u012bva rota\u013clieta, kas pat ac\u012bm sniedz prieku. Ka\u0137iem rota\u013clietas ir svar\u012bgas, jo sp\u0113l\u0113\u0161an\u0101s uztur vi\u0146us akt\u012bvus un laim\u012bgus. Ikviens ka\u0137u m\u012b\u013cot\u0101js zina, ka ka\u0137i m\u012bl gan spalvas, gan m\u012bkstas bumbi\u0146as \u2013 \u0161eit t\u0101s apvienotas vien\u0101 rota\u013cliet\u0101. \u013boti jautra rota\u013clieta, kurai piestiprinot var b\u016bt rado\u0161s pielietojums. Izm\u0113ri: aptuveni 6 \u00d7 6 cm Ir uzreiz pieejams!\" \/>\n<meta property=\"og:url\" content=\"https:\/\/miumjau.ee\/lv\/produkts\/kaku-rotallieta-funky-rebels-3-gab-peleka\/\" \/>\n<meta property=\"og:site_name\" content=\"MiuMjau\" \/>\n<meta property=\"article:publisher\" content=\"https:\/\/www.facebook.com\/miumjaupood\/\" \/>\n<meta property=\"og:image\" content=\"https:\/\/miumjau.ee\/wp-content\/uploads\/2023\/11\/kassi-manguasi-funky-rebels5-e1700815748380.jpg\" \/>\n\t<meta property=\"og:image:width\" content=\"599\" \/>\n\t<meta property=\"og:image:height\" content=\"800\" \/>\n\t<meta property=\"og:image:type\" content=\"image\/jpeg\" \/>\n<meta name=\"twitter:card\" content=\"summary_large_image\" \/>\n<script type=\"application\/ld+json\" class=\"yoast-schema-graph\">{\"@context\":\"https:\\\/\\\/schema.org\",\"@graph\":[{\"@type\":\"WebPage\",\"@id\":\"https:\\\/\\\/miumjau.ee\\\/lv\\\/produkts\\\/kaku-rotallieta-funky-rebels-3-gab-peleka\\\/\",\"url\":\"https:\\\/\\\/miumjau.ee\\\/lv\\\/produkts\\\/kaku-rotallieta-funky-rebels-3-gab-peleka\\\/\",\"name\":\"Ka\u0137u rota\u013clieta Funky Rebels 3 gab., pel\u0113ka - MiuMjau\",\"isPartOf\":{\"@id\":\"https:\\\/\\\/miumjau.ee\\\/#website\"},\"primaryImageOfPage\":{\"@id\":\"https:\\\/\\\/miumjau.ee\\\/lv\\\/produkts\\\/kaku-rotallieta-funky-rebels-3-gab-peleka\\\/#primaryimage\"},\"image\":{\"@id\":\"https:\\\/\\\/miumjau.ee\\\/lv\\\/produkts\\\/kaku-rotallieta-funky-rebels-3-gab-peleka\\\/#primaryimage\"},\"thumbnailUrl\":\"https:\\\/\\\/miumjau.ee\\\/wp-content\\\/uploads\\\/2023\\\/11\\\/kassi-manguasi-funky-rebels5-e1700815748380.jpg\",\"datePublished\":\"2023-11-11T11:09:34+00:00\",\"breadcrumb\":{\"@id\":\"https:\\\/\\\/miumjau.ee\\\/lv\\\/produkts\\\/kaku-rotallieta-funky-rebels-3-gab-peleka\\\/#breadcrumb\"},\"inLanguage\":\"lv-LV\",\"potentialAction\":[{\"@type\":\"ReadAction\",\"target\":[\"https:\\\/\\\/miumjau.ee\\\/lv\\\/produkts\\\/kaku-rotallieta-funky-rebels-3-gab-peleka\\\/\"]}]},{\"@type\":\"ImageObject\",\"inLanguage\":\"lv-LV\",\"@id\":\"https:\\\/\\\/miumjau.ee\\\/lv\\\/produkts\\\/kaku-rotallieta-funky-rebels-3-gab-peleka\\\/#primaryimage\",\"url\":\"https:\\\/\\\/miumjau.ee\\\/wp-content\\\/uploads\\\/2023\\\/11\\\/kassi-manguasi-funky-rebels5-e1700815748380.jpg\",\"contentUrl\":\"https:\\\/\\\/miumjau.ee\\\/wp-content\\\/uploads\\\/2023\\\/11\\\/kassi-manguasi-funky-rebels5-e1700815748380.jpg\",\"width\":599,\"height\":800},{\"@type\":\"BreadcrumbList\",\"@id\":\"https:\\\/\\\/miumjau.ee\\\/lv\\\/produkts\\\/kaku-rotallieta-funky-rebels-3-gab-peleka\\\/#breadcrumb\",\"itemListElement\":[{\"@type\":\"ListItem\",\"position\":1,\"name\":\"Home\",\"item\":\"https:\\\/\\\/miumjau.ee\\\/lv\\\/\"},{\"@type\":\"ListItem\",\"position\":2,\"name\":\"Veikals\",\"item\":\"https:\\\/\\\/miumjau.ee\\\/lv\\\/veikals\\\/\"},{\"@type\":\"ListItem\",\"position\":3,\"name\":\"Ka\u0137u rota\u013clieta Funky Rebels 3 gab., pel\u0113ka\"}]},{\"@type\":\"WebSite\",\"@id\":\"https:\\\/\\\/miumjau.ee\\\/#website\",\"url\":\"https:\\\/\\\/miumjau.ee\\\/\",\"name\":\"MiuMjau\",\"description\":\"Kraapimispuud kassidele\",\"publisher\":{\"@id\":\"https:\\\/\\\/miumjau.ee\\\/#organization\"},\"potentialAction\":[{\"@type\":\"SearchAction\",\"target\":{\"@type\":\"EntryPoint\",\"urlTemplate\":\"https:\\\/\\\/miumjau.ee\\\/?s={search_term_string}\"},\"query-input\":{\"@type\":\"PropertyValueSpecification\",\"valueRequired\":true,\"valueName\":\"search_term_string\"}}],\"inLanguage\":\"lv-LV\"},{\"@type\":\"Organization\",\"@id\":\"https:\\\/\\\/miumjau.ee\\\/#organization\",\"name\":\"MiuMjau O\u00dc\",\"url\":\"https:\\\/\\\/miumjau.ee\\\/\",\"logo\":{\"@type\":\"ImageObject\",\"inLanguage\":\"lv-LV\",\"@id\":\"https:\\\/\\\/miumjau.ee\\\/#\\\/schema\\\/logo\\\/image\\\/\",\"url\":\"https:\\\/\\\/miumjau.ee\\\/wp-content\\\/uploads\\\/2022\\\/04\\\/MiuMjau-logo-kollane.png\",\"contentUrl\":\"https:\\\/\\\/miumjau.ee\\\/wp-content\\\/uploads\\\/2022\\\/04\\\/MiuMjau-logo-kollane.png\",\"width\":219,\"height\":100,\"caption\":\"MiuMjau O\u00dc\"},\"image\":{\"@id\":\"https:\\\/\\\/miumjau.ee\\\/#\\\/schema\\\/logo\\\/image\\\/\"},\"sameAs\":[\"https:\\\/\\\/www.facebook.com\\\/miumjaupood\\\/\"]}]}<\/script>\n<!-- \/ Yoast SEO plugin. -->","yoast_head_json":{"title":"Ka\u0137u rota\u013clieta Funky Rebels 3 gab., pel\u0113ka - MiuMjau","robots":{"index":"index","follow":"follow","max-snippet":"max-snippet:-1","max-image-preview":"max-image-preview:large","max-video-preview":"max-video-preview:-1"},"canonical":"https:\/\/miumjau.ee\/lv\/produkts\/kaku-rotallieta-funky-rebels-3-gab-peleka\/","og_locale":"lv_LV","og_type":"article","og_title":"Ka\u0137u rota\u013clieta Funky Rebels 3 gab., pel\u0113ka - MiuMjau","og_description":"Ka\u0137u rota\u013clieta Funky Rebels ir ar aukli\u0146u, to var izmantot k\u0101 rezerves rota\u013clietu Petrebels skr\u0101p\u0113\u0161anas kokiem, ja iepriek\u0161\u0113j\u0101 rota\u013clieta ir boj\u0101ta. T\u0101pat to var izmantot ar\u012b citu z\u012bmolu skr\u0101p\u0113\u0161anas kokiem, kuriem ir atbilsto\u0161a piestiprin\u0101\u0161anas vieta. M\u0113s visi zin\u0101m, ka pie skr\u0101p\u0113\u0161anas kokiem piestiprin\u0101t\u0101s rota\u013clietas ir \u012bsti hitu objekti, un t\u0101s sa\u0146em visliel\u0101ko slodzi, t\u0101p\u0113c t\u0101s laiku pa laikam vajadz\u0113tu nomain\u012bt. Funky Rebels komplekt\u0101 ir 3 rota\u013clietas vienlaikus. \u012aPA\u0160I M\u012a\u013bA BUMBI\u0145A AR SPALV\u0100M moment\u0101ni piesaista j\u016bsu ka\u0137a uzman\u012bbu! T\u0101 ir kvalitat\u012bva rota\u013clieta, kas pat ac\u012bm sniedz prieku. Ka\u0137iem rota\u013clietas ir svar\u012bgas, jo sp\u0113l\u0113\u0161an\u0101s uztur vi\u0146us akt\u012bvus un laim\u012bgus. Ikviens ka\u0137u m\u012b\u013cot\u0101js zina, ka ka\u0137i m\u012bl gan spalvas, gan m\u012bkstas bumbi\u0146as \u2013 \u0161eit t\u0101s apvienotas vien\u0101 rota\u013cliet\u0101. \u013boti jautra rota\u013clieta, kurai piestiprinot var b\u016bt rado\u0161s pielietojums. Izm\u0113ri: aptuveni 6 \u00d7 6 cm Ir uzreiz pieejams!","og_url":"https:\/\/miumjau.ee\/lv\/produkts\/kaku-rotallieta-funky-rebels-3-gab-peleka\/","og_site_name":"MiuMjau","article_publisher":"https:\/\/www.facebook.com\/miumjaupood\/","og_image":[{"width":599,"height":800,"url":"https:\/\/miumjau.ee\/wp-content\/uploads\/2023\/11\/kassi-manguasi-funky-rebels5-e1700815748380.jpg","type":"image\/jpeg"}],"twitter_card":"summary_large_image","schema":{"@context":"https:\/\/schema.org","@graph":[{"@type":"WebPage","@id":"https:\/\/miumjau.ee\/lv\/produkts\/kaku-rotallieta-funky-rebels-3-gab-peleka\/","url":"https:\/\/miumjau.ee\/lv\/produkts\/kaku-rotallieta-funky-rebels-3-gab-peleka\/","name":"Ka\u0137u rota\u013clieta Funky Rebels 3 gab., pel\u0113ka - MiuMjau","isPartOf":{"@id":"https:\/\/miumjau.ee\/#website"},"primaryImageOfPage":{"@id":"https:\/\/miumjau.ee\/lv\/produkts\/kaku-rotallieta-funky-rebels-3-gab-peleka\/#primaryimage"},"image":{"@id":"https:\/\/miumjau.ee\/lv\/produkts\/kaku-rotallieta-funky-rebels-3-gab-peleka\/#primaryimage"},"thumbnailUrl":"https:\/\/miumjau.ee\/wp-content\/uploads\/2023\/11\/kassi-manguasi-funky-rebels5-e1700815748380.jpg","datePublished":"2023-11-11T11:09:34+00:00","breadcrumb":{"@id":"https:\/\/miumjau.ee\/lv\/produkts\/kaku-rotallieta-funky-rebels-3-gab-peleka\/#breadcrumb"},"inLanguage":"lv-LV","potentialAction":[{"@type":"ReadAction","target":["https:\/\/miumjau.ee\/lv\/produkts\/kaku-rotallieta-funky-rebels-3-gab-peleka\/"]}]},{"@type":"ImageObject","inLanguage":"lv-LV","@id":"https:\/\/miumjau.ee\/lv\/produkts\/kaku-rotallieta-funky-rebels-3-gab-peleka\/#primaryimage","url":"https:\/\/miumjau.ee\/wp-content\/uploads\/2023\/11\/kassi-manguasi-funky-rebels5-e1700815748380.jpg","contentUrl":"https:\/\/miumjau.ee\/wp-content\/uploads\/2023\/11\/kassi-manguasi-funky-rebels5-e1700815748380.jpg","width":599,"height":800},{"@type":"BreadcrumbList","@id":"https:\/\/miumjau.ee\/lv\/produkts\/kaku-rotallieta-funky-rebels-3-gab-peleka\/#breadcrumb","itemListElement":[{"@type":"ListItem","position":1,"name":"Home","item":"https:\/\/miumjau.ee\/lv\/"},{"@type":"ListItem","position":2,"name":"Veikals","item":"https:\/\/miumjau.ee\/lv\/veikals\/"},{"@type":"ListItem","position":3,"name":"Ka\u0137u rota\u013clieta Funky Rebels 3 gab., pel\u0113ka"}]},{"@type":"WebSite","@id":"https:\/\/miumjau.ee\/#website","url":"https:\/\/miumjau.ee\/","name":"MiuMjau","description":"Kraapimispuud kassidele","publisher":{"@id":"https:\/\/miumjau.ee\/#organization"},"potentialAction":[{"@type":"SearchAction","target":{"@type":"EntryPoint","urlTemplate":"https:\/\/miumjau.ee\/?s={search_term_string}"},"query-input":{"@type":"PropertyValueSpecification","valueRequired":true,"valueName":"search_term_string"}}],"inLanguage":"lv-LV"},{"@type":"Organization","@id":"https:\/\/miumjau.ee\/#organization","name":"MiuMjau O\u00dc","url":"https:\/\/miumjau.ee\/","logo":{"@type":"ImageObject","inLanguage":"lv-LV","@id":"https:\/\/miumjau.ee\/#\/schema\/logo\/image\/","url":"https:\/\/miumjau.ee\/wp-content\/uploads\/2022\/04\/MiuMjau-logo-kollane.png","contentUrl":"https:\/\/miumjau.ee\/wp-content\/uploads\/2022\/04\/MiuMjau-logo-kollane.png","width":219,"height":100,"caption":"MiuMjau O\u00dc"},"image":{"@id":"https:\/\/miumjau.ee\/#\/schema\/logo\/image\/"},"sameAs":["https:\/\/www.facebook.com\/miumjaupood\/"]}]}},"_links":{"self":[{"href":"https:\/\/miumjau.ee\/lv\/wp-json\/wp\/v2\/product\/56434","targetHints":{"allow":["GET"]}}],"collection":[{"href":"https:\/\/miumjau.ee\/lv\/wp-json\/wp\/v2\/product"}],"about":[{"href":"https:\/\/miumjau.ee\/lv\/wp-json\/wp\/v2\/types\/product"}],"wp:featuredmedia":[{"embeddable":true,"href":"https:\/\/miumjau.ee\/lv\/wp-json\/wp\/v2\/media\/56435"}],"wp:attachment":[{"href":"https:\/\/miumjau.ee\/lv\/wp-json\/wp\/v2\/media?parent=56434"}],"wp:term":[{"taxonomy":"product_brand","embeddable":true,"href":"https:\/\/miumjau.ee\/lv\/wp-json\/wp\/v2\/product_brand?post=56434"},{"taxonomy":"product_cat","embeddable":true,"href":"https:\/\/miumjau.ee\/lv\/wp-json\/wp\/v2\/product_cat?post=56434"},{"taxonomy":"product_tag","embeddable":true,"href":"https:\/\/miumjau.ee\/lv\/wp-json\/wp\/v2\/product_tag?post=56434"}],"curies":[{"name":"wp","href":"https:\/\/api.w.org\/{rel}","templated":true}]}}