{"id":56432,"date":"2023-10-27T13:34:56","date_gmt":"2023-10-27T10:34:56","guid":{"rendered":"https:\/\/miumjau.ee\/toode\/bumbina-ar-zvaninu-kakim-koka\/"},"modified":"2023-10-27T13:34:56","modified_gmt":"2023-10-27T10:34:56","slug":"bumbina-ar-zvaninu-kakim-koka","status":"publish","type":"product","link":"https:\/\/miumjau.ee\/lv\/produkts\/bumbina-ar-zvaninu-kakim-koka\/","title":{"rendered":"Bumbi\u0146a ar zvani\u0146u ka\u0137im, koka"},"content":{"rendered":"","protected":false},"excerpt":{"rendered":"<p data-start=\"73\" data-end=\"220\">Bumbi\u0146a ar \u0161\u016bpojo\u0161u asti ir kr\u0101saina un piem\u0113rota akt\u012bvai sp\u0113lei kop\u0101 ar saimnieku. Bumbi\u0146ai piestiprin\u0101ts zvani\u0146\u0161, kas skan, kad ka\u0137is sp\u0113l\u0113jas.<\/p>\n<p data-start=\"222\" data-end=\"236\" data-is-last-node=\"\" data-is-only-node=\"\">Kr\u0101sa: nejau\u0161a<\/p>\n","protected":false},"featured_media":56433,"template":"","meta":[],"product_brand":[],"product_cat":[590],"product_tag":[],"class_list":{"0":"post-56432","1":"product","2":"type-product","3":"status-publish","4":"has-post-thumbnail","6":"product_cat-kaku-rotallietas","8":"first","9":"instock","10":"taxable","11":"shipping-taxable","12":"purchasable","13":"product-type-simple"},"yoast_head":"<!-- This site is optimized with the Yoast SEO plugin v27.2 - https:\/\/yoast.com\/product\/yoast-seo-wordpress\/ -->\n<title>Bumbi\u0146a ar zvani\u0146u ka\u0137im, koka - MiuMjau<\/title>\n<meta name=\"robots\" content=\"index, follow, max-snippet:-1, max-image-preview:large, max-video-preview:-1\" \/>\n<link rel=\"canonical\" href=\"https:\/\/miumjau.ee\/lv\/produkts\/bumbina-ar-zvaninu-kakim-koka\/\" \/>\n<meta property=\"og:locale\" content=\"lv_LV\" \/>\n<meta property=\"og:type\" content=\"article\" \/>\n<meta property=\"og:title\" content=\"Bumbi\u0146a ar zvani\u0146u ka\u0137im, koka - MiuMjau\" \/>\n<meta property=\"og:description\" content=\"Bumbi\u0146a ar \u0161\u016bpojo\u0161u asti ir kr\u0101saina un piem\u0113rota akt\u012bvai sp\u0113lei kop\u0101 ar saimnieku. Bumbi\u0146ai piestiprin\u0101ts zvani\u0146\u0161, kas skan, kad ka\u0137is sp\u0113l\u0113jas. Kr\u0101sa: nejau\u0161a\" \/>\n<meta property=\"og:url\" content=\"https:\/\/miumjau.ee\/lv\/produkts\/bumbina-ar-zvaninu-kakim-koka\/\" \/>\n<meta property=\"og:site_name\" content=\"MiuMjau\" \/>\n<meta property=\"article:publisher\" content=\"https:\/\/www.facebook.com\/miumjaupood\/\" \/>\n<meta property=\"og:image\" content=\"https:\/\/miumjau.ee\/wp-content\/uploads\/2023\/10\/puidust-pallike-kassile.png\" \/>\n\t<meta property=\"og:image:width\" content=\"600\" \/>\n\t<meta property=\"og:image:height\" content=\"600\" \/>\n\t<meta property=\"og:image:type\" content=\"image\/png\" \/>\n<meta name=\"twitter:card\" content=\"summary_large_image\" \/>\n<script type=\"application\/ld+json\" class=\"yoast-schema-graph\">{\"@context\":\"https:\/\/schema.org\",\"@graph\":[{\"@type\":\"WebPage\",\"@id\":\"https:\/\/miumjau.ee\/lv\/produkts\/bumbina-ar-zvaninu-kakim-koka\/\",\"url\":\"https:\/\/miumjau.ee\/lv\/produkts\/bumbina-ar-zvaninu-kakim-koka\/\",\"name\":\"Bumbi\u0146a ar zvani\u0146u ka\u0137im, koka - MiuMjau\",\"isPartOf\":{\"@id\":\"https:\/\/miumjau.ee\/#website\"},\"primaryImageOfPage\":{\"@id\":\"https:\/\/miumjau.ee\/lv\/produkts\/bumbina-ar-zvaninu-kakim-koka\/#primaryimage\"},\"image\":{\"@id\":\"https:\/\/miumjau.ee\/lv\/produkts\/bumbina-ar-zvaninu-kakim-koka\/#primaryimage\"},\"thumbnailUrl\":\"https:\/\/miumjau.ee\/wp-content\/uploads\/2023\/10\/puidust-pallike-kassile.png\",\"datePublished\":\"2023-10-27T10:34:56+00:00\",\"breadcrumb\":{\"@id\":\"https:\/\/miumjau.ee\/lv\/produkts\/bumbina-ar-zvaninu-kakim-koka\/#breadcrumb\"},\"inLanguage\":\"lv-LV\",\"potentialAction\":[{\"@type\":\"ReadAction\",\"target\":[\"https:\/\/miumjau.ee\/lv\/produkts\/bumbina-ar-zvaninu-kakim-koka\/\"]}]},{\"@type\":\"ImageObject\",\"inLanguage\":\"lv-LV\",\"@id\":\"https:\/\/miumjau.ee\/lv\/produkts\/bumbina-ar-zvaninu-kakim-koka\/#primaryimage\",\"url\":\"https:\/\/miumjau.ee\/wp-content\/uploads\/2023\/10\/puidust-pallike-kassile.png\",\"contentUrl\":\"https:\/\/miumjau.ee\/wp-content\/uploads\/2023\/10\/puidust-pallike-kassile.png\",\"width\":600,\"height\":600},{\"@type\":\"BreadcrumbList\",\"@id\":\"https:\/\/miumjau.ee\/lv\/produkts\/bumbina-ar-zvaninu-kakim-koka\/#breadcrumb\",\"itemListElement\":[{\"@type\":\"ListItem\",\"position\":1,\"name\":\"Home\",\"item\":\"https:\/\/miumjau.ee\/lv\/\"},{\"@type\":\"ListItem\",\"position\":2,\"name\":\"Veikals\",\"item\":\"https:\/\/miumjau.ee\/lv\/veikals\/\"},{\"@type\":\"ListItem\",\"position\":3,\"name\":\"Bumbi\u0146a ar zvani\u0146u ka\u0137im, koka\"}]},{\"@type\":\"WebSite\",\"@id\":\"https:\/\/miumjau.ee\/#website\",\"url\":\"https:\/\/miumjau.ee\/\",\"name\":\"MiuMjau\",\"description\":\"Kraapimispuud kassidele\",\"publisher\":{\"@id\":\"https:\/\/miumjau.ee\/#organization\"},\"potentialAction\":[{\"@type\":\"SearchAction\",\"target\":{\"@type\":\"EntryPoint\",\"urlTemplate\":\"https:\/\/miumjau.ee\/?s={search_term_string}\"},\"query-input\":{\"@type\":\"PropertyValueSpecification\",\"valueRequired\":true,\"valueName\":\"search_term_string\"}}],\"inLanguage\":\"lv-LV\"},{\"@type\":\"Organization\",\"@id\":\"https:\/\/miumjau.ee\/#organization\",\"name\":\"MiuMjau O\u00dc\",\"url\":\"https:\/\/miumjau.ee\/\",\"logo\":{\"@type\":\"ImageObject\",\"inLanguage\":\"lv-LV\",\"@id\":\"https:\/\/miumjau.ee\/#\/schema\/logo\/image\/\",\"url\":\"https:\/\/miumjau.ee\/wp-content\/uploads\/2022\/04\/MiuMjau-logo-kollane.png\",\"contentUrl\":\"https:\/\/miumjau.ee\/wp-content\/uploads\/2022\/04\/MiuMjau-logo-kollane.png\",\"width\":219,\"height\":100,\"caption\":\"MiuMjau O\u00dc\"},\"image\":{\"@id\":\"https:\/\/miumjau.ee\/#\/schema\/logo\/image\/\"},\"sameAs\":[\"https:\/\/www.facebook.com\/miumjaupood\/\"]}]}<\/script>\n<!-- \/ Yoast SEO plugin. -->","yoast_head_json":{"title":"Bumbi\u0146a ar zvani\u0146u ka\u0137im, koka - MiuMjau","robots":{"index":"index","follow":"follow","max-snippet":"max-snippet:-1","max-image-preview":"max-image-preview:large","max-video-preview":"max-video-preview:-1"},"canonical":"https:\/\/miumjau.ee\/lv\/produkts\/bumbina-ar-zvaninu-kakim-koka\/","og_locale":"lv_LV","og_type":"article","og_title":"Bumbi\u0146a ar zvani\u0146u ka\u0137im, koka - MiuMjau","og_description":"Bumbi\u0146a ar \u0161\u016bpojo\u0161u asti ir kr\u0101saina un piem\u0113rota akt\u012bvai sp\u0113lei kop\u0101 ar saimnieku. Bumbi\u0146ai piestiprin\u0101ts zvani\u0146\u0161, kas skan, kad ka\u0137is sp\u0113l\u0113jas. Kr\u0101sa: nejau\u0161a","og_url":"https:\/\/miumjau.ee\/lv\/produkts\/bumbina-ar-zvaninu-kakim-koka\/","og_site_name":"MiuMjau","article_publisher":"https:\/\/www.facebook.com\/miumjaupood\/","og_image":[{"width":600,"height":600,"url":"https:\/\/miumjau.ee\/wp-content\/uploads\/2023\/10\/puidust-pallike-kassile.png","type":"image\/png"}],"twitter_card":"summary_large_image","schema":{"@context":"https:\/\/schema.org","@graph":[{"@type":"WebPage","@id":"https:\/\/miumjau.ee\/lv\/produkts\/bumbina-ar-zvaninu-kakim-koka\/","url":"https:\/\/miumjau.ee\/lv\/produkts\/bumbina-ar-zvaninu-kakim-koka\/","name":"Bumbi\u0146a ar zvani\u0146u ka\u0137im, koka - MiuMjau","isPartOf":{"@id":"https:\/\/miumjau.ee\/#website"},"primaryImageOfPage":{"@id":"https:\/\/miumjau.ee\/lv\/produkts\/bumbina-ar-zvaninu-kakim-koka\/#primaryimage"},"image":{"@id":"https:\/\/miumjau.ee\/lv\/produkts\/bumbina-ar-zvaninu-kakim-koka\/#primaryimage"},"thumbnailUrl":"https:\/\/miumjau.ee\/wp-content\/uploads\/2023\/10\/puidust-pallike-kassile.png","datePublished":"2023-10-27T10:34:56+00:00","breadcrumb":{"@id":"https:\/\/miumjau.ee\/lv\/produkts\/bumbina-ar-zvaninu-kakim-koka\/#breadcrumb"},"inLanguage":"lv-LV","potentialAction":[{"@type":"ReadAction","target":["https:\/\/miumjau.ee\/lv\/produkts\/bumbina-ar-zvaninu-kakim-koka\/"]}]},{"@type":"ImageObject","inLanguage":"lv-LV","@id":"https:\/\/miumjau.ee\/lv\/produkts\/bumbina-ar-zvaninu-kakim-koka\/#primaryimage","url":"https:\/\/miumjau.ee\/wp-content\/uploads\/2023\/10\/puidust-pallike-kassile.png","contentUrl":"https:\/\/miumjau.ee\/wp-content\/uploads\/2023\/10\/puidust-pallike-kassile.png","width":600,"height":600},{"@type":"BreadcrumbList","@id":"https:\/\/miumjau.ee\/lv\/produkts\/bumbina-ar-zvaninu-kakim-koka\/#breadcrumb","itemListElement":[{"@type":"ListItem","position":1,"name":"Home","item":"https:\/\/miumjau.ee\/lv\/"},{"@type":"ListItem","position":2,"name":"Veikals","item":"https:\/\/miumjau.ee\/lv\/veikals\/"},{"@type":"ListItem","position":3,"name":"Bumbi\u0146a ar zvani\u0146u ka\u0137im, koka"}]},{"@type":"WebSite","@id":"https:\/\/miumjau.ee\/#website","url":"https:\/\/miumjau.ee\/","name":"MiuMjau","description":"Kraapimispuud kassidele","publisher":{"@id":"https:\/\/miumjau.ee\/#organization"},"potentialAction":[{"@type":"SearchAction","target":{"@type":"EntryPoint","urlTemplate":"https:\/\/miumjau.ee\/?s={search_term_string}"},"query-input":{"@type":"PropertyValueSpecification","valueRequired":true,"valueName":"search_term_string"}}],"inLanguage":"lv-LV"},{"@type":"Organization","@id":"https:\/\/miumjau.ee\/#organization","name":"MiuMjau O\u00dc","url":"https:\/\/miumjau.ee\/","logo":{"@type":"ImageObject","inLanguage":"lv-LV","@id":"https:\/\/miumjau.ee\/#\/schema\/logo\/image\/","url":"https:\/\/miumjau.ee\/wp-content\/uploads\/2022\/04\/MiuMjau-logo-kollane.png","contentUrl":"https:\/\/miumjau.ee\/wp-content\/uploads\/2022\/04\/MiuMjau-logo-kollane.png","width":219,"height":100,"caption":"MiuMjau O\u00dc"},"image":{"@id":"https:\/\/miumjau.ee\/#\/schema\/logo\/image\/"},"sameAs":["https:\/\/www.facebook.com\/miumjaupood\/"]}]}},"_links":{"self":[{"href":"https:\/\/miumjau.ee\/lv\/wp-json\/wp\/v2\/product\/56432","targetHints":{"allow":["GET"]}}],"collection":[{"href":"https:\/\/miumjau.ee\/lv\/wp-json\/wp\/v2\/product"}],"about":[{"href":"https:\/\/miumjau.ee\/lv\/wp-json\/wp\/v2\/types\/product"}],"wp:featuredmedia":[{"embeddable":true,"href":"https:\/\/miumjau.ee\/lv\/wp-json\/wp\/v2\/media\/56433"}],"wp:attachment":[{"href":"https:\/\/miumjau.ee\/lv\/wp-json\/wp\/v2\/media?parent=56432"}],"wp:term":[{"taxonomy":"product_brand","embeddable":true,"href":"https:\/\/miumjau.ee\/lv\/wp-json\/wp\/v2\/product_brand?post=56432"},{"taxonomy":"product_cat","embeddable":true,"href":"https:\/\/miumjau.ee\/lv\/wp-json\/wp\/v2\/product_cat?post=56432"},{"taxonomy":"product_tag","embeddable":true,"href":"https:\/\/miumjau.ee\/lv\/wp-json\/wp\/v2\/product_tag?post=56432"}],"curies":[{"name":"wp","href":"https:\/\/api.w.org\/{rel}","templated":true}]}}