{"id":56425,"date":"2023-10-28T06:15:24","date_gmt":"2023-10-28T03:15:24","guid":{"rendered":"https:\/\/miumjau.ee\/toode\/rotallieta-nujina-ar-spalvam-un-zvaninu\/"},"modified":"2023-10-28T06:15:24","modified_gmt":"2023-10-28T03:15:24","slug":"rotallieta-nujina-ar-spalvam-un-zvaninu","status":"publish","type":"product","link":"https:\/\/miumjau.ee\/lv\/produkts\/rotallieta-nujina-ar-spalvam-un-zvaninu\/","title":{"rendered":"Rota\u013clieta \u2013 n\u016bji\u0146a ar spalv\u0101m un zvani\u0146u"},"content":{"rendered":"","protected":false},"excerpt":{"rendered":"<p data-start=\"84\" data-end=\"321\">Katram ka\u0137im da\u017ereiz pat\u012bk sp\u0113l\u0113ties kop\u0101 ar savu saimnieku. Gar\u0101 n\u016bji\u0146a ar spalv\u0101m ir ide\u0101la \u0161\u0101d\u0101m sp\u0113l\u0113m, jo to var l\u0113n\u0101m vai \u0101tri vicin\u0101t p\u0101ri istabai, imit\u0113jot med\u012bjuma kust\u012bbu. Ka\u0137is noteikti v\u0113las tikt pie \u0161\u012bm kust\u012bgaj\u0101m spalv\u0101m.<\/p>\n<p data-start=\"323\" data-end=\"426\">N\u016bji\u0146as garums: 94 cm<br data-start=\"344\" data-end=\"347\" \/>Rota\u013clietas kop\u0113jais garums (n\u016bji\u0146a + aukla + spalvas): aptuveni 164 cm (+\/-)<\/p>\n<p data-start=\"428\" data-end=\"455\">Piez\u012bme: kr\u0101sa ir nejau\u0161a<\/p>\n<p data-start=\"457\" data-end=\"587\" data-is-last-node=\"\" data-is-only-node=\"\">N\u016bji\u0146a sast\u0101v no div\u0101m da\u013c\u0101m, kas j\u0101savieno. Ieteicams tur\u0113t n\u016bji\u0146u pie savienojuma vietas un sp\u0113c\u012bgi piespiest, lai t\u0101s sakristu.<\/p>\n","protected":false},"featured_media":56426,"template":"","meta":[],"product_brand":[],"product_cat":[590],"product_tag":[],"class_list":{"0":"post-56425","1":"product","2":"type-product","3":"status-publish","4":"has-post-thumbnail","6":"product_cat-kaku-rotallietas","8":"first","9":"instock","10":"taxable","11":"shipping-taxable","12":"purchasable","13":"product-type-simple"},"yoast_head":"<!-- This site is optimized with the Yoast SEO plugin v27.4 - https:\/\/yoast.com\/product\/yoast-seo-wordpress\/ -->\n<title>Rota\u013clieta \u2013 n\u016bji\u0146a ar spalv\u0101m un zvani\u0146u - MiuMjau<\/title>\n<meta name=\"robots\" content=\"index, follow, max-snippet:-1, max-image-preview:large, max-video-preview:-1\" \/>\n<link rel=\"canonical\" href=\"https:\/\/miumjau.ee\/lv\/produkts\/rotallieta-nujina-ar-spalvam-un-zvaninu\/\" \/>\n<meta property=\"og:locale\" content=\"lv_LV\" \/>\n<meta property=\"og:type\" content=\"article\" \/>\n<meta property=\"og:title\" content=\"Rota\u013clieta \u2013 n\u016bji\u0146a ar spalv\u0101m un zvani\u0146u - MiuMjau\" \/>\n<meta property=\"og:description\" content=\"Katram ka\u0137im da\u017ereiz pat\u012bk sp\u0113l\u0113ties kop\u0101 ar savu saimnieku. Gar\u0101 n\u016bji\u0146a ar spalv\u0101m ir ide\u0101la \u0161\u0101d\u0101m sp\u0113l\u0113m, jo to var l\u0113n\u0101m vai \u0101tri vicin\u0101t p\u0101ri istabai, imit\u0113jot med\u012bjuma kust\u012bbu. Ka\u0137is noteikti v\u0113las tikt pie \u0161\u012bm kust\u012bgaj\u0101m spalv\u0101m. N\u016bji\u0146as garums: 94 cmRota\u013clietas kop\u0113jais garums (n\u016bji\u0146a + aukla + spalvas): aptuveni 164 cm (+\/-) Piez\u012bme: kr\u0101sa ir nejau\u0161a N\u016bji\u0146a sast\u0101v no div\u0101m da\u013c\u0101m, kas j\u0101savieno. Ieteicams tur\u0113t n\u016bji\u0146u pie savienojuma vietas un sp\u0113c\u012bgi piespiest, lai t\u0101s sakristu.\" \/>\n<meta property=\"og:url\" content=\"https:\/\/miumjau.ee\/lv\/produkts\/rotallieta-nujina-ar-spalvam-un-zvaninu\/\" \/>\n<meta property=\"og:site_name\" content=\"MiuMjau\" \/>\n<meta property=\"article:publisher\" content=\"https:\/\/www.facebook.com\/miumjaupood\/\" \/>\n<meta property=\"og:image\" content=\"https:\/\/miumjau.ee\/wp-content\/uploads\/2023\/10\/pikk-pulk-sulgedega-kassi-manguasi1.jpg\" \/>\n\t<meta property=\"og:image:width\" content=\"600\" \/>\n\t<meta property=\"og:image:height\" content=\"600\" \/>\n\t<meta property=\"og:image:type\" content=\"image\/jpeg\" \/>\n<meta name=\"twitter:card\" content=\"summary_large_image\" \/>\n<script type=\"application\/ld+json\" class=\"yoast-schema-graph\">{\"@context\":\"https:\\\/\\\/schema.org\",\"@graph\":[{\"@type\":\"WebPage\",\"@id\":\"https:\\\/\\\/miumjau.ee\\\/lv\\\/produkts\\\/rotallieta-nujina-ar-spalvam-un-zvaninu\\\/\",\"url\":\"https:\\\/\\\/miumjau.ee\\\/lv\\\/produkts\\\/rotallieta-nujina-ar-spalvam-un-zvaninu\\\/\",\"name\":\"Rota\u013clieta \u2013 n\u016bji\u0146a ar spalv\u0101m un zvani\u0146u - MiuMjau\",\"isPartOf\":{\"@id\":\"https:\\\/\\\/miumjau.ee\\\/#website\"},\"primaryImageOfPage\":{\"@id\":\"https:\\\/\\\/miumjau.ee\\\/lv\\\/produkts\\\/rotallieta-nujina-ar-spalvam-un-zvaninu\\\/#primaryimage\"},\"image\":{\"@id\":\"https:\\\/\\\/miumjau.ee\\\/lv\\\/produkts\\\/rotallieta-nujina-ar-spalvam-un-zvaninu\\\/#primaryimage\"},\"thumbnailUrl\":\"https:\\\/\\\/miumjau.ee\\\/wp-content\\\/uploads\\\/2023\\\/10\\\/pikk-pulk-sulgedega-kassi-manguasi1.jpg\",\"datePublished\":\"2023-10-28T03:15:24+00:00\",\"breadcrumb\":{\"@id\":\"https:\\\/\\\/miumjau.ee\\\/lv\\\/produkts\\\/rotallieta-nujina-ar-spalvam-un-zvaninu\\\/#breadcrumb\"},\"inLanguage\":\"lv-LV\",\"potentialAction\":[{\"@type\":\"ReadAction\",\"target\":[\"https:\\\/\\\/miumjau.ee\\\/lv\\\/produkts\\\/rotallieta-nujina-ar-spalvam-un-zvaninu\\\/\"]}]},{\"@type\":\"ImageObject\",\"inLanguage\":\"lv-LV\",\"@id\":\"https:\\\/\\\/miumjau.ee\\\/lv\\\/produkts\\\/rotallieta-nujina-ar-spalvam-un-zvaninu\\\/#primaryimage\",\"url\":\"https:\\\/\\\/miumjau.ee\\\/wp-content\\\/uploads\\\/2023\\\/10\\\/pikk-pulk-sulgedega-kassi-manguasi1.jpg\",\"contentUrl\":\"https:\\\/\\\/miumjau.ee\\\/wp-content\\\/uploads\\\/2023\\\/10\\\/pikk-pulk-sulgedega-kassi-manguasi1.jpg\",\"width\":600,\"height\":600},{\"@type\":\"BreadcrumbList\",\"@id\":\"https:\\\/\\\/miumjau.ee\\\/lv\\\/produkts\\\/rotallieta-nujina-ar-spalvam-un-zvaninu\\\/#breadcrumb\",\"itemListElement\":[{\"@type\":\"ListItem\",\"position\":1,\"name\":\"Home\",\"item\":\"https:\\\/\\\/miumjau.ee\\\/lv\\\/\"},{\"@type\":\"ListItem\",\"position\":2,\"name\":\"Veikals\",\"item\":\"https:\\\/\\\/miumjau.ee\\\/lv\\\/veikals\\\/\"},{\"@type\":\"ListItem\",\"position\":3,\"name\":\"Rota\u013clieta \u2013 n\u016bji\u0146a ar spalv\u0101m un zvani\u0146u\"}]},{\"@type\":\"WebSite\",\"@id\":\"https:\\\/\\\/miumjau.ee\\\/#website\",\"url\":\"https:\\\/\\\/miumjau.ee\\\/\",\"name\":\"MiuMjau\",\"description\":\"Kraapimispuud kassidele\",\"publisher\":{\"@id\":\"https:\\\/\\\/miumjau.ee\\\/#organization\"},\"potentialAction\":[{\"@type\":\"SearchAction\",\"target\":{\"@type\":\"EntryPoint\",\"urlTemplate\":\"https:\\\/\\\/miumjau.ee\\\/?s={search_term_string}\"},\"query-input\":{\"@type\":\"PropertyValueSpecification\",\"valueRequired\":true,\"valueName\":\"search_term_string\"}}],\"inLanguage\":\"lv-LV\"},{\"@type\":\"Organization\",\"@id\":\"https:\\\/\\\/miumjau.ee\\\/#organization\",\"name\":\"MiuMjau O\u00dc\",\"url\":\"https:\\\/\\\/miumjau.ee\\\/\",\"logo\":{\"@type\":\"ImageObject\",\"inLanguage\":\"lv-LV\",\"@id\":\"https:\\\/\\\/miumjau.ee\\\/#\\\/schema\\\/logo\\\/image\\\/\",\"url\":\"https:\\\/\\\/miumjau.ee\\\/wp-content\\\/uploads\\\/2022\\\/04\\\/MiuMjau-logo-kollane.png\",\"contentUrl\":\"https:\\\/\\\/miumjau.ee\\\/wp-content\\\/uploads\\\/2022\\\/04\\\/MiuMjau-logo-kollane.png\",\"width\":219,\"height\":100,\"caption\":\"MiuMjau O\u00dc\"},\"image\":{\"@id\":\"https:\\\/\\\/miumjau.ee\\\/#\\\/schema\\\/logo\\\/image\\\/\"},\"sameAs\":[\"https:\\\/\\\/www.facebook.com\\\/miumjaupood\\\/\"]}]}<\/script>\n<!-- \/ Yoast SEO plugin. -->","yoast_head_json":{"title":"Rota\u013clieta \u2013 n\u016bji\u0146a ar spalv\u0101m un zvani\u0146u - MiuMjau","robots":{"index":"index","follow":"follow","max-snippet":"max-snippet:-1","max-image-preview":"max-image-preview:large","max-video-preview":"max-video-preview:-1"},"canonical":"https:\/\/miumjau.ee\/lv\/produkts\/rotallieta-nujina-ar-spalvam-un-zvaninu\/","og_locale":"lv_LV","og_type":"article","og_title":"Rota\u013clieta \u2013 n\u016bji\u0146a ar spalv\u0101m un zvani\u0146u - MiuMjau","og_description":"Katram ka\u0137im da\u017ereiz pat\u012bk sp\u0113l\u0113ties kop\u0101 ar savu saimnieku. Gar\u0101 n\u016bji\u0146a ar spalv\u0101m ir ide\u0101la \u0161\u0101d\u0101m sp\u0113l\u0113m, jo to var l\u0113n\u0101m vai \u0101tri vicin\u0101t p\u0101ri istabai, imit\u0113jot med\u012bjuma kust\u012bbu. Ka\u0137is noteikti v\u0113las tikt pie \u0161\u012bm kust\u012bgaj\u0101m spalv\u0101m. N\u016bji\u0146as garums: 94 cmRota\u013clietas kop\u0113jais garums (n\u016bji\u0146a + aukla + spalvas): aptuveni 164 cm (+\/-) Piez\u012bme: kr\u0101sa ir nejau\u0161a N\u016bji\u0146a sast\u0101v no div\u0101m da\u013c\u0101m, kas j\u0101savieno. Ieteicams tur\u0113t n\u016bji\u0146u pie savienojuma vietas un sp\u0113c\u012bgi piespiest, lai t\u0101s sakristu.","og_url":"https:\/\/miumjau.ee\/lv\/produkts\/rotallieta-nujina-ar-spalvam-un-zvaninu\/","og_site_name":"MiuMjau","article_publisher":"https:\/\/www.facebook.com\/miumjaupood\/","og_image":[{"width":600,"height":600,"url":"https:\/\/miumjau.ee\/wp-content\/uploads\/2023\/10\/pikk-pulk-sulgedega-kassi-manguasi1.jpg","type":"image\/jpeg"}],"twitter_card":"summary_large_image","schema":{"@context":"https:\/\/schema.org","@graph":[{"@type":"WebPage","@id":"https:\/\/miumjau.ee\/lv\/produkts\/rotallieta-nujina-ar-spalvam-un-zvaninu\/","url":"https:\/\/miumjau.ee\/lv\/produkts\/rotallieta-nujina-ar-spalvam-un-zvaninu\/","name":"Rota\u013clieta \u2013 n\u016bji\u0146a ar spalv\u0101m un zvani\u0146u - MiuMjau","isPartOf":{"@id":"https:\/\/miumjau.ee\/#website"},"primaryImageOfPage":{"@id":"https:\/\/miumjau.ee\/lv\/produkts\/rotallieta-nujina-ar-spalvam-un-zvaninu\/#primaryimage"},"image":{"@id":"https:\/\/miumjau.ee\/lv\/produkts\/rotallieta-nujina-ar-spalvam-un-zvaninu\/#primaryimage"},"thumbnailUrl":"https:\/\/miumjau.ee\/wp-content\/uploads\/2023\/10\/pikk-pulk-sulgedega-kassi-manguasi1.jpg","datePublished":"2023-10-28T03:15:24+00:00","breadcrumb":{"@id":"https:\/\/miumjau.ee\/lv\/produkts\/rotallieta-nujina-ar-spalvam-un-zvaninu\/#breadcrumb"},"inLanguage":"lv-LV","potentialAction":[{"@type":"ReadAction","target":["https:\/\/miumjau.ee\/lv\/produkts\/rotallieta-nujina-ar-spalvam-un-zvaninu\/"]}]},{"@type":"ImageObject","inLanguage":"lv-LV","@id":"https:\/\/miumjau.ee\/lv\/produkts\/rotallieta-nujina-ar-spalvam-un-zvaninu\/#primaryimage","url":"https:\/\/miumjau.ee\/wp-content\/uploads\/2023\/10\/pikk-pulk-sulgedega-kassi-manguasi1.jpg","contentUrl":"https:\/\/miumjau.ee\/wp-content\/uploads\/2023\/10\/pikk-pulk-sulgedega-kassi-manguasi1.jpg","width":600,"height":600},{"@type":"BreadcrumbList","@id":"https:\/\/miumjau.ee\/lv\/produkts\/rotallieta-nujina-ar-spalvam-un-zvaninu\/#breadcrumb","itemListElement":[{"@type":"ListItem","position":1,"name":"Home","item":"https:\/\/miumjau.ee\/lv\/"},{"@type":"ListItem","position":2,"name":"Veikals","item":"https:\/\/miumjau.ee\/lv\/veikals\/"},{"@type":"ListItem","position":3,"name":"Rota\u013clieta \u2013 n\u016bji\u0146a ar spalv\u0101m un zvani\u0146u"}]},{"@type":"WebSite","@id":"https:\/\/miumjau.ee\/#website","url":"https:\/\/miumjau.ee\/","name":"MiuMjau","description":"Kraapimispuud kassidele","publisher":{"@id":"https:\/\/miumjau.ee\/#organization"},"potentialAction":[{"@type":"SearchAction","target":{"@type":"EntryPoint","urlTemplate":"https:\/\/miumjau.ee\/?s={search_term_string}"},"query-input":{"@type":"PropertyValueSpecification","valueRequired":true,"valueName":"search_term_string"}}],"inLanguage":"lv-LV"},{"@type":"Organization","@id":"https:\/\/miumjau.ee\/#organization","name":"MiuMjau O\u00dc","url":"https:\/\/miumjau.ee\/","logo":{"@type":"ImageObject","inLanguage":"lv-LV","@id":"https:\/\/miumjau.ee\/#\/schema\/logo\/image\/","url":"https:\/\/miumjau.ee\/wp-content\/uploads\/2022\/04\/MiuMjau-logo-kollane.png","contentUrl":"https:\/\/miumjau.ee\/wp-content\/uploads\/2022\/04\/MiuMjau-logo-kollane.png","width":219,"height":100,"caption":"MiuMjau O\u00dc"},"image":{"@id":"https:\/\/miumjau.ee\/#\/schema\/logo\/image\/"},"sameAs":["https:\/\/www.facebook.com\/miumjaupood\/"]}]}},"_links":{"self":[{"href":"https:\/\/miumjau.ee\/lv\/wp-json\/wp\/v2\/product\/56425","targetHints":{"allow":["GET"]}}],"collection":[{"href":"https:\/\/miumjau.ee\/lv\/wp-json\/wp\/v2\/product"}],"about":[{"href":"https:\/\/miumjau.ee\/lv\/wp-json\/wp\/v2\/types\/product"}],"wp:featuredmedia":[{"embeddable":true,"href":"https:\/\/miumjau.ee\/lv\/wp-json\/wp\/v2\/media\/56426"}],"wp:attachment":[{"href":"https:\/\/miumjau.ee\/lv\/wp-json\/wp\/v2\/media?parent=56425"}],"wp:term":[{"taxonomy":"product_brand","embeddable":true,"href":"https:\/\/miumjau.ee\/lv\/wp-json\/wp\/v2\/product_brand?post=56425"},{"taxonomy":"product_cat","embeddable":true,"href":"https:\/\/miumjau.ee\/lv\/wp-json\/wp\/v2\/product_cat?post=56425"},{"taxonomy":"product_tag","embeddable":true,"href":"https:\/\/miumjau.ee\/lv\/wp-json\/wp\/v2\/product_tag?post=56425"}],"curies":[{"name":"wp","href":"https:\/\/api.w.org\/{rel}","templated":true}]}}