{"id":56419,"date":"2023-10-27T09:34:58","date_gmt":"2023-10-27T06:34:58","guid":{"rendered":"https:\/\/miumjau.ee\/toode\/kaku-rotallieta-spalvu-bumbina-uz-nujinas\/"},"modified":"2023-10-27T09:34:58","modified_gmt":"2023-10-27T06:34:58","slug":"kaku-rotallieta-spalvu-bumbina-uz-nujinas","status":"publish","type":"product","link":"https:\/\/miumjau.ee\/lv\/produkts\/kaku-rotallieta-spalvu-bumbina-uz-nujinas\/","title":{"rendered":"Ka\u0137u rota\u013clieta, spalvu bumbi\u0146a uz n\u016bji\u0146as"},"content":{"rendered":"","protected":false},"excerpt":{"rendered":"<div class=\"flex flex-col text-sm pb-25\">\n<section class=\"text-token-text-primary w-full focus:outline-none [--shadow-height:45px] has-data-writing-block:pointer-events-none has-data-writing-block:-mt-(--shadow-height) has-data-writing-block:pt-(--shadow-height) [&amp;:has([data-writing-block])&gt;*]:pointer-events-auto scroll-mt-[calc(var(--header-height)+min(200px,max(70px,20svh)))]\" dir=\"auto\" data-turn-id=\"request-WEB:56bd4596-88c0-40e8-a83f-841be3156dad-13\" data-testid=\"conversation-turn-28\" data-scroll-anchor=\"true\" data-turn=\"assistant\">\n<div class=\"text-base my-auto mx-auto pb-10 [--thread-content-margin:var(--thread-content-margin-xs,calc(var(--spacing)*4))] @w-sm\/main:[--thread-content-margin:var(--thread-content-margin-sm,calc(var(--spacing)*6))] @w-lg\/main:[--thread-content-margin:var(--thread-content-margin-lg,calc(var(--spacing)*16))] px-(--thread-content-margin)\">\n<div class=\"[--thread-content-max-width:40rem] @w-lg\/main:[--thread-content-max-width:48rem] mx-auto max-w-(--thread-content-max-width) flex-1 group\/turn-messages focus-visible:outline-hidden relative flex w-full min-w-0 flex-col agent-turn\">\n<div class=\"flex max-w-full flex-col gap-4 grow\">\n<div class=\"min-h-8 text-message relative flex w-full flex-col items-end gap-2 text-start break-words whitespace-normal outline-none keyboard-focused:focus-ring [.text-message+&amp;]:mt-1\" dir=\"auto\" tabindex=\"0\" data-message-author-role=\"assistant\" data-message-id=\"c3e9afcd-565f-4842-a1fe-5ce2cb9309dd\" data-message-model-slug=\"gpt-5-mini\" data-turn-start-message=\"true\">\n<div class=\"flex w-full flex-col gap-1 empty:hidden\">\n<div class=\"markdown prose dark:prose-invert w-full wrap-break-word light markdown-new-styling\">\n<p data-start=\"85\" data-end=\"316\">Ka\u0137u rota\u013clieta, kas ir kr\u0101saina un priec\u012bga izskata. Spalvas atg\u0101dina ka\u0137im med\u012bjumu, un vicinot n\u016bji\u0146u, var izrais\u012bt ka\u0137\u012b\u0161a trakul\u012bbu un pal\u012bdz\u0113t vi\u0146am izlietot lieko ener\u0123iju. Papildus tam rota\u013clietai ir piestiprin\u0101ts zvani\u0146\u0161.<\/p>\n<p data-start=\"318\" data-end=\"506\">N\u016bji\u0146as garums: aptuveni 47 cm<br data-start=\"348\" data-end=\"351\" \/>Rota\u013clietas kar\u0101jam\u0101 da\u013ca bez pagarin\u0101juma auklas: aptuveni 26 cm<br data-start=\"416\" data-end=\"419\" \/>Rota\u013clietas kar\u0101jam\u0101s da\u013cas garums, ja pagarin\u0101juma aukla ir izvilkta: aptuveni 70 cm<\/p>\n<p data-start=\"508\" data-end=\"539\">Rota\u013clietas kr\u0101sa ir nejau\u0161a.<\/p>\n<p data-start=\"541\" data-end=\"595\" data-is-last-node=\"\" data-is-only-node=\"\">Skatieties \u0161eit m\u016bsu klienta m\u0101jas video par produktu.<\/p>\n<\/div>\n<\/div>\n<\/div>\n<\/div>\n<\/div>\n<\/div>\n<\/section>\n<\/div>\n","protected":false},"featured_media":56424,"template":"","meta":[],"product_brand":[],"product_cat":[590],"product_tag":[],"class_list":{"0":"post-56419","1":"product","2":"type-product","3":"status-publish","4":"has-post-thumbnail","6":"product_cat-kaku-rotallietas","8":"first","9":"instock","10":"taxable","11":"shipping-taxable","12":"purchasable","13":"product-type-simple"},"yoast_head":"<!-- This site is optimized with the Yoast SEO plugin v27.4 - https:\/\/yoast.com\/product\/yoast-seo-wordpress\/ -->\n<title>Ka\u0137u rota\u013clieta, spalvu bumbi\u0146a uz n\u016bji\u0146as - MiuMjau<\/title>\n<meta name=\"robots\" content=\"index, follow, max-snippet:-1, max-image-preview:large, max-video-preview:-1\" \/>\n<link rel=\"canonical\" href=\"https:\/\/miumjau.ee\/lv\/produkts\/kaku-rotallieta-spalvu-bumbina-uz-nujinas\/\" \/>\n<meta property=\"og:locale\" content=\"lv_LV\" \/>\n<meta property=\"og:type\" content=\"article\" \/>\n<meta property=\"og:title\" content=\"Ka\u0137u rota\u013clieta, spalvu bumbi\u0146a uz n\u016bji\u0146as - MiuMjau\" \/>\n<meta property=\"og:description\" content=\"Ka\u0137u rota\u013clieta, kas ir kr\u0101saina un priec\u012bga izskata. Spalvas atg\u0101dina ka\u0137im med\u012bjumu, un vicinot n\u016bji\u0146u, var izrais\u012bt ka\u0137\u012b\u0161a trakul\u012bbu un pal\u012bdz\u0113t vi\u0146am izlietot lieko ener\u0123iju. Papildus tam rota\u013clietai ir piestiprin\u0101ts zvani\u0146\u0161. N\u016bji\u0146as garums: aptuveni 47 cmRota\u013clietas kar\u0101jam\u0101 da\u013ca bez pagarin\u0101juma auklas: aptuveni 26 cmRota\u013clietas kar\u0101jam\u0101s da\u013cas garums, ja pagarin\u0101juma aukla ir izvilkta: aptuveni 70 cm Rota\u013clietas kr\u0101sa ir nejau\u0161a. Skatieties \u0161eit m\u016bsu klienta m\u0101jas video par produktu.\" \/>\n<meta property=\"og:url\" content=\"https:\/\/miumjau.ee\/lv\/produkts\/kaku-rotallieta-spalvu-bumbina-uz-nujinas\/\" \/>\n<meta property=\"og:site_name\" content=\"MiuMjau\" \/>\n<meta property=\"article:publisher\" content=\"https:\/\/www.facebook.com\/miumjaupood\/\" \/>\n<meta property=\"og:image\" content=\"https:\/\/miumjau.ee\/wp-content\/uploads\/2023\/10\/pallikesega-pulk1.jpg\" \/>\n\t<meta property=\"og:image:width\" content=\"600\" \/>\n\t<meta property=\"og:image:height\" content=\"600\" \/>\n\t<meta property=\"og:image:type\" content=\"image\/jpeg\" \/>\n<meta name=\"twitter:card\" content=\"summary_large_image\" \/>\n<script type=\"application\/ld+json\" class=\"yoast-schema-graph\">{\"@context\":\"https:\\\/\\\/schema.org\",\"@graph\":[{\"@type\":\"WebPage\",\"@id\":\"https:\\\/\\\/miumjau.ee\\\/lv\\\/produkts\\\/kaku-rotallieta-spalvu-bumbina-uz-nujinas\\\/\",\"url\":\"https:\\\/\\\/miumjau.ee\\\/lv\\\/produkts\\\/kaku-rotallieta-spalvu-bumbina-uz-nujinas\\\/\",\"name\":\"Ka\u0137u rota\u013clieta, spalvu bumbi\u0146a uz n\u016bji\u0146as - MiuMjau\",\"isPartOf\":{\"@id\":\"https:\\\/\\\/miumjau.ee\\\/#website\"},\"primaryImageOfPage\":{\"@id\":\"https:\\\/\\\/miumjau.ee\\\/lv\\\/produkts\\\/kaku-rotallieta-spalvu-bumbina-uz-nujinas\\\/#primaryimage\"},\"image\":{\"@id\":\"https:\\\/\\\/miumjau.ee\\\/lv\\\/produkts\\\/kaku-rotallieta-spalvu-bumbina-uz-nujinas\\\/#primaryimage\"},\"thumbnailUrl\":\"https:\\\/\\\/miumjau.ee\\\/wp-content\\\/uploads\\\/2023\\\/10\\\/pallikesega-pulk1.jpg\",\"datePublished\":\"2023-10-27T06:34:58+00:00\",\"breadcrumb\":{\"@id\":\"https:\\\/\\\/miumjau.ee\\\/lv\\\/produkts\\\/kaku-rotallieta-spalvu-bumbina-uz-nujinas\\\/#breadcrumb\"},\"inLanguage\":\"lv-LV\",\"potentialAction\":[{\"@type\":\"ReadAction\",\"target\":[\"https:\\\/\\\/miumjau.ee\\\/lv\\\/produkts\\\/kaku-rotallieta-spalvu-bumbina-uz-nujinas\\\/\"]}]},{\"@type\":\"ImageObject\",\"inLanguage\":\"lv-LV\",\"@id\":\"https:\\\/\\\/miumjau.ee\\\/lv\\\/produkts\\\/kaku-rotallieta-spalvu-bumbina-uz-nujinas\\\/#primaryimage\",\"url\":\"https:\\\/\\\/miumjau.ee\\\/wp-content\\\/uploads\\\/2023\\\/10\\\/pallikesega-pulk1.jpg\",\"contentUrl\":\"https:\\\/\\\/miumjau.ee\\\/wp-content\\\/uploads\\\/2023\\\/10\\\/pallikesega-pulk1.jpg\",\"width\":600,\"height\":600},{\"@type\":\"BreadcrumbList\",\"@id\":\"https:\\\/\\\/miumjau.ee\\\/lv\\\/produkts\\\/kaku-rotallieta-spalvu-bumbina-uz-nujinas\\\/#breadcrumb\",\"itemListElement\":[{\"@type\":\"ListItem\",\"position\":1,\"name\":\"Home\",\"item\":\"https:\\\/\\\/miumjau.ee\\\/lv\\\/\"},{\"@type\":\"ListItem\",\"position\":2,\"name\":\"Veikals\",\"item\":\"https:\\\/\\\/miumjau.ee\\\/lv\\\/veikals\\\/\"},{\"@type\":\"ListItem\",\"position\":3,\"name\":\"Ka\u0137u rota\u013clieta, spalvu bumbi\u0146a uz n\u016bji\u0146as\"}]},{\"@type\":\"WebSite\",\"@id\":\"https:\\\/\\\/miumjau.ee\\\/#website\",\"url\":\"https:\\\/\\\/miumjau.ee\\\/\",\"name\":\"MiuMjau\",\"description\":\"Kraapimispuud kassidele\",\"publisher\":{\"@id\":\"https:\\\/\\\/miumjau.ee\\\/#organization\"},\"potentialAction\":[{\"@type\":\"SearchAction\",\"target\":{\"@type\":\"EntryPoint\",\"urlTemplate\":\"https:\\\/\\\/miumjau.ee\\\/?s={search_term_string}\"},\"query-input\":{\"@type\":\"PropertyValueSpecification\",\"valueRequired\":true,\"valueName\":\"search_term_string\"}}],\"inLanguage\":\"lv-LV\"},{\"@type\":\"Organization\",\"@id\":\"https:\\\/\\\/miumjau.ee\\\/#organization\",\"name\":\"MiuMjau O\u00dc\",\"url\":\"https:\\\/\\\/miumjau.ee\\\/\",\"logo\":{\"@type\":\"ImageObject\",\"inLanguage\":\"lv-LV\",\"@id\":\"https:\\\/\\\/miumjau.ee\\\/#\\\/schema\\\/logo\\\/image\\\/\",\"url\":\"https:\\\/\\\/miumjau.ee\\\/wp-content\\\/uploads\\\/2022\\\/04\\\/MiuMjau-logo-kollane.png\",\"contentUrl\":\"https:\\\/\\\/miumjau.ee\\\/wp-content\\\/uploads\\\/2022\\\/04\\\/MiuMjau-logo-kollane.png\",\"width\":219,\"height\":100,\"caption\":\"MiuMjau O\u00dc\"},\"image\":{\"@id\":\"https:\\\/\\\/miumjau.ee\\\/#\\\/schema\\\/logo\\\/image\\\/\"},\"sameAs\":[\"https:\\\/\\\/www.facebook.com\\\/miumjaupood\\\/\"]}]}<\/script>\n<!-- \/ Yoast SEO plugin. -->","yoast_head_json":{"title":"Ka\u0137u rota\u013clieta, spalvu bumbi\u0146a uz n\u016bji\u0146as - MiuMjau","robots":{"index":"index","follow":"follow","max-snippet":"max-snippet:-1","max-image-preview":"max-image-preview:large","max-video-preview":"max-video-preview:-1"},"canonical":"https:\/\/miumjau.ee\/lv\/produkts\/kaku-rotallieta-spalvu-bumbina-uz-nujinas\/","og_locale":"lv_LV","og_type":"article","og_title":"Ka\u0137u rota\u013clieta, spalvu bumbi\u0146a uz n\u016bji\u0146as - MiuMjau","og_description":"Ka\u0137u rota\u013clieta, kas ir kr\u0101saina un priec\u012bga izskata. Spalvas atg\u0101dina ka\u0137im med\u012bjumu, un vicinot n\u016bji\u0146u, var izrais\u012bt ka\u0137\u012b\u0161a trakul\u012bbu un pal\u012bdz\u0113t vi\u0146am izlietot lieko ener\u0123iju. Papildus tam rota\u013clietai ir piestiprin\u0101ts zvani\u0146\u0161. N\u016bji\u0146as garums: aptuveni 47 cmRota\u013clietas kar\u0101jam\u0101 da\u013ca bez pagarin\u0101juma auklas: aptuveni 26 cmRota\u013clietas kar\u0101jam\u0101s da\u013cas garums, ja pagarin\u0101juma aukla ir izvilkta: aptuveni 70 cm Rota\u013clietas kr\u0101sa ir nejau\u0161a. Skatieties \u0161eit m\u016bsu klienta m\u0101jas video par produktu.","og_url":"https:\/\/miumjau.ee\/lv\/produkts\/kaku-rotallieta-spalvu-bumbina-uz-nujinas\/","og_site_name":"MiuMjau","article_publisher":"https:\/\/www.facebook.com\/miumjaupood\/","og_image":[{"width":600,"height":600,"url":"https:\/\/miumjau.ee\/wp-content\/uploads\/2023\/10\/pallikesega-pulk1.jpg","type":"image\/jpeg"}],"twitter_card":"summary_large_image","schema":{"@context":"https:\/\/schema.org","@graph":[{"@type":"WebPage","@id":"https:\/\/miumjau.ee\/lv\/produkts\/kaku-rotallieta-spalvu-bumbina-uz-nujinas\/","url":"https:\/\/miumjau.ee\/lv\/produkts\/kaku-rotallieta-spalvu-bumbina-uz-nujinas\/","name":"Ka\u0137u rota\u013clieta, spalvu bumbi\u0146a uz n\u016bji\u0146as - MiuMjau","isPartOf":{"@id":"https:\/\/miumjau.ee\/#website"},"primaryImageOfPage":{"@id":"https:\/\/miumjau.ee\/lv\/produkts\/kaku-rotallieta-spalvu-bumbina-uz-nujinas\/#primaryimage"},"image":{"@id":"https:\/\/miumjau.ee\/lv\/produkts\/kaku-rotallieta-spalvu-bumbina-uz-nujinas\/#primaryimage"},"thumbnailUrl":"https:\/\/miumjau.ee\/wp-content\/uploads\/2023\/10\/pallikesega-pulk1.jpg","datePublished":"2023-10-27T06:34:58+00:00","breadcrumb":{"@id":"https:\/\/miumjau.ee\/lv\/produkts\/kaku-rotallieta-spalvu-bumbina-uz-nujinas\/#breadcrumb"},"inLanguage":"lv-LV","potentialAction":[{"@type":"ReadAction","target":["https:\/\/miumjau.ee\/lv\/produkts\/kaku-rotallieta-spalvu-bumbina-uz-nujinas\/"]}]},{"@type":"ImageObject","inLanguage":"lv-LV","@id":"https:\/\/miumjau.ee\/lv\/produkts\/kaku-rotallieta-spalvu-bumbina-uz-nujinas\/#primaryimage","url":"https:\/\/miumjau.ee\/wp-content\/uploads\/2023\/10\/pallikesega-pulk1.jpg","contentUrl":"https:\/\/miumjau.ee\/wp-content\/uploads\/2023\/10\/pallikesega-pulk1.jpg","width":600,"height":600},{"@type":"BreadcrumbList","@id":"https:\/\/miumjau.ee\/lv\/produkts\/kaku-rotallieta-spalvu-bumbina-uz-nujinas\/#breadcrumb","itemListElement":[{"@type":"ListItem","position":1,"name":"Home","item":"https:\/\/miumjau.ee\/lv\/"},{"@type":"ListItem","position":2,"name":"Veikals","item":"https:\/\/miumjau.ee\/lv\/veikals\/"},{"@type":"ListItem","position":3,"name":"Ka\u0137u rota\u013clieta, spalvu bumbi\u0146a uz n\u016bji\u0146as"}]},{"@type":"WebSite","@id":"https:\/\/miumjau.ee\/#website","url":"https:\/\/miumjau.ee\/","name":"MiuMjau","description":"Kraapimispuud kassidele","publisher":{"@id":"https:\/\/miumjau.ee\/#organization"},"potentialAction":[{"@type":"SearchAction","target":{"@type":"EntryPoint","urlTemplate":"https:\/\/miumjau.ee\/?s={search_term_string}"},"query-input":{"@type":"PropertyValueSpecification","valueRequired":true,"valueName":"search_term_string"}}],"inLanguage":"lv-LV"},{"@type":"Organization","@id":"https:\/\/miumjau.ee\/#organization","name":"MiuMjau O\u00dc","url":"https:\/\/miumjau.ee\/","logo":{"@type":"ImageObject","inLanguage":"lv-LV","@id":"https:\/\/miumjau.ee\/#\/schema\/logo\/image\/","url":"https:\/\/miumjau.ee\/wp-content\/uploads\/2022\/04\/MiuMjau-logo-kollane.png","contentUrl":"https:\/\/miumjau.ee\/wp-content\/uploads\/2022\/04\/MiuMjau-logo-kollane.png","width":219,"height":100,"caption":"MiuMjau O\u00dc"},"image":{"@id":"https:\/\/miumjau.ee\/#\/schema\/logo\/image\/"},"sameAs":["https:\/\/www.facebook.com\/miumjaupood\/"]}]}},"_links":{"self":[{"href":"https:\/\/miumjau.ee\/lv\/wp-json\/wp\/v2\/product\/56419","targetHints":{"allow":["GET"]}}],"collection":[{"href":"https:\/\/miumjau.ee\/lv\/wp-json\/wp\/v2\/product"}],"about":[{"href":"https:\/\/miumjau.ee\/lv\/wp-json\/wp\/v2\/types\/product"}],"wp:featuredmedia":[{"embeddable":true,"href":"https:\/\/miumjau.ee\/lv\/wp-json\/wp\/v2\/media\/56424"}],"wp:attachment":[{"href":"https:\/\/miumjau.ee\/lv\/wp-json\/wp\/v2\/media?parent=56419"}],"wp:term":[{"taxonomy":"product_brand","embeddable":true,"href":"https:\/\/miumjau.ee\/lv\/wp-json\/wp\/v2\/product_brand?post=56419"},{"taxonomy":"product_cat","embeddable":true,"href":"https:\/\/miumjau.ee\/lv\/wp-json\/wp\/v2\/product_cat?post=56419"},{"taxonomy":"product_tag","embeddable":true,"href":"https:\/\/miumjau.ee\/lv\/wp-json\/wp\/v2\/product_tag?post=56419"}],"curies":[{"name":"wp","href":"https:\/\/api.w.org\/{rel}","templated":true}]}}