{"id":56381,"date":"2023-09-29T12:19:07","date_gmt":"2023-09-29T09:19:07","guid":{"rendered":"https:\/\/miumjau.ee\/toode\/kaku-skrapesanas-koks-petrebels-charlotte-134-kremkrasa\/"},"modified":"2023-09-29T12:19:07","modified_gmt":"2023-09-29T09:19:07","slug":"kaku-skrapesanas-koks-petrebels-charlotte-134-kremkrasa","status":"publish","type":"product","link":"https:\/\/miumjau.ee\/lv\/produkts\/kaku-skrapesanas-koks-petrebels-charlotte-134-kremkrasa\/","title":{"rendered":"Ka\u0137u skr\u0101p\u0113\u0161anas koks Petrebels Charlotte 134, kr\u0113mkr\u0101s\u0101"},"content":{"rendered":"","protected":false},"excerpt":{"rendered":"<p data-start=\"97\" data-end=\"751\">Charlotte mode\u013ca dizains galvenok\u0101rt paredz\u0113ts kompaktumam, lai kvalitat\u012bvu skr\u0101p\u0113\u0161anas koku var\u0113tu at\u013cauties ar\u012b tie, kam nav daudz br\u012bvas gr\u012bdas plat\u012bbas. Neskatoties uz to, ka\u0137im taj\u0101 ir viss nepiecie\u0161amais skr\u0101p\u0113\u0161anas koka izmanto\u0161anai. Visi 9 cm biezie stabi ir piln\u012bb\u0101 p\u0101rkl\u0101ti ar kvalitat\u012bvu skr\u0101p\u0113jamo sisalu, k\u0101pel\u0113\u0161anai ir vair\u0101kas platformas da\u017e\u0101dos augstumos, mier\u012bgai atp\u016btai ir sl\u0113gta m\u0101ji\u0146a, bet vienk\u0101r\u0161ai atp\u016btai \u2013 izb\u012bd\u012bts grozs. Visvair\u0101k \u2013 aug\u0161\u0113j\u0101 nov\u0113ro\u0161anas platforma \u013cauj ka\u0137im visu redz\u0113t, kas notiek apk\u0101rt. Skr\u0101p\u0113\u0161anas kokam ir pastiprin\u0101ta pamatne, kas padara to stabilu un dro\u0161u. Piem\u0113rots ar\u012b liel\u0101kiem un smag\u0101kiem ka\u0137iem.<\/p>\n<p data-start=\"753\" data-end=\"941\" data-is-last-node=\"\" data-is-only-node=\"\">Produkta svars: 23,1 kg, ar iepakojumu \u2013 25,1 kg<br data-start=\"801\" data-end=\"804\" \/>Skr\u0101p\u0113\u0161anas koka izm\u0113ri: 59 x 56 x 134 cm (garums, platums, augstums)<br data-start=\"873\" data-end=\"876\" \/>Stabu diametrs: 9 cm<br data-start=\"896\" data-end=\"899\" \/>M\u0101ji\u0146as izm\u0113rs: 40 x 40 cm, augstums 30 cm<\/p>\n","protected":false},"featured_media":56382,"template":"","meta":[],"product_brand":[],"product_cat":[573,582],"product_tag":[],"class_list":{"0":"post-56381","1":"product","2":"type-product","3":"status-publish","4":"has-post-thumbnail","6":"product_cat-kaup24-lv","7":"product_cat-videji-skrapesanas-koki-petrebels","8":"product_shipping_class-pakiautomaati-sobimatu-lv","10":"first","11":"instock","12":"taxable","13":"shipping-taxable","14":"purchasable","15":"product-type-simple"},"yoast_head":"<!-- This site is optimized with the Yoast SEO plugin v27.4 - https:\/\/yoast.com\/product\/yoast-seo-wordpress\/ -->\n<title>Ka\u0137u skr\u0101p\u0113\u0161anas koks Petrebels Charlotte 134, kr\u0113mkr\u0101s\u0101 - MiuMjau<\/title>\n<meta name=\"robots\" content=\"index, follow, max-snippet:-1, max-image-preview:large, max-video-preview:-1\" \/>\n<link rel=\"canonical\" href=\"https:\/\/miumjau.ee\/lv\/produkts\/kaku-skrapesanas-koks-petrebels-charlotte-134-kremkrasa\/\" \/>\n<meta property=\"og:locale\" content=\"lv_LV\" \/>\n<meta property=\"og:type\" content=\"article\" \/>\n<meta property=\"og:title\" content=\"Ka\u0137u skr\u0101p\u0113\u0161anas koks Petrebels Charlotte 134, kr\u0113mkr\u0101s\u0101 - MiuMjau\" \/>\n<meta property=\"og:description\" content=\"Charlotte mode\u013ca dizains galvenok\u0101rt paredz\u0113ts kompaktumam, lai kvalitat\u012bvu skr\u0101p\u0113\u0161anas koku var\u0113tu at\u013cauties ar\u012b tie, kam nav daudz br\u012bvas gr\u012bdas plat\u012bbas. Neskatoties uz to, ka\u0137im taj\u0101 ir viss nepiecie\u0161amais skr\u0101p\u0113\u0161anas koka izmanto\u0161anai. Visi 9 cm biezie stabi ir piln\u012bb\u0101 p\u0101rkl\u0101ti ar kvalitat\u012bvu skr\u0101p\u0113jamo sisalu, k\u0101pel\u0113\u0161anai ir vair\u0101kas platformas da\u017e\u0101dos augstumos, mier\u012bgai atp\u016btai ir sl\u0113gta m\u0101ji\u0146a, bet vienk\u0101r\u0161ai atp\u016btai \u2013 izb\u012bd\u012bts grozs. Visvair\u0101k \u2013 aug\u0161\u0113j\u0101 nov\u0113ro\u0161anas platforma \u013cauj ka\u0137im visu redz\u0113t, kas notiek apk\u0101rt. Skr\u0101p\u0113\u0161anas kokam ir pastiprin\u0101ta pamatne, kas padara to stabilu un dro\u0161u. Piem\u0113rots ar\u012b liel\u0101kiem un smag\u0101kiem ka\u0137iem. Produkta svars: 23,1 kg, ar iepakojumu \u2013 25,1 kgSkr\u0101p\u0113\u0161anas koka izm\u0113ri: 59 x 56 x 134 cm (garums, platums, augstums)Stabu diametrs: 9 cmM\u0101ji\u0146as izm\u0113rs: 40 x 40 cm, augstums 30 cm\" \/>\n<meta property=\"og:url\" content=\"https:\/\/miumjau.ee\/lv\/produkts\/kaku-skrapesanas-koks-petrebels-charlotte-134-kremkrasa\/\" \/>\n<meta property=\"og:site_name\" content=\"MiuMjau\" \/>\n<meta property=\"article:publisher\" content=\"https:\/\/www.facebook.com\/miumjaupood\/\" \/>\n<meta property=\"og:image\" content=\"https:\/\/miumjau.ee\/wp-content\/uploads\/2023\/09\/charlotte-134-kreem-kassi-kraapimispuu-1.jpg\" \/>\n\t<meta property=\"og:image:width\" content=\"600\" \/>\n\t<meta property=\"og:image:height\" content=\"800\" \/>\n\t<meta property=\"og:image:type\" content=\"image\/jpeg\" \/>\n<meta name=\"twitter:card\" content=\"summary_large_image\" \/>\n<script type=\"application\/ld+json\" class=\"yoast-schema-graph\">{\"@context\":\"https:\\\/\\\/schema.org\",\"@graph\":[{\"@type\":\"WebPage\",\"@id\":\"https:\\\/\\\/miumjau.ee\\\/lv\\\/produkts\\\/kaku-skrapesanas-koks-petrebels-charlotte-134-kremkrasa\\\/\",\"url\":\"https:\\\/\\\/miumjau.ee\\\/lv\\\/produkts\\\/kaku-skrapesanas-koks-petrebels-charlotte-134-kremkrasa\\\/\",\"name\":\"Ka\u0137u skr\u0101p\u0113\u0161anas koks Petrebels Charlotte 134, kr\u0113mkr\u0101s\u0101 - MiuMjau\",\"isPartOf\":{\"@id\":\"https:\\\/\\\/miumjau.ee\\\/#website\"},\"primaryImageOfPage\":{\"@id\":\"https:\\\/\\\/miumjau.ee\\\/lv\\\/produkts\\\/kaku-skrapesanas-koks-petrebels-charlotte-134-kremkrasa\\\/#primaryimage\"},\"image\":{\"@id\":\"https:\\\/\\\/miumjau.ee\\\/lv\\\/produkts\\\/kaku-skrapesanas-koks-petrebels-charlotte-134-kremkrasa\\\/#primaryimage\"},\"thumbnailUrl\":\"https:\\\/\\\/miumjau.ee\\\/wp-content\\\/uploads\\\/2023\\\/09\\\/charlotte-134-kreem-kassi-kraapimispuu-1.jpg\",\"datePublished\":\"2023-09-29T09:19:07+00:00\",\"breadcrumb\":{\"@id\":\"https:\\\/\\\/miumjau.ee\\\/lv\\\/produkts\\\/kaku-skrapesanas-koks-petrebels-charlotte-134-kremkrasa\\\/#breadcrumb\"},\"inLanguage\":\"lv-LV\",\"potentialAction\":[{\"@type\":\"ReadAction\",\"target\":[\"https:\\\/\\\/miumjau.ee\\\/lv\\\/produkts\\\/kaku-skrapesanas-koks-petrebels-charlotte-134-kremkrasa\\\/\"]}]},{\"@type\":\"ImageObject\",\"inLanguage\":\"lv-LV\",\"@id\":\"https:\\\/\\\/miumjau.ee\\\/lv\\\/produkts\\\/kaku-skrapesanas-koks-petrebels-charlotte-134-kremkrasa\\\/#primaryimage\",\"url\":\"https:\\\/\\\/miumjau.ee\\\/wp-content\\\/uploads\\\/2023\\\/09\\\/charlotte-134-kreem-kassi-kraapimispuu-1.jpg\",\"contentUrl\":\"https:\\\/\\\/miumjau.ee\\\/wp-content\\\/uploads\\\/2023\\\/09\\\/charlotte-134-kreem-kassi-kraapimispuu-1.jpg\",\"width\":600,\"height\":800},{\"@type\":\"BreadcrumbList\",\"@id\":\"https:\\\/\\\/miumjau.ee\\\/lv\\\/produkts\\\/kaku-skrapesanas-koks-petrebels-charlotte-134-kremkrasa\\\/#breadcrumb\",\"itemListElement\":[{\"@type\":\"ListItem\",\"position\":1,\"name\":\"Home\",\"item\":\"https:\\\/\\\/miumjau.ee\\\/lv\\\/\"},{\"@type\":\"ListItem\",\"position\":2,\"name\":\"Veikals\",\"item\":\"https:\\\/\\\/miumjau.ee\\\/lv\\\/veikals\\\/\"},{\"@type\":\"ListItem\",\"position\":3,\"name\":\"Ka\u0137u skr\u0101p\u0113\u0161anas koks Petrebels Charlotte 134, kr\u0113mkr\u0101s\u0101\"}]},{\"@type\":\"WebSite\",\"@id\":\"https:\\\/\\\/miumjau.ee\\\/#website\",\"url\":\"https:\\\/\\\/miumjau.ee\\\/\",\"name\":\"MiuMjau\",\"description\":\"Kraapimispuud kassidele\",\"publisher\":{\"@id\":\"https:\\\/\\\/miumjau.ee\\\/#organization\"},\"potentialAction\":[{\"@type\":\"SearchAction\",\"target\":{\"@type\":\"EntryPoint\",\"urlTemplate\":\"https:\\\/\\\/miumjau.ee\\\/?s={search_term_string}\"},\"query-input\":{\"@type\":\"PropertyValueSpecification\",\"valueRequired\":true,\"valueName\":\"search_term_string\"}}],\"inLanguage\":\"lv-LV\"},{\"@type\":\"Organization\",\"@id\":\"https:\\\/\\\/miumjau.ee\\\/#organization\",\"name\":\"MiuMjau O\u00dc\",\"url\":\"https:\\\/\\\/miumjau.ee\\\/\",\"logo\":{\"@type\":\"ImageObject\",\"inLanguage\":\"lv-LV\",\"@id\":\"https:\\\/\\\/miumjau.ee\\\/#\\\/schema\\\/logo\\\/image\\\/\",\"url\":\"https:\\\/\\\/miumjau.ee\\\/wp-content\\\/uploads\\\/2022\\\/04\\\/MiuMjau-logo-kollane.png\",\"contentUrl\":\"https:\\\/\\\/miumjau.ee\\\/wp-content\\\/uploads\\\/2022\\\/04\\\/MiuMjau-logo-kollane.png\",\"width\":219,\"height\":100,\"caption\":\"MiuMjau O\u00dc\"},\"image\":{\"@id\":\"https:\\\/\\\/miumjau.ee\\\/#\\\/schema\\\/logo\\\/image\\\/\"},\"sameAs\":[\"https:\\\/\\\/www.facebook.com\\\/miumjaupood\\\/\"]}]}<\/script>\n<!-- \/ Yoast SEO plugin. -->","yoast_head_json":{"title":"Ka\u0137u skr\u0101p\u0113\u0161anas koks Petrebels Charlotte 134, kr\u0113mkr\u0101s\u0101 - MiuMjau","robots":{"index":"index","follow":"follow","max-snippet":"max-snippet:-1","max-image-preview":"max-image-preview:large","max-video-preview":"max-video-preview:-1"},"canonical":"https:\/\/miumjau.ee\/lv\/produkts\/kaku-skrapesanas-koks-petrebels-charlotte-134-kremkrasa\/","og_locale":"lv_LV","og_type":"article","og_title":"Ka\u0137u skr\u0101p\u0113\u0161anas koks Petrebels Charlotte 134, kr\u0113mkr\u0101s\u0101 - MiuMjau","og_description":"Charlotte mode\u013ca dizains galvenok\u0101rt paredz\u0113ts kompaktumam, lai kvalitat\u012bvu skr\u0101p\u0113\u0161anas koku var\u0113tu at\u013cauties ar\u012b tie, kam nav daudz br\u012bvas gr\u012bdas plat\u012bbas. Neskatoties uz to, ka\u0137im taj\u0101 ir viss nepiecie\u0161amais skr\u0101p\u0113\u0161anas koka izmanto\u0161anai. Visi 9 cm biezie stabi ir piln\u012bb\u0101 p\u0101rkl\u0101ti ar kvalitat\u012bvu skr\u0101p\u0113jamo sisalu, k\u0101pel\u0113\u0161anai ir vair\u0101kas platformas da\u017e\u0101dos augstumos, mier\u012bgai atp\u016btai ir sl\u0113gta m\u0101ji\u0146a, bet vienk\u0101r\u0161ai atp\u016btai \u2013 izb\u012bd\u012bts grozs. Visvair\u0101k \u2013 aug\u0161\u0113j\u0101 nov\u0113ro\u0161anas platforma \u013cauj ka\u0137im visu redz\u0113t, kas notiek apk\u0101rt. Skr\u0101p\u0113\u0161anas kokam ir pastiprin\u0101ta pamatne, kas padara to stabilu un dro\u0161u. Piem\u0113rots ar\u012b liel\u0101kiem un smag\u0101kiem ka\u0137iem. Produkta svars: 23,1 kg, ar iepakojumu \u2013 25,1 kgSkr\u0101p\u0113\u0161anas koka izm\u0113ri: 59 x 56 x 134 cm (garums, platums, augstums)Stabu diametrs: 9 cmM\u0101ji\u0146as izm\u0113rs: 40 x 40 cm, augstums 30 cm","og_url":"https:\/\/miumjau.ee\/lv\/produkts\/kaku-skrapesanas-koks-petrebels-charlotte-134-kremkrasa\/","og_site_name":"MiuMjau","article_publisher":"https:\/\/www.facebook.com\/miumjaupood\/","og_image":[{"width":600,"height":800,"url":"https:\/\/miumjau.ee\/wp-content\/uploads\/2023\/09\/charlotte-134-kreem-kassi-kraapimispuu-1.jpg","type":"image\/jpeg"}],"twitter_card":"summary_large_image","schema":{"@context":"https:\/\/schema.org","@graph":[{"@type":"WebPage","@id":"https:\/\/miumjau.ee\/lv\/produkts\/kaku-skrapesanas-koks-petrebels-charlotte-134-kremkrasa\/","url":"https:\/\/miumjau.ee\/lv\/produkts\/kaku-skrapesanas-koks-petrebels-charlotte-134-kremkrasa\/","name":"Ka\u0137u skr\u0101p\u0113\u0161anas koks Petrebels Charlotte 134, kr\u0113mkr\u0101s\u0101 - MiuMjau","isPartOf":{"@id":"https:\/\/miumjau.ee\/#website"},"primaryImageOfPage":{"@id":"https:\/\/miumjau.ee\/lv\/produkts\/kaku-skrapesanas-koks-petrebels-charlotte-134-kremkrasa\/#primaryimage"},"image":{"@id":"https:\/\/miumjau.ee\/lv\/produkts\/kaku-skrapesanas-koks-petrebels-charlotte-134-kremkrasa\/#primaryimage"},"thumbnailUrl":"https:\/\/miumjau.ee\/wp-content\/uploads\/2023\/09\/charlotte-134-kreem-kassi-kraapimispuu-1.jpg","datePublished":"2023-09-29T09:19:07+00:00","breadcrumb":{"@id":"https:\/\/miumjau.ee\/lv\/produkts\/kaku-skrapesanas-koks-petrebels-charlotte-134-kremkrasa\/#breadcrumb"},"inLanguage":"lv-LV","potentialAction":[{"@type":"ReadAction","target":["https:\/\/miumjau.ee\/lv\/produkts\/kaku-skrapesanas-koks-petrebels-charlotte-134-kremkrasa\/"]}]},{"@type":"ImageObject","inLanguage":"lv-LV","@id":"https:\/\/miumjau.ee\/lv\/produkts\/kaku-skrapesanas-koks-petrebels-charlotte-134-kremkrasa\/#primaryimage","url":"https:\/\/miumjau.ee\/wp-content\/uploads\/2023\/09\/charlotte-134-kreem-kassi-kraapimispuu-1.jpg","contentUrl":"https:\/\/miumjau.ee\/wp-content\/uploads\/2023\/09\/charlotte-134-kreem-kassi-kraapimispuu-1.jpg","width":600,"height":800},{"@type":"BreadcrumbList","@id":"https:\/\/miumjau.ee\/lv\/produkts\/kaku-skrapesanas-koks-petrebels-charlotte-134-kremkrasa\/#breadcrumb","itemListElement":[{"@type":"ListItem","position":1,"name":"Home","item":"https:\/\/miumjau.ee\/lv\/"},{"@type":"ListItem","position":2,"name":"Veikals","item":"https:\/\/miumjau.ee\/lv\/veikals\/"},{"@type":"ListItem","position":3,"name":"Ka\u0137u skr\u0101p\u0113\u0161anas koks Petrebels Charlotte 134, kr\u0113mkr\u0101s\u0101"}]},{"@type":"WebSite","@id":"https:\/\/miumjau.ee\/#website","url":"https:\/\/miumjau.ee\/","name":"MiuMjau","description":"Kraapimispuud kassidele","publisher":{"@id":"https:\/\/miumjau.ee\/#organization"},"potentialAction":[{"@type":"SearchAction","target":{"@type":"EntryPoint","urlTemplate":"https:\/\/miumjau.ee\/?s={search_term_string}"},"query-input":{"@type":"PropertyValueSpecification","valueRequired":true,"valueName":"search_term_string"}}],"inLanguage":"lv-LV"},{"@type":"Organization","@id":"https:\/\/miumjau.ee\/#organization","name":"MiuMjau O\u00dc","url":"https:\/\/miumjau.ee\/","logo":{"@type":"ImageObject","inLanguage":"lv-LV","@id":"https:\/\/miumjau.ee\/#\/schema\/logo\/image\/","url":"https:\/\/miumjau.ee\/wp-content\/uploads\/2022\/04\/MiuMjau-logo-kollane.png","contentUrl":"https:\/\/miumjau.ee\/wp-content\/uploads\/2022\/04\/MiuMjau-logo-kollane.png","width":219,"height":100,"caption":"MiuMjau O\u00dc"},"image":{"@id":"https:\/\/miumjau.ee\/#\/schema\/logo\/image\/"},"sameAs":["https:\/\/www.facebook.com\/miumjaupood\/"]}]}},"_links":{"self":[{"href":"https:\/\/miumjau.ee\/lv\/wp-json\/wp\/v2\/product\/56381","targetHints":{"allow":["GET"]}}],"collection":[{"href":"https:\/\/miumjau.ee\/lv\/wp-json\/wp\/v2\/product"}],"about":[{"href":"https:\/\/miumjau.ee\/lv\/wp-json\/wp\/v2\/types\/product"}],"wp:featuredmedia":[{"embeddable":true,"href":"https:\/\/miumjau.ee\/lv\/wp-json\/wp\/v2\/media\/56382"}],"wp:attachment":[{"href":"https:\/\/miumjau.ee\/lv\/wp-json\/wp\/v2\/media?parent=56381"}],"wp:term":[{"taxonomy":"product_brand","embeddable":true,"href":"https:\/\/miumjau.ee\/lv\/wp-json\/wp\/v2\/product_brand?post=56381"},{"taxonomy":"product_cat","embeddable":true,"href":"https:\/\/miumjau.ee\/lv\/wp-json\/wp\/v2\/product_cat?post=56381"},{"taxonomy":"product_tag","embeddable":true,"href":"https:\/\/miumjau.ee\/lv\/wp-json\/wp\/v2\/product_tag?post=56381"}],"curies":[{"name":"wp","href":"https:\/\/api.w.org\/{rel}","templated":true}]}}