{"id":56374,"date":"2023-09-13T14:58:24","date_gmt":"2023-09-13T11:58:24","guid":{"rendered":"https:\/\/miumjau.ee\/toode\/kaku-skrapesanas-koks-petrebels-ramses-158-kremkrasa\/"},"modified":"2023-09-13T14:58:24","modified_gmt":"2023-09-13T11:58:24","slug":"kaku-skrapesanas-koks-petrebels-ramses-158-kremkrasa","status":"publish","type":"product","link":"https:\/\/miumjau.ee\/lv\/produkts\/kaku-skrapesanas-koks-petrebels-ramses-158-kremkrasa\/","title":{"rendered":"Ka\u0137u skr\u0101p\u0113\u0161anas koks Petrebels Ramses 158, kr\u0113mkr\u0101s\u0101"},"content":{"rendered":"","protected":false},"excerpt":{"rendered":"<p data-start=\"95\" data-end=\"651\">Skr\u0101p\u0113\u0161anas koks, kas ir tikpat augsts k\u0101 parasti viesiem. Tas \u013cauj ka\u0137im visu p\u0101rraudz\u012bt. Visi stabi ir piln\u012bb\u0101 p\u0101rkl\u0101ti ar skr\u0101p\u0113jamo sisalu, un ka\u0137is var skr\u0101p\u0113t tik daudz, cik v\u0113las. Da\u017e\u0101das platformas \u013cauj ka\u0137im k\u0101pel\u0113t un lekt, daudzst\u0101vu m\u0101ji\u0146a nodro\u0161ina mier\u012bgu atp\u016btu, un, ja ka\u0137im vajag priv\u0101tumu, tas var atp\u016bsties ar\u012b liel\u0101 izb\u012bd\u012bt\u0101 groz\u0101. Jaun\u0101kiem ka\u0137iem pat\u012bk gul\u0113t un sp\u0113l\u0113ties \u0161\u016bpu\u013ct\u012bkl\u0101 zem aug\u0161\u0113j\u0101s platformas. Produkta dizains ir v\u0113rsts uz kvalit\u0101ti, vienlaikus saglab\u0101jot kompakti un neaiz\u0146emot lielu da\u013cu telpas. Moderns un stil\u012bgs!<\/p>\n<p data-start=\"653\" data-end=\"893\">Izm\u0113ri \u2013 garums 50 cm, dzi\u013cums 50 cm un augstums 158 cm<br data-start=\"708\" data-end=\"711\" \/>Piem\u0113rots visiem ka\u0137u veidiem<br data-start=\"740\" data-end=\"743\" \/>Aug\u0161\u0101 ir \u012bpa\u0161i liela platforma, ko ka\u0137i izmanto k\u0101 nov\u0113ro\u0161anas torni<br data-start=\"811\" data-end=\"814\" \/>Pamatne ir bieza (4 cm), lai nodro\u0161in\u0101tu stabilit\u0101ti<br data-start=\"866\" data-end=\"869\" \/>Salik\u0161anas instrukcija<\/p>\n<p data-start=\"895\" data-end=\"1020\">Izm\u0113ri redzami att\u0113l\u0101.<br data-start=\"917\" data-end=\"920\" \/>Produkta svars ar iepakojumu: 34 kg, pieg\u0101d\u0101ts div\u0101s kast\u0113s. Bez iepakojuma produkts sver 31,6 kg.<\/p>\n<p data-start=\"1022\" data-end=\"1123\" data-is-last-node=\"\" data-is-only-node=\"\">Produkts ir CE sertific\u0113ts, ra\u017eot\u0101js \u2013 N\u012bderlandes kvalit\u0101tes z\u012bmols PETREBELS. Invest\u0113jam kvalit\u0101t\u0113!<\/p>\n","protected":false},"featured_media":56375,"template":"","meta":[],"product_brand":[],"product_cat":[573,582],"product_tag":[],"class_list":{"0":"post-56374","1":"product","2":"type-product","3":"status-publish","4":"has-post-thumbnail","6":"product_cat-kaup24-lv","7":"product_cat-videji-skrapesanas-koki-petrebels","8":"product_shipping_class-pakiautomaati-sobimatu-lv","10":"first","11":"instock","12":"taxable","13":"shipping-taxable","14":"purchasable","15":"product-type-simple"},"yoast_head":"<!-- This site is optimized with the Yoast SEO plugin v27.4 - https:\/\/yoast.com\/product\/yoast-seo-wordpress\/ -->\n<title>Ka\u0137u skr\u0101p\u0113\u0161anas koks Petrebels Ramses 158, kr\u0113mkr\u0101s\u0101 - MiuMjau<\/title>\n<meta name=\"robots\" content=\"index, follow, max-snippet:-1, max-image-preview:large, max-video-preview:-1\" \/>\n<link rel=\"canonical\" href=\"https:\/\/miumjau.ee\/lv\/produkts\/kaku-skrapesanas-koks-petrebels-ramses-158-kremkrasa\/\" \/>\n<meta property=\"og:locale\" content=\"lv_LV\" \/>\n<meta property=\"og:type\" content=\"article\" \/>\n<meta property=\"og:title\" content=\"Ka\u0137u skr\u0101p\u0113\u0161anas koks Petrebels Ramses 158, kr\u0113mkr\u0101s\u0101 - MiuMjau\" \/>\n<meta property=\"og:description\" content=\"Skr\u0101p\u0113\u0161anas koks, kas ir tikpat augsts k\u0101 parasti viesiem. Tas \u013cauj ka\u0137im visu p\u0101rraudz\u012bt. Visi stabi ir piln\u012bb\u0101 p\u0101rkl\u0101ti ar skr\u0101p\u0113jamo sisalu, un ka\u0137is var skr\u0101p\u0113t tik daudz, cik v\u0113las. Da\u017e\u0101das platformas \u013cauj ka\u0137im k\u0101pel\u0113t un lekt, daudzst\u0101vu m\u0101ji\u0146a nodro\u0161ina mier\u012bgu atp\u016btu, un, ja ka\u0137im vajag priv\u0101tumu, tas var atp\u016bsties ar\u012b liel\u0101 izb\u012bd\u012bt\u0101 groz\u0101. Jaun\u0101kiem ka\u0137iem pat\u012bk gul\u0113t un sp\u0113l\u0113ties \u0161\u016bpu\u013ct\u012bkl\u0101 zem aug\u0161\u0113j\u0101s platformas. Produkta dizains ir v\u0113rsts uz kvalit\u0101ti, vienlaikus saglab\u0101jot kompakti un neaiz\u0146emot lielu da\u013cu telpas. Moderns un stil\u012bgs! Izm\u0113ri \u2013 garums 50 cm, dzi\u013cums 50 cm un augstums 158 cmPiem\u0113rots visiem ka\u0137u veidiemAug\u0161\u0101 ir \u012bpa\u0161i liela platforma, ko ka\u0137i izmanto k\u0101 nov\u0113ro\u0161anas torniPamatne ir bieza (4 cm), lai nodro\u0161in\u0101tu stabilit\u0101tiSalik\u0161anas instrukcija Izm\u0113ri redzami att\u0113l\u0101.Produkta svars ar iepakojumu: 34 kg, pieg\u0101d\u0101ts div\u0101s kast\u0113s. Bez iepakojuma produkts sver 31,6 kg. Produkts ir CE sertific\u0113ts, ra\u017eot\u0101js \u2013 N\u012bderlandes kvalit\u0101tes z\u012bmols PETREBELS. Invest\u0113jam kvalit\u0101t\u0113!\" \/>\n<meta property=\"og:url\" content=\"https:\/\/miumjau.ee\/lv\/produkts\/kaku-skrapesanas-koks-petrebels-ramses-158-kremkrasa\/\" \/>\n<meta property=\"og:site_name\" content=\"MiuMjau\" \/>\n<meta property=\"article:publisher\" content=\"https:\/\/www.facebook.com\/miumjaupood\/\" \/>\n<meta property=\"og:image\" content=\"https:\/\/miumjau.ee\/wp-content\/uploads\/2023\/09\/ramses-158-kreem-kassi-kraapimispuu-1.jpg\" \/>\n\t<meta property=\"og:image:width\" content=\"600\" \/>\n\t<meta property=\"og:image:height\" content=\"800\" \/>\n\t<meta property=\"og:image:type\" content=\"image\/jpeg\" \/>\n<meta name=\"twitter:card\" content=\"summary_large_image\" \/>\n<script type=\"application\/ld+json\" class=\"yoast-schema-graph\">{\"@context\":\"https:\\\/\\\/schema.org\",\"@graph\":[{\"@type\":\"WebPage\",\"@id\":\"https:\\\/\\\/miumjau.ee\\\/lv\\\/produkts\\\/kaku-skrapesanas-koks-petrebels-ramses-158-kremkrasa\\\/\",\"url\":\"https:\\\/\\\/miumjau.ee\\\/lv\\\/produkts\\\/kaku-skrapesanas-koks-petrebels-ramses-158-kremkrasa\\\/\",\"name\":\"Ka\u0137u skr\u0101p\u0113\u0161anas koks Petrebels Ramses 158, kr\u0113mkr\u0101s\u0101 - MiuMjau\",\"isPartOf\":{\"@id\":\"https:\\\/\\\/miumjau.ee\\\/#website\"},\"primaryImageOfPage\":{\"@id\":\"https:\\\/\\\/miumjau.ee\\\/lv\\\/produkts\\\/kaku-skrapesanas-koks-petrebels-ramses-158-kremkrasa\\\/#primaryimage\"},\"image\":{\"@id\":\"https:\\\/\\\/miumjau.ee\\\/lv\\\/produkts\\\/kaku-skrapesanas-koks-petrebels-ramses-158-kremkrasa\\\/#primaryimage\"},\"thumbnailUrl\":\"https:\\\/\\\/miumjau.ee\\\/wp-content\\\/uploads\\\/2023\\\/09\\\/ramses-158-kreem-kassi-kraapimispuu-1.jpg\",\"datePublished\":\"2023-09-13T11:58:24+00:00\",\"breadcrumb\":{\"@id\":\"https:\\\/\\\/miumjau.ee\\\/lv\\\/produkts\\\/kaku-skrapesanas-koks-petrebels-ramses-158-kremkrasa\\\/#breadcrumb\"},\"inLanguage\":\"lv-LV\",\"potentialAction\":[{\"@type\":\"ReadAction\",\"target\":[\"https:\\\/\\\/miumjau.ee\\\/lv\\\/produkts\\\/kaku-skrapesanas-koks-petrebels-ramses-158-kremkrasa\\\/\"]}]},{\"@type\":\"ImageObject\",\"inLanguage\":\"lv-LV\",\"@id\":\"https:\\\/\\\/miumjau.ee\\\/lv\\\/produkts\\\/kaku-skrapesanas-koks-petrebels-ramses-158-kremkrasa\\\/#primaryimage\",\"url\":\"https:\\\/\\\/miumjau.ee\\\/wp-content\\\/uploads\\\/2023\\\/09\\\/ramses-158-kreem-kassi-kraapimispuu-1.jpg\",\"contentUrl\":\"https:\\\/\\\/miumjau.ee\\\/wp-content\\\/uploads\\\/2023\\\/09\\\/ramses-158-kreem-kassi-kraapimispuu-1.jpg\",\"width\":600,\"height\":800},{\"@type\":\"BreadcrumbList\",\"@id\":\"https:\\\/\\\/miumjau.ee\\\/lv\\\/produkts\\\/kaku-skrapesanas-koks-petrebels-ramses-158-kremkrasa\\\/#breadcrumb\",\"itemListElement\":[{\"@type\":\"ListItem\",\"position\":1,\"name\":\"Home\",\"item\":\"https:\\\/\\\/miumjau.ee\\\/lv\\\/\"},{\"@type\":\"ListItem\",\"position\":2,\"name\":\"Veikals\",\"item\":\"https:\\\/\\\/miumjau.ee\\\/lv\\\/veikals\\\/\"},{\"@type\":\"ListItem\",\"position\":3,\"name\":\"Ka\u0137u skr\u0101p\u0113\u0161anas koks Petrebels Ramses 158, kr\u0113mkr\u0101s\u0101\"}]},{\"@type\":\"WebSite\",\"@id\":\"https:\\\/\\\/miumjau.ee\\\/#website\",\"url\":\"https:\\\/\\\/miumjau.ee\\\/\",\"name\":\"MiuMjau\",\"description\":\"Kraapimispuud kassidele\",\"publisher\":{\"@id\":\"https:\\\/\\\/miumjau.ee\\\/#organization\"},\"potentialAction\":[{\"@type\":\"SearchAction\",\"target\":{\"@type\":\"EntryPoint\",\"urlTemplate\":\"https:\\\/\\\/miumjau.ee\\\/?s={search_term_string}\"},\"query-input\":{\"@type\":\"PropertyValueSpecification\",\"valueRequired\":true,\"valueName\":\"search_term_string\"}}],\"inLanguage\":\"lv-LV\"},{\"@type\":\"Organization\",\"@id\":\"https:\\\/\\\/miumjau.ee\\\/#organization\",\"name\":\"MiuMjau O\u00dc\",\"url\":\"https:\\\/\\\/miumjau.ee\\\/\",\"logo\":{\"@type\":\"ImageObject\",\"inLanguage\":\"lv-LV\",\"@id\":\"https:\\\/\\\/miumjau.ee\\\/#\\\/schema\\\/logo\\\/image\\\/\",\"url\":\"https:\\\/\\\/miumjau.ee\\\/wp-content\\\/uploads\\\/2022\\\/04\\\/MiuMjau-logo-kollane.png\",\"contentUrl\":\"https:\\\/\\\/miumjau.ee\\\/wp-content\\\/uploads\\\/2022\\\/04\\\/MiuMjau-logo-kollane.png\",\"width\":219,\"height\":100,\"caption\":\"MiuMjau O\u00dc\"},\"image\":{\"@id\":\"https:\\\/\\\/miumjau.ee\\\/#\\\/schema\\\/logo\\\/image\\\/\"},\"sameAs\":[\"https:\\\/\\\/www.facebook.com\\\/miumjaupood\\\/\"]}]}<\/script>\n<!-- \/ Yoast SEO plugin. -->","yoast_head_json":{"title":"Ka\u0137u skr\u0101p\u0113\u0161anas koks Petrebels Ramses 158, kr\u0113mkr\u0101s\u0101 - MiuMjau","robots":{"index":"index","follow":"follow","max-snippet":"max-snippet:-1","max-image-preview":"max-image-preview:large","max-video-preview":"max-video-preview:-1"},"canonical":"https:\/\/miumjau.ee\/lv\/produkts\/kaku-skrapesanas-koks-petrebels-ramses-158-kremkrasa\/","og_locale":"lv_LV","og_type":"article","og_title":"Ka\u0137u skr\u0101p\u0113\u0161anas koks Petrebels Ramses 158, kr\u0113mkr\u0101s\u0101 - MiuMjau","og_description":"Skr\u0101p\u0113\u0161anas koks, kas ir tikpat augsts k\u0101 parasti viesiem. Tas \u013cauj ka\u0137im visu p\u0101rraudz\u012bt. Visi stabi ir piln\u012bb\u0101 p\u0101rkl\u0101ti ar skr\u0101p\u0113jamo sisalu, un ka\u0137is var skr\u0101p\u0113t tik daudz, cik v\u0113las. Da\u017e\u0101das platformas \u013cauj ka\u0137im k\u0101pel\u0113t un lekt, daudzst\u0101vu m\u0101ji\u0146a nodro\u0161ina mier\u012bgu atp\u016btu, un, ja ka\u0137im vajag priv\u0101tumu, tas var atp\u016bsties ar\u012b liel\u0101 izb\u012bd\u012bt\u0101 groz\u0101. Jaun\u0101kiem ka\u0137iem pat\u012bk gul\u0113t un sp\u0113l\u0113ties \u0161\u016bpu\u013ct\u012bkl\u0101 zem aug\u0161\u0113j\u0101s platformas. Produkta dizains ir v\u0113rsts uz kvalit\u0101ti, vienlaikus saglab\u0101jot kompakti un neaiz\u0146emot lielu da\u013cu telpas. Moderns un stil\u012bgs! Izm\u0113ri \u2013 garums 50 cm, dzi\u013cums 50 cm un augstums 158 cmPiem\u0113rots visiem ka\u0137u veidiemAug\u0161\u0101 ir \u012bpa\u0161i liela platforma, ko ka\u0137i izmanto k\u0101 nov\u0113ro\u0161anas torniPamatne ir bieza (4 cm), lai nodro\u0161in\u0101tu stabilit\u0101tiSalik\u0161anas instrukcija Izm\u0113ri redzami att\u0113l\u0101.Produkta svars ar iepakojumu: 34 kg, pieg\u0101d\u0101ts div\u0101s kast\u0113s. Bez iepakojuma produkts sver 31,6 kg. Produkts ir CE sertific\u0113ts, ra\u017eot\u0101js \u2013 N\u012bderlandes kvalit\u0101tes z\u012bmols PETREBELS. Invest\u0113jam kvalit\u0101t\u0113!","og_url":"https:\/\/miumjau.ee\/lv\/produkts\/kaku-skrapesanas-koks-petrebels-ramses-158-kremkrasa\/","og_site_name":"MiuMjau","article_publisher":"https:\/\/www.facebook.com\/miumjaupood\/","og_image":[{"width":600,"height":800,"url":"https:\/\/miumjau.ee\/wp-content\/uploads\/2023\/09\/ramses-158-kreem-kassi-kraapimispuu-1.jpg","type":"image\/jpeg"}],"twitter_card":"summary_large_image","schema":{"@context":"https:\/\/schema.org","@graph":[{"@type":"WebPage","@id":"https:\/\/miumjau.ee\/lv\/produkts\/kaku-skrapesanas-koks-petrebels-ramses-158-kremkrasa\/","url":"https:\/\/miumjau.ee\/lv\/produkts\/kaku-skrapesanas-koks-petrebels-ramses-158-kremkrasa\/","name":"Ka\u0137u skr\u0101p\u0113\u0161anas koks Petrebels Ramses 158, kr\u0113mkr\u0101s\u0101 - MiuMjau","isPartOf":{"@id":"https:\/\/miumjau.ee\/#website"},"primaryImageOfPage":{"@id":"https:\/\/miumjau.ee\/lv\/produkts\/kaku-skrapesanas-koks-petrebels-ramses-158-kremkrasa\/#primaryimage"},"image":{"@id":"https:\/\/miumjau.ee\/lv\/produkts\/kaku-skrapesanas-koks-petrebels-ramses-158-kremkrasa\/#primaryimage"},"thumbnailUrl":"https:\/\/miumjau.ee\/wp-content\/uploads\/2023\/09\/ramses-158-kreem-kassi-kraapimispuu-1.jpg","datePublished":"2023-09-13T11:58:24+00:00","breadcrumb":{"@id":"https:\/\/miumjau.ee\/lv\/produkts\/kaku-skrapesanas-koks-petrebels-ramses-158-kremkrasa\/#breadcrumb"},"inLanguage":"lv-LV","potentialAction":[{"@type":"ReadAction","target":["https:\/\/miumjau.ee\/lv\/produkts\/kaku-skrapesanas-koks-petrebels-ramses-158-kremkrasa\/"]}]},{"@type":"ImageObject","inLanguage":"lv-LV","@id":"https:\/\/miumjau.ee\/lv\/produkts\/kaku-skrapesanas-koks-petrebels-ramses-158-kremkrasa\/#primaryimage","url":"https:\/\/miumjau.ee\/wp-content\/uploads\/2023\/09\/ramses-158-kreem-kassi-kraapimispuu-1.jpg","contentUrl":"https:\/\/miumjau.ee\/wp-content\/uploads\/2023\/09\/ramses-158-kreem-kassi-kraapimispuu-1.jpg","width":600,"height":800},{"@type":"BreadcrumbList","@id":"https:\/\/miumjau.ee\/lv\/produkts\/kaku-skrapesanas-koks-petrebels-ramses-158-kremkrasa\/#breadcrumb","itemListElement":[{"@type":"ListItem","position":1,"name":"Home","item":"https:\/\/miumjau.ee\/lv\/"},{"@type":"ListItem","position":2,"name":"Veikals","item":"https:\/\/miumjau.ee\/lv\/veikals\/"},{"@type":"ListItem","position":3,"name":"Ka\u0137u skr\u0101p\u0113\u0161anas koks Petrebels Ramses 158, kr\u0113mkr\u0101s\u0101"}]},{"@type":"WebSite","@id":"https:\/\/miumjau.ee\/#website","url":"https:\/\/miumjau.ee\/","name":"MiuMjau","description":"Kraapimispuud kassidele","publisher":{"@id":"https:\/\/miumjau.ee\/#organization"},"potentialAction":[{"@type":"SearchAction","target":{"@type":"EntryPoint","urlTemplate":"https:\/\/miumjau.ee\/?s={search_term_string}"},"query-input":{"@type":"PropertyValueSpecification","valueRequired":true,"valueName":"search_term_string"}}],"inLanguage":"lv-LV"},{"@type":"Organization","@id":"https:\/\/miumjau.ee\/#organization","name":"MiuMjau O\u00dc","url":"https:\/\/miumjau.ee\/","logo":{"@type":"ImageObject","inLanguage":"lv-LV","@id":"https:\/\/miumjau.ee\/#\/schema\/logo\/image\/","url":"https:\/\/miumjau.ee\/wp-content\/uploads\/2022\/04\/MiuMjau-logo-kollane.png","contentUrl":"https:\/\/miumjau.ee\/wp-content\/uploads\/2022\/04\/MiuMjau-logo-kollane.png","width":219,"height":100,"caption":"MiuMjau O\u00dc"},"image":{"@id":"https:\/\/miumjau.ee\/#\/schema\/logo\/image\/"},"sameAs":["https:\/\/www.facebook.com\/miumjaupood\/"]}]}},"_links":{"self":[{"href":"https:\/\/miumjau.ee\/lv\/wp-json\/wp\/v2\/product\/56374","targetHints":{"allow":["GET"]}}],"collection":[{"href":"https:\/\/miumjau.ee\/lv\/wp-json\/wp\/v2\/product"}],"about":[{"href":"https:\/\/miumjau.ee\/lv\/wp-json\/wp\/v2\/types\/product"}],"wp:featuredmedia":[{"embeddable":true,"href":"https:\/\/miumjau.ee\/lv\/wp-json\/wp\/v2\/media\/56375"}],"wp:attachment":[{"href":"https:\/\/miumjau.ee\/lv\/wp-json\/wp\/v2\/media?parent=56374"}],"wp:term":[{"taxonomy":"product_brand","embeddable":true,"href":"https:\/\/miumjau.ee\/lv\/wp-json\/wp\/v2\/product_brand?post=56374"},{"taxonomy":"product_cat","embeddable":true,"href":"https:\/\/miumjau.ee\/lv\/wp-json\/wp\/v2\/product_cat?post=56374"},{"taxonomy":"product_tag","embeddable":true,"href":"https:\/\/miumjau.ee\/lv\/wp-json\/wp\/v2\/product_tag?post=56374"}],"curies":[{"name":"wp","href":"https:\/\/api.w.org\/{rel}","templated":true}]}}