{"id":56348,"date":"2023-08-31T12:48:03","date_gmt":"2023-08-31T09:48:03","guid":{"rendered":"https:\/\/miumjau.ee\/toode\/kaku-skrapesanas-koks-petrebels-parklane-131-kremkrasa\/"},"modified":"2023-08-31T12:48:03","modified_gmt":"2023-08-31T09:48:03","slug":"kaku-skrapesanas-koks-petrebels-parklane-131-kremkrasa","status":"publish","type":"product","link":"https:\/\/miumjau.ee\/lv\/produkts\/kaku-skrapesanas-koks-petrebels-parklane-131-kremkrasa\/","title":{"rendered":"Ka\u0137u skr\u0101p\u0113\u0161anas koks Petrebels Parklane 131, kr\u0113mkr\u0101s\u0101"},"content":{"rendered":"","protected":false},"excerpt":{"rendered":"<p data-start=\"96\" data-end=\"580\">Ka\u0137u skr\u0101p\u0113\u0161anas koks Parklane 131 no N\u012bderlandes kvalit\u0101tes z\u012bmola Petrebels pied\u0101v\u0101 visu nepiecie\u0161amo, ko sagaid\u012bt no ka\u0137u skr\u0101p\u0113\u0161anas koka. Produkts ir vid\u0113ja augstuma \u2013 131 cm, garums 58 cm un platums 45 cm. Prec\u012bzi izm\u0113ri nor\u0101d\u012bti att\u0113l\u0101. Koks ir piem\u0113rots ka\u0137\u0113niem, vec\u0101kiem ka\u0137iem un ar\u012b smagiem ka\u0137iem. Pamatne ir iztur\u012bga un stipra, bet stabi ir biezs un piln\u012bb\u0101 p\u0101rkl\u0101ti ar dab\u012bgo skr\u0101p\u0113jamo sisalu. Gu\u013camvietas ir patie\u0161\u0101m pla\u0161as, nek\u0101das \u0161aur\u012bbas! \u012asts grezn\u012bbas prieks!<\/p>\n<p data-start=\"582\" data-end=\"683\">Produkta svars bez iepakojuma \u2013 26,6 kg, ar iepakojumu \u2013 28,6 kg. Kast\u012btes izm\u0113ri: 60 x 47 x 42 cm.<\/p>\n<p data-start=\"685\" data-end=\"1133\" data-is-last-node=\"\" data-is-only-node=\"\">M\u0113s p\u0101rdodam Petrebels kvalitat\u012bvos produktus, jo esam p\u0101rliecin\u0101ju\u0161ies par to izcilaj\u0101m \u012bpa\u0161\u012bb\u0101m ar\u012b pa\u0161i. Tie kalpo vismaz divreiz ilg\u0101k nek\u0101 l\u0113ti \u0136\u012bnas koci\u0146i, un pied\u0101v\u0101 daudz vair\u0101k vizu\u0101la prieka un stabilit\u0101tes, k\u0101 ar\u012b dro\u0161\u012bbu ka\u0137im \u2013 nav j\u0101uztraucas, ka skrienot un lecot ka\u0137is nokrit\u012bs kop\u0101 ar koku. T\u0101ds incidents vairs nenotiks! Ja jums nepiecie\u0161ams padoms par skr\u0101p\u0113\u0161anas koka izv\u0113li, l\u016bdzu, sazinieties ar mums, un m\u0113s jums pal\u012bdz\u0113sim!<\/p>\n","protected":false},"featured_media":56349,"template":"","meta":[],"product_brand":[],"product_cat":[583,573],"product_tag":[],"class_list":{"0":"post-56348","1":"product","2":"type-product","3":"status-publish","4":"has-post-thumbnail","6":"product_cat-petrebels-produkti-smagiem-kakiem","7":"product_cat-kaup24-lv","8":"product_shipping_class-pakiautomaati-sobimatu-lv","10":"first","11":"outofstock","12":"sale","13":"taxable","14":"shipping-taxable","15":"purchasable","16":"product-type-simple"},"yoast_head":"<!-- This site is optimized with the Yoast SEO plugin v27.2 - https:\/\/yoast.com\/product\/yoast-seo-wordpress\/ -->\n<title>Ka\u0137u skr\u0101p\u0113\u0161anas koks Petrebels Parklane 131, kr\u0113mkr\u0101s\u0101 - MiuMjau<\/title>\n<meta name=\"robots\" content=\"index, follow, max-snippet:-1, max-image-preview:large, max-video-preview:-1\" \/>\n<link rel=\"canonical\" href=\"https:\/\/miumjau.ee\/lv\/produkts\/kaku-skrapesanas-koks-petrebels-parklane-131-kremkrasa\/\" \/>\n<meta property=\"og:locale\" content=\"lv_LV\" \/>\n<meta property=\"og:type\" content=\"article\" \/>\n<meta property=\"og:title\" content=\"Ka\u0137u skr\u0101p\u0113\u0161anas koks Petrebels Parklane 131, kr\u0113mkr\u0101s\u0101 - MiuMjau\" \/>\n<meta property=\"og:description\" content=\"Ka\u0137u skr\u0101p\u0113\u0161anas koks Parklane 131 no N\u012bderlandes kvalit\u0101tes z\u012bmola Petrebels pied\u0101v\u0101 visu nepiecie\u0161amo, ko sagaid\u012bt no ka\u0137u skr\u0101p\u0113\u0161anas koka. Produkts ir vid\u0113ja augstuma \u2013 131 cm, garums 58 cm un platums 45 cm. Prec\u012bzi izm\u0113ri nor\u0101d\u012bti att\u0113l\u0101. Koks ir piem\u0113rots ka\u0137\u0113niem, vec\u0101kiem ka\u0137iem un ar\u012b smagiem ka\u0137iem. Pamatne ir iztur\u012bga un stipra, bet stabi ir biezs un piln\u012bb\u0101 p\u0101rkl\u0101ti ar dab\u012bgo skr\u0101p\u0113jamo sisalu. Gu\u013camvietas ir patie\u0161\u0101m pla\u0161as, nek\u0101das \u0161aur\u012bbas! \u012asts grezn\u012bbas prieks! Produkta svars bez iepakojuma \u2013 26,6 kg, ar iepakojumu \u2013 28,6 kg. Kast\u012btes izm\u0113ri: 60 x 47 x 42 cm. M\u0113s p\u0101rdodam Petrebels kvalitat\u012bvos produktus, jo esam p\u0101rliecin\u0101ju\u0161ies par to izcilaj\u0101m \u012bpa\u0161\u012bb\u0101m ar\u012b pa\u0161i. Tie kalpo vismaz divreiz ilg\u0101k nek\u0101 l\u0113ti \u0136\u012bnas koci\u0146i, un pied\u0101v\u0101 daudz vair\u0101k vizu\u0101la prieka un stabilit\u0101tes, k\u0101 ar\u012b dro\u0161\u012bbu ka\u0137im \u2013 nav j\u0101uztraucas, ka skrienot un lecot ka\u0137is nokrit\u012bs kop\u0101 ar koku. T\u0101ds incidents vairs nenotiks! Ja jums nepiecie\u0161ams padoms par skr\u0101p\u0113\u0161anas koka izv\u0113li, l\u016bdzu, sazinieties ar mums, un m\u0113s jums pal\u012bdz\u0113sim!\" \/>\n<meta property=\"og:url\" content=\"https:\/\/miumjau.ee\/lv\/produkts\/kaku-skrapesanas-koks-petrebels-parklane-131-kremkrasa\/\" \/>\n<meta property=\"og:site_name\" content=\"MiuMjau\" \/>\n<meta property=\"article:publisher\" content=\"https:\/\/www.facebook.com\/miumjaupood\/\" \/>\n<meta property=\"og:image\" content=\"https:\/\/miumjau.ee\/wp-content\/uploads\/2023\/08\/Parklane131-kraapimispuu1.jpg\" \/>\n\t<meta property=\"og:image:width\" content=\"600\" \/>\n\t<meta property=\"og:image:height\" content=\"800\" \/>\n\t<meta property=\"og:image:type\" content=\"image\/jpeg\" \/>\n<meta name=\"twitter:card\" content=\"summary_large_image\" \/>\n<script type=\"application\/ld+json\" class=\"yoast-schema-graph\">{\"@context\":\"https:\/\/schema.org\",\"@graph\":[{\"@type\":\"WebPage\",\"@id\":\"https:\/\/miumjau.ee\/lv\/produkts\/kaku-skrapesanas-koks-petrebels-parklane-131-kremkrasa\/\",\"url\":\"https:\/\/miumjau.ee\/lv\/produkts\/kaku-skrapesanas-koks-petrebels-parklane-131-kremkrasa\/\",\"name\":\"Ka\u0137u skr\u0101p\u0113\u0161anas koks Petrebels Parklane 131, kr\u0113mkr\u0101s\u0101 - MiuMjau\",\"isPartOf\":{\"@id\":\"https:\/\/miumjau.ee\/#website\"},\"primaryImageOfPage\":{\"@id\":\"https:\/\/miumjau.ee\/lv\/produkts\/kaku-skrapesanas-koks-petrebels-parklane-131-kremkrasa\/#primaryimage\"},\"image\":{\"@id\":\"https:\/\/miumjau.ee\/lv\/produkts\/kaku-skrapesanas-koks-petrebels-parklane-131-kremkrasa\/#primaryimage\"},\"thumbnailUrl\":\"https:\/\/miumjau.ee\/wp-content\/uploads\/2023\/08\/Parklane131-kraapimispuu1.jpg\",\"datePublished\":\"2023-08-31T09:48:03+00:00\",\"breadcrumb\":{\"@id\":\"https:\/\/miumjau.ee\/lv\/produkts\/kaku-skrapesanas-koks-petrebels-parklane-131-kremkrasa\/#breadcrumb\"},\"inLanguage\":\"lv-LV\",\"potentialAction\":[{\"@type\":\"ReadAction\",\"target\":[\"https:\/\/miumjau.ee\/lv\/produkts\/kaku-skrapesanas-koks-petrebels-parklane-131-kremkrasa\/\"]}]},{\"@type\":\"ImageObject\",\"inLanguage\":\"lv-LV\",\"@id\":\"https:\/\/miumjau.ee\/lv\/produkts\/kaku-skrapesanas-koks-petrebels-parklane-131-kremkrasa\/#primaryimage\",\"url\":\"https:\/\/miumjau.ee\/wp-content\/uploads\/2023\/08\/Parklane131-kraapimispuu1.jpg\",\"contentUrl\":\"https:\/\/miumjau.ee\/wp-content\/uploads\/2023\/08\/Parklane131-kraapimispuu1.jpg\",\"width\":600,\"height\":800},{\"@type\":\"BreadcrumbList\",\"@id\":\"https:\/\/miumjau.ee\/lv\/produkts\/kaku-skrapesanas-koks-petrebels-parklane-131-kremkrasa\/#breadcrumb\",\"itemListElement\":[{\"@type\":\"ListItem\",\"position\":1,\"name\":\"Home\",\"item\":\"https:\/\/miumjau.ee\/lv\/\"},{\"@type\":\"ListItem\",\"position\":2,\"name\":\"Veikals\",\"item\":\"https:\/\/miumjau.ee\/lv\/veikals\/\"},{\"@type\":\"ListItem\",\"position\":3,\"name\":\"Ka\u0137u skr\u0101p\u0113\u0161anas koks Petrebels Parklane 131, kr\u0113mkr\u0101s\u0101\"}]},{\"@type\":\"WebSite\",\"@id\":\"https:\/\/miumjau.ee\/#website\",\"url\":\"https:\/\/miumjau.ee\/\",\"name\":\"MiuMjau\",\"description\":\"Kraapimispuud kassidele\",\"publisher\":{\"@id\":\"https:\/\/miumjau.ee\/#organization\"},\"potentialAction\":[{\"@type\":\"SearchAction\",\"target\":{\"@type\":\"EntryPoint\",\"urlTemplate\":\"https:\/\/miumjau.ee\/?s={search_term_string}\"},\"query-input\":{\"@type\":\"PropertyValueSpecification\",\"valueRequired\":true,\"valueName\":\"search_term_string\"}}],\"inLanguage\":\"lv-LV\"},{\"@type\":\"Organization\",\"@id\":\"https:\/\/miumjau.ee\/#organization\",\"name\":\"MiuMjau O\u00dc\",\"url\":\"https:\/\/miumjau.ee\/\",\"logo\":{\"@type\":\"ImageObject\",\"inLanguage\":\"lv-LV\",\"@id\":\"https:\/\/miumjau.ee\/#\/schema\/logo\/image\/\",\"url\":\"https:\/\/miumjau.ee\/wp-content\/uploads\/2022\/04\/MiuMjau-logo-kollane.png\",\"contentUrl\":\"https:\/\/miumjau.ee\/wp-content\/uploads\/2022\/04\/MiuMjau-logo-kollane.png\",\"width\":219,\"height\":100,\"caption\":\"MiuMjau O\u00dc\"},\"image\":{\"@id\":\"https:\/\/miumjau.ee\/#\/schema\/logo\/image\/\"},\"sameAs\":[\"https:\/\/www.facebook.com\/miumjaupood\/\"]}]}<\/script>\n<!-- \/ Yoast SEO plugin. -->","yoast_head_json":{"title":"Ka\u0137u skr\u0101p\u0113\u0161anas koks Petrebels Parklane 131, kr\u0113mkr\u0101s\u0101 - MiuMjau","robots":{"index":"index","follow":"follow","max-snippet":"max-snippet:-1","max-image-preview":"max-image-preview:large","max-video-preview":"max-video-preview:-1"},"canonical":"https:\/\/miumjau.ee\/lv\/produkts\/kaku-skrapesanas-koks-petrebels-parklane-131-kremkrasa\/","og_locale":"lv_LV","og_type":"article","og_title":"Ka\u0137u skr\u0101p\u0113\u0161anas koks Petrebels Parklane 131, kr\u0113mkr\u0101s\u0101 - MiuMjau","og_description":"Ka\u0137u skr\u0101p\u0113\u0161anas koks Parklane 131 no N\u012bderlandes kvalit\u0101tes z\u012bmola Petrebels pied\u0101v\u0101 visu nepiecie\u0161amo, ko sagaid\u012bt no ka\u0137u skr\u0101p\u0113\u0161anas koka. Produkts ir vid\u0113ja augstuma \u2013 131 cm, garums 58 cm un platums 45 cm. Prec\u012bzi izm\u0113ri nor\u0101d\u012bti att\u0113l\u0101. Koks ir piem\u0113rots ka\u0137\u0113niem, vec\u0101kiem ka\u0137iem un ar\u012b smagiem ka\u0137iem. Pamatne ir iztur\u012bga un stipra, bet stabi ir biezs un piln\u012bb\u0101 p\u0101rkl\u0101ti ar dab\u012bgo skr\u0101p\u0113jamo sisalu. Gu\u013camvietas ir patie\u0161\u0101m pla\u0161as, nek\u0101das \u0161aur\u012bbas! \u012asts grezn\u012bbas prieks! Produkta svars bez iepakojuma \u2013 26,6 kg, ar iepakojumu \u2013 28,6 kg. Kast\u012btes izm\u0113ri: 60 x 47 x 42 cm. M\u0113s p\u0101rdodam Petrebels kvalitat\u012bvos produktus, jo esam p\u0101rliecin\u0101ju\u0161ies par to izcilaj\u0101m \u012bpa\u0161\u012bb\u0101m ar\u012b pa\u0161i. Tie kalpo vismaz divreiz ilg\u0101k nek\u0101 l\u0113ti \u0136\u012bnas koci\u0146i, un pied\u0101v\u0101 daudz vair\u0101k vizu\u0101la prieka un stabilit\u0101tes, k\u0101 ar\u012b dro\u0161\u012bbu ka\u0137im \u2013 nav j\u0101uztraucas, ka skrienot un lecot ka\u0137is nokrit\u012bs kop\u0101 ar koku. T\u0101ds incidents vairs nenotiks! Ja jums nepiecie\u0161ams padoms par skr\u0101p\u0113\u0161anas koka izv\u0113li, l\u016bdzu, sazinieties ar mums, un m\u0113s jums pal\u012bdz\u0113sim!","og_url":"https:\/\/miumjau.ee\/lv\/produkts\/kaku-skrapesanas-koks-petrebels-parklane-131-kremkrasa\/","og_site_name":"MiuMjau","article_publisher":"https:\/\/www.facebook.com\/miumjaupood\/","og_image":[{"width":600,"height":800,"url":"https:\/\/miumjau.ee\/wp-content\/uploads\/2023\/08\/Parklane131-kraapimispuu1.jpg","type":"image\/jpeg"}],"twitter_card":"summary_large_image","schema":{"@context":"https:\/\/schema.org","@graph":[{"@type":"WebPage","@id":"https:\/\/miumjau.ee\/lv\/produkts\/kaku-skrapesanas-koks-petrebels-parklane-131-kremkrasa\/","url":"https:\/\/miumjau.ee\/lv\/produkts\/kaku-skrapesanas-koks-petrebels-parklane-131-kremkrasa\/","name":"Ka\u0137u skr\u0101p\u0113\u0161anas koks Petrebels Parklane 131, kr\u0113mkr\u0101s\u0101 - MiuMjau","isPartOf":{"@id":"https:\/\/miumjau.ee\/#website"},"primaryImageOfPage":{"@id":"https:\/\/miumjau.ee\/lv\/produkts\/kaku-skrapesanas-koks-petrebels-parklane-131-kremkrasa\/#primaryimage"},"image":{"@id":"https:\/\/miumjau.ee\/lv\/produkts\/kaku-skrapesanas-koks-petrebels-parklane-131-kremkrasa\/#primaryimage"},"thumbnailUrl":"https:\/\/miumjau.ee\/wp-content\/uploads\/2023\/08\/Parklane131-kraapimispuu1.jpg","datePublished":"2023-08-31T09:48:03+00:00","breadcrumb":{"@id":"https:\/\/miumjau.ee\/lv\/produkts\/kaku-skrapesanas-koks-petrebels-parklane-131-kremkrasa\/#breadcrumb"},"inLanguage":"lv-LV","potentialAction":[{"@type":"ReadAction","target":["https:\/\/miumjau.ee\/lv\/produkts\/kaku-skrapesanas-koks-petrebels-parklane-131-kremkrasa\/"]}]},{"@type":"ImageObject","inLanguage":"lv-LV","@id":"https:\/\/miumjau.ee\/lv\/produkts\/kaku-skrapesanas-koks-petrebels-parklane-131-kremkrasa\/#primaryimage","url":"https:\/\/miumjau.ee\/wp-content\/uploads\/2023\/08\/Parklane131-kraapimispuu1.jpg","contentUrl":"https:\/\/miumjau.ee\/wp-content\/uploads\/2023\/08\/Parklane131-kraapimispuu1.jpg","width":600,"height":800},{"@type":"BreadcrumbList","@id":"https:\/\/miumjau.ee\/lv\/produkts\/kaku-skrapesanas-koks-petrebels-parklane-131-kremkrasa\/#breadcrumb","itemListElement":[{"@type":"ListItem","position":1,"name":"Home","item":"https:\/\/miumjau.ee\/lv\/"},{"@type":"ListItem","position":2,"name":"Veikals","item":"https:\/\/miumjau.ee\/lv\/veikals\/"},{"@type":"ListItem","position":3,"name":"Ka\u0137u skr\u0101p\u0113\u0161anas koks Petrebels Parklane 131, kr\u0113mkr\u0101s\u0101"}]},{"@type":"WebSite","@id":"https:\/\/miumjau.ee\/#website","url":"https:\/\/miumjau.ee\/","name":"MiuMjau","description":"Kraapimispuud kassidele","publisher":{"@id":"https:\/\/miumjau.ee\/#organization"},"potentialAction":[{"@type":"SearchAction","target":{"@type":"EntryPoint","urlTemplate":"https:\/\/miumjau.ee\/?s={search_term_string}"},"query-input":{"@type":"PropertyValueSpecification","valueRequired":true,"valueName":"search_term_string"}}],"inLanguage":"lv-LV"},{"@type":"Organization","@id":"https:\/\/miumjau.ee\/#organization","name":"MiuMjau O\u00dc","url":"https:\/\/miumjau.ee\/","logo":{"@type":"ImageObject","inLanguage":"lv-LV","@id":"https:\/\/miumjau.ee\/#\/schema\/logo\/image\/","url":"https:\/\/miumjau.ee\/wp-content\/uploads\/2022\/04\/MiuMjau-logo-kollane.png","contentUrl":"https:\/\/miumjau.ee\/wp-content\/uploads\/2022\/04\/MiuMjau-logo-kollane.png","width":219,"height":100,"caption":"MiuMjau O\u00dc"},"image":{"@id":"https:\/\/miumjau.ee\/#\/schema\/logo\/image\/"},"sameAs":["https:\/\/www.facebook.com\/miumjaupood\/"]}]}},"_links":{"self":[{"href":"https:\/\/miumjau.ee\/lv\/wp-json\/wp\/v2\/product\/56348","targetHints":{"allow":["GET"]}}],"collection":[{"href":"https:\/\/miumjau.ee\/lv\/wp-json\/wp\/v2\/product"}],"about":[{"href":"https:\/\/miumjau.ee\/lv\/wp-json\/wp\/v2\/types\/product"}],"wp:featuredmedia":[{"embeddable":true,"href":"https:\/\/miumjau.ee\/lv\/wp-json\/wp\/v2\/media\/56349"}],"wp:attachment":[{"href":"https:\/\/miumjau.ee\/lv\/wp-json\/wp\/v2\/media?parent=56348"}],"wp:term":[{"taxonomy":"product_brand","embeddable":true,"href":"https:\/\/miumjau.ee\/lv\/wp-json\/wp\/v2\/product_brand?post=56348"},{"taxonomy":"product_cat","embeddable":true,"href":"https:\/\/miumjau.ee\/lv\/wp-json\/wp\/v2\/product_cat?post=56348"},{"taxonomy":"product_tag","embeddable":true,"href":"https:\/\/miumjau.ee\/lv\/wp-json\/wp\/v2\/product_tag?post=56348"}],"curies":[{"name":"wp","href":"https:\/\/api.w.org\/{rel}","templated":true}]}}