{"id":56341,"date":"2023-07-28T19:54:51","date_gmt":"2023-07-28T16:54:51","guid":{"rendered":"https:\/\/miumjau.ee\/toode\/kaku-skrapesanas-koks-petrebels-alexis-224-cappuccino\/"},"modified":"2023-07-28T19:54:51","modified_gmt":"2023-07-28T16:54:51","slug":"kaku-skrapesanas-koks-petrebels-alexis-224-cappuccino","status":"publish","type":"product","link":"https:\/\/miumjau.ee\/lv\/produkts\/kaku-skrapesanas-koks-petrebels-alexis-224-cappuccino\/","title":{"rendered":"Ka\u0137u skr\u0101p\u0113\u0161anas koks Petrebels Alexis 224, cappuccino"},"content":{"rendered":"","protected":false},"excerpt":{"rendered":"<div class=\"flex flex-col text-sm\">\n<section class=\"text-token-text-primary w-full focus:outline-none [--shadow-height:45px] has-data-writing-block:pointer-events-none has-data-writing-block:-mt-(--shadow-height) has-data-writing-block:pt-(--shadow-height) [&amp;:has([data-writing-block])&gt;*]:pointer-events-auto scroll-mt-[calc(var(--header-height)+min(200px,max(70px,20svh)))]\" dir=\"auto\" data-turn-id=\"request-WEB:56bd4596-88c0-40e8-a83f-841be3156dad-1\" data-testid=\"conversation-turn-4\" data-scroll-anchor=\"true\" data-turn=\"assistant\">\n<div class=\"text-base my-auto mx-auto pb-10 [--thread-content-margin:var(--thread-content-margin-xs,calc(var(--spacing)*4))] @w-sm\/main:[--thread-content-margin:var(--thread-content-margin-sm,calc(var(--spacing)*6))] @w-lg\/main:[--thread-content-margin:var(--thread-content-margin-lg,calc(var(--spacing)*16))] px-(--thread-content-margin)\">\n<div class=\"[--thread-content-max-width:40rem] @w-lg\/main:[--thread-content-max-width:48rem] mx-auto max-w-(--thread-content-max-width) flex-1 group\/turn-messages focus-visible:outline-hidden relative flex w-full min-w-0 flex-col agent-turn\">\n<div class=\"flex max-w-full flex-col gap-4 grow\">\n<div class=\"min-h-8 text-message relative flex w-full flex-col items-end gap-2 text-start break-words whitespace-normal outline-none keyboard-focused:focus-ring [.text-message+&amp;]:mt-1\" dir=\"auto\" tabindex=\"0\" data-message-author-role=\"assistant\" data-message-id=\"b5555902-18d7-4e53-90d7-4cabd99d9646\" data-message-model-slug=\"gpt-5-3\" data-turn-start-message=\"true\">\n<div class=\"flex w-full flex-col gap-1 empty:hidden\">\n<div class=\"markdown prose dark:prose-invert w-full wrap-break-word light markdown-new-styling\">\n<p data-start=\"93\" data-end=\"125\"><strong data-start=\"93\" data-end=\"125\">Skr\u0101p\u0113\u0161anas stabs Alexis 224<\/strong><\/p>\n<p data-start=\"127\" data-end=\"572\">Cik gu\u013cvietu un k\u0101pel\u0113\u0161anas vietu tu vari saskait\u012bt? M\u0113s redzam pat septi\u0146as! \u010cetras pla\u0161as platformas, divi lieliski gu\u013camgrozi un super grezns gu\u013camgrozs aug\u0161pus\u0113. \u0160is \u012bpa\u0161i augstais skr\u0101p\u0113\u0161anas stabs ir \u012bsts piedz\u012bvojums akt\u012bviem un uz\u0146\u0113m\u012bgiem ka\u0137iem. Jo, ja vi\u0146i v\u0113las sasniegt virsotni, vi\u0146iem vispirms j\u0101uzk\u0101pj pa skr\u0101p\u0113\u0161anas stabu. Gr\u016bti? Katrs l\u012bmenis ir p\u0101rkl\u0101ts ar samtaini m\u012bkstu pl\u012b\u0161u, t\u0101p\u0113c vi\u0146i var pa vidu ar\u012b vienk\u0101r\u0161i atp\u016bsties.<\/p>\n<p data-start=\"574\" data-end=\"1059\">Kr\u0101sa \u2013 cappuccino<br data-start=\"592\" data-end=\"595\" \/>Izm\u0113ri \u2013 garums 45 cm, platums 35 cm un augstums 224 cm<br data-start=\"650\" data-end=\"653\" \/>\u012apa\u0161i bieza pamatne, t\u0101p\u0113c \u013coti stabils<br data-start=\"692\" data-end=\"695\" \/>Piem\u0113rots visu veidu ka\u0137iem<br data-start=\"722\" data-end=\"725\" \/>Aug\u0161\u0101 gu\u013camgrozs un divi m\u012bl\u012bgi \u0161\u016bpu\u013ct\u012bkli<br data-start=\"767\" data-end=\"770\" \/>Skr\u0101p\u0113\u0161anas koks tiek piestiprin\u0101ts pie sienas ar skr\u016bv\u0113m<br data-start=\"827\" data-end=\"830\" \/>Skr\u0101p\u0113\u0161anas koks ir paredz\u0113ts lieto\u0161anai ka\u0137iem jebkur\u0101 svara kategorij\u0101 un garum\u0101. Piem\u0113rots ar\u012b Maine Coon t\u0113vi\u0146iem.<br data-start=\"948\" data-end=\"951\" \/>Produkts ir iepakots 1 kast\u0113, kuras kop\u0113jais svars ir 22 kg<br data-start=\"1010\" data-end=\"1013\" \/>Produkta neto svars (bez iepakojuma) 20,8 kg<\/p>\n<p data-start=\"1061\" data-end=\"1243\" data-is-last-node=\"\" data-is-only-node=\"\">Ir uzreiz pieejams!<br data-start=\"1080\" data-end=\"1083\" \/>Ra\u017eot\u0101js PetRebels, N\u012bderlandes kvalit\u0101te. \u012apa\u0161i kvalitat\u012bvi un \u0113rti skr\u0101p\u0113\u0161anas koki ka\u0137iem, kas kalpos gadiem un rot\u0101s j\u016bsu m\u0101jokli. J\u016bsu ka\u0137is b\u016bs pateic\u012bgs!<\/p>\n<\/div>\n<\/div>\n<\/div>\n<\/div>\n<\/div>\n<\/div>\n<\/section>\n<\/div>\n","protected":false},"featured_media":56342,"template":"","meta":[],"product_brand":[],"product_cat":[573,582],"product_tag":[],"class_list":{"0":"post-56341","1":"product","2":"type-product","3":"status-publish","4":"has-post-thumbnail","6":"product_cat-kaup24-lv","7":"product_cat-videji-skrapesanas-koki-petrebels","8":"product_shipping_class-pakiautomaati-sobimatu-lv","10":"first","11":"outofstock","12":"taxable","13":"shipping-taxable","14":"purchasable","15":"product-type-simple"},"yoast_head":"<!-- This site is optimized with the Yoast SEO plugin v27.4 - https:\/\/yoast.com\/product\/yoast-seo-wordpress\/ -->\n<title>Ka\u0137u skr\u0101p\u0113\u0161anas koks Petrebels Alexis 224, cappuccino - MiuMjau<\/title>\n<meta name=\"robots\" content=\"index, follow, max-snippet:-1, max-image-preview:large, max-video-preview:-1\" \/>\n<link rel=\"canonical\" href=\"https:\/\/miumjau.ee\/lv\/produkts\/kaku-skrapesanas-koks-petrebels-alexis-224-cappuccino\/\" \/>\n<meta property=\"og:locale\" content=\"lv_LV\" \/>\n<meta property=\"og:type\" content=\"article\" \/>\n<meta property=\"og:title\" content=\"Ka\u0137u skr\u0101p\u0113\u0161anas koks Petrebels Alexis 224, cappuccino - MiuMjau\" \/>\n<meta property=\"og:description\" content=\"Skr\u0101p\u0113\u0161anas stabs Alexis 224 Cik gu\u013cvietu un k\u0101pel\u0113\u0161anas vietu tu vari saskait\u012bt? M\u0113s redzam pat septi\u0146as! \u010cetras pla\u0161as platformas, divi lieliski gu\u013camgrozi un super grezns gu\u013camgrozs aug\u0161pus\u0113. \u0160is \u012bpa\u0161i augstais skr\u0101p\u0113\u0161anas stabs ir \u012bsts piedz\u012bvojums akt\u012bviem un uz\u0146\u0113m\u012bgiem ka\u0137iem. Jo, ja vi\u0146i v\u0113las sasniegt virsotni, vi\u0146iem vispirms j\u0101uzk\u0101pj pa skr\u0101p\u0113\u0161anas stabu. Gr\u016bti? Katrs l\u012bmenis ir p\u0101rkl\u0101ts ar samtaini m\u012bkstu pl\u012b\u0161u, t\u0101p\u0113c vi\u0146i var pa vidu ar\u012b vienk\u0101r\u0161i atp\u016bsties. Kr\u0101sa \u2013 cappuccinoIzm\u0113ri \u2013 garums 45 cm, platums 35 cm un augstums 224 cm\u012apa\u0161i bieza pamatne, t\u0101p\u0113c \u013coti stabilsPiem\u0113rots visu veidu ka\u0137iemAug\u0161\u0101 gu\u013camgrozs un divi m\u012bl\u012bgi \u0161\u016bpu\u013ct\u012bkliSkr\u0101p\u0113\u0161anas koks tiek piestiprin\u0101ts pie sienas ar skr\u016bv\u0113mSkr\u0101p\u0113\u0161anas koks ir paredz\u0113ts lieto\u0161anai ka\u0137iem jebkur\u0101 svara kategorij\u0101 un garum\u0101. Piem\u0113rots ar\u012b Maine Coon t\u0113vi\u0146iem.Produkts ir iepakots 1 kast\u0113, kuras kop\u0113jais svars ir 22 kgProdukta neto svars (bez iepakojuma) 20,8 kg Ir uzreiz pieejams!Ra\u017eot\u0101js PetRebels, N\u012bderlandes kvalit\u0101te. \u012apa\u0161i kvalitat\u012bvi un \u0113rti skr\u0101p\u0113\u0161anas koki ka\u0137iem, kas kalpos gadiem un rot\u0101s j\u016bsu m\u0101jokli. J\u016bsu ka\u0137is b\u016bs pateic\u012bgs!\" \/>\n<meta property=\"og:url\" content=\"https:\/\/miumjau.ee\/lv\/produkts\/kaku-skrapesanas-koks-petrebels-alexis-224-cappuccino\/\" \/>\n<meta property=\"og:site_name\" content=\"MiuMjau\" \/>\n<meta property=\"article:publisher\" content=\"https:\/\/www.facebook.com\/miumjaupood\/\" \/>\n<meta property=\"og:image\" content=\"https:\/\/miumjau.ee\/wp-content\/uploads\/2023\/07\/alexis-224-capuccino-kassi-kraapimispuu-1.jpg\" \/>\n\t<meta property=\"og:image:width\" content=\"600\" \/>\n\t<meta property=\"og:image:height\" content=\"800\" \/>\n\t<meta property=\"og:image:type\" content=\"image\/jpeg\" \/>\n<meta name=\"twitter:card\" content=\"summary_large_image\" \/>\n<script type=\"application\/ld+json\" class=\"yoast-schema-graph\">{\"@context\":\"https:\\\/\\\/schema.org\",\"@graph\":[{\"@type\":\"WebPage\",\"@id\":\"https:\\\/\\\/miumjau.ee\\\/lv\\\/produkts\\\/kaku-skrapesanas-koks-petrebels-alexis-224-cappuccino\\\/\",\"url\":\"https:\\\/\\\/miumjau.ee\\\/lv\\\/produkts\\\/kaku-skrapesanas-koks-petrebels-alexis-224-cappuccino\\\/\",\"name\":\"Ka\u0137u skr\u0101p\u0113\u0161anas koks Petrebels Alexis 224, cappuccino - MiuMjau\",\"isPartOf\":{\"@id\":\"https:\\\/\\\/miumjau.ee\\\/#website\"},\"primaryImageOfPage\":{\"@id\":\"https:\\\/\\\/miumjau.ee\\\/lv\\\/produkts\\\/kaku-skrapesanas-koks-petrebels-alexis-224-cappuccino\\\/#primaryimage\"},\"image\":{\"@id\":\"https:\\\/\\\/miumjau.ee\\\/lv\\\/produkts\\\/kaku-skrapesanas-koks-petrebels-alexis-224-cappuccino\\\/#primaryimage\"},\"thumbnailUrl\":\"https:\\\/\\\/miumjau.ee\\\/wp-content\\\/uploads\\\/2023\\\/07\\\/alexis-224-capuccino-kassi-kraapimispuu-1.jpg\",\"datePublished\":\"2023-07-28T16:54:51+00:00\",\"breadcrumb\":{\"@id\":\"https:\\\/\\\/miumjau.ee\\\/lv\\\/produkts\\\/kaku-skrapesanas-koks-petrebels-alexis-224-cappuccino\\\/#breadcrumb\"},\"inLanguage\":\"lv-LV\",\"potentialAction\":[{\"@type\":\"ReadAction\",\"target\":[\"https:\\\/\\\/miumjau.ee\\\/lv\\\/produkts\\\/kaku-skrapesanas-koks-petrebels-alexis-224-cappuccino\\\/\"]}]},{\"@type\":\"ImageObject\",\"inLanguage\":\"lv-LV\",\"@id\":\"https:\\\/\\\/miumjau.ee\\\/lv\\\/produkts\\\/kaku-skrapesanas-koks-petrebels-alexis-224-cappuccino\\\/#primaryimage\",\"url\":\"https:\\\/\\\/miumjau.ee\\\/wp-content\\\/uploads\\\/2023\\\/07\\\/alexis-224-capuccino-kassi-kraapimispuu-1.jpg\",\"contentUrl\":\"https:\\\/\\\/miumjau.ee\\\/wp-content\\\/uploads\\\/2023\\\/07\\\/alexis-224-capuccino-kassi-kraapimispuu-1.jpg\",\"width\":600,\"height\":800},{\"@type\":\"BreadcrumbList\",\"@id\":\"https:\\\/\\\/miumjau.ee\\\/lv\\\/produkts\\\/kaku-skrapesanas-koks-petrebels-alexis-224-cappuccino\\\/#breadcrumb\",\"itemListElement\":[{\"@type\":\"ListItem\",\"position\":1,\"name\":\"Home\",\"item\":\"https:\\\/\\\/miumjau.ee\\\/lv\\\/\"},{\"@type\":\"ListItem\",\"position\":2,\"name\":\"Veikals\",\"item\":\"https:\\\/\\\/miumjau.ee\\\/lv\\\/veikals\\\/\"},{\"@type\":\"ListItem\",\"position\":3,\"name\":\"Ka\u0137u skr\u0101p\u0113\u0161anas koks Petrebels Alexis 224, cappuccino\"}]},{\"@type\":\"WebSite\",\"@id\":\"https:\\\/\\\/miumjau.ee\\\/#website\",\"url\":\"https:\\\/\\\/miumjau.ee\\\/\",\"name\":\"MiuMjau\",\"description\":\"Kraapimispuud kassidele\",\"publisher\":{\"@id\":\"https:\\\/\\\/miumjau.ee\\\/#organization\"},\"potentialAction\":[{\"@type\":\"SearchAction\",\"target\":{\"@type\":\"EntryPoint\",\"urlTemplate\":\"https:\\\/\\\/miumjau.ee\\\/?s={search_term_string}\"},\"query-input\":{\"@type\":\"PropertyValueSpecification\",\"valueRequired\":true,\"valueName\":\"search_term_string\"}}],\"inLanguage\":\"lv-LV\"},{\"@type\":\"Organization\",\"@id\":\"https:\\\/\\\/miumjau.ee\\\/#organization\",\"name\":\"MiuMjau O\u00dc\",\"url\":\"https:\\\/\\\/miumjau.ee\\\/\",\"logo\":{\"@type\":\"ImageObject\",\"inLanguage\":\"lv-LV\",\"@id\":\"https:\\\/\\\/miumjau.ee\\\/#\\\/schema\\\/logo\\\/image\\\/\",\"url\":\"https:\\\/\\\/miumjau.ee\\\/wp-content\\\/uploads\\\/2022\\\/04\\\/MiuMjau-logo-kollane.png\",\"contentUrl\":\"https:\\\/\\\/miumjau.ee\\\/wp-content\\\/uploads\\\/2022\\\/04\\\/MiuMjau-logo-kollane.png\",\"width\":219,\"height\":100,\"caption\":\"MiuMjau O\u00dc\"},\"image\":{\"@id\":\"https:\\\/\\\/miumjau.ee\\\/#\\\/schema\\\/logo\\\/image\\\/\"},\"sameAs\":[\"https:\\\/\\\/www.facebook.com\\\/miumjaupood\\\/\"]}]}<\/script>\n<!-- \/ Yoast SEO plugin. -->","yoast_head_json":{"title":"Ka\u0137u skr\u0101p\u0113\u0161anas koks Petrebels Alexis 224, cappuccino - MiuMjau","robots":{"index":"index","follow":"follow","max-snippet":"max-snippet:-1","max-image-preview":"max-image-preview:large","max-video-preview":"max-video-preview:-1"},"canonical":"https:\/\/miumjau.ee\/lv\/produkts\/kaku-skrapesanas-koks-petrebels-alexis-224-cappuccino\/","og_locale":"lv_LV","og_type":"article","og_title":"Ka\u0137u skr\u0101p\u0113\u0161anas koks Petrebels Alexis 224, cappuccino - MiuMjau","og_description":"Skr\u0101p\u0113\u0161anas stabs Alexis 224 Cik gu\u013cvietu un k\u0101pel\u0113\u0161anas vietu tu vari saskait\u012bt? M\u0113s redzam pat septi\u0146as! \u010cetras pla\u0161as platformas, divi lieliski gu\u013camgrozi un super grezns gu\u013camgrozs aug\u0161pus\u0113. \u0160is \u012bpa\u0161i augstais skr\u0101p\u0113\u0161anas stabs ir \u012bsts piedz\u012bvojums akt\u012bviem un uz\u0146\u0113m\u012bgiem ka\u0137iem. Jo, ja vi\u0146i v\u0113las sasniegt virsotni, vi\u0146iem vispirms j\u0101uzk\u0101pj pa skr\u0101p\u0113\u0161anas stabu. Gr\u016bti? Katrs l\u012bmenis ir p\u0101rkl\u0101ts ar samtaini m\u012bkstu pl\u012b\u0161u, t\u0101p\u0113c vi\u0146i var pa vidu ar\u012b vienk\u0101r\u0161i atp\u016bsties. Kr\u0101sa \u2013 cappuccinoIzm\u0113ri \u2013 garums 45 cm, platums 35 cm un augstums 224 cm\u012apa\u0161i bieza pamatne, t\u0101p\u0113c \u013coti stabilsPiem\u0113rots visu veidu ka\u0137iemAug\u0161\u0101 gu\u013camgrozs un divi m\u012bl\u012bgi \u0161\u016bpu\u013ct\u012bkliSkr\u0101p\u0113\u0161anas koks tiek piestiprin\u0101ts pie sienas ar skr\u016bv\u0113mSkr\u0101p\u0113\u0161anas koks ir paredz\u0113ts lieto\u0161anai ka\u0137iem jebkur\u0101 svara kategorij\u0101 un garum\u0101. Piem\u0113rots ar\u012b Maine Coon t\u0113vi\u0146iem.Produkts ir iepakots 1 kast\u0113, kuras kop\u0113jais svars ir 22 kgProdukta neto svars (bez iepakojuma) 20,8 kg Ir uzreiz pieejams!Ra\u017eot\u0101js PetRebels, N\u012bderlandes kvalit\u0101te. \u012apa\u0161i kvalitat\u012bvi un \u0113rti skr\u0101p\u0113\u0161anas koki ka\u0137iem, kas kalpos gadiem un rot\u0101s j\u016bsu m\u0101jokli. J\u016bsu ka\u0137is b\u016bs pateic\u012bgs!","og_url":"https:\/\/miumjau.ee\/lv\/produkts\/kaku-skrapesanas-koks-petrebels-alexis-224-cappuccino\/","og_site_name":"MiuMjau","article_publisher":"https:\/\/www.facebook.com\/miumjaupood\/","og_image":[{"width":600,"height":800,"url":"https:\/\/miumjau.ee\/wp-content\/uploads\/2023\/07\/alexis-224-capuccino-kassi-kraapimispuu-1.jpg","type":"image\/jpeg"}],"twitter_card":"summary_large_image","schema":{"@context":"https:\/\/schema.org","@graph":[{"@type":"WebPage","@id":"https:\/\/miumjau.ee\/lv\/produkts\/kaku-skrapesanas-koks-petrebels-alexis-224-cappuccino\/","url":"https:\/\/miumjau.ee\/lv\/produkts\/kaku-skrapesanas-koks-petrebels-alexis-224-cappuccino\/","name":"Ka\u0137u skr\u0101p\u0113\u0161anas koks Petrebels Alexis 224, cappuccino - MiuMjau","isPartOf":{"@id":"https:\/\/miumjau.ee\/#website"},"primaryImageOfPage":{"@id":"https:\/\/miumjau.ee\/lv\/produkts\/kaku-skrapesanas-koks-petrebels-alexis-224-cappuccino\/#primaryimage"},"image":{"@id":"https:\/\/miumjau.ee\/lv\/produkts\/kaku-skrapesanas-koks-petrebels-alexis-224-cappuccino\/#primaryimage"},"thumbnailUrl":"https:\/\/miumjau.ee\/wp-content\/uploads\/2023\/07\/alexis-224-capuccino-kassi-kraapimispuu-1.jpg","datePublished":"2023-07-28T16:54:51+00:00","breadcrumb":{"@id":"https:\/\/miumjau.ee\/lv\/produkts\/kaku-skrapesanas-koks-petrebels-alexis-224-cappuccino\/#breadcrumb"},"inLanguage":"lv-LV","potentialAction":[{"@type":"ReadAction","target":["https:\/\/miumjau.ee\/lv\/produkts\/kaku-skrapesanas-koks-petrebels-alexis-224-cappuccino\/"]}]},{"@type":"ImageObject","inLanguage":"lv-LV","@id":"https:\/\/miumjau.ee\/lv\/produkts\/kaku-skrapesanas-koks-petrebels-alexis-224-cappuccino\/#primaryimage","url":"https:\/\/miumjau.ee\/wp-content\/uploads\/2023\/07\/alexis-224-capuccino-kassi-kraapimispuu-1.jpg","contentUrl":"https:\/\/miumjau.ee\/wp-content\/uploads\/2023\/07\/alexis-224-capuccino-kassi-kraapimispuu-1.jpg","width":600,"height":800},{"@type":"BreadcrumbList","@id":"https:\/\/miumjau.ee\/lv\/produkts\/kaku-skrapesanas-koks-petrebels-alexis-224-cappuccino\/#breadcrumb","itemListElement":[{"@type":"ListItem","position":1,"name":"Home","item":"https:\/\/miumjau.ee\/lv\/"},{"@type":"ListItem","position":2,"name":"Veikals","item":"https:\/\/miumjau.ee\/lv\/veikals\/"},{"@type":"ListItem","position":3,"name":"Ka\u0137u skr\u0101p\u0113\u0161anas koks Petrebels Alexis 224, cappuccino"}]},{"@type":"WebSite","@id":"https:\/\/miumjau.ee\/#website","url":"https:\/\/miumjau.ee\/","name":"MiuMjau","description":"Kraapimispuud kassidele","publisher":{"@id":"https:\/\/miumjau.ee\/#organization"},"potentialAction":[{"@type":"SearchAction","target":{"@type":"EntryPoint","urlTemplate":"https:\/\/miumjau.ee\/?s={search_term_string}"},"query-input":{"@type":"PropertyValueSpecification","valueRequired":true,"valueName":"search_term_string"}}],"inLanguage":"lv-LV"},{"@type":"Organization","@id":"https:\/\/miumjau.ee\/#organization","name":"MiuMjau O\u00dc","url":"https:\/\/miumjau.ee\/","logo":{"@type":"ImageObject","inLanguage":"lv-LV","@id":"https:\/\/miumjau.ee\/#\/schema\/logo\/image\/","url":"https:\/\/miumjau.ee\/wp-content\/uploads\/2022\/04\/MiuMjau-logo-kollane.png","contentUrl":"https:\/\/miumjau.ee\/wp-content\/uploads\/2022\/04\/MiuMjau-logo-kollane.png","width":219,"height":100,"caption":"MiuMjau O\u00dc"},"image":{"@id":"https:\/\/miumjau.ee\/#\/schema\/logo\/image\/"},"sameAs":["https:\/\/www.facebook.com\/miumjaupood\/"]}]}},"_links":{"self":[{"href":"https:\/\/miumjau.ee\/lv\/wp-json\/wp\/v2\/product\/56341","targetHints":{"allow":["GET"]}}],"collection":[{"href":"https:\/\/miumjau.ee\/lv\/wp-json\/wp\/v2\/product"}],"about":[{"href":"https:\/\/miumjau.ee\/lv\/wp-json\/wp\/v2\/types\/product"}],"wp:featuredmedia":[{"embeddable":true,"href":"https:\/\/miumjau.ee\/lv\/wp-json\/wp\/v2\/media\/56342"}],"wp:attachment":[{"href":"https:\/\/miumjau.ee\/lv\/wp-json\/wp\/v2\/media?parent=56341"}],"wp:term":[{"taxonomy":"product_brand","embeddable":true,"href":"https:\/\/miumjau.ee\/lv\/wp-json\/wp\/v2\/product_brand?post=56341"},{"taxonomy":"product_cat","embeddable":true,"href":"https:\/\/miumjau.ee\/lv\/wp-json\/wp\/v2\/product_cat?post=56341"},{"taxonomy":"product_tag","embeddable":true,"href":"https:\/\/miumjau.ee\/lv\/wp-json\/wp\/v2\/product_tag?post=56341"}],"curies":[{"name":"wp","href":"https:\/\/api.w.org\/{rel}","templated":true}]}}