{"id":56330,"date":"2023-07-28T19:47:56","date_gmt":"2023-07-28T19:47:56","guid":{"rendered":"https:\/\/miumjau.ee\/toode\/kaku-skrapesanas-koks-petrebels-charlotte-180-kremkrasa\/"},"modified":"2023-07-28T19:47:56","modified_gmt":"2023-07-28T16:47:56","slug":"kaku-skrapesanas-koks-petrebels-charlotte-180-kremkrasa","status":"publish","type":"product","link":"https:\/\/miumjau.ee\/lv\/produkts\/kaku-skrapesanas-koks-petrebels-charlotte-180-kremkrasa\/","title":{"rendered":"Ka\u0137u skr\u0101p\u0113\u0161anas koks Petrebels Charlotte 180, kr\u0113mkr\u0101s\u0101"},"content":{"rendered":"","protected":false},"excerpt":{"rendered":"<p data-start=\"95\" data-end=\"142\">\u012apa\u0161i augsts un vietu taupo\u0161s skr\u0101p\u0113\u0161anas koks.<\/p>\n<p data-start=\"144\" data-end=\"532\">Ka\u0137u skr\u0101p\u0113\u0161anas koks Charlotte 180 ir izgatavots ar\u012b lieliem ka\u0137iem un ka\u0137u \u0161\u0137irn\u0113m. Vi\u0146iem ir nepiecie\u0161ami iztur\u012bgi un augsti stabi skr\u0101p\u0113\u0161anai un izstaip\u012b\u0161anai. Tas padara vi\u0146us laim\u012bgus. Bet tas v\u0113l nav viss! Superm\u012bksts \u0161\u016bpu\u013ct\u012bkls, divas \u0113rtas gu\u013cam\u0101s m\u0101ji\u0146as un liels m\u012bksts gu\u013camgrozs aug\u0161pus\u0113. T\u0101tad vietas pietiek vair\u0101kiem ka\u0137iem. Un \u012bpa\u0161i bieza pamatne padara to \u012bpa\u0161i stabilu.<\/p>\n<p data-start=\"534\" data-end=\"864\">Kr\u0101sa \u2013 kr\u0113mkr\u0101sa<br data-start=\"551\" data-end=\"554\" \/>Izm\u0113ri \u2013 garums 59 cm, platums 56 cm un augstums 180 cm<br data-start=\"609\" data-end=\"612\" \/>Divas m\u012bkstas gu\u013cam\u0101s m\u0101ji\u0146as ar izm\u0113riem 40 x 40 cm un augstumu 30 cm<br data-start=\"682\" data-end=\"685\" \/>Piem\u0113rots visu veidu ka\u0137iem, ar\u012b Maine Coon un Ragdoll<br data-start=\"739\" data-end=\"742\" \/>\u012apa\u0161i augsts, aiz\u0146em maz vietas<br data-start=\"773\" data-end=\"776\" \/>Skatiet \u0161eit 3D foto<br data-start=\"796\" data-end=\"799\" \/>Skatiet \u0161eit \u012bsu un p\u0101rskat\u0101mu video ar \u012bsto produktu un ka\u0137iem<\/p>\n<p data-start=\"866\" data-end=\"1095\">Skr\u0101p\u0113\u0161anas koks ir paredz\u0113ts lieto\u0161anai ka\u0137iem jebkur\u0101 svara kategorij\u0101 un garum\u0101. Piem\u0113rots ar\u012b Maine Coon t\u0113vi\u0146iem.<br data-start=\"984\" data-end=\"987\" \/>Produkts ir iepakots 2 kast\u0113s, kuru kop\u0113jais svars ir 38,8 kg<br data-start=\"1048\" data-end=\"1051\" \/>Produkta neto svars (bez iepakojuma) 37 kg<\/p>\n<p data-start=\"1097\" data-end=\"1279\" data-is-last-node=\"\" data-is-only-node=\"\">Ir uzreiz pieejams!<br data-start=\"1116\" data-end=\"1119\" \/>Ra\u017eot\u0101js PetRebels, N\u012bderlandes kvalit\u0101te. \u012apa\u0161i kvalitat\u012bvi un \u0113rti skr\u0101p\u0113\u0161anas koki ka\u0137iem, kas kalpos gadiem un rot\u0101s j\u016bsu m\u0101jokli. J\u016bsu ka\u0137is b\u016bs pateic\u012bgs!<\/p>\n","protected":false},"featured_media":56331,"template":"","meta":[],"product_brand":[],"product_cat":[573,582],"product_tag":[],"class_list":{"0":"post-56330","1":"product","2":"type-product","3":"status-publish","4":"has-post-thumbnail","6":"product_cat-kaup24-lv","7":"product_cat-videji-skrapesanas-koki-petrebels","8":"product_shipping_class-pakiautomaati-sobimatu-lv","10":"first","11":"instock","12":"sale","13":"taxable","14":"shipping-taxable","15":"purchasable","16":"product-type-simple"},"yoast_head":"<!-- This site is optimized with the Yoast SEO plugin v27.4 - https:\/\/yoast.com\/product\/yoast-seo-wordpress\/ -->\n<title>Ka\u0137u skr\u0101p\u0113\u0161anas koks Petrebels Charlotte 180, kr\u0113mkr\u0101s\u0101 - MiuMjau<\/title>\n<meta name=\"robots\" content=\"index, follow, max-snippet:-1, max-image-preview:large, max-video-preview:-1\" \/>\n<link rel=\"canonical\" href=\"https:\/\/miumjau.ee\/lv\/produkts\/kaku-skrapesanas-koks-petrebels-charlotte-180-kremkrasa\/\" \/>\n<meta property=\"og:locale\" content=\"lv_LV\" \/>\n<meta property=\"og:type\" content=\"article\" \/>\n<meta property=\"og:title\" content=\"Ka\u0137u skr\u0101p\u0113\u0161anas koks Petrebels Charlotte 180, kr\u0113mkr\u0101s\u0101 - MiuMjau\" \/>\n<meta property=\"og:description\" content=\"\u012apa\u0161i augsts un vietu taupo\u0161s skr\u0101p\u0113\u0161anas koks. Ka\u0137u skr\u0101p\u0113\u0161anas koks Charlotte 180 ir izgatavots ar\u012b lieliem ka\u0137iem un ka\u0137u \u0161\u0137irn\u0113m. Vi\u0146iem ir nepiecie\u0161ami iztur\u012bgi un augsti stabi skr\u0101p\u0113\u0161anai un izstaip\u012b\u0161anai. Tas padara vi\u0146us laim\u012bgus. Bet tas v\u0113l nav viss! Superm\u012bksts \u0161\u016bpu\u013ct\u012bkls, divas \u0113rtas gu\u013cam\u0101s m\u0101ji\u0146as un liels m\u012bksts gu\u013camgrozs aug\u0161pus\u0113. T\u0101tad vietas pietiek vair\u0101kiem ka\u0137iem. Un \u012bpa\u0161i bieza pamatne padara to \u012bpa\u0161i stabilu. Kr\u0101sa \u2013 kr\u0113mkr\u0101saIzm\u0113ri \u2013 garums 59 cm, platums 56 cm un augstums 180 cmDivas m\u012bkstas gu\u013cam\u0101s m\u0101ji\u0146as ar izm\u0113riem 40 x 40 cm un augstumu 30 cmPiem\u0113rots visu veidu ka\u0137iem, ar\u012b Maine Coon un Ragdoll\u012apa\u0161i augsts, aiz\u0146em maz vietasSkatiet \u0161eit 3D fotoSkatiet \u0161eit \u012bsu un p\u0101rskat\u0101mu video ar \u012bsto produktu un ka\u0137iem Skr\u0101p\u0113\u0161anas koks ir paredz\u0113ts lieto\u0161anai ka\u0137iem jebkur\u0101 svara kategorij\u0101 un garum\u0101. Piem\u0113rots ar\u012b Maine Coon t\u0113vi\u0146iem.Produkts ir iepakots 2 kast\u0113s, kuru kop\u0113jais svars ir 38,8 kgProdukta neto svars (bez iepakojuma) 37 kg Ir uzreiz pieejams!Ra\u017eot\u0101js PetRebels, N\u012bderlandes kvalit\u0101te. \u012apa\u0161i kvalitat\u012bvi un \u0113rti skr\u0101p\u0113\u0161anas koki ka\u0137iem, kas kalpos gadiem un rot\u0101s j\u016bsu m\u0101jokli. J\u016bsu ka\u0137is b\u016bs pateic\u012bgs!\" \/>\n<meta property=\"og:url\" content=\"https:\/\/miumjau.ee\/lv\/produkts\/kaku-skrapesanas-koks-petrebels-charlotte-180-kremkrasa\/\" \/>\n<meta property=\"og:site_name\" content=\"MiuMjau\" \/>\n<meta property=\"article:publisher\" content=\"https:\/\/www.facebook.com\/miumjaupood\/\" \/>\n<meta property=\"og:image\" content=\"https:\/\/miumjau.ee\/wp-content\/uploads\/2023\/07\/Charlotte-180-kreem-kassi-kraapimispuu-1.jpg\" \/>\n\t<meta property=\"og:image:width\" content=\"600\" \/>\n\t<meta property=\"og:image:height\" content=\"800\" \/>\n\t<meta property=\"og:image:type\" content=\"image\/jpeg\" \/>\n<meta name=\"twitter:card\" content=\"summary_large_image\" \/>\n<script type=\"application\/ld+json\" class=\"yoast-schema-graph\">{\"@context\":\"https:\\\/\\\/schema.org\",\"@graph\":[{\"@type\":\"WebPage\",\"@id\":\"https:\\\/\\\/miumjau.ee\\\/lv\\\/produkts\\\/kaku-skrapesanas-koks-petrebels-charlotte-180-kremkrasa\\\/\",\"url\":\"https:\\\/\\\/miumjau.ee\\\/lv\\\/produkts\\\/kaku-skrapesanas-koks-petrebels-charlotte-180-kremkrasa\\\/\",\"name\":\"Ka\u0137u skr\u0101p\u0113\u0161anas koks Petrebels Charlotte 180, kr\u0113mkr\u0101s\u0101 - MiuMjau\",\"isPartOf\":{\"@id\":\"https:\\\/\\\/miumjau.ee\\\/#website\"},\"primaryImageOfPage\":{\"@id\":\"https:\\\/\\\/miumjau.ee\\\/lv\\\/produkts\\\/kaku-skrapesanas-koks-petrebels-charlotte-180-kremkrasa\\\/#primaryimage\"},\"image\":{\"@id\":\"https:\\\/\\\/miumjau.ee\\\/lv\\\/produkts\\\/kaku-skrapesanas-koks-petrebels-charlotte-180-kremkrasa\\\/#primaryimage\"},\"thumbnailUrl\":\"https:\\\/\\\/miumjau.ee\\\/wp-content\\\/uploads\\\/2023\\\/07\\\/Charlotte-180-kreem-kassi-kraapimispuu-1.jpg\",\"datePublished\":\"2023-07-28T19:47:56+00:00\",\"breadcrumb\":{\"@id\":\"https:\\\/\\\/miumjau.ee\\\/lv\\\/produkts\\\/kaku-skrapesanas-koks-petrebels-charlotte-180-kremkrasa\\\/#breadcrumb\"},\"inLanguage\":\"lv-LV\",\"potentialAction\":[{\"@type\":\"ReadAction\",\"target\":[\"https:\\\/\\\/miumjau.ee\\\/lv\\\/produkts\\\/kaku-skrapesanas-koks-petrebels-charlotte-180-kremkrasa\\\/\"]}]},{\"@type\":\"ImageObject\",\"inLanguage\":\"lv-LV\",\"@id\":\"https:\\\/\\\/miumjau.ee\\\/lv\\\/produkts\\\/kaku-skrapesanas-koks-petrebels-charlotte-180-kremkrasa\\\/#primaryimage\",\"url\":\"https:\\\/\\\/miumjau.ee\\\/wp-content\\\/uploads\\\/2023\\\/07\\\/Charlotte-180-kreem-kassi-kraapimispuu-1.jpg\",\"contentUrl\":\"https:\\\/\\\/miumjau.ee\\\/wp-content\\\/uploads\\\/2023\\\/07\\\/Charlotte-180-kreem-kassi-kraapimispuu-1.jpg\",\"width\":600,\"height\":800},{\"@type\":\"BreadcrumbList\",\"@id\":\"https:\\\/\\\/miumjau.ee\\\/lv\\\/produkts\\\/kaku-skrapesanas-koks-petrebels-charlotte-180-kremkrasa\\\/#breadcrumb\",\"itemListElement\":[{\"@type\":\"ListItem\",\"position\":1,\"name\":\"Home\",\"item\":\"https:\\\/\\\/miumjau.ee\\\/lv\\\/\"},{\"@type\":\"ListItem\",\"position\":2,\"name\":\"Veikals\",\"item\":\"https:\\\/\\\/miumjau.ee\\\/lv\\\/veikals\\\/\"},{\"@type\":\"ListItem\",\"position\":3,\"name\":\"Ka\u0137u skr\u0101p\u0113\u0161anas koks Petrebels Charlotte 180, kr\u0113mkr\u0101s\u0101\"}]},{\"@type\":\"WebSite\",\"@id\":\"https:\\\/\\\/miumjau.ee\\\/#website\",\"url\":\"https:\\\/\\\/miumjau.ee\\\/\",\"name\":\"MiuMjau\",\"description\":\"Kraapimispuud kassidele\",\"publisher\":{\"@id\":\"https:\\\/\\\/miumjau.ee\\\/#organization\"},\"potentialAction\":[{\"@type\":\"SearchAction\",\"target\":{\"@type\":\"EntryPoint\",\"urlTemplate\":\"https:\\\/\\\/miumjau.ee\\\/?s={search_term_string}\"},\"query-input\":{\"@type\":\"PropertyValueSpecification\",\"valueRequired\":true,\"valueName\":\"search_term_string\"}}],\"inLanguage\":\"lv-LV\"},{\"@type\":\"Organization\",\"@id\":\"https:\\\/\\\/miumjau.ee\\\/#organization\",\"name\":\"MiuMjau O\u00dc\",\"url\":\"https:\\\/\\\/miumjau.ee\\\/\",\"logo\":{\"@type\":\"ImageObject\",\"inLanguage\":\"lv-LV\",\"@id\":\"https:\\\/\\\/miumjau.ee\\\/#\\\/schema\\\/logo\\\/image\\\/\",\"url\":\"https:\\\/\\\/miumjau.ee\\\/wp-content\\\/uploads\\\/2022\\\/04\\\/MiuMjau-logo-kollane.png\",\"contentUrl\":\"https:\\\/\\\/miumjau.ee\\\/wp-content\\\/uploads\\\/2022\\\/04\\\/MiuMjau-logo-kollane.png\",\"width\":219,\"height\":100,\"caption\":\"MiuMjau O\u00dc\"},\"image\":{\"@id\":\"https:\\\/\\\/miumjau.ee\\\/#\\\/schema\\\/logo\\\/image\\\/\"},\"sameAs\":[\"https:\\\/\\\/www.facebook.com\\\/miumjaupood\\\/\"]}]}<\/script>\n<!-- \/ Yoast SEO plugin. -->","yoast_head_json":{"title":"Ka\u0137u skr\u0101p\u0113\u0161anas koks Petrebels Charlotte 180, kr\u0113mkr\u0101s\u0101 - MiuMjau","robots":{"index":"index","follow":"follow","max-snippet":"max-snippet:-1","max-image-preview":"max-image-preview:large","max-video-preview":"max-video-preview:-1"},"canonical":"https:\/\/miumjau.ee\/lv\/produkts\/kaku-skrapesanas-koks-petrebels-charlotte-180-kremkrasa\/","og_locale":"lv_LV","og_type":"article","og_title":"Ka\u0137u skr\u0101p\u0113\u0161anas koks Petrebels Charlotte 180, kr\u0113mkr\u0101s\u0101 - MiuMjau","og_description":"\u012apa\u0161i augsts un vietu taupo\u0161s skr\u0101p\u0113\u0161anas koks. Ka\u0137u skr\u0101p\u0113\u0161anas koks Charlotte 180 ir izgatavots ar\u012b lieliem ka\u0137iem un ka\u0137u \u0161\u0137irn\u0113m. Vi\u0146iem ir nepiecie\u0161ami iztur\u012bgi un augsti stabi skr\u0101p\u0113\u0161anai un izstaip\u012b\u0161anai. Tas padara vi\u0146us laim\u012bgus. Bet tas v\u0113l nav viss! Superm\u012bksts \u0161\u016bpu\u013ct\u012bkls, divas \u0113rtas gu\u013cam\u0101s m\u0101ji\u0146as un liels m\u012bksts gu\u013camgrozs aug\u0161pus\u0113. T\u0101tad vietas pietiek vair\u0101kiem ka\u0137iem. Un \u012bpa\u0161i bieza pamatne padara to \u012bpa\u0161i stabilu. Kr\u0101sa \u2013 kr\u0113mkr\u0101saIzm\u0113ri \u2013 garums 59 cm, platums 56 cm un augstums 180 cmDivas m\u012bkstas gu\u013cam\u0101s m\u0101ji\u0146as ar izm\u0113riem 40 x 40 cm un augstumu 30 cmPiem\u0113rots visu veidu ka\u0137iem, ar\u012b Maine Coon un Ragdoll\u012apa\u0161i augsts, aiz\u0146em maz vietasSkatiet \u0161eit 3D fotoSkatiet \u0161eit \u012bsu un p\u0101rskat\u0101mu video ar \u012bsto produktu un ka\u0137iem Skr\u0101p\u0113\u0161anas koks ir paredz\u0113ts lieto\u0161anai ka\u0137iem jebkur\u0101 svara kategorij\u0101 un garum\u0101. Piem\u0113rots ar\u012b Maine Coon t\u0113vi\u0146iem.Produkts ir iepakots 2 kast\u0113s, kuru kop\u0113jais svars ir 38,8 kgProdukta neto svars (bez iepakojuma) 37 kg Ir uzreiz pieejams!Ra\u017eot\u0101js PetRebels, N\u012bderlandes kvalit\u0101te. \u012apa\u0161i kvalitat\u012bvi un \u0113rti skr\u0101p\u0113\u0161anas koki ka\u0137iem, kas kalpos gadiem un rot\u0101s j\u016bsu m\u0101jokli. J\u016bsu ka\u0137is b\u016bs pateic\u012bgs!","og_url":"https:\/\/miumjau.ee\/lv\/produkts\/kaku-skrapesanas-koks-petrebels-charlotte-180-kremkrasa\/","og_site_name":"MiuMjau","article_publisher":"https:\/\/www.facebook.com\/miumjaupood\/","og_image":[{"width":600,"height":800,"url":"https:\/\/miumjau.ee\/wp-content\/uploads\/2023\/07\/Charlotte-180-kreem-kassi-kraapimispuu-1.jpg","type":"image\/jpeg"}],"twitter_card":"summary_large_image","schema":{"@context":"https:\/\/schema.org","@graph":[{"@type":"WebPage","@id":"https:\/\/miumjau.ee\/lv\/produkts\/kaku-skrapesanas-koks-petrebels-charlotte-180-kremkrasa\/","url":"https:\/\/miumjau.ee\/lv\/produkts\/kaku-skrapesanas-koks-petrebels-charlotte-180-kremkrasa\/","name":"Ka\u0137u skr\u0101p\u0113\u0161anas koks Petrebels Charlotte 180, kr\u0113mkr\u0101s\u0101 - MiuMjau","isPartOf":{"@id":"https:\/\/miumjau.ee\/#website"},"primaryImageOfPage":{"@id":"https:\/\/miumjau.ee\/lv\/produkts\/kaku-skrapesanas-koks-petrebels-charlotte-180-kremkrasa\/#primaryimage"},"image":{"@id":"https:\/\/miumjau.ee\/lv\/produkts\/kaku-skrapesanas-koks-petrebels-charlotte-180-kremkrasa\/#primaryimage"},"thumbnailUrl":"https:\/\/miumjau.ee\/wp-content\/uploads\/2023\/07\/Charlotte-180-kreem-kassi-kraapimispuu-1.jpg","datePublished":"2023-07-28T19:47:56+00:00","breadcrumb":{"@id":"https:\/\/miumjau.ee\/lv\/produkts\/kaku-skrapesanas-koks-petrebels-charlotte-180-kremkrasa\/#breadcrumb"},"inLanguage":"lv-LV","potentialAction":[{"@type":"ReadAction","target":["https:\/\/miumjau.ee\/lv\/produkts\/kaku-skrapesanas-koks-petrebels-charlotte-180-kremkrasa\/"]}]},{"@type":"ImageObject","inLanguage":"lv-LV","@id":"https:\/\/miumjau.ee\/lv\/produkts\/kaku-skrapesanas-koks-petrebels-charlotte-180-kremkrasa\/#primaryimage","url":"https:\/\/miumjau.ee\/wp-content\/uploads\/2023\/07\/Charlotte-180-kreem-kassi-kraapimispuu-1.jpg","contentUrl":"https:\/\/miumjau.ee\/wp-content\/uploads\/2023\/07\/Charlotte-180-kreem-kassi-kraapimispuu-1.jpg","width":600,"height":800},{"@type":"BreadcrumbList","@id":"https:\/\/miumjau.ee\/lv\/produkts\/kaku-skrapesanas-koks-petrebels-charlotte-180-kremkrasa\/#breadcrumb","itemListElement":[{"@type":"ListItem","position":1,"name":"Home","item":"https:\/\/miumjau.ee\/lv\/"},{"@type":"ListItem","position":2,"name":"Veikals","item":"https:\/\/miumjau.ee\/lv\/veikals\/"},{"@type":"ListItem","position":3,"name":"Ka\u0137u skr\u0101p\u0113\u0161anas koks Petrebels Charlotte 180, kr\u0113mkr\u0101s\u0101"}]},{"@type":"WebSite","@id":"https:\/\/miumjau.ee\/#website","url":"https:\/\/miumjau.ee\/","name":"MiuMjau","description":"Kraapimispuud kassidele","publisher":{"@id":"https:\/\/miumjau.ee\/#organization"},"potentialAction":[{"@type":"SearchAction","target":{"@type":"EntryPoint","urlTemplate":"https:\/\/miumjau.ee\/?s={search_term_string}"},"query-input":{"@type":"PropertyValueSpecification","valueRequired":true,"valueName":"search_term_string"}}],"inLanguage":"lv-LV"},{"@type":"Organization","@id":"https:\/\/miumjau.ee\/#organization","name":"MiuMjau O\u00dc","url":"https:\/\/miumjau.ee\/","logo":{"@type":"ImageObject","inLanguage":"lv-LV","@id":"https:\/\/miumjau.ee\/#\/schema\/logo\/image\/","url":"https:\/\/miumjau.ee\/wp-content\/uploads\/2022\/04\/MiuMjau-logo-kollane.png","contentUrl":"https:\/\/miumjau.ee\/wp-content\/uploads\/2022\/04\/MiuMjau-logo-kollane.png","width":219,"height":100,"caption":"MiuMjau O\u00dc"},"image":{"@id":"https:\/\/miumjau.ee\/#\/schema\/logo\/image\/"},"sameAs":["https:\/\/www.facebook.com\/miumjaupood\/"]}]}},"_links":{"self":[{"href":"https:\/\/miumjau.ee\/lv\/wp-json\/wp\/v2\/product\/56330","targetHints":{"allow":["GET"]}}],"collection":[{"href":"https:\/\/miumjau.ee\/lv\/wp-json\/wp\/v2\/product"}],"about":[{"href":"https:\/\/miumjau.ee\/lv\/wp-json\/wp\/v2\/types\/product"}],"wp:featuredmedia":[{"embeddable":true,"href":"https:\/\/miumjau.ee\/lv\/wp-json\/wp\/v2\/media\/56331"}],"wp:attachment":[{"href":"https:\/\/miumjau.ee\/lv\/wp-json\/wp\/v2\/media?parent=56330"}],"wp:term":[{"taxonomy":"product_brand","embeddable":true,"href":"https:\/\/miumjau.ee\/lv\/wp-json\/wp\/v2\/product_brand?post=56330"},{"taxonomy":"product_cat","embeddable":true,"href":"https:\/\/miumjau.ee\/lv\/wp-json\/wp\/v2\/product_cat?post=56330"},{"taxonomy":"product_tag","embeddable":true,"href":"https:\/\/miumjau.ee\/lv\/wp-json\/wp\/v2\/product_tag?post=56330"}],"curies":[{"name":"wp","href":"https:\/\/api.w.org\/{rel}","templated":true}]}}