{"id":56321,"date":"2023-07-28T19:47:16","date_gmt":"2023-07-28T16:47:16","guid":{"rendered":"https:\/\/miumjau.ee\/toode\/petrebels-charlotte-180-nagu-skrapjamais-koks-peleks\/"},"modified":"2023-07-28T19:47:16","modified_gmt":"2023-07-28T16:47:16","slug":"petrebels-charlotte-180-nagu-skrapjamais-koks-peleks","status":"publish","type":"product","link":"https:\/\/miumjau.ee\/lv\/produkts\/petrebels-charlotte-180-nagu-skrapjamais-koks-peleks\/","title":{"rendered":"Petrebels Charlotte 180 nagu skr\u0101pjamais koks, pel\u0113ks"},"content":{"rendered":"","protected":false},"excerpt":{"rendered":"<p data-path-to-node=\"2\"><b data-path-to-node=\"2\" data-index-in-node=\"0\">\u012apa\u0161i augsts un vietu taupo\u0161s skr\u0101pjamais koks.<\/b><\/p>\n<p data-path-to-node=\"2\">Ka\u0137u skr\u0101pjamais koks Charlotte 180 ir rad\u012bts pat visliel\u0101kajiem ka\u0137iem un to \u0161\u0137irn\u0113m. Vi\u0146iem ir nepiecie\u0161ami iztur\u012bgi un augsti stabi skr\u0101p\u0113\u0161anai un izstiep\u0161anai, jo tas padara vi\u0146us laim\u012bgus. Bet tas v\u0113l nav viss! Superm\u012bksts \u0161\u016bpu\u013ct\u012bkls, divas \u0113rtas gu\u013camm\u0101ji\u0146as un liels, m\u012bksts atp\u016btas grozs pa\u0161\u0101 aug\u0161\u0101 \u2013 \u0161eit pietiks vietas pat vair\u0101kiem ka\u0137iem. Pateicoties \u012bpa\u0161i biezajai pamatnei, \u0161is koks ir izcili stabils.<\/p>\n<hr data-path-to-node=\"3\" \/>\n<h3 data-path-to-node=\"4\">Galven\u0101s \u012bpa\u0161\u012bbas:<\/h3>\n<ul data-path-to-node=\"5\">\n<li>\n<p data-path-to-node=\"5,0,0\"><b data-path-to-node=\"5,0,0\" data-index-in-node=\"0\">Kr\u0101sa:<\/b> Pel\u0113ka.<\/p>\n<\/li>\n<li>\n<p data-path-to-node=\"5,1,0\"><b data-path-to-node=\"5,1,0\" data-index-in-node=\"0\">Izm\u0113ri:<\/b> Garums 59 cm, platums 56 cm un augstums 180 cm.<\/p>\n<\/li>\n<li>\n<p data-path-to-node=\"5,2,0\"><b data-path-to-node=\"5,2,0\" data-index-in-node=\"0\">Komforts:<\/b> Divas m\u012bkstas gu\u013camm\u0101ji\u0146as (40 x 40 cm, augstums 30 cm).<\/p>\n<\/li>\n<li>\n<p data-path-to-node=\"5,3,0\"><b data-path-to-node=\"5,3,0\" data-index-in-node=\"0\">Piem\u0113rot\u012bba:<\/b> Piem\u0113rots jebkura veida ka\u0137iem, tostarp Meink\u016bniem un Ragdolliem.<\/p>\n<\/li>\n<li>\n<p data-path-to-node=\"5,4,0\"><b data-path-to-node=\"5,4,0\" data-index-in-node=\"0\">Dizains:<\/b> \u012apa\u0161i augsts, ta\u010du aiz\u0146em maz vietas telp\u0101.<\/p>\n<\/li>\n<\/ul>\n<h3 data-path-to-node=\"10\">Tehnisk\u0101 inform\u0101cija:<\/h3>\n<table data-path-to-node=\"11\">\n<thead>\n<tr>\n<td><strong>Parametrs<\/strong><\/td>\n<td><strong>Dati<\/strong><\/td>\n<\/tr>\n<\/thead>\n<tbody>\n<tr>\n<td><span data-path-to-node=\"11,1,0,0\"><b data-path-to-node=\"11,1,0,0\" data-index-in-node=\"0\">Svars (neto)<\/b><\/span><\/td>\n<td><span data-path-to-node=\"11,1,1,0\">37 kg<\/span><\/td>\n<\/tr>\n<tr>\n<td><span data-path-to-node=\"11,2,0,0\"><b data-path-to-node=\"11,2,0,0\" data-index-in-node=\"0\">Svars ar iepakojumu<\/b><\/span><\/td>\n<td><span data-path-to-node=\"11,2,1,0\">38,8 kg (iepakots 2 kast\u0113s)<\/span><\/td>\n<\/tr>\n<tr>\n<td><span data-path-to-node=\"11,3,0,0\"><b data-path-to-node=\"11,3,0,0\" data-index-in-node=\"0\">Pieejam\u012bba<\/b><\/span><\/td>\n<td><span data-path-to-node=\"11,3,1,0\"><b data-path-to-node=\"11,3,1,0\" data-index-in-node=\"0\">Pieejams noliktav\u0101 t\u016bl\u012bt\u0113jai pieg\u0101dei!<\/b><\/span><\/td>\n<\/tr>\n<\/tbody>\n<\/table>\n<hr data-path-to-node=\"12\" \/>\n<p data-path-to-node=\"13\"><b data-path-to-node=\"13\" data-index-in-node=\"0\">Ra\u017eot\u0101js PetRebels, Holandes kvalit\u0101te.<\/b><\/p>\n<p data-path-to-node=\"13\">\u012apa\u0161i kvalitat\u012bvi un \u0113rti skr\u0101pjamie koki, kas kalpos gadiem ilgi un k\u013c\u016bs par j\u016bsu m\u0101jok\u013ca rotu. J\u016bsu ka\u0137is b\u016bs jums pateic\u012bgs!<\/p>\n","protected":false},"featured_media":56322,"template":"","meta":[],"product_brand":[],"product_cat":[573,582],"product_tag":[],"class_list":{"0":"post-56321","1":"product","2":"type-product","3":"status-publish","4":"has-post-thumbnail","6":"product_cat-kaup24-lv","7":"product_cat-videji-skrapesanas-koki-petrebels","8":"product_shipping_class-pakiautomaati-sobimatu-lv","10":"first","11":"outofstock","12":"taxable","13":"shipping-taxable","14":"purchasable","15":"product-type-simple"},"yoast_head":"<!-- This site is optimized with the Yoast SEO plugin v27.4 - https:\/\/yoast.com\/product\/yoast-seo-wordpress\/ -->\n<title>Petrebels Charlotte 180 nagu skr\u0101pjamais koks, pel\u0113ks - MiuMjau<\/title>\n<meta name=\"robots\" content=\"index, follow, max-snippet:-1, max-image-preview:large, max-video-preview:-1\" \/>\n<link rel=\"canonical\" href=\"https:\/\/miumjau.ee\/lv\/produkts\/petrebels-charlotte-180-nagu-skrapjamais-koks-peleks\/\" \/>\n<meta property=\"og:locale\" content=\"lv_LV\" \/>\n<meta property=\"og:type\" content=\"article\" \/>\n<meta property=\"og:title\" content=\"Petrebels Charlotte 180 nagu skr\u0101pjamais koks, pel\u0113ks - MiuMjau\" \/>\n<meta property=\"og:description\" content=\"\u012apa\u0161i augsts un vietu taupo\u0161s skr\u0101pjamais koks. Ka\u0137u skr\u0101pjamais koks Charlotte 180 ir rad\u012bts pat visliel\u0101kajiem ka\u0137iem un to \u0161\u0137irn\u0113m. Vi\u0146iem ir nepiecie\u0161ami iztur\u012bgi un augsti stabi skr\u0101p\u0113\u0161anai un izstiep\u0161anai, jo tas padara vi\u0146us laim\u012bgus. Bet tas v\u0113l nav viss! Superm\u012bksts \u0161\u016bpu\u013ct\u012bkls, divas \u0113rtas gu\u013camm\u0101ji\u0146as un liels, m\u012bksts atp\u016btas grozs pa\u0161\u0101 aug\u0161\u0101 \u2013 \u0161eit pietiks vietas pat vair\u0101kiem ka\u0137iem. Pateicoties \u012bpa\u0161i biezajai pamatnei, \u0161is koks ir izcili stabils.     Galven\u0101s \u012bpa\u0161\u012bbas:    Kr\u0101sa: Pel\u0113ka.    Izm\u0113ri: Garums 59 cm, platums 56 cm un augstums 180 cm.    Komforts: Divas m\u012bkstas gu\u013camm\u0101ji\u0146as (40 x 40 cm, augstums 30 cm).    Piem\u0113rot\u012bba: Piem\u0113rots jebkura veida ka\u0137iem, tostarp Meink\u016bniem un Ragdolliem.    Dizains: \u012apa\u0161i augsts, ta\u010du aiz\u0146em maz vietas telp\u0101.   Tehnisk\u0101 inform\u0101cija:    Parametrs Dati     Svars (neto) 37 kg   Svars ar iepakojumu 38,8 kg (iepakots 2 kast\u0113s)   Pieejam\u012bba Pieejams noliktav\u0101 t\u016bl\u012bt\u0113jai pieg\u0101dei!      Ra\u017eot\u0101js PetRebels, Holandes kvalit\u0101te. \u012apa\u0161i kvalitat\u012bvi un \u0113rti skr\u0101pjamie koki, kas kalpos gadiem ilgi un k\u013c\u016bs par j\u016bsu m\u0101jok\u013ca rotu. J\u016bsu ka\u0137is b\u016bs jums pateic\u012bgs!\" \/>\n<meta property=\"og:url\" content=\"https:\/\/miumjau.ee\/lv\/produkts\/petrebels-charlotte-180-nagu-skrapjamais-koks-peleks\/\" \/>\n<meta property=\"og:site_name\" content=\"MiuMjau\" \/>\n<meta property=\"article:publisher\" content=\"https:\/\/www.facebook.com\/miumjaupood\/\" \/>\n<meta property=\"og:image\" content=\"https:\/\/miumjau.ee\/wp-content\/uploads\/2023\/07\/Charlotte-180-hall-kassi-kraapimispuu-1.jpg\" \/>\n\t<meta property=\"og:image:width\" content=\"600\" \/>\n\t<meta property=\"og:image:height\" content=\"800\" \/>\n\t<meta property=\"og:image:type\" content=\"image\/jpeg\" \/>\n<meta name=\"twitter:card\" content=\"summary_large_image\" \/>\n<script type=\"application\/ld+json\" class=\"yoast-schema-graph\">{\"@context\":\"https:\\\/\\\/schema.org\",\"@graph\":[{\"@type\":\"WebPage\",\"@id\":\"https:\\\/\\\/miumjau.ee\\\/lv\\\/produkts\\\/petrebels-charlotte-180-nagu-skrapjamais-koks-peleks\\\/\",\"url\":\"https:\\\/\\\/miumjau.ee\\\/lv\\\/produkts\\\/petrebels-charlotte-180-nagu-skrapjamais-koks-peleks\\\/\",\"name\":\"Petrebels Charlotte 180 nagu skr\u0101pjamais koks, pel\u0113ks - MiuMjau\",\"isPartOf\":{\"@id\":\"https:\\\/\\\/miumjau.ee\\\/#website\"},\"primaryImageOfPage\":{\"@id\":\"https:\\\/\\\/miumjau.ee\\\/lv\\\/produkts\\\/petrebels-charlotte-180-nagu-skrapjamais-koks-peleks\\\/#primaryimage\"},\"image\":{\"@id\":\"https:\\\/\\\/miumjau.ee\\\/lv\\\/produkts\\\/petrebels-charlotte-180-nagu-skrapjamais-koks-peleks\\\/#primaryimage\"},\"thumbnailUrl\":\"https:\\\/\\\/miumjau.ee\\\/wp-content\\\/uploads\\\/2023\\\/07\\\/Charlotte-180-hall-kassi-kraapimispuu-1.jpg\",\"datePublished\":\"2023-07-28T16:47:16+00:00\",\"breadcrumb\":{\"@id\":\"https:\\\/\\\/miumjau.ee\\\/lv\\\/produkts\\\/petrebels-charlotte-180-nagu-skrapjamais-koks-peleks\\\/#breadcrumb\"},\"inLanguage\":\"lv-LV\",\"potentialAction\":[{\"@type\":\"ReadAction\",\"target\":[\"https:\\\/\\\/miumjau.ee\\\/lv\\\/produkts\\\/petrebels-charlotte-180-nagu-skrapjamais-koks-peleks\\\/\"]}]},{\"@type\":\"ImageObject\",\"inLanguage\":\"lv-LV\",\"@id\":\"https:\\\/\\\/miumjau.ee\\\/lv\\\/produkts\\\/petrebels-charlotte-180-nagu-skrapjamais-koks-peleks\\\/#primaryimage\",\"url\":\"https:\\\/\\\/miumjau.ee\\\/wp-content\\\/uploads\\\/2023\\\/07\\\/Charlotte-180-hall-kassi-kraapimispuu-1.jpg\",\"contentUrl\":\"https:\\\/\\\/miumjau.ee\\\/wp-content\\\/uploads\\\/2023\\\/07\\\/Charlotte-180-hall-kassi-kraapimispuu-1.jpg\",\"width\":600,\"height\":800},{\"@type\":\"BreadcrumbList\",\"@id\":\"https:\\\/\\\/miumjau.ee\\\/lv\\\/produkts\\\/petrebels-charlotte-180-nagu-skrapjamais-koks-peleks\\\/#breadcrumb\",\"itemListElement\":[{\"@type\":\"ListItem\",\"position\":1,\"name\":\"Home\",\"item\":\"https:\\\/\\\/miumjau.ee\\\/lv\\\/\"},{\"@type\":\"ListItem\",\"position\":2,\"name\":\"Veikals\",\"item\":\"https:\\\/\\\/miumjau.ee\\\/lv\\\/veikals\\\/\"},{\"@type\":\"ListItem\",\"position\":3,\"name\":\"Petrebels Charlotte 180 nagu skr\u0101pjamais koks, pel\u0113ks\"}]},{\"@type\":\"WebSite\",\"@id\":\"https:\\\/\\\/miumjau.ee\\\/#website\",\"url\":\"https:\\\/\\\/miumjau.ee\\\/\",\"name\":\"MiuMjau\",\"description\":\"Kraapimispuud kassidele\",\"publisher\":{\"@id\":\"https:\\\/\\\/miumjau.ee\\\/#organization\"},\"potentialAction\":[{\"@type\":\"SearchAction\",\"target\":{\"@type\":\"EntryPoint\",\"urlTemplate\":\"https:\\\/\\\/miumjau.ee\\\/?s={search_term_string}\"},\"query-input\":{\"@type\":\"PropertyValueSpecification\",\"valueRequired\":true,\"valueName\":\"search_term_string\"}}],\"inLanguage\":\"lv-LV\"},{\"@type\":\"Organization\",\"@id\":\"https:\\\/\\\/miumjau.ee\\\/#organization\",\"name\":\"MiuMjau O\u00dc\",\"url\":\"https:\\\/\\\/miumjau.ee\\\/\",\"logo\":{\"@type\":\"ImageObject\",\"inLanguage\":\"lv-LV\",\"@id\":\"https:\\\/\\\/miumjau.ee\\\/#\\\/schema\\\/logo\\\/image\\\/\",\"url\":\"https:\\\/\\\/miumjau.ee\\\/wp-content\\\/uploads\\\/2022\\\/04\\\/MiuMjau-logo-kollane.png\",\"contentUrl\":\"https:\\\/\\\/miumjau.ee\\\/wp-content\\\/uploads\\\/2022\\\/04\\\/MiuMjau-logo-kollane.png\",\"width\":219,\"height\":100,\"caption\":\"MiuMjau O\u00dc\"},\"image\":{\"@id\":\"https:\\\/\\\/miumjau.ee\\\/#\\\/schema\\\/logo\\\/image\\\/\"},\"sameAs\":[\"https:\\\/\\\/www.facebook.com\\\/miumjaupood\\\/\"]}]}<\/script>\n<!-- \/ Yoast SEO plugin. -->","yoast_head_json":{"title":"Petrebels Charlotte 180 nagu skr\u0101pjamais koks, pel\u0113ks - MiuMjau","robots":{"index":"index","follow":"follow","max-snippet":"max-snippet:-1","max-image-preview":"max-image-preview:large","max-video-preview":"max-video-preview:-1"},"canonical":"https:\/\/miumjau.ee\/lv\/produkts\/petrebels-charlotte-180-nagu-skrapjamais-koks-peleks\/","og_locale":"lv_LV","og_type":"article","og_title":"Petrebels Charlotte 180 nagu skr\u0101pjamais koks, pel\u0113ks - MiuMjau","og_description":"\u012apa\u0161i augsts un vietu taupo\u0161s skr\u0101pjamais koks. Ka\u0137u skr\u0101pjamais koks Charlotte 180 ir rad\u012bts pat visliel\u0101kajiem ka\u0137iem un to \u0161\u0137irn\u0113m. Vi\u0146iem ir nepiecie\u0161ami iztur\u012bgi un augsti stabi skr\u0101p\u0113\u0161anai un izstiep\u0161anai, jo tas padara vi\u0146us laim\u012bgus. Bet tas v\u0113l nav viss! Superm\u012bksts \u0161\u016bpu\u013ct\u012bkls, divas \u0113rtas gu\u013camm\u0101ji\u0146as un liels, m\u012bksts atp\u016btas grozs pa\u0161\u0101 aug\u0161\u0101 \u2013 \u0161eit pietiks vietas pat vair\u0101kiem ka\u0137iem. Pateicoties \u012bpa\u0161i biezajai pamatnei, \u0161is koks ir izcili stabils.     Galven\u0101s \u012bpa\u0161\u012bbas:    Kr\u0101sa: Pel\u0113ka.    Izm\u0113ri: Garums 59 cm, platums 56 cm un augstums 180 cm.    Komforts: Divas m\u012bkstas gu\u013camm\u0101ji\u0146as (40 x 40 cm, augstums 30 cm).    Piem\u0113rot\u012bba: Piem\u0113rots jebkura veida ka\u0137iem, tostarp Meink\u016bniem un Ragdolliem.    Dizains: \u012apa\u0161i augsts, ta\u010du aiz\u0146em maz vietas telp\u0101.   Tehnisk\u0101 inform\u0101cija:    Parametrs Dati     Svars (neto) 37 kg   Svars ar iepakojumu 38,8 kg (iepakots 2 kast\u0113s)   Pieejam\u012bba Pieejams noliktav\u0101 t\u016bl\u012bt\u0113jai pieg\u0101dei!      Ra\u017eot\u0101js PetRebels, Holandes kvalit\u0101te. \u012apa\u0161i kvalitat\u012bvi un \u0113rti skr\u0101pjamie koki, kas kalpos gadiem ilgi un k\u013c\u016bs par j\u016bsu m\u0101jok\u013ca rotu. J\u016bsu ka\u0137is b\u016bs jums pateic\u012bgs!","og_url":"https:\/\/miumjau.ee\/lv\/produkts\/petrebels-charlotte-180-nagu-skrapjamais-koks-peleks\/","og_site_name":"MiuMjau","article_publisher":"https:\/\/www.facebook.com\/miumjaupood\/","og_image":[{"width":600,"height":800,"url":"https:\/\/miumjau.ee\/wp-content\/uploads\/2023\/07\/Charlotte-180-hall-kassi-kraapimispuu-1.jpg","type":"image\/jpeg"}],"twitter_card":"summary_large_image","schema":{"@context":"https:\/\/schema.org","@graph":[{"@type":"WebPage","@id":"https:\/\/miumjau.ee\/lv\/produkts\/petrebels-charlotte-180-nagu-skrapjamais-koks-peleks\/","url":"https:\/\/miumjau.ee\/lv\/produkts\/petrebels-charlotte-180-nagu-skrapjamais-koks-peleks\/","name":"Petrebels Charlotte 180 nagu skr\u0101pjamais koks, pel\u0113ks - MiuMjau","isPartOf":{"@id":"https:\/\/miumjau.ee\/#website"},"primaryImageOfPage":{"@id":"https:\/\/miumjau.ee\/lv\/produkts\/petrebels-charlotte-180-nagu-skrapjamais-koks-peleks\/#primaryimage"},"image":{"@id":"https:\/\/miumjau.ee\/lv\/produkts\/petrebels-charlotte-180-nagu-skrapjamais-koks-peleks\/#primaryimage"},"thumbnailUrl":"https:\/\/miumjau.ee\/wp-content\/uploads\/2023\/07\/Charlotte-180-hall-kassi-kraapimispuu-1.jpg","datePublished":"2023-07-28T16:47:16+00:00","breadcrumb":{"@id":"https:\/\/miumjau.ee\/lv\/produkts\/petrebels-charlotte-180-nagu-skrapjamais-koks-peleks\/#breadcrumb"},"inLanguage":"lv-LV","potentialAction":[{"@type":"ReadAction","target":["https:\/\/miumjau.ee\/lv\/produkts\/petrebels-charlotte-180-nagu-skrapjamais-koks-peleks\/"]}]},{"@type":"ImageObject","inLanguage":"lv-LV","@id":"https:\/\/miumjau.ee\/lv\/produkts\/petrebels-charlotte-180-nagu-skrapjamais-koks-peleks\/#primaryimage","url":"https:\/\/miumjau.ee\/wp-content\/uploads\/2023\/07\/Charlotte-180-hall-kassi-kraapimispuu-1.jpg","contentUrl":"https:\/\/miumjau.ee\/wp-content\/uploads\/2023\/07\/Charlotte-180-hall-kassi-kraapimispuu-1.jpg","width":600,"height":800},{"@type":"BreadcrumbList","@id":"https:\/\/miumjau.ee\/lv\/produkts\/petrebels-charlotte-180-nagu-skrapjamais-koks-peleks\/#breadcrumb","itemListElement":[{"@type":"ListItem","position":1,"name":"Home","item":"https:\/\/miumjau.ee\/lv\/"},{"@type":"ListItem","position":2,"name":"Veikals","item":"https:\/\/miumjau.ee\/lv\/veikals\/"},{"@type":"ListItem","position":3,"name":"Petrebels Charlotte 180 nagu skr\u0101pjamais koks, pel\u0113ks"}]},{"@type":"WebSite","@id":"https:\/\/miumjau.ee\/#website","url":"https:\/\/miumjau.ee\/","name":"MiuMjau","description":"Kraapimispuud kassidele","publisher":{"@id":"https:\/\/miumjau.ee\/#organization"},"potentialAction":[{"@type":"SearchAction","target":{"@type":"EntryPoint","urlTemplate":"https:\/\/miumjau.ee\/?s={search_term_string}"},"query-input":{"@type":"PropertyValueSpecification","valueRequired":true,"valueName":"search_term_string"}}],"inLanguage":"lv-LV"},{"@type":"Organization","@id":"https:\/\/miumjau.ee\/#organization","name":"MiuMjau O\u00dc","url":"https:\/\/miumjau.ee\/","logo":{"@type":"ImageObject","inLanguage":"lv-LV","@id":"https:\/\/miumjau.ee\/#\/schema\/logo\/image\/","url":"https:\/\/miumjau.ee\/wp-content\/uploads\/2022\/04\/MiuMjau-logo-kollane.png","contentUrl":"https:\/\/miumjau.ee\/wp-content\/uploads\/2022\/04\/MiuMjau-logo-kollane.png","width":219,"height":100,"caption":"MiuMjau O\u00dc"},"image":{"@id":"https:\/\/miumjau.ee\/#\/schema\/logo\/image\/"},"sameAs":["https:\/\/www.facebook.com\/miumjaupood\/"]}]}},"_links":{"self":[{"href":"https:\/\/miumjau.ee\/lv\/wp-json\/wp\/v2\/product\/56321","targetHints":{"allow":["GET"]}}],"collection":[{"href":"https:\/\/miumjau.ee\/lv\/wp-json\/wp\/v2\/product"}],"about":[{"href":"https:\/\/miumjau.ee\/lv\/wp-json\/wp\/v2\/types\/product"}],"wp:featuredmedia":[{"embeddable":true,"href":"https:\/\/miumjau.ee\/lv\/wp-json\/wp\/v2\/media\/56322"}],"wp:attachment":[{"href":"https:\/\/miumjau.ee\/lv\/wp-json\/wp\/v2\/media?parent=56321"}],"wp:term":[{"taxonomy":"product_brand","embeddable":true,"href":"https:\/\/miumjau.ee\/lv\/wp-json\/wp\/v2\/product_brand?post=56321"},{"taxonomy":"product_cat","embeddable":true,"href":"https:\/\/miumjau.ee\/lv\/wp-json\/wp\/v2\/product_cat?post=56321"},{"taxonomy":"product_tag","embeddable":true,"href":"https:\/\/miumjau.ee\/lv\/wp-json\/wp\/v2\/product_tag?post=56321"}],"curies":[{"name":"wp","href":"https:\/\/api.w.org\/{rel}","templated":true}]}}