{"id":56310,"date":"2023-07-28T18:38:11","date_gmt":"2023-07-28T15:38:11","guid":{"rendered":"https:\/\/miumjau.ee\/toode\/petrebels-lookout-198-nagu-skrapjamais-koks-balts-peleks\/"},"modified":"2023-07-28T18:38:11","modified_gmt":"2023-07-28T15:38:11","slug":"petrebels-lookout-198-nagu-skrapjamais-koks-balts-peleks","status":"publish","type":"product","link":"https:\/\/miumjau.ee\/lv\/produkts\/petrebels-lookout-198-nagu-skrapjamais-koks-balts-peleks\/","title":{"rendered":"Petrebels Lookout 198 nagu skr\u0101pjamais koks, balts\/pel\u0113ks"},"content":{"rendered":"","protected":false},"excerpt":{"rendered":"<p data-path-to-node=\"2\"><b data-path-to-node=\"2\" data-index-in-node=\"0\">M\u016bsdien\u012bgs skr\u0101pjamais koks ar izteikti robustu dizainu.<\/b><\/p>\n<p data-path-to-node=\"2\">Piedz\u012bvojumu k\u0101rie ka\u0137i var\u0113s sevi palutin\u0101t ar Lookout 198 modeli, jo \u0161aj\u0101 skr\u0101pjamaj\u0101 kok\u0101 viss ir iesp\u0113jams! Asin\u0101t nagus uz <b data-path-to-node=\"2\" data-index-in-node=\"185\">15 cm \u012bpa\u0161i bieziem<\/b> stabiem, doties p\u0101rg\u0101jien\u0101 p\u0101ri koka tilti\u0146am un gul\u0113t aug\u0161\u0113j\u0101 st\u0101v\u0101 vai k\u0101d\u0101 no diviem greznajiem \u0161\u016bpu\u013ct\u012bkliem.<\/p>\n<p data-path-to-node=\"3\">XL atp\u016btas vieta pa\u0161\u0101 aug\u0161\u0101 ir rad\u012bta \u012bstiem &#8220;nemierniekiem&#8221;, kuriem pat\u012bk s\u0113d\u0113t vai gul\u0113t augstum\u0101. J\u016bsu ka\u0137is tur baud\u012bs saldu miegu, vienlaikus p\u0101rraugot, vai visiem viesiem m\u0101j\u0101s var uztic\u0113ties.<\/p>\n<h3 data-path-to-node=\"5\">Galven\u0101s \u012bpa\u0161\u012bbas:<\/h3>\n<ul data-path-to-node=\"6\">\n<li>\n<p data-path-to-node=\"6,1,0\"><b data-path-to-node=\"6,1,0\" data-index-in-node=\"0\">Izm\u0113ri:<\/b> Garums 100 cm, platums 60 cm, augstums 198 cm.<\/p>\n<\/li>\n<li>\n<p data-path-to-node=\"6,2,0\"><b data-path-to-node=\"6,2,0\" data-index-in-node=\"0\">Ekstras:<\/b> Komplekt\u0101 iek\u013cauta rota\u013cu virve.<\/p>\n<\/li>\n<li>\n<p data-path-to-node=\"6,3,0\"><b data-path-to-node=\"6,3,0\" data-index-in-node=\"0\">Iztur\u012bba:<\/b> Divi \u012bpa\u0161i pastiprin\u0101ti atp\u016btas \u0161\u016bpu\u013ct\u012bkli.<\/p>\n<\/li>\n<li>\n<p data-path-to-node=\"6,4,0\"><b data-path-to-node=\"6,4,0\" data-index-in-node=\"0\">Piem\u0113rot\u012bba:<\/b> Ide\u0101li piem\u0113rots visu izm\u0113ru un \u0161\u0137ir\u0146u ka\u0137iem, tostarp lielajiem Meink\u016bnu t\u0113vi\u0146iem.<\/p>\n<\/li>\n<\/ul>\n<h3 data-path-to-node=\"8\">Tehnisk\u0101 inform\u0101cija:<\/h3>\n<table data-path-to-node=\"9\">\n<thead>\n<tr>\n<td><strong>Parametrs<\/strong><\/td>\n<td><strong>Dati<\/strong><\/td>\n<\/tr>\n<\/thead>\n<tbody>\n<tr>\n<td><span data-path-to-node=\"9,1,0,0\"><b data-path-to-node=\"9,1,0,0\" data-index-in-node=\"0\">Svars (neto)<\/b><\/span><\/td>\n<td><span data-path-to-node=\"9,1,1,0\">75 kg<\/span><\/td>\n<\/tr>\n<tr>\n<td><span data-path-to-node=\"9,2,0,0\"><b data-path-to-node=\"9,2,0,0\" data-index-in-node=\"0\">Svars ar iepakojumu<\/b><\/span><\/td>\n<td><span data-path-to-node=\"9,2,1,0\">77 kg (iepakots 3 kast\u0113s)<\/span><\/td>\n<\/tr>\n<tr>\n<td><span data-path-to-node=\"9,3,0,0\"><b data-path-to-node=\"9,3,0,0\" data-index-in-node=\"0\">Pieejam\u012bba<\/b><\/span><\/td>\n<td><span data-path-to-node=\"9,3,1,0\"><b data-path-to-node=\"9,3,1,0\" data-index-in-node=\"0\">Pieejams noliktav\u0101 t\u016bl\u012bt\u0113jai pieg\u0101dei!<\/b><\/span><\/td>\n<\/tr>\n<\/tbody>\n<\/table>\n<hr data-path-to-node=\"10\" \/>\n<p data-path-to-node=\"11\"><b data-path-to-node=\"11\" data-index-in-node=\"0\">Ra\u017eot\u0101js PetRebels, Holandes kvalit\u0101te.<\/b><\/p>\n<p data-path-to-node=\"11\">\u012apa\u0161i kvalitat\u012bvi un \u0113rti skr\u0101pjamie koki, kas kalpos gadiem ilgi un k\u013c\u016bs par j\u016bsu m\u0101jok\u013ca rotu. J\u016bsu ka\u0137is b\u016bs jums pateic\u012bgs!<\/p>\n","protected":false},"featured_media":56311,"template":"","meta":[],"product_brand":[],"product_cat":[573,583],"product_tag":[],"class_list":{"0":"post-56310","1":"product","2":"type-product","3":"status-publish","4":"has-post-thumbnail","6":"product_cat-kaup24-lv","7":"product_cat-petrebels-produkti-smagiem-kakiem","8":"product_shipping_class-pakiautomaati-sobimatu-lv","10":"first","11":"instock","12":"sale","13":"taxable","14":"shipping-taxable","15":"purchasable","16":"product-type-simple"},"yoast_head":"<!-- This site is optimized with the Yoast SEO plugin v27.4 - https:\/\/yoast.com\/product\/yoast-seo-wordpress\/ -->\n<title>Petrebels Lookout 198 nagu skr\u0101pjamais koks, balts\/pel\u0113ks - MiuMjau<\/title>\n<meta name=\"robots\" content=\"index, follow, max-snippet:-1, max-image-preview:large, max-video-preview:-1\" \/>\n<link rel=\"canonical\" href=\"https:\/\/miumjau.ee\/lv\/produkts\/petrebels-lookout-198-nagu-skrapjamais-koks-balts-peleks\/\" \/>\n<meta property=\"og:locale\" content=\"lv_LV\" \/>\n<meta property=\"og:type\" content=\"article\" \/>\n<meta property=\"og:title\" content=\"Petrebels Lookout 198 nagu skr\u0101pjamais koks, balts\/pel\u0113ks - MiuMjau\" \/>\n<meta property=\"og:description\" content=\"M\u016bsdien\u012bgs skr\u0101pjamais koks ar izteikti robustu dizainu. Piedz\u012bvojumu k\u0101rie ka\u0137i var\u0113s sevi palutin\u0101t ar Lookout 198 modeli, jo \u0161aj\u0101 skr\u0101pjamaj\u0101 kok\u0101 viss ir iesp\u0113jams! Asin\u0101t nagus uz 15 cm \u012bpa\u0161i bieziem stabiem, doties p\u0101rg\u0101jien\u0101 p\u0101ri koka tilti\u0146am un gul\u0113t aug\u0161\u0113j\u0101 st\u0101v\u0101 vai k\u0101d\u0101 no diviem greznajiem \u0161\u016bpu\u013ct\u012bkliem. XL atp\u016btas vieta pa\u0161\u0101 aug\u0161\u0101 ir rad\u012bta \u012bstiem &quot;nemierniekiem&quot;, kuriem pat\u012bk s\u0113d\u0113t vai gul\u0113t augstum\u0101. J\u016bsu ka\u0137is tur baud\u012bs saldu miegu, vienlaikus p\u0101rraugot, vai visiem viesiem m\u0101j\u0101s var uztic\u0113ties.  Galven\u0101s \u012bpa\u0161\u012bbas:    Izm\u0113ri: Garums 100 cm, platums 60 cm, augstums 198 cm.    Ekstras: Komplekt\u0101 iek\u013cauta rota\u013cu virve.    Iztur\u012bba: Divi \u012bpa\u0161i pastiprin\u0101ti atp\u016btas \u0161\u016bpu\u013ct\u012bkli.    Piem\u0113rot\u012bba: Ide\u0101li piem\u0113rots visu izm\u0113ru un \u0161\u0137ir\u0146u ka\u0137iem, tostarp lielajiem Meink\u016bnu t\u0113vi\u0146iem.   Tehnisk\u0101 inform\u0101cija:    Parametrs Dati     Svars (neto) 75 kg   Svars ar iepakojumu 77 kg (iepakots 3 kast\u0113s)   Pieejam\u012bba Pieejams noliktav\u0101 t\u016bl\u012bt\u0113jai pieg\u0101dei!      Ra\u017eot\u0101js PetRebels, Holandes kvalit\u0101te. \u012apa\u0161i kvalitat\u012bvi un \u0113rti skr\u0101pjamie koki, kas kalpos gadiem ilgi un k\u013c\u016bs par j\u016bsu m\u0101jok\u013ca rotu. J\u016bsu ka\u0137is b\u016bs jums pateic\u012bgs!\" \/>\n<meta property=\"og:url\" content=\"https:\/\/miumjau.ee\/lv\/produkts\/petrebels-lookout-198-nagu-skrapjamais-koks-balts-peleks\/\" \/>\n<meta property=\"og:site_name\" content=\"MiuMjau\" \/>\n<meta property=\"article:publisher\" content=\"https:\/\/www.facebook.com\/miumjaupood\/\" \/>\n<meta property=\"og:image\" content=\"https:\/\/miumjau.ee\/wp-content\/uploads\/2023\/07\/Lookout-198-valge-hall-kassi-kraapimispuu-1.jpg\" \/>\n\t<meta property=\"og:image:width\" content=\"600\" \/>\n\t<meta property=\"og:image:height\" content=\"800\" \/>\n\t<meta property=\"og:image:type\" content=\"image\/jpeg\" \/>\n<meta name=\"twitter:card\" content=\"summary_large_image\" \/>\n<script type=\"application\/ld+json\" class=\"yoast-schema-graph\">{\"@context\":\"https:\\\/\\\/schema.org\",\"@graph\":[{\"@type\":\"WebPage\",\"@id\":\"https:\\\/\\\/miumjau.ee\\\/lv\\\/produkts\\\/petrebels-lookout-198-nagu-skrapjamais-koks-balts-peleks\\\/\",\"url\":\"https:\\\/\\\/miumjau.ee\\\/lv\\\/produkts\\\/petrebels-lookout-198-nagu-skrapjamais-koks-balts-peleks\\\/\",\"name\":\"Petrebels Lookout 198 nagu skr\u0101pjamais koks, balts\\\/pel\u0113ks - MiuMjau\",\"isPartOf\":{\"@id\":\"https:\\\/\\\/miumjau.ee\\\/#website\"},\"primaryImageOfPage\":{\"@id\":\"https:\\\/\\\/miumjau.ee\\\/lv\\\/produkts\\\/petrebels-lookout-198-nagu-skrapjamais-koks-balts-peleks\\\/#primaryimage\"},\"image\":{\"@id\":\"https:\\\/\\\/miumjau.ee\\\/lv\\\/produkts\\\/petrebels-lookout-198-nagu-skrapjamais-koks-balts-peleks\\\/#primaryimage\"},\"thumbnailUrl\":\"https:\\\/\\\/miumjau.ee\\\/wp-content\\\/uploads\\\/2023\\\/07\\\/Lookout-198-valge-hall-kassi-kraapimispuu-1.jpg\",\"datePublished\":\"2023-07-28T15:38:11+00:00\",\"breadcrumb\":{\"@id\":\"https:\\\/\\\/miumjau.ee\\\/lv\\\/produkts\\\/petrebels-lookout-198-nagu-skrapjamais-koks-balts-peleks\\\/#breadcrumb\"},\"inLanguage\":\"lv-LV\",\"potentialAction\":[{\"@type\":\"ReadAction\",\"target\":[\"https:\\\/\\\/miumjau.ee\\\/lv\\\/produkts\\\/petrebels-lookout-198-nagu-skrapjamais-koks-balts-peleks\\\/\"]}]},{\"@type\":\"ImageObject\",\"inLanguage\":\"lv-LV\",\"@id\":\"https:\\\/\\\/miumjau.ee\\\/lv\\\/produkts\\\/petrebels-lookout-198-nagu-skrapjamais-koks-balts-peleks\\\/#primaryimage\",\"url\":\"https:\\\/\\\/miumjau.ee\\\/wp-content\\\/uploads\\\/2023\\\/07\\\/Lookout-198-valge-hall-kassi-kraapimispuu-1.jpg\",\"contentUrl\":\"https:\\\/\\\/miumjau.ee\\\/wp-content\\\/uploads\\\/2023\\\/07\\\/Lookout-198-valge-hall-kassi-kraapimispuu-1.jpg\",\"width\":600,\"height\":800},{\"@type\":\"BreadcrumbList\",\"@id\":\"https:\\\/\\\/miumjau.ee\\\/lv\\\/produkts\\\/petrebels-lookout-198-nagu-skrapjamais-koks-balts-peleks\\\/#breadcrumb\",\"itemListElement\":[{\"@type\":\"ListItem\",\"position\":1,\"name\":\"Home\",\"item\":\"https:\\\/\\\/miumjau.ee\\\/lv\\\/\"},{\"@type\":\"ListItem\",\"position\":2,\"name\":\"Veikals\",\"item\":\"https:\\\/\\\/miumjau.ee\\\/lv\\\/veikals\\\/\"},{\"@type\":\"ListItem\",\"position\":3,\"name\":\"Petrebels Lookout 198 nagu skr\u0101pjamais koks, balts\\\/pel\u0113ks\"}]},{\"@type\":\"WebSite\",\"@id\":\"https:\\\/\\\/miumjau.ee\\\/#website\",\"url\":\"https:\\\/\\\/miumjau.ee\\\/\",\"name\":\"MiuMjau\",\"description\":\"Kraapimispuud kassidele\",\"publisher\":{\"@id\":\"https:\\\/\\\/miumjau.ee\\\/#organization\"},\"potentialAction\":[{\"@type\":\"SearchAction\",\"target\":{\"@type\":\"EntryPoint\",\"urlTemplate\":\"https:\\\/\\\/miumjau.ee\\\/?s={search_term_string}\"},\"query-input\":{\"@type\":\"PropertyValueSpecification\",\"valueRequired\":true,\"valueName\":\"search_term_string\"}}],\"inLanguage\":\"lv-LV\"},{\"@type\":\"Organization\",\"@id\":\"https:\\\/\\\/miumjau.ee\\\/#organization\",\"name\":\"MiuMjau O\u00dc\",\"url\":\"https:\\\/\\\/miumjau.ee\\\/\",\"logo\":{\"@type\":\"ImageObject\",\"inLanguage\":\"lv-LV\",\"@id\":\"https:\\\/\\\/miumjau.ee\\\/#\\\/schema\\\/logo\\\/image\\\/\",\"url\":\"https:\\\/\\\/miumjau.ee\\\/wp-content\\\/uploads\\\/2022\\\/04\\\/MiuMjau-logo-kollane.png\",\"contentUrl\":\"https:\\\/\\\/miumjau.ee\\\/wp-content\\\/uploads\\\/2022\\\/04\\\/MiuMjau-logo-kollane.png\",\"width\":219,\"height\":100,\"caption\":\"MiuMjau O\u00dc\"},\"image\":{\"@id\":\"https:\\\/\\\/miumjau.ee\\\/#\\\/schema\\\/logo\\\/image\\\/\"},\"sameAs\":[\"https:\\\/\\\/www.facebook.com\\\/miumjaupood\\\/\"]}]}<\/script>\n<!-- \/ Yoast SEO plugin. -->","yoast_head_json":{"title":"Petrebels Lookout 198 nagu skr\u0101pjamais koks, balts\/pel\u0113ks - MiuMjau","robots":{"index":"index","follow":"follow","max-snippet":"max-snippet:-1","max-image-preview":"max-image-preview:large","max-video-preview":"max-video-preview:-1"},"canonical":"https:\/\/miumjau.ee\/lv\/produkts\/petrebels-lookout-198-nagu-skrapjamais-koks-balts-peleks\/","og_locale":"lv_LV","og_type":"article","og_title":"Petrebels Lookout 198 nagu skr\u0101pjamais koks, balts\/pel\u0113ks - MiuMjau","og_description":"M\u016bsdien\u012bgs skr\u0101pjamais koks ar izteikti robustu dizainu. Piedz\u012bvojumu k\u0101rie ka\u0137i var\u0113s sevi palutin\u0101t ar Lookout 198 modeli, jo \u0161aj\u0101 skr\u0101pjamaj\u0101 kok\u0101 viss ir iesp\u0113jams! Asin\u0101t nagus uz 15 cm \u012bpa\u0161i bieziem stabiem, doties p\u0101rg\u0101jien\u0101 p\u0101ri koka tilti\u0146am un gul\u0113t aug\u0161\u0113j\u0101 st\u0101v\u0101 vai k\u0101d\u0101 no diviem greznajiem \u0161\u016bpu\u013ct\u012bkliem. XL atp\u016btas vieta pa\u0161\u0101 aug\u0161\u0101 ir rad\u012bta \u012bstiem \"nemierniekiem\", kuriem pat\u012bk s\u0113d\u0113t vai gul\u0113t augstum\u0101. J\u016bsu ka\u0137is tur baud\u012bs saldu miegu, vienlaikus p\u0101rraugot, vai visiem viesiem m\u0101j\u0101s var uztic\u0113ties.  Galven\u0101s \u012bpa\u0161\u012bbas:    Izm\u0113ri: Garums 100 cm, platums 60 cm, augstums 198 cm.    Ekstras: Komplekt\u0101 iek\u013cauta rota\u013cu virve.    Iztur\u012bba: Divi \u012bpa\u0161i pastiprin\u0101ti atp\u016btas \u0161\u016bpu\u013ct\u012bkli.    Piem\u0113rot\u012bba: Ide\u0101li piem\u0113rots visu izm\u0113ru un \u0161\u0137ir\u0146u ka\u0137iem, tostarp lielajiem Meink\u016bnu t\u0113vi\u0146iem.   Tehnisk\u0101 inform\u0101cija:    Parametrs Dati     Svars (neto) 75 kg   Svars ar iepakojumu 77 kg (iepakots 3 kast\u0113s)   Pieejam\u012bba Pieejams noliktav\u0101 t\u016bl\u012bt\u0113jai pieg\u0101dei!      Ra\u017eot\u0101js PetRebels, Holandes kvalit\u0101te. \u012apa\u0161i kvalitat\u012bvi un \u0113rti skr\u0101pjamie koki, kas kalpos gadiem ilgi un k\u013c\u016bs par j\u016bsu m\u0101jok\u013ca rotu. J\u016bsu ka\u0137is b\u016bs jums pateic\u012bgs!","og_url":"https:\/\/miumjau.ee\/lv\/produkts\/petrebels-lookout-198-nagu-skrapjamais-koks-balts-peleks\/","og_site_name":"MiuMjau","article_publisher":"https:\/\/www.facebook.com\/miumjaupood\/","og_image":[{"width":600,"height":800,"url":"https:\/\/miumjau.ee\/wp-content\/uploads\/2023\/07\/Lookout-198-valge-hall-kassi-kraapimispuu-1.jpg","type":"image\/jpeg"}],"twitter_card":"summary_large_image","schema":{"@context":"https:\/\/schema.org","@graph":[{"@type":"WebPage","@id":"https:\/\/miumjau.ee\/lv\/produkts\/petrebels-lookout-198-nagu-skrapjamais-koks-balts-peleks\/","url":"https:\/\/miumjau.ee\/lv\/produkts\/petrebels-lookout-198-nagu-skrapjamais-koks-balts-peleks\/","name":"Petrebels Lookout 198 nagu skr\u0101pjamais koks, balts\/pel\u0113ks - MiuMjau","isPartOf":{"@id":"https:\/\/miumjau.ee\/#website"},"primaryImageOfPage":{"@id":"https:\/\/miumjau.ee\/lv\/produkts\/petrebels-lookout-198-nagu-skrapjamais-koks-balts-peleks\/#primaryimage"},"image":{"@id":"https:\/\/miumjau.ee\/lv\/produkts\/petrebels-lookout-198-nagu-skrapjamais-koks-balts-peleks\/#primaryimage"},"thumbnailUrl":"https:\/\/miumjau.ee\/wp-content\/uploads\/2023\/07\/Lookout-198-valge-hall-kassi-kraapimispuu-1.jpg","datePublished":"2023-07-28T15:38:11+00:00","breadcrumb":{"@id":"https:\/\/miumjau.ee\/lv\/produkts\/petrebels-lookout-198-nagu-skrapjamais-koks-balts-peleks\/#breadcrumb"},"inLanguage":"lv-LV","potentialAction":[{"@type":"ReadAction","target":["https:\/\/miumjau.ee\/lv\/produkts\/petrebels-lookout-198-nagu-skrapjamais-koks-balts-peleks\/"]}]},{"@type":"ImageObject","inLanguage":"lv-LV","@id":"https:\/\/miumjau.ee\/lv\/produkts\/petrebels-lookout-198-nagu-skrapjamais-koks-balts-peleks\/#primaryimage","url":"https:\/\/miumjau.ee\/wp-content\/uploads\/2023\/07\/Lookout-198-valge-hall-kassi-kraapimispuu-1.jpg","contentUrl":"https:\/\/miumjau.ee\/wp-content\/uploads\/2023\/07\/Lookout-198-valge-hall-kassi-kraapimispuu-1.jpg","width":600,"height":800},{"@type":"BreadcrumbList","@id":"https:\/\/miumjau.ee\/lv\/produkts\/petrebels-lookout-198-nagu-skrapjamais-koks-balts-peleks\/#breadcrumb","itemListElement":[{"@type":"ListItem","position":1,"name":"Home","item":"https:\/\/miumjau.ee\/lv\/"},{"@type":"ListItem","position":2,"name":"Veikals","item":"https:\/\/miumjau.ee\/lv\/veikals\/"},{"@type":"ListItem","position":3,"name":"Petrebels Lookout 198 nagu skr\u0101pjamais koks, balts\/pel\u0113ks"}]},{"@type":"WebSite","@id":"https:\/\/miumjau.ee\/#website","url":"https:\/\/miumjau.ee\/","name":"MiuMjau","description":"Kraapimispuud kassidele","publisher":{"@id":"https:\/\/miumjau.ee\/#organization"},"potentialAction":[{"@type":"SearchAction","target":{"@type":"EntryPoint","urlTemplate":"https:\/\/miumjau.ee\/?s={search_term_string}"},"query-input":{"@type":"PropertyValueSpecification","valueRequired":true,"valueName":"search_term_string"}}],"inLanguage":"lv-LV"},{"@type":"Organization","@id":"https:\/\/miumjau.ee\/#organization","name":"MiuMjau O\u00dc","url":"https:\/\/miumjau.ee\/","logo":{"@type":"ImageObject","inLanguage":"lv-LV","@id":"https:\/\/miumjau.ee\/#\/schema\/logo\/image\/","url":"https:\/\/miumjau.ee\/wp-content\/uploads\/2022\/04\/MiuMjau-logo-kollane.png","contentUrl":"https:\/\/miumjau.ee\/wp-content\/uploads\/2022\/04\/MiuMjau-logo-kollane.png","width":219,"height":100,"caption":"MiuMjau O\u00dc"},"image":{"@id":"https:\/\/miumjau.ee\/#\/schema\/logo\/image\/"},"sameAs":["https:\/\/www.facebook.com\/miumjaupood\/"]}]}},"_links":{"self":[{"href":"https:\/\/miumjau.ee\/lv\/wp-json\/wp\/v2\/product\/56310","targetHints":{"allow":["GET"]}}],"collection":[{"href":"https:\/\/miumjau.ee\/lv\/wp-json\/wp\/v2\/product"}],"about":[{"href":"https:\/\/miumjau.ee\/lv\/wp-json\/wp\/v2\/types\/product"}],"wp:featuredmedia":[{"embeddable":true,"href":"https:\/\/miumjau.ee\/lv\/wp-json\/wp\/v2\/media\/56311"}],"wp:attachment":[{"href":"https:\/\/miumjau.ee\/lv\/wp-json\/wp\/v2\/media?parent=56310"}],"wp:term":[{"taxonomy":"product_brand","embeddable":true,"href":"https:\/\/miumjau.ee\/lv\/wp-json\/wp\/v2\/product_brand?post=56310"},{"taxonomy":"product_cat","embeddable":true,"href":"https:\/\/miumjau.ee\/lv\/wp-json\/wp\/v2\/product_cat?post=56310"},{"taxonomy":"product_tag","embeddable":true,"href":"https:\/\/miumjau.ee\/lv\/wp-json\/wp\/v2\/product_tag?post=56310"}],"curies":[{"name":"wp","href":"https:\/\/api.w.org\/{rel}","templated":true}]}}