{"id":56290,"date":"2023-07-25T20:32:44","date_gmt":"2023-07-25T17:32:44","guid":{"rendered":"https:\/\/miumjau.ee\/toode\/petrebels-savannah-86-nagu-skrapjamais-stabs-balts-peleks\/"},"modified":"2023-07-25T20:32:44","modified_gmt":"2023-07-25T17:32:44","slug":"petrebels-savannah-86-nagu-skrapjamais-stabs-balts-peleks","status":"publish","type":"product","link":"https:\/\/miumjau.ee\/lv\/produkts\/petrebels-savannah-86-nagu-skrapjamais-stabs-balts-peleks\/","title":{"rendered":"Petrebels Savannah 86 nagu skr\u0101pjamais stabs, balts\/pel\u0113ks"},"content":{"rendered":"","protected":false},"excerpt":{"rendered":"<p data-path-to-node=\"2\"><b data-path-to-node=\"2\" data-index-in-node=\"0\">\u012apa\u0161i iztur\u012bgs skr\u0101pjamais stabs ka\u0137iem.<\/b> Piem\u0113rots jebkura vecuma un izm\u0113ra ka\u0137iem. Ja mekl\u0113jat skr\u0101pjamo stabu, kas neapg\u0101\u017eas, Savannah 86 ir \u012bst\u0101 izv\u0113le! \u012apa\u0161i plat\u0101 pamatne notur stabu viet\u0101 pat visakt\u012bv\u0101k\u0101s skraid\u012b\u0161anas, k\u0101p\u0161anas un skr\u0101p\u0113\u0161anas laik\u0101. Produkts ir izstr\u0101d\u0101ts t\u0101, lai to dro\u0161i var\u0113tu izmantot ar\u012b smagie Meink\u016bni.<\/p>\n<blockquote data-path-to-node=\"3\">\n<p data-path-to-node=\"3,0\"><b data-path-to-node=\"3,0\" data-index-in-node=\"0\">Piev\u0113rsiet uzman\u012bbu:<\/b> Staba diametrs ir veseli <b data-path-to-node=\"3,0\" data-index-in-node=\"46\">20 cm<\/b>, kas padara skr\u0101p\u0113\u0161anu \u013coti \u0113rtu no jebkuras puses.<\/p>\n<\/blockquote>\n<hr data-path-to-node=\"4\" \/>\n<h3 data-path-to-node=\"5\">Galven\u0101 inform\u0101cija:<\/h3>\n<ul data-path-to-node=\"6\">\n<li>\n<p data-path-to-node=\"6,0,0\"><b data-path-to-node=\"6,0,0\" data-index-in-node=\"0\">Izm\u0113ri:<\/b> 50 x 50 x 86 cm.<\/p>\n<\/li>\n<li>\n<p data-path-to-node=\"6,1,0\"><b data-path-to-node=\"6,1,0\" data-index-in-node=\"0\">Stabilit\u0101te:<\/b> Piem\u0113rots Meink\u016bniem, Norv\u0113\u0123ijas me\u017ea ka\u0137iem un Ragdolliem.<\/p>\n<\/li>\n<li>\n<p data-path-to-node=\"6,2,0\"><b data-path-to-node=\"6,2,0\" data-index-in-node=\"0\">Dizains:<\/b> Balts tonis apvienojum\u0101 ar pel\u0113kas kr\u0101sas sizalu.<\/p>\n<\/li>\n<li>\n<p data-path-to-node=\"6,3,0\"><b data-path-to-node=\"6,3,0\" data-index-in-node=\"0\">Sizala biezums:<\/b> 6 mm.<\/p>\n<\/li>\n<\/ul>\n<h3 data-path-to-node=\"8\">K\u0101p\u0113c izv\u0113l\u0113ties Savannah 86?<\/h3>\n<p data-path-to-node=\"9\">\u0160is stabs nav tikai parasts aksesu\u0101rs \u2013 t\u0101 ir stabilit\u0101tes garantija. Pateicoties mas\u012bvajam diametram un smagajai pamatnei, tas kalpos ilgi pat vispras\u012bg\u0101kajiem ka\u0137u saimniekiem. Holandes kvalit\u0101te no <b data-path-to-node=\"9\" data-index-in-node=\"201\">PetRebels<\/b>.<\/p>\n","protected":false},"featured_media":56291,"template":"","meta":[],"product_brand":[],"product_cat":[573,585],"product_tag":[],"class_list":{"0":"post-56290","1":"product","2":"type-product","3":"status-publish","4":"has-post-thumbnail","6":"product_cat-kaup24-lv","7":"product_cat-mazi-skrapesanas-koki-petrebels","8":"product_shipping_class-pakiautomaati-sobimatu-lv","10":"first","11":"instock","12":"taxable","13":"shipping-taxable","14":"purchasable","15":"product-type-simple"},"yoast_head":"<!-- This site is optimized with the Yoast SEO plugin v27.4 - https:\/\/yoast.com\/product\/yoast-seo-wordpress\/ -->\n<title>Petrebels Savannah 86 nagu skr\u0101pjamais stabs, balts\/pel\u0113ks - MiuMjau<\/title>\n<meta name=\"robots\" content=\"index, follow, max-snippet:-1, max-image-preview:large, max-video-preview:-1\" \/>\n<link rel=\"canonical\" href=\"https:\/\/miumjau.ee\/lv\/produkts\/petrebels-savannah-86-nagu-skrapjamais-stabs-balts-peleks\/\" \/>\n<meta property=\"og:locale\" content=\"lv_LV\" \/>\n<meta property=\"og:type\" content=\"article\" \/>\n<meta property=\"og:title\" content=\"Petrebels Savannah 86 nagu skr\u0101pjamais stabs, balts\/pel\u0113ks - MiuMjau\" \/>\n<meta property=\"og:description\" content=\"\u012apa\u0161i iztur\u012bgs skr\u0101pjamais stabs ka\u0137iem. Piem\u0113rots jebkura vecuma un izm\u0113ra ka\u0137iem. Ja mekl\u0113jat skr\u0101pjamo stabu, kas neapg\u0101\u017eas, Savannah 86 ir \u012bst\u0101 izv\u0113le! \u012apa\u0161i plat\u0101 pamatne notur stabu viet\u0101 pat visakt\u012bv\u0101k\u0101s skraid\u012b\u0161anas, k\u0101p\u0161anas un skr\u0101p\u0113\u0161anas laik\u0101. Produkts ir izstr\u0101d\u0101ts t\u0101, lai to dro\u0161i var\u0113tu izmantot ar\u012b smagie Meink\u016bni.   Piev\u0113rsiet uzman\u012bbu: Staba diametrs ir veseli 20 cm, kas padara skr\u0101p\u0113\u0161anu \u013coti \u0113rtu no jebkuras puses.     Galven\u0101 inform\u0101cija:    Izm\u0113ri: 50 x 50 x 86 cm.    Stabilit\u0101te: Piem\u0113rots Meink\u016bniem, Norv\u0113\u0123ijas me\u017ea ka\u0137iem un Ragdolliem.    Dizains: Balts tonis apvienojum\u0101 ar pel\u0113kas kr\u0101sas sizalu.    Sizala biezums: 6 mm.   K\u0101p\u0113c izv\u0113l\u0113ties Savannah 86? \u0160is stabs nav tikai parasts aksesu\u0101rs \u2013 t\u0101 ir stabilit\u0101tes garantija. Pateicoties mas\u012bvajam diametram un smagajai pamatnei, tas kalpos ilgi pat vispras\u012bg\u0101kajiem ka\u0137u saimniekiem. Holandes kvalit\u0101te no PetRebels.\" \/>\n<meta property=\"og:url\" content=\"https:\/\/miumjau.ee\/lv\/produkts\/petrebels-savannah-86-nagu-skrapjamais-stabs-balts-peleks\/\" \/>\n<meta property=\"og:site_name\" content=\"MiuMjau\" \/>\n<meta property=\"article:publisher\" content=\"https:\/\/www.facebook.com\/miumjaupood\/\" \/>\n<meta property=\"og:image\" content=\"https:\/\/miumjau.ee\/wp-content\/uploads\/2023\/07\/savannah-86-valge-hall-kassi-kraapimispuu-2.jpg\" \/>\n\t<meta property=\"og:image:width\" content=\"600\" \/>\n\t<meta property=\"og:image:height\" content=\"800\" \/>\n\t<meta property=\"og:image:type\" content=\"image\/jpeg\" \/>\n<meta name=\"twitter:card\" content=\"summary_large_image\" \/>\n<script type=\"application\/ld+json\" class=\"yoast-schema-graph\">{\"@context\":\"https:\\\/\\\/schema.org\",\"@graph\":[{\"@type\":\"WebPage\",\"@id\":\"https:\\\/\\\/miumjau.ee\\\/lv\\\/produkts\\\/petrebels-savannah-86-nagu-skrapjamais-stabs-balts-peleks\\\/\",\"url\":\"https:\\\/\\\/miumjau.ee\\\/lv\\\/produkts\\\/petrebels-savannah-86-nagu-skrapjamais-stabs-balts-peleks\\\/\",\"name\":\"Petrebels Savannah 86 nagu skr\u0101pjamais stabs, balts\\\/pel\u0113ks - MiuMjau\",\"isPartOf\":{\"@id\":\"https:\\\/\\\/miumjau.ee\\\/#website\"},\"primaryImageOfPage\":{\"@id\":\"https:\\\/\\\/miumjau.ee\\\/lv\\\/produkts\\\/petrebels-savannah-86-nagu-skrapjamais-stabs-balts-peleks\\\/#primaryimage\"},\"image\":{\"@id\":\"https:\\\/\\\/miumjau.ee\\\/lv\\\/produkts\\\/petrebels-savannah-86-nagu-skrapjamais-stabs-balts-peleks\\\/#primaryimage\"},\"thumbnailUrl\":\"https:\\\/\\\/miumjau.ee\\\/wp-content\\\/uploads\\\/2023\\\/07\\\/savannah-86-valge-hall-kassi-kraapimispuu-2.jpg\",\"datePublished\":\"2023-07-25T17:32:44+00:00\",\"breadcrumb\":{\"@id\":\"https:\\\/\\\/miumjau.ee\\\/lv\\\/produkts\\\/petrebels-savannah-86-nagu-skrapjamais-stabs-balts-peleks\\\/#breadcrumb\"},\"inLanguage\":\"lv-LV\",\"potentialAction\":[{\"@type\":\"ReadAction\",\"target\":[\"https:\\\/\\\/miumjau.ee\\\/lv\\\/produkts\\\/petrebels-savannah-86-nagu-skrapjamais-stabs-balts-peleks\\\/\"]}]},{\"@type\":\"ImageObject\",\"inLanguage\":\"lv-LV\",\"@id\":\"https:\\\/\\\/miumjau.ee\\\/lv\\\/produkts\\\/petrebels-savannah-86-nagu-skrapjamais-stabs-balts-peleks\\\/#primaryimage\",\"url\":\"https:\\\/\\\/miumjau.ee\\\/wp-content\\\/uploads\\\/2023\\\/07\\\/savannah-86-valge-hall-kassi-kraapimispuu-2.jpg\",\"contentUrl\":\"https:\\\/\\\/miumjau.ee\\\/wp-content\\\/uploads\\\/2023\\\/07\\\/savannah-86-valge-hall-kassi-kraapimispuu-2.jpg\",\"width\":600,\"height\":800},{\"@type\":\"BreadcrumbList\",\"@id\":\"https:\\\/\\\/miumjau.ee\\\/lv\\\/produkts\\\/petrebels-savannah-86-nagu-skrapjamais-stabs-balts-peleks\\\/#breadcrumb\",\"itemListElement\":[{\"@type\":\"ListItem\",\"position\":1,\"name\":\"Home\",\"item\":\"https:\\\/\\\/miumjau.ee\\\/lv\\\/\"},{\"@type\":\"ListItem\",\"position\":2,\"name\":\"Veikals\",\"item\":\"https:\\\/\\\/miumjau.ee\\\/lv\\\/veikals\\\/\"},{\"@type\":\"ListItem\",\"position\":3,\"name\":\"Petrebels Savannah 86 nagu skr\u0101pjamais stabs, balts\\\/pel\u0113ks\"}]},{\"@type\":\"WebSite\",\"@id\":\"https:\\\/\\\/miumjau.ee\\\/#website\",\"url\":\"https:\\\/\\\/miumjau.ee\\\/\",\"name\":\"MiuMjau\",\"description\":\"Kraapimispuud kassidele\",\"publisher\":{\"@id\":\"https:\\\/\\\/miumjau.ee\\\/#organization\"},\"potentialAction\":[{\"@type\":\"SearchAction\",\"target\":{\"@type\":\"EntryPoint\",\"urlTemplate\":\"https:\\\/\\\/miumjau.ee\\\/?s={search_term_string}\"},\"query-input\":{\"@type\":\"PropertyValueSpecification\",\"valueRequired\":true,\"valueName\":\"search_term_string\"}}],\"inLanguage\":\"lv-LV\"},{\"@type\":\"Organization\",\"@id\":\"https:\\\/\\\/miumjau.ee\\\/#organization\",\"name\":\"MiuMjau O\u00dc\",\"url\":\"https:\\\/\\\/miumjau.ee\\\/\",\"logo\":{\"@type\":\"ImageObject\",\"inLanguage\":\"lv-LV\",\"@id\":\"https:\\\/\\\/miumjau.ee\\\/#\\\/schema\\\/logo\\\/image\\\/\",\"url\":\"https:\\\/\\\/miumjau.ee\\\/wp-content\\\/uploads\\\/2022\\\/04\\\/MiuMjau-logo-kollane.png\",\"contentUrl\":\"https:\\\/\\\/miumjau.ee\\\/wp-content\\\/uploads\\\/2022\\\/04\\\/MiuMjau-logo-kollane.png\",\"width\":219,\"height\":100,\"caption\":\"MiuMjau O\u00dc\"},\"image\":{\"@id\":\"https:\\\/\\\/miumjau.ee\\\/#\\\/schema\\\/logo\\\/image\\\/\"},\"sameAs\":[\"https:\\\/\\\/www.facebook.com\\\/miumjaupood\\\/\"]}]}<\/script>\n<!-- \/ Yoast SEO plugin. -->","yoast_head_json":{"title":"Petrebels Savannah 86 nagu skr\u0101pjamais stabs, balts\/pel\u0113ks - MiuMjau","robots":{"index":"index","follow":"follow","max-snippet":"max-snippet:-1","max-image-preview":"max-image-preview:large","max-video-preview":"max-video-preview:-1"},"canonical":"https:\/\/miumjau.ee\/lv\/produkts\/petrebels-savannah-86-nagu-skrapjamais-stabs-balts-peleks\/","og_locale":"lv_LV","og_type":"article","og_title":"Petrebels Savannah 86 nagu skr\u0101pjamais stabs, balts\/pel\u0113ks - MiuMjau","og_description":"\u012apa\u0161i iztur\u012bgs skr\u0101pjamais stabs ka\u0137iem. Piem\u0113rots jebkura vecuma un izm\u0113ra ka\u0137iem. Ja mekl\u0113jat skr\u0101pjamo stabu, kas neapg\u0101\u017eas, Savannah 86 ir \u012bst\u0101 izv\u0113le! \u012apa\u0161i plat\u0101 pamatne notur stabu viet\u0101 pat visakt\u012bv\u0101k\u0101s skraid\u012b\u0161anas, k\u0101p\u0161anas un skr\u0101p\u0113\u0161anas laik\u0101. Produkts ir izstr\u0101d\u0101ts t\u0101, lai to dro\u0161i var\u0113tu izmantot ar\u012b smagie Meink\u016bni.   Piev\u0113rsiet uzman\u012bbu: Staba diametrs ir veseli 20 cm, kas padara skr\u0101p\u0113\u0161anu \u013coti \u0113rtu no jebkuras puses.     Galven\u0101 inform\u0101cija:    Izm\u0113ri: 50 x 50 x 86 cm.    Stabilit\u0101te: Piem\u0113rots Meink\u016bniem, Norv\u0113\u0123ijas me\u017ea ka\u0137iem un Ragdolliem.    Dizains: Balts tonis apvienojum\u0101 ar pel\u0113kas kr\u0101sas sizalu.    Sizala biezums: 6 mm.   K\u0101p\u0113c izv\u0113l\u0113ties Savannah 86? \u0160is stabs nav tikai parasts aksesu\u0101rs \u2013 t\u0101 ir stabilit\u0101tes garantija. Pateicoties mas\u012bvajam diametram un smagajai pamatnei, tas kalpos ilgi pat vispras\u012bg\u0101kajiem ka\u0137u saimniekiem. Holandes kvalit\u0101te no PetRebels.","og_url":"https:\/\/miumjau.ee\/lv\/produkts\/petrebels-savannah-86-nagu-skrapjamais-stabs-balts-peleks\/","og_site_name":"MiuMjau","article_publisher":"https:\/\/www.facebook.com\/miumjaupood\/","og_image":[{"width":600,"height":800,"url":"https:\/\/miumjau.ee\/wp-content\/uploads\/2023\/07\/savannah-86-valge-hall-kassi-kraapimispuu-2.jpg","type":"image\/jpeg"}],"twitter_card":"summary_large_image","schema":{"@context":"https:\/\/schema.org","@graph":[{"@type":"WebPage","@id":"https:\/\/miumjau.ee\/lv\/produkts\/petrebels-savannah-86-nagu-skrapjamais-stabs-balts-peleks\/","url":"https:\/\/miumjau.ee\/lv\/produkts\/petrebels-savannah-86-nagu-skrapjamais-stabs-balts-peleks\/","name":"Petrebels Savannah 86 nagu skr\u0101pjamais stabs, balts\/pel\u0113ks - MiuMjau","isPartOf":{"@id":"https:\/\/miumjau.ee\/#website"},"primaryImageOfPage":{"@id":"https:\/\/miumjau.ee\/lv\/produkts\/petrebels-savannah-86-nagu-skrapjamais-stabs-balts-peleks\/#primaryimage"},"image":{"@id":"https:\/\/miumjau.ee\/lv\/produkts\/petrebels-savannah-86-nagu-skrapjamais-stabs-balts-peleks\/#primaryimage"},"thumbnailUrl":"https:\/\/miumjau.ee\/wp-content\/uploads\/2023\/07\/savannah-86-valge-hall-kassi-kraapimispuu-2.jpg","datePublished":"2023-07-25T17:32:44+00:00","breadcrumb":{"@id":"https:\/\/miumjau.ee\/lv\/produkts\/petrebels-savannah-86-nagu-skrapjamais-stabs-balts-peleks\/#breadcrumb"},"inLanguage":"lv-LV","potentialAction":[{"@type":"ReadAction","target":["https:\/\/miumjau.ee\/lv\/produkts\/petrebels-savannah-86-nagu-skrapjamais-stabs-balts-peleks\/"]}]},{"@type":"ImageObject","inLanguage":"lv-LV","@id":"https:\/\/miumjau.ee\/lv\/produkts\/petrebels-savannah-86-nagu-skrapjamais-stabs-balts-peleks\/#primaryimage","url":"https:\/\/miumjau.ee\/wp-content\/uploads\/2023\/07\/savannah-86-valge-hall-kassi-kraapimispuu-2.jpg","contentUrl":"https:\/\/miumjau.ee\/wp-content\/uploads\/2023\/07\/savannah-86-valge-hall-kassi-kraapimispuu-2.jpg","width":600,"height":800},{"@type":"BreadcrumbList","@id":"https:\/\/miumjau.ee\/lv\/produkts\/petrebels-savannah-86-nagu-skrapjamais-stabs-balts-peleks\/#breadcrumb","itemListElement":[{"@type":"ListItem","position":1,"name":"Home","item":"https:\/\/miumjau.ee\/lv\/"},{"@type":"ListItem","position":2,"name":"Veikals","item":"https:\/\/miumjau.ee\/lv\/veikals\/"},{"@type":"ListItem","position":3,"name":"Petrebels Savannah 86 nagu skr\u0101pjamais stabs, balts\/pel\u0113ks"}]},{"@type":"WebSite","@id":"https:\/\/miumjau.ee\/#website","url":"https:\/\/miumjau.ee\/","name":"MiuMjau","description":"Kraapimispuud kassidele","publisher":{"@id":"https:\/\/miumjau.ee\/#organization"},"potentialAction":[{"@type":"SearchAction","target":{"@type":"EntryPoint","urlTemplate":"https:\/\/miumjau.ee\/?s={search_term_string}"},"query-input":{"@type":"PropertyValueSpecification","valueRequired":true,"valueName":"search_term_string"}}],"inLanguage":"lv-LV"},{"@type":"Organization","@id":"https:\/\/miumjau.ee\/#organization","name":"MiuMjau O\u00dc","url":"https:\/\/miumjau.ee\/","logo":{"@type":"ImageObject","inLanguage":"lv-LV","@id":"https:\/\/miumjau.ee\/#\/schema\/logo\/image\/","url":"https:\/\/miumjau.ee\/wp-content\/uploads\/2022\/04\/MiuMjau-logo-kollane.png","contentUrl":"https:\/\/miumjau.ee\/wp-content\/uploads\/2022\/04\/MiuMjau-logo-kollane.png","width":219,"height":100,"caption":"MiuMjau O\u00dc"},"image":{"@id":"https:\/\/miumjau.ee\/#\/schema\/logo\/image\/"},"sameAs":["https:\/\/www.facebook.com\/miumjaupood\/"]}]}},"_links":{"self":[{"href":"https:\/\/miumjau.ee\/lv\/wp-json\/wp\/v2\/product\/56290","targetHints":{"allow":["GET"]}}],"collection":[{"href":"https:\/\/miumjau.ee\/lv\/wp-json\/wp\/v2\/product"}],"about":[{"href":"https:\/\/miumjau.ee\/lv\/wp-json\/wp\/v2\/types\/product"}],"wp:featuredmedia":[{"embeddable":true,"href":"https:\/\/miumjau.ee\/lv\/wp-json\/wp\/v2\/media\/56291"}],"wp:attachment":[{"href":"https:\/\/miumjau.ee\/lv\/wp-json\/wp\/v2\/media?parent=56290"}],"wp:term":[{"taxonomy":"product_brand","embeddable":true,"href":"https:\/\/miumjau.ee\/lv\/wp-json\/wp\/v2\/product_brand?post=56290"},{"taxonomy":"product_cat","embeddable":true,"href":"https:\/\/miumjau.ee\/lv\/wp-json\/wp\/v2\/product_cat?post=56290"},{"taxonomy":"product_tag","embeddable":true,"href":"https:\/\/miumjau.ee\/lv\/wp-json\/wp\/v2\/product_tag?post=56290"}],"curies":[{"name":"wp","href":"https:\/\/api.w.org\/{rel}","templated":true}]}}