{"id":56281,"date":"2023-07-21T07:11:46","date_gmt":"2023-07-21T04:11:46","guid":{"rendered":"https:\/\/miumjau.ee\/toode\/petrebels-lodge-107-nagu-skrapjamais-koks-kapucino\/"},"modified":"2023-07-21T07:11:46","modified_gmt":"2023-07-21T04:11:46","slug":"petrebels-lodge-107-nagu-skrapjamais-koks-kapucino","status":"publish","type":"product","link":"https:\/\/miumjau.ee\/lv\/produkts\/petrebels-lodge-107-nagu-skrapjamais-koks-kapucino\/","title":{"rendered":"Petrebels Lodge 107 nagu skr\u0101pjamais koks, kapu\u010d\u012bno"},"content":{"rendered":"","protected":false},"excerpt":{"rendered":"<p data-path-to-node=\"2\"><b data-path-to-node=\"2\" data-index-in-node=\"0\">Skr\u0101pjamais koks visu vecumu ka\u0137iem<\/b> \u2013 tas ir piem\u0113rots ka\u0137\u0113niem, vid\u0113ja izm\u0113ra ka\u0137iem, lieliem ka\u0137iem, k\u0101 ar\u012b vec\u0101ka gadag\u0101juma ka\u0137iem. M\u0101ji\u0146a ir iztur\u012bga, stabila, liela un ar m\u012bl\u012bgu dizainu, kas lieliski ieder\u0113sies jebkur\u0101 m\u0101jokl\u012b. Ka\u0137\u0113ni \u0161eit var izlikt visu savu ener\u0123iju, jo k\u0101p\u0161anas un skr\u0101p\u0113\u0161anas iesp\u0113jas ir bezgal\u012bgas. Pa\u0161\u0101 aug\u0161\u0101 atrodas \u012bpa\u0161i m\u012bksta gu\u013cvieta saldam miegam. Protams, atp\u016bsties var ar\u012b div\u0101s da\u017e\u0101d\u0101s m\u0101ji\u0146\u0101s. Apak\u0161\u0113j\u0101, \u013coti liel\u0101 m\u0101ji\u0146a ir atv\u0113rta, savuk\u0101rt aug\u0161\u0113j\u0101 m\u0101ji\u0146a ir no s\u0101niem sl\u0113gta \u2013 gad\u012bjumiem, kad ka\u0137is v\u0113las priv\u0101tumu.<\/p>\n<hr data-path-to-node=\"3\" \/>\n<h3 data-path-to-node=\"4\">Galven\u0101s \u012bpa\u0161\u012bbas:<\/h3>\n<ul data-path-to-node=\"5\">\n<li>\n<p data-path-to-node=\"5,0,0\"><b data-path-to-node=\"5,0,0\" data-index-in-node=\"0\">Iztur\u012bga virve:<\/b> Skr\u0101pjamajam kokam ir sp\u0113c\u012bga virve skr\u0101p\u0113\u0161anai un rota\u013c\u0101m!<\/p>\n<\/li>\n<li>\n<p data-path-to-node=\"5,1,0\"><b data-path-to-node=\"5,1,0\" data-index-in-node=\"0\">Kr\u0101sa:<\/b> Kapu\u010d\u012bno tonis ar dabiskas kr\u0101sas sizalu.<\/p>\n<\/li>\n<li>\n<p data-path-to-node=\"5,2,0\"><b data-path-to-node=\"5,2,0\" data-index-in-node=\"0\">Izm\u0113ri:<\/b> 59 x 59 x 107 cm (papildu izm\u0113rus skat\u012bt fotoatt\u0113l\u0101).<\/p>\n<\/li>\n<li>\n<p data-path-to-node=\"5,3,0\"><b data-path-to-node=\"5,3,0\" data-index-in-node=\"0\">Sizala biezums:<\/b> 6 mm.<\/p>\n<\/li>\n<\/ul>\n<h3 data-path-to-node=\"6\">Tehnisk\u0101 inform\u0101cija:<\/h3>\n<table data-path-to-node=\"7\">\n<thead>\n<tr>\n<td><strong>Parametrs<\/strong><\/td>\n<td><strong>Izm\u0113rs \/ Svars<\/strong><\/td>\n<\/tr>\n<\/thead>\n<tbody>\n<tr>\n<td><span data-path-to-node=\"7,1,0,0\"><b data-path-to-node=\"7,1,0,0\" data-index-in-node=\"0\">Iepakojuma izm\u0113ri<\/b><\/span><\/td>\n<td><span data-path-to-node=\"7,1,1,0\">62 x 62 x 35 cm<\/span><\/td>\n<\/tr>\n<tr>\n<td><span data-path-to-node=\"7,2,0,0\"><b data-path-to-node=\"7,2,0,0\" data-index-in-node=\"0\">Produkta svars<\/b><\/span><\/td>\n<td><span data-path-to-node=\"7,2,1,0\">25,55 kg<\/span><\/td>\n<\/tr>\n<tr>\n<td><span data-path-to-node=\"7,3,0,0\"><b data-path-to-node=\"7,3,0,0\" data-index-in-node=\"0\">Svars ar iepakojumu<\/b><\/span><\/td>\n<td><span data-path-to-node=\"7,3,1,0\">29,5 kg<\/span><\/td>\n<\/tr>\n<\/tbody>\n<\/table>\n<hr data-path-to-node=\"8\" \/>\n<p data-path-to-node=\"9\"><b data-path-to-node=\"9\" data-index-in-node=\"0\">Ra\u017eot\u0101js PetRebels, Holandes kvalit\u0101te.<\/b><\/p>\n<p data-path-to-node=\"9\">\u012apa\u0161i kvalitat\u012bvi un \u0113rti skr\u0101pjamie koki ka\u0137iem, kas kalpos gadiem ilgi un izdai\u013cos j\u016bsu m\u0101jokli. J\u016bsu ka\u0137is b\u016bs pateic\u012bgs!<\/p>\n","protected":false},"featured_media":56289,"template":"","meta":[],"product_brand":[],"product_cat":[573,585],"product_tag":[],"class_list":{"0":"post-56281","1":"product","2":"type-product","3":"status-publish","4":"has-post-thumbnail","6":"product_cat-kaup24-lv","7":"product_cat-mazi-skrapesanas-koki-petrebels","8":"product_shipping_class-pakiautomaati-sobimatu-lv","10":"first","11":"instock","12":"taxable","13":"shipping-taxable","14":"purchasable","15":"product-type-simple"},"yoast_head":"<!-- This site is optimized with the Yoast SEO plugin v27.4 - https:\/\/yoast.com\/product\/yoast-seo-wordpress\/ -->\n<title>Petrebels Lodge 107 nagu skr\u0101pjamais koks, kapu\u010d\u012bno - MiuMjau<\/title>\n<meta name=\"robots\" content=\"index, follow, max-snippet:-1, max-image-preview:large, max-video-preview:-1\" \/>\n<link rel=\"canonical\" href=\"https:\/\/miumjau.ee\/lv\/produkts\/petrebels-lodge-107-nagu-skrapjamais-koks-kapucino\/\" \/>\n<meta property=\"og:locale\" content=\"lv_LV\" \/>\n<meta property=\"og:type\" content=\"article\" \/>\n<meta property=\"og:title\" content=\"Petrebels Lodge 107 nagu skr\u0101pjamais koks, kapu\u010d\u012bno - MiuMjau\" \/>\n<meta property=\"og:description\" content=\"Skr\u0101pjamais koks visu vecumu ka\u0137iem \u2013 tas ir piem\u0113rots ka\u0137\u0113niem, vid\u0113ja izm\u0113ra ka\u0137iem, lieliem ka\u0137iem, k\u0101 ar\u012b vec\u0101ka gadag\u0101juma ka\u0137iem. M\u0101ji\u0146a ir iztur\u012bga, stabila, liela un ar m\u012bl\u012bgu dizainu, kas lieliski ieder\u0113sies jebkur\u0101 m\u0101jokl\u012b. Ka\u0137\u0113ni \u0161eit var izlikt visu savu ener\u0123iju, jo k\u0101p\u0161anas un skr\u0101p\u0113\u0161anas iesp\u0113jas ir bezgal\u012bgas. Pa\u0161\u0101 aug\u0161\u0101 atrodas \u012bpa\u0161i m\u012bksta gu\u013cvieta saldam miegam. Protams, atp\u016bsties var ar\u012b div\u0101s da\u017e\u0101d\u0101s m\u0101ji\u0146\u0101s. Apak\u0161\u0113j\u0101, \u013coti liel\u0101 m\u0101ji\u0146a ir atv\u0113rta, savuk\u0101rt aug\u0161\u0113j\u0101 m\u0101ji\u0146a ir no s\u0101niem sl\u0113gta \u2013 gad\u012bjumiem, kad ka\u0137is v\u0113las priv\u0101tumu.     Galven\u0101s \u012bpa\u0161\u012bbas:    Iztur\u012bga virve: Skr\u0101pjamajam kokam ir sp\u0113c\u012bga virve skr\u0101p\u0113\u0161anai un rota\u013c\u0101m!    Kr\u0101sa: Kapu\u010d\u012bno tonis ar dabiskas kr\u0101sas sizalu.    Izm\u0113ri: 59 x 59 x 107 cm (papildu izm\u0113rus skat\u012bt fotoatt\u0113l\u0101).    Sizala biezums: 6 mm.   Tehnisk\u0101 inform\u0101cija:    Parametrs Izm\u0113rs \/ Svars     Iepakojuma izm\u0113ri 62 x 62 x 35 cm   Produkta svars 25,55 kg   Svars ar iepakojumu 29,5 kg      Ra\u017eot\u0101js PetRebels, Holandes kvalit\u0101te. \u012apa\u0161i kvalitat\u012bvi un \u0113rti skr\u0101pjamie koki ka\u0137iem, kas kalpos gadiem ilgi un izdai\u013cos j\u016bsu m\u0101jokli. J\u016bsu ka\u0137is b\u016bs pateic\u012bgs!\" \/>\n<meta property=\"og:url\" content=\"https:\/\/miumjau.ee\/lv\/produkts\/petrebels-lodge-107-nagu-skrapjamais-koks-kapucino\/\" \/>\n<meta property=\"og:site_name\" content=\"MiuMjau\" \/>\n<meta property=\"article:publisher\" content=\"https:\/\/www.facebook.com\/miumjaupood\/\" \/>\n<meta property=\"og:image\" content=\"https:\/\/miumjau.ee\/wp-content\/uploads\/2023\/07\/Lodge107_cappuccino_kassi_kraapimispuu8.jpg\" \/>\n\t<meta property=\"og:image:width\" content=\"600\" \/>\n\t<meta property=\"og:image:height\" content=\"800\" \/>\n\t<meta property=\"og:image:type\" content=\"image\/jpeg\" \/>\n<meta name=\"twitter:card\" content=\"summary_large_image\" \/>\n<script type=\"application\/ld+json\" class=\"yoast-schema-graph\">{\"@context\":\"https:\\\/\\\/schema.org\",\"@graph\":[{\"@type\":\"WebPage\",\"@id\":\"https:\\\/\\\/miumjau.ee\\\/lv\\\/produkts\\\/petrebels-lodge-107-nagu-skrapjamais-koks-kapucino\\\/\",\"url\":\"https:\\\/\\\/miumjau.ee\\\/lv\\\/produkts\\\/petrebels-lodge-107-nagu-skrapjamais-koks-kapucino\\\/\",\"name\":\"Petrebels Lodge 107 nagu skr\u0101pjamais koks, kapu\u010d\u012bno - MiuMjau\",\"isPartOf\":{\"@id\":\"https:\\\/\\\/miumjau.ee\\\/#website\"},\"primaryImageOfPage\":{\"@id\":\"https:\\\/\\\/miumjau.ee\\\/lv\\\/produkts\\\/petrebels-lodge-107-nagu-skrapjamais-koks-kapucino\\\/#primaryimage\"},\"image\":{\"@id\":\"https:\\\/\\\/miumjau.ee\\\/lv\\\/produkts\\\/petrebels-lodge-107-nagu-skrapjamais-koks-kapucino\\\/#primaryimage\"},\"thumbnailUrl\":\"https:\\\/\\\/miumjau.ee\\\/wp-content\\\/uploads\\\/2023\\\/07\\\/Lodge107_cappuccino_kassi_kraapimispuu8.jpg\",\"datePublished\":\"2023-07-21T04:11:46+00:00\",\"breadcrumb\":{\"@id\":\"https:\\\/\\\/miumjau.ee\\\/lv\\\/produkts\\\/petrebels-lodge-107-nagu-skrapjamais-koks-kapucino\\\/#breadcrumb\"},\"inLanguage\":\"lv-LV\",\"potentialAction\":[{\"@type\":\"ReadAction\",\"target\":[\"https:\\\/\\\/miumjau.ee\\\/lv\\\/produkts\\\/petrebels-lodge-107-nagu-skrapjamais-koks-kapucino\\\/\"]}]},{\"@type\":\"ImageObject\",\"inLanguage\":\"lv-LV\",\"@id\":\"https:\\\/\\\/miumjau.ee\\\/lv\\\/produkts\\\/petrebels-lodge-107-nagu-skrapjamais-koks-kapucino\\\/#primaryimage\",\"url\":\"https:\\\/\\\/miumjau.ee\\\/wp-content\\\/uploads\\\/2023\\\/07\\\/Lodge107_cappuccino_kassi_kraapimispuu8.jpg\",\"contentUrl\":\"https:\\\/\\\/miumjau.ee\\\/wp-content\\\/uploads\\\/2023\\\/07\\\/Lodge107_cappuccino_kassi_kraapimispuu8.jpg\",\"width\":600,\"height\":800},{\"@type\":\"BreadcrumbList\",\"@id\":\"https:\\\/\\\/miumjau.ee\\\/lv\\\/produkts\\\/petrebels-lodge-107-nagu-skrapjamais-koks-kapucino\\\/#breadcrumb\",\"itemListElement\":[{\"@type\":\"ListItem\",\"position\":1,\"name\":\"Home\",\"item\":\"https:\\\/\\\/miumjau.ee\\\/lv\\\/\"},{\"@type\":\"ListItem\",\"position\":2,\"name\":\"Veikals\",\"item\":\"https:\\\/\\\/miumjau.ee\\\/lv\\\/veikals\\\/\"},{\"@type\":\"ListItem\",\"position\":3,\"name\":\"Petrebels Lodge 107 nagu skr\u0101pjamais koks, kapu\u010d\u012bno\"}]},{\"@type\":\"WebSite\",\"@id\":\"https:\\\/\\\/miumjau.ee\\\/#website\",\"url\":\"https:\\\/\\\/miumjau.ee\\\/\",\"name\":\"MiuMjau\",\"description\":\"Kraapimispuud kassidele\",\"publisher\":{\"@id\":\"https:\\\/\\\/miumjau.ee\\\/#organization\"},\"potentialAction\":[{\"@type\":\"SearchAction\",\"target\":{\"@type\":\"EntryPoint\",\"urlTemplate\":\"https:\\\/\\\/miumjau.ee\\\/?s={search_term_string}\"},\"query-input\":{\"@type\":\"PropertyValueSpecification\",\"valueRequired\":true,\"valueName\":\"search_term_string\"}}],\"inLanguage\":\"lv-LV\"},{\"@type\":\"Organization\",\"@id\":\"https:\\\/\\\/miumjau.ee\\\/#organization\",\"name\":\"MiuMjau O\u00dc\",\"url\":\"https:\\\/\\\/miumjau.ee\\\/\",\"logo\":{\"@type\":\"ImageObject\",\"inLanguage\":\"lv-LV\",\"@id\":\"https:\\\/\\\/miumjau.ee\\\/#\\\/schema\\\/logo\\\/image\\\/\",\"url\":\"https:\\\/\\\/miumjau.ee\\\/wp-content\\\/uploads\\\/2022\\\/04\\\/MiuMjau-logo-kollane.png\",\"contentUrl\":\"https:\\\/\\\/miumjau.ee\\\/wp-content\\\/uploads\\\/2022\\\/04\\\/MiuMjau-logo-kollane.png\",\"width\":219,\"height\":100,\"caption\":\"MiuMjau O\u00dc\"},\"image\":{\"@id\":\"https:\\\/\\\/miumjau.ee\\\/#\\\/schema\\\/logo\\\/image\\\/\"},\"sameAs\":[\"https:\\\/\\\/www.facebook.com\\\/miumjaupood\\\/\"]}]}<\/script>\n<!-- \/ Yoast SEO plugin. -->","yoast_head_json":{"title":"Petrebels Lodge 107 nagu skr\u0101pjamais koks, kapu\u010d\u012bno - MiuMjau","robots":{"index":"index","follow":"follow","max-snippet":"max-snippet:-1","max-image-preview":"max-image-preview:large","max-video-preview":"max-video-preview:-1"},"canonical":"https:\/\/miumjau.ee\/lv\/produkts\/petrebels-lodge-107-nagu-skrapjamais-koks-kapucino\/","og_locale":"lv_LV","og_type":"article","og_title":"Petrebels Lodge 107 nagu skr\u0101pjamais koks, kapu\u010d\u012bno - MiuMjau","og_description":"Skr\u0101pjamais koks visu vecumu ka\u0137iem \u2013 tas ir piem\u0113rots ka\u0137\u0113niem, vid\u0113ja izm\u0113ra ka\u0137iem, lieliem ka\u0137iem, k\u0101 ar\u012b vec\u0101ka gadag\u0101juma ka\u0137iem. M\u0101ji\u0146a ir iztur\u012bga, stabila, liela un ar m\u012bl\u012bgu dizainu, kas lieliski ieder\u0113sies jebkur\u0101 m\u0101jokl\u012b. Ka\u0137\u0113ni \u0161eit var izlikt visu savu ener\u0123iju, jo k\u0101p\u0161anas un skr\u0101p\u0113\u0161anas iesp\u0113jas ir bezgal\u012bgas. Pa\u0161\u0101 aug\u0161\u0101 atrodas \u012bpa\u0161i m\u012bksta gu\u013cvieta saldam miegam. Protams, atp\u016bsties var ar\u012b div\u0101s da\u017e\u0101d\u0101s m\u0101ji\u0146\u0101s. Apak\u0161\u0113j\u0101, \u013coti liel\u0101 m\u0101ji\u0146a ir atv\u0113rta, savuk\u0101rt aug\u0161\u0113j\u0101 m\u0101ji\u0146a ir no s\u0101niem sl\u0113gta \u2013 gad\u012bjumiem, kad ka\u0137is v\u0113las priv\u0101tumu.     Galven\u0101s \u012bpa\u0161\u012bbas:    Iztur\u012bga virve: Skr\u0101pjamajam kokam ir sp\u0113c\u012bga virve skr\u0101p\u0113\u0161anai un rota\u013c\u0101m!    Kr\u0101sa: Kapu\u010d\u012bno tonis ar dabiskas kr\u0101sas sizalu.    Izm\u0113ri: 59 x 59 x 107 cm (papildu izm\u0113rus skat\u012bt fotoatt\u0113l\u0101).    Sizala biezums: 6 mm.   Tehnisk\u0101 inform\u0101cija:    Parametrs Izm\u0113rs \/ Svars     Iepakojuma izm\u0113ri 62 x 62 x 35 cm   Produkta svars 25,55 kg   Svars ar iepakojumu 29,5 kg      Ra\u017eot\u0101js PetRebels, Holandes kvalit\u0101te. \u012apa\u0161i kvalitat\u012bvi un \u0113rti skr\u0101pjamie koki ka\u0137iem, kas kalpos gadiem ilgi un izdai\u013cos j\u016bsu m\u0101jokli. J\u016bsu ka\u0137is b\u016bs pateic\u012bgs!","og_url":"https:\/\/miumjau.ee\/lv\/produkts\/petrebels-lodge-107-nagu-skrapjamais-koks-kapucino\/","og_site_name":"MiuMjau","article_publisher":"https:\/\/www.facebook.com\/miumjaupood\/","og_image":[{"width":600,"height":800,"url":"https:\/\/miumjau.ee\/wp-content\/uploads\/2023\/07\/Lodge107_cappuccino_kassi_kraapimispuu8.jpg","type":"image\/jpeg"}],"twitter_card":"summary_large_image","schema":{"@context":"https:\/\/schema.org","@graph":[{"@type":"WebPage","@id":"https:\/\/miumjau.ee\/lv\/produkts\/petrebels-lodge-107-nagu-skrapjamais-koks-kapucino\/","url":"https:\/\/miumjau.ee\/lv\/produkts\/petrebels-lodge-107-nagu-skrapjamais-koks-kapucino\/","name":"Petrebels Lodge 107 nagu skr\u0101pjamais koks, kapu\u010d\u012bno - MiuMjau","isPartOf":{"@id":"https:\/\/miumjau.ee\/#website"},"primaryImageOfPage":{"@id":"https:\/\/miumjau.ee\/lv\/produkts\/petrebels-lodge-107-nagu-skrapjamais-koks-kapucino\/#primaryimage"},"image":{"@id":"https:\/\/miumjau.ee\/lv\/produkts\/petrebels-lodge-107-nagu-skrapjamais-koks-kapucino\/#primaryimage"},"thumbnailUrl":"https:\/\/miumjau.ee\/wp-content\/uploads\/2023\/07\/Lodge107_cappuccino_kassi_kraapimispuu8.jpg","datePublished":"2023-07-21T04:11:46+00:00","breadcrumb":{"@id":"https:\/\/miumjau.ee\/lv\/produkts\/petrebels-lodge-107-nagu-skrapjamais-koks-kapucino\/#breadcrumb"},"inLanguage":"lv-LV","potentialAction":[{"@type":"ReadAction","target":["https:\/\/miumjau.ee\/lv\/produkts\/petrebels-lodge-107-nagu-skrapjamais-koks-kapucino\/"]}]},{"@type":"ImageObject","inLanguage":"lv-LV","@id":"https:\/\/miumjau.ee\/lv\/produkts\/petrebels-lodge-107-nagu-skrapjamais-koks-kapucino\/#primaryimage","url":"https:\/\/miumjau.ee\/wp-content\/uploads\/2023\/07\/Lodge107_cappuccino_kassi_kraapimispuu8.jpg","contentUrl":"https:\/\/miumjau.ee\/wp-content\/uploads\/2023\/07\/Lodge107_cappuccino_kassi_kraapimispuu8.jpg","width":600,"height":800},{"@type":"BreadcrumbList","@id":"https:\/\/miumjau.ee\/lv\/produkts\/petrebels-lodge-107-nagu-skrapjamais-koks-kapucino\/#breadcrumb","itemListElement":[{"@type":"ListItem","position":1,"name":"Home","item":"https:\/\/miumjau.ee\/lv\/"},{"@type":"ListItem","position":2,"name":"Veikals","item":"https:\/\/miumjau.ee\/lv\/veikals\/"},{"@type":"ListItem","position":3,"name":"Petrebels Lodge 107 nagu skr\u0101pjamais koks, kapu\u010d\u012bno"}]},{"@type":"WebSite","@id":"https:\/\/miumjau.ee\/#website","url":"https:\/\/miumjau.ee\/","name":"MiuMjau","description":"Kraapimispuud kassidele","publisher":{"@id":"https:\/\/miumjau.ee\/#organization"},"potentialAction":[{"@type":"SearchAction","target":{"@type":"EntryPoint","urlTemplate":"https:\/\/miumjau.ee\/?s={search_term_string}"},"query-input":{"@type":"PropertyValueSpecification","valueRequired":true,"valueName":"search_term_string"}}],"inLanguage":"lv-LV"},{"@type":"Organization","@id":"https:\/\/miumjau.ee\/#organization","name":"MiuMjau O\u00dc","url":"https:\/\/miumjau.ee\/","logo":{"@type":"ImageObject","inLanguage":"lv-LV","@id":"https:\/\/miumjau.ee\/#\/schema\/logo\/image\/","url":"https:\/\/miumjau.ee\/wp-content\/uploads\/2022\/04\/MiuMjau-logo-kollane.png","contentUrl":"https:\/\/miumjau.ee\/wp-content\/uploads\/2022\/04\/MiuMjau-logo-kollane.png","width":219,"height":100,"caption":"MiuMjau O\u00dc"},"image":{"@id":"https:\/\/miumjau.ee\/#\/schema\/logo\/image\/"},"sameAs":["https:\/\/www.facebook.com\/miumjaupood\/"]}]}},"_links":{"self":[{"href":"https:\/\/miumjau.ee\/lv\/wp-json\/wp\/v2\/product\/56281","targetHints":{"allow":["GET"]}}],"collection":[{"href":"https:\/\/miumjau.ee\/lv\/wp-json\/wp\/v2\/product"}],"about":[{"href":"https:\/\/miumjau.ee\/lv\/wp-json\/wp\/v2\/types\/product"}],"wp:featuredmedia":[{"embeddable":true,"href":"https:\/\/miumjau.ee\/lv\/wp-json\/wp\/v2\/media\/56289"}],"wp:attachment":[{"href":"https:\/\/miumjau.ee\/lv\/wp-json\/wp\/v2\/media?parent=56281"}],"wp:term":[{"taxonomy":"product_brand","embeddable":true,"href":"https:\/\/miumjau.ee\/lv\/wp-json\/wp\/v2\/product_brand?post=56281"},{"taxonomy":"product_cat","embeddable":true,"href":"https:\/\/miumjau.ee\/lv\/wp-json\/wp\/v2\/product_cat?post=56281"},{"taxonomy":"product_tag","embeddable":true,"href":"https:\/\/miumjau.ee\/lv\/wp-json\/wp\/v2\/product_tag?post=56281"}],"curies":[{"name":"wp","href":"https:\/\/api.w.org\/{rel}","templated":true}]}}