{"id":56271,"date":"2023-07-20T10:38:37","date_gmt":"2023-07-20T07:38:37","guid":{"rendered":"https:\/\/miumjau.ee\/toode\/kaku-skrapejamais-koks-petrebels-victoria-125-peleks\/"},"modified":"2023-07-20T10:38:37","modified_gmt":"2023-07-20T07:38:37","slug":"kaku-skrapejamais-koks-petrebels-victoria-125-peleks","status":"publish","type":"product","link":"https:\/\/miumjau.ee\/lv\/produkts\/kaku-skrapejamais-koks-petrebels-victoria-125-peleks\/","title":{"rendered":"Ka\u0137u skr\u0101p\u0113jamais koks Petrebels Victoria 125, pel\u0113ks"},"content":{"rendered":"","protected":false},"excerpt":{"rendered":"<p data-start=\"59\" data-end=\"458\">Skr\u0101p\u0113jamais koks ka\u0137iem jebkur\u0101 vecum\u0101, tas ir piem\u0113rots ka\u0137\u0113niem, vid\u0113ja izm\u0113ra ka\u0137iem, lieliem ka\u0137iem un ar\u012b vec\u0101kiem ka\u0137iem. Aiz\u0146em maz vietas! Stabi ir stipri un jaud\u012bgi ar 12 cm diametru, un platformas ir p\u0101rkl\u0101tas ar \u012bpa\u0161i m\u012bkstu pl\u012b\u0161u. \u0160eit ir viss nepiecie\u0161amais ka\u0137im \u2013 vieta, kur skr\u0101p\u0113t, divas aug\u0161pus\u0113 eso\u0161as gu\u013cvietas laiskai atp\u016btai, rota\u013cu tunelis un ar\u012b m\u012b\u013ca m\u0101ji\u0146a, kur pasl\u0113pties.<\/p>\n<p data-start=\"460\" data-end=\"831\">Gan pl\u012b\u0161s, gan skr\u0101p\u0113jamais sizals ir vienm\u0113r\u012bgi kr\u0113mkr\u0101sas ton\u012b. NB: M\u0101ji\u0146\u0101 eso\u0161ais m\u012bkstais pakl\u0101ji\u0146\u0161 ir mazg\u0101jams.<br data-start=\"577\" data-end=\"580\" \/>Izm\u0113ri: garums 48.5 cm, platums 48.5 cm un augstums 125 cm.<br data-start=\"639\" data-end=\"642\" \/>Aug\u0161pus\u0113 eso\u0161\u0101s gu\u013cvietas ir 40 x 40 cm un 20 cm augstas (pietiekami augstas, lai ka\u0137i ar\u012b gu\u013cot neizkristu).<br data-start=\"751\" data-end=\"754\" \/>Pa\u0161\u0101 apak\u0161\u0101 eso\u0161\u0101 m\u0101ji\u0146a 40 x 40 cm un augstums 30 cm.<br data-start=\"808\" data-end=\"811\" data-is-only-node=\"\" \/>Sizala biezums 6 mm.<\/p>\n<p data-start=\"833\" data-end=\"930\">Skatieties \u0161eit 3D foto<br data-start=\"856\" data-end=\"859\" \/>Skatieties \u0161eit \u012bsu un p\u0101rskat\u0101mu video ar \u012bsto produktu kop\u0101 ar ka\u0137iem<\/p>\n<p data-start=\"932\" data-end=\"1026\">Iepakojuma izm\u0113ri 54 x 54 x 62 cm<br data-start=\"965\" data-end=\"968\" \/>Produkta svars 22 kg<br data-start=\"988\" data-end=\"991\" \/>Produkta svars ar iepakojumu 24 kg.<\/p>\n<p data-start=\"1028\" data-end=\"1198\" data-is-last-node=\"\" data-is-only-node=\"\">Uzreiz pieejams!<br data-start=\"1044\" data-end=\"1047\" \/>Ra\u017eot\u0101js PetRebels, Holandes kvalit\u0101te. \u013boti kvalitat\u012bvi un \u0113rti skr\u0101p\u0113jamie koki ka\u0137iem, kas kalpo gadiem un rot\u0101 j\u016bsu m\u0101ju. J\u016bsu ka\u0137is b\u016bs pateic\u012bgs!<\/p>\n","protected":false},"featured_media":56279,"template":"","meta":[],"product_brand":[],"product_cat":[573,582],"product_tag":[],"class_list":{"0":"post-56271","1":"product","2":"type-product","3":"status-publish","4":"has-post-thumbnail","6":"product_cat-kaup24-lv","7":"product_cat-videji-skrapesanas-koki-petrebels","8":"product_shipping_class-pakiautomaati-sobimatu-lv","10":"first","11":"instock","12":"taxable","13":"shipping-taxable","14":"purchasable","15":"product-type-simple"},"yoast_head":"<!-- This site is optimized with the Yoast SEO plugin v27.4 - https:\/\/yoast.com\/product\/yoast-seo-wordpress\/ -->\n<title>Ka\u0137u skr\u0101p\u0113jamais koks Petrebels Victoria 125, pel\u0113ks - MiuMjau<\/title>\n<meta name=\"robots\" content=\"index, follow, max-snippet:-1, max-image-preview:large, max-video-preview:-1\" \/>\n<link rel=\"canonical\" href=\"https:\/\/miumjau.ee\/lv\/produkts\/kaku-skrapejamais-koks-petrebels-victoria-125-peleks\/\" \/>\n<meta property=\"og:locale\" content=\"lv_LV\" \/>\n<meta property=\"og:type\" content=\"article\" \/>\n<meta property=\"og:title\" content=\"Ka\u0137u skr\u0101p\u0113jamais koks Petrebels Victoria 125, pel\u0113ks - MiuMjau\" \/>\n<meta property=\"og:description\" content=\"Skr\u0101p\u0113jamais koks ka\u0137iem jebkur\u0101 vecum\u0101, tas ir piem\u0113rots ka\u0137\u0113niem, vid\u0113ja izm\u0113ra ka\u0137iem, lieliem ka\u0137iem un ar\u012b vec\u0101kiem ka\u0137iem. Aiz\u0146em maz vietas! Stabi ir stipri un jaud\u012bgi ar 12 cm diametru, un platformas ir p\u0101rkl\u0101tas ar \u012bpa\u0161i m\u012bkstu pl\u012b\u0161u. \u0160eit ir viss nepiecie\u0161amais ka\u0137im \u2013 vieta, kur skr\u0101p\u0113t, divas aug\u0161pus\u0113 eso\u0161as gu\u013cvietas laiskai atp\u016btai, rota\u013cu tunelis un ar\u012b m\u012b\u013ca m\u0101ji\u0146a, kur pasl\u0113pties. Gan pl\u012b\u0161s, gan skr\u0101p\u0113jamais sizals ir vienm\u0113r\u012bgi kr\u0113mkr\u0101sas ton\u012b. NB: M\u0101ji\u0146\u0101 eso\u0161ais m\u012bkstais pakl\u0101ji\u0146\u0161 ir mazg\u0101jams.Izm\u0113ri: garums 48.5 cm, platums 48.5 cm un augstums 125 cm.Aug\u0161pus\u0113 eso\u0161\u0101s gu\u013cvietas ir 40 x 40 cm un 20 cm augstas (pietiekami augstas, lai ka\u0137i ar\u012b gu\u013cot neizkristu).Pa\u0161\u0101 apak\u0161\u0101 eso\u0161\u0101 m\u0101ji\u0146a 40 x 40 cm un augstums 30 cm.Sizala biezums 6 mm. Skatieties \u0161eit 3D fotoSkatieties \u0161eit \u012bsu un p\u0101rskat\u0101mu video ar \u012bsto produktu kop\u0101 ar ka\u0137iem Iepakojuma izm\u0113ri 54 x 54 x 62 cmProdukta svars 22 kgProdukta svars ar iepakojumu 24 kg. Uzreiz pieejams!Ra\u017eot\u0101js PetRebels, Holandes kvalit\u0101te. \u013boti kvalitat\u012bvi un \u0113rti skr\u0101p\u0113jamie koki ka\u0137iem, kas kalpo gadiem un rot\u0101 j\u016bsu m\u0101ju. J\u016bsu ka\u0137is b\u016bs pateic\u012bgs!\" \/>\n<meta property=\"og:url\" content=\"https:\/\/miumjau.ee\/lv\/produkts\/kaku-skrapejamais-koks-petrebels-victoria-125-peleks\/\" \/>\n<meta property=\"og:site_name\" content=\"MiuMjau\" \/>\n<meta property=\"article:publisher\" content=\"https:\/\/www.facebook.com\/miumjaupood\/\" \/>\n<meta property=\"og:image\" content=\"https:\/\/miumjau.ee\/wp-content\/uploads\/2023\/07\/victoria_125_hall_kassi_kraapimispuu13.jpg\" \/>\n\t<meta property=\"og:image:width\" content=\"600\" \/>\n\t<meta property=\"og:image:height\" content=\"800\" \/>\n\t<meta property=\"og:image:type\" content=\"image\/jpeg\" \/>\n<meta name=\"twitter:card\" content=\"summary_large_image\" \/>\n<script type=\"application\/ld+json\" class=\"yoast-schema-graph\">{\"@context\":\"https:\\\/\\\/schema.org\",\"@graph\":[{\"@type\":\"WebPage\",\"@id\":\"https:\\\/\\\/miumjau.ee\\\/lv\\\/produkts\\\/kaku-skrapejamais-koks-petrebels-victoria-125-peleks\\\/\",\"url\":\"https:\\\/\\\/miumjau.ee\\\/lv\\\/produkts\\\/kaku-skrapejamais-koks-petrebels-victoria-125-peleks\\\/\",\"name\":\"Ka\u0137u skr\u0101p\u0113jamais koks Petrebels Victoria 125, pel\u0113ks - MiuMjau\",\"isPartOf\":{\"@id\":\"https:\\\/\\\/miumjau.ee\\\/#website\"},\"primaryImageOfPage\":{\"@id\":\"https:\\\/\\\/miumjau.ee\\\/lv\\\/produkts\\\/kaku-skrapejamais-koks-petrebels-victoria-125-peleks\\\/#primaryimage\"},\"image\":{\"@id\":\"https:\\\/\\\/miumjau.ee\\\/lv\\\/produkts\\\/kaku-skrapejamais-koks-petrebels-victoria-125-peleks\\\/#primaryimage\"},\"thumbnailUrl\":\"https:\\\/\\\/miumjau.ee\\\/wp-content\\\/uploads\\\/2023\\\/07\\\/victoria_125_hall_kassi_kraapimispuu13.jpg\",\"datePublished\":\"2023-07-20T07:38:37+00:00\",\"breadcrumb\":{\"@id\":\"https:\\\/\\\/miumjau.ee\\\/lv\\\/produkts\\\/kaku-skrapejamais-koks-petrebels-victoria-125-peleks\\\/#breadcrumb\"},\"inLanguage\":\"lv-LV\",\"potentialAction\":[{\"@type\":\"ReadAction\",\"target\":[\"https:\\\/\\\/miumjau.ee\\\/lv\\\/produkts\\\/kaku-skrapejamais-koks-petrebels-victoria-125-peleks\\\/\"]}]},{\"@type\":\"ImageObject\",\"inLanguage\":\"lv-LV\",\"@id\":\"https:\\\/\\\/miumjau.ee\\\/lv\\\/produkts\\\/kaku-skrapejamais-koks-petrebels-victoria-125-peleks\\\/#primaryimage\",\"url\":\"https:\\\/\\\/miumjau.ee\\\/wp-content\\\/uploads\\\/2023\\\/07\\\/victoria_125_hall_kassi_kraapimispuu13.jpg\",\"contentUrl\":\"https:\\\/\\\/miumjau.ee\\\/wp-content\\\/uploads\\\/2023\\\/07\\\/victoria_125_hall_kassi_kraapimispuu13.jpg\",\"width\":600,\"height\":800},{\"@type\":\"BreadcrumbList\",\"@id\":\"https:\\\/\\\/miumjau.ee\\\/lv\\\/produkts\\\/kaku-skrapejamais-koks-petrebels-victoria-125-peleks\\\/#breadcrumb\",\"itemListElement\":[{\"@type\":\"ListItem\",\"position\":1,\"name\":\"Home\",\"item\":\"https:\\\/\\\/miumjau.ee\\\/lv\\\/\"},{\"@type\":\"ListItem\",\"position\":2,\"name\":\"Veikals\",\"item\":\"https:\\\/\\\/miumjau.ee\\\/lv\\\/veikals\\\/\"},{\"@type\":\"ListItem\",\"position\":3,\"name\":\"Ka\u0137u skr\u0101p\u0113jamais koks Petrebels Victoria 125, pel\u0113ks\"}]},{\"@type\":\"WebSite\",\"@id\":\"https:\\\/\\\/miumjau.ee\\\/#website\",\"url\":\"https:\\\/\\\/miumjau.ee\\\/\",\"name\":\"MiuMjau\",\"description\":\"Kraapimispuud kassidele\",\"publisher\":{\"@id\":\"https:\\\/\\\/miumjau.ee\\\/#organization\"},\"potentialAction\":[{\"@type\":\"SearchAction\",\"target\":{\"@type\":\"EntryPoint\",\"urlTemplate\":\"https:\\\/\\\/miumjau.ee\\\/?s={search_term_string}\"},\"query-input\":{\"@type\":\"PropertyValueSpecification\",\"valueRequired\":true,\"valueName\":\"search_term_string\"}}],\"inLanguage\":\"lv-LV\"},{\"@type\":\"Organization\",\"@id\":\"https:\\\/\\\/miumjau.ee\\\/#organization\",\"name\":\"MiuMjau O\u00dc\",\"url\":\"https:\\\/\\\/miumjau.ee\\\/\",\"logo\":{\"@type\":\"ImageObject\",\"inLanguage\":\"lv-LV\",\"@id\":\"https:\\\/\\\/miumjau.ee\\\/#\\\/schema\\\/logo\\\/image\\\/\",\"url\":\"https:\\\/\\\/miumjau.ee\\\/wp-content\\\/uploads\\\/2022\\\/04\\\/MiuMjau-logo-kollane.png\",\"contentUrl\":\"https:\\\/\\\/miumjau.ee\\\/wp-content\\\/uploads\\\/2022\\\/04\\\/MiuMjau-logo-kollane.png\",\"width\":219,\"height\":100,\"caption\":\"MiuMjau O\u00dc\"},\"image\":{\"@id\":\"https:\\\/\\\/miumjau.ee\\\/#\\\/schema\\\/logo\\\/image\\\/\"},\"sameAs\":[\"https:\\\/\\\/www.facebook.com\\\/miumjaupood\\\/\"]}]}<\/script>\n<!-- \/ Yoast SEO plugin. -->","yoast_head_json":{"title":"Ka\u0137u skr\u0101p\u0113jamais koks Petrebels Victoria 125, pel\u0113ks - MiuMjau","robots":{"index":"index","follow":"follow","max-snippet":"max-snippet:-1","max-image-preview":"max-image-preview:large","max-video-preview":"max-video-preview:-1"},"canonical":"https:\/\/miumjau.ee\/lv\/produkts\/kaku-skrapejamais-koks-petrebels-victoria-125-peleks\/","og_locale":"lv_LV","og_type":"article","og_title":"Ka\u0137u skr\u0101p\u0113jamais koks Petrebels Victoria 125, pel\u0113ks - MiuMjau","og_description":"Skr\u0101p\u0113jamais koks ka\u0137iem jebkur\u0101 vecum\u0101, tas ir piem\u0113rots ka\u0137\u0113niem, vid\u0113ja izm\u0113ra ka\u0137iem, lieliem ka\u0137iem un ar\u012b vec\u0101kiem ka\u0137iem. Aiz\u0146em maz vietas! Stabi ir stipri un jaud\u012bgi ar 12 cm diametru, un platformas ir p\u0101rkl\u0101tas ar \u012bpa\u0161i m\u012bkstu pl\u012b\u0161u. \u0160eit ir viss nepiecie\u0161amais ka\u0137im \u2013 vieta, kur skr\u0101p\u0113t, divas aug\u0161pus\u0113 eso\u0161as gu\u013cvietas laiskai atp\u016btai, rota\u013cu tunelis un ar\u012b m\u012b\u013ca m\u0101ji\u0146a, kur pasl\u0113pties. Gan pl\u012b\u0161s, gan skr\u0101p\u0113jamais sizals ir vienm\u0113r\u012bgi kr\u0113mkr\u0101sas ton\u012b. NB: M\u0101ji\u0146\u0101 eso\u0161ais m\u012bkstais pakl\u0101ji\u0146\u0161 ir mazg\u0101jams.Izm\u0113ri: garums 48.5 cm, platums 48.5 cm un augstums 125 cm.Aug\u0161pus\u0113 eso\u0161\u0101s gu\u013cvietas ir 40 x 40 cm un 20 cm augstas (pietiekami augstas, lai ka\u0137i ar\u012b gu\u013cot neizkristu).Pa\u0161\u0101 apak\u0161\u0101 eso\u0161\u0101 m\u0101ji\u0146a 40 x 40 cm un augstums 30 cm.Sizala biezums 6 mm. Skatieties \u0161eit 3D fotoSkatieties \u0161eit \u012bsu un p\u0101rskat\u0101mu video ar \u012bsto produktu kop\u0101 ar ka\u0137iem Iepakojuma izm\u0113ri 54 x 54 x 62 cmProdukta svars 22 kgProdukta svars ar iepakojumu 24 kg. Uzreiz pieejams!Ra\u017eot\u0101js PetRebels, Holandes kvalit\u0101te. \u013boti kvalitat\u012bvi un \u0113rti skr\u0101p\u0113jamie koki ka\u0137iem, kas kalpo gadiem un rot\u0101 j\u016bsu m\u0101ju. J\u016bsu ka\u0137is b\u016bs pateic\u012bgs!","og_url":"https:\/\/miumjau.ee\/lv\/produkts\/kaku-skrapejamais-koks-petrebels-victoria-125-peleks\/","og_site_name":"MiuMjau","article_publisher":"https:\/\/www.facebook.com\/miumjaupood\/","og_image":[{"width":600,"height":800,"url":"https:\/\/miumjau.ee\/wp-content\/uploads\/2023\/07\/victoria_125_hall_kassi_kraapimispuu13.jpg","type":"image\/jpeg"}],"twitter_card":"summary_large_image","schema":{"@context":"https:\/\/schema.org","@graph":[{"@type":"WebPage","@id":"https:\/\/miumjau.ee\/lv\/produkts\/kaku-skrapejamais-koks-petrebels-victoria-125-peleks\/","url":"https:\/\/miumjau.ee\/lv\/produkts\/kaku-skrapejamais-koks-petrebels-victoria-125-peleks\/","name":"Ka\u0137u skr\u0101p\u0113jamais koks Petrebels Victoria 125, pel\u0113ks - MiuMjau","isPartOf":{"@id":"https:\/\/miumjau.ee\/#website"},"primaryImageOfPage":{"@id":"https:\/\/miumjau.ee\/lv\/produkts\/kaku-skrapejamais-koks-petrebels-victoria-125-peleks\/#primaryimage"},"image":{"@id":"https:\/\/miumjau.ee\/lv\/produkts\/kaku-skrapejamais-koks-petrebels-victoria-125-peleks\/#primaryimage"},"thumbnailUrl":"https:\/\/miumjau.ee\/wp-content\/uploads\/2023\/07\/victoria_125_hall_kassi_kraapimispuu13.jpg","datePublished":"2023-07-20T07:38:37+00:00","breadcrumb":{"@id":"https:\/\/miumjau.ee\/lv\/produkts\/kaku-skrapejamais-koks-petrebels-victoria-125-peleks\/#breadcrumb"},"inLanguage":"lv-LV","potentialAction":[{"@type":"ReadAction","target":["https:\/\/miumjau.ee\/lv\/produkts\/kaku-skrapejamais-koks-petrebels-victoria-125-peleks\/"]}]},{"@type":"ImageObject","inLanguage":"lv-LV","@id":"https:\/\/miumjau.ee\/lv\/produkts\/kaku-skrapejamais-koks-petrebels-victoria-125-peleks\/#primaryimage","url":"https:\/\/miumjau.ee\/wp-content\/uploads\/2023\/07\/victoria_125_hall_kassi_kraapimispuu13.jpg","contentUrl":"https:\/\/miumjau.ee\/wp-content\/uploads\/2023\/07\/victoria_125_hall_kassi_kraapimispuu13.jpg","width":600,"height":800},{"@type":"BreadcrumbList","@id":"https:\/\/miumjau.ee\/lv\/produkts\/kaku-skrapejamais-koks-petrebels-victoria-125-peleks\/#breadcrumb","itemListElement":[{"@type":"ListItem","position":1,"name":"Home","item":"https:\/\/miumjau.ee\/lv\/"},{"@type":"ListItem","position":2,"name":"Veikals","item":"https:\/\/miumjau.ee\/lv\/veikals\/"},{"@type":"ListItem","position":3,"name":"Ka\u0137u skr\u0101p\u0113jamais koks Petrebels Victoria 125, pel\u0113ks"}]},{"@type":"WebSite","@id":"https:\/\/miumjau.ee\/#website","url":"https:\/\/miumjau.ee\/","name":"MiuMjau","description":"Kraapimispuud kassidele","publisher":{"@id":"https:\/\/miumjau.ee\/#organization"},"potentialAction":[{"@type":"SearchAction","target":{"@type":"EntryPoint","urlTemplate":"https:\/\/miumjau.ee\/?s={search_term_string}"},"query-input":{"@type":"PropertyValueSpecification","valueRequired":true,"valueName":"search_term_string"}}],"inLanguage":"lv-LV"},{"@type":"Organization","@id":"https:\/\/miumjau.ee\/#organization","name":"MiuMjau O\u00dc","url":"https:\/\/miumjau.ee\/","logo":{"@type":"ImageObject","inLanguage":"lv-LV","@id":"https:\/\/miumjau.ee\/#\/schema\/logo\/image\/","url":"https:\/\/miumjau.ee\/wp-content\/uploads\/2022\/04\/MiuMjau-logo-kollane.png","contentUrl":"https:\/\/miumjau.ee\/wp-content\/uploads\/2022\/04\/MiuMjau-logo-kollane.png","width":219,"height":100,"caption":"MiuMjau O\u00dc"},"image":{"@id":"https:\/\/miumjau.ee\/#\/schema\/logo\/image\/"},"sameAs":["https:\/\/www.facebook.com\/miumjaupood\/"]}]}},"_links":{"self":[{"href":"https:\/\/miumjau.ee\/lv\/wp-json\/wp\/v2\/product\/56271","targetHints":{"allow":["GET"]}}],"collection":[{"href":"https:\/\/miumjau.ee\/lv\/wp-json\/wp\/v2\/product"}],"about":[{"href":"https:\/\/miumjau.ee\/lv\/wp-json\/wp\/v2\/types\/product"}],"wp:featuredmedia":[{"embeddable":true,"href":"https:\/\/miumjau.ee\/lv\/wp-json\/wp\/v2\/media\/56279"}],"wp:attachment":[{"href":"https:\/\/miumjau.ee\/lv\/wp-json\/wp\/v2\/media?parent=56271"}],"wp:term":[{"taxonomy":"product_brand","embeddable":true,"href":"https:\/\/miumjau.ee\/lv\/wp-json\/wp\/v2\/product_brand?post=56271"},{"taxonomy":"product_cat","embeddable":true,"href":"https:\/\/miumjau.ee\/lv\/wp-json\/wp\/v2\/product_cat?post=56271"},{"taxonomy":"product_tag","embeddable":true,"href":"https:\/\/miumjau.ee\/lv\/wp-json\/wp\/v2\/product_tag?post=56271"}],"curies":[{"name":"wp","href":"https:\/\/api.w.org\/{rel}","templated":true}]}}