{"id":56243,"date":"2023-02-18T17:31:25","date_gmt":"2023-02-18T15:31:25","guid":{"rendered":"https:\/\/miumjau.ee\/toode\/kaku-kapsanas-koks-18007-170cm\/"},"modified":"2023-02-18T17:31:25","modified_gmt":"2023-02-18T15:31:25","slug":"kaku-kapsanas-koks-18007-170cm","status":"publish","type":"product","link":"https:\/\/miumjau.ee\/lv\/produkts\/kaku-kapsanas-koks-18007-170cm\/","title":{"rendered":"Ka\u0137u k\u0101p\u0161anas koks 18007, 170cm"},"content":{"rendered":"","protected":false},"excerpt":{"rendered":"<p data-start=\"33\" data-end=\"561\">Ka\u0137u skr\u0101p\u0113jamais koks modelis 18007 (b\u0113\u0161s) ir speci\u0101li izv\u0113l\u0113ts tiem ka\u0137iem, kuri \u013coti m\u012bl augstumu, bet kuru saimnieku m\u0101j\u0101s nav p\u0101r\u0101k daudz vietas platum\u0101. \u0160is produkts ir veidots, dom\u0101jot par augstumu. Skr\u0101p\u0113jamais koks ir \u013coti stabils un viegli neapg\u0101\u017eas! Daudz skr\u0101p\u0113\u0161anas iesp\u0113ju, m\u0101ji\u0146a pasl\u0113p\u0161anai un gul\u0113\u0161anai, izvirz\u012bta gu\u013cvieta gul\u0113\u0161anai kamoli\u0146\u0101, da\u017e\u0101di l\u012bme\u0146i, lai, piem\u0113ram, pasarg\u0101tu sevi no su\u0146iem. \u0160aj\u0101 skr\u0101p\u0113jamaj\u0101 kok\u0101 ir viss nepiecie\u0161amais viena vai vair\u0101ku ka\u0137u iepriecin\u0101\u0161anai. Var n\u0101kt apskat\u012bt paraugu.<\/p>\n<p data-start=\"563\" data-end=\"713\">Augstums 170 cm<br data-start=\"578\" data-end=\"581\" \/>Pamatnes izm\u0113rs: 55,5 x 55,5 cm<br data-start=\"612\" data-end=\"615\" \/>Izvirz\u012bt\u0101s gu\u013cvietas diametrs 28 cm<br data-start=\"650\" data-end=\"653\" \/>Aug\u0161\u0101 eso\u0161\u0101 platforma \u0101rpus\u0113 30 cm, iek\u0161pus\u0113 20 cm diametr\u0101.<\/p>\n<p data-start=\"715\" data-end=\"815\" data-is-last-node=\"\" data-is-only-node=\"\">Produkta svars: 18,2 kg<br data-start=\"738\" data-end=\"741\" \/>Produkta svars ar iepakojumu: 19,4 kg<br data-start=\"778\" data-end=\"781\" \/>Iepakojuma izm\u0113ri: 58 * 58 * 28 cm<\/p>\n","protected":false},"featured_media":56245,"template":"","meta":[],"product_brand":[],"product_cat":[584],"product_tag":[],"class_list":{"0":"post-56243","1":"product","2":"type-product","3":"status-publish","4":"has-post-thumbnail","6":"product_cat-lieli-skrapesanas-koki","7":"product_shipping_class-pakiautomaati-sobimatu-lv","9":"first","10":"instock","11":"sale","12":"taxable","13":"shipping-taxable","14":"purchasable","15":"product-type-simple"},"yoast_head":"<!-- This site is optimized with the Yoast SEO plugin v27.2 - https:\/\/yoast.com\/product\/yoast-seo-wordpress\/ -->\n<title>Ka\u0137u k\u0101p\u0161anas koks 18007, 170cm - MiuMjau<\/title>\n<meta name=\"robots\" content=\"index, follow, max-snippet:-1, max-image-preview:large, max-video-preview:-1\" \/>\n<link rel=\"canonical\" href=\"https:\/\/miumjau.ee\/lv\/produkts\/kaku-kapsanas-koks-18007-170cm\/\" \/>\n<meta property=\"og:locale\" content=\"lv_LV\" \/>\n<meta property=\"og:type\" content=\"article\" \/>\n<meta property=\"og:title\" content=\"Ka\u0137u k\u0101p\u0161anas koks 18007, 170cm - MiuMjau\" \/>\n<meta property=\"og:description\" content=\"Ka\u0137u skr\u0101p\u0113jamais koks modelis 18007 (b\u0113\u0161s) ir speci\u0101li izv\u0113l\u0113ts tiem ka\u0137iem, kuri \u013coti m\u012bl augstumu, bet kuru saimnieku m\u0101j\u0101s nav p\u0101r\u0101k daudz vietas platum\u0101. \u0160is produkts ir veidots, dom\u0101jot par augstumu. Skr\u0101p\u0113jamais koks ir \u013coti stabils un viegli neapg\u0101\u017eas! Daudz skr\u0101p\u0113\u0161anas iesp\u0113ju, m\u0101ji\u0146a pasl\u0113p\u0161anai un gul\u0113\u0161anai, izvirz\u012bta gu\u013cvieta gul\u0113\u0161anai kamoli\u0146\u0101, da\u017e\u0101di l\u012bme\u0146i, lai, piem\u0113ram, pasarg\u0101tu sevi no su\u0146iem. \u0160aj\u0101 skr\u0101p\u0113jamaj\u0101 kok\u0101 ir viss nepiecie\u0161amais viena vai vair\u0101ku ka\u0137u iepriecin\u0101\u0161anai. Var n\u0101kt apskat\u012bt paraugu. Augstums 170 cmPamatnes izm\u0113rs: 55,5 x 55,5 cmIzvirz\u012bt\u0101s gu\u013cvietas diametrs 28 cmAug\u0161\u0101 eso\u0161\u0101 platforma \u0101rpus\u0113 30 cm, iek\u0161pus\u0113 20 cm diametr\u0101. Produkta svars: 18,2 kgProdukta svars ar iepakojumu: 19,4 kgIepakojuma izm\u0113ri: 58 * 58 * 28 cm\" \/>\n<meta property=\"og:url\" content=\"https:\/\/miumjau.ee\/lv\/produkts\/kaku-kapsanas-koks-18007-170cm\/\" \/>\n<meta property=\"og:site_name\" content=\"MiuMjau\" \/>\n<meta property=\"article:publisher\" content=\"https:\/\/www.facebook.com\/miumjaupood\/\" \/>\n<meta property=\"og:image\" content=\"https:\/\/miumjau.ee\/wp-content\/uploads\/2023\/02\/KRAAPIMISPUU_180072.jpg\" \/>\n\t<meta property=\"og:image:width\" content=\"600\" \/>\n\t<meta property=\"og:image:height\" content=\"600\" \/>\n\t<meta property=\"og:image:type\" content=\"image\/jpeg\" \/>\n<meta name=\"twitter:card\" content=\"summary_large_image\" \/>\n<script type=\"application\/ld+json\" class=\"yoast-schema-graph\">{\"@context\":\"https:\/\/schema.org\",\"@graph\":[{\"@type\":\"WebPage\",\"@id\":\"https:\/\/miumjau.ee\/lv\/produkts\/kaku-kapsanas-koks-18007-170cm\/\",\"url\":\"https:\/\/miumjau.ee\/lv\/produkts\/kaku-kapsanas-koks-18007-170cm\/\",\"name\":\"Ka\u0137u k\u0101p\u0161anas koks 18007, 170cm - MiuMjau\",\"isPartOf\":{\"@id\":\"https:\/\/miumjau.ee\/#website\"},\"primaryImageOfPage\":{\"@id\":\"https:\/\/miumjau.ee\/lv\/produkts\/kaku-kapsanas-koks-18007-170cm\/#primaryimage\"},\"image\":{\"@id\":\"https:\/\/miumjau.ee\/lv\/produkts\/kaku-kapsanas-koks-18007-170cm\/#primaryimage\"},\"thumbnailUrl\":\"https:\/\/miumjau.ee\/wp-content\/uploads\/2023\/02\/KRAAPIMISPUU_180072.jpg\",\"datePublished\":\"2023-02-18T15:31:25+00:00\",\"breadcrumb\":{\"@id\":\"https:\/\/miumjau.ee\/lv\/produkts\/kaku-kapsanas-koks-18007-170cm\/#breadcrumb\"},\"inLanguage\":\"lv-LV\",\"potentialAction\":[{\"@type\":\"ReadAction\",\"target\":[\"https:\/\/miumjau.ee\/lv\/produkts\/kaku-kapsanas-koks-18007-170cm\/\"]}]},{\"@type\":\"ImageObject\",\"inLanguage\":\"lv-LV\",\"@id\":\"https:\/\/miumjau.ee\/lv\/produkts\/kaku-kapsanas-koks-18007-170cm\/#primaryimage\",\"url\":\"https:\/\/miumjau.ee\/wp-content\/uploads\/2023\/02\/KRAAPIMISPUU_180072.jpg\",\"contentUrl\":\"https:\/\/miumjau.ee\/wp-content\/uploads\/2023\/02\/KRAAPIMISPUU_180072.jpg\",\"width\":600,\"height\":600},{\"@type\":\"BreadcrumbList\",\"@id\":\"https:\/\/miumjau.ee\/lv\/produkts\/kaku-kapsanas-koks-18007-170cm\/#breadcrumb\",\"itemListElement\":[{\"@type\":\"ListItem\",\"position\":1,\"name\":\"Home\",\"item\":\"https:\/\/miumjau.ee\/lv\/\"},{\"@type\":\"ListItem\",\"position\":2,\"name\":\"Veikals\",\"item\":\"https:\/\/miumjau.ee\/lv\/veikals\/\"},{\"@type\":\"ListItem\",\"position\":3,\"name\":\"Ka\u0137u k\u0101p\u0161anas koks 18007, 170cm\"}]},{\"@type\":\"WebSite\",\"@id\":\"https:\/\/miumjau.ee\/#website\",\"url\":\"https:\/\/miumjau.ee\/\",\"name\":\"MiuMjau\",\"description\":\"Kraapimispuud kassidele\",\"publisher\":{\"@id\":\"https:\/\/miumjau.ee\/#organization\"},\"potentialAction\":[{\"@type\":\"SearchAction\",\"target\":{\"@type\":\"EntryPoint\",\"urlTemplate\":\"https:\/\/miumjau.ee\/?s={search_term_string}\"},\"query-input\":{\"@type\":\"PropertyValueSpecification\",\"valueRequired\":true,\"valueName\":\"search_term_string\"}}],\"inLanguage\":\"lv-LV\"},{\"@type\":\"Organization\",\"@id\":\"https:\/\/miumjau.ee\/#organization\",\"name\":\"MiuMjau O\u00dc\",\"url\":\"https:\/\/miumjau.ee\/\",\"logo\":{\"@type\":\"ImageObject\",\"inLanguage\":\"lv-LV\",\"@id\":\"https:\/\/miumjau.ee\/#\/schema\/logo\/image\/\",\"url\":\"https:\/\/miumjau.ee\/wp-content\/uploads\/2022\/04\/MiuMjau-logo-kollane.png\",\"contentUrl\":\"https:\/\/miumjau.ee\/wp-content\/uploads\/2022\/04\/MiuMjau-logo-kollane.png\",\"width\":219,\"height\":100,\"caption\":\"MiuMjau O\u00dc\"},\"image\":{\"@id\":\"https:\/\/miumjau.ee\/#\/schema\/logo\/image\/\"},\"sameAs\":[\"https:\/\/www.facebook.com\/miumjaupood\/\"]}]}<\/script>\n<!-- \/ Yoast SEO plugin. -->","yoast_head_json":{"title":"Ka\u0137u k\u0101p\u0161anas koks 18007, 170cm - MiuMjau","robots":{"index":"index","follow":"follow","max-snippet":"max-snippet:-1","max-image-preview":"max-image-preview:large","max-video-preview":"max-video-preview:-1"},"canonical":"https:\/\/miumjau.ee\/lv\/produkts\/kaku-kapsanas-koks-18007-170cm\/","og_locale":"lv_LV","og_type":"article","og_title":"Ka\u0137u k\u0101p\u0161anas koks 18007, 170cm - MiuMjau","og_description":"Ka\u0137u skr\u0101p\u0113jamais koks modelis 18007 (b\u0113\u0161s) ir speci\u0101li izv\u0113l\u0113ts tiem ka\u0137iem, kuri \u013coti m\u012bl augstumu, bet kuru saimnieku m\u0101j\u0101s nav p\u0101r\u0101k daudz vietas platum\u0101. \u0160is produkts ir veidots, dom\u0101jot par augstumu. Skr\u0101p\u0113jamais koks ir \u013coti stabils un viegli neapg\u0101\u017eas! Daudz skr\u0101p\u0113\u0161anas iesp\u0113ju, m\u0101ji\u0146a pasl\u0113p\u0161anai un gul\u0113\u0161anai, izvirz\u012bta gu\u013cvieta gul\u0113\u0161anai kamoli\u0146\u0101, da\u017e\u0101di l\u012bme\u0146i, lai, piem\u0113ram, pasarg\u0101tu sevi no su\u0146iem. \u0160aj\u0101 skr\u0101p\u0113jamaj\u0101 kok\u0101 ir viss nepiecie\u0161amais viena vai vair\u0101ku ka\u0137u iepriecin\u0101\u0161anai. Var n\u0101kt apskat\u012bt paraugu. Augstums 170 cmPamatnes izm\u0113rs: 55,5 x 55,5 cmIzvirz\u012bt\u0101s gu\u013cvietas diametrs 28 cmAug\u0161\u0101 eso\u0161\u0101 platforma \u0101rpus\u0113 30 cm, iek\u0161pus\u0113 20 cm diametr\u0101. Produkta svars: 18,2 kgProdukta svars ar iepakojumu: 19,4 kgIepakojuma izm\u0113ri: 58 * 58 * 28 cm","og_url":"https:\/\/miumjau.ee\/lv\/produkts\/kaku-kapsanas-koks-18007-170cm\/","og_site_name":"MiuMjau","article_publisher":"https:\/\/www.facebook.com\/miumjaupood\/","og_image":[{"width":600,"height":600,"url":"https:\/\/miumjau.ee\/wp-content\/uploads\/2023\/02\/KRAAPIMISPUU_180072.jpg","type":"image\/jpeg"}],"twitter_card":"summary_large_image","schema":{"@context":"https:\/\/schema.org","@graph":[{"@type":"WebPage","@id":"https:\/\/miumjau.ee\/lv\/produkts\/kaku-kapsanas-koks-18007-170cm\/","url":"https:\/\/miumjau.ee\/lv\/produkts\/kaku-kapsanas-koks-18007-170cm\/","name":"Ka\u0137u k\u0101p\u0161anas koks 18007, 170cm - MiuMjau","isPartOf":{"@id":"https:\/\/miumjau.ee\/#website"},"primaryImageOfPage":{"@id":"https:\/\/miumjau.ee\/lv\/produkts\/kaku-kapsanas-koks-18007-170cm\/#primaryimage"},"image":{"@id":"https:\/\/miumjau.ee\/lv\/produkts\/kaku-kapsanas-koks-18007-170cm\/#primaryimage"},"thumbnailUrl":"https:\/\/miumjau.ee\/wp-content\/uploads\/2023\/02\/KRAAPIMISPUU_180072.jpg","datePublished":"2023-02-18T15:31:25+00:00","breadcrumb":{"@id":"https:\/\/miumjau.ee\/lv\/produkts\/kaku-kapsanas-koks-18007-170cm\/#breadcrumb"},"inLanguage":"lv-LV","potentialAction":[{"@type":"ReadAction","target":["https:\/\/miumjau.ee\/lv\/produkts\/kaku-kapsanas-koks-18007-170cm\/"]}]},{"@type":"ImageObject","inLanguage":"lv-LV","@id":"https:\/\/miumjau.ee\/lv\/produkts\/kaku-kapsanas-koks-18007-170cm\/#primaryimage","url":"https:\/\/miumjau.ee\/wp-content\/uploads\/2023\/02\/KRAAPIMISPUU_180072.jpg","contentUrl":"https:\/\/miumjau.ee\/wp-content\/uploads\/2023\/02\/KRAAPIMISPUU_180072.jpg","width":600,"height":600},{"@type":"BreadcrumbList","@id":"https:\/\/miumjau.ee\/lv\/produkts\/kaku-kapsanas-koks-18007-170cm\/#breadcrumb","itemListElement":[{"@type":"ListItem","position":1,"name":"Home","item":"https:\/\/miumjau.ee\/lv\/"},{"@type":"ListItem","position":2,"name":"Veikals","item":"https:\/\/miumjau.ee\/lv\/veikals\/"},{"@type":"ListItem","position":3,"name":"Ka\u0137u k\u0101p\u0161anas koks 18007, 170cm"}]},{"@type":"WebSite","@id":"https:\/\/miumjau.ee\/#website","url":"https:\/\/miumjau.ee\/","name":"MiuMjau","description":"Kraapimispuud kassidele","publisher":{"@id":"https:\/\/miumjau.ee\/#organization"},"potentialAction":[{"@type":"SearchAction","target":{"@type":"EntryPoint","urlTemplate":"https:\/\/miumjau.ee\/?s={search_term_string}"},"query-input":{"@type":"PropertyValueSpecification","valueRequired":true,"valueName":"search_term_string"}}],"inLanguage":"lv-LV"},{"@type":"Organization","@id":"https:\/\/miumjau.ee\/#organization","name":"MiuMjau O\u00dc","url":"https:\/\/miumjau.ee\/","logo":{"@type":"ImageObject","inLanguage":"lv-LV","@id":"https:\/\/miumjau.ee\/#\/schema\/logo\/image\/","url":"https:\/\/miumjau.ee\/wp-content\/uploads\/2022\/04\/MiuMjau-logo-kollane.png","contentUrl":"https:\/\/miumjau.ee\/wp-content\/uploads\/2022\/04\/MiuMjau-logo-kollane.png","width":219,"height":100,"caption":"MiuMjau O\u00dc"},"image":{"@id":"https:\/\/miumjau.ee\/#\/schema\/logo\/image\/"},"sameAs":["https:\/\/www.facebook.com\/miumjaupood\/"]}]}},"_links":{"self":[{"href":"https:\/\/miumjau.ee\/lv\/wp-json\/wp\/v2\/product\/56243","targetHints":{"allow":["GET"]}}],"collection":[{"href":"https:\/\/miumjau.ee\/lv\/wp-json\/wp\/v2\/product"}],"about":[{"href":"https:\/\/miumjau.ee\/lv\/wp-json\/wp\/v2\/types\/product"}],"wp:featuredmedia":[{"embeddable":true,"href":"https:\/\/miumjau.ee\/lv\/wp-json\/wp\/v2\/media\/56245"}],"wp:attachment":[{"href":"https:\/\/miumjau.ee\/lv\/wp-json\/wp\/v2\/media?parent=56243"}],"wp:term":[{"taxonomy":"product_brand","embeddable":true,"href":"https:\/\/miumjau.ee\/lv\/wp-json\/wp\/v2\/product_brand?post=56243"},{"taxonomy":"product_cat","embeddable":true,"href":"https:\/\/miumjau.ee\/lv\/wp-json\/wp\/v2\/product_cat?post=56243"},{"taxonomy":"product_tag","embeddable":true,"href":"https:\/\/miumjau.ee\/lv\/wp-json\/wp\/v2\/product_tag?post=56243"}],"curies":[{"name":"wp","href":"https:\/\/api.w.org\/{rel}","templated":true}]}}