{"id":56236,"date":"2023-01-15T15:41:08","date_gmt":"2023-01-15T13:41:08","guid":{"rendered":"https:\/\/miumjau.ee\/toode\/kaku-rotallieta-bumbina-ar-peli\/"},"modified":"2023-01-15T15:41:08","modified_gmt":"2023-01-15T13:41:08","slug":"kaku-rotallieta-bumbina-ar-peli","status":"publish","type":"product","link":"https:\/\/miumjau.ee\/lv\/produkts\/kaku-rotallieta-bumbina-ar-peli\/","title":{"rendered":"Ka\u0137u rota\u013clieta, bumbi\u0146a ar peli"},"content":{"rendered":"","protected":false},"excerpt":{"rendered":"<p data-start=\"34\" data-end=\"210\">Jautra ka\u0137u rota\u013clieta, ko ka\u0137is var ar \u0137epu ripin\u0101t pa gr\u012bdu. Veikl\u0101kie var ar\u012b peli dab\u016bt no bumbi\u0146as \u0101r\u0101. Bumbi\u0146a ir izgatavota no met\u0101la, nevis plastmasas.<br data-start=\"193\" data-end=\"196\" \/>Diametrs 6 cm.<\/p>\n<p data-start=\"212\" data-end=\"389\" data-is-last-node=\"\" data-is-only-node=\"\">Kr\u0101sa pirc\u0113jam tiek izv\u0113l\u0113ta nejau\u0161i. Ja ir k\u0101da v\u0113lme, l\u016bdzu, ierakstiet to pas\u016bt\u012bjuma noform\u0113\u0161anas laik\u0101 papildu inform\u0101cijas lauk\u0101, un iesp\u0113ju robe\u017e\u0101s \u0146emsim v\u0113r\u0101 j\u016bsu v\u0113lmi.<\/p>\n","protected":false},"featured_media":56240,"template":"","meta":[],"product_brand":[],"product_cat":[590],"product_tag":[],"class_list":{"0":"post-56236","1":"product","2":"type-product","3":"status-publish","4":"has-post-thumbnail","6":"product_cat-kaku-rotallietas","8":"first","9":"instock","10":"taxable","11":"shipping-taxable","12":"purchasable","13":"product-type-simple"},"yoast_head":"<!-- This site is optimized with the Yoast SEO plugin v27.4 - https:\/\/yoast.com\/product\/yoast-seo-wordpress\/ -->\n<title>Ka\u0137u rota\u013clieta, bumbi\u0146a ar peli - MiuMjau<\/title>\n<meta name=\"robots\" content=\"index, follow, max-snippet:-1, max-image-preview:large, max-video-preview:-1\" \/>\n<link rel=\"canonical\" href=\"https:\/\/miumjau.ee\/lv\/produkts\/kaku-rotallieta-bumbina-ar-peli\/\" \/>\n<meta property=\"og:locale\" content=\"lv_LV\" \/>\n<meta property=\"og:type\" content=\"article\" \/>\n<meta property=\"og:title\" content=\"Ka\u0137u rota\u013clieta, bumbi\u0146a ar peli - MiuMjau\" \/>\n<meta property=\"og:description\" content=\"Jautra ka\u0137u rota\u013clieta, ko ka\u0137is var ar \u0137epu ripin\u0101t pa gr\u012bdu. Veikl\u0101kie var ar\u012b peli dab\u016bt no bumbi\u0146as \u0101r\u0101. Bumbi\u0146a ir izgatavota no met\u0101la, nevis plastmasas.Diametrs 6 cm. Kr\u0101sa pirc\u0113jam tiek izv\u0113l\u0113ta nejau\u0161i. Ja ir k\u0101da v\u0113lme, l\u016bdzu, ierakstiet to pas\u016bt\u012bjuma noform\u0113\u0161anas laik\u0101 papildu inform\u0101cijas lauk\u0101, un iesp\u0113ju robe\u017e\u0101s \u0146emsim v\u0113r\u0101 j\u016bsu v\u0113lmi.\" \/>\n<meta property=\"og:url\" content=\"https:\/\/miumjau.ee\/lv\/produkts\/kaku-rotallieta-bumbina-ar-peli\/\" \/>\n<meta property=\"og:site_name\" content=\"MiuMjau\" \/>\n<meta property=\"article:publisher\" content=\"https:\/\/www.facebook.com\/miumjaupood\/\" \/>\n<meta property=\"og:image\" content=\"https:\/\/miumjau.ee\/wp-content\/uploads\/2023\/01\/kassi_manguasi_hiir_pallis3.jpg\" \/>\n\t<meta property=\"og:image:width\" content=\"600\" \/>\n\t<meta property=\"og:image:height\" content=\"600\" \/>\n\t<meta property=\"og:image:type\" content=\"image\/jpeg\" \/>\n<meta name=\"twitter:card\" content=\"summary_large_image\" \/>\n<script type=\"application\/ld+json\" class=\"yoast-schema-graph\">{\"@context\":\"https:\\\/\\\/schema.org\",\"@graph\":[{\"@type\":\"WebPage\",\"@id\":\"https:\\\/\\\/miumjau.ee\\\/lv\\\/produkts\\\/kaku-rotallieta-bumbina-ar-peli\\\/\",\"url\":\"https:\\\/\\\/miumjau.ee\\\/lv\\\/produkts\\\/kaku-rotallieta-bumbina-ar-peli\\\/\",\"name\":\"Ka\u0137u rota\u013clieta, bumbi\u0146a ar peli - MiuMjau\",\"isPartOf\":{\"@id\":\"https:\\\/\\\/miumjau.ee\\\/#website\"},\"primaryImageOfPage\":{\"@id\":\"https:\\\/\\\/miumjau.ee\\\/lv\\\/produkts\\\/kaku-rotallieta-bumbina-ar-peli\\\/#primaryimage\"},\"image\":{\"@id\":\"https:\\\/\\\/miumjau.ee\\\/lv\\\/produkts\\\/kaku-rotallieta-bumbina-ar-peli\\\/#primaryimage\"},\"thumbnailUrl\":\"https:\\\/\\\/miumjau.ee\\\/wp-content\\\/uploads\\\/2023\\\/01\\\/kassi_manguasi_hiir_pallis3.jpg\",\"datePublished\":\"2023-01-15T13:41:08+00:00\",\"breadcrumb\":{\"@id\":\"https:\\\/\\\/miumjau.ee\\\/lv\\\/produkts\\\/kaku-rotallieta-bumbina-ar-peli\\\/#breadcrumb\"},\"inLanguage\":\"lv-LV\",\"potentialAction\":[{\"@type\":\"ReadAction\",\"target\":[\"https:\\\/\\\/miumjau.ee\\\/lv\\\/produkts\\\/kaku-rotallieta-bumbina-ar-peli\\\/\"]}]},{\"@type\":\"ImageObject\",\"inLanguage\":\"lv-LV\",\"@id\":\"https:\\\/\\\/miumjau.ee\\\/lv\\\/produkts\\\/kaku-rotallieta-bumbina-ar-peli\\\/#primaryimage\",\"url\":\"https:\\\/\\\/miumjau.ee\\\/wp-content\\\/uploads\\\/2023\\\/01\\\/kassi_manguasi_hiir_pallis3.jpg\",\"contentUrl\":\"https:\\\/\\\/miumjau.ee\\\/wp-content\\\/uploads\\\/2023\\\/01\\\/kassi_manguasi_hiir_pallis3.jpg\",\"width\":600,\"height\":600},{\"@type\":\"BreadcrumbList\",\"@id\":\"https:\\\/\\\/miumjau.ee\\\/lv\\\/produkts\\\/kaku-rotallieta-bumbina-ar-peli\\\/#breadcrumb\",\"itemListElement\":[{\"@type\":\"ListItem\",\"position\":1,\"name\":\"Home\",\"item\":\"https:\\\/\\\/miumjau.ee\\\/lv\\\/\"},{\"@type\":\"ListItem\",\"position\":2,\"name\":\"Veikals\",\"item\":\"https:\\\/\\\/miumjau.ee\\\/lv\\\/veikals\\\/\"},{\"@type\":\"ListItem\",\"position\":3,\"name\":\"Ka\u0137u rota\u013clieta, bumbi\u0146a ar peli\"}]},{\"@type\":\"WebSite\",\"@id\":\"https:\\\/\\\/miumjau.ee\\\/#website\",\"url\":\"https:\\\/\\\/miumjau.ee\\\/\",\"name\":\"MiuMjau\",\"description\":\"Kraapimispuud kassidele\",\"publisher\":{\"@id\":\"https:\\\/\\\/miumjau.ee\\\/#organization\"},\"potentialAction\":[{\"@type\":\"SearchAction\",\"target\":{\"@type\":\"EntryPoint\",\"urlTemplate\":\"https:\\\/\\\/miumjau.ee\\\/?s={search_term_string}\"},\"query-input\":{\"@type\":\"PropertyValueSpecification\",\"valueRequired\":true,\"valueName\":\"search_term_string\"}}],\"inLanguage\":\"lv-LV\"},{\"@type\":\"Organization\",\"@id\":\"https:\\\/\\\/miumjau.ee\\\/#organization\",\"name\":\"MiuMjau O\u00dc\",\"url\":\"https:\\\/\\\/miumjau.ee\\\/\",\"logo\":{\"@type\":\"ImageObject\",\"inLanguage\":\"lv-LV\",\"@id\":\"https:\\\/\\\/miumjau.ee\\\/#\\\/schema\\\/logo\\\/image\\\/\",\"url\":\"https:\\\/\\\/miumjau.ee\\\/wp-content\\\/uploads\\\/2022\\\/04\\\/MiuMjau-logo-kollane.png\",\"contentUrl\":\"https:\\\/\\\/miumjau.ee\\\/wp-content\\\/uploads\\\/2022\\\/04\\\/MiuMjau-logo-kollane.png\",\"width\":219,\"height\":100,\"caption\":\"MiuMjau O\u00dc\"},\"image\":{\"@id\":\"https:\\\/\\\/miumjau.ee\\\/#\\\/schema\\\/logo\\\/image\\\/\"},\"sameAs\":[\"https:\\\/\\\/www.facebook.com\\\/miumjaupood\\\/\"]}]}<\/script>\n<!-- \/ Yoast SEO plugin. -->","yoast_head_json":{"title":"Ka\u0137u rota\u013clieta, bumbi\u0146a ar peli - MiuMjau","robots":{"index":"index","follow":"follow","max-snippet":"max-snippet:-1","max-image-preview":"max-image-preview:large","max-video-preview":"max-video-preview:-1"},"canonical":"https:\/\/miumjau.ee\/lv\/produkts\/kaku-rotallieta-bumbina-ar-peli\/","og_locale":"lv_LV","og_type":"article","og_title":"Ka\u0137u rota\u013clieta, bumbi\u0146a ar peli - MiuMjau","og_description":"Jautra ka\u0137u rota\u013clieta, ko ka\u0137is var ar \u0137epu ripin\u0101t pa gr\u012bdu. Veikl\u0101kie var ar\u012b peli dab\u016bt no bumbi\u0146as \u0101r\u0101. Bumbi\u0146a ir izgatavota no met\u0101la, nevis plastmasas.Diametrs 6 cm. Kr\u0101sa pirc\u0113jam tiek izv\u0113l\u0113ta nejau\u0161i. Ja ir k\u0101da v\u0113lme, l\u016bdzu, ierakstiet to pas\u016bt\u012bjuma noform\u0113\u0161anas laik\u0101 papildu inform\u0101cijas lauk\u0101, un iesp\u0113ju robe\u017e\u0101s \u0146emsim v\u0113r\u0101 j\u016bsu v\u0113lmi.","og_url":"https:\/\/miumjau.ee\/lv\/produkts\/kaku-rotallieta-bumbina-ar-peli\/","og_site_name":"MiuMjau","article_publisher":"https:\/\/www.facebook.com\/miumjaupood\/","og_image":[{"width":600,"height":600,"url":"https:\/\/miumjau.ee\/wp-content\/uploads\/2023\/01\/kassi_manguasi_hiir_pallis3.jpg","type":"image\/jpeg"}],"twitter_card":"summary_large_image","schema":{"@context":"https:\/\/schema.org","@graph":[{"@type":"WebPage","@id":"https:\/\/miumjau.ee\/lv\/produkts\/kaku-rotallieta-bumbina-ar-peli\/","url":"https:\/\/miumjau.ee\/lv\/produkts\/kaku-rotallieta-bumbina-ar-peli\/","name":"Ka\u0137u rota\u013clieta, bumbi\u0146a ar peli - MiuMjau","isPartOf":{"@id":"https:\/\/miumjau.ee\/#website"},"primaryImageOfPage":{"@id":"https:\/\/miumjau.ee\/lv\/produkts\/kaku-rotallieta-bumbina-ar-peli\/#primaryimage"},"image":{"@id":"https:\/\/miumjau.ee\/lv\/produkts\/kaku-rotallieta-bumbina-ar-peli\/#primaryimage"},"thumbnailUrl":"https:\/\/miumjau.ee\/wp-content\/uploads\/2023\/01\/kassi_manguasi_hiir_pallis3.jpg","datePublished":"2023-01-15T13:41:08+00:00","breadcrumb":{"@id":"https:\/\/miumjau.ee\/lv\/produkts\/kaku-rotallieta-bumbina-ar-peli\/#breadcrumb"},"inLanguage":"lv-LV","potentialAction":[{"@type":"ReadAction","target":["https:\/\/miumjau.ee\/lv\/produkts\/kaku-rotallieta-bumbina-ar-peli\/"]}]},{"@type":"ImageObject","inLanguage":"lv-LV","@id":"https:\/\/miumjau.ee\/lv\/produkts\/kaku-rotallieta-bumbina-ar-peli\/#primaryimage","url":"https:\/\/miumjau.ee\/wp-content\/uploads\/2023\/01\/kassi_manguasi_hiir_pallis3.jpg","contentUrl":"https:\/\/miumjau.ee\/wp-content\/uploads\/2023\/01\/kassi_manguasi_hiir_pallis3.jpg","width":600,"height":600},{"@type":"BreadcrumbList","@id":"https:\/\/miumjau.ee\/lv\/produkts\/kaku-rotallieta-bumbina-ar-peli\/#breadcrumb","itemListElement":[{"@type":"ListItem","position":1,"name":"Home","item":"https:\/\/miumjau.ee\/lv\/"},{"@type":"ListItem","position":2,"name":"Veikals","item":"https:\/\/miumjau.ee\/lv\/veikals\/"},{"@type":"ListItem","position":3,"name":"Ka\u0137u rota\u013clieta, bumbi\u0146a ar peli"}]},{"@type":"WebSite","@id":"https:\/\/miumjau.ee\/#website","url":"https:\/\/miumjau.ee\/","name":"MiuMjau","description":"Kraapimispuud kassidele","publisher":{"@id":"https:\/\/miumjau.ee\/#organization"},"potentialAction":[{"@type":"SearchAction","target":{"@type":"EntryPoint","urlTemplate":"https:\/\/miumjau.ee\/?s={search_term_string}"},"query-input":{"@type":"PropertyValueSpecification","valueRequired":true,"valueName":"search_term_string"}}],"inLanguage":"lv-LV"},{"@type":"Organization","@id":"https:\/\/miumjau.ee\/#organization","name":"MiuMjau O\u00dc","url":"https:\/\/miumjau.ee\/","logo":{"@type":"ImageObject","inLanguage":"lv-LV","@id":"https:\/\/miumjau.ee\/#\/schema\/logo\/image\/","url":"https:\/\/miumjau.ee\/wp-content\/uploads\/2022\/04\/MiuMjau-logo-kollane.png","contentUrl":"https:\/\/miumjau.ee\/wp-content\/uploads\/2022\/04\/MiuMjau-logo-kollane.png","width":219,"height":100,"caption":"MiuMjau O\u00dc"},"image":{"@id":"https:\/\/miumjau.ee\/#\/schema\/logo\/image\/"},"sameAs":["https:\/\/www.facebook.com\/miumjaupood\/"]}]}},"_links":{"self":[{"href":"https:\/\/miumjau.ee\/lv\/wp-json\/wp\/v2\/product\/56236","targetHints":{"allow":["GET"]}}],"collection":[{"href":"https:\/\/miumjau.ee\/lv\/wp-json\/wp\/v2\/product"}],"about":[{"href":"https:\/\/miumjau.ee\/lv\/wp-json\/wp\/v2\/types\/product"}],"wp:featuredmedia":[{"embeddable":true,"href":"https:\/\/miumjau.ee\/lv\/wp-json\/wp\/v2\/media\/56240"}],"wp:attachment":[{"href":"https:\/\/miumjau.ee\/lv\/wp-json\/wp\/v2\/media?parent=56236"}],"wp:term":[{"taxonomy":"product_brand","embeddable":true,"href":"https:\/\/miumjau.ee\/lv\/wp-json\/wp\/v2\/product_brand?post=56236"},{"taxonomy":"product_cat","embeddable":true,"href":"https:\/\/miumjau.ee\/lv\/wp-json\/wp\/v2\/product_cat?post=56236"},{"taxonomy":"product_tag","embeddable":true,"href":"https:\/\/miumjau.ee\/lv\/wp-json\/wp\/v2\/product_tag?post=56236"}],"curies":[{"name":"wp","href":"https:\/\/api.w.org\/{rel}","templated":true}]}}