{"id":56233,"date":"2023-01-15T09:01:32","date_gmt":"2023-01-15T07:01:32","guid":{"rendered":"https:\/\/miumjau.ee\/toode\/kaku-rotallieta-tunelis-varaviksne\/"},"modified":"2023-01-15T09:01:32","modified_gmt":"2023-01-15T07:01:32","slug":"kaku-rotallieta-tunelis-varaviksne","status":"publish","type":"product","link":"https:\/\/miumjau.ee\/lv\/produkts\/kaku-rotallieta-tunelis-varaviksne\/","title":{"rendered":"Ka\u0137u rota\u013clieta, tunelis, varav\u012bksne"},"content":{"rendered":"","protected":false},"excerpt":{"rendered":"<p data-start=\"38\" data-end=\"254\">Ka\u0137u rota\u013clieta \u201ctunelis\u201d pied\u0101v\u0101 ka\u0137im jautru laika pavad\u012b\u0161anu. Ka\u0137iem pat\u012bk caur to izl\u012bst, tur gul\u0161\u0146\u0101t, vicin\u0101t \u0137epu caur atver\u0113m utt.<br data-start=\"175\" data-end=\"178\" \/>Ja tunelis pa\u0161laik netiek izmantots, to var \u0113rti saloc\u012bt da\u017eu sekun\u017eu laik\u0101.<\/p>\n<p data-start=\"256\" data-end=\"303\" data-is-last-node=\"\" data-is-only-node=\"\">Garums apm\u0113ram 115 cm un atveru diametrs 25 cm.<\/p>\n","protected":false},"featured_media":56234,"template":"","meta":[],"product_brand":[],"product_cat":[590],"product_tag":[],"class_list":{"0":"post-56233","1":"product","2":"type-product","3":"status-publish","4":"has-post-thumbnail","6":"product_cat-kaku-rotallietas","8":"first","9":"instock","10":"taxable","11":"shipping-taxable","12":"purchasable","13":"product-type-simple"},"yoast_head":"<!-- This site is optimized with the Yoast SEO plugin v27.2 - https:\/\/yoast.com\/product\/yoast-seo-wordpress\/ -->\n<title>Ka\u0137u rota\u013clieta, tunelis, varav\u012bksne - MiuMjau<\/title>\n<meta name=\"robots\" content=\"index, follow, max-snippet:-1, max-image-preview:large, max-video-preview:-1\" \/>\n<link rel=\"canonical\" href=\"https:\/\/miumjau.ee\/lv\/produkts\/kaku-rotallieta-tunelis-varaviksne\/\" \/>\n<meta property=\"og:locale\" content=\"lv_LV\" \/>\n<meta property=\"og:type\" content=\"article\" \/>\n<meta property=\"og:title\" content=\"Ka\u0137u rota\u013clieta, tunelis, varav\u012bksne - MiuMjau\" \/>\n<meta property=\"og:description\" content=\"Ka\u0137u rota\u013clieta \u201ctunelis\u201d pied\u0101v\u0101 ka\u0137im jautru laika pavad\u012b\u0161anu. Ka\u0137iem pat\u012bk caur to izl\u012bst, tur gul\u0161\u0146\u0101t, vicin\u0101t \u0137epu caur atver\u0113m utt.Ja tunelis pa\u0161laik netiek izmantots, to var \u0113rti saloc\u012bt da\u017eu sekun\u017eu laik\u0101. Garums apm\u0113ram 115 cm un atveru diametrs 25 cm.\" \/>\n<meta property=\"og:url\" content=\"https:\/\/miumjau.ee\/lv\/produkts\/kaku-rotallieta-tunelis-varaviksne\/\" \/>\n<meta property=\"og:site_name\" content=\"MiuMjau\" \/>\n<meta property=\"article:publisher\" content=\"https:\/\/www.facebook.com\/miumjaupood\/\" \/>\n<meta property=\"og:image\" content=\"https:\/\/miumjau.ee\/wp-content\/uploads\/2023\/01\/kassi_manguasi_tunnel_sirge.webp\" \/>\n\t<meta property=\"og:image:width\" content=\"640\" \/>\n\t<meta property=\"og:image:height\" content=\"640\" \/>\n\t<meta property=\"og:image:type\" content=\"image\/webp\" \/>\n<meta name=\"twitter:card\" content=\"summary_large_image\" \/>\n<script type=\"application\/ld+json\" class=\"yoast-schema-graph\">{\"@context\":\"https:\/\/schema.org\",\"@graph\":[{\"@type\":\"WebPage\",\"@id\":\"https:\/\/miumjau.ee\/lv\/produkts\/kaku-rotallieta-tunelis-varaviksne\/\",\"url\":\"https:\/\/miumjau.ee\/lv\/produkts\/kaku-rotallieta-tunelis-varaviksne\/\",\"name\":\"Ka\u0137u rota\u013clieta, tunelis, varav\u012bksne - MiuMjau\",\"isPartOf\":{\"@id\":\"https:\/\/miumjau.ee\/#website\"},\"primaryImageOfPage\":{\"@id\":\"https:\/\/miumjau.ee\/lv\/produkts\/kaku-rotallieta-tunelis-varaviksne\/#primaryimage\"},\"image\":{\"@id\":\"https:\/\/miumjau.ee\/lv\/produkts\/kaku-rotallieta-tunelis-varaviksne\/#primaryimage\"},\"thumbnailUrl\":\"https:\/\/miumjau.ee\/wp-content\/uploads\/2023\/01\/kassi_manguasi_tunnel_sirge.webp\",\"datePublished\":\"2023-01-15T07:01:32+00:00\",\"breadcrumb\":{\"@id\":\"https:\/\/miumjau.ee\/lv\/produkts\/kaku-rotallieta-tunelis-varaviksne\/#breadcrumb\"},\"inLanguage\":\"lv-LV\",\"potentialAction\":[{\"@type\":\"ReadAction\",\"target\":[\"https:\/\/miumjau.ee\/lv\/produkts\/kaku-rotallieta-tunelis-varaviksne\/\"]}]},{\"@type\":\"ImageObject\",\"inLanguage\":\"lv-LV\",\"@id\":\"https:\/\/miumjau.ee\/lv\/produkts\/kaku-rotallieta-tunelis-varaviksne\/#primaryimage\",\"url\":\"https:\/\/miumjau.ee\/wp-content\/uploads\/2023\/01\/kassi_manguasi_tunnel_sirge.webp\",\"contentUrl\":\"https:\/\/miumjau.ee\/wp-content\/uploads\/2023\/01\/kassi_manguasi_tunnel_sirge.webp\",\"width\":640,\"height\":640},{\"@type\":\"BreadcrumbList\",\"@id\":\"https:\/\/miumjau.ee\/lv\/produkts\/kaku-rotallieta-tunelis-varaviksne\/#breadcrumb\",\"itemListElement\":[{\"@type\":\"ListItem\",\"position\":1,\"name\":\"Home\",\"item\":\"https:\/\/miumjau.ee\/lv\/\"},{\"@type\":\"ListItem\",\"position\":2,\"name\":\"Veikals\",\"item\":\"https:\/\/miumjau.ee\/lv\/veikals\/\"},{\"@type\":\"ListItem\",\"position\":3,\"name\":\"Ka\u0137u rota\u013clieta, tunelis, varav\u012bksne\"}]},{\"@type\":\"WebSite\",\"@id\":\"https:\/\/miumjau.ee\/#website\",\"url\":\"https:\/\/miumjau.ee\/\",\"name\":\"MiuMjau\",\"description\":\"Kraapimispuud kassidele\",\"publisher\":{\"@id\":\"https:\/\/miumjau.ee\/#organization\"},\"potentialAction\":[{\"@type\":\"SearchAction\",\"target\":{\"@type\":\"EntryPoint\",\"urlTemplate\":\"https:\/\/miumjau.ee\/?s={search_term_string}\"},\"query-input\":{\"@type\":\"PropertyValueSpecification\",\"valueRequired\":true,\"valueName\":\"search_term_string\"}}],\"inLanguage\":\"lv-LV\"},{\"@type\":\"Organization\",\"@id\":\"https:\/\/miumjau.ee\/#organization\",\"name\":\"MiuMjau O\u00dc\",\"url\":\"https:\/\/miumjau.ee\/\",\"logo\":{\"@type\":\"ImageObject\",\"inLanguage\":\"lv-LV\",\"@id\":\"https:\/\/miumjau.ee\/#\/schema\/logo\/image\/\",\"url\":\"https:\/\/miumjau.ee\/wp-content\/uploads\/2022\/04\/MiuMjau-logo-kollane.png\",\"contentUrl\":\"https:\/\/miumjau.ee\/wp-content\/uploads\/2022\/04\/MiuMjau-logo-kollane.png\",\"width\":219,\"height\":100,\"caption\":\"MiuMjau O\u00dc\"},\"image\":{\"@id\":\"https:\/\/miumjau.ee\/#\/schema\/logo\/image\/\"},\"sameAs\":[\"https:\/\/www.facebook.com\/miumjaupood\/\"]}]}<\/script>\n<!-- \/ Yoast SEO plugin. -->","yoast_head_json":{"title":"Ka\u0137u rota\u013clieta, tunelis, varav\u012bksne - MiuMjau","robots":{"index":"index","follow":"follow","max-snippet":"max-snippet:-1","max-image-preview":"max-image-preview:large","max-video-preview":"max-video-preview:-1"},"canonical":"https:\/\/miumjau.ee\/lv\/produkts\/kaku-rotallieta-tunelis-varaviksne\/","og_locale":"lv_LV","og_type":"article","og_title":"Ka\u0137u rota\u013clieta, tunelis, varav\u012bksne - MiuMjau","og_description":"Ka\u0137u rota\u013clieta \u201ctunelis\u201d pied\u0101v\u0101 ka\u0137im jautru laika pavad\u012b\u0161anu. Ka\u0137iem pat\u012bk caur to izl\u012bst, tur gul\u0161\u0146\u0101t, vicin\u0101t \u0137epu caur atver\u0113m utt.Ja tunelis pa\u0161laik netiek izmantots, to var \u0113rti saloc\u012bt da\u017eu sekun\u017eu laik\u0101. Garums apm\u0113ram 115 cm un atveru diametrs 25 cm.","og_url":"https:\/\/miumjau.ee\/lv\/produkts\/kaku-rotallieta-tunelis-varaviksne\/","og_site_name":"MiuMjau","article_publisher":"https:\/\/www.facebook.com\/miumjaupood\/","og_image":[{"width":640,"height":640,"url":"https:\/\/miumjau.ee\/wp-content\/uploads\/2023\/01\/kassi_manguasi_tunnel_sirge.webp","type":"image\/webp"}],"twitter_card":"summary_large_image","schema":{"@context":"https:\/\/schema.org","@graph":[{"@type":"WebPage","@id":"https:\/\/miumjau.ee\/lv\/produkts\/kaku-rotallieta-tunelis-varaviksne\/","url":"https:\/\/miumjau.ee\/lv\/produkts\/kaku-rotallieta-tunelis-varaviksne\/","name":"Ka\u0137u rota\u013clieta, tunelis, varav\u012bksne - MiuMjau","isPartOf":{"@id":"https:\/\/miumjau.ee\/#website"},"primaryImageOfPage":{"@id":"https:\/\/miumjau.ee\/lv\/produkts\/kaku-rotallieta-tunelis-varaviksne\/#primaryimage"},"image":{"@id":"https:\/\/miumjau.ee\/lv\/produkts\/kaku-rotallieta-tunelis-varaviksne\/#primaryimage"},"thumbnailUrl":"https:\/\/miumjau.ee\/wp-content\/uploads\/2023\/01\/kassi_manguasi_tunnel_sirge.webp","datePublished":"2023-01-15T07:01:32+00:00","breadcrumb":{"@id":"https:\/\/miumjau.ee\/lv\/produkts\/kaku-rotallieta-tunelis-varaviksne\/#breadcrumb"},"inLanguage":"lv-LV","potentialAction":[{"@type":"ReadAction","target":["https:\/\/miumjau.ee\/lv\/produkts\/kaku-rotallieta-tunelis-varaviksne\/"]}]},{"@type":"ImageObject","inLanguage":"lv-LV","@id":"https:\/\/miumjau.ee\/lv\/produkts\/kaku-rotallieta-tunelis-varaviksne\/#primaryimage","url":"https:\/\/miumjau.ee\/wp-content\/uploads\/2023\/01\/kassi_manguasi_tunnel_sirge.webp","contentUrl":"https:\/\/miumjau.ee\/wp-content\/uploads\/2023\/01\/kassi_manguasi_tunnel_sirge.webp","width":640,"height":640},{"@type":"BreadcrumbList","@id":"https:\/\/miumjau.ee\/lv\/produkts\/kaku-rotallieta-tunelis-varaviksne\/#breadcrumb","itemListElement":[{"@type":"ListItem","position":1,"name":"Home","item":"https:\/\/miumjau.ee\/lv\/"},{"@type":"ListItem","position":2,"name":"Veikals","item":"https:\/\/miumjau.ee\/lv\/veikals\/"},{"@type":"ListItem","position":3,"name":"Ka\u0137u rota\u013clieta, tunelis, varav\u012bksne"}]},{"@type":"WebSite","@id":"https:\/\/miumjau.ee\/#website","url":"https:\/\/miumjau.ee\/","name":"MiuMjau","description":"Kraapimispuud kassidele","publisher":{"@id":"https:\/\/miumjau.ee\/#organization"},"potentialAction":[{"@type":"SearchAction","target":{"@type":"EntryPoint","urlTemplate":"https:\/\/miumjau.ee\/?s={search_term_string}"},"query-input":{"@type":"PropertyValueSpecification","valueRequired":true,"valueName":"search_term_string"}}],"inLanguage":"lv-LV"},{"@type":"Organization","@id":"https:\/\/miumjau.ee\/#organization","name":"MiuMjau O\u00dc","url":"https:\/\/miumjau.ee\/","logo":{"@type":"ImageObject","inLanguage":"lv-LV","@id":"https:\/\/miumjau.ee\/#\/schema\/logo\/image\/","url":"https:\/\/miumjau.ee\/wp-content\/uploads\/2022\/04\/MiuMjau-logo-kollane.png","contentUrl":"https:\/\/miumjau.ee\/wp-content\/uploads\/2022\/04\/MiuMjau-logo-kollane.png","width":219,"height":100,"caption":"MiuMjau O\u00dc"},"image":{"@id":"https:\/\/miumjau.ee\/#\/schema\/logo\/image\/"},"sameAs":["https:\/\/www.facebook.com\/miumjaupood\/"]}]}},"_links":{"self":[{"href":"https:\/\/miumjau.ee\/lv\/wp-json\/wp\/v2\/product\/56233","targetHints":{"allow":["GET"]}}],"collection":[{"href":"https:\/\/miumjau.ee\/lv\/wp-json\/wp\/v2\/product"}],"about":[{"href":"https:\/\/miumjau.ee\/lv\/wp-json\/wp\/v2\/types\/product"}],"wp:featuredmedia":[{"embeddable":true,"href":"https:\/\/miumjau.ee\/lv\/wp-json\/wp\/v2\/media\/56234"}],"wp:attachment":[{"href":"https:\/\/miumjau.ee\/lv\/wp-json\/wp\/v2\/media?parent=56233"}],"wp:term":[{"taxonomy":"product_brand","embeddable":true,"href":"https:\/\/miumjau.ee\/lv\/wp-json\/wp\/v2\/product_brand?post=56233"},{"taxonomy":"product_cat","embeddable":true,"href":"https:\/\/miumjau.ee\/lv\/wp-json\/wp\/v2\/product_cat?post=56233"},{"taxonomy":"product_tag","embeddable":true,"href":"https:\/\/miumjau.ee\/lv\/wp-json\/wp\/v2\/product_tag?post=56233"}],"curies":[{"name":"wp","href":"https:\/\/api.w.org\/{rel}","templated":true}]}}