{"id":56224,"date":"2024-11-06T14:47:22","date_gmt":"2024-11-06T12:47:22","guid":{"rendered":"https:\/\/miumjau.ee\/toode\/aatas-cat-tantalizing-mitra-bariba-ar-tunci-un-liellopu-galu-80-g\/"},"modified":"2024-11-06T14:47:22","modified_gmt":"2024-11-06T12:47:22","slug":"aatas-cat-tantalizing-mitra-bariba-ar-tunci-un-liellopu-galu-80-g","status":"publish","type":"product","link":"https:\/\/miumjau.ee\/lv\/produkts\/aatas-cat-tantalizing-mitra-bariba-ar-tunci-un-liellopu-galu-80-g\/","title":{"rendered":"Aatas Cat Tantalizing mitr\u0101 bar\u012bba ar tunci un liellopu ga\u013cu, 80 g"},"content":{"rendered":"","protected":false},"excerpt":{"rendered":"<p data-start=\"158\" data-end=\"437\">Aatas Cat Tantalizing Tuna un Beef \u2013 konservi ka\u0137iem ar tunci un liellopu ga\u013cu, 80 g \u2013 \u0160ie gardie konservi satur dab\u012bgas sast\u0101vda\u013cas, nesatur graudus, m\u0101ksl\u012bg\u0101s kr\u0101svielas, aromatiz\u0113t\u0101jus vai konservantus. Sast\u0101v\u0101 ir dro\u0161i nozvejots tuncis un l\u0113ni v\u0101r\u012bti liellopa ga\u013cas gabali.<\/p>\n<p data-start=\"439\" data-end=\"597\"><strong data-start=\"439\" data-end=\"451\">Sast\u0101vs:<\/strong> tuncis buljons, tuncis, liellopa ga\u013ca, biezin\u0101t\u0101ji (j\u016bras a\u013c\u0123es, kasijas sve\u0137i, guar sve\u0137i, karobu koksnes sve\u0137i, k\u0101lija hlor\u012bds un karbon\u0101ti).<\/p>\n<p data-start=\"599\" data-end=\"621\"><strong data-start=\"599\" data-end=\"619\">Sast\u0101va anal\u012bze:<\/strong><\/p>\n<ul data-start=\"622\" data-end=\"744\">\n<li data-section-id=\"1on3bad\" data-start=\"622\" data-end=\"649\">Kopprote\u012bns (min) 10,0%<\/li>\n<li data-section-id=\"23rwu7\" data-start=\"650\" data-end=\"673\">Koptauki (min) 0,3%<\/li>\n<li data-section-id=\"v2cl8s\" data-start=\"674\" data-end=\"699\">Kop\u0161\u0137iedra (max) 1,0%<\/li>\n<li data-section-id=\"18sjk7d\" data-start=\"700\" data-end=\"720\">Pelni (max) 3,0%<\/li>\n<li data-section-id=\"4ehqy4\" data-start=\"721\" data-end=\"744\">Mitrums (max) 89,0%<\/li>\n<\/ul>\n<p data-start=\"746\" data-end=\"791\"><strong data-start=\"746\" data-end=\"770\">Ener\u0123\u0113tisk\u0101 v\u0113rt\u012bba:<\/strong> 37,6 kcal\/konservs<\/p>\n","protected":false},"featured_media":49656,"template":"","meta":[],"product_brand":[],"product_cat":[571],"product_tag":[],"class_list":{"0":"post-56224","1":"product","2":"type-product","3":"status-publish","4":"has-post-thumbnail","6":"product_cat-mitra-bariba","8":"first","9":"instock","10":"taxable","11":"shipping-taxable","12":"purchasable","13":"product-type-simple"},"yoast_head":"<!-- This site is optimized with the Yoast SEO plugin v27.4 - https:\/\/yoast.com\/product\/yoast-seo-wordpress\/ -->\n<title>Aatas Cat Tantalizing mitr\u0101 bar\u012bba ar tunci un liellopu ga\u013cu, 80 g - MiuMjau<\/title>\n<meta name=\"robots\" content=\"index, follow, max-snippet:-1, max-image-preview:large, max-video-preview:-1\" \/>\n<link rel=\"canonical\" href=\"https:\/\/miumjau.ee\/lv\/produkts\/aatas-cat-tantalizing-mitra-bariba-ar-tunci-un-liellopu-galu-80-g\/\" \/>\n<meta property=\"og:locale\" content=\"lv_LV\" \/>\n<meta property=\"og:type\" content=\"article\" \/>\n<meta property=\"og:title\" content=\"Aatas Cat Tantalizing mitr\u0101 bar\u012bba ar tunci un liellopu ga\u013cu, 80 g - MiuMjau\" \/>\n<meta property=\"og:description\" content=\"Aatas Cat Tantalizing Tuna un Beef \u2013 konservi ka\u0137iem ar tunci un liellopu ga\u013cu, 80 g \u2013 \u0160ie gardie konservi satur dab\u012bgas sast\u0101vda\u013cas, nesatur graudus, m\u0101ksl\u012bg\u0101s kr\u0101svielas, aromatiz\u0113t\u0101jus vai konservantus. Sast\u0101v\u0101 ir dro\u0161i nozvejots tuncis un l\u0113ni v\u0101r\u012bti liellopa ga\u013cas gabali. Sast\u0101vs: tuncis buljons, tuncis, liellopa ga\u013ca, biezin\u0101t\u0101ji (j\u016bras a\u013c\u0123es, kasijas sve\u0137i, guar sve\u0137i, karobu koksnes sve\u0137i, k\u0101lija hlor\u012bds un karbon\u0101ti). Sast\u0101va anal\u012bze:    Kopprote\u012bns (min) 10,0%  Koptauki (min) 0,3%  Kop\u0161\u0137iedra (max) 1,0%  Pelni (max) 3,0%  Mitrums (max) 89,0%  Ener\u0123\u0113tisk\u0101 v\u0113rt\u012bba: 37,6 kcal\/konservs\" \/>\n<meta property=\"og:url\" content=\"https:\/\/miumjau.ee\/lv\/produkts\/aatas-cat-tantalizing-mitra-bariba-ar-tunci-un-liellopu-galu-80-g\/\" \/>\n<meta property=\"og:site_name\" content=\"MiuMjau\" \/>\n<meta property=\"article:publisher\" content=\"https:\/\/www.facebook.com\/miumjaupood\/\" \/>\n<meta property=\"og:image\" content=\"https:\/\/miumjau.ee\/wp-content\/uploads\/2024\/11\/aatas-tantalizing-konserv-kassidele5.jpg\" \/>\n\t<meta property=\"og:image:width\" content=\"600\" \/>\n\t<meta property=\"og:image:height\" content=\"800\" \/>\n\t<meta property=\"og:image:type\" content=\"image\/jpeg\" \/>\n<meta name=\"twitter:card\" content=\"summary_large_image\" \/>\n<script type=\"application\/ld+json\" class=\"yoast-schema-graph\">{\"@context\":\"https:\\\/\\\/schema.org\",\"@graph\":[{\"@type\":\"WebPage\",\"@id\":\"https:\\\/\\\/miumjau.ee\\\/lv\\\/produkts\\\/aatas-cat-tantalizing-mitra-bariba-ar-tunci-un-liellopu-galu-80-g\\\/\",\"url\":\"https:\\\/\\\/miumjau.ee\\\/lv\\\/produkts\\\/aatas-cat-tantalizing-mitra-bariba-ar-tunci-un-liellopu-galu-80-g\\\/\",\"name\":\"Aatas Cat Tantalizing mitr\u0101 bar\u012bba ar tunci un liellopu ga\u013cu, 80 g - MiuMjau\",\"isPartOf\":{\"@id\":\"https:\\\/\\\/miumjau.ee\\\/#website\"},\"primaryImageOfPage\":{\"@id\":\"https:\\\/\\\/miumjau.ee\\\/lv\\\/produkts\\\/aatas-cat-tantalizing-mitra-bariba-ar-tunci-un-liellopu-galu-80-g\\\/#primaryimage\"},\"image\":{\"@id\":\"https:\\\/\\\/miumjau.ee\\\/lv\\\/produkts\\\/aatas-cat-tantalizing-mitra-bariba-ar-tunci-un-liellopu-galu-80-g\\\/#primaryimage\"},\"thumbnailUrl\":\"https:\\\/\\\/miumjau.ee\\\/wp-content\\\/uploads\\\/2024\\\/11\\\/aatas-tantalizing-konserv-kassidele5.jpg\",\"datePublished\":\"2024-11-06T12:47:22+00:00\",\"breadcrumb\":{\"@id\":\"https:\\\/\\\/miumjau.ee\\\/lv\\\/produkts\\\/aatas-cat-tantalizing-mitra-bariba-ar-tunci-un-liellopu-galu-80-g\\\/#breadcrumb\"},\"inLanguage\":\"lv-LV\",\"potentialAction\":[{\"@type\":\"ReadAction\",\"target\":[\"https:\\\/\\\/miumjau.ee\\\/lv\\\/produkts\\\/aatas-cat-tantalizing-mitra-bariba-ar-tunci-un-liellopu-galu-80-g\\\/\"]}]},{\"@type\":\"ImageObject\",\"inLanguage\":\"lv-LV\",\"@id\":\"https:\\\/\\\/miumjau.ee\\\/lv\\\/produkts\\\/aatas-cat-tantalizing-mitra-bariba-ar-tunci-un-liellopu-galu-80-g\\\/#primaryimage\",\"url\":\"https:\\\/\\\/miumjau.ee\\\/wp-content\\\/uploads\\\/2024\\\/11\\\/aatas-tantalizing-konserv-kassidele5.jpg\",\"contentUrl\":\"https:\\\/\\\/miumjau.ee\\\/wp-content\\\/uploads\\\/2024\\\/11\\\/aatas-tantalizing-konserv-kassidele5.jpg\",\"width\":600,\"height\":800},{\"@type\":\"BreadcrumbList\",\"@id\":\"https:\\\/\\\/miumjau.ee\\\/lv\\\/produkts\\\/aatas-cat-tantalizing-mitra-bariba-ar-tunci-un-liellopu-galu-80-g\\\/#breadcrumb\",\"itemListElement\":[{\"@type\":\"ListItem\",\"position\":1,\"name\":\"Home\",\"item\":\"https:\\\/\\\/miumjau.ee\\\/lv\\\/\"},{\"@type\":\"ListItem\",\"position\":2,\"name\":\"Veikals\",\"item\":\"https:\\\/\\\/miumjau.ee\\\/lv\\\/veikals\\\/\"},{\"@type\":\"ListItem\",\"position\":3,\"name\":\"Aatas Cat Tantalizing mitr\u0101 bar\u012bba ar tunci un liellopu ga\u013cu, 80 g\"}]},{\"@type\":\"WebSite\",\"@id\":\"https:\\\/\\\/miumjau.ee\\\/#website\",\"url\":\"https:\\\/\\\/miumjau.ee\\\/\",\"name\":\"MiuMjau\",\"description\":\"Kraapimispuud kassidele\",\"publisher\":{\"@id\":\"https:\\\/\\\/miumjau.ee\\\/#organization\"},\"potentialAction\":[{\"@type\":\"SearchAction\",\"target\":{\"@type\":\"EntryPoint\",\"urlTemplate\":\"https:\\\/\\\/miumjau.ee\\\/?s={search_term_string}\"},\"query-input\":{\"@type\":\"PropertyValueSpecification\",\"valueRequired\":true,\"valueName\":\"search_term_string\"}}],\"inLanguage\":\"lv-LV\"},{\"@type\":\"Organization\",\"@id\":\"https:\\\/\\\/miumjau.ee\\\/#organization\",\"name\":\"MiuMjau O\u00dc\",\"url\":\"https:\\\/\\\/miumjau.ee\\\/\",\"logo\":{\"@type\":\"ImageObject\",\"inLanguage\":\"lv-LV\",\"@id\":\"https:\\\/\\\/miumjau.ee\\\/#\\\/schema\\\/logo\\\/image\\\/\",\"url\":\"https:\\\/\\\/miumjau.ee\\\/wp-content\\\/uploads\\\/2022\\\/04\\\/MiuMjau-logo-kollane.png\",\"contentUrl\":\"https:\\\/\\\/miumjau.ee\\\/wp-content\\\/uploads\\\/2022\\\/04\\\/MiuMjau-logo-kollane.png\",\"width\":219,\"height\":100,\"caption\":\"MiuMjau O\u00dc\"},\"image\":{\"@id\":\"https:\\\/\\\/miumjau.ee\\\/#\\\/schema\\\/logo\\\/image\\\/\"},\"sameAs\":[\"https:\\\/\\\/www.facebook.com\\\/miumjaupood\\\/\"]}]}<\/script>\n<!-- \/ Yoast SEO plugin. -->","yoast_head_json":{"title":"Aatas Cat Tantalizing mitr\u0101 bar\u012bba ar tunci un liellopu ga\u013cu, 80 g - MiuMjau","robots":{"index":"index","follow":"follow","max-snippet":"max-snippet:-1","max-image-preview":"max-image-preview:large","max-video-preview":"max-video-preview:-1"},"canonical":"https:\/\/miumjau.ee\/lv\/produkts\/aatas-cat-tantalizing-mitra-bariba-ar-tunci-un-liellopu-galu-80-g\/","og_locale":"lv_LV","og_type":"article","og_title":"Aatas Cat Tantalizing mitr\u0101 bar\u012bba ar tunci un liellopu ga\u013cu, 80 g - MiuMjau","og_description":"Aatas Cat Tantalizing Tuna un Beef \u2013 konservi ka\u0137iem ar tunci un liellopu ga\u013cu, 80 g \u2013 \u0160ie gardie konservi satur dab\u012bgas sast\u0101vda\u013cas, nesatur graudus, m\u0101ksl\u012bg\u0101s kr\u0101svielas, aromatiz\u0113t\u0101jus vai konservantus. Sast\u0101v\u0101 ir dro\u0161i nozvejots tuncis un l\u0113ni v\u0101r\u012bti liellopa ga\u013cas gabali. Sast\u0101vs: tuncis buljons, tuncis, liellopa ga\u013ca, biezin\u0101t\u0101ji (j\u016bras a\u013c\u0123es, kasijas sve\u0137i, guar sve\u0137i, karobu koksnes sve\u0137i, k\u0101lija hlor\u012bds un karbon\u0101ti). Sast\u0101va anal\u012bze:    Kopprote\u012bns (min) 10,0%  Koptauki (min) 0,3%  Kop\u0161\u0137iedra (max) 1,0%  Pelni (max) 3,0%  Mitrums (max) 89,0%  Ener\u0123\u0113tisk\u0101 v\u0113rt\u012bba: 37,6 kcal\/konservs","og_url":"https:\/\/miumjau.ee\/lv\/produkts\/aatas-cat-tantalizing-mitra-bariba-ar-tunci-un-liellopu-galu-80-g\/","og_site_name":"MiuMjau","article_publisher":"https:\/\/www.facebook.com\/miumjaupood\/","og_image":[{"width":600,"height":800,"url":"https:\/\/miumjau.ee\/wp-content\/uploads\/2024\/11\/aatas-tantalizing-konserv-kassidele5.jpg","type":"image\/jpeg"}],"twitter_card":"summary_large_image","schema":{"@context":"https:\/\/schema.org","@graph":[{"@type":"WebPage","@id":"https:\/\/miumjau.ee\/lv\/produkts\/aatas-cat-tantalizing-mitra-bariba-ar-tunci-un-liellopu-galu-80-g\/","url":"https:\/\/miumjau.ee\/lv\/produkts\/aatas-cat-tantalizing-mitra-bariba-ar-tunci-un-liellopu-galu-80-g\/","name":"Aatas Cat Tantalizing mitr\u0101 bar\u012bba ar tunci un liellopu ga\u013cu, 80 g - MiuMjau","isPartOf":{"@id":"https:\/\/miumjau.ee\/#website"},"primaryImageOfPage":{"@id":"https:\/\/miumjau.ee\/lv\/produkts\/aatas-cat-tantalizing-mitra-bariba-ar-tunci-un-liellopu-galu-80-g\/#primaryimage"},"image":{"@id":"https:\/\/miumjau.ee\/lv\/produkts\/aatas-cat-tantalizing-mitra-bariba-ar-tunci-un-liellopu-galu-80-g\/#primaryimage"},"thumbnailUrl":"https:\/\/miumjau.ee\/wp-content\/uploads\/2024\/11\/aatas-tantalizing-konserv-kassidele5.jpg","datePublished":"2024-11-06T12:47:22+00:00","breadcrumb":{"@id":"https:\/\/miumjau.ee\/lv\/produkts\/aatas-cat-tantalizing-mitra-bariba-ar-tunci-un-liellopu-galu-80-g\/#breadcrumb"},"inLanguage":"lv-LV","potentialAction":[{"@type":"ReadAction","target":["https:\/\/miumjau.ee\/lv\/produkts\/aatas-cat-tantalizing-mitra-bariba-ar-tunci-un-liellopu-galu-80-g\/"]}]},{"@type":"ImageObject","inLanguage":"lv-LV","@id":"https:\/\/miumjau.ee\/lv\/produkts\/aatas-cat-tantalizing-mitra-bariba-ar-tunci-un-liellopu-galu-80-g\/#primaryimage","url":"https:\/\/miumjau.ee\/wp-content\/uploads\/2024\/11\/aatas-tantalizing-konserv-kassidele5.jpg","contentUrl":"https:\/\/miumjau.ee\/wp-content\/uploads\/2024\/11\/aatas-tantalizing-konserv-kassidele5.jpg","width":600,"height":800},{"@type":"BreadcrumbList","@id":"https:\/\/miumjau.ee\/lv\/produkts\/aatas-cat-tantalizing-mitra-bariba-ar-tunci-un-liellopu-galu-80-g\/#breadcrumb","itemListElement":[{"@type":"ListItem","position":1,"name":"Home","item":"https:\/\/miumjau.ee\/lv\/"},{"@type":"ListItem","position":2,"name":"Veikals","item":"https:\/\/miumjau.ee\/lv\/veikals\/"},{"@type":"ListItem","position":3,"name":"Aatas Cat Tantalizing mitr\u0101 bar\u012bba ar tunci un liellopu ga\u013cu, 80 g"}]},{"@type":"WebSite","@id":"https:\/\/miumjau.ee\/#website","url":"https:\/\/miumjau.ee\/","name":"MiuMjau","description":"Kraapimispuud kassidele","publisher":{"@id":"https:\/\/miumjau.ee\/#organization"},"potentialAction":[{"@type":"SearchAction","target":{"@type":"EntryPoint","urlTemplate":"https:\/\/miumjau.ee\/?s={search_term_string}"},"query-input":{"@type":"PropertyValueSpecification","valueRequired":true,"valueName":"search_term_string"}}],"inLanguage":"lv-LV"},{"@type":"Organization","@id":"https:\/\/miumjau.ee\/#organization","name":"MiuMjau O\u00dc","url":"https:\/\/miumjau.ee\/","logo":{"@type":"ImageObject","inLanguage":"lv-LV","@id":"https:\/\/miumjau.ee\/#\/schema\/logo\/image\/","url":"https:\/\/miumjau.ee\/wp-content\/uploads\/2022\/04\/MiuMjau-logo-kollane.png","contentUrl":"https:\/\/miumjau.ee\/wp-content\/uploads\/2022\/04\/MiuMjau-logo-kollane.png","width":219,"height":100,"caption":"MiuMjau O\u00dc"},"image":{"@id":"https:\/\/miumjau.ee\/#\/schema\/logo\/image\/"},"sameAs":["https:\/\/www.facebook.com\/miumjaupood\/"]}]}},"_links":{"self":[{"href":"https:\/\/miumjau.ee\/lv\/wp-json\/wp\/v2\/product\/56224","targetHints":{"allow":["GET"]}}],"collection":[{"href":"https:\/\/miumjau.ee\/lv\/wp-json\/wp\/v2\/product"}],"about":[{"href":"https:\/\/miumjau.ee\/lv\/wp-json\/wp\/v2\/types\/product"}],"wp:featuredmedia":[{"embeddable":true,"href":"https:\/\/miumjau.ee\/lv\/wp-json\/wp\/v2\/media\/49656"}],"wp:attachment":[{"href":"https:\/\/miumjau.ee\/lv\/wp-json\/wp\/v2\/media?parent=56224"}],"wp:term":[{"taxonomy":"product_brand","embeddable":true,"href":"https:\/\/miumjau.ee\/lv\/wp-json\/wp\/v2\/product_brand?post=56224"},{"taxonomy":"product_cat","embeddable":true,"href":"https:\/\/miumjau.ee\/lv\/wp-json\/wp\/v2\/product_cat?post=56224"},{"taxonomy":"product_tag","embeddable":true,"href":"https:\/\/miumjau.ee\/lv\/wp-json\/wp\/v2\/product_tag?post=56224"}],"curies":[{"name":"wp","href":"https:\/\/api.w.org\/{rel}","templated":true}]}}