{"id":56214,"date":"2024-11-06T11:49:48","date_gmt":"2024-11-06T09:49:48","guid":{"rendered":"https:\/\/miumjau.ee\/toode\/aatas-cat-kremveida-konservi-kakiem-ar-vistu-un-krabji-galu-80-g\/"},"modified":"2024-11-06T11:49:48","modified_gmt":"2024-11-06T09:49:48","slug":"aatas-cat-kremveida-konservi-kakiem-ar-vistu-un-krabji-galu-80-g","status":"publish","type":"product","link":"https:\/\/miumjau.ee\/lv\/produkts\/aatas-cat-kremveida-konservi-kakiem-ar-vistu-un-krabji-galu-80-g\/","title":{"rendered":"Aatas Cat kr\u0113mveida konservi ka\u0137iem ar vistu un krabji ga\u013cu 80 g"},"content":{"rendered":"","protected":false},"excerpt":{"rendered":"<p data-start=\"142\" data-end=\"310\">Aatas Cat Creamy Chicken Crab konservi ka\u0137iem 80 g ar vistu un krabji ga\u013cu. Gar\u0161\u012bga un pilnv\u0113rt\u012bga mitr\u0101 bar\u012bba ka\u0137iem. Lieliska izv\u0113le j\u016bsu m\u012blu\u013ca vesel\u012bgam uzturam.<\/p>\n<p data-start=\"312\" data-end=\"327\"><strong data-start=\"312\" data-end=\"325\">\u012apa\u0161\u012bbas:<\/strong><\/p>\n<ul data-start=\"328\" data-end=\"509\">\n<li data-section-id=\"159ca49\" data-start=\"328\" data-end=\"343\">Dab\u012bga ga\u013ca<\/li>\n<li data-section-id=\"9lvynn\" data-start=\"344\" data-end=\"377\">Zems tauku un kaloriju saturs<\/li>\n<li data-section-id=\"yt6cf6\" data-start=\"378\" data-end=\"413\">Pat\u012bk pat izv\u0113l\u012bg\u0101kajiem ka\u0137iem<\/li>\n<li data-section-id=\"3v70j7\" data-start=\"414\" data-end=\"477\">Nesatur graudus, \u0122MO, m\u0101ksl\u012bg\u0101s kr\u0101svielas vai konservantus<\/li>\n<li data-section-id=\"107z6ji\" data-start=\"478\" data-end=\"509\">Dab\u012bga \u2013 vesel\u012bga \u2013 gar\u0161\u012bga<\/li>\n<\/ul>\n<p data-start=\"511\" data-end=\"569\"><strong data-start=\"511\" data-end=\"523\">Sast\u0101vs:<\/strong> vistas buljons, vista, krabis, biezin\u0101t\u0101ji.<\/p>\n<p data-start=\"571\" data-end=\"701\"><strong data-start=\"571\" data-end=\"591\">Sast\u0101va anal\u012bze:<\/strong> kopprote\u012bns (min) 11,5%, koptauki (min) 0,6%, kop\u0161\u0137iedra (max) 0,2%, mitrums (max) 87,0%, pelni (max) 0,4%.<\/p>\n<p data-start=\"703\" data-end=\"759\"><strong data-start=\"703\" data-end=\"727\">Ener\u0123\u0113tisk\u0101 v\u0113rt\u012bba:<\/strong> 500 kcal\/kg, 40 kcal\/konservs<\/p>\n<p data-start=\"761\" data-end=\"948\"><strong data-start=\"761\" data-end=\"786\">Baro\u0161anas nor\u0101d\u012bjumi:<\/strong> Neatv\u0113rtus Aatas Cat Creamy Chicken Crab konservus uzglab\u0101t istabas temperat\u016br\u0101. Nesald\u0113t. P\u0113c atv\u0113r\u0161anas uzglab\u0101t ledusskap\u012b. Tikai ka\u0137iem paredz\u0113tai bar\u012bbai.<\/p>\n","protected":false},"featured_media":55514,"template":"","meta":[],"product_brand":[],"product_cat":[571],"product_tag":[],"class_list":{"0":"post-56214","1":"product","2":"type-product","3":"status-publish","4":"has-post-thumbnail","6":"product_cat-mitra-bariba","8":"first","9":"instock","10":"taxable","11":"shipping-taxable","12":"purchasable","13":"product-type-simple"},"yoast_head":"<!-- This site is optimized with the Yoast SEO plugin v27.4 - https:\/\/yoast.com\/product\/yoast-seo-wordpress\/ -->\n<title>Aatas Cat kr\u0113mveida konservi ka\u0137iem ar vistu un krabji ga\u013cu 80 g - MiuMjau<\/title>\n<meta name=\"robots\" content=\"index, follow, max-snippet:-1, max-image-preview:large, max-video-preview:-1\" \/>\n<link rel=\"canonical\" href=\"https:\/\/miumjau.ee\/lv\/produkts\/aatas-cat-kremveida-konservi-kakiem-ar-vistu-un-krabji-galu-80-g\/\" \/>\n<meta property=\"og:locale\" content=\"lv_LV\" \/>\n<meta property=\"og:type\" content=\"article\" \/>\n<meta property=\"og:title\" content=\"Aatas Cat kr\u0113mveida konservi ka\u0137iem ar vistu un krabji ga\u013cu 80 g - MiuMjau\" \/>\n<meta property=\"og:description\" content=\"Aatas Cat Creamy Chicken Crab konservi ka\u0137iem 80 g ar vistu un krabji ga\u013cu. Gar\u0161\u012bga un pilnv\u0113rt\u012bga mitr\u0101 bar\u012bba ka\u0137iem. Lieliska izv\u0113le j\u016bsu m\u012blu\u013ca vesel\u012bgam uzturam. \u012apa\u0161\u012bbas:    Dab\u012bga ga\u013ca  Zems tauku un kaloriju saturs  Pat\u012bk pat izv\u0113l\u012bg\u0101kajiem ka\u0137iem  Nesatur graudus, \u0122MO, m\u0101ksl\u012bg\u0101s kr\u0101svielas vai konservantus  Dab\u012bga \u2013 vesel\u012bga \u2013 gar\u0161\u012bga  Sast\u0101vs: vistas buljons, vista, krabis, biezin\u0101t\u0101ji. Sast\u0101va anal\u012bze: kopprote\u012bns (min) 11,5%, koptauki (min) 0,6%, kop\u0161\u0137iedra (max) 0,2%, mitrums (max) 87,0%, pelni (max) 0,4%. Ener\u0123\u0113tisk\u0101 v\u0113rt\u012bba: 500 kcal\/kg, 40 kcal\/konservs Baro\u0161anas nor\u0101d\u012bjumi: Neatv\u0113rtus Aatas Cat Creamy Chicken Crab konservus uzglab\u0101t istabas temperat\u016br\u0101. Nesald\u0113t. P\u0113c atv\u0113r\u0161anas uzglab\u0101t ledusskap\u012b. Tikai ka\u0137iem paredz\u0113tai bar\u012bbai.\" \/>\n<meta property=\"og:url\" content=\"https:\/\/miumjau.ee\/lv\/produkts\/aatas-cat-kremveida-konservi-kakiem-ar-vistu-un-krabji-galu-80-g\/\" \/>\n<meta property=\"og:site_name\" content=\"MiuMjau\" \/>\n<meta property=\"article:publisher\" content=\"https:\/\/www.facebook.com\/miumjaupood\/\" \/>\n<meta property=\"og:image\" content=\"https:\/\/miumjau.ee\/wp-content\/uploads\/2024\/11\/aatas-cat-creamy-chicken-amp-crab-konserv-kassidele-Photoroom.jpg\" \/>\n\t<meta property=\"og:image:width\" content=\"600\" \/>\n\t<meta property=\"og:image:height\" content=\"800\" \/>\n\t<meta property=\"og:image:type\" content=\"image\/jpeg\" \/>\n<meta name=\"twitter:card\" content=\"summary_large_image\" \/>\n<script type=\"application\/ld+json\" class=\"yoast-schema-graph\">{\"@context\":\"https:\\\/\\\/schema.org\",\"@graph\":[{\"@type\":\"WebPage\",\"@id\":\"https:\\\/\\\/miumjau.ee\\\/lv\\\/produkts\\\/aatas-cat-kremveida-konservi-kakiem-ar-vistu-un-krabji-galu-80-g\\\/\",\"url\":\"https:\\\/\\\/miumjau.ee\\\/lv\\\/produkts\\\/aatas-cat-kremveida-konservi-kakiem-ar-vistu-un-krabji-galu-80-g\\\/\",\"name\":\"Aatas Cat kr\u0113mveida konservi ka\u0137iem ar vistu un krabji ga\u013cu 80 g - MiuMjau\",\"isPartOf\":{\"@id\":\"https:\\\/\\\/miumjau.ee\\\/#website\"},\"primaryImageOfPage\":{\"@id\":\"https:\\\/\\\/miumjau.ee\\\/lv\\\/produkts\\\/aatas-cat-kremveida-konservi-kakiem-ar-vistu-un-krabji-galu-80-g\\\/#primaryimage\"},\"image\":{\"@id\":\"https:\\\/\\\/miumjau.ee\\\/lv\\\/produkts\\\/aatas-cat-kremveida-konservi-kakiem-ar-vistu-un-krabji-galu-80-g\\\/#primaryimage\"},\"thumbnailUrl\":\"https:\\\/\\\/miumjau.ee\\\/wp-content\\\/uploads\\\/2024\\\/11\\\/aatas-cat-creamy-chicken-amp-crab-konserv-kassidele-Photoroom.jpg\",\"datePublished\":\"2024-11-06T09:49:48+00:00\",\"breadcrumb\":{\"@id\":\"https:\\\/\\\/miumjau.ee\\\/lv\\\/produkts\\\/aatas-cat-kremveida-konservi-kakiem-ar-vistu-un-krabji-galu-80-g\\\/#breadcrumb\"},\"inLanguage\":\"lv-LV\",\"potentialAction\":[{\"@type\":\"ReadAction\",\"target\":[\"https:\\\/\\\/miumjau.ee\\\/lv\\\/produkts\\\/aatas-cat-kremveida-konservi-kakiem-ar-vistu-un-krabji-galu-80-g\\\/\"]}]},{\"@type\":\"ImageObject\",\"inLanguage\":\"lv-LV\",\"@id\":\"https:\\\/\\\/miumjau.ee\\\/lv\\\/produkts\\\/aatas-cat-kremveida-konservi-kakiem-ar-vistu-un-krabji-galu-80-g\\\/#primaryimage\",\"url\":\"https:\\\/\\\/miumjau.ee\\\/wp-content\\\/uploads\\\/2024\\\/11\\\/aatas-cat-creamy-chicken-amp-crab-konserv-kassidele-Photoroom.jpg\",\"contentUrl\":\"https:\\\/\\\/miumjau.ee\\\/wp-content\\\/uploads\\\/2024\\\/11\\\/aatas-cat-creamy-chicken-amp-crab-konserv-kassidele-Photoroom.jpg\",\"width\":600,\"height\":800},{\"@type\":\"BreadcrumbList\",\"@id\":\"https:\\\/\\\/miumjau.ee\\\/lv\\\/produkts\\\/aatas-cat-kremveida-konservi-kakiem-ar-vistu-un-krabji-galu-80-g\\\/#breadcrumb\",\"itemListElement\":[{\"@type\":\"ListItem\",\"position\":1,\"name\":\"Home\",\"item\":\"https:\\\/\\\/miumjau.ee\\\/lv\\\/\"},{\"@type\":\"ListItem\",\"position\":2,\"name\":\"Veikals\",\"item\":\"https:\\\/\\\/miumjau.ee\\\/lv\\\/veikals\\\/\"},{\"@type\":\"ListItem\",\"position\":3,\"name\":\"Aatas Cat kr\u0113mveida konservi ka\u0137iem ar vistu un krabji ga\u013cu 80 g\"}]},{\"@type\":\"WebSite\",\"@id\":\"https:\\\/\\\/miumjau.ee\\\/#website\",\"url\":\"https:\\\/\\\/miumjau.ee\\\/\",\"name\":\"MiuMjau\",\"description\":\"Kraapimispuud kassidele\",\"publisher\":{\"@id\":\"https:\\\/\\\/miumjau.ee\\\/#organization\"},\"potentialAction\":[{\"@type\":\"SearchAction\",\"target\":{\"@type\":\"EntryPoint\",\"urlTemplate\":\"https:\\\/\\\/miumjau.ee\\\/?s={search_term_string}\"},\"query-input\":{\"@type\":\"PropertyValueSpecification\",\"valueRequired\":true,\"valueName\":\"search_term_string\"}}],\"inLanguage\":\"lv-LV\"},{\"@type\":\"Organization\",\"@id\":\"https:\\\/\\\/miumjau.ee\\\/#organization\",\"name\":\"MiuMjau O\u00dc\",\"url\":\"https:\\\/\\\/miumjau.ee\\\/\",\"logo\":{\"@type\":\"ImageObject\",\"inLanguage\":\"lv-LV\",\"@id\":\"https:\\\/\\\/miumjau.ee\\\/#\\\/schema\\\/logo\\\/image\\\/\",\"url\":\"https:\\\/\\\/miumjau.ee\\\/wp-content\\\/uploads\\\/2022\\\/04\\\/MiuMjau-logo-kollane.png\",\"contentUrl\":\"https:\\\/\\\/miumjau.ee\\\/wp-content\\\/uploads\\\/2022\\\/04\\\/MiuMjau-logo-kollane.png\",\"width\":219,\"height\":100,\"caption\":\"MiuMjau O\u00dc\"},\"image\":{\"@id\":\"https:\\\/\\\/miumjau.ee\\\/#\\\/schema\\\/logo\\\/image\\\/\"},\"sameAs\":[\"https:\\\/\\\/www.facebook.com\\\/miumjaupood\\\/\"]}]}<\/script>\n<!-- \/ Yoast SEO plugin. -->","yoast_head_json":{"title":"Aatas Cat kr\u0113mveida konservi ka\u0137iem ar vistu un krabji ga\u013cu 80 g - MiuMjau","robots":{"index":"index","follow":"follow","max-snippet":"max-snippet:-1","max-image-preview":"max-image-preview:large","max-video-preview":"max-video-preview:-1"},"canonical":"https:\/\/miumjau.ee\/lv\/produkts\/aatas-cat-kremveida-konservi-kakiem-ar-vistu-un-krabji-galu-80-g\/","og_locale":"lv_LV","og_type":"article","og_title":"Aatas Cat kr\u0113mveida konservi ka\u0137iem ar vistu un krabji ga\u013cu 80 g - MiuMjau","og_description":"Aatas Cat Creamy Chicken Crab konservi ka\u0137iem 80 g ar vistu un krabji ga\u013cu. Gar\u0161\u012bga un pilnv\u0113rt\u012bga mitr\u0101 bar\u012bba ka\u0137iem. Lieliska izv\u0113le j\u016bsu m\u012blu\u013ca vesel\u012bgam uzturam. \u012apa\u0161\u012bbas:    Dab\u012bga ga\u013ca  Zems tauku un kaloriju saturs  Pat\u012bk pat izv\u0113l\u012bg\u0101kajiem ka\u0137iem  Nesatur graudus, \u0122MO, m\u0101ksl\u012bg\u0101s kr\u0101svielas vai konservantus  Dab\u012bga \u2013 vesel\u012bga \u2013 gar\u0161\u012bga  Sast\u0101vs: vistas buljons, vista, krabis, biezin\u0101t\u0101ji. Sast\u0101va anal\u012bze: kopprote\u012bns (min) 11,5%, koptauki (min) 0,6%, kop\u0161\u0137iedra (max) 0,2%, mitrums (max) 87,0%, pelni (max) 0,4%. Ener\u0123\u0113tisk\u0101 v\u0113rt\u012bba: 500 kcal\/kg, 40 kcal\/konservs Baro\u0161anas nor\u0101d\u012bjumi: Neatv\u0113rtus Aatas Cat Creamy Chicken Crab konservus uzglab\u0101t istabas temperat\u016br\u0101. Nesald\u0113t. P\u0113c atv\u0113r\u0161anas uzglab\u0101t ledusskap\u012b. Tikai ka\u0137iem paredz\u0113tai bar\u012bbai.","og_url":"https:\/\/miumjau.ee\/lv\/produkts\/aatas-cat-kremveida-konservi-kakiem-ar-vistu-un-krabji-galu-80-g\/","og_site_name":"MiuMjau","article_publisher":"https:\/\/www.facebook.com\/miumjaupood\/","og_image":[{"width":600,"height":800,"url":"https:\/\/miumjau.ee\/wp-content\/uploads\/2024\/11\/aatas-cat-creamy-chicken-amp-crab-konserv-kassidele-Photoroom.jpg","type":"image\/jpeg"}],"twitter_card":"summary_large_image","schema":{"@context":"https:\/\/schema.org","@graph":[{"@type":"WebPage","@id":"https:\/\/miumjau.ee\/lv\/produkts\/aatas-cat-kremveida-konservi-kakiem-ar-vistu-un-krabji-galu-80-g\/","url":"https:\/\/miumjau.ee\/lv\/produkts\/aatas-cat-kremveida-konservi-kakiem-ar-vistu-un-krabji-galu-80-g\/","name":"Aatas Cat kr\u0113mveida konservi ka\u0137iem ar vistu un krabji ga\u013cu 80 g - MiuMjau","isPartOf":{"@id":"https:\/\/miumjau.ee\/#website"},"primaryImageOfPage":{"@id":"https:\/\/miumjau.ee\/lv\/produkts\/aatas-cat-kremveida-konservi-kakiem-ar-vistu-un-krabji-galu-80-g\/#primaryimage"},"image":{"@id":"https:\/\/miumjau.ee\/lv\/produkts\/aatas-cat-kremveida-konservi-kakiem-ar-vistu-un-krabji-galu-80-g\/#primaryimage"},"thumbnailUrl":"https:\/\/miumjau.ee\/wp-content\/uploads\/2024\/11\/aatas-cat-creamy-chicken-amp-crab-konserv-kassidele-Photoroom.jpg","datePublished":"2024-11-06T09:49:48+00:00","breadcrumb":{"@id":"https:\/\/miumjau.ee\/lv\/produkts\/aatas-cat-kremveida-konservi-kakiem-ar-vistu-un-krabji-galu-80-g\/#breadcrumb"},"inLanguage":"lv-LV","potentialAction":[{"@type":"ReadAction","target":["https:\/\/miumjau.ee\/lv\/produkts\/aatas-cat-kremveida-konservi-kakiem-ar-vistu-un-krabji-galu-80-g\/"]}]},{"@type":"ImageObject","inLanguage":"lv-LV","@id":"https:\/\/miumjau.ee\/lv\/produkts\/aatas-cat-kremveida-konservi-kakiem-ar-vistu-un-krabji-galu-80-g\/#primaryimage","url":"https:\/\/miumjau.ee\/wp-content\/uploads\/2024\/11\/aatas-cat-creamy-chicken-amp-crab-konserv-kassidele-Photoroom.jpg","contentUrl":"https:\/\/miumjau.ee\/wp-content\/uploads\/2024\/11\/aatas-cat-creamy-chicken-amp-crab-konserv-kassidele-Photoroom.jpg","width":600,"height":800},{"@type":"BreadcrumbList","@id":"https:\/\/miumjau.ee\/lv\/produkts\/aatas-cat-kremveida-konservi-kakiem-ar-vistu-un-krabji-galu-80-g\/#breadcrumb","itemListElement":[{"@type":"ListItem","position":1,"name":"Home","item":"https:\/\/miumjau.ee\/lv\/"},{"@type":"ListItem","position":2,"name":"Veikals","item":"https:\/\/miumjau.ee\/lv\/veikals\/"},{"@type":"ListItem","position":3,"name":"Aatas Cat kr\u0113mveida konservi ka\u0137iem ar vistu un krabji ga\u013cu 80 g"}]},{"@type":"WebSite","@id":"https:\/\/miumjau.ee\/#website","url":"https:\/\/miumjau.ee\/","name":"MiuMjau","description":"Kraapimispuud kassidele","publisher":{"@id":"https:\/\/miumjau.ee\/#organization"},"potentialAction":[{"@type":"SearchAction","target":{"@type":"EntryPoint","urlTemplate":"https:\/\/miumjau.ee\/?s={search_term_string}"},"query-input":{"@type":"PropertyValueSpecification","valueRequired":true,"valueName":"search_term_string"}}],"inLanguage":"lv-LV"},{"@type":"Organization","@id":"https:\/\/miumjau.ee\/#organization","name":"MiuMjau O\u00dc","url":"https:\/\/miumjau.ee\/","logo":{"@type":"ImageObject","inLanguage":"lv-LV","@id":"https:\/\/miumjau.ee\/#\/schema\/logo\/image\/","url":"https:\/\/miumjau.ee\/wp-content\/uploads\/2022\/04\/MiuMjau-logo-kollane.png","contentUrl":"https:\/\/miumjau.ee\/wp-content\/uploads\/2022\/04\/MiuMjau-logo-kollane.png","width":219,"height":100,"caption":"MiuMjau O\u00dc"},"image":{"@id":"https:\/\/miumjau.ee\/#\/schema\/logo\/image\/"},"sameAs":["https:\/\/www.facebook.com\/miumjaupood\/"]}]}},"_links":{"self":[{"href":"https:\/\/miumjau.ee\/lv\/wp-json\/wp\/v2\/product\/56214","targetHints":{"allow":["GET"]}}],"collection":[{"href":"https:\/\/miumjau.ee\/lv\/wp-json\/wp\/v2\/product"}],"about":[{"href":"https:\/\/miumjau.ee\/lv\/wp-json\/wp\/v2\/types\/product"}],"wp:featuredmedia":[{"embeddable":true,"href":"https:\/\/miumjau.ee\/lv\/wp-json\/wp\/v2\/media\/55514"}],"wp:attachment":[{"href":"https:\/\/miumjau.ee\/lv\/wp-json\/wp\/v2\/media?parent=56214"}],"wp:term":[{"taxonomy":"product_brand","embeddable":true,"href":"https:\/\/miumjau.ee\/lv\/wp-json\/wp\/v2\/product_brand?post=56214"},{"taxonomy":"product_cat","embeddable":true,"href":"https:\/\/miumjau.ee\/lv\/wp-json\/wp\/v2\/product_cat?post=56214"},{"taxonomy":"product_tag","embeddable":true,"href":"https:\/\/miumjau.ee\/lv\/wp-json\/wp\/v2\/product_tag?post=56214"}],"curies":[{"name":"wp","href":"https:\/\/api.w.org\/{rel}","templated":true}]}}