{"id":56208,"date":"2024-10-24T21:30:15","date_gmt":"2024-10-24T18:30:15","guid":{"rendered":"https:\/\/miumjau.ee\/toode\/brit-care-soup-titara-zupa-kakiem-75-g\/"},"modified":"2024-10-24T21:30:15","modified_gmt":"2024-10-24T18:30:15","slug":"brit-care-soup-titara-zupa-kakiem-75-g","status":"publish","type":"product","link":"https:\/\/miumjau.ee\/lv\/produkts\/brit-care-soup-titara-zupa-kakiem-75-g\/","title":{"rendered":"Brit Care Soup t\u012btara zupa ka\u0137iem 75 g"},"content":{"rendered":"","protected":false},"excerpt":{"rendered":"<p data-start=\"112\" data-end=\"217\">Bezgraudu bar\u012bbas papildin\u0101jums \u2013 zupa ar t\u012btara ga\u013cu pieaugu\u0161iem ka\u0137iem. Piem\u0113rots steriliz\u0113tiem ka\u0137iem.<\/p>\n<p data-start=\"219\" data-end=\"538\">Bez graudiem.<br data-start=\"232\" data-end=\"235\" \/>Bez \u0122MO \/ bez sojas \/ bez pievienota cukura.<br data-start=\"279\" data-end=\"282\" \/>Piem\u0113rots steriliz\u0113tiem ka\u0137iem \u2013 L-metion\u012bns.<br data-start=\"327\" data-end=\"330\" \/>Ar taur\u012bnu.<br data-start=\"341\" data-end=\"344\" \/>Barojo\u0161s, nomierino\u0161s \u2013 ka\u0137um\u0113tra, pretstresa funkcija.<br data-start=\"399\" data-end=\"402\" \/>Prebioti\u0137i \u2013 fruktooligosahar\u012bdi, pal\u012bdz uztur\u0113t vesel\u012bgu zarnu vidi.<br data-start=\"471\" data-end=\"474\" \/>Probioti\u0137i \u2013 inaktiv\u0113ti Lactobacillus, im\u016bnmodul\u0113jo\u0161a iedarb\u012bba.<\/p>\n<p data-start=\"540\" data-end=\"798\"><strong data-start=\"540\" data-end=\"552\">Sast\u0101vs:<\/strong> Dzeramais \u016bdens, 16% vistas ga\u013ca, 4% t\u012btars, 0,5% hidroliz\u0113tas aknas, 0,5% lignoceluloze, kalt\u0113ta ka\u0137um\u0113tra (100 mg\/kg), fruktooligosahar\u012bdi (100 mg\/kg), inaktiv\u0113tas bakt\u0113rijas un to da\u013cas (Lactobacillus helveticus HA \u2013 122, 1,5 \u00d7 10\u2078 \u0161\u016bnas\/kg).<\/p>\n<p data-start=\"800\" data-end=\"954\"><strong data-start=\"800\" data-end=\"828\">Anal\u012btisk\u0101s sast\u0101vda\u013cas:<\/strong><br data-start=\"828\" data-end=\"831\" \/>Kopprote\u012bns 2,0%, koptauki 1,0%, koppele 0,5%, kop\u0161\u0137iedra 0,2%, mitrums 95,0%, kalcijs 0,01%, fosfors 0,02%, n\u0101trijs 0,05%.<\/p>\n<p data-start=\"956\" data-end=\"1031\"><strong data-start=\"956\" data-end=\"977\">Bar\u012bbas piedevas:<\/strong><br data-start=\"977\" data-end=\"980\" \/>L-metion\u012bns (3c305) 500 mg, taur\u012bns (3a370) 500 mg.<\/p>\n<p data-start=\"1033\" data-end=\"1069\">Metaboliz\u0113jam\u0101 ener\u0123ija 225 kcal\/kg.<\/p>\n<p data-start=\"1071\" data-end=\"1586\"><strong data-start=\"1071\" data-end=\"1095\">Baro\u0161anas ieteikumi:<\/strong><br data-start=\"1095\" data-end=\"1098\" \/>Ide\u0101li piem\u0113rots hidrat\u0101cijas uzlabo\u0161anai. Apet\u012btes uzlabo\u0161anai var izmantot, p\u0101rlejot p\u0101r sauso bar\u012bbu. Dodiet Brit Care Cat Soup Turkey istabas temperat\u016br\u0101 k\u0101 papildbar\u012bbu pie pamatbar\u012bbas. Ieteicam\u0101 dienas deva var at\u0161\u0137irties atkar\u012bb\u0101 no ka\u0137a vecuma, aktivit\u0101tes un vides. Piem\u0113rota deva pieaugu\u0161am ka\u0137im ir 2 porcijas dien\u0101. Vienm\u0113r nodro\u0161iniet svaigu \u016bdeni. Uzglab\u0101t v\u0113s\u0101, saus\u0101 viet\u0101, pasarg\u0101t no tie\u0161iem saules stariem. P\u0113c atv\u0113r\u0161anas uzglab\u0101t ledusskap\u012b un izlietot 3 dienu laik\u0101.<\/p>\n<p data-start=\"1588\" data-end=\"1634\"><strong data-start=\"1588\" data-end=\"1634\">\u012astas gar\u0161as j\u016bsu m\u012b\u013cotajam m\u0101jdz\u012bvniekam.<\/strong><\/p>\n","protected":false},"featured_media":56209,"template":"","meta":[],"product_brand":[],"product_cat":[571],"product_tag":[],"class_list":{"0":"post-56208","1":"product","2":"type-product","3":"status-publish","4":"has-post-thumbnail","6":"product_cat-mitra-bariba","8":"first","9":"instock","10":"taxable","11":"shipping-taxable","12":"purchasable","13":"product-type-simple"},"yoast_head":"<!-- This site is optimized with the Yoast SEO plugin v27.4 - https:\/\/yoast.com\/product\/yoast-seo-wordpress\/ -->\n<title>Brit Care Soup t\u012btara zupa ka\u0137iem 75 g - MiuMjau<\/title>\n<meta name=\"robots\" content=\"index, follow, max-snippet:-1, max-image-preview:large, max-video-preview:-1\" \/>\n<link rel=\"canonical\" href=\"https:\/\/miumjau.ee\/lv\/produkts\/brit-care-soup-titara-zupa-kakiem-75-g\/\" \/>\n<meta property=\"og:locale\" content=\"lv_LV\" \/>\n<meta property=\"og:type\" content=\"article\" \/>\n<meta property=\"og:title\" content=\"Brit Care Soup t\u012btara zupa ka\u0137iem 75 g - MiuMjau\" \/>\n<meta property=\"og:description\" content=\"Bezgraudu bar\u012bbas papildin\u0101jums \u2013 zupa ar t\u012btara ga\u013cu pieaugu\u0161iem ka\u0137iem. Piem\u0113rots steriliz\u0113tiem ka\u0137iem. Bez graudiem.Bez \u0122MO \/ bez sojas \/ bez pievienota cukura.Piem\u0113rots steriliz\u0113tiem ka\u0137iem \u2013 L-metion\u012bns.Ar taur\u012bnu.Barojo\u0161s, nomierino\u0161s \u2013 ka\u0137um\u0113tra, pretstresa funkcija.Prebioti\u0137i \u2013 fruktooligosahar\u012bdi, pal\u012bdz uztur\u0113t vesel\u012bgu zarnu vidi.Probioti\u0137i \u2013 inaktiv\u0113ti Lactobacillus, im\u016bnmodul\u0113jo\u0161a iedarb\u012bba. Sast\u0101vs: Dzeramais \u016bdens, 16% vistas ga\u013ca, 4% t\u012btars, 0,5% hidroliz\u0113tas aknas, 0,5% lignoceluloze, kalt\u0113ta ka\u0137um\u0113tra (100 mg\/kg), fruktooligosahar\u012bdi (100 mg\/kg), inaktiv\u0113tas bakt\u0113rijas un to da\u013cas (Lactobacillus helveticus HA \u2013 122, 1,5 \u00d7 10\u2078 \u0161\u016bnas\/kg). Anal\u012btisk\u0101s sast\u0101vda\u013cas:Kopprote\u012bns 2,0%, koptauki 1,0%, koppele 0,5%, kop\u0161\u0137iedra 0,2%, mitrums 95,0%, kalcijs 0,01%, fosfors 0,02%, n\u0101trijs 0,05%. Bar\u012bbas piedevas:L-metion\u012bns (3c305) 500 mg, taur\u012bns (3a370) 500 mg. Metaboliz\u0113jam\u0101 ener\u0123ija 225 kcal\/kg. Baro\u0161anas ieteikumi:Ide\u0101li piem\u0113rots hidrat\u0101cijas uzlabo\u0161anai. Apet\u012btes uzlabo\u0161anai var izmantot, p\u0101rlejot p\u0101r sauso bar\u012bbu. Dodiet Brit Care Cat Soup Turkey istabas temperat\u016br\u0101 k\u0101 papildbar\u012bbu pie pamatbar\u012bbas. Ieteicam\u0101 dienas deva var at\u0161\u0137irties atkar\u012bb\u0101 no ka\u0137a vecuma, aktivit\u0101tes un vides. Piem\u0113rota deva pieaugu\u0161am ka\u0137im ir 2 porcijas dien\u0101. Vienm\u0113r nodro\u0161iniet svaigu \u016bdeni. Uzglab\u0101t v\u0113s\u0101, saus\u0101 viet\u0101, pasarg\u0101t no tie\u0161iem saules stariem. P\u0113c atv\u0113r\u0161anas uzglab\u0101t ledusskap\u012b un izlietot 3 dienu laik\u0101. \u012astas gar\u0161as j\u016bsu m\u012b\u013cotajam m\u0101jdz\u012bvniekam.\" \/>\n<meta property=\"og:url\" content=\"https:\/\/miumjau.ee\/lv\/produkts\/brit-care-soup-titara-zupa-kakiem-75-g\/\" \/>\n<meta property=\"og:site_name\" content=\"MiuMjau\" \/>\n<meta property=\"article:publisher\" content=\"https:\/\/www.facebook.com\/miumjaupood\/\" \/>\n<meta property=\"og:image\" content=\"https:\/\/miumjau.ee\/wp-content\/uploads\/2024\/10\/brit-care-soup2-1.jpg\" \/>\n\t<meta property=\"og:image:width\" content=\"600\" \/>\n\t<meta property=\"og:image:height\" content=\"800\" \/>\n\t<meta property=\"og:image:type\" content=\"image\/jpeg\" \/>\n<meta name=\"twitter:card\" content=\"summary_large_image\" \/>\n<script type=\"application\/ld+json\" class=\"yoast-schema-graph\">{\"@context\":\"https:\\\/\\\/schema.org\",\"@graph\":[{\"@type\":\"WebPage\",\"@id\":\"https:\\\/\\\/miumjau.ee\\\/lv\\\/produkts\\\/brit-care-soup-titara-zupa-kakiem-75-g\\\/\",\"url\":\"https:\\\/\\\/miumjau.ee\\\/lv\\\/produkts\\\/brit-care-soup-titara-zupa-kakiem-75-g\\\/\",\"name\":\"Brit Care Soup t\u012btara zupa ka\u0137iem 75 g - MiuMjau\",\"isPartOf\":{\"@id\":\"https:\\\/\\\/miumjau.ee\\\/#website\"},\"primaryImageOfPage\":{\"@id\":\"https:\\\/\\\/miumjau.ee\\\/lv\\\/produkts\\\/brit-care-soup-titara-zupa-kakiem-75-g\\\/#primaryimage\"},\"image\":{\"@id\":\"https:\\\/\\\/miumjau.ee\\\/lv\\\/produkts\\\/brit-care-soup-titara-zupa-kakiem-75-g\\\/#primaryimage\"},\"thumbnailUrl\":\"https:\\\/\\\/miumjau.ee\\\/wp-content\\\/uploads\\\/2024\\\/10\\\/brit-care-soup2-1.jpg\",\"datePublished\":\"2024-10-24T18:30:15+00:00\",\"breadcrumb\":{\"@id\":\"https:\\\/\\\/miumjau.ee\\\/lv\\\/produkts\\\/brit-care-soup-titara-zupa-kakiem-75-g\\\/#breadcrumb\"},\"inLanguage\":\"lv-LV\",\"potentialAction\":[{\"@type\":\"ReadAction\",\"target\":[\"https:\\\/\\\/miumjau.ee\\\/lv\\\/produkts\\\/brit-care-soup-titara-zupa-kakiem-75-g\\\/\"]}]},{\"@type\":\"ImageObject\",\"inLanguage\":\"lv-LV\",\"@id\":\"https:\\\/\\\/miumjau.ee\\\/lv\\\/produkts\\\/brit-care-soup-titara-zupa-kakiem-75-g\\\/#primaryimage\",\"url\":\"https:\\\/\\\/miumjau.ee\\\/wp-content\\\/uploads\\\/2024\\\/10\\\/brit-care-soup2-1.jpg\",\"contentUrl\":\"https:\\\/\\\/miumjau.ee\\\/wp-content\\\/uploads\\\/2024\\\/10\\\/brit-care-soup2-1.jpg\",\"width\":600,\"height\":800},{\"@type\":\"BreadcrumbList\",\"@id\":\"https:\\\/\\\/miumjau.ee\\\/lv\\\/produkts\\\/brit-care-soup-titara-zupa-kakiem-75-g\\\/#breadcrumb\",\"itemListElement\":[{\"@type\":\"ListItem\",\"position\":1,\"name\":\"Home\",\"item\":\"https:\\\/\\\/miumjau.ee\\\/lv\\\/\"},{\"@type\":\"ListItem\",\"position\":2,\"name\":\"Veikals\",\"item\":\"https:\\\/\\\/miumjau.ee\\\/lv\\\/veikals\\\/\"},{\"@type\":\"ListItem\",\"position\":3,\"name\":\"Brit Care Soup t\u012btara zupa ka\u0137iem 75 g\"}]},{\"@type\":\"WebSite\",\"@id\":\"https:\\\/\\\/miumjau.ee\\\/#website\",\"url\":\"https:\\\/\\\/miumjau.ee\\\/\",\"name\":\"MiuMjau\",\"description\":\"Kraapimispuud kassidele\",\"publisher\":{\"@id\":\"https:\\\/\\\/miumjau.ee\\\/#organization\"},\"potentialAction\":[{\"@type\":\"SearchAction\",\"target\":{\"@type\":\"EntryPoint\",\"urlTemplate\":\"https:\\\/\\\/miumjau.ee\\\/?s={search_term_string}\"},\"query-input\":{\"@type\":\"PropertyValueSpecification\",\"valueRequired\":true,\"valueName\":\"search_term_string\"}}],\"inLanguage\":\"lv-LV\"},{\"@type\":\"Organization\",\"@id\":\"https:\\\/\\\/miumjau.ee\\\/#organization\",\"name\":\"MiuMjau O\u00dc\",\"url\":\"https:\\\/\\\/miumjau.ee\\\/\",\"logo\":{\"@type\":\"ImageObject\",\"inLanguage\":\"lv-LV\",\"@id\":\"https:\\\/\\\/miumjau.ee\\\/#\\\/schema\\\/logo\\\/image\\\/\",\"url\":\"https:\\\/\\\/miumjau.ee\\\/wp-content\\\/uploads\\\/2022\\\/04\\\/MiuMjau-logo-kollane.png\",\"contentUrl\":\"https:\\\/\\\/miumjau.ee\\\/wp-content\\\/uploads\\\/2022\\\/04\\\/MiuMjau-logo-kollane.png\",\"width\":219,\"height\":100,\"caption\":\"MiuMjau O\u00dc\"},\"image\":{\"@id\":\"https:\\\/\\\/miumjau.ee\\\/#\\\/schema\\\/logo\\\/image\\\/\"},\"sameAs\":[\"https:\\\/\\\/www.facebook.com\\\/miumjaupood\\\/\"]}]}<\/script>\n<!-- \/ Yoast SEO plugin. -->","yoast_head_json":{"title":"Brit Care Soup t\u012btara zupa ka\u0137iem 75 g - MiuMjau","robots":{"index":"index","follow":"follow","max-snippet":"max-snippet:-1","max-image-preview":"max-image-preview:large","max-video-preview":"max-video-preview:-1"},"canonical":"https:\/\/miumjau.ee\/lv\/produkts\/brit-care-soup-titara-zupa-kakiem-75-g\/","og_locale":"lv_LV","og_type":"article","og_title":"Brit Care Soup t\u012btara zupa ka\u0137iem 75 g - MiuMjau","og_description":"Bezgraudu bar\u012bbas papildin\u0101jums \u2013 zupa ar t\u012btara ga\u013cu pieaugu\u0161iem ka\u0137iem. Piem\u0113rots steriliz\u0113tiem ka\u0137iem. Bez graudiem.Bez \u0122MO \/ bez sojas \/ bez pievienota cukura.Piem\u0113rots steriliz\u0113tiem ka\u0137iem \u2013 L-metion\u012bns.Ar taur\u012bnu.Barojo\u0161s, nomierino\u0161s \u2013 ka\u0137um\u0113tra, pretstresa funkcija.Prebioti\u0137i \u2013 fruktooligosahar\u012bdi, pal\u012bdz uztur\u0113t vesel\u012bgu zarnu vidi.Probioti\u0137i \u2013 inaktiv\u0113ti Lactobacillus, im\u016bnmodul\u0113jo\u0161a iedarb\u012bba. Sast\u0101vs: Dzeramais \u016bdens, 16% vistas ga\u013ca, 4% t\u012btars, 0,5% hidroliz\u0113tas aknas, 0,5% lignoceluloze, kalt\u0113ta ka\u0137um\u0113tra (100 mg\/kg), fruktooligosahar\u012bdi (100 mg\/kg), inaktiv\u0113tas bakt\u0113rijas un to da\u013cas (Lactobacillus helveticus HA \u2013 122, 1,5 \u00d7 10\u2078 \u0161\u016bnas\/kg). Anal\u012btisk\u0101s sast\u0101vda\u013cas:Kopprote\u012bns 2,0%, koptauki 1,0%, koppele 0,5%, kop\u0161\u0137iedra 0,2%, mitrums 95,0%, kalcijs 0,01%, fosfors 0,02%, n\u0101trijs 0,05%. Bar\u012bbas piedevas:L-metion\u012bns (3c305) 500 mg, taur\u012bns (3a370) 500 mg. Metaboliz\u0113jam\u0101 ener\u0123ija 225 kcal\/kg. Baro\u0161anas ieteikumi:Ide\u0101li piem\u0113rots hidrat\u0101cijas uzlabo\u0161anai. Apet\u012btes uzlabo\u0161anai var izmantot, p\u0101rlejot p\u0101r sauso bar\u012bbu. Dodiet Brit Care Cat Soup Turkey istabas temperat\u016br\u0101 k\u0101 papildbar\u012bbu pie pamatbar\u012bbas. Ieteicam\u0101 dienas deva var at\u0161\u0137irties atkar\u012bb\u0101 no ka\u0137a vecuma, aktivit\u0101tes un vides. Piem\u0113rota deva pieaugu\u0161am ka\u0137im ir 2 porcijas dien\u0101. Vienm\u0113r nodro\u0161iniet svaigu \u016bdeni. Uzglab\u0101t v\u0113s\u0101, saus\u0101 viet\u0101, pasarg\u0101t no tie\u0161iem saules stariem. P\u0113c atv\u0113r\u0161anas uzglab\u0101t ledusskap\u012b un izlietot 3 dienu laik\u0101. \u012astas gar\u0161as j\u016bsu m\u012b\u013cotajam m\u0101jdz\u012bvniekam.","og_url":"https:\/\/miumjau.ee\/lv\/produkts\/brit-care-soup-titara-zupa-kakiem-75-g\/","og_site_name":"MiuMjau","article_publisher":"https:\/\/www.facebook.com\/miumjaupood\/","og_image":[{"width":600,"height":800,"url":"https:\/\/miumjau.ee\/wp-content\/uploads\/2024\/10\/brit-care-soup2-1.jpg","type":"image\/jpeg"}],"twitter_card":"summary_large_image","schema":{"@context":"https:\/\/schema.org","@graph":[{"@type":"WebPage","@id":"https:\/\/miumjau.ee\/lv\/produkts\/brit-care-soup-titara-zupa-kakiem-75-g\/","url":"https:\/\/miumjau.ee\/lv\/produkts\/brit-care-soup-titara-zupa-kakiem-75-g\/","name":"Brit Care Soup t\u012btara zupa ka\u0137iem 75 g - MiuMjau","isPartOf":{"@id":"https:\/\/miumjau.ee\/#website"},"primaryImageOfPage":{"@id":"https:\/\/miumjau.ee\/lv\/produkts\/brit-care-soup-titara-zupa-kakiem-75-g\/#primaryimage"},"image":{"@id":"https:\/\/miumjau.ee\/lv\/produkts\/brit-care-soup-titara-zupa-kakiem-75-g\/#primaryimage"},"thumbnailUrl":"https:\/\/miumjau.ee\/wp-content\/uploads\/2024\/10\/brit-care-soup2-1.jpg","datePublished":"2024-10-24T18:30:15+00:00","breadcrumb":{"@id":"https:\/\/miumjau.ee\/lv\/produkts\/brit-care-soup-titara-zupa-kakiem-75-g\/#breadcrumb"},"inLanguage":"lv-LV","potentialAction":[{"@type":"ReadAction","target":["https:\/\/miumjau.ee\/lv\/produkts\/brit-care-soup-titara-zupa-kakiem-75-g\/"]}]},{"@type":"ImageObject","inLanguage":"lv-LV","@id":"https:\/\/miumjau.ee\/lv\/produkts\/brit-care-soup-titara-zupa-kakiem-75-g\/#primaryimage","url":"https:\/\/miumjau.ee\/wp-content\/uploads\/2024\/10\/brit-care-soup2-1.jpg","contentUrl":"https:\/\/miumjau.ee\/wp-content\/uploads\/2024\/10\/brit-care-soup2-1.jpg","width":600,"height":800},{"@type":"BreadcrumbList","@id":"https:\/\/miumjau.ee\/lv\/produkts\/brit-care-soup-titara-zupa-kakiem-75-g\/#breadcrumb","itemListElement":[{"@type":"ListItem","position":1,"name":"Home","item":"https:\/\/miumjau.ee\/lv\/"},{"@type":"ListItem","position":2,"name":"Veikals","item":"https:\/\/miumjau.ee\/lv\/veikals\/"},{"@type":"ListItem","position":3,"name":"Brit Care Soup t\u012btara zupa ka\u0137iem 75 g"}]},{"@type":"WebSite","@id":"https:\/\/miumjau.ee\/#website","url":"https:\/\/miumjau.ee\/","name":"MiuMjau","description":"Kraapimispuud kassidele","publisher":{"@id":"https:\/\/miumjau.ee\/#organization"},"potentialAction":[{"@type":"SearchAction","target":{"@type":"EntryPoint","urlTemplate":"https:\/\/miumjau.ee\/?s={search_term_string}"},"query-input":{"@type":"PropertyValueSpecification","valueRequired":true,"valueName":"search_term_string"}}],"inLanguage":"lv-LV"},{"@type":"Organization","@id":"https:\/\/miumjau.ee\/#organization","name":"MiuMjau O\u00dc","url":"https:\/\/miumjau.ee\/","logo":{"@type":"ImageObject","inLanguage":"lv-LV","@id":"https:\/\/miumjau.ee\/#\/schema\/logo\/image\/","url":"https:\/\/miumjau.ee\/wp-content\/uploads\/2022\/04\/MiuMjau-logo-kollane.png","contentUrl":"https:\/\/miumjau.ee\/wp-content\/uploads\/2022\/04\/MiuMjau-logo-kollane.png","width":219,"height":100,"caption":"MiuMjau O\u00dc"},"image":{"@id":"https:\/\/miumjau.ee\/#\/schema\/logo\/image\/"},"sameAs":["https:\/\/www.facebook.com\/miumjaupood\/"]}]}},"_links":{"self":[{"href":"https:\/\/miumjau.ee\/lv\/wp-json\/wp\/v2\/product\/56208","targetHints":{"allow":["GET"]}}],"collection":[{"href":"https:\/\/miumjau.ee\/lv\/wp-json\/wp\/v2\/product"}],"about":[{"href":"https:\/\/miumjau.ee\/lv\/wp-json\/wp\/v2\/types\/product"}],"wp:featuredmedia":[{"embeddable":true,"href":"https:\/\/miumjau.ee\/lv\/wp-json\/wp\/v2\/media\/56209"}],"wp:attachment":[{"href":"https:\/\/miumjau.ee\/lv\/wp-json\/wp\/v2\/media?parent=56208"}],"wp:term":[{"taxonomy":"product_brand","embeddable":true,"href":"https:\/\/miumjau.ee\/lv\/wp-json\/wp\/v2\/product_brand?post=56208"},{"taxonomy":"product_cat","embeddable":true,"href":"https:\/\/miumjau.ee\/lv\/wp-json\/wp\/v2\/product_cat?post=56208"},{"taxonomy":"product_tag","embeddable":true,"href":"https:\/\/miumjau.ee\/lv\/wp-json\/wp\/v2\/product_tag?post=56208"}],"curies":[{"name":"wp","href":"https:\/\/api.w.org\/{rel}","templated":true}]}}