{"id":56202,"date":"2024-10-24T21:28:29","date_gmt":"2024-10-24T18:28:29","guid":{"rendered":"https:\/\/miumjau.ee\/toode\/brit-care-soup-tunca-zupa-kakiem-75g\/"},"modified":"2024-10-24T21:28:29","modified_gmt":"2024-10-24T18:28:29","slug":"brit-care-soup-tunca-zupa-kakiem-75g","status":"publish","type":"product","link":"https:\/\/miumjau.ee\/lv\/produkts\/brit-care-soup-tunca-zupa-kakiem-75g\/","title":{"rendered":"Brit Care Soup tun\u010da zupa ka\u0137iem 75g"},"content":{"rendered":"","protected":false},"excerpt":{"rendered":"<p data-start=\"110\" data-end=\"213\">Bezgraudu bar\u012bbas papildin\u0101jums ka\u0137iem \u2013 tun\u010da zupa pieaugu\u0161iem ka\u0137iem. Piem\u0113rots steriliz\u0113tiem ka\u0137iem.<\/p>\n<p data-start=\"215\" data-end=\"534\">Bez graudiem.<br data-start=\"228\" data-end=\"231\" \/>Bez \u0122MO \/ bez sojas \/ bez pievienota cukura.<br data-start=\"275\" data-end=\"278\" \/>Piem\u0113rots steriliz\u0113tiem ka\u0137iem \u2013 L-metion\u012bns.<br data-start=\"323\" data-end=\"326\" \/>Ar taur\u012bnu.<br data-start=\"337\" data-end=\"340\" \/>Barojo\u0161s, nomierino\u0161s \u2013 ka\u0137um\u0113tra, pretstresa funkcija.<br data-start=\"395\" data-end=\"398\" \/>Prebioti\u0137i \u2013 fruktooligosahar\u012bdi, pal\u012bdz uztur\u0113t vesel\u012bgu zarnu vidi.<br data-start=\"467\" data-end=\"470\" \/>Probioti\u0137i \u2013 inaktiv\u0113ti Lactobacillus, im\u016bnmodul\u0113jo\u0161a iedarb\u012bba.<\/p>\n<p data-start=\"536\" data-end=\"794\"><strong data-start=\"536\" data-end=\"548\">Sast\u0101vs:<\/strong> Dzeramais \u016bdens, 16% vistas ga\u013ca, 4% tuncis, 0,5% hidroliz\u0113tas aknas, 0,5% lignoceluloze, kalt\u0113ta ka\u0137um\u0113tra (100 mg\/kg), fruktooligosahar\u012bdi (100 mg\/kg), inaktiv\u0113tas bakt\u0113rijas un to da\u013cas (Lactobacillus helveticus HA \u2013 122, 1,5 \u00d7 10\u2078 \u0161\u016bnas\/kg).<\/p>\n<p data-start=\"796\" data-end=\"950\"><strong data-start=\"796\" data-end=\"824\">Anal\u012btisk\u0101s sast\u0101vda\u013cas:<\/strong><br data-start=\"824\" data-end=\"827\" \/>Kopprote\u012bns 2,0%, koptauki 1,0%, koppele 0,5%, kop\u0161\u0137iedra 0,2%, mitrums 95,0%, kalcijs 0,01%, fosfors 0,02%, n\u0101trijs 0,05%.<\/p>\n<p data-start=\"952\" data-end=\"1027\"><strong data-start=\"952\" data-end=\"973\">Bar\u012bbas piedevas:<\/strong><br data-start=\"973\" data-end=\"976\" \/>L-metion\u012bns (3c305) 500 mg, taur\u012bns (3a370) 500 mg.<\/p>\n<p data-start=\"1029\" data-end=\"1065\">Metaboliz\u0113jam\u0101 ener\u0123ija 225 kcal\/kg.<\/p>\n<p data-start=\"1067\" data-end=\"1567\"><strong data-start=\"1067\" data-end=\"1091\">Baro\u0161anas ieteikumi:<\/strong> Ide\u0101li piem\u0113rots hidrat\u0101cijas uzlabo\u0161anai. Brit Care Cat Soup Tuna var izmantot apet\u012btes uzlabo\u0161anai vai pievienot sausajai bar\u012bbai. Pasniegt istabas temperat\u016br\u0101 k\u0101 papildbar\u012bbu. Ieteicam\u0101 dienas deva var at\u0161\u0137irties atkar\u012bb\u0101 no ka\u0137a vecuma, aktivit\u0101tes un vides. Piem\u0113rota deva pieaugu\u0161am ka\u0137im ir 2 porcijas dien\u0101. Vienm\u0113r nodro\u0161iniet svaigu \u016bdeni. Uzglab\u0101t v\u0113s\u0101, saus\u0101 viet\u0101, pasarg\u0101t no tie\u0161iem saules stariem. P\u0113c atv\u0113r\u0161anas uzglab\u0101t ledusskap\u012b un izlietot 3 dienu laik\u0101.<\/p>\n<p data-start=\"1569\" data-end=\"1637\"><strong data-start=\"1569\" data-end=\"1637\">\u013boti gar\u0161\u012bgs \u2013 tavs ka\u0137is tevi uzslav\u0113s par fantastisku pirkumu!<\/strong><\/p>\n","protected":false},"featured_media":56203,"template":"","meta":[],"product_brand":[],"product_cat":[571],"product_tag":[],"class_list":{"0":"post-56202","1":"product","2":"type-product","3":"status-publish","4":"has-post-thumbnail","6":"product_cat-mitra-bariba","8":"first","9":"instock","10":"sale","11":"taxable","12":"shipping-taxable","13":"purchasable","14":"product-type-simple"},"yoast_head":"<!-- This site is optimized with the Yoast SEO plugin v27.4 - https:\/\/yoast.com\/product\/yoast-seo-wordpress\/ -->\n<title>Brit Care Soup tun\u010da zupa ka\u0137iem 75g - MiuMjau<\/title>\n<meta name=\"robots\" content=\"index, follow, max-snippet:-1, max-image-preview:large, max-video-preview:-1\" \/>\n<link rel=\"canonical\" href=\"https:\/\/miumjau.ee\/lv\/produkts\/brit-care-soup-tunca-zupa-kakiem-75g\/\" \/>\n<meta property=\"og:locale\" content=\"lv_LV\" \/>\n<meta property=\"og:type\" content=\"article\" \/>\n<meta property=\"og:title\" content=\"Brit Care Soup tun\u010da zupa ka\u0137iem 75g - MiuMjau\" \/>\n<meta property=\"og:description\" content=\"Bezgraudu bar\u012bbas papildin\u0101jums ka\u0137iem \u2013 tun\u010da zupa pieaugu\u0161iem ka\u0137iem. Piem\u0113rots steriliz\u0113tiem ka\u0137iem. Bez graudiem.Bez \u0122MO \/ bez sojas \/ bez pievienota cukura.Piem\u0113rots steriliz\u0113tiem ka\u0137iem \u2013 L-metion\u012bns.Ar taur\u012bnu.Barojo\u0161s, nomierino\u0161s \u2013 ka\u0137um\u0113tra, pretstresa funkcija.Prebioti\u0137i \u2013 fruktooligosahar\u012bdi, pal\u012bdz uztur\u0113t vesel\u012bgu zarnu vidi.Probioti\u0137i \u2013 inaktiv\u0113ti Lactobacillus, im\u016bnmodul\u0113jo\u0161a iedarb\u012bba. Sast\u0101vs: Dzeramais \u016bdens, 16% vistas ga\u013ca, 4% tuncis, 0,5% hidroliz\u0113tas aknas, 0,5% lignoceluloze, kalt\u0113ta ka\u0137um\u0113tra (100 mg\/kg), fruktooligosahar\u012bdi (100 mg\/kg), inaktiv\u0113tas bakt\u0113rijas un to da\u013cas (Lactobacillus helveticus HA \u2013 122, 1,5 \u00d7 10\u2078 \u0161\u016bnas\/kg). Anal\u012btisk\u0101s sast\u0101vda\u013cas:Kopprote\u012bns 2,0%, koptauki 1,0%, koppele 0,5%, kop\u0161\u0137iedra 0,2%, mitrums 95,0%, kalcijs 0,01%, fosfors 0,02%, n\u0101trijs 0,05%. Bar\u012bbas piedevas:L-metion\u012bns (3c305) 500 mg, taur\u012bns (3a370) 500 mg. Metaboliz\u0113jam\u0101 ener\u0123ija 225 kcal\/kg. Baro\u0161anas ieteikumi: Ide\u0101li piem\u0113rots hidrat\u0101cijas uzlabo\u0161anai. Brit Care Cat Soup Tuna var izmantot apet\u012btes uzlabo\u0161anai vai pievienot sausajai bar\u012bbai. Pasniegt istabas temperat\u016br\u0101 k\u0101 papildbar\u012bbu. Ieteicam\u0101 dienas deva var at\u0161\u0137irties atkar\u012bb\u0101 no ka\u0137a vecuma, aktivit\u0101tes un vides. Piem\u0113rota deva pieaugu\u0161am ka\u0137im ir 2 porcijas dien\u0101. Vienm\u0113r nodro\u0161iniet svaigu \u016bdeni. Uzglab\u0101t v\u0113s\u0101, saus\u0101 viet\u0101, pasarg\u0101t no tie\u0161iem saules stariem. P\u0113c atv\u0113r\u0161anas uzglab\u0101t ledusskap\u012b un izlietot 3 dienu laik\u0101. \u013boti gar\u0161\u012bgs \u2013 tavs ka\u0137is tevi uzslav\u0113s par fantastisku pirkumu!\" \/>\n<meta property=\"og:url\" content=\"https:\/\/miumjau.ee\/lv\/produkts\/brit-care-soup-tunca-zupa-kakiem-75g\/\" \/>\n<meta property=\"og:site_name\" content=\"MiuMjau\" \/>\n<meta property=\"article:publisher\" content=\"https:\/\/www.facebook.com\/miumjaupood\/\" \/>\n<meta property=\"og:image\" content=\"https:\/\/miumjau.ee\/wp-content\/uploads\/2024\/10\/brit-care-soup1.jpg\" \/>\n\t<meta property=\"og:image:width\" content=\"600\" \/>\n\t<meta property=\"og:image:height\" content=\"800\" \/>\n\t<meta property=\"og:image:type\" content=\"image\/jpeg\" \/>\n<meta name=\"twitter:card\" content=\"summary_large_image\" \/>\n<script type=\"application\/ld+json\" class=\"yoast-schema-graph\">{\"@context\":\"https:\\\/\\\/schema.org\",\"@graph\":[{\"@type\":\"WebPage\",\"@id\":\"https:\\\/\\\/miumjau.ee\\\/lv\\\/produkts\\\/brit-care-soup-tunca-zupa-kakiem-75g\\\/\",\"url\":\"https:\\\/\\\/miumjau.ee\\\/lv\\\/produkts\\\/brit-care-soup-tunca-zupa-kakiem-75g\\\/\",\"name\":\"Brit Care Soup tun\u010da zupa ka\u0137iem 75g - MiuMjau\",\"isPartOf\":{\"@id\":\"https:\\\/\\\/miumjau.ee\\\/#website\"},\"primaryImageOfPage\":{\"@id\":\"https:\\\/\\\/miumjau.ee\\\/lv\\\/produkts\\\/brit-care-soup-tunca-zupa-kakiem-75g\\\/#primaryimage\"},\"image\":{\"@id\":\"https:\\\/\\\/miumjau.ee\\\/lv\\\/produkts\\\/brit-care-soup-tunca-zupa-kakiem-75g\\\/#primaryimage\"},\"thumbnailUrl\":\"https:\\\/\\\/miumjau.ee\\\/wp-content\\\/uploads\\\/2024\\\/10\\\/brit-care-soup1.jpg\",\"datePublished\":\"2024-10-24T18:28:29+00:00\",\"breadcrumb\":{\"@id\":\"https:\\\/\\\/miumjau.ee\\\/lv\\\/produkts\\\/brit-care-soup-tunca-zupa-kakiem-75g\\\/#breadcrumb\"},\"inLanguage\":\"lv-LV\",\"potentialAction\":[{\"@type\":\"ReadAction\",\"target\":[\"https:\\\/\\\/miumjau.ee\\\/lv\\\/produkts\\\/brit-care-soup-tunca-zupa-kakiem-75g\\\/\"]}]},{\"@type\":\"ImageObject\",\"inLanguage\":\"lv-LV\",\"@id\":\"https:\\\/\\\/miumjau.ee\\\/lv\\\/produkts\\\/brit-care-soup-tunca-zupa-kakiem-75g\\\/#primaryimage\",\"url\":\"https:\\\/\\\/miumjau.ee\\\/wp-content\\\/uploads\\\/2024\\\/10\\\/brit-care-soup1.jpg\",\"contentUrl\":\"https:\\\/\\\/miumjau.ee\\\/wp-content\\\/uploads\\\/2024\\\/10\\\/brit-care-soup1.jpg\",\"width\":600,\"height\":800},{\"@type\":\"BreadcrumbList\",\"@id\":\"https:\\\/\\\/miumjau.ee\\\/lv\\\/produkts\\\/brit-care-soup-tunca-zupa-kakiem-75g\\\/#breadcrumb\",\"itemListElement\":[{\"@type\":\"ListItem\",\"position\":1,\"name\":\"Home\",\"item\":\"https:\\\/\\\/miumjau.ee\\\/lv\\\/\"},{\"@type\":\"ListItem\",\"position\":2,\"name\":\"Veikals\",\"item\":\"https:\\\/\\\/miumjau.ee\\\/lv\\\/veikals\\\/\"},{\"@type\":\"ListItem\",\"position\":3,\"name\":\"Brit Care Soup tun\u010da zupa ka\u0137iem 75g\"}]},{\"@type\":\"WebSite\",\"@id\":\"https:\\\/\\\/miumjau.ee\\\/#website\",\"url\":\"https:\\\/\\\/miumjau.ee\\\/\",\"name\":\"MiuMjau\",\"description\":\"Kraapimispuud kassidele\",\"publisher\":{\"@id\":\"https:\\\/\\\/miumjau.ee\\\/#organization\"},\"potentialAction\":[{\"@type\":\"SearchAction\",\"target\":{\"@type\":\"EntryPoint\",\"urlTemplate\":\"https:\\\/\\\/miumjau.ee\\\/?s={search_term_string}\"},\"query-input\":{\"@type\":\"PropertyValueSpecification\",\"valueRequired\":true,\"valueName\":\"search_term_string\"}}],\"inLanguage\":\"lv-LV\"},{\"@type\":\"Organization\",\"@id\":\"https:\\\/\\\/miumjau.ee\\\/#organization\",\"name\":\"MiuMjau O\u00dc\",\"url\":\"https:\\\/\\\/miumjau.ee\\\/\",\"logo\":{\"@type\":\"ImageObject\",\"inLanguage\":\"lv-LV\",\"@id\":\"https:\\\/\\\/miumjau.ee\\\/#\\\/schema\\\/logo\\\/image\\\/\",\"url\":\"https:\\\/\\\/miumjau.ee\\\/wp-content\\\/uploads\\\/2022\\\/04\\\/MiuMjau-logo-kollane.png\",\"contentUrl\":\"https:\\\/\\\/miumjau.ee\\\/wp-content\\\/uploads\\\/2022\\\/04\\\/MiuMjau-logo-kollane.png\",\"width\":219,\"height\":100,\"caption\":\"MiuMjau O\u00dc\"},\"image\":{\"@id\":\"https:\\\/\\\/miumjau.ee\\\/#\\\/schema\\\/logo\\\/image\\\/\"},\"sameAs\":[\"https:\\\/\\\/www.facebook.com\\\/miumjaupood\\\/\"]}]}<\/script>\n<!-- \/ Yoast SEO plugin. -->","yoast_head_json":{"title":"Brit Care Soup tun\u010da zupa ka\u0137iem 75g - MiuMjau","robots":{"index":"index","follow":"follow","max-snippet":"max-snippet:-1","max-image-preview":"max-image-preview:large","max-video-preview":"max-video-preview:-1"},"canonical":"https:\/\/miumjau.ee\/lv\/produkts\/brit-care-soup-tunca-zupa-kakiem-75g\/","og_locale":"lv_LV","og_type":"article","og_title":"Brit Care Soup tun\u010da zupa ka\u0137iem 75g - MiuMjau","og_description":"Bezgraudu bar\u012bbas papildin\u0101jums ka\u0137iem \u2013 tun\u010da zupa pieaugu\u0161iem ka\u0137iem. Piem\u0113rots steriliz\u0113tiem ka\u0137iem. Bez graudiem.Bez \u0122MO \/ bez sojas \/ bez pievienota cukura.Piem\u0113rots steriliz\u0113tiem ka\u0137iem \u2013 L-metion\u012bns.Ar taur\u012bnu.Barojo\u0161s, nomierino\u0161s \u2013 ka\u0137um\u0113tra, pretstresa funkcija.Prebioti\u0137i \u2013 fruktooligosahar\u012bdi, pal\u012bdz uztur\u0113t vesel\u012bgu zarnu vidi.Probioti\u0137i \u2013 inaktiv\u0113ti Lactobacillus, im\u016bnmodul\u0113jo\u0161a iedarb\u012bba. Sast\u0101vs: Dzeramais \u016bdens, 16% vistas ga\u013ca, 4% tuncis, 0,5% hidroliz\u0113tas aknas, 0,5% lignoceluloze, kalt\u0113ta ka\u0137um\u0113tra (100 mg\/kg), fruktooligosahar\u012bdi (100 mg\/kg), inaktiv\u0113tas bakt\u0113rijas un to da\u013cas (Lactobacillus helveticus HA \u2013 122, 1,5 \u00d7 10\u2078 \u0161\u016bnas\/kg). Anal\u012btisk\u0101s sast\u0101vda\u013cas:Kopprote\u012bns 2,0%, koptauki 1,0%, koppele 0,5%, kop\u0161\u0137iedra 0,2%, mitrums 95,0%, kalcijs 0,01%, fosfors 0,02%, n\u0101trijs 0,05%. Bar\u012bbas piedevas:L-metion\u012bns (3c305) 500 mg, taur\u012bns (3a370) 500 mg. Metaboliz\u0113jam\u0101 ener\u0123ija 225 kcal\/kg. Baro\u0161anas ieteikumi: Ide\u0101li piem\u0113rots hidrat\u0101cijas uzlabo\u0161anai. Brit Care Cat Soup Tuna var izmantot apet\u012btes uzlabo\u0161anai vai pievienot sausajai bar\u012bbai. Pasniegt istabas temperat\u016br\u0101 k\u0101 papildbar\u012bbu. Ieteicam\u0101 dienas deva var at\u0161\u0137irties atkar\u012bb\u0101 no ka\u0137a vecuma, aktivit\u0101tes un vides. Piem\u0113rota deva pieaugu\u0161am ka\u0137im ir 2 porcijas dien\u0101. Vienm\u0113r nodro\u0161iniet svaigu \u016bdeni. Uzglab\u0101t v\u0113s\u0101, saus\u0101 viet\u0101, pasarg\u0101t no tie\u0161iem saules stariem. P\u0113c atv\u0113r\u0161anas uzglab\u0101t ledusskap\u012b un izlietot 3 dienu laik\u0101. \u013boti gar\u0161\u012bgs \u2013 tavs ka\u0137is tevi uzslav\u0113s par fantastisku pirkumu!","og_url":"https:\/\/miumjau.ee\/lv\/produkts\/brit-care-soup-tunca-zupa-kakiem-75g\/","og_site_name":"MiuMjau","article_publisher":"https:\/\/www.facebook.com\/miumjaupood\/","og_image":[{"width":600,"height":800,"url":"https:\/\/miumjau.ee\/wp-content\/uploads\/2024\/10\/brit-care-soup1.jpg","type":"image\/jpeg"}],"twitter_card":"summary_large_image","schema":{"@context":"https:\/\/schema.org","@graph":[{"@type":"WebPage","@id":"https:\/\/miumjau.ee\/lv\/produkts\/brit-care-soup-tunca-zupa-kakiem-75g\/","url":"https:\/\/miumjau.ee\/lv\/produkts\/brit-care-soup-tunca-zupa-kakiem-75g\/","name":"Brit Care Soup tun\u010da zupa ka\u0137iem 75g - MiuMjau","isPartOf":{"@id":"https:\/\/miumjau.ee\/#website"},"primaryImageOfPage":{"@id":"https:\/\/miumjau.ee\/lv\/produkts\/brit-care-soup-tunca-zupa-kakiem-75g\/#primaryimage"},"image":{"@id":"https:\/\/miumjau.ee\/lv\/produkts\/brit-care-soup-tunca-zupa-kakiem-75g\/#primaryimage"},"thumbnailUrl":"https:\/\/miumjau.ee\/wp-content\/uploads\/2024\/10\/brit-care-soup1.jpg","datePublished":"2024-10-24T18:28:29+00:00","breadcrumb":{"@id":"https:\/\/miumjau.ee\/lv\/produkts\/brit-care-soup-tunca-zupa-kakiem-75g\/#breadcrumb"},"inLanguage":"lv-LV","potentialAction":[{"@type":"ReadAction","target":["https:\/\/miumjau.ee\/lv\/produkts\/brit-care-soup-tunca-zupa-kakiem-75g\/"]}]},{"@type":"ImageObject","inLanguage":"lv-LV","@id":"https:\/\/miumjau.ee\/lv\/produkts\/brit-care-soup-tunca-zupa-kakiem-75g\/#primaryimage","url":"https:\/\/miumjau.ee\/wp-content\/uploads\/2024\/10\/brit-care-soup1.jpg","contentUrl":"https:\/\/miumjau.ee\/wp-content\/uploads\/2024\/10\/brit-care-soup1.jpg","width":600,"height":800},{"@type":"BreadcrumbList","@id":"https:\/\/miumjau.ee\/lv\/produkts\/brit-care-soup-tunca-zupa-kakiem-75g\/#breadcrumb","itemListElement":[{"@type":"ListItem","position":1,"name":"Home","item":"https:\/\/miumjau.ee\/lv\/"},{"@type":"ListItem","position":2,"name":"Veikals","item":"https:\/\/miumjau.ee\/lv\/veikals\/"},{"@type":"ListItem","position":3,"name":"Brit Care Soup tun\u010da zupa ka\u0137iem 75g"}]},{"@type":"WebSite","@id":"https:\/\/miumjau.ee\/#website","url":"https:\/\/miumjau.ee\/","name":"MiuMjau","description":"Kraapimispuud kassidele","publisher":{"@id":"https:\/\/miumjau.ee\/#organization"},"potentialAction":[{"@type":"SearchAction","target":{"@type":"EntryPoint","urlTemplate":"https:\/\/miumjau.ee\/?s={search_term_string}"},"query-input":{"@type":"PropertyValueSpecification","valueRequired":true,"valueName":"search_term_string"}}],"inLanguage":"lv-LV"},{"@type":"Organization","@id":"https:\/\/miumjau.ee\/#organization","name":"MiuMjau O\u00dc","url":"https:\/\/miumjau.ee\/","logo":{"@type":"ImageObject","inLanguage":"lv-LV","@id":"https:\/\/miumjau.ee\/#\/schema\/logo\/image\/","url":"https:\/\/miumjau.ee\/wp-content\/uploads\/2022\/04\/MiuMjau-logo-kollane.png","contentUrl":"https:\/\/miumjau.ee\/wp-content\/uploads\/2022\/04\/MiuMjau-logo-kollane.png","width":219,"height":100,"caption":"MiuMjau O\u00dc"},"image":{"@id":"https:\/\/miumjau.ee\/#\/schema\/logo\/image\/"},"sameAs":["https:\/\/www.facebook.com\/miumjaupood\/"]}]}},"_links":{"self":[{"href":"https:\/\/miumjau.ee\/lv\/wp-json\/wp\/v2\/product\/56202","targetHints":{"allow":["GET"]}}],"collection":[{"href":"https:\/\/miumjau.ee\/lv\/wp-json\/wp\/v2\/product"}],"about":[{"href":"https:\/\/miumjau.ee\/lv\/wp-json\/wp\/v2\/types\/product"}],"wp:featuredmedia":[{"embeddable":true,"href":"https:\/\/miumjau.ee\/lv\/wp-json\/wp\/v2\/media\/56203"}],"wp:attachment":[{"href":"https:\/\/miumjau.ee\/lv\/wp-json\/wp\/v2\/media?parent=56202"}],"wp:term":[{"taxonomy":"product_brand","embeddable":true,"href":"https:\/\/miumjau.ee\/lv\/wp-json\/wp\/v2\/product_brand?post=56202"},{"taxonomy":"product_cat","embeddable":true,"href":"https:\/\/miumjau.ee\/lv\/wp-json\/wp\/v2\/product_cat?post=56202"},{"taxonomy":"product_tag","embeddable":true,"href":"https:\/\/miumjau.ee\/lv\/wp-json\/wp\/v2\/product_tag?post=56202"}],"curies":[{"name":"wp","href":"https:\/\/api.w.org\/{rel}","templated":true}]}}