{"id":56198,"date":"2024-10-24T21:25:16","date_gmt":"2024-10-24T18:25:16","guid":{"rendered":"https:\/\/miumjau.ee\/toode\/brit-care-soup-lasa-zupa-kakim-75g\/"},"modified":"2024-10-24T21:25:16","modified_gmt":"2024-10-24T18:25:16","slug":"brit-care-soup-lasa-zupa-kakim-75g","status":"publish","type":"product","link":"https:\/\/miumjau.ee\/lv\/produkts\/brit-care-soup-lasa-zupa-kakim-75g\/","title":{"rendered":"Brit Care Soup la\u0161a zupa ka\u0137im 75g"},"content":{"rendered":"","protected":false},"excerpt":{"rendered":"<p data-start=\"36\" data-end=\"90\">Brit Care bezgraudu mitr\u0101 papildbar\u012bba ka\u0137iem ar lasi.<\/p>\n<p data-start=\"92\" data-end=\"446\">Satur probiotikas \u2013 inaktiv\u0113tu Lactobacillus, kas atbalsta imunit\u0101ti.<br data-start=\"161\" data-end=\"164\" \/>Satur prebiotikas \u2013 fruktooligosahar\u012bdi atbalsta zarnu mikrofloru.<br data-start=\"230\" data-end=\"233\" \/>Apet\u012bti veicino\u0161s un nomierino\u0161s \u2013 satur ka\u0137um\u0113tru, kas pal\u012bdz mazin\u0101t trauksmi.<br data-start=\"313\" data-end=\"316\" \/>Satur taur\u012bnu.<br data-start=\"330\" data-end=\"333\" \/>Piem\u0113rots steriliz\u0113tiem ka\u0137iem \u2013 satur L-metion\u012bnu.<br data-start=\"384\" data-end=\"387\" \/>Bez graudiem.<br data-start=\"400\" data-end=\"403\" \/>Nesatur \u0122MO, soju un pievienotus cukurus.<\/p>\n<p data-start=\"448\" data-end=\"702\">Sast\u0101vs \u2013 Dzeramais \u016bdens, 16% vistas ga\u013ca, 4% lasis, 0,5% hidroliz\u0113tas aknas, 0,5% lignoceluloze, kalt\u0113ta ka\u0137um\u0113tra (100 mg\/kg), fruktooligosahar\u012bdi (100 mg\/kg), inaktiv\u0113tas bakt\u0113rijas un to da\u013cas (Lactobacillus helveticus HA \u2013 122, 1,5 \u00d7 10\u2078 \u0161\u016bnas\/kg).<\/p>\n<p data-start=\"704\" data-end=\"859\">Anal\u012btisk\u0101s sast\u0101vda\u013cas \u2013 Kopprote\u012bns 2,0%, koptauki 1,0%, kop\u0161\u0137iedra 0,2%, kop\u0113jie pelni 0,5%, mitrums 95,0%, kalcijs 0,01%, fosfors 0,02%, n\u0101trijs 0,05%.<\/p>\n<p data-start=\"861\" data-end=\"931\">Bar\u012bbas piedevas \u2013 L-metion\u012bns (3c305) 500 mg, taur\u012bns (3a370) 500 mg.<\/p>\n<p data-start=\"933\" data-end=\"970\">Metaboliz\u0113jam\u0101 ener\u0123ija \u2013 225 kcal\/kg<\/p>\n<p data-start=\"972\" data-end=\"1532\" data-is-last-node=\"\" data-is-only-node=\"\">Baro\u0161anas nor\u0101d\u012bjumi \u2013 Ide\u0101li piem\u0113rots ka\u0137a hidrat\u0101cijas l\u012bme\u0146a paaugstin\u0101\u0161anai. Apet\u012btes palielin\u0101\u0161anai papildbar\u012bbu var izmantot k\u0101 gar\u0161\u012bgu piedevu sausajai bar\u012bbai. Pasniedziet istabas temperat\u016br\u0101 k\u0101 piedevu parastajai bar\u012bbai. Ieteicam\u0101 dienas deva var at\u0161\u0137irties atkar\u012bb\u0101 no j\u016bsu ka\u0137a vecuma, aktivit\u0101tes un vides. Piem\u0113rota deva vid\u0113jam pieaugu\u0161am ka\u0137im ir 2 porcijas dien\u0101. Vienm\u0113r nodro\u0161iniet ka\u0137im svaigu dzeramo \u016bdeni. Glab\u0101t bar\u012bbu saus\u0101 un v\u0113s\u0101 viet\u0101, sarg\u0101t no tie\u0161iem saules stariem. P\u0113c atv\u0113r\u0161anas uzglab\u0101t ledusskap\u012b un izlietot 3 dienu laik\u0101.<\/p>\n","protected":false},"featured_media":56199,"template":"","meta":[],"product_brand":[],"product_cat":[571],"product_tag":[],"class_list":{"0":"post-56198","1":"product","2":"type-product","3":"status-publish","4":"has-post-thumbnail","6":"product_cat-mitra-bariba","8":"first","9":"outofstock","10":"taxable","11":"shipping-taxable","12":"purchasable","13":"product-type-simple"},"yoast_head":"<!-- This site is optimized with the Yoast SEO plugin v27.4 - https:\/\/yoast.com\/product\/yoast-seo-wordpress\/ -->\n<title>Brit Care Soup la\u0161a zupa ka\u0137im 75g - MiuMjau<\/title>\n<meta name=\"robots\" content=\"index, follow, max-snippet:-1, max-image-preview:large, max-video-preview:-1\" \/>\n<link rel=\"canonical\" href=\"https:\/\/miumjau.ee\/lv\/produkts\/brit-care-soup-lasa-zupa-kakim-75g\/\" \/>\n<meta property=\"og:locale\" content=\"lv_LV\" \/>\n<meta property=\"og:type\" content=\"article\" \/>\n<meta property=\"og:title\" content=\"Brit Care Soup la\u0161a zupa ka\u0137im 75g - MiuMjau\" \/>\n<meta property=\"og:description\" content=\"Brit Care bezgraudu mitr\u0101 papildbar\u012bba ka\u0137iem ar lasi. Satur probiotikas \u2013 inaktiv\u0113tu Lactobacillus, kas atbalsta imunit\u0101ti.Satur prebiotikas \u2013 fruktooligosahar\u012bdi atbalsta zarnu mikrofloru.Apet\u012bti veicino\u0161s un nomierino\u0161s \u2013 satur ka\u0137um\u0113tru, kas pal\u012bdz mazin\u0101t trauksmi.Satur taur\u012bnu.Piem\u0113rots steriliz\u0113tiem ka\u0137iem \u2013 satur L-metion\u012bnu.Bez graudiem.Nesatur \u0122MO, soju un pievienotus cukurus. Sast\u0101vs \u2013 Dzeramais \u016bdens, 16% vistas ga\u013ca, 4% lasis, 0,5% hidroliz\u0113tas aknas, 0,5% lignoceluloze, kalt\u0113ta ka\u0137um\u0113tra (100 mg\/kg), fruktooligosahar\u012bdi (100 mg\/kg), inaktiv\u0113tas bakt\u0113rijas un to da\u013cas (Lactobacillus helveticus HA \u2013 122, 1,5 \u00d7 10\u2078 \u0161\u016bnas\/kg). Anal\u012btisk\u0101s sast\u0101vda\u013cas \u2013 Kopprote\u012bns 2,0%, koptauki 1,0%, kop\u0161\u0137iedra 0,2%, kop\u0113jie pelni 0,5%, mitrums 95,0%, kalcijs 0,01%, fosfors 0,02%, n\u0101trijs 0,05%. Bar\u012bbas piedevas \u2013 L-metion\u012bns (3c305) 500 mg, taur\u012bns (3a370) 500 mg. Metaboliz\u0113jam\u0101 ener\u0123ija \u2013 225 kcal\/kg Baro\u0161anas nor\u0101d\u012bjumi \u2013 Ide\u0101li piem\u0113rots ka\u0137a hidrat\u0101cijas l\u012bme\u0146a paaugstin\u0101\u0161anai. Apet\u012btes palielin\u0101\u0161anai papildbar\u012bbu var izmantot k\u0101 gar\u0161\u012bgu piedevu sausajai bar\u012bbai. Pasniedziet istabas temperat\u016br\u0101 k\u0101 piedevu parastajai bar\u012bbai. Ieteicam\u0101 dienas deva var at\u0161\u0137irties atkar\u012bb\u0101 no j\u016bsu ka\u0137a vecuma, aktivit\u0101tes un vides. Piem\u0113rota deva vid\u0113jam pieaugu\u0161am ka\u0137im ir 2 porcijas dien\u0101. Vienm\u0113r nodro\u0161iniet ka\u0137im svaigu dzeramo \u016bdeni. Glab\u0101t bar\u012bbu saus\u0101 un v\u0113s\u0101 viet\u0101, sarg\u0101t no tie\u0161iem saules stariem. P\u0113c atv\u0113r\u0161anas uzglab\u0101t ledusskap\u012b un izlietot 3 dienu laik\u0101.\" \/>\n<meta property=\"og:url\" content=\"https:\/\/miumjau.ee\/lv\/produkts\/brit-care-soup-lasa-zupa-kakim-75g\/\" \/>\n<meta property=\"og:site_name\" content=\"MiuMjau\" \/>\n<meta property=\"article:publisher\" content=\"https:\/\/www.facebook.com\/miumjaupood\/\" \/>\n<meta property=\"og:image\" content=\"https:\/\/miumjau.ee\/wp-content\/uploads\/2024\/10\/brit-care-soup3.jpg\" \/>\n\t<meta property=\"og:image:width\" content=\"600\" \/>\n\t<meta property=\"og:image:height\" content=\"800\" \/>\n\t<meta property=\"og:image:type\" content=\"image\/jpeg\" \/>\n<meta name=\"twitter:card\" content=\"summary_large_image\" \/>\n<script type=\"application\/ld+json\" class=\"yoast-schema-graph\">{\"@context\":\"https:\\\/\\\/schema.org\",\"@graph\":[{\"@type\":\"WebPage\",\"@id\":\"https:\\\/\\\/miumjau.ee\\\/lv\\\/produkts\\\/brit-care-soup-lasa-zupa-kakim-75g\\\/\",\"url\":\"https:\\\/\\\/miumjau.ee\\\/lv\\\/produkts\\\/brit-care-soup-lasa-zupa-kakim-75g\\\/\",\"name\":\"Brit Care Soup la\u0161a zupa ka\u0137im 75g - MiuMjau\",\"isPartOf\":{\"@id\":\"https:\\\/\\\/miumjau.ee\\\/#website\"},\"primaryImageOfPage\":{\"@id\":\"https:\\\/\\\/miumjau.ee\\\/lv\\\/produkts\\\/brit-care-soup-lasa-zupa-kakim-75g\\\/#primaryimage\"},\"image\":{\"@id\":\"https:\\\/\\\/miumjau.ee\\\/lv\\\/produkts\\\/brit-care-soup-lasa-zupa-kakim-75g\\\/#primaryimage\"},\"thumbnailUrl\":\"https:\\\/\\\/miumjau.ee\\\/wp-content\\\/uploads\\\/2024\\\/10\\\/brit-care-soup3.jpg\",\"datePublished\":\"2024-10-24T18:25:16+00:00\",\"breadcrumb\":{\"@id\":\"https:\\\/\\\/miumjau.ee\\\/lv\\\/produkts\\\/brit-care-soup-lasa-zupa-kakim-75g\\\/#breadcrumb\"},\"inLanguage\":\"lv-LV\",\"potentialAction\":[{\"@type\":\"ReadAction\",\"target\":[\"https:\\\/\\\/miumjau.ee\\\/lv\\\/produkts\\\/brit-care-soup-lasa-zupa-kakim-75g\\\/\"]}]},{\"@type\":\"ImageObject\",\"inLanguage\":\"lv-LV\",\"@id\":\"https:\\\/\\\/miumjau.ee\\\/lv\\\/produkts\\\/brit-care-soup-lasa-zupa-kakim-75g\\\/#primaryimage\",\"url\":\"https:\\\/\\\/miumjau.ee\\\/wp-content\\\/uploads\\\/2024\\\/10\\\/brit-care-soup3.jpg\",\"contentUrl\":\"https:\\\/\\\/miumjau.ee\\\/wp-content\\\/uploads\\\/2024\\\/10\\\/brit-care-soup3.jpg\",\"width\":600,\"height\":800},{\"@type\":\"BreadcrumbList\",\"@id\":\"https:\\\/\\\/miumjau.ee\\\/lv\\\/produkts\\\/brit-care-soup-lasa-zupa-kakim-75g\\\/#breadcrumb\",\"itemListElement\":[{\"@type\":\"ListItem\",\"position\":1,\"name\":\"Home\",\"item\":\"https:\\\/\\\/miumjau.ee\\\/lv\\\/\"},{\"@type\":\"ListItem\",\"position\":2,\"name\":\"Veikals\",\"item\":\"https:\\\/\\\/miumjau.ee\\\/lv\\\/veikals\\\/\"},{\"@type\":\"ListItem\",\"position\":3,\"name\":\"Brit Care Soup la\u0161a zupa ka\u0137im 75g\"}]},{\"@type\":\"WebSite\",\"@id\":\"https:\\\/\\\/miumjau.ee\\\/#website\",\"url\":\"https:\\\/\\\/miumjau.ee\\\/\",\"name\":\"MiuMjau\",\"description\":\"Kraapimispuud kassidele\",\"publisher\":{\"@id\":\"https:\\\/\\\/miumjau.ee\\\/#organization\"},\"potentialAction\":[{\"@type\":\"SearchAction\",\"target\":{\"@type\":\"EntryPoint\",\"urlTemplate\":\"https:\\\/\\\/miumjau.ee\\\/?s={search_term_string}\"},\"query-input\":{\"@type\":\"PropertyValueSpecification\",\"valueRequired\":true,\"valueName\":\"search_term_string\"}}],\"inLanguage\":\"lv-LV\"},{\"@type\":\"Organization\",\"@id\":\"https:\\\/\\\/miumjau.ee\\\/#organization\",\"name\":\"MiuMjau O\u00dc\",\"url\":\"https:\\\/\\\/miumjau.ee\\\/\",\"logo\":{\"@type\":\"ImageObject\",\"inLanguage\":\"lv-LV\",\"@id\":\"https:\\\/\\\/miumjau.ee\\\/#\\\/schema\\\/logo\\\/image\\\/\",\"url\":\"https:\\\/\\\/miumjau.ee\\\/wp-content\\\/uploads\\\/2022\\\/04\\\/MiuMjau-logo-kollane.png\",\"contentUrl\":\"https:\\\/\\\/miumjau.ee\\\/wp-content\\\/uploads\\\/2022\\\/04\\\/MiuMjau-logo-kollane.png\",\"width\":219,\"height\":100,\"caption\":\"MiuMjau O\u00dc\"},\"image\":{\"@id\":\"https:\\\/\\\/miumjau.ee\\\/#\\\/schema\\\/logo\\\/image\\\/\"},\"sameAs\":[\"https:\\\/\\\/www.facebook.com\\\/miumjaupood\\\/\"]}]}<\/script>\n<!-- \/ Yoast SEO plugin. -->","yoast_head_json":{"title":"Brit Care Soup la\u0161a zupa ka\u0137im 75g - MiuMjau","robots":{"index":"index","follow":"follow","max-snippet":"max-snippet:-1","max-image-preview":"max-image-preview:large","max-video-preview":"max-video-preview:-1"},"canonical":"https:\/\/miumjau.ee\/lv\/produkts\/brit-care-soup-lasa-zupa-kakim-75g\/","og_locale":"lv_LV","og_type":"article","og_title":"Brit Care Soup la\u0161a zupa ka\u0137im 75g - MiuMjau","og_description":"Brit Care bezgraudu mitr\u0101 papildbar\u012bba ka\u0137iem ar lasi. Satur probiotikas \u2013 inaktiv\u0113tu Lactobacillus, kas atbalsta imunit\u0101ti.Satur prebiotikas \u2013 fruktooligosahar\u012bdi atbalsta zarnu mikrofloru.Apet\u012bti veicino\u0161s un nomierino\u0161s \u2013 satur ka\u0137um\u0113tru, kas pal\u012bdz mazin\u0101t trauksmi.Satur taur\u012bnu.Piem\u0113rots steriliz\u0113tiem ka\u0137iem \u2013 satur L-metion\u012bnu.Bez graudiem.Nesatur \u0122MO, soju un pievienotus cukurus. Sast\u0101vs \u2013 Dzeramais \u016bdens, 16% vistas ga\u013ca, 4% lasis, 0,5% hidroliz\u0113tas aknas, 0,5% lignoceluloze, kalt\u0113ta ka\u0137um\u0113tra (100 mg\/kg), fruktooligosahar\u012bdi (100 mg\/kg), inaktiv\u0113tas bakt\u0113rijas un to da\u013cas (Lactobacillus helveticus HA \u2013 122, 1,5 \u00d7 10\u2078 \u0161\u016bnas\/kg). Anal\u012btisk\u0101s sast\u0101vda\u013cas \u2013 Kopprote\u012bns 2,0%, koptauki 1,0%, kop\u0161\u0137iedra 0,2%, kop\u0113jie pelni 0,5%, mitrums 95,0%, kalcijs 0,01%, fosfors 0,02%, n\u0101trijs 0,05%. Bar\u012bbas piedevas \u2013 L-metion\u012bns (3c305) 500 mg, taur\u012bns (3a370) 500 mg. Metaboliz\u0113jam\u0101 ener\u0123ija \u2013 225 kcal\/kg Baro\u0161anas nor\u0101d\u012bjumi \u2013 Ide\u0101li piem\u0113rots ka\u0137a hidrat\u0101cijas l\u012bme\u0146a paaugstin\u0101\u0161anai. Apet\u012btes palielin\u0101\u0161anai papildbar\u012bbu var izmantot k\u0101 gar\u0161\u012bgu piedevu sausajai bar\u012bbai. Pasniedziet istabas temperat\u016br\u0101 k\u0101 piedevu parastajai bar\u012bbai. Ieteicam\u0101 dienas deva var at\u0161\u0137irties atkar\u012bb\u0101 no j\u016bsu ka\u0137a vecuma, aktivit\u0101tes un vides. Piem\u0113rota deva vid\u0113jam pieaugu\u0161am ka\u0137im ir 2 porcijas dien\u0101. Vienm\u0113r nodro\u0161iniet ka\u0137im svaigu dzeramo \u016bdeni. Glab\u0101t bar\u012bbu saus\u0101 un v\u0113s\u0101 viet\u0101, sarg\u0101t no tie\u0161iem saules stariem. P\u0113c atv\u0113r\u0161anas uzglab\u0101t ledusskap\u012b un izlietot 3 dienu laik\u0101.","og_url":"https:\/\/miumjau.ee\/lv\/produkts\/brit-care-soup-lasa-zupa-kakim-75g\/","og_site_name":"MiuMjau","article_publisher":"https:\/\/www.facebook.com\/miumjaupood\/","og_image":[{"width":600,"height":800,"url":"https:\/\/miumjau.ee\/wp-content\/uploads\/2024\/10\/brit-care-soup3.jpg","type":"image\/jpeg"}],"twitter_card":"summary_large_image","schema":{"@context":"https:\/\/schema.org","@graph":[{"@type":"WebPage","@id":"https:\/\/miumjau.ee\/lv\/produkts\/brit-care-soup-lasa-zupa-kakim-75g\/","url":"https:\/\/miumjau.ee\/lv\/produkts\/brit-care-soup-lasa-zupa-kakim-75g\/","name":"Brit Care Soup la\u0161a zupa ka\u0137im 75g - MiuMjau","isPartOf":{"@id":"https:\/\/miumjau.ee\/#website"},"primaryImageOfPage":{"@id":"https:\/\/miumjau.ee\/lv\/produkts\/brit-care-soup-lasa-zupa-kakim-75g\/#primaryimage"},"image":{"@id":"https:\/\/miumjau.ee\/lv\/produkts\/brit-care-soup-lasa-zupa-kakim-75g\/#primaryimage"},"thumbnailUrl":"https:\/\/miumjau.ee\/wp-content\/uploads\/2024\/10\/brit-care-soup3.jpg","datePublished":"2024-10-24T18:25:16+00:00","breadcrumb":{"@id":"https:\/\/miumjau.ee\/lv\/produkts\/brit-care-soup-lasa-zupa-kakim-75g\/#breadcrumb"},"inLanguage":"lv-LV","potentialAction":[{"@type":"ReadAction","target":["https:\/\/miumjau.ee\/lv\/produkts\/brit-care-soup-lasa-zupa-kakim-75g\/"]}]},{"@type":"ImageObject","inLanguage":"lv-LV","@id":"https:\/\/miumjau.ee\/lv\/produkts\/brit-care-soup-lasa-zupa-kakim-75g\/#primaryimage","url":"https:\/\/miumjau.ee\/wp-content\/uploads\/2024\/10\/brit-care-soup3.jpg","contentUrl":"https:\/\/miumjau.ee\/wp-content\/uploads\/2024\/10\/brit-care-soup3.jpg","width":600,"height":800},{"@type":"BreadcrumbList","@id":"https:\/\/miumjau.ee\/lv\/produkts\/brit-care-soup-lasa-zupa-kakim-75g\/#breadcrumb","itemListElement":[{"@type":"ListItem","position":1,"name":"Home","item":"https:\/\/miumjau.ee\/lv\/"},{"@type":"ListItem","position":2,"name":"Veikals","item":"https:\/\/miumjau.ee\/lv\/veikals\/"},{"@type":"ListItem","position":3,"name":"Brit Care Soup la\u0161a zupa ka\u0137im 75g"}]},{"@type":"WebSite","@id":"https:\/\/miumjau.ee\/#website","url":"https:\/\/miumjau.ee\/","name":"MiuMjau","description":"Kraapimispuud kassidele","publisher":{"@id":"https:\/\/miumjau.ee\/#organization"},"potentialAction":[{"@type":"SearchAction","target":{"@type":"EntryPoint","urlTemplate":"https:\/\/miumjau.ee\/?s={search_term_string}"},"query-input":{"@type":"PropertyValueSpecification","valueRequired":true,"valueName":"search_term_string"}}],"inLanguage":"lv-LV"},{"@type":"Organization","@id":"https:\/\/miumjau.ee\/#organization","name":"MiuMjau O\u00dc","url":"https:\/\/miumjau.ee\/","logo":{"@type":"ImageObject","inLanguage":"lv-LV","@id":"https:\/\/miumjau.ee\/#\/schema\/logo\/image\/","url":"https:\/\/miumjau.ee\/wp-content\/uploads\/2022\/04\/MiuMjau-logo-kollane.png","contentUrl":"https:\/\/miumjau.ee\/wp-content\/uploads\/2022\/04\/MiuMjau-logo-kollane.png","width":219,"height":100,"caption":"MiuMjau O\u00dc"},"image":{"@id":"https:\/\/miumjau.ee\/#\/schema\/logo\/image\/"},"sameAs":["https:\/\/www.facebook.com\/miumjaupood\/"]}]}},"_links":{"self":[{"href":"https:\/\/miumjau.ee\/lv\/wp-json\/wp\/v2\/product\/56198","targetHints":{"allow":["GET"]}}],"collection":[{"href":"https:\/\/miumjau.ee\/lv\/wp-json\/wp\/v2\/product"}],"about":[{"href":"https:\/\/miumjau.ee\/lv\/wp-json\/wp\/v2\/types\/product"}],"wp:featuredmedia":[{"embeddable":true,"href":"https:\/\/miumjau.ee\/lv\/wp-json\/wp\/v2\/media\/56199"}],"wp:attachment":[{"href":"https:\/\/miumjau.ee\/lv\/wp-json\/wp\/v2\/media?parent=56198"}],"wp:term":[{"taxonomy":"product_brand","embeddable":true,"href":"https:\/\/miumjau.ee\/lv\/wp-json\/wp\/v2\/product_brand?post=56198"},{"taxonomy":"product_cat","embeddable":true,"href":"https:\/\/miumjau.ee\/lv\/wp-json\/wp\/v2\/product_cat?post=56198"},{"taxonomy":"product_tag","embeddable":true,"href":"https:\/\/miumjau.ee\/lv\/wp-json\/wp\/v2\/product_tag?post=56198"}],"curies":[{"name":"wp","href":"https:\/\/api.w.org\/{rel}","templated":true}]}}