{"id":56189,"date":"2024-08-10T15:12:05","date_gmt":"2024-08-10T12:12:05","guid":{"rendered":"https:\/\/miumjau.ee\/toode\/matatabi-catnip-bumba-kakiem\/"},"modified":"2024-08-10T15:12:05","modified_gmt":"2024-08-10T12:12:05","slug":"matatabi-catnip-bumba-kakiem","status":"publish","type":"product","link":"https:\/\/miumjau.ee\/lv\/produkts\/matatabi-catnip-bumba-kakiem\/","title":{"rendered":"Matatabi\u2013catnip bumba ka\u0137iem"},"content":{"rendered":"","protected":false},"excerpt":{"rendered":"<p data-start=\"30\" data-end=\"426\">Rota\u013clietu pirk\u0161ana, kas j\u016bsu ka\u0137im nepat\u012bk, var b\u016bt nom\u0101co\u0161a. Ne visiem ka\u0137iem pat\u012bk visas rota\u013clietas. Ta\u010du no t\u0101 var izvair\u012bties! Izmantojiet matatabi un catnip. Abi augi satur vielas, kas ka\u0137iem ir neticami pievilc\u012bgas. T\u0101s rada gan uzbudin\u0101jumu, gan relaks\u0101cijas saj\u016btu. Matatabi\u2013catnip rota\u013clietas ir lielisks veids, k\u0101 c\u012bn\u012bties ar ka\u0137u garlaic\u012bbu un aktiviz\u0113t pat visliel\u0101ko d\u012bv\u0101na m\u012bluli.<\/p>\n<p data-start=\"428\" data-end=\"631\">Matatabi\u2013catnip bumba ir paredz\u0113ta katram m\u0101jas t\u012b\u0123erim. T\u0101 noteikti ir vesel\u012bg\u0101ka alternat\u012bva past\u0101v\u012bgai gul\u0113\u0161anai uz d\u012bv\u0101na. J\u016bsu ka\u0137im ir nepiecie\u0161ama aktivit\u0101te, lai saglab\u0101tu vesel\u012bbu un labu formu.<\/p>\n<p data-start=\"633\" data-end=\"1030\">Mudina m\u0101jdz\u012bvniekus sp\u0113l\u0113ties un b\u016bt akt\u012bviem.<br data-start=\"680\" data-end=\"683\" \/>Samazina ka\u0137iem garlaic\u012bbu un stresu.<br data-start=\"720\" data-end=\"723\" \/>Da\u017e\u0101do dz\u012bvnieku vidi.<br data-start=\"745\" data-end=\"748\" \/>Izgatavota no dab\u012bgiem materi\u0101liem.<br data-start=\"783\" data-end=\"786\" data-is-only-node=\"\" \/>Neviens ka\u0137is nesp\u0113s palikt vienaldz\u012bgs pret \u0161\u0101du rota\u013clietu. T\u0101p\u0113c izmantojiet \u0161o bumbu, lai da\u017e\u0101dotu sava m\u012blu\u013ca vidi un iedro\u0161in\u0101tu vi\u0146u interesanti pavad\u012bt laiku. T\u0101 ir izgatavota no dab\u012bgiem materi\u0101liem. Neviens ka\u0137is nepaliks vienaldz\u012bgs!<\/p>\n<p data-start=\"1032\" data-end=\"1164\">Matatabi un catnip kombin\u0101cija noz\u012bm\u0113, ka rota\u013clieta ir neatvair\u0101ma jebkuram ka\u0137im! Abi augi stimul\u0113 ka\u0137us un mudina tos rota\u013c\u0101ties.<\/p>\n<p data-start=\"1166\" data-end=\"1225\" data-is-last-node=\"\" data-is-only-node=\"\">Rota\u013clietas diametrs: 7,5\u20138 cm<br data-start=\"1196\" data-end=\"1199\" \/>Uzreiz pieejams noliktav\u0101!<\/p>\n","protected":false},"featured_media":56190,"template":"","meta":[],"product_brand":[],"product_cat":[590],"product_tag":[],"class_list":{"0":"post-56189","1":"product","2":"type-product","3":"status-publish","4":"has-post-thumbnail","6":"product_cat-kaku-rotallietas","8":"first","9":"instock","10":"taxable","11":"shipping-taxable","12":"purchasable","13":"product-type-simple"},"yoast_head":"<!-- This site is optimized with the Yoast SEO plugin v27.4 - https:\/\/yoast.com\/product\/yoast-seo-wordpress\/ -->\n<title>Matatabi\u2013catnip bumba ka\u0137iem - MiuMjau<\/title>\n<meta name=\"robots\" content=\"index, follow, max-snippet:-1, max-image-preview:large, max-video-preview:-1\" \/>\n<link rel=\"canonical\" href=\"https:\/\/miumjau.ee\/lv\/produkts\/matatabi-catnip-bumba-kakiem\/\" \/>\n<meta property=\"og:locale\" content=\"lv_LV\" \/>\n<meta property=\"og:type\" content=\"article\" \/>\n<meta property=\"og:title\" content=\"Matatabi\u2013catnip bumba ka\u0137iem - MiuMjau\" \/>\n<meta property=\"og:description\" content=\"Rota\u013clietu pirk\u0161ana, kas j\u016bsu ka\u0137im nepat\u012bk, var b\u016bt nom\u0101co\u0161a. Ne visiem ka\u0137iem pat\u012bk visas rota\u013clietas. Ta\u010du no t\u0101 var izvair\u012bties! Izmantojiet matatabi un catnip. Abi augi satur vielas, kas ka\u0137iem ir neticami pievilc\u012bgas. T\u0101s rada gan uzbudin\u0101jumu, gan relaks\u0101cijas saj\u016btu. Matatabi\u2013catnip rota\u013clietas ir lielisks veids, k\u0101 c\u012bn\u012bties ar ka\u0137u garlaic\u012bbu un aktiviz\u0113t pat visliel\u0101ko d\u012bv\u0101na m\u012bluli. Matatabi\u2013catnip bumba ir paredz\u0113ta katram m\u0101jas t\u012b\u0123erim. T\u0101 noteikti ir vesel\u012bg\u0101ka alternat\u012bva past\u0101v\u012bgai gul\u0113\u0161anai uz d\u012bv\u0101na. J\u016bsu ka\u0137im ir nepiecie\u0161ama aktivit\u0101te, lai saglab\u0101tu vesel\u012bbu un labu formu. Mudina m\u0101jdz\u012bvniekus sp\u0113l\u0113ties un b\u016bt akt\u012bviem.Samazina ka\u0137iem garlaic\u012bbu un stresu.Da\u017e\u0101do dz\u012bvnieku vidi.Izgatavota no dab\u012bgiem materi\u0101liem.Neviens ka\u0137is nesp\u0113s palikt vienaldz\u012bgs pret \u0161\u0101du rota\u013clietu. T\u0101p\u0113c izmantojiet \u0161o bumbu, lai da\u017e\u0101dotu sava m\u012blu\u013ca vidi un iedro\u0161in\u0101tu vi\u0146u interesanti pavad\u012bt laiku. T\u0101 ir izgatavota no dab\u012bgiem materi\u0101liem. Neviens ka\u0137is nepaliks vienaldz\u012bgs! Matatabi un catnip kombin\u0101cija noz\u012bm\u0113, ka rota\u013clieta ir neatvair\u0101ma jebkuram ka\u0137im! Abi augi stimul\u0113 ka\u0137us un mudina tos rota\u013c\u0101ties. Rota\u013clietas diametrs: 7,5\u20138 cmUzreiz pieejams noliktav\u0101!\" \/>\n<meta property=\"og:url\" content=\"https:\/\/miumjau.ee\/lv\/produkts\/matatabi-catnip-bumba-kakiem\/\" \/>\n<meta property=\"og:site_name\" content=\"MiuMjau\" \/>\n<meta property=\"article:publisher\" content=\"https:\/\/www.facebook.com\/miumjaupood\/\" \/>\n<meta property=\"og:image\" content=\"https:\/\/miumjau.ee\/wp-content\/uploads\/2024\/08\/matatabi-catnip-manguasi-kassidele-1.jpg\" \/>\n\t<meta property=\"og:image:width\" content=\"600\" \/>\n\t<meta property=\"og:image:height\" content=\"800\" \/>\n\t<meta property=\"og:image:type\" content=\"image\/jpeg\" \/>\n<meta name=\"twitter:card\" content=\"summary_large_image\" \/>\n<script type=\"application\/ld+json\" class=\"yoast-schema-graph\">{\"@context\":\"https:\\\/\\\/schema.org\",\"@graph\":[{\"@type\":\"WebPage\",\"@id\":\"https:\\\/\\\/miumjau.ee\\\/lv\\\/produkts\\\/matatabi-catnip-bumba-kakiem\\\/\",\"url\":\"https:\\\/\\\/miumjau.ee\\\/lv\\\/produkts\\\/matatabi-catnip-bumba-kakiem\\\/\",\"name\":\"Matatabi\u2013catnip bumba ka\u0137iem - MiuMjau\",\"isPartOf\":{\"@id\":\"https:\\\/\\\/miumjau.ee\\\/#website\"},\"primaryImageOfPage\":{\"@id\":\"https:\\\/\\\/miumjau.ee\\\/lv\\\/produkts\\\/matatabi-catnip-bumba-kakiem\\\/#primaryimage\"},\"image\":{\"@id\":\"https:\\\/\\\/miumjau.ee\\\/lv\\\/produkts\\\/matatabi-catnip-bumba-kakiem\\\/#primaryimage\"},\"thumbnailUrl\":\"https:\\\/\\\/miumjau.ee\\\/wp-content\\\/uploads\\\/2024\\\/08\\\/matatabi-catnip-manguasi-kassidele-1.jpg\",\"datePublished\":\"2024-08-10T12:12:05+00:00\",\"breadcrumb\":{\"@id\":\"https:\\\/\\\/miumjau.ee\\\/lv\\\/produkts\\\/matatabi-catnip-bumba-kakiem\\\/#breadcrumb\"},\"inLanguage\":\"lv-LV\",\"potentialAction\":[{\"@type\":\"ReadAction\",\"target\":[\"https:\\\/\\\/miumjau.ee\\\/lv\\\/produkts\\\/matatabi-catnip-bumba-kakiem\\\/\"]}]},{\"@type\":\"ImageObject\",\"inLanguage\":\"lv-LV\",\"@id\":\"https:\\\/\\\/miumjau.ee\\\/lv\\\/produkts\\\/matatabi-catnip-bumba-kakiem\\\/#primaryimage\",\"url\":\"https:\\\/\\\/miumjau.ee\\\/wp-content\\\/uploads\\\/2024\\\/08\\\/matatabi-catnip-manguasi-kassidele-1.jpg\",\"contentUrl\":\"https:\\\/\\\/miumjau.ee\\\/wp-content\\\/uploads\\\/2024\\\/08\\\/matatabi-catnip-manguasi-kassidele-1.jpg\",\"width\":600,\"height\":800},{\"@type\":\"BreadcrumbList\",\"@id\":\"https:\\\/\\\/miumjau.ee\\\/lv\\\/produkts\\\/matatabi-catnip-bumba-kakiem\\\/#breadcrumb\",\"itemListElement\":[{\"@type\":\"ListItem\",\"position\":1,\"name\":\"Home\",\"item\":\"https:\\\/\\\/miumjau.ee\\\/lv\\\/\"},{\"@type\":\"ListItem\",\"position\":2,\"name\":\"Veikals\",\"item\":\"https:\\\/\\\/miumjau.ee\\\/lv\\\/veikals\\\/\"},{\"@type\":\"ListItem\",\"position\":3,\"name\":\"Matatabi\u2013catnip bumba ka\u0137iem\"}]},{\"@type\":\"WebSite\",\"@id\":\"https:\\\/\\\/miumjau.ee\\\/#website\",\"url\":\"https:\\\/\\\/miumjau.ee\\\/\",\"name\":\"MiuMjau\",\"description\":\"Kraapimispuud kassidele\",\"publisher\":{\"@id\":\"https:\\\/\\\/miumjau.ee\\\/#organization\"},\"potentialAction\":[{\"@type\":\"SearchAction\",\"target\":{\"@type\":\"EntryPoint\",\"urlTemplate\":\"https:\\\/\\\/miumjau.ee\\\/?s={search_term_string}\"},\"query-input\":{\"@type\":\"PropertyValueSpecification\",\"valueRequired\":true,\"valueName\":\"search_term_string\"}}],\"inLanguage\":\"lv-LV\"},{\"@type\":\"Organization\",\"@id\":\"https:\\\/\\\/miumjau.ee\\\/#organization\",\"name\":\"MiuMjau O\u00dc\",\"url\":\"https:\\\/\\\/miumjau.ee\\\/\",\"logo\":{\"@type\":\"ImageObject\",\"inLanguage\":\"lv-LV\",\"@id\":\"https:\\\/\\\/miumjau.ee\\\/#\\\/schema\\\/logo\\\/image\\\/\",\"url\":\"https:\\\/\\\/miumjau.ee\\\/wp-content\\\/uploads\\\/2022\\\/04\\\/MiuMjau-logo-kollane.png\",\"contentUrl\":\"https:\\\/\\\/miumjau.ee\\\/wp-content\\\/uploads\\\/2022\\\/04\\\/MiuMjau-logo-kollane.png\",\"width\":219,\"height\":100,\"caption\":\"MiuMjau O\u00dc\"},\"image\":{\"@id\":\"https:\\\/\\\/miumjau.ee\\\/#\\\/schema\\\/logo\\\/image\\\/\"},\"sameAs\":[\"https:\\\/\\\/www.facebook.com\\\/miumjaupood\\\/\"]}]}<\/script>\n<!-- \/ Yoast SEO plugin. -->","yoast_head_json":{"title":"Matatabi\u2013catnip bumba ka\u0137iem - MiuMjau","robots":{"index":"index","follow":"follow","max-snippet":"max-snippet:-1","max-image-preview":"max-image-preview:large","max-video-preview":"max-video-preview:-1"},"canonical":"https:\/\/miumjau.ee\/lv\/produkts\/matatabi-catnip-bumba-kakiem\/","og_locale":"lv_LV","og_type":"article","og_title":"Matatabi\u2013catnip bumba ka\u0137iem - MiuMjau","og_description":"Rota\u013clietu pirk\u0161ana, kas j\u016bsu ka\u0137im nepat\u012bk, var b\u016bt nom\u0101co\u0161a. Ne visiem ka\u0137iem pat\u012bk visas rota\u013clietas. Ta\u010du no t\u0101 var izvair\u012bties! Izmantojiet matatabi un catnip. Abi augi satur vielas, kas ka\u0137iem ir neticami pievilc\u012bgas. T\u0101s rada gan uzbudin\u0101jumu, gan relaks\u0101cijas saj\u016btu. Matatabi\u2013catnip rota\u013clietas ir lielisks veids, k\u0101 c\u012bn\u012bties ar ka\u0137u garlaic\u012bbu un aktiviz\u0113t pat visliel\u0101ko d\u012bv\u0101na m\u012bluli. Matatabi\u2013catnip bumba ir paredz\u0113ta katram m\u0101jas t\u012b\u0123erim. T\u0101 noteikti ir vesel\u012bg\u0101ka alternat\u012bva past\u0101v\u012bgai gul\u0113\u0161anai uz d\u012bv\u0101na. J\u016bsu ka\u0137im ir nepiecie\u0161ama aktivit\u0101te, lai saglab\u0101tu vesel\u012bbu un labu formu. Mudina m\u0101jdz\u012bvniekus sp\u0113l\u0113ties un b\u016bt akt\u012bviem.Samazina ka\u0137iem garlaic\u012bbu un stresu.Da\u017e\u0101do dz\u012bvnieku vidi.Izgatavota no dab\u012bgiem materi\u0101liem.Neviens ka\u0137is nesp\u0113s palikt vienaldz\u012bgs pret \u0161\u0101du rota\u013clietu. T\u0101p\u0113c izmantojiet \u0161o bumbu, lai da\u017e\u0101dotu sava m\u012blu\u013ca vidi un iedro\u0161in\u0101tu vi\u0146u interesanti pavad\u012bt laiku. T\u0101 ir izgatavota no dab\u012bgiem materi\u0101liem. Neviens ka\u0137is nepaliks vienaldz\u012bgs! Matatabi un catnip kombin\u0101cija noz\u012bm\u0113, ka rota\u013clieta ir neatvair\u0101ma jebkuram ka\u0137im! Abi augi stimul\u0113 ka\u0137us un mudina tos rota\u013c\u0101ties. Rota\u013clietas diametrs: 7,5\u20138 cmUzreiz pieejams noliktav\u0101!","og_url":"https:\/\/miumjau.ee\/lv\/produkts\/matatabi-catnip-bumba-kakiem\/","og_site_name":"MiuMjau","article_publisher":"https:\/\/www.facebook.com\/miumjaupood\/","og_image":[{"width":600,"height":800,"url":"https:\/\/miumjau.ee\/wp-content\/uploads\/2024\/08\/matatabi-catnip-manguasi-kassidele-1.jpg","type":"image\/jpeg"}],"twitter_card":"summary_large_image","schema":{"@context":"https:\/\/schema.org","@graph":[{"@type":"WebPage","@id":"https:\/\/miumjau.ee\/lv\/produkts\/matatabi-catnip-bumba-kakiem\/","url":"https:\/\/miumjau.ee\/lv\/produkts\/matatabi-catnip-bumba-kakiem\/","name":"Matatabi\u2013catnip bumba ka\u0137iem - MiuMjau","isPartOf":{"@id":"https:\/\/miumjau.ee\/#website"},"primaryImageOfPage":{"@id":"https:\/\/miumjau.ee\/lv\/produkts\/matatabi-catnip-bumba-kakiem\/#primaryimage"},"image":{"@id":"https:\/\/miumjau.ee\/lv\/produkts\/matatabi-catnip-bumba-kakiem\/#primaryimage"},"thumbnailUrl":"https:\/\/miumjau.ee\/wp-content\/uploads\/2024\/08\/matatabi-catnip-manguasi-kassidele-1.jpg","datePublished":"2024-08-10T12:12:05+00:00","breadcrumb":{"@id":"https:\/\/miumjau.ee\/lv\/produkts\/matatabi-catnip-bumba-kakiem\/#breadcrumb"},"inLanguage":"lv-LV","potentialAction":[{"@type":"ReadAction","target":["https:\/\/miumjau.ee\/lv\/produkts\/matatabi-catnip-bumba-kakiem\/"]}]},{"@type":"ImageObject","inLanguage":"lv-LV","@id":"https:\/\/miumjau.ee\/lv\/produkts\/matatabi-catnip-bumba-kakiem\/#primaryimage","url":"https:\/\/miumjau.ee\/wp-content\/uploads\/2024\/08\/matatabi-catnip-manguasi-kassidele-1.jpg","contentUrl":"https:\/\/miumjau.ee\/wp-content\/uploads\/2024\/08\/matatabi-catnip-manguasi-kassidele-1.jpg","width":600,"height":800},{"@type":"BreadcrumbList","@id":"https:\/\/miumjau.ee\/lv\/produkts\/matatabi-catnip-bumba-kakiem\/#breadcrumb","itemListElement":[{"@type":"ListItem","position":1,"name":"Home","item":"https:\/\/miumjau.ee\/lv\/"},{"@type":"ListItem","position":2,"name":"Veikals","item":"https:\/\/miumjau.ee\/lv\/veikals\/"},{"@type":"ListItem","position":3,"name":"Matatabi\u2013catnip bumba ka\u0137iem"}]},{"@type":"WebSite","@id":"https:\/\/miumjau.ee\/#website","url":"https:\/\/miumjau.ee\/","name":"MiuMjau","description":"Kraapimispuud kassidele","publisher":{"@id":"https:\/\/miumjau.ee\/#organization"},"potentialAction":[{"@type":"SearchAction","target":{"@type":"EntryPoint","urlTemplate":"https:\/\/miumjau.ee\/?s={search_term_string}"},"query-input":{"@type":"PropertyValueSpecification","valueRequired":true,"valueName":"search_term_string"}}],"inLanguage":"lv-LV"},{"@type":"Organization","@id":"https:\/\/miumjau.ee\/#organization","name":"MiuMjau O\u00dc","url":"https:\/\/miumjau.ee\/","logo":{"@type":"ImageObject","inLanguage":"lv-LV","@id":"https:\/\/miumjau.ee\/#\/schema\/logo\/image\/","url":"https:\/\/miumjau.ee\/wp-content\/uploads\/2022\/04\/MiuMjau-logo-kollane.png","contentUrl":"https:\/\/miumjau.ee\/wp-content\/uploads\/2022\/04\/MiuMjau-logo-kollane.png","width":219,"height":100,"caption":"MiuMjau O\u00dc"},"image":{"@id":"https:\/\/miumjau.ee\/#\/schema\/logo\/image\/"},"sameAs":["https:\/\/www.facebook.com\/miumjaupood\/"]}]}},"_links":{"self":[{"href":"https:\/\/miumjau.ee\/lv\/wp-json\/wp\/v2\/product\/56189","targetHints":{"allow":["GET"]}}],"collection":[{"href":"https:\/\/miumjau.ee\/lv\/wp-json\/wp\/v2\/product"}],"about":[{"href":"https:\/\/miumjau.ee\/lv\/wp-json\/wp\/v2\/types\/product"}],"wp:featuredmedia":[{"embeddable":true,"href":"https:\/\/miumjau.ee\/lv\/wp-json\/wp\/v2\/media\/56190"}],"wp:attachment":[{"href":"https:\/\/miumjau.ee\/lv\/wp-json\/wp\/v2\/media?parent=56189"}],"wp:term":[{"taxonomy":"product_brand","embeddable":true,"href":"https:\/\/miumjau.ee\/lv\/wp-json\/wp\/v2\/product_brand?post=56189"},{"taxonomy":"product_cat","embeddable":true,"href":"https:\/\/miumjau.ee\/lv\/wp-json\/wp\/v2\/product_cat?post=56189"},{"taxonomy":"product_tag","embeddable":true,"href":"https:\/\/miumjau.ee\/lv\/wp-json\/wp\/v2\/product_tag?post=56189"}],"curies":[{"name":"wp","href":"https:\/\/api.w.org\/{rel}","templated":true}]}}