{"id":56182,"date":"2024-08-10T15:11:52","date_gmt":"2024-08-10T12:11:52","guid":{"rendered":"https:\/\/miumjau.ee\/toode\/kaku-rotallieta-matatabi-catnip-bumba\/"},"modified":"2024-08-10T15:11:52","modified_gmt":"2024-08-10T12:11:52","slug":"kaku-rotallieta-matatabi-catnip-bumba","status":"publish","type":"product","link":"https:\/\/miumjau.ee\/lv\/produkts\/kaku-rotallieta-matatabi-catnip-bumba\/","title":{"rendered":"Ka\u0137u rota\u013clieta matatabi\u2013catnip bumba"},"content":{"rendered":"","protected":false},"excerpt":{"rendered":"<p data-start=\"39\" data-end=\"416\">Vai v\u0113lies sp\u0113l\u0113ties ar savu ka\u0137i un padar\u012bt vi\u0146u akt\u012bv\u0101ku? M\u012bkst\u0101s bumbi\u0146as ar matatabi un catnip (ka\u0137um\u0113tru) ir lieliska iesp\u0113ja! Gan matatabi, gan catnip piesaista ka\u0137a uzman\u012bbu un rada vi\u0146am entuziasmu. Neviens ka\u0137is nesp\u0113j palikt vienaldz\u012bgs pret \u0161\u0101du rota\u013clietu. T\u0101p\u0113c izmanto m\u012bkst\u0101s bumbi\u0146as, lai da\u017e\u0101dotu sava m\u012blu\u013ca vidi un iedro\u0161in\u0101tu vi\u0146u interesanti pavad\u012bt laiku.<\/p>\n<p data-start=\"418\" data-end=\"645\">Pal\u012bdz apmierin\u0101t ka\u0137a dabisk\u0101s vajadz\u012bbas.<br data-start=\"461\" data-end=\"464\" \/>Uzlab\u0101 ka\u0137u garast\u0101vokli.<br data-start=\"489\" data-end=\"492\" \/>Mudina m\u0101jdz\u012bvniekus sp\u0113l\u0113ties un b\u016bt akt\u012bviem.<br data-start=\"539\" data-end=\"542\" \/>Samazina ka\u0137iem garlaic\u012bbu un stresu.<br data-start=\"579\" data-end=\"582\" \/>Da\u017e\u0101do dz\u012bvnieku vidi.<br data-start=\"604\" data-end=\"607\" \/>Izgatavotas no dab\u012bgiem materi\u0101liem.<\/p>\n<p data-start=\"647\" data-end=\"711\">Kuriem ka\u0137iem ieteicams izv\u0113l\u0113ties matatabi un catnip produktus?<\/p>\n<p data-start=\"713\" data-end=\"962\">Kautr\u012bgam ka\u0137im, kuru v\u0113lamies iedro\u0161in\u0101t komunic\u0113t.<br data-start=\"765\" data-end=\"768\" \/>Vec\u0101kam ka\u0137im, kuram v\u0113lamies nodro\u0161in\u0101t vair\u0101k kust\u012bbu.<br data-start=\"824\" data-end=\"827\" \/>Stresa situ\u0101cij\u0101, piem\u0113ram, p\u0101rcel\u0161an\u0101s vai veterin\u0101r\u0101rsta apmekl\u0113juma laik\u0101.<br data-start=\"904\" data-end=\"907\" \/>Jebkuram ka\u0137im, kuram reiz\u0113m k\u013c\u016bst garlaic\u012bgi telp\u0101s.<\/p>\n<p data-start=\"964\" data-end=\"1202\">Sp\u0113l\u0113jies ar savu ka\u0137i vair\u0101kas reizes dien\u0101. Pietiek pat ar da\u017e\u0101m min\u016bt\u0113m, lai tavs m\u012blulis var\u0113tu apmierin\u0101t savas dabisk\u0101s vajadz\u012bbas un saglab\u0101tu labu fizisko un gar\u012bgo formu. T\u0101pat tas stiprina saikni starp tevi un tavu m\u0101jdz\u012bvnieku.<\/p>\n<p data-start=\"1204\" data-end=\"1339\" data-is-last-node=\"\" data-is-only-node=\"\">Rota\u013clietas diametrs: 7,5 cm<br data-start=\"1232\" data-end=\"1235\" \/>Svars: 0,050 kg<br data-start=\"1250\" data-end=\"1253\" \/>Kr\u0101sas: za\u013ca, violeta, roz\u0101 (tiek nos\u016bt\u012bta nejau\u0161\u0101 kr\u0101s\u0101)<br data-start=\"1310\" data-end=\"1313\" \/>Uzreiz pieejams noliktav\u0101!<\/p>\n","protected":false},"featured_media":56183,"template":"","meta":[],"product_brand":[],"product_cat":[590],"product_tag":[],"class_list":{"0":"post-56182","1":"product","2":"type-product","3":"status-publish","4":"has-post-thumbnail","6":"product_cat-kaku-rotallietas","8":"first","9":"instock","10":"taxable","11":"shipping-taxable","12":"purchasable","13":"product-type-simple"},"yoast_head":"<!-- This site is optimized with the Yoast SEO plugin v27.4 - https:\/\/yoast.com\/product\/yoast-seo-wordpress\/ -->\n<title>Ka\u0137u rota\u013clieta matatabi\u2013catnip bumba - MiuMjau<\/title>\n<meta name=\"robots\" content=\"index, follow, max-snippet:-1, max-image-preview:large, max-video-preview:-1\" \/>\n<link rel=\"canonical\" href=\"https:\/\/miumjau.ee\/lv\/produkts\/kaku-rotallieta-matatabi-catnip-bumba\/\" \/>\n<meta property=\"og:locale\" content=\"lv_LV\" \/>\n<meta property=\"og:type\" content=\"article\" \/>\n<meta property=\"og:title\" content=\"Ka\u0137u rota\u013clieta matatabi\u2013catnip bumba - MiuMjau\" \/>\n<meta property=\"og:description\" content=\"Vai v\u0113lies sp\u0113l\u0113ties ar savu ka\u0137i un padar\u012bt vi\u0146u akt\u012bv\u0101ku? M\u012bkst\u0101s bumbi\u0146as ar matatabi un catnip (ka\u0137um\u0113tru) ir lieliska iesp\u0113ja! Gan matatabi, gan catnip piesaista ka\u0137a uzman\u012bbu un rada vi\u0146am entuziasmu. Neviens ka\u0137is nesp\u0113j palikt vienaldz\u012bgs pret \u0161\u0101du rota\u013clietu. T\u0101p\u0113c izmanto m\u012bkst\u0101s bumbi\u0146as, lai da\u017e\u0101dotu sava m\u012blu\u013ca vidi un iedro\u0161in\u0101tu vi\u0146u interesanti pavad\u012bt laiku. Pal\u012bdz apmierin\u0101t ka\u0137a dabisk\u0101s vajadz\u012bbas.Uzlab\u0101 ka\u0137u garast\u0101vokli.Mudina m\u0101jdz\u012bvniekus sp\u0113l\u0113ties un b\u016bt akt\u012bviem.Samazina ka\u0137iem garlaic\u012bbu un stresu.Da\u017e\u0101do dz\u012bvnieku vidi.Izgatavotas no dab\u012bgiem materi\u0101liem. Kuriem ka\u0137iem ieteicams izv\u0113l\u0113ties matatabi un catnip produktus? Kautr\u012bgam ka\u0137im, kuru v\u0113lamies iedro\u0161in\u0101t komunic\u0113t.Vec\u0101kam ka\u0137im, kuram v\u0113lamies nodro\u0161in\u0101t vair\u0101k kust\u012bbu.Stresa situ\u0101cij\u0101, piem\u0113ram, p\u0101rcel\u0161an\u0101s vai veterin\u0101r\u0101rsta apmekl\u0113juma laik\u0101.Jebkuram ka\u0137im, kuram reiz\u0113m k\u013c\u016bst garlaic\u012bgi telp\u0101s. Sp\u0113l\u0113jies ar savu ka\u0137i vair\u0101kas reizes dien\u0101. Pietiek pat ar da\u017e\u0101m min\u016bt\u0113m, lai tavs m\u012blulis var\u0113tu apmierin\u0101t savas dabisk\u0101s vajadz\u012bbas un saglab\u0101tu labu fizisko un gar\u012bgo formu. T\u0101pat tas stiprina saikni starp tevi un tavu m\u0101jdz\u012bvnieku. Rota\u013clietas diametrs: 7,5 cmSvars: 0,050 kgKr\u0101sas: za\u013ca, violeta, roz\u0101 (tiek nos\u016bt\u012bta nejau\u0161\u0101 kr\u0101s\u0101)Uzreiz pieejams noliktav\u0101!\" \/>\n<meta property=\"og:url\" content=\"https:\/\/miumjau.ee\/lv\/produkts\/kaku-rotallieta-matatabi-catnip-bumba\/\" \/>\n<meta property=\"og:site_name\" content=\"MiuMjau\" \/>\n<meta property=\"article:publisher\" content=\"https:\/\/www.facebook.com\/miumjaupood\/\" \/>\n<meta property=\"og:image\" content=\"https:\/\/miumjau.ee\/wp-content\/uploads\/2024\/08\/kassi-manguasi-matatabi-catnip-pall-1.jpg\" \/>\n\t<meta property=\"og:image:width\" content=\"600\" \/>\n\t<meta property=\"og:image:height\" content=\"800\" \/>\n\t<meta property=\"og:image:type\" content=\"image\/jpeg\" \/>\n<meta name=\"twitter:card\" content=\"summary_large_image\" \/>\n<script type=\"application\/ld+json\" class=\"yoast-schema-graph\">{\"@context\":\"https:\\\/\\\/schema.org\",\"@graph\":[{\"@type\":\"WebPage\",\"@id\":\"https:\\\/\\\/miumjau.ee\\\/lv\\\/produkts\\\/kaku-rotallieta-matatabi-catnip-bumba\\\/\",\"url\":\"https:\\\/\\\/miumjau.ee\\\/lv\\\/produkts\\\/kaku-rotallieta-matatabi-catnip-bumba\\\/\",\"name\":\"Ka\u0137u rota\u013clieta matatabi\u2013catnip bumba - MiuMjau\",\"isPartOf\":{\"@id\":\"https:\\\/\\\/miumjau.ee\\\/#website\"},\"primaryImageOfPage\":{\"@id\":\"https:\\\/\\\/miumjau.ee\\\/lv\\\/produkts\\\/kaku-rotallieta-matatabi-catnip-bumba\\\/#primaryimage\"},\"image\":{\"@id\":\"https:\\\/\\\/miumjau.ee\\\/lv\\\/produkts\\\/kaku-rotallieta-matatabi-catnip-bumba\\\/#primaryimage\"},\"thumbnailUrl\":\"https:\\\/\\\/miumjau.ee\\\/wp-content\\\/uploads\\\/2024\\\/08\\\/kassi-manguasi-matatabi-catnip-pall-1.jpg\",\"datePublished\":\"2024-08-10T12:11:52+00:00\",\"breadcrumb\":{\"@id\":\"https:\\\/\\\/miumjau.ee\\\/lv\\\/produkts\\\/kaku-rotallieta-matatabi-catnip-bumba\\\/#breadcrumb\"},\"inLanguage\":\"lv-LV\",\"potentialAction\":[{\"@type\":\"ReadAction\",\"target\":[\"https:\\\/\\\/miumjau.ee\\\/lv\\\/produkts\\\/kaku-rotallieta-matatabi-catnip-bumba\\\/\"]}]},{\"@type\":\"ImageObject\",\"inLanguage\":\"lv-LV\",\"@id\":\"https:\\\/\\\/miumjau.ee\\\/lv\\\/produkts\\\/kaku-rotallieta-matatabi-catnip-bumba\\\/#primaryimage\",\"url\":\"https:\\\/\\\/miumjau.ee\\\/wp-content\\\/uploads\\\/2024\\\/08\\\/kassi-manguasi-matatabi-catnip-pall-1.jpg\",\"contentUrl\":\"https:\\\/\\\/miumjau.ee\\\/wp-content\\\/uploads\\\/2024\\\/08\\\/kassi-manguasi-matatabi-catnip-pall-1.jpg\",\"width\":600,\"height\":800},{\"@type\":\"BreadcrumbList\",\"@id\":\"https:\\\/\\\/miumjau.ee\\\/lv\\\/produkts\\\/kaku-rotallieta-matatabi-catnip-bumba\\\/#breadcrumb\",\"itemListElement\":[{\"@type\":\"ListItem\",\"position\":1,\"name\":\"Home\",\"item\":\"https:\\\/\\\/miumjau.ee\\\/lv\\\/\"},{\"@type\":\"ListItem\",\"position\":2,\"name\":\"Veikals\",\"item\":\"https:\\\/\\\/miumjau.ee\\\/lv\\\/veikals\\\/\"},{\"@type\":\"ListItem\",\"position\":3,\"name\":\"Ka\u0137u rota\u013clieta matatabi\u2013catnip bumba\"}]},{\"@type\":\"WebSite\",\"@id\":\"https:\\\/\\\/miumjau.ee\\\/#website\",\"url\":\"https:\\\/\\\/miumjau.ee\\\/\",\"name\":\"MiuMjau\",\"description\":\"Kraapimispuud kassidele\",\"publisher\":{\"@id\":\"https:\\\/\\\/miumjau.ee\\\/#organization\"},\"potentialAction\":[{\"@type\":\"SearchAction\",\"target\":{\"@type\":\"EntryPoint\",\"urlTemplate\":\"https:\\\/\\\/miumjau.ee\\\/?s={search_term_string}\"},\"query-input\":{\"@type\":\"PropertyValueSpecification\",\"valueRequired\":true,\"valueName\":\"search_term_string\"}}],\"inLanguage\":\"lv-LV\"},{\"@type\":\"Organization\",\"@id\":\"https:\\\/\\\/miumjau.ee\\\/#organization\",\"name\":\"MiuMjau O\u00dc\",\"url\":\"https:\\\/\\\/miumjau.ee\\\/\",\"logo\":{\"@type\":\"ImageObject\",\"inLanguage\":\"lv-LV\",\"@id\":\"https:\\\/\\\/miumjau.ee\\\/#\\\/schema\\\/logo\\\/image\\\/\",\"url\":\"https:\\\/\\\/miumjau.ee\\\/wp-content\\\/uploads\\\/2022\\\/04\\\/MiuMjau-logo-kollane.png\",\"contentUrl\":\"https:\\\/\\\/miumjau.ee\\\/wp-content\\\/uploads\\\/2022\\\/04\\\/MiuMjau-logo-kollane.png\",\"width\":219,\"height\":100,\"caption\":\"MiuMjau O\u00dc\"},\"image\":{\"@id\":\"https:\\\/\\\/miumjau.ee\\\/#\\\/schema\\\/logo\\\/image\\\/\"},\"sameAs\":[\"https:\\\/\\\/www.facebook.com\\\/miumjaupood\\\/\"]}]}<\/script>\n<!-- \/ Yoast SEO plugin. -->","yoast_head_json":{"title":"Ka\u0137u rota\u013clieta matatabi\u2013catnip bumba - MiuMjau","robots":{"index":"index","follow":"follow","max-snippet":"max-snippet:-1","max-image-preview":"max-image-preview:large","max-video-preview":"max-video-preview:-1"},"canonical":"https:\/\/miumjau.ee\/lv\/produkts\/kaku-rotallieta-matatabi-catnip-bumba\/","og_locale":"lv_LV","og_type":"article","og_title":"Ka\u0137u rota\u013clieta matatabi\u2013catnip bumba - MiuMjau","og_description":"Vai v\u0113lies sp\u0113l\u0113ties ar savu ka\u0137i un padar\u012bt vi\u0146u akt\u012bv\u0101ku? M\u012bkst\u0101s bumbi\u0146as ar matatabi un catnip (ka\u0137um\u0113tru) ir lieliska iesp\u0113ja! Gan matatabi, gan catnip piesaista ka\u0137a uzman\u012bbu un rada vi\u0146am entuziasmu. Neviens ka\u0137is nesp\u0113j palikt vienaldz\u012bgs pret \u0161\u0101du rota\u013clietu. T\u0101p\u0113c izmanto m\u012bkst\u0101s bumbi\u0146as, lai da\u017e\u0101dotu sava m\u012blu\u013ca vidi un iedro\u0161in\u0101tu vi\u0146u interesanti pavad\u012bt laiku. Pal\u012bdz apmierin\u0101t ka\u0137a dabisk\u0101s vajadz\u012bbas.Uzlab\u0101 ka\u0137u garast\u0101vokli.Mudina m\u0101jdz\u012bvniekus sp\u0113l\u0113ties un b\u016bt akt\u012bviem.Samazina ka\u0137iem garlaic\u012bbu un stresu.Da\u017e\u0101do dz\u012bvnieku vidi.Izgatavotas no dab\u012bgiem materi\u0101liem. Kuriem ka\u0137iem ieteicams izv\u0113l\u0113ties matatabi un catnip produktus? Kautr\u012bgam ka\u0137im, kuru v\u0113lamies iedro\u0161in\u0101t komunic\u0113t.Vec\u0101kam ka\u0137im, kuram v\u0113lamies nodro\u0161in\u0101t vair\u0101k kust\u012bbu.Stresa situ\u0101cij\u0101, piem\u0113ram, p\u0101rcel\u0161an\u0101s vai veterin\u0101r\u0101rsta apmekl\u0113juma laik\u0101.Jebkuram ka\u0137im, kuram reiz\u0113m k\u013c\u016bst garlaic\u012bgi telp\u0101s. Sp\u0113l\u0113jies ar savu ka\u0137i vair\u0101kas reizes dien\u0101. Pietiek pat ar da\u017e\u0101m min\u016bt\u0113m, lai tavs m\u012blulis var\u0113tu apmierin\u0101t savas dabisk\u0101s vajadz\u012bbas un saglab\u0101tu labu fizisko un gar\u012bgo formu. T\u0101pat tas stiprina saikni starp tevi un tavu m\u0101jdz\u012bvnieku. Rota\u013clietas diametrs: 7,5 cmSvars: 0,050 kgKr\u0101sas: za\u013ca, violeta, roz\u0101 (tiek nos\u016bt\u012bta nejau\u0161\u0101 kr\u0101s\u0101)Uzreiz pieejams noliktav\u0101!","og_url":"https:\/\/miumjau.ee\/lv\/produkts\/kaku-rotallieta-matatabi-catnip-bumba\/","og_site_name":"MiuMjau","article_publisher":"https:\/\/www.facebook.com\/miumjaupood\/","og_image":[{"width":600,"height":800,"url":"https:\/\/miumjau.ee\/wp-content\/uploads\/2024\/08\/kassi-manguasi-matatabi-catnip-pall-1.jpg","type":"image\/jpeg"}],"twitter_card":"summary_large_image","schema":{"@context":"https:\/\/schema.org","@graph":[{"@type":"WebPage","@id":"https:\/\/miumjau.ee\/lv\/produkts\/kaku-rotallieta-matatabi-catnip-bumba\/","url":"https:\/\/miumjau.ee\/lv\/produkts\/kaku-rotallieta-matatabi-catnip-bumba\/","name":"Ka\u0137u rota\u013clieta matatabi\u2013catnip bumba - MiuMjau","isPartOf":{"@id":"https:\/\/miumjau.ee\/#website"},"primaryImageOfPage":{"@id":"https:\/\/miumjau.ee\/lv\/produkts\/kaku-rotallieta-matatabi-catnip-bumba\/#primaryimage"},"image":{"@id":"https:\/\/miumjau.ee\/lv\/produkts\/kaku-rotallieta-matatabi-catnip-bumba\/#primaryimage"},"thumbnailUrl":"https:\/\/miumjau.ee\/wp-content\/uploads\/2024\/08\/kassi-manguasi-matatabi-catnip-pall-1.jpg","datePublished":"2024-08-10T12:11:52+00:00","breadcrumb":{"@id":"https:\/\/miumjau.ee\/lv\/produkts\/kaku-rotallieta-matatabi-catnip-bumba\/#breadcrumb"},"inLanguage":"lv-LV","potentialAction":[{"@type":"ReadAction","target":["https:\/\/miumjau.ee\/lv\/produkts\/kaku-rotallieta-matatabi-catnip-bumba\/"]}]},{"@type":"ImageObject","inLanguage":"lv-LV","@id":"https:\/\/miumjau.ee\/lv\/produkts\/kaku-rotallieta-matatabi-catnip-bumba\/#primaryimage","url":"https:\/\/miumjau.ee\/wp-content\/uploads\/2024\/08\/kassi-manguasi-matatabi-catnip-pall-1.jpg","contentUrl":"https:\/\/miumjau.ee\/wp-content\/uploads\/2024\/08\/kassi-manguasi-matatabi-catnip-pall-1.jpg","width":600,"height":800},{"@type":"BreadcrumbList","@id":"https:\/\/miumjau.ee\/lv\/produkts\/kaku-rotallieta-matatabi-catnip-bumba\/#breadcrumb","itemListElement":[{"@type":"ListItem","position":1,"name":"Home","item":"https:\/\/miumjau.ee\/lv\/"},{"@type":"ListItem","position":2,"name":"Veikals","item":"https:\/\/miumjau.ee\/lv\/veikals\/"},{"@type":"ListItem","position":3,"name":"Ka\u0137u rota\u013clieta matatabi\u2013catnip bumba"}]},{"@type":"WebSite","@id":"https:\/\/miumjau.ee\/#website","url":"https:\/\/miumjau.ee\/","name":"MiuMjau","description":"Kraapimispuud kassidele","publisher":{"@id":"https:\/\/miumjau.ee\/#organization"},"potentialAction":[{"@type":"SearchAction","target":{"@type":"EntryPoint","urlTemplate":"https:\/\/miumjau.ee\/?s={search_term_string}"},"query-input":{"@type":"PropertyValueSpecification","valueRequired":true,"valueName":"search_term_string"}}],"inLanguage":"lv-LV"},{"@type":"Organization","@id":"https:\/\/miumjau.ee\/#organization","name":"MiuMjau O\u00dc","url":"https:\/\/miumjau.ee\/","logo":{"@type":"ImageObject","inLanguage":"lv-LV","@id":"https:\/\/miumjau.ee\/#\/schema\/logo\/image\/","url":"https:\/\/miumjau.ee\/wp-content\/uploads\/2022\/04\/MiuMjau-logo-kollane.png","contentUrl":"https:\/\/miumjau.ee\/wp-content\/uploads\/2022\/04\/MiuMjau-logo-kollane.png","width":219,"height":100,"caption":"MiuMjau O\u00dc"},"image":{"@id":"https:\/\/miumjau.ee\/#\/schema\/logo\/image\/"},"sameAs":["https:\/\/www.facebook.com\/miumjaupood\/"]}]}},"_links":{"self":[{"href":"https:\/\/miumjau.ee\/lv\/wp-json\/wp\/v2\/product\/56182","targetHints":{"allow":["GET"]}}],"collection":[{"href":"https:\/\/miumjau.ee\/lv\/wp-json\/wp\/v2\/product"}],"about":[{"href":"https:\/\/miumjau.ee\/lv\/wp-json\/wp\/v2\/types\/product"}],"wp:featuredmedia":[{"embeddable":true,"href":"https:\/\/miumjau.ee\/lv\/wp-json\/wp\/v2\/media\/56183"}],"wp:attachment":[{"href":"https:\/\/miumjau.ee\/lv\/wp-json\/wp\/v2\/media?parent=56182"}],"wp:term":[{"taxonomy":"product_brand","embeddable":true,"href":"https:\/\/miumjau.ee\/lv\/wp-json\/wp\/v2\/product_brand?post=56182"},{"taxonomy":"product_cat","embeddable":true,"href":"https:\/\/miumjau.ee\/lv\/wp-json\/wp\/v2\/product_cat?post=56182"},{"taxonomy":"product_tag","embeddable":true,"href":"https:\/\/miumjau.ee\/lv\/wp-json\/wp\/v2\/product_tag?post=56182"}],"curies":[{"name":"wp","href":"https:\/\/api.w.org\/{rel}","templated":true}]}}