{"id":56172,"date":"2024-03-24T21:30:11","date_gmt":"2024-03-24T19:30:11","guid":{"rendered":"https:\/\/miumjau.ee\/toode\/kaku-gulvieta-petrebels-l-40cm-cappuccino\/"},"modified":"2024-03-24T21:30:11","modified_gmt":"2024-03-24T19:30:11","slug":"kaku-gulvieta-petrebels-l-40cm-cappuccino","status":"publish","type":"product","link":"https:\/\/miumjau.ee\/lv\/produkts\/kaku-gulvieta-petrebels-l-40cm-cappuccino\/","title":{"rendered":"Ka\u0137u gu\u013cvieta Petrebels L 40cm, cappuccino"},"content":{"rendered":"","protected":false},"excerpt":{"rendered":"<p data-start=\"44\" data-end=\"491\">\u0160is lielais Luxury Sleeper \u0161\u016bpu\u013ct\u012bkls ir izgatavots no \u012bpa\u0161i m\u012bksta, kvalitat\u012bva pl\u012b\u0161a. Ide\u0101la vieta ka\u0137iem atp\u016btai! \u013boti iesp\u0113jams, ka j\u016bsu ka\u0137is tur katru dienu dosies p\u0113cpusdienas snaud\u0101 vai k\u0101rt\u012bgai mazg\u0101\u0161an\u0101s sesijai. Var gad\u012bties, ka p\u0113c k\u0101da laika jums b\u016bs nepiecie\u0161ama jauna gu\u013cvieta, kam\u0113r skr\u0101p\u0113\u0161anas koks joproj\u0101m b\u016bs piln\u012bgi k\u0101rt\u012bb\u0101. T\u0101p\u0113c m\u0113s vienm\u0113r p\u0101rdodam katru da\u013cu atsevi\u0161\u0137i. Tas ir labs risin\u0101jums j\u016bsu maci\u0146am un lab\u0101ks videi.<\/p>\n<p data-start=\"493\" data-end=\"890\" data-is-last-node=\"\" data-is-only-node=\"\">Kr\u0101sa: pel\u0113ka<br data-start=\"506\" data-end=\"509\" \/>Svars 3 kg<br data-start=\"519\" data-end=\"522\" data-is-only-node=\"\" \/>Izm\u0113ri 40 \u00d7 40 \u00d7 2 cm<br data-start=\"543\" data-end=\"546\" \/>Iepakojuma izm\u0113rs: 55 x 45 x 6 cm<br data-start=\"579\" data-end=\"582\" \/>Maksim\u0101lais ka\u0137a svars: 15 kg<br data-start=\"611\" data-end=\"614\" \/>Ide\u0101li piem\u0113rots lieliem ka\u0137iem, bet, protams, ar\u012b maziem!<br data-start=\"672\" data-end=\"675\" \/>Skaisti gai\u0161i to\u0146i<br data-start=\"693\" data-end=\"696\" \/>Paredz\u0113ts lieto\u0161anai ar skr\u0101p\u0113\u0161anas stabiem 12 cm, \u00d8 15 cm un \u00d8 20 cm<br data-start=\"765\" data-end=\"768\" \/>Padoms: \u0146emiet v\u0113r\u0101, ka \u0161\u016bpu\u013ct\u012bkla met\u0101la r\u0101mja biezuma d\u0113\u013c skr\u0101p\u0113\u0161anas stabs nest\u0101v\u0113s piln\u012bgi taisni, ja to pievienosiet.<\/p>\n","protected":false},"featured_media":56173,"template":"","meta":[],"product_brand":[],"product_cat":[591],"product_tag":[],"class_list":{"0":"post-56172","1":"product","2":"type-product","3":"status-publish","4":"has-post-thumbnail","6":"product_cat-rezerves-dalas","7":"product_shipping_class-pakiautomaati-sobimatu-lv","9":"first","10":"outofstock","11":"taxable","12":"shipping-taxable","13":"purchasable","14":"product-type-simple"},"yoast_head":"<!-- This site is optimized with the Yoast SEO plugin v27.4 - https:\/\/yoast.com\/product\/yoast-seo-wordpress\/ -->\n<title>Ka\u0137u gu\u013cvieta Petrebels L 40cm, cappuccino - MiuMjau<\/title>\n<meta name=\"robots\" content=\"index, follow, max-snippet:-1, max-image-preview:large, max-video-preview:-1\" \/>\n<link rel=\"canonical\" href=\"https:\/\/miumjau.ee\/lv\/produkts\/kaku-gulvieta-petrebels-l-40cm-cappuccino\/\" \/>\n<meta property=\"og:locale\" content=\"lv_LV\" \/>\n<meta property=\"og:type\" content=\"article\" \/>\n<meta property=\"og:title\" content=\"Ka\u0137u gu\u013cvieta Petrebels L 40cm, cappuccino - MiuMjau\" \/>\n<meta property=\"og:description\" content=\"\u0160is lielais Luxury Sleeper \u0161\u016bpu\u013ct\u012bkls ir izgatavots no \u012bpa\u0161i m\u012bksta, kvalitat\u012bva pl\u012b\u0161a. Ide\u0101la vieta ka\u0137iem atp\u016btai! \u013boti iesp\u0113jams, ka j\u016bsu ka\u0137is tur katru dienu dosies p\u0113cpusdienas snaud\u0101 vai k\u0101rt\u012bgai mazg\u0101\u0161an\u0101s sesijai. Var gad\u012bties, ka p\u0113c k\u0101da laika jums b\u016bs nepiecie\u0161ama jauna gu\u013cvieta, kam\u0113r skr\u0101p\u0113\u0161anas koks joproj\u0101m b\u016bs piln\u012bgi k\u0101rt\u012bb\u0101. T\u0101p\u0113c m\u0113s vienm\u0113r p\u0101rdodam katru da\u013cu atsevi\u0161\u0137i. Tas ir labs risin\u0101jums j\u016bsu maci\u0146am un lab\u0101ks videi. Kr\u0101sa: pel\u0113kaSvars 3 kgIzm\u0113ri 40 \u00d7 40 \u00d7 2 cmIepakojuma izm\u0113rs: 55 x 45 x 6 cmMaksim\u0101lais ka\u0137a svars: 15 kgIde\u0101li piem\u0113rots lieliem ka\u0137iem, bet, protams, ar\u012b maziem!Skaisti gai\u0161i to\u0146iParedz\u0113ts lieto\u0161anai ar skr\u0101p\u0113\u0161anas stabiem 12 cm, \u00d8 15 cm un \u00d8 20 cmPadoms: \u0146emiet v\u0113r\u0101, ka \u0161\u016bpu\u013ct\u012bkla met\u0101la r\u0101mja biezuma d\u0113\u013c skr\u0101p\u0113\u0161anas stabs nest\u0101v\u0113s piln\u012bgi taisni, ja to pievienosiet.\" \/>\n<meta property=\"og:url\" content=\"https:\/\/miumjau.ee\/lv\/produkts\/kaku-gulvieta-petrebels-l-40cm-cappuccino\/\" \/>\n<meta property=\"og:site_name\" content=\"MiuMjau\" \/>\n<meta property=\"article:publisher\" content=\"https:\/\/www.facebook.com\/miumjaupood\/\" \/>\n<meta property=\"og:image\" content=\"https:\/\/miumjau.ee\/wp-content\/uploads\/2024\/03\/petrebels-rippkiik-luxury-sleeper-square-l-cappuccino-1.jpg\" \/>\n\t<meta property=\"og:image:width\" content=\"600\" \/>\n\t<meta property=\"og:image:height\" content=\"800\" \/>\n\t<meta property=\"og:image:type\" content=\"image\/jpeg\" \/>\n<meta name=\"twitter:card\" content=\"summary_large_image\" \/>\n<script type=\"application\/ld+json\" class=\"yoast-schema-graph\">{\"@context\":\"https:\\\/\\\/schema.org\",\"@graph\":[{\"@type\":\"WebPage\",\"@id\":\"https:\\\/\\\/miumjau.ee\\\/lv\\\/produkts\\\/kaku-gulvieta-petrebels-l-40cm-cappuccino\\\/\",\"url\":\"https:\\\/\\\/miumjau.ee\\\/lv\\\/produkts\\\/kaku-gulvieta-petrebels-l-40cm-cappuccino\\\/\",\"name\":\"Ka\u0137u gu\u013cvieta Petrebels L 40cm, cappuccino - MiuMjau\",\"isPartOf\":{\"@id\":\"https:\\\/\\\/miumjau.ee\\\/#website\"},\"primaryImageOfPage\":{\"@id\":\"https:\\\/\\\/miumjau.ee\\\/lv\\\/produkts\\\/kaku-gulvieta-petrebels-l-40cm-cappuccino\\\/#primaryimage\"},\"image\":{\"@id\":\"https:\\\/\\\/miumjau.ee\\\/lv\\\/produkts\\\/kaku-gulvieta-petrebels-l-40cm-cappuccino\\\/#primaryimage\"},\"thumbnailUrl\":\"https:\\\/\\\/miumjau.ee\\\/wp-content\\\/uploads\\\/2024\\\/03\\\/petrebels-rippkiik-luxury-sleeper-square-l-cappuccino-1.jpg\",\"datePublished\":\"2024-03-24T19:30:11+00:00\",\"breadcrumb\":{\"@id\":\"https:\\\/\\\/miumjau.ee\\\/lv\\\/produkts\\\/kaku-gulvieta-petrebels-l-40cm-cappuccino\\\/#breadcrumb\"},\"inLanguage\":\"lv-LV\",\"potentialAction\":[{\"@type\":\"ReadAction\",\"target\":[\"https:\\\/\\\/miumjau.ee\\\/lv\\\/produkts\\\/kaku-gulvieta-petrebels-l-40cm-cappuccino\\\/\"]}]},{\"@type\":\"ImageObject\",\"inLanguage\":\"lv-LV\",\"@id\":\"https:\\\/\\\/miumjau.ee\\\/lv\\\/produkts\\\/kaku-gulvieta-petrebels-l-40cm-cappuccino\\\/#primaryimage\",\"url\":\"https:\\\/\\\/miumjau.ee\\\/wp-content\\\/uploads\\\/2024\\\/03\\\/petrebels-rippkiik-luxury-sleeper-square-l-cappuccino-1.jpg\",\"contentUrl\":\"https:\\\/\\\/miumjau.ee\\\/wp-content\\\/uploads\\\/2024\\\/03\\\/petrebels-rippkiik-luxury-sleeper-square-l-cappuccino-1.jpg\",\"width\":600,\"height\":800},{\"@type\":\"BreadcrumbList\",\"@id\":\"https:\\\/\\\/miumjau.ee\\\/lv\\\/produkts\\\/kaku-gulvieta-petrebels-l-40cm-cappuccino\\\/#breadcrumb\",\"itemListElement\":[{\"@type\":\"ListItem\",\"position\":1,\"name\":\"Home\",\"item\":\"https:\\\/\\\/miumjau.ee\\\/lv\\\/\"},{\"@type\":\"ListItem\",\"position\":2,\"name\":\"Veikals\",\"item\":\"https:\\\/\\\/miumjau.ee\\\/lv\\\/veikals\\\/\"},{\"@type\":\"ListItem\",\"position\":3,\"name\":\"Ka\u0137u gu\u013cvieta Petrebels L 40cm, cappuccino\"}]},{\"@type\":\"WebSite\",\"@id\":\"https:\\\/\\\/miumjau.ee\\\/#website\",\"url\":\"https:\\\/\\\/miumjau.ee\\\/\",\"name\":\"MiuMjau\",\"description\":\"Kraapimispuud kassidele\",\"publisher\":{\"@id\":\"https:\\\/\\\/miumjau.ee\\\/#organization\"},\"potentialAction\":[{\"@type\":\"SearchAction\",\"target\":{\"@type\":\"EntryPoint\",\"urlTemplate\":\"https:\\\/\\\/miumjau.ee\\\/?s={search_term_string}\"},\"query-input\":{\"@type\":\"PropertyValueSpecification\",\"valueRequired\":true,\"valueName\":\"search_term_string\"}}],\"inLanguage\":\"lv-LV\"},{\"@type\":\"Organization\",\"@id\":\"https:\\\/\\\/miumjau.ee\\\/#organization\",\"name\":\"MiuMjau O\u00dc\",\"url\":\"https:\\\/\\\/miumjau.ee\\\/\",\"logo\":{\"@type\":\"ImageObject\",\"inLanguage\":\"lv-LV\",\"@id\":\"https:\\\/\\\/miumjau.ee\\\/#\\\/schema\\\/logo\\\/image\\\/\",\"url\":\"https:\\\/\\\/miumjau.ee\\\/wp-content\\\/uploads\\\/2022\\\/04\\\/MiuMjau-logo-kollane.png\",\"contentUrl\":\"https:\\\/\\\/miumjau.ee\\\/wp-content\\\/uploads\\\/2022\\\/04\\\/MiuMjau-logo-kollane.png\",\"width\":219,\"height\":100,\"caption\":\"MiuMjau O\u00dc\"},\"image\":{\"@id\":\"https:\\\/\\\/miumjau.ee\\\/#\\\/schema\\\/logo\\\/image\\\/\"},\"sameAs\":[\"https:\\\/\\\/www.facebook.com\\\/miumjaupood\\\/\"]}]}<\/script>\n<!-- \/ Yoast SEO plugin. -->","yoast_head_json":{"title":"Ka\u0137u gu\u013cvieta Petrebels L 40cm, cappuccino - MiuMjau","robots":{"index":"index","follow":"follow","max-snippet":"max-snippet:-1","max-image-preview":"max-image-preview:large","max-video-preview":"max-video-preview:-1"},"canonical":"https:\/\/miumjau.ee\/lv\/produkts\/kaku-gulvieta-petrebels-l-40cm-cappuccino\/","og_locale":"lv_LV","og_type":"article","og_title":"Ka\u0137u gu\u013cvieta Petrebels L 40cm, cappuccino - MiuMjau","og_description":"\u0160is lielais Luxury Sleeper \u0161\u016bpu\u013ct\u012bkls ir izgatavots no \u012bpa\u0161i m\u012bksta, kvalitat\u012bva pl\u012b\u0161a. Ide\u0101la vieta ka\u0137iem atp\u016btai! \u013boti iesp\u0113jams, ka j\u016bsu ka\u0137is tur katru dienu dosies p\u0113cpusdienas snaud\u0101 vai k\u0101rt\u012bgai mazg\u0101\u0161an\u0101s sesijai. Var gad\u012bties, ka p\u0113c k\u0101da laika jums b\u016bs nepiecie\u0161ama jauna gu\u013cvieta, kam\u0113r skr\u0101p\u0113\u0161anas koks joproj\u0101m b\u016bs piln\u012bgi k\u0101rt\u012bb\u0101. T\u0101p\u0113c m\u0113s vienm\u0113r p\u0101rdodam katru da\u013cu atsevi\u0161\u0137i. Tas ir labs risin\u0101jums j\u016bsu maci\u0146am un lab\u0101ks videi. Kr\u0101sa: pel\u0113kaSvars 3 kgIzm\u0113ri 40 \u00d7 40 \u00d7 2 cmIepakojuma izm\u0113rs: 55 x 45 x 6 cmMaksim\u0101lais ka\u0137a svars: 15 kgIde\u0101li piem\u0113rots lieliem ka\u0137iem, bet, protams, ar\u012b maziem!Skaisti gai\u0161i to\u0146iParedz\u0113ts lieto\u0161anai ar skr\u0101p\u0113\u0161anas stabiem 12 cm, \u00d8 15 cm un \u00d8 20 cmPadoms: \u0146emiet v\u0113r\u0101, ka \u0161\u016bpu\u013ct\u012bkla met\u0101la r\u0101mja biezuma d\u0113\u013c skr\u0101p\u0113\u0161anas stabs nest\u0101v\u0113s piln\u012bgi taisni, ja to pievienosiet.","og_url":"https:\/\/miumjau.ee\/lv\/produkts\/kaku-gulvieta-petrebels-l-40cm-cappuccino\/","og_site_name":"MiuMjau","article_publisher":"https:\/\/www.facebook.com\/miumjaupood\/","og_image":[{"width":600,"height":800,"url":"https:\/\/miumjau.ee\/wp-content\/uploads\/2024\/03\/petrebels-rippkiik-luxury-sleeper-square-l-cappuccino-1.jpg","type":"image\/jpeg"}],"twitter_card":"summary_large_image","schema":{"@context":"https:\/\/schema.org","@graph":[{"@type":"WebPage","@id":"https:\/\/miumjau.ee\/lv\/produkts\/kaku-gulvieta-petrebels-l-40cm-cappuccino\/","url":"https:\/\/miumjau.ee\/lv\/produkts\/kaku-gulvieta-petrebels-l-40cm-cappuccino\/","name":"Ka\u0137u gu\u013cvieta Petrebels L 40cm, cappuccino - MiuMjau","isPartOf":{"@id":"https:\/\/miumjau.ee\/#website"},"primaryImageOfPage":{"@id":"https:\/\/miumjau.ee\/lv\/produkts\/kaku-gulvieta-petrebels-l-40cm-cappuccino\/#primaryimage"},"image":{"@id":"https:\/\/miumjau.ee\/lv\/produkts\/kaku-gulvieta-petrebels-l-40cm-cappuccino\/#primaryimage"},"thumbnailUrl":"https:\/\/miumjau.ee\/wp-content\/uploads\/2024\/03\/petrebels-rippkiik-luxury-sleeper-square-l-cappuccino-1.jpg","datePublished":"2024-03-24T19:30:11+00:00","breadcrumb":{"@id":"https:\/\/miumjau.ee\/lv\/produkts\/kaku-gulvieta-petrebels-l-40cm-cappuccino\/#breadcrumb"},"inLanguage":"lv-LV","potentialAction":[{"@type":"ReadAction","target":["https:\/\/miumjau.ee\/lv\/produkts\/kaku-gulvieta-petrebels-l-40cm-cappuccino\/"]}]},{"@type":"ImageObject","inLanguage":"lv-LV","@id":"https:\/\/miumjau.ee\/lv\/produkts\/kaku-gulvieta-petrebels-l-40cm-cappuccino\/#primaryimage","url":"https:\/\/miumjau.ee\/wp-content\/uploads\/2024\/03\/petrebels-rippkiik-luxury-sleeper-square-l-cappuccino-1.jpg","contentUrl":"https:\/\/miumjau.ee\/wp-content\/uploads\/2024\/03\/petrebels-rippkiik-luxury-sleeper-square-l-cappuccino-1.jpg","width":600,"height":800},{"@type":"BreadcrumbList","@id":"https:\/\/miumjau.ee\/lv\/produkts\/kaku-gulvieta-petrebels-l-40cm-cappuccino\/#breadcrumb","itemListElement":[{"@type":"ListItem","position":1,"name":"Home","item":"https:\/\/miumjau.ee\/lv\/"},{"@type":"ListItem","position":2,"name":"Veikals","item":"https:\/\/miumjau.ee\/lv\/veikals\/"},{"@type":"ListItem","position":3,"name":"Ka\u0137u gu\u013cvieta Petrebels L 40cm, cappuccino"}]},{"@type":"WebSite","@id":"https:\/\/miumjau.ee\/#website","url":"https:\/\/miumjau.ee\/","name":"MiuMjau","description":"Kraapimispuud kassidele","publisher":{"@id":"https:\/\/miumjau.ee\/#organization"},"potentialAction":[{"@type":"SearchAction","target":{"@type":"EntryPoint","urlTemplate":"https:\/\/miumjau.ee\/?s={search_term_string}"},"query-input":{"@type":"PropertyValueSpecification","valueRequired":true,"valueName":"search_term_string"}}],"inLanguage":"lv-LV"},{"@type":"Organization","@id":"https:\/\/miumjau.ee\/#organization","name":"MiuMjau O\u00dc","url":"https:\/\/miumjau.ee\/","logo":{"@type":"ImageObject","inLanguage":"lv-LV","@id":"https:\/\/miumjau.ee\/#\/schema\/logo\/image\/","url":"https:\/\/miumjau.ee\/wp-content\/uploads\/2022\/04\/MiuMjau-logo-kollane.png","contentUrl":"https:\/\/miumjau.ee\/wp-content\/uploads\/2022\/04\/MiuMjau-logo-kollane.png","width":219,"height":100,"caption":"MiuMjau O\u00dc"},"image":{"@id":"https:\/\/miumjau.ee\/#\/schema\/logo\/image\/"},"sameAs":["https:\/\/www.facebook.com\/miumjaupood\/"]}]}},"_links":{"self":[{"href":"https:\/\/miumjau.ee\/lv\/wp-json\/wp\/v2\/product\/56172","targetHints":{"allow":["GET"]}}],"collection":[{"href":"https:\/\/miumjau.ee\/lv\/wp-json\/wp\/v2\/product"}],"about":[{"href":"https:\/\/miumjau.ee\/lv\/wp-json\/wp\/v2\/types\/product"}],"wp:featuredmedia":[{"embeddable":true,"href":"https:\/\/miumjau.ee\/lv\/wp-json\/wp\/v2\/media\/56173"}],"wp:attachment":[{"href":"https:\/\/miumjau.ee\/lv\/wp-json\/wp\/v2\/media?parent=56172"}],"wp:term":[{"taxonomy":"product_brand","embeddable":true,"href":"https:\/\/miumjau.ee\/lv\/wp-json\/wp\/v2\/product_brand?post=56172"},{"taxonomy":"product_cat","embeddable":true,"href":"https:\/\/miumjau.ee\/lv\/wp-json\/wp\/v2\/product_cat?post=56172"},{"taxonomy":"product_tag","embeddable":true,"href":"https:\/\/miumjau.ee\/lv\/wp-json\/wp\/v2\/product_tag?post=56172"}],"curies":[{"name":"wp","href":"https:\/\/api.w.org\/{rel}","templated":true}]}}