{"id":56153,"date":"2024-01-05T22:33:15","date_gmt":"2024-01-05T20:33:15","guid":{"rendered":"https:\/\/miumjau.ee\/toode\/kaku-plaukts-petrebels-corner-lounge-35-wenge\/"},"modified":"2024-01-05T22:33:15","modified_gmt":"2024-01-05T20:33:15","slug":"kaku-plaukts-petrebels-corner-lounge-35-wenge","status":"publish","type":"product","link":"https:\/\/miumjau.ee\/lv\/produkts\/kaku-plaukts-petrebels-corner-lounge-35-wenge\/","title":{"rendered":"Ka\u0137u plaukts Petrebels Corner Lounge 35, wenge"},"content":{"rendered":"","protected":false},"excerpt":{"rendered":"<p data-start=\"52\" data-end=\"661\">Corner Lounge 35 modelim ir viss, kas ka\u0137im nepiecie\u0161ams \u2013 ka\u0137is uz t\u0101 var sp\u0113l\u0113ties, atp\u016bsties un, protams, ar\u012b skr\u0101p\u0113t. Tas ir lieliski, jo skr\u0101p\u0113\u0161ana sag\u0101d\u0101 ka\u0137iem prieku un uztur vi\u0146u nagus veselus. \u0160is ar sizala pakl\u0101ju p\u0101rkl\u0101tais plaukts stiprin\u0101s sienas st\u016br\u012b un ir da\u013ca no m\u016bsu Wall of Rebels kolekcijas, kur atrad\u012bsiet skaistus produktus ka\u0137iem gul\u0113\u0161anai, sp\u0113l\u0113\u0161anai, k\u0101p\u0161anai, skrie\u0161anai un skr\u0101p\u0113\u0161anai. Visus elementus var kombin\u0113t bezgal\u012bgi. Piekariniet \u0161o plauktu, piem\u0113ram, pie apa\u013c\u0101s ka\u0137u gu\u013cvietas Moon 40 vai savienojiet ar cit\u0101m for\u0161\u0101m k\u0101p\u0161anas da\u013c\u0101m, piem\u0113ram, Scratch 70, k\u0101pn\u0113m vai tiltu.<\/p>\n<p data-start=\"663\" data-end=\"886\" data-is-last-node=\"\" data-is-only-node=\"\">Izm\u0113ri \u2013 garums 35 cm, platums 35 cm un augstums 6 cm<br data-start=\"716\" data-end=\"719\" \/>Produkta svars 1,7 kg<br data-start=\"740\" data-end=\"743\" data-is-only-node=\"\" \/>Izgatavots no eikalipta koka vien\u0101 gabal\u0101<br data-start=\"784\" data-end=\"787\" \/>P\u0101rkl\u0101ts ar sizala pakl\u0101ju, kas piestiprin\u0101ts ar l\u012bplenti<br data-start=\"844\" data-end=\"847\" \/>Komplekt\u0101 sienas stiprin\u0101juma materi\u0101ls<\/p>\n","protected":false},"featured_media":56154,"template":"","meta":[],"product_brand":[],"product_cat":[593,573],"product_tag":[],"class_list":{"0":"post-56153","1":"product","2":"type-product","3":"status-publish","4":"has-post-thumbnail","6":"product_cat-kapelesanas-siena-kakiem","7":"product_cat-kaup24-lv","9":"first","10":"instock","11":"sale","12":"taxable","13":"shipping-taxable","14":"purchasable","15":"product-type-simple"},"yoast_head":"<!-- This site is optimized with the Yoast SEO plugin v27.4 - https:\/\/yoast.com\/product\/yoast-seo-wordpress\/ -->\n<title>Ka\u0137u plaukts Petrebels Corner Lounge 35, wenge - MiuMjau<\/title>\n<meta name=\"robots\" content=\"index, follow, max-snippet:-1, max-image-preview:large, max-video-preview:-1\" \/>\n<link rel=\"canonical\" href=\"https:\/\/miumjau.ee\/lv\/produkts\/kaku-plaukts-petrebels-corner-lounge-35-wenge\/\" \/>\n<meta property=\"og:locale\" content=\"lv_LV\" \/>\n<meta property=\"og:type\" content=\"article\" \/>\n<meta property=\"og:title\" content=\"Ka\u0137u plaukts Petrebels Corner Lounge 35, wenge - MiuMjau\" \/>\n<meta property=\"og:description\" content=\"Corner Lounge 35 modelim ir viss, kas ka\u0137im nepiecie\u0161ams \u2013 ka\u0137is uz t\u0101 var sp\u0113l\u0113ties, atp\u016bsties un, protams, ar\u012b skr\u0101p\u0113t. Tas ir lieliski, jo skr\u0101p\u0113\u0161ana sag\u0101d\u0101 ka\u0137iem prieku un uztur vi\u0146u nagus veselus. \u0160is ar sizala pakl\u0101ju p\u0101rkl\u0101tais plaukts stiprin\u0101s sienas st\u016br\u012b un ir da\u013ca no m\u016bsu Wall of Rebels kolekcijas, kur atrad\u012bsiet skaistus produktus ka\u0137iem gul\u0113\u0161anai, sp\u0113l\u0113\u0161anai, k\u0101p\u0161anai, skrie\u0161anai un skr\u0101p\u0113\u0161anai. Visus elementus var kombin\u0113t bezgal\u012bgi. Piekariniet \u0161o plauktu, piem\u0113ram, pie apa\u013c\u0101s ka\u0137u gu\u013cvietas Moon 40 vai savienojiet ar cit\u0101m for\u0161\u0101m k\u0101p\u0161anas da\u013c\u0101m, piem\u0113ram, Scratch 70, k\u0101pn\u0113m vai tiltu. Izm\u0113ri \u2013 garums 35 cm, platums 35 cm un augstums 6 cmProdukta svars 1,7 kgIzgatavots no eikalipta koka vien\u0101 gabal\u0101P\u0101rkl\u0101ts ar sizala pakl\u0101ju, kas piestiprin\u0101ts ar l\u012bplentiKomplekt\u0101 sienas stiprin\u0101juma materi\u0101ls\" \/>\n<meta property=\"og:url\" content=\"https:\/\/miumjau.ee\/lv\/produkts\/kaku-plaukts-petrebels-corner-lounge-35-wenge\/\" \/>\n<meta property=\"og:site_name\" content=\"MiuMjau\" \/>\n<meta property=\"article:publisher\" content=\"https:\/\/www.facebook.com\/miumjaupood\/\" \/>\n<meta property=\"og:image\" content=\"https:\/\/miumjau.ee\/wp-content\/uploads\/2023\/12\/tasapind-nurka-cornerlounge351.jpg\" \/>\n\t<meta property=\"og:image:width\" content=\"600\" \/>\n\t<meta property=\"og:image:height\" content=\"800\" \/>\n\t<meta property=\"og:image:type\" content=\"image\/jpeg\" \/>\n<meta name=\"twitter:card\" content=\"summary_large_image\" \/>\n<script type=\"application\/ld+json\" class=\"yoast-schema-graph\">{\"@context\":\"https:\\\/\\\/schema.org\",\"@graph\":[{\"@type\":\"WebPage\",\"@id\":\"https:\\\/\\\/miumjau.ee\\\/lv\\\/produkts\\\/kaku-plaukts-petrebels-corner-lounge-35-wenge\\\/\",\"url\":\"https:\\\/\\\/miumjau.ee\\\/lv\\\/produkts\\\/kaku-plaukts-petrebels-corner-lounge-35-wenge\\\/\",\"name\":\"Ka\u0137u plaukts Petrebels Corner Lounge 35, wenge - MiuMjau\",\"isPartOf\":{\"@id\":\"https:\\\/\\\/miumjau.ee\\\/#website\"},\"primaryImageOfPage\":{\"@id\":\"https:\\\/\\\/miumjau.ee\\\/lv\\\/produkts\\\/kaku-plaukts-petrebels-corner-lounge-35-wenge\\\/#primaryimage\"},\"image\":{\"@id\":\"https:\\\/\\\/miumjau.ee\\\/lv\\\/produkts\\\/kaku-plaukts-petrebels-corner-lounge-35-wenge\\\/#primaryimage\"},\"thumbnailUrl\":\"https:\\\/\\\/miumjau.ee\\\/wp-content\\\/uploads\\\/2023\\\/12\\\/tasapind-nurka-cornerlounge351.jpg\",\"datePublished\":\"2024-01-05T20:33:15+00:00\",\"breadcrumb\":{\"@id\":\"https:\\\/\\\/miumjau.ee\\\/lv\\\/produkts\\\/kaku-plaukts-petrebels-corner-lounge-35-wenge\\\/#breadcrumb\"},\"inLanguage\":\"lv-LV\",\"potentialAction\":[{\"@type\":\"ReadAction\",\"target\":[\"https:\\\/\\\/miumjau.ee\\\/lv\\\/produkts\\\/kaku-plaukts-petrebels-corner-lounge-35-wenge\\\/\"]}]},{\"@type\":\"ImageObject\",\"inLanguage\":\"lv-LV\",\"@id\":\"https:\\\/\\\/miumjau.ee\\\/lv\\\/produkts\\\/kaku-plaukts-petrebels-corner-lounge-35-wenge\\\/#primaryimage\",\"url\":\"https:\\\/\\\/miumjau.ee\\\/wp-content\\\/uploads\\\/2023\\\/12\\\/tasapind-nurka-cornerlounge351.jpg\",\"contentUrl\":\"https:\\\/\\\/miumjau.ee\\\/wp-content\\\/uploads\\\/2023\\\/12\\\/tasapind-nurka-cornerlounge351.jpg\",\"width\":600,\"height\":800},{\"@type\":\"BreadcrumbList\",\"@id\":\"https:\\\/\\\/miumjau.ee\\\/lv\\\/produkts\\\/kaku-plaukts-petrebels-corner-lounge-35-wenge\\\/#breadcrumb\",\"itemListElement\":[{\"@type\":\"ListItem\",\"position\":1,\"name\":\"Home\",\"item\":\"https:\\\/\\\/miumjau.ee\\\/lv\\\/\"},{\"@type\":\"ListItem\",\"position\":2,\"name\":\"Veikals\",\"item\":\"https:\\\/\\\/miumjau.ee\\\/lv\\\/veikals\\\/\"},{\"@type\":\"ListItem\",\"position\":3,\"name\":\"Ka\u0137u plaukts Petrebels Corner Lounge 35, wenge\"}]},{\"@type\":\"WebSite\",\"@id\":\"https:\\\/\\\/miumjau.ee\\\/#website\",\"url\":\"https:\\\/\\\/miumjau.ee\\\/\",\"name\":\"MiuMjau\",\"description\":\"Kraapimispuud kassidele\",\"publisher\":{\"@id\":\"https:\\\/\\\/miumjau.ee\\\/#organization\"},\"potentialAction\":[{\"@type\":\"SearchAction\",\"target\":{\"@type\":\"EntryPoint\",\"urlTemplate\":\"https:\\\/\\\/miumjau.ee\\\/?s={search_term_string}\"},\"query-input\":{\"@type\":\"PropertyValueSpecification\",\"valueRequired\":true,\"valueName\":\"search_term_string\"}}],\"inLanguage\":\"lv-LV\"},{\"@type\":\"Organization\",\"@id\":\"https:\\\/\\\/miumjau.ee\\\/#organization\",\"name\":\"MiuMjau O\u00dc\",\"url\":\"https:\\\/\\\/miumjau.ee\\\/\",\"logo\":{\"@type\":\"ImageObject\",\"inLanguage\":\"lv-LV\",\"@id\":\"https:\\\/\\\/miumjau.ee\\\/#\\\/schema\\\/logo\\\/image\\\/\",\"url\":\"https:\\\/\\\/miumjau.ee\\\/wp-content\\\/uploads\\\/2022\\\/04\\\/MiuMjau-logo-kollane.png\",\"contentUrl\":\"https:\\\/\\\/miumjau.ee\\\/wp-content\\\/uploads\\\/2022\\\/04\\\/MiuMjau-logo-kollane.png\",\"width\":219,\"height\":100,\"caption\":\"MiuMjau O\u00dc\"},\"image\":{\"@id\":\"https:\\\/\\\/miumjau.ee\\\/#\\\/schema\\\/logo\\\/image\\\/\"},\"sameAs\":[\"https:\\\/\\\/www.facebook.com\\\/miumjaupood\\\/\"]}]}<\/script>\n<!-- \/ Yoast SEO plugin. -->","yoast_head_json":{"title":"Ka\u0137u plaukts Petrebels Corner Lounge 35, wenge - MiuMjau","robots":{"index":"index","follow":"follow","max-snippet":"max-snippet:-1","max-image-preview":"max-image-preview:large","max-video-preview":"max-video-preview:-1"},"canonical":"https:\/\/miumjau.ee\/lv\/produkts\/kaku-plaukts-petrebels-corner-lounge-35-wenge\/","og_locale":"lv_LV","og_type":"article","og_title":"Ka\u0137u plaukts Petrebels Corner Lounge 35, wenge - MiuMjau","og_description":"Corner Lounge 35 modelim ir viss, kas ka\u0137im nepiecie\u0161ams \u2013 ka\u0137is uz t\u0101 var sp\u0113l\u0113ties, atp\u016bsties un, protams, ar\u012b skr\u0101p\u0113t. Tas ir lieliski, jo skr\u0101p\u0113\u0161ana sag\u0101d\u0101 ka\u0137iem prieku un uztur vi\u0146u nagus veselus. \u0160is ar sizala pakl\u0101ju p\u0101rkl\u0101tais plaukts stiprin\u0101s sienas st\u016br\u012b un ir da\u013ca no m\u016bsu Wall of Rebels kolekcijas, kur atrad\u012bsiet skaistus produktus ka\u0137iem gul\u0113\u0161anai, sp\u0113l\u0113\u0161anai, k\u0101p\u0161anai, skrie\u0161anai un skr\u0101p\u0113\u0161anai. Visus elementus var kombin\u0113t bezgal\u012bgi. Piekariniet \u0161o plauktu, piem\u0113ram, pie apa\u013c\u0101s ka\u0137u gu\u013cvietas Moon 40 vai savienojiet ar cit\u0101m for\u0161\u0101m k\u0101p\u0161anas da\u013c\u0101m, piem\u0113ram, Scratch 70, k\u0101pn\u0113m vai tiltu. Izm\u0113ri \u2013 garums 35 cm, platums 35 cm un augstums 6 cmProdukta svars 1,7 kgIzgatavots no eikalipta koka vien\u0101 gabal\u0101P\u0101rkl\u0101ts ar sizala pakl\u0101ju, kas piestiprin\u0101ts ar l\u012bplentiKomplekt\u0101 sienas stiprin\u0101juma materi\u0101ls","og_url":"https:\/\/miumjau.ee\/lv\/produkts\/kaku-plaukts-petrebels-corner-lounge-35-wenge\/","og_site_name":"MiuMjau","article_publisher":"https:\/\/www.facebook.com\/miumjaupood\/","og_image":[{"width":600,"height":800,"url":"https:\/\/miumjau.ee\/wp-content\/uploads\/2023\/12\/tasapind-nurka-cornerlounge351.jpg","type":"image\/jpeg"}],"twitter_card":"summary_large_image","schema":{"@context":"https:\/\/schema.org","@graph":[{"@type":"WebPage","@id":"https:\/\/miumjau.ee\/lv\/produkts\/kaku-plaukts-petrebels-corner-lounge-35-wenge\/","url":"https:\/\/miumjau.ee\/lv\/produkts\/kaku-plaukts-petrebels-corner-lounge-35-wenge\/","name":"Ka\u0137u plaukts Petrebels Corner Lounge 35, wenge - MiuMjau","isPartOf":{"@id":"https:\/\/miumjau.ee\/#website"},"primaryImageOfPage":{"@id":"https:\/\/miumjau.ee\/lv\/produkts\/kaku-plaukts-petrebels-corner-lounge-35-wenge\/#primaryimage"},"image":{"@id":"https:\/\/miumjau.ee\/lv\/produkts\/kaku-plaukts-petrebels-corner-lounge-35-wenge\/#primaryimage"},"thumbnailUrl":"https:\/\/miumjau.ee\/wp-content\/uploads\/2023\/12\/tasapind-nurka-cornerlounge351.jpg","datePublished":"2024-01-05T20:33:15+00:00","breadcrumb":{"@id":"https:\/\/miumjau.ee\/lv\/produkts\/kaku-plaukts-petrebels-corner-lounge-35-wenge\/#breadcrumb"},"inLanguage":"lv-LV","potentialAction":[{"@type":"ReadAction","target":["https:\/\/miumjau.ee\/lv\/produkts\/kaku-plaukts-petrebels-corner-lounge-35-wenge\/"]}]},{"@type":"ImageObject","inLanguage":"lv-LV","@id":"https:\/\/miumjau.ee\/lv\/produkts\/kaku-plaukts-petrebels-corner-lounge-35-wenge\/#primaryimage","url":"https:\/\/miumjau.ee\/wp-content\/uploads\/2023\/12\/tasapind-nurka-cornerlounge351.jpg","contentUrl":"https:\/\/miumjau.ee\/wp-content\/uploads\/2023\/12\/tasapind-nurka-cornerlounge351.jpg","width":600,"height":800},{"@type":"BreadcrumbList","@id":"https:\/\/miumjau.ee\/lv\/produkts\/kaku-plaukts-petrebels-corner-lounge-35-wenge\/#breadcrumb","itemListElement":[{"@type":"ListItem","position":1,"name":"Home","item":"https:\/\/miumjau.ee\/lv\/"},{"@type":"ListItem","position":2,"name":"Veikals","item":"https:\/\/miumjau.ee\/lv\/veikals\/"},{"@type":"ListItem","position":3,"name":"Ka\u0137u plaukts Petrebels Corner Lounge 35, wenge"}]},{"@type":"WebSite","@id":"https:\/\/miumjau.ee\/#website","url":"https:\/\/miumjau.ee\/","name":"MiuMjau","description":"Kraapimispuud kassidele","publisher":{"@id":"https:\/\/miumjau.ee\/#organization"},"potentialAction":[{"@type":"SearchAction","target":{"@type":"EntryPoint","urlTemplate":"https:\/\/miumjau.ee\/?s={search_term_string}"},"query-input":{"@type":"PropertyValueSpecification","valueRequired":true,"valueName":"search_term_string"}}],"inLanguage":"lv-LV"},{"@type":"Organization","@id":"https:\/\/miumjau.ee\/#organization","name":"MiuMjau O\u00dc","url":"https:\/\/miumjau.ee\/","logo":{"@type":"ImageObject","inLanguage":"lv-LV","@id":"https:\/\/miumjau.ee\/#\/schema\/logo\/image\/","url":"https:\/\/miumjau.ee\/wp-content\/uploads\/2022\/04\/MiuMjau-logo-kollane.png","contentUrl":"https:\/\/miumjau.ee\/wp-content\/uploads\/2022\/04\/MiuMjau-logo-kollane.png","width":219,"height":100,"caption":"MiuMjau O\u00dc"},"image":{"@id":"https:\/\/miumjau.ee\/#\/schema\/logo\/image\/"},"sameAs":["https:\/\/www.facebook.com\/miumjaupood\/"]}]}},"_links":{"self":[{"href":"https:\/\/miumjau.ee\/lv\/wp-json\/wp\/v2\/product\/56153","targetHints":{"allow":["GET"]}}],"collection":[{"href":"https:\/\/miumjau.ee\/lv\/wp-json\/wp\/v2\/product"}],"about":[{"href":"https:\/\/miumjau.ee\/lv\/wp-json\/wp\/v2\/types\/product"}],"wp:featuredmedia":[{"embeddable":true,"href":"https:\/\/miumjau.ee\/lv\/wp-json\/wp\/v2\/media\/56154"}],"wp:attachment":[{"href":"https:\/\/miumjau.ee\/lv\/wp-json\/wp\/v2\/media?parent=56153"}],"wp:term":[{"taxonomy":"product_brand","embeddable":true,"href":"https:\/\/miumjau.ee\/lv\/wp-json\/wp\/v2\/product_brand?post=56153"},{"taxonomy":"product_cat","embeddable":true,"href":"https:\/\/miumjau.ee\/lv\/wp-json\/wp\/v2\/product_cat?post=56153"},{"taxonomy":"product_tag","embeddable":true,"href":"https:\/\/miumjau.ee\/lv\/wp-json\/wp\/v2\/product_tag?post=56153"}],"curies":[{"name":"wp","href":"https:\/\/api.w.org\/{rel}","templated":true}]}}