{"id":56125,"date":"2024-01-05T11:48:29","date_gmt":"2024-01-05T09:48:29","guid":{"rendered":"https:\/\/miumjau.ee\/toode\/kaku-skrapesanas-stabs-pie-sienas-petrebels-climb-2080-wenge\/"},"modified":"2024-01-05T11:48:29","modified_gmt":"2024-01-05T09:48:29","slug":"kaku-skrapesanas-stabs-pie-sienas-petrebels-climb-2080-wenge","status":"publish","type":"product","link":"https:\/\/miumjau.ee\/lv\/produkts\/kaku-skrapesanas-stabs-pie-sienas-petrebels-climb-2080-wenge\/","title":{"rendered":"Ka\u0137u skr\u0101p\u0113\u0161anas stabs pie sienas Petrebels Climb 2080, wenge"},"content":{"rendered":"","protected":false},"excerpt":{"rendered":"<p data-start=\"63\" data-end=\"478\">Ka\u0137u skr\u0101p\u0113\u0161anas stabs pie sienas, modelis 2080 no Petrebels, ir \u013coti kvalitat\u012bvs un apmierina j\u016bsu ka\u0137a skr\u0101p\u0113\u0161anas vajadz\u012bbas! Skr\u0101p\u0113\u0161anas stabi ir tr\u012bs da\u017e\u0101dos izm\u0113ros un diametros. Apvienojot elementus, var pie sienas izveidot garu skr\u0101p\u0113\u0161anas\u2013k\u0101p\u0161anas torni, ar kuru, piem\u0113ram, var nok\u013c\u016bt l\u012bdz gu\u013cvietai zem griestiem. Visus elementus var kombin\u0113t p\u0113c savas un ka\u0137a v\u0113lm\u0113m. Ierobe\u017eojums ir tikai j\u016bsu izt\u0113le!<\/p>\n<p data-start=\"480\" data-end=\"1138\">Climb 2080 ir da\u013ca no m\u016bsu Wall of Rebels kolekcijas: \u013coti stil\u012bgu produktu s\u0113rija, lai veidotu savu ka\u0137u sienu. \u0160o skr\u0101p\u0113\u0161anas stabu var stiprin\u0101t pie sienas horizont\u0101li vai vertik\u0101li, un tas ir ide\u0101li piem\u0113rots skr\u0101p\u0113\u0161anai \u2013 un ka\u0137iem tas pat\u012bk! Ta\u010du Climb 2080 sp\u0113j vair\u0101k. \u0160o skr\u0101p\u0113\u0161anas stabu var izmantot ar\u012b k\u0101 savienojumu starp citiem Wall of Rebels produktiem. Piem\u0113ram, piespraudiet to starp Lazy 50 un Scratch skr\u0101p\u0113\u0161anas platformu. Tad j\u016bsu ka\u0137is p\u0113c pusdienas snauda var uzreiz izstiepties un skr\u0101p\u0113t. Papla\u0161iniet savu sienu ar Curve 70 l\u012bkumveida gu\u013cvietu un padariet ka\u0137u sienu interesant\u0101ku, pievienojot tilti\u0146u, k\u0101pnes vai stil\u012bgu Box Bag.<\/p>\n<p data-start=\"1140\" data-end=\"1343\" data-is-last-node=\"\" data-is-only-node=\"\">Tiek p\u0101rdots komplekts ar sienas stiprin\u0101jumiem. Gar\u0101kam skr\u0101p\u0113\u0161anas stabam var ieg\u0101d\u0101ties papildu elementus atsevi\u0161\u0137i.<br data-start=\"1259\" data-end=\"1262\" \/>Izm\u0113ri \u2013 diametrs 20 cm, garums 80 cm<br data-start=\"1299\" data-end=\"1302\" \/>Izgatavots no iztur\u012bgas eikalipta koksnes<\/p>\n","protected":false},"featured_media":56126,"template":"","meta":[],"product_brand":[],"product_cat":[593,573],"product_tag":[],"class_list":{"0":"post-56125","1":"product","2":"type-product","3":"status-publish","4":"has-post-thumbnail","6":"product_cat-kapelesanas-siena-kakiem","7":"product_cat-kaup24-lv","8":"product_shipping_class-pakiautomaati-sobimatu-lv","10":"first","11":"instock","12":"sale","13":"taxable","14":"shipping-taxable","15":"purchasable","16":"product-type-simple"},"yoast_head":"<!-- This site is optimized with the Yoast SEO plugin v27.4 - https:\/\/yoast.com\/product\/yoast-seo-wordpress\/ -->\n<title>Ka\u0137u skr\u0101p\u0113\u0161anas stabs pie sienas Petrebels Climb 2080, wenge - MiuMjau<\/title>\n<meta name=\"robots\" content=\"index, follow, max-snippet:-1, max-image-preview:large, max-video-preview:-1\" \/>\n<link rel=\"canonical\" href=\"https:\/\/miumjau.ee\/lv\/produkts\/kaku-skrapesanas-stabs-pie-sienas-petrebels-climb-2080-wenge\/\" \/>\n<meta property=\"og:locale\" content=\"lv_LV\" \/>\n<meta property=\"og:type\" content=\"article\" \/>\n<meta property=\"og:title\" content=\"Ka\u0137u skr\u0101p\u0113\u0161anas stabs pie sienas Petrebels Climb 2080, wenge - MiuMjau\" \/>\n<meta property=\"og:description\" content=\"Ka\u0137u skr\u0101p\u0113\u0161anas stabs pie sienas, modelis 2080 no Petrebels, ir \u013coti kvalitat\u012bvs un apmierina j\u016bsu ka\u0137a skr\u0101p\u0113\u0161anas vajadz\u012bbas! Skr\u0101p\u0113\u0161anas stabi ir tr\u012bs da\u017e\u0101dos izm\u0113ros un diametros. Apvienojot elementus, var pie sienas izveidot garu skr\u0101p\u0113\u0161anas\u2013k\u0101p\u0161anas torni, ar kuru, piem\u0113ram, var nok\u013c\u016bt l\u012bdz gu\u013cvietai zem griestiem. Visus elementus var kombin\u0113t p\u0113c savas un ka\u0137a v\u0113lm\u0113m. Ierobe\u017eojums ir tikai j\u016bsu izt\u0113le! Climb 2080 ir da\u013ca no m\u016bsu Wall of Rebels kolekcijas: \u013coti stil\u012bgu produktu s\u0113rija, lai veidotu savu ka\u0137u sienu. \u0160o skr\u0101p\u0113\u0161anas stabu var stiprin\u0101t pie sienas horizont\u0101li vai vertik\u0101li, un tas ir ide\u0101li piem\u0113rots skr\u0101p\u0113\u0161anai \u2013 un ka\u0137iem tas pat\u012bk! Ta\u010du Climb 2080 sp\u0113j vair\u0101k. \u0160o skr\u0101p\u0113\u0161anas stabu var izmantot ar\u012b k\u0101 savienojumu starp citiem Wall of Rebels produktiem. Piem\u0113ram, piespraudiet to starp Lazy 50 un Scratch skr\u0101p\u0113\u0161anas platformu. Tad j\u016bsu ka\u0137is p\u0113c pusdienas snauda var uzreiz izstiepties un skr\u0101p\u0113t. Papla\u0161iniet savu sienu ar Curve 70 l\u012bkumveida gu\u013cvietu un padariet ka\u0137u sienu interesant\u0101ku, pievienojot tilti\u0146u, k\u0101pnes vai stil\u012bgu Box Bag. Tiek p\u0101rdots komplekts ar sienas stiprin\u0101jumiem. Gar\u0101kam skr\u0101p\u0113\u0161anas stabam var ieg\u0101d\u0101ties papildu elementus atsevi\u0161\u0137i.Izm\u0113ri \u2013 diametrs 20 cm, garums 80 cmIzgatavots no iztur\u012bgas eikalipta koksnes\" \/>\n<meta property=\"og:url\" content=\"https:\/\/miumjau.ee\/lv\/produkts\/kaku-skrapesanas-stabs-pie-sienas-petrebels-climb-2080-wenge\/\" \/>\n<meta property=\"og:site_name\" content=\"MiuMjau\" \/>\n<meta property=\"article:publisher\" content=\"https:\/\/www.facebook.com\/miumjaupood\/\" \/>\n<meta property=\"og:image\" content=\"https:\/\/miumjau.ee\/wp-content\/uploads\/2023\/12\/kraapimispost-seinale-climb20803.jpg\" \/>\n\t<meta property=\"og:image:width\" content=\"600\" \/>\n\t<meta property=\"og:image:height\" content=\"800\" \/>\n\t<meta property=\"og:image:type\" content=\"image\/jpeg\" \/>\n<meta name=\"twitter:card\" content=\"summary_large_image\" \/>\n<script type=\"application\/ld+json\" class=\"yoast-schema-graph\">{\"@context\":\"https:\\\/\\\/schema.org\",\"@graph\":[{\"@type\":\"WebPage\",\"@id\":\"https:\\\/\\\/miumjau.ee\\\/lv\\\/produkts\\\/kaku-skrapesanas-stabs-pie-sienas-petrebels-climb-2080-wenge\\\/\",\"url\":\"https:\\\/\\\/miumjau.ee\\\/lv\\\/produkts\\\/kaku-skrapesanas-stabs-pie-sienas-petrebels-climb-2080-wenge\\\/\",\"name\":\"Ka\u0137u skr\u0101p\u0113\u0161anas stabs pie sienas Petrebels Climb 2080, wenge - MiuMjau\",\"isPartOf\":{\"@id\":\"https:\\\/\\\/miumjau.ee\\\/#website\"},\"primaryImageOfPage\":{\"@id\":\"https:\\\/\\\/miumjau.ee\\\/lv\\\/produkts\\\/kaku-skrapesanas-stabs-pie-sienas-petrebels-climb-2080-wenge\\\/#primaryimage\"},\"image\":{\"@id\":\"https:\\\/\\\/miumjau.ee\\\/lv\\\/produkts\\\/kaku-skrapesanas-stabs-pie-sienas-petrebels-climb-2080-wenge\\\/#primaryimage\"},\"thumbnailUrl\":\"https:\\\/\\\/miumjau.ee\\\/wp-content\\\/uploads\\\/2023\\\/12\\\/kraapimispost-seinale-climb20803.jpg\",\"datePublished\":\"2024-01-05T09:48:29+00:00\",\"breadcrumb\":{\"@id\":\"https:\\\/\\\/miumjau.ee\\\/lv\\\/produkts\\\/kaku-skrapesanas-stabs-pie-sienas-petrebels-climb-2080-wenge\\\/#breadcrumb\"},\"inLanguage\":\"lv-LV\",\"potentialAction\":[{\"@type\":\"ReadAction\",\"target\":[\"https:\\\/\\\/miumjau.ee\\\/lv\\\/produkts\\\/kaku-skrapesanas-stabs-pie-sienas-petrebels-climb-2080-wenge\\\/\"]}]},{\"@type\":\"ImageObject\",\"inLanguage\":\"lv-LV\",\"@id\":\"https:\\\/\\\/miumjau.ee\\\/lv\\\/produkts\\\/kaku-skrapesanas-stabs-pie-sienas-petrebels-climb-2080-wenge\\\/#primaryimage\",\"url\":\"https:\\\/\\\/miumjau.ee\\\/wp-content\\\/uploads\\\/2023\\\/12\\\/kraapimispost-seinale-climb20803.jpg\",\"contentUrl\":\"https:\\\/\\\/miumjau.ee\\\/wp-content\\\/uploads\\\/2023\\\/12\\\/kraapimispost-seinale-climb20803.jpg\",\"width\":600,\"height\":800},{\"@type\":\"BreadcrumbList\",\"@id\":\"https:\\\/\\\/miumjau.ee\\\/lv\\\/produkts\\\/kaku-skrapesanas-stabs-pie-sienas-petrebels-climb-2080-wenge\\\/#breadcrumb\",\"itemListElement\":[{\"@type\":\"ListItem\",\"position\":1,\"name\":\"Home\",\"item\":\"https:\\\/\\\/miumjau.ee\\\/lv\\\/\"},{\"@type\":\"ListItem\",\"position\":2,\"name\":\"Veikals\",\"item\":\"https:\\\/\\\/miumjau.ee\\\/lv\\\/veikals\\\/\"},{\"@type\":\"ListItem\",\"position\":3,\"name\":\"Ka\u0137u skr\u0101p\u0113\u0161anas stabs pie sienas Petrebels Climb 2080, wenge\"}]},{\"@type\":\"WebSite\",\"@id\":\"https:\\\/\\\/miumjau.ee\\\/#website\",\"url\":\"https:\\\/\\\/miumjau.ee\\\/\",\"name\":\"MiuMjau\",\"description\":\"Kraapimispuud kassidele\",\"publisher\":{\"@id\":\"https:\\\/\\\/miumjau.ee\\\/#organization\"},\"potentialAction\":[{\"@type\":\"SearchAction\",\"target\":{\"@type\":\"EntryPoint\",\"urlTemplate\":\"https:\\\/\\\/miumjau.ee\\\/?s={search_term_string}\"},\"query-input\":{\"@type\":\"PropertyValueSpecification\",\"valueRequired\":true,\"valueName\":\"search_term_string\"}}],\"inLanguage\":\"lv-LV\"},{\"@type\":\"Organization\",\"@id\":\"https:\\\/\\\/miumjau.ee\\\/#organization\",\"name\":\"MiuMjau O\u00dc\",\"url\":\"https:\\\/\\\/miumjau.ee\\\/\",\"logo\":{\"@type\":\"ImageObject\",\"inLanguage\":\"lv-LV\",\"@id\":\"https:\\\/\\\/miumjau.ee\\\/#\\\/schema\\\/logo\\\/image\\\/\",\"url\":\"https:\\\/\\\/miumjau.ee\\\/wp-content\\\/uploads\\\/2022\\\/04\\\/MiuMjau-logo-kollane.png\",\"contentUrl\":\"https:\\\/\\\/miumjau.ee\\\/wp-content\\\/uploads\\\/2022\\\/04\\\/MiuMjau-logo-kollane.png\",\"width\":219,\"height\":100,\"caption\":\"MiuMjau O\u00dc\"},\"image\":{\"@id\":\"https:\\\/\\\/miumjau.ee\\\/#\\\/schema\\\/logo\\\/image\\\/\"},\"sameAs\":[\"https:\\\/\\\/www.facebook.com\\\/miumjaupood\\\/\"]}]}<\/script>\n<!-- \/ Yoast SEO plugin. -->","yoast_head_json":{"title":"Ka\u0137u skr\u0101p\u0113\u0161anas stabs pie sienas Petrebels Climb 2080, wenge - MiuMjau","robots":{"index":"index","follow":"follow","max-snippet":"max-snippet:-1","max-image-preview":"max-image-preview:large","max-video-preview":"max-video-preview:-1"},"canonical":"https:\/\/miumjau.ee\/lv\/produkts\/kaku-skrapesanas-stabs-pie-sienas-petrebels-climb-2080-wenge\/","og_locale":"lv_LV","og_type":"article","og_title":"Ka\u0137u skr\u0101p\u0113\u0161anas stabs pie sienas Petrebels Climb 2080, wenge - MiuMjau","og_description":"Ka\u0137u skr\u0101p\u0113\u0161anas stabs pie sienas, modelis 2080 no Petrebels, ir \u013coti kvalitat\u012bvs un apmierina j\u016bsu ka\u0137a skr\u0101p\u0113\u0161anas vajadz\u012bbas! Skr\u0101p\u0113\u0161anas stabi ir tr\u012bs da\u017e\u0101dos izm\u0113ros un diametros. Apvienojot elementus, var pie sienas izveidot garu skr\u0101p\u0113\u0161anas\u2013k\u0101p\u0161anas torni, ar kuru, piem\u0113ram, var nok\u013c\u016bt l\u012bdz gu\u013cvietai zem griestiem. Visus elementus var kombin\u0113t p\u0113c savas un ka\u0137a v\u0113lm\u0113m. Ierobe\u017eojums ir tikai j\u016bsu izt\u0113le! Climb 2080 ir da\u013ca no m\u016bsu Wall of Rebels kolekcijas: \u013coti stil\u012bgu produktu s\u0113rija, lai veidotu savu ka\u0137u sienu. \u0160o skr\u0101p\u0113\u0161anas stabu var stiprin\u0101t pie sienas horizont\u0101li vai vertik\u0101li, un tas ir ide\u0101li piem\u0113rots skr\u0101p\u0113\u0161anai \u2013 un ka\u0137iem tas pat\u012bk! Ta\u010du Climb 2080 sp\u0113j vair\u0101k. \u0160o skr\u0101p\u0113\u0161anas stabu var izmantot ar\u012b k\u0101 savienojumu starp citiem Wall of Rebels produktiem. Piem\u0113ram, piespraudiet to starp Lazy 50 un Scratch skr\u0101p\u0113\u0161anas platformu. Tad j\u016bsu ka\u0137is p\u0113c pusdienas snauda var uzreiz izstiepties un skr\u0101p\u0113t. Papla\u0161iniet savu sienu ar Curve 70 l\u012bkumveida gu\u013cvietu un padariet ka\u0137u sienu interesant\u0101ku, pievienojot tilti\u0146u, k\u0101pnes vai stil\u012bgu Box Bag. Tiek p\u0101rdots komplekts ar sienas stiprin\u0101jumiem. Gar\u0101kam skr\u0101p\u0113\u0161anas stabam var ieg\u0101d\u0101ties papildu elementus atsevi\u0161\u0137i.Izm\u0113ri \u2013 diametrs 20 cm, garums 80 cmIzgatavots no iztur\u012bgas eikalipta koksnes","og_url":"https:\/\/miumjau.ee\/lv\/produkts\/kaku-skrapesanas-stabs-pie-sienas-petrebels-climb-2080-wenge\/","og_site_name":"MiuMjau","article_publisher":"https:\/\/www.facebook.com\/miumjaupood\/","og_image":[{"width":600,"height":800,"url":"https:\/\/miumjau.ee\/wp-content\/uploads\/2023\/12\/kraapimispost-seinale-climb20803.jpg","type":"image\/jpeg"}],"twitter_card":"summary_large_image","schema":{"@context":"https:\/\/schema.org","@graph":[{"@type":"WebPage","@id":"https:\/\/miumjau.ee\/lv\/produkts\/kaku-skrapesanas-stabs-pie-sienas-petrebels-climb-2080-wenge\/","url":"https:\/\/miumjau.ee\/lv\/produkts\/kaku-skrapesanas-stabs-pie-sienas-petrebels-climb-2080-wenge\/","name":"Ka\u0137u skr\u0101p\u0113\u0161anas stabs pie sienas Petrebels Climb 2080, wenge - MiuMjau","isPartOf":{"@id":"https:\/\/miumjau.ee\/#website"},"primaryImageOfPage":{"@id":"https:\/\/miumjau.ee\/lv\/produkts\/kaku-skrapesanas-stabs-pie-sienas-petrebels-climb-2080-wenge\/#primaryimage"},"image":{"@id":"https:\/\/miumjau.ee\/lv\/produkts\/kaku-skrapesanas-stabs-pie-sienas-petrebels-climb-2080-wenge\/#primaryimage"},"thumbnailUrl":"https:\/\/miumjau.ee\/wp-content\/uploads\/2023\/12\/kraapimispost-seinale-climb20803.jpg","datePublished":"2024-01-05T09:48:29+00:00","breadcrumb":{"@id":"https:\/\/miumjau.ee\/lv\/produkts\/kaku-skrapesanas-stabs-pie-sienas-petrebels-climb-2080-wenge\/#breadcrumb"},"inLanguage":"lv-LV","potentialAction":[{"@type":"ReadAction","target":["https:\/\/miumjau.ee\/lv\/produkts\/kaku-skrapesanas-stabs-pie-sienas-petrebels-climb-2080-wenge\/"]}]},{"@type":"ImageObject","inLanguage":"lv-LV","@id":"https:\/\/miumjau.ee\/lv\/produkts\/kaku-skrapesanas-stabs-pie-sienas-petrebels-climb-2080-wenge\/#primaryimage","url":"https:\/\/miumjau.ee\/wp-content\/uploads\/2023\/12\/kraapimispost-seinale-climb20803.jpg","contentUrl":"https:\/\/miumjau.ee\/wp-content\/uploads\/2023\/12\/kraapimispost-seinale-climb20803.jpg","width":600,"height":800},{"@type":"BreadcrumbList","@id":"https:\/\/miumjau.ee\/lv\/produkts\/kaku-skrapesanas-stabs-pie-sienas-petrebels-climb-2080-wenge\/#breadcrumb","itemListElement":[{"@type":"ListItem","position":1,"name":"Home","item":"https:\/\/miumjau.ee\/lv\/"},{"@type":"ListItem","position":2,"name":"Veikals","item":"https:\/\/miumjau.ee\/lv\/veikals\/"},{"@type":"ListItem","position":3,"name":"Ka\u0137u skr\u0101p\u0113\u0161anas stabs pie sienas Petrebels Climb 2080, wenge"}]},{"@type":"WebSite","@id":"https:\/\/miumjau.ee\/#website","url":"https:\/\/miumjau.ee\/","name":"MiuMjau","description":"Kraapimispuud kassidele","publisher":{"@id":"https:\/\/miumjau.ee\/#organization"},"potentialAction":[{"@type":"SearchAction","target":{"@type":"EntryPoint","urlTemplate":"https:\/\/miumjau.ee\/?s={search_term_string}"},"query-input":{"@type":"PropertyValueSpecification","valueRequired":true,"valueName":"search_term_string"}}],"inLanguage":"lv-LV"},{"@type":"Organization","@id":"https:\/\/miumjau.ee\/#organization","name":"MiuMjau O\u00dc","url":"https:\/\/miumjau.ee\/","logo":{"@type":"ImageObject","inLanguage":"lv-LV","@id":"https:\/\/miumjau.ee\/#\/schema\/logo\/image\/","url":"https:\/\/miumjau.ee\/wp-content\/uploads\/2022\/04\/MiuMjau-logo-kollane.png","contentUrl":"https:\/\/miumjau.ee\/wp-content\/uploads\/2022\/04\/MiuMjau-logo-kollane.png","width":219,"height":100,"caption":"MiuMjau O\u00dc"},"image":{"@id":"https:\/\/miumjau.ee\/#\/schema\/logo\/image\/"},"sameAs":["https:\/\/www.facebook.com\/miumjaupood\/"]}]}},"_links":{"self":[{"href":"https:\/\/miumjau.ee\/lv\/wp-json\/wp\/v2\/product\/56125","targetHints":{"allow":["GET"]}}],"collection":[{"href":"https:\/\/miumjau.ee\/lv\/wp-json\/wp\/v2\/product"}],"about":[{"href":"https:\/\/miumjau.ee\/lv\/wp-json\/wp\/v2\/types\/product"}],"wp:featuredmedia":[{"embeddable":true,"href":"https:\/\/miumjau.ee\/lv\/wp-json\/wp\/v2\/media\/56126"}],"wp:attachment":[{"href":"https:\/\/miumjau.ee\/lv\/wp-json\/wp\/v2\/media?parent=56125"}],"wp:term":[{"taxonomy":"product_brand","embeddable":true,"href":"https:\/\/miumjau.ee\/lv\/wp-json\/wp\/v2\/product_brand?post=56125"},{"taxonomy":"product_cat","embeddable":true,"href":"https:\/\/miumjau.ee\/lv\/wp-json\/wp\/v2\/product_cat?post=56125"},{"taxonomy":"product_tag","embeddable":true,"href":"https:\/\/miumjau.ee\/lv\/wp-json\/wp\/v2\/product_tag?post=56125"}],"curies":[{"name":"wp","href":"https:\/\/api.w.org\/{rel}","templated":true}]}}