{"id":56084,"date":"2024-01-05T11:01:17","date_gmt":"2024-01-05T09:01:17","guid":{"rendered":"https:\/\/miumjau.ee\/toode\/sienas-gulvieta-petrebels-hang-round-1548-old-grey\/"},"modified":"2024-01-05T11:01:17","modified_gmt":"2024-01-05T09:01:17","slug":"sienas-gulvieta-petrebels-hang-round-1548-old-grey","status":"publish","type":"product","link":"https:\/\/miumjau.ee\/lv\/produkts\/sienas-gulvieta-petrebels-hang-round-1548-old-grey\/","title":{"rendered":"Sienas gu\u013cvieta Petrebels Hang Round 1548, old grey"},"content":{"rendered":"","protected":false},"excerpt":{"rendered":"<p data-start=\"54\" data-end=\"334\">Ka\u0137u gu\u013cvieta modelis 1548 no Petrebels ir paredz\u0113ta pie sienas stiprin\u0101\u0161anai un ir da\u013ca no liel\u0101s Wall of Rebels kolekcijas. Izmantojiet izt\u0113li un izveidojiet savam ka\u0137im sap\u0146u k\u0101p\u0161anas sienu, izmantojot elementus, kas jums pat\u012bk un vienlaikus ir praktiski un nepiecie\u0161ami ka\u0137im.<\/p>\n<p data-start=\"336\" data-end=\"767\">\u0160\u012b mode\u013ca priek\u0161roc\u012bba ir t\u0101da, ka gu\u013cvietas p\u0101rvalks ir no\u0146emams ar r\u0101v\u0113jsl\u0113dz\u0113ju un to var mazg\u0101t ve\u013cas ma\u0161\u012bn\u0101. Tas iev\u0113rojami pagarina produkta kalpo\u0161anas ilgumu. Ka\u0137i m\u012bl atp\u016bsties m\u012bkst\u0101 gu\u013cviet\u0101. K\u0101p\u0113c t\u0113r\u0113t gr\u012bdas vietu, ja var pie sienas izveidot \u012bstu piedz\u012bvojumu parku, izmantojot da\u017e\u0101dus elementus. P\u0101rliecinieties, ka ka\u0137im ir \u0113rtas piek\u013cuves iesp\u0113jas l\u012bdz gu\u013cvietai, izmantojot papildus pak\u0101pienus, k\u0101pnes, trepes utt.<\/p>\n<p data-start=\"769\" data-end=\"971\" data-is-last-node=\"\" data-is-only-node=\"\">Izm\u0113ri \u2013 diametrs 48 cm, augstums 6 cm<br data-start=\"807\" data-end=\"810\" \/>Komplekt\u0101 iek\u013cauti Disc 15 un Hold 15, lai stiprin\u0101tu pie sienas un nodro\u0161in\u0101tu produkta stabilit\u0101ti un iztur\u012bbu. Viss nepiecie\u0161amais stiprin\u0101\u0161anai ir komplekt\u0101!<\/p>\n","protected":false},"featured_media":56085,"template":"","meta":[],"product_brand":[],"product_cat":[593,573],"product_tag":[],"class_list":{"0":"post-56084","1":"product","2":"type-product","3":"status-publish","4":"has-post-thumbnail","6":"product_cat-kapelesanas-siena-kakiem","7":"product_cat-kaup24-lv","8":"product_shipping_class-pakiautomaati-sobimatu-lv","10":"first","11":"instock","12":"sale","13":"taxable","14":"shipping-taxable","15":"purchasable","16":"product-type-simple"},"yoast_head":"<!-- This site is optimized with the Yoast SEO plugin v27.4 - https:\/\/yoast.com\/product\/yoast-seo-wordpress\/ -->\n<title>Sienas gu\u013cvieta Petrebels Hang Round 1548, old grey - MiuMjau<\/title>\n<meta name=\"robots\" content=\"index, follow, max-snippet:-1, max-image-preview:large, max-video-preview:-1\" \/>\n<link rel=\"canonical\" href=\"https:\/\/miumjau.ee\/lv\/produkts\/sienas-gulvieta-petrebels-hang-round-1548-old-grey\/\" \/>\n<meta property=\"og:locale\" content=\"lv_LV\" \/>\n<meta property=\"og:type\" content=\"article\" \/>\n<meta property=\"og:title\" content=\"Sienas gu\u013cvieta Petrebels Hang Round 1548, old grey - MiuMjau\" \/>\n<meta property=\"og:description\" content=\"Ka\u0137u gu\u013cvieta modelis 1548 no Petrebels ir paredz\u0113ta pie sienas stiprin\u0101\u0161anai un ir da\u013ca no liel\u0101s Wall of Rebels kolekcijas. Izmantojiet izt\u0113li un izveidojiet savam ka\u0137im sap\u0146u k\u0101p\u0161anas sienu, izmantojot elementus, kas jums pat\u012bk un vienlaikus ir praktiski un nepiecie\u0161ami ka\u0137im. \u0160\u012b mode\u013ca priek\u0161roc\u012bba ir t\u0101da, ka gu\u013cvietas p\u0101rvalks ir no\u0146emams ar r\u0101v\u0113jsl\u0113dz\u0113ju un to var mazg\u0101t ve\u013cas ma\u0161\u012bn\u0101. Tas iev\u0113rojami pagarina produkta kalpo\u0161anas ilgumu. Ka\u0137i m\u012bl atp\u016bsties m\u012bkst\u0101 gu\u013cviet\u0101. K\u0101p\u0113c t\u0113r\u0113t gr\u012bdas vietu, ja var pie sienas izveidot \u012bstu piedz\u012bvojumu parku, izmantojot da\u017e\u0101dus elementus. P\u0101rliecinieties, ka ka\u0137im ir \u0113rtas piek\u013cuves iesp\u0113jas l\u012bdz gu\u013cvietai, izmantojot papildus pak\u0101pienus, k\u0101pnes, trepes utt. Izm\u0113ri \u2013 diametrs 48 cm, augstums 6 cmKomplekt\u0101 iek\u013cauti Disc 15 un Hold 15, lai stiprin\u0101tu pie sienas un nodro\u0161in\u0101tu produkta stabilit\u0101ti un iztur\u012bbu. Viss nepiecie\u0161amais stiprin\u0101\u0161anai ir komplekt\u0101!\" \/>\n<meta property=\"og:url\" content=\"https:\/\/miumjau.ee\/lv\/produkts\/sienas-gulvieta-petrebels-hang-round-1548-old-grey\/\" \/>\n<meta property=\"og:site_name\" content=\"MiuMjau\" \/>\n<meta property=\"article:publisher\" content=\"https:\/\/www.facebook.com\/miumjaupood\/\" \/>\n<meta property=\"og:image\" content=\"https:\/\/miumjau.ee\/wp-content\/uploads\/2024\/01\/kassi-pesa-hang-round-154814.jpg\" \/>\n\t<meta property=\"og:image:width\" content=\"600\" \/>\n\t<meta property=\"og:image:height\" content=\"800\" \/>\n\t<meta property=\"og:image:type\" content=\"image\/jpeg\" \/>\n<meta name=\"twitter:card\" content=\"summary_large_image\" \/>\n<script type=\"application\/ld+json\" class=\"yoast-schema-graph\">{\"@context\":\"https:\\\/\\\/schema.org\",\"@graph\":[{\"@type\":\"WebPage\",\"@id\":\"https:\\\/\\\/miumjau.ee\\\/lv\\\/produkts\\\/sienas-gulvieta-petrebels-hang-round-1548-old-grey\\\/\",\"url\":\"https:\\\/\\\/miumjau.ee\\\/lv\\\/produkts\\\/sienas-gulvieta-petrebels-hang-round-1548-old-grey\\\/\",\"name\":\"Sienas gu\u013cvieta Petrebels Hang Round 1548, old grey - MiuMjau\",\"isPartOf\":{\"@id\":\"https:\\\/\\\/miumjau.ee\\\/#website\"},\"primaryImageOfPage\":{\"@id\":\"https:\\\/\\\/miumjau.ee\\\/lv\\\/produkts\\\/sienas-gulvieta-petrebels-hang-round-1548-old-grey\\\/#primaryimage\"},\"image\":{\"@id\":\"https:\\\/\\\/miumjau.ee\\\/lv\\\/produkts\\\/sienas-gulvieta-petrebels-hang-round-1548-old-grey\\\/#primaryimage\"},\"thumbnailUrl\":\"https:\\\/\\\/miumjau.ee\\\/wp-content\\\/uploads\\\/2024\\\/01\\\/kassi-pesa-hang-round-154814.jpg\",\"datePublished\":\"2024-01-05T09:01:17+00:00\",\"breadcrumb\":{\"@id\":\"https:\\\/\\\/miumjau.ee\\\/lv\\\/produkts\\\/sienas-gulvieta-petrebels-hang-round-1548-old-grey\\\/#breadcrumb\"},\"inLanguage\":\"lv-LV\",\"potentialAction\":[{\"@type\":\"ReadAction\",\"target\":[\"https:\\\/\\\/miumjau.ee\\\/lv\\\/produkts\\\/sienas-gulvieta-petrebels-hang-round-1548-old-grey\\\/\"]}]},{\"@type\":\"ImageObject\",\"inLanguage\":\"lv-LV\",\"@id\":\"https:\\\/\\\/miumjau.ee\\\/lv\\\/produkts\\\/sienas-gulvieta-petrebels-hang-round-1548-old-grey\\\/#primaryimage\",\"url\":\"https:\\\/\\\/miumjau.ee\\\/wp-content\\\/uploads\\\/2024\\\/01\\\/kassi-pesa-hang-round-154814.jpg\",\"contentUrl\":\"https:\\\/\\\/miumjau.ee\\\/wp-content\\\/uploads\\\/2024\\\/01\\\/kassi-pesa-hang-round-154814.jpg\",\"width\":600,\"height\":800},{\"@type\":\"BreadcrumbList\",\"@id\":\"https:\\\/\\\/miumjau.ee\\\/lv\\\/produkts\\\/sienas-gulvieta-petrebels-hang-round-1548-old-grey\\\/#breadcrumb\",\"itemListElement\":[{\"@type\":\"ListItem\",\"position\":1,\"name\":\"Home\",\"item\":\"https:\\\/\\\/miumjau.ee\\\/lv\\\/\"},{\"@type\":\"ListItem\",\"position\":2,\"name\":\"Veikals\",\"item\":\"https:\\\/\\\/miumjau.ee\\\/lv\\\/veikals\\\/\"},{\"@type\":\"ListItem\",\"position\":3,\"name\":\"Sienas gu\u013cvieta Petrebels Hang Round 1548, old grey\"}]},{\"@type\":\"WebSite\",\"@id\":\"https:\\\/\\\/miumjau.ee\\\/#website\",\"url\":\"https:\\\/\\\/miumjau.ee\\\/\",\"name\":\"MiuMjau\",\"description\":\"Kraapimispuud kassidele\",\"publisher\":{\"@id\":\"https:\\\/\\\/miumjau.ee\\\/#organization\"},\"potentialAction\":[{\"@type\":\"SearchAction\",\"target\":{\"@type\":\"EntryPoint\",\"urlTemplate\":\"https:\\\/\\\/miumjau.ee\\\/?s={search_term_string}\"},\"query-input\":{\"@type\":\"PropertyValueSpecification\",\"valueRequired\":true,\"valueName\":\"search_term_string\"}}],\"inLanguage\":\"lv-LV\"},{\"@type\":\"Organization\",\"@id\":\"https:\\\/\\\/miumjau.ee\\\/#organization\",\"name\":\"MiuMjau O\u00dc\",\"url\":\"https:\\\/\\\/miumjau.ee\\\/\",\"logo\":{\"@type\":\"ImageObject\",\"inLanguage\":\"lv-LV\",\"@id\":\"https:\\\/\\\/miumjau.ee\\\/#\\\/schema\\\/logo\\\/image\\\/\",\"url\":\"https:\\\/\\\/miumjau.ee\\\/wp-content\\\/uploads\\\/2022\\\/04\\\/MiuMjau-logo-kollane.png\",\"contentUrl\":\"https:\\\/\\\/miumjau.ee\\\/wp-content\\\/uploads\\\/2022\\\/04\\\/MiuMjau-logo-kollane.png\",\"width\":219,\"height\":100,\"caption\":\"MiuMjau O\u00dc\"},\"image\":{\"@id\":\"https:\\\/\\\/miumjau.ee\\\/#\\\/schema\\\/logo\\\/image\\\/\"},\"sameAs\":[\"https:\\\/\\\/www.facebook.com\\\/miumjaupood\\\/\"]}]}<\/script>\n<!-- \/ Yoast SEO plugin. -->","yoast_head_json":{"title":"Sienas gu\u013cvieta Petrebels Hang Round 1548, old grey - MiuMjau","robots":{"index":"index","follow":"follow","max-snippet":"max-snippet:-1","max-image-preview":"max-image-preview:large","max-video-preview":"max-video-preview:-1"},"canonical":"https:\/\/miumjau.ee\/lv\/produkts\/sienas-gulvieta-petrebels-hang-round-1548-old-grey\/","og_locale":"lv_LV","og_type":"article","og_title":"Sienas gu\u013cvieta Petrebels Hang Round 1548, old grey - MiuMjau","og_description":"Ka\u0137u gu\u013cvieta modelis 1548 no Petrebels ir paredz\u0113ta pie sienas stiprin\u0101\u0161anai un ir da\u013ca no liel\u0101s Wall of Rebels kolekcijas. Izmantojiet izt\u0113li un izveidojiet savam ka\u0137im sap\u0146u k\u0101p\u0161anas sienu, izmantojot elementus, kas jums pat\u012bk un vienlaikus ir praktiski un nepiecie\u0161ami ka\u0137im. \u0160\u012b mode\u013ca priek\u0161roc\u012bba ir t\u0101da, ka gu\u013cvietas p\u0101rvalks ir no\u0146emams ar r\u0101v\u0113jsl\u0113dz\u0113ju un to var mazg\u0101t ve\u013cas ma\u0161\u012bn\u0101. Tas iev\u0113rojami pagarina produkta kalpo\u0161anas ilgumu. Ka\u0137i m\u012bl atp\u016bsties m\u012bkst\u0101 gu\u013cviet\u0101. K\u0101p\u0113c t\u0113r\u0113t gr\u012bdas vietu, ja var pie sienas izveidot \u012bstu piedz\u012bvojumu parku, izmantojot da\u017e\u0101dus elementus. P\u0101rliecinieties, ka ka\u0137im ir \u0113rtas piek\u013cuves iesp\u0113jas l\u012bdz gu\u013cvietai, izmantojot papildus pak\u0101pienus, k\u0101pnes, trepes utt. Izm\u0113ri \u2013 diametrs 48 cm, augstums 6 cmKomplekt\u0101 iek\u013cauti Disc 15 un Hold 15, lai stiprin\u0101tu pie sienas un nodro\u0161in\u0101tu produkta stabilit\u0101ti un iztur\u012bbu. Viss nepiecie\u0161amais stiprin\u0101\u0161anai ir komplekt\u0101!","og_url":"https:\/\/miumjau.ee\/lv\/produkts\/sienas-gulvieta-petrebels-hang-round-1548-old-grey\/","og_site_name":"MiuMjau","article_publisher":"https:\/\/www.facebook.com\/miumjaupood\/","og_image":[{"width":600,"height":800,"url":"https:\/\/miumjau.ee\/wp-content\/uploads\/2024\/01\/kassi-pesa-hang-round-154814.jpg","type":"image\/jpeg"}],"twitter_card":"summary_large_image","schema":{"@context":"https:\/\/schema.org","@graph":[{"@type":"WebPage","@id":"https:\/\/miumjau.ee\/lv\/produkts\/sienas-gulvieta-petrebels-hang-round-1548-old-grey\/","url":"https:\/\/miumjau.ee\/lv\/produkts\/sienas-gulvieta-petrebels-hang-round-1548-old-grey\/","name":"Sienas gu\u013cvieta Petrebels Hang Round 1548, old grey - MiuMjau","isPartOf":{"@id":"https:\/\/miumjau.ee\/#website"},"primaryImageOfPage":{"@id":"https:\/\/miumjau.ee\/lv\/produkts\/sienas-gulvieta-petrebels-hang-round-1548-old-grey\/#primaryimage"},"image":{"@id":"https:\/\/miumjau.ee\/lv\/produkts\/sienas-gulvieta-petrebels-hang-round-1548-old-grey\/#primaryimage"},"thumbnailUrl":"https:\/\/miumjau.ee\/wp-content\/uploads\/2024\/01\/kassi-pesa-hang-round-154814.jpg","datePublished":"2024-01-05T09:01:17+00:00","breadcrumb":{"@id":"https:\/\/miumjau.ee\/lv\/produkts\/sienas-gulvieta-petrebels-hang-round-1548-old-grey\/#breadcrumb"},"inLanguage":"lv-LV","potentialAction":[{"@type":"ReadAction","target":["https:\/\/miumjau.ee\/lv\/produkts\/sienas-gulvieta-petrebels-hang-round-1548-old-grey\/"]}]},{"@type":"ImageObject","inLanguage":"lv-LV","@id":"https:\/\/miumjau.ee\/lv\/produkts\/sienas-gulvieta-petrebels-hang-round-1548-old-grey\/#primaryimage","url":"https:\/\/miumjau.ee\/wp-content\/uploads\/2024\/01\/kassi-pesa-hang-round-154814.jpg","contentUrl":"https:\/\/miumjau.ee\/wp-content\/uploads\/2024\/01\/kassi-pesa-hang-round-154814.jpg","width":600,"height":800},{"@type":"BreadcrumbList","@id":"https:\/\/miumjau.ee\/lv\/produkts\/sienas-gulvieta-petrebels-hang-round-1548-old-grey\/#breadcrumb","itemListElement":[{"@type":"ListItem","position":1,"name":"Home","item":"https:\/\/miumjau.ee\/lv\/"},{"@type":"ListItem","position":2,"name":"Veikals","item":"https:\/\/miumjau.ee\/lv\/veikals\/"},{"@type":"ListItem","position":3,"name":"Sienas gu\u013cvieta Petrebels Hang Round 1548, old grey"}]},{"@type":"WebSite","@id":"https:\/\/miumjau.ee\/#website","url":"https:\/\/miumjau.ee\/","name":"MiuMjau","description":"Kraapimispuud kassidele","publisher":{"@id":"https:\/\/miumjau.ee\/#organization"},"potentialAction":[{"@type":"SearchAction","target":{"@type":"EntryPoint","urlTemplate":"https:\/\/miumjau.ee\/?s={search_term_string}"},"query-input":{"@type":"PropertyValueSpecification","valueRequired":true,"valueName":"search_term_string"}}],"inLanguage":"lv-LV"},{"@type":"Organization","@id":"https:\/\/miumjau.ee\/#organization","name":"MiuMjau O\u00dc","url":"https:\/\/miumjau.ee\/","logo":{"@type":"ImageObject","inLanguage":"lv-LV","@id":"https:\/\/miumjau.ee\/#\/schema\/logo\/image\/","url":"https:\/\/miumjau.ee\/wp-content\/uploads\/2022\/04\/MiuMjau-logo-kollane.png","contentUrl":"https:\/\/miumjau.ee\/wp-content\/uploads\/2022\/04\/MiuMjau-logo-kollane.png","width":219,"height":100,"caption":"MiuMjau O\u00dc"},"image":{"@id":"https:\/\/miumjau.ee\/#\/schema\/logo\/image\/"},"sameAs":["https:\/\/www.facebook.com\/miumjaupood\/"]}]}},"_links":{"self":[{"href":"https:\/\/miumjau.ee\/lv\/wp-json\/wp\/v2\/product\/56084","targetHints":{"allow":["GET"]}}],"collection":[{"href":"https:\/\/miumjau.ee\/lv\/wp-json\/wp\/v2\/product"}],"about":[{"href":"https:\/\/miumjau.ee\/lv\/wp-json\/wp\/v2\/types\/product"}],"wp:featuredmedia":[{"embeddable":true,"href":"https:\/\/miumjau.ee\/lv\/wp-json\/wp\/v2\/media\/56085"}],"wp:attachment":[{"href":"https:\/\/miumjau.ee\/lv\/wp-json\/wp\/v2\/media?parent=56084"}],"wp:term":[{"taxonomy":"product_brand","embeddable":true,"href":"https:\/\/miumjau.ee\/lv\/wp-json\/wp\/v2\/product_brand?post=56084"},{"taxonomy":"product_cat","embeddable":true,"href":"https:\/\/miumjau.ee\/lv\/wp-json\/wp\/v2\/product_cat?post=56084"},{"taxonomy":"product_tag","embeddable":true,"href":"https:\/\/miumjau.ee\/lv\/wp-json\/wp\/v2\/product_tag?post=56084"}],"curies":[{"name":"wp","href":"https:\/\/api.w.org\/{rel}","templated":true}]}}